{"id":4198,"date":"2026-04-16T17:43:42","date_gmt":"2026-04-16T17:43:42","guid":{"rendered":"https:\/\/fashionuniversum.com\/?post_type=product&#038;p=4198"},"modified":"2026-04-16T17:45:31","modified_gmt":"2026-04-16T17:45:31","slug":"olavoga-lift-rovidnadrag","status":"publish","type":"product","link":"https:\/\/fashionuniversum.com\/?product=olavoga-lift-rovidnadrag","title":{"rendered":"OLAVOGA LIFT r\u00f6vidnadr\u00e1g"},"content":{"rendered":"<div class=\"Y3BBE\" data-sfc-cp=\"\" data-sfc-root=\"c\" data-sfc-cb=\"\" data-hveid=\"CAEIAxAA\" data-complete=\"true\" data-processed=\"true\">\u2728 <strong class=\"Yjhzub\" data-sfc-root=\"c\" data-sfc-cb=\"\" data-complete=\"true\" data-processed=\"true\">OLAVOGA LIFT r\u00f6vidnadr\u00e1g \u2013 AZ ALAKFORM\u00c1L\u00c1S \u00c9S A K\u00c9NYELEM MESTERE<\/strong> \u2728<\/div>\n<div data-sfc-cp=\"\" data-sfc-root=\"c\" data-sfc-cb=\"\" data-hveid=\"CAEIAxAA\" data-complete=\"true\" data-processed=\"true\"><\/div>\n<div class=\"Y3BBE\" data-sfc-cp=\"\" data-sfc-root=\"c\" data-sfc-cb=\"\" data-hveid=\"CAEIBBAA\" data-processed=\"true\" data-complete=\"true\">Emeld ki a vonalaidat az <strong class=\"Yjhzub\" data-sfc-root=\"c\" data-sfc-cb=\"\" data-complete=\"true\" data-processed=\"true\">OLAVOGA LIFT<\/strong> r\u00f6vidnadr\u00e1ggal, amely a sportos funkcionalit\u00e1st \u00f6tv\u00f6zi a szexi, magabiztos megjelen\u00e9ssel! \ud83d\udc8e Ez a <strong class=\"Yjhzub\" data-sfc-root=\"c\" data-sfc-cb=\"\" data-complete=\"true\" data-processed=\"true\">Fashion Universum<\/strong> k\u00edn\u00e1lat\u00e1ban el\u00e9rhet\u0151 darab speci\u00e1lis kialak\u00edt\u00e1s\u00e1nak k\u00f6sz\u00f6nhet\u0151en nemcsak tart\u00e1st ad, hanem vizu\u00e1lisan is form\u00e1lja az alakot, hogy minden pillanatban magabiztosnak \u00e9rezd magad.<\/div>\n<div class=\"Y3BBE\" data-sfc-cp=\"\" data-sfc-root=\"c\" data-sfc-cb=\"\" data-hveid=\"CAEIBRAA\" data-complete=\"true\" data-processed=\"true\"><strong class=\"Yjhzub\" data-sfc-root=\"c\" data-sfc-cb=\"\" data-complete=\"true\" data-processed=\"true\">Mi\u00e9rt fogod im\u00e1dni a LIFT r\u00f6vidnadr\u00e1got?<\/strong><\/div>\n<ul class=\"KsbFXc U6u95\" data-sfc-root=\"c\" data-sfc-cb=\"\" data-complete=\"true\" data-processed=\"true\">\n<li class=\"dF3vjf\" data-sfc-root=\"c\" data-sfc-cb=\"\" data-hveid=\"CAEIBhAA\" data-complete=\"true\" data-sae=\"\"><span class=\"T286Pc\" data-sfc-cp=\"\" data-sfc-root=\"c\" data-sfc-cb=\"\" data-complete=\"true\"><strong class=\"Yjhzub\" data-sfc-root=\"c\" data-sfc-cb=\"\" data-complete=\"true\">Push-Up Technol\u00f3gia:<\/strong> A k\u00fcl\u00f6nleges varr\u00e1svonalak \u00e9s az anyag rugalmass\u00e1ga l\u00e1tv\u00e1nyos \u201elift\u201d hat\u00e1st biztos\u00edt, t\u00f6k\u00e9letesen hangs\u00falyozva a h\u00e1ts\u00f3 idomokat. \ud83c\udf51\ud83d\udd25<\/span><\/li>\n<li class=\"dF3vjf\" data-sfc-root=\"c\" data-sfc-cb=\"\" data-hveid=\"CAEIBhAB\" data-complete=\"true\" data-sae=\"\"><span class=\"T286Pc\" data-sfc-cp=\"\" data-sfc-root=\"c\" data-sfc-cb=\"\" data-complete=\"true\"><strong class=\"Yjhzub\" data-sfc-root=\"c\" data-sfc-cb=\"\" data-complete=\"true\">Pr\u00e9mium Kompresszi\u00f3s Anyag:<\/strong> Er\u0151s, m\u00e9gis l\u00e9g\u00e1tereszt\u0151 anyagb\u00f3l k\u00e9sz\u00fclt, amely biztos tart\u00e1st ad \u00e9s elrejti az apr\u00f3bb b\u0151rhib\u00e1kat. \u2728\ud83d\udcaa<\/span><\/li>\n<li class=\"dF3vjf\" data-sfc-root=\"c\" data-sfc-cb=\"\" data-hveid=\"CAEIBhAC\" data-complete=\"true\" data-sae=\"\"><span class=\"T286Pc\" data-sfc-cp=\"\" data-sfc-root=\"c\" data-sfc-cb=\"\" data-complete=\"true\"><strong class=\"Yjhzub\" data-sfc-root=\"c\" data-sfc-cb=\"\" data-complete=\"true\">Magas\u00edtott, Biztos Der\u00e9kr\u00e9sz:<\/strong> A sz\u00e9les \u00e9s rugalmas der\u00e9kkialak\u00edt\u00e1s gondoskodik r\u00f3la, hogy a nadr\u00e1g a hely\u00e9n maradjon, mik\u00f6zben optikailag karcs\u00fas\u00edtja a derekat. \u23f3\u2705<\/span><\/li>\n<li class=\"dF3vjf\" data-sfc-root=\"c\" data-sfc-cb=\"\" data-hveid=\"CAEIBhAD\" data-complete=\"true\" data-sae=\"\"><span class=\"T286Pc\" data-sfc-cp=\"\" data-sfc-root=\"c\" data-sfc-cb=\"\" data-complete=\"true\"><strong class=\"Yjhzub\" data-sfc-root=\"c\" data-sfc-cb=\"\" data-complete=\"true\">Ikonikus Olavoga Branding:<\/strong> A diszkr\u00e9t, m\u00e9gis eleg\u00e1ns m\u00e1rkajelz\u00e9sek garant\u00e1lj\u00e1k a pr\u00e9mium min\u0151s\u00e9get \u00e9s az egyedi st\u00edlust. \ud83c\udff7\ufe0f\ud83d\udc51<\/span><\/li>\n<\/ul>\n<div class=\"Y3BBE\" data-sfc-cp=\"\" data-sfc-root=\"c\" data-sfc-cb=\"\" data-hveid=\"CAEIBxAA\" data-complete=\"true\" data-processed=\"true\">\ud83d\udc57 <strong class=\"Yjhzub\" data-sfc-root=\"c\" data-sfc-cb=\"\" data-complete=\"true\" data-processed=\"true\">Fashion Universum St\u00edlus Tippek:<\/strong><\/div>\n<ul class=\"KsbFXc U6u95\" data-sfc-root=\"c\" data-sfc-cb=\"\" data-complete=\"true\" data-processed=\"true\">\n<li class=\"dF3vjf\" data-sfc-root=\"c\" data-sfc-cb=\"\" data-hveid=\"CAEICBAA\" data-complete=\"true\" data-sae=\"\"><span class=\"T286Pc\" data-sfc-cp=\"\" data-sfc-root=\"c\" data-sfc-cb=\"\" data-complete=\"true\"><strong class=\"Yjhzub\" data-sfc-root=\"c\" data-sfc-cb=\"\" data-complete=\"true\">Gym Queen:<\/strong> P\u00e1ros\u00edtsd egy Olavoga sportmelltart\u00f3val \u00e9s a kedvenc edz\u0151cip\u0151ddel a maxim\u00e1lis teljes\u00edtm\u00e9ny \u00e9s st\u00edlus \u00e9rdek\u00e9ben. \ud83d\udc5f\ud83c\udfcb\ufe0f\u200d\u2640\ufe0f<\/span><\/li>\n<li class=\"dF3vjf\" data-sfc-root=\"c\" data-sfc-cb=\"\" data-hveid=\"CAEICBAB\" data-complete=\"true\" data-sae=\"\"><span class=\"T286Pc\" data-sfc-cp=\"\" data-sfc-root=\"c\" data-sfc-cb=\"\" data-complete=\"true\"><strong class=\"Yjhzub\" data-sfc-root=\"c\" data-sfc-cb=\"\" data-complete=\"true\">Summer City Look:<\/strong> Egy b\u0151 oversized p\u00f3l\u00f3val \u00e9s egy designer t\u00e1sk\u00e1val kombin\u00e1lva t\u00f6k\u00e9letes v\u00e1laszt\u00e1s a forr\u00f3 ny\u00e1ri napokra. \u2600\ufe0f\ud83d\udc5c<\/span><\/li>\n<li class=\"dF3vjf\" data-sfc-root=\"c\" data-sfc-cb=\"\" data-hveid=\"CAEICBAC\" data-complete=\"true\" data-sae=\"\"><span class=\"T286Pc\" data-sfc-cp=\"\" data-sfc-root=\"c\" data-sfc-cb=\"\" data-complete=\"true\"><strong class=\"Yjhzub\" data-sfc-root=\"c\" data-sfc-cb=\"\" data-complete=\"true\">Street Glam:<\/strong> Kapj fel hozz\u00e1 egy r\u00f6vid\u00edtett farmertdzsekit \u00e9s egy l\u00e1tv\u00e1nyos napszem\u00fcveget a d\u00f6g\u00f6s, v\u00e1rosi \u00f6sszhat\u00e1s\u00e9rt. \ud83d\udd76\ufe0f\ud83d\udd25<\/span><\/li>\n<\/ul>\n<p><strong>Anyag\u00f6sszet\u00e9tel: <\/strong>90% nylon, 10% spandex<\/p>\n<h3>M\u00e9rett\u00e1bl\u00e1zat<\/h3>\n<figure class=\"table\">\n<table>\n<thead>\n<tr>\n<th>M\u00e9ret<\/th>\n<th>Teljes hossz (E)<\/th>\n<th>K\u00fcls\u0151 sz\u00e1rhossz (F)<\/th>\n<th>Bels\u0151 sz\u00e1rhossz (G)<\/th>\n<th>\u00dclep (H)<\/th>\n<th>Der\u00e9kb\u0151s\u00e9g (I)<\/th>\n<th>Cs\u00edp\u0151b\u0151s\u00e9g (J)<\/th>\n<\/tr>\n<\/thead>\n<tbody>\n<tr>\n<td>S<\/td>\n<td>44 cm<\/td>\n<td>36 cm<\/td>\n<td>17 cm<\/td>\n<td>23 cm<\/td>\n<td>46 cm <i>(ny\u00falik +27 cm)<\/i><\/td>\n<td>68 cm <i>(ny\u00falik +27 cm)<\/i><\/td>\n<\/tr>\n<tr>\n<td>M<\/td>\n<td>45 cm<\/td>\n<td>37 cm<\/td>\n<td>18 cm<\/td>\n<td>24 cm<\/td>\n<td>48 cm <i>(ny\u00falik +27 cm)<\/i><\/td>\n<td>70 cm <i>(ny\u00falik +27 cm)<\/i><\/td>\n<\/tr>\n<tr>\n<td>L<\/td>\n<td>46 cm<\/td>\n<td>38 cm<\/td>\n<td>19 cm<\/td>\n<td>25 cm<\/td>\n<td>50 cm <i>(ny\u00falik +27 cm)<\/i><\/td>\n<td>72 cm <i>(ny\u00falik +27 cm)<\/i><\/td>\n<\/tr>\n<\/tbody>\n<\/table>\n<\/figure>\n<p><i>A ruhadarabok lapra fektetve ker\u00fcltek m\u00e9r\u00e9sre, ez\u00e9rt az adatok \u00b12 cm-rel elt\u00e9rhetnek.<\/i><\/p>\n","protected":false},"excerpt":{"rendered":"<p>\u2728 OLAVOGA LIFT r\u00f6vidnadr\u00e1g \u2013 AZ ALAKFORM\u00c1L\u00c1S \u00c9S A K\u00c9NYELEM MESTERE \u2728 Emeld ki a vonalaidat az OLAVOGA LIFT r\u00f6vidnadr\u00e1ggal, amely a sportos funkcionalit\u00e1st \u00f6tv\u00f6zi &hellip; <\/p>\n","protected":false},"featured_media":4199,"template":"","meta":[],"product_brand":[78],"product_cat":[19,28,25,34],"product_tag":[],"class_list":{"0":"post-4198","1":"product","2":"type-product","3":"status-publish","4":"has-post-thumbnail","6":"product_brand-olavoga","7":"product_cat-markak","8":"product_cat-olavoga","9":"product_cat-noi-ruhazat-hu","10":"product_cat-szoknyak-rovidnadragok-noi-ruhazat-hu","12":"first","13":"instock","14":"shipping-taxable","15":"purchasable","16":"product-type-variable"},"yoast_head":"<!-- This site is optimized with the Yoast SEO plugin v26.7 - https:\/\/yoast.com\/wordpress\/plugins\/seo\/ -->\n<title>Fashion Universum - OLAVOGA LIFT r\u00f6vidnadr\u00e1g \u2728\ud83c\udf51<\/title>\n<meta name=\"description\" content=\"OLAVOGA LIFT r\u00f6vidnadr\u00e1g a Fashion Universum-n\u00e1l! \u2728 Alakform\u00e1l\u00f3 push-up hat\u00e1s, pr\u00e9mium anyag \u00e9s luxus k\u00e9nyelem fekete sz\u00ednben. Rendeld meg most! \ud83d\udd25\ud83d\udecd\ufe0f\" \/>\n<meta name=\"robots\" content=\"index, follow, max-snippet:-1, max-image-preview:large, max-video-preview:-1\" \/>\n<link rel=\"canonical\" href=\"https:\/\/fashionuniversum.com\/?product=olavoga-lift-rovidnadrag\" \/>\n<meta property=\"og:locale\" content=\"hu_HU\" \/>\n<meta property=\"og:type\" content=\"article\" \/>\n<meta property=\"og:title\" content=\"Fashion Universum - OLAVOGA LIFT r\u00f6vidnadr\u00e1g \u2728\ud83c\udf51\" \/>\n<meta property=\"og:description\" content=\"OLAVOGA LIFT r\u00f6vidnadr\u00e1g a Fashion Universum-n\u00e1l! \u2728 Alakform\u00e1l\u00f3 push-up hat\u00e1s, pr\u00e9mium anyag \u00e9s luxus k\u00e9nyelem fekete sz\u00ednben. Rendeld meg most! \ud83d\udd25\ud83d\udecd\ufe0f\" \/>\n<meta property=\"og:url\" content=\"https:\/\/fashionuniversum.com\/?product=olavoga-lift-rovidnadrag\" \/>\n<meta property=\"og:site_name\" content=\"Fashion Universum\" \/>\n<meta property=\"article:modified_time\" content=\"2026-04-16T17:45:31+00:00\" \/>\n<meta property=\"og:image\" content=\"https:\/\/fashionuniversum.com\/wp-content\/uploads\/2026\/04\/kolarki-LIFT-508-scaled.jpg\" \/>\n\t<meta property=\"og:image:width\" content=\"1707\" \/>\n\t<meta property=\"og:image:height\" content=\"2560\" \/>\n\t<meta property=\"og:image:type\" content=\"image\/jpeg\" \/>\n<meta name=\"twitter:card\" content=\"summary_large_image\" \/>\n<meta name=\"twitter:label1\" content=\"Becs\u00fclt olvas\u00e1si id\u0151\" \/>\n\t<meta name=\"twitter:data1\" content=\"2 perc\" \/>\n<script type=\"application\/ld+json\" class=\"yoast-schema-graph\">{\"@context\":\"https:\/\/schema.org\",\"@graph\":[{\"@type\":\"WebPage\",\"@id\":\"https:\/\/fashionuniversum.com\/?product=olavoga-lift-rovidnadrag\",\"url\":\"https:\/\/fashionuniversum.com\/?product=olavoga-lift-rovidnadrag\",\"name\":\"Fashion Universum - OLAVOGA LIFT r\u00f6vidnadr\u00e1g \u2728\ud83c\udf51\",\"isPartOf\":{\"@id\":\"https:\/\/fashionuniversum.com\/#website\"},\"primaryImageOfPage\":{\"@id\":\"https:\/\/fashionuniversum.com\/?product=olavoga-lift-rovidnadrag#primaryimage\"},\"image\":{\"@id\":\"https:\/\/fashionuniversum.com\/?product=olavoga-lift-rovidnadrag#primaryimage\"},\"thumbnailUrl\":\"https:\/\/fashionuniversum.com\/wp-content\/uploads\/2026\/04\/kolarki-LIFT-508-scaled.jpg\",\"datePublished\":\"2026-04-16T17:43:42+00:00\",\"dateModified\":\"2026-04-16T17:45:31+00:00\",\"description\":\"OLAVOGA LIFT r\u00f6vidnadr\u00e1g a Fashion Universum-n\u00e1l! \u2728 Alakform\u00e1l\u00f3 push-up hat\u00e1s, pr\u00e9mium anyag \u00e9s luxus k\u00e9nyelem fekete sz\u00ednben. Rendeld meg most! \ud83d\udd25\ud83d\udecd\ufe0f\",\"breadcrumb\":{\"@id\":\"https:\/\/fashionuniversum.com\/?product=olavoga-lift-rovidnadrag#breadcrumb\"},\"inLanguage\":\"hu\",\"potentialAction\":[{\"@type\":\"ReadAction\",\"target\":[\"https:\/\/fashionuniversum.com\/?product=olavoga-lift-rovidnadrag\"]}]},{\"@type\":\"ImageObject\",\"inLanguage\":\"hu\",\"@id\":\"https:\/\/fashionuniversum.com\/?product=olavoga-lift-rovidnadrag#primaryimage\",\"url\":\"https:\/\/fashionuniversum.com\/wp-content\/uploads\/2026\/04\/kolarki-LIFT-508-scaled.jpg\",\"contentUrl\":\"https:\/\/fashionuniversum.com\/wp-content\/uploads\/2026\/04\/kolarki-LIFT-508-scaled.jpg\",\"width\":1707,\"height\":2560,\"caption\":\"OLAVOGA LIFT r\u00f6vidnadr\u00e1g\"},{\"@type\":\"BreadcrumbList\",\"@id\":\"https:\/\/fashionuniversum.com\/?product=olavoga-lift-rovidnadrag#breadcrumb\",\"itemListElement\":[{\"@type\":\"ListItem\",\"position\":1,\"name\":\"Kezd\u0151lap\",\"item\":\"https:\/\/fashionuniversum.com\/\"},{\"@type\":\"ListItem\",\"position\":2,\"name\":\"Kezd\u0151lap\",\"item\":\"https:\/\/fashionuniversum.com\/\"},{\"@type\":\"ListItem\",\"position\":3,\"name\":\"OLAVOGA LIFT r\u00f6vidnadr\u00e1g\"}]},{\"@type\":\"WebSite\",\"@id\":\"https:\/\/fashionuniversum.com\/#website\",\"url\":\"https:\/\/fashionuniversum.com\/\",\"name\":\"Fashion Universum\",\"description\":\"\",\"publisher\":{\"@id\":\"https:\/\/fashionuniversum.com\/#organization\"},\"potentialAction\":[{\"@type\":\"SearchAction\",\"target\":{\"@type\":\"EntryPoint\",\"urlTemplate\":\"https:\/\/fashionuniversum.com\/?s={search_term_string}\"},\"query-input\":{\"@type\":\"PropertyValueSpecification\",\"valueRequired\":true,\"valueName\":\"search_term_string\"}}],\"inLanguage\":\"hu\"},{\"@type\":\"Organization\",\"@id\":\"https:\/\/fashionuniversum.com\/#organization\",\"name\":\"Fashion Universum\",\"url\":\"https:\/\/fashionuniversum.com\/\",\"logo\":{\"@type\":\"ImageObject\",\"inLanguage\":\"hu\",\"@id\":\"https:\/\/fashionuniversum.com\/#\/schema\/logo\/image\/\",\"url\":\"https:\/\/fashionuniversum.com\/wp-content\/uploads\/2026\/02\/cropped-cropped-imaaage.jpg\",\"contentUrl\":\"https:\/\/fashionuniversum.com\/wp-content\/uploads\/2026\/02\/cropped-cropped-imaaage.jpg\",\"width\":1389,\"height\":285,\"caption\":\"Fashion Universum\"},\"image\":{\"@id\":\"https:\/\/fashionuniversum.com\/#\/schema\/logo\/image\/\"}}]}<\/script>\n<!-- \/ Yoast SEO plugin. -->","yoast_head_json":{"title":"Fashion Universum - OLAVOGA LIFT r\u00f6vidnadr\u00e1g \u2728\ud83c\udf51","description":"OLAVOGA LIFT r\u00f6vidnadr\u00e1g a Fashion Universum-n\u00e1l! \u2728 Alakform\u00e1l\u00f3 push-up hat\u00e1s, pr\u00e9mium anyag \u00e9s luxus k\u00e9nyelem fekete sz\u00ednben. Rendeld meg most! \ud83d\udd25\ud83d\udecd\ufe0f","robots":{"index":"index","follow":"follow","max-snippet":"max-snippet:-1","max-image-preview":"max-image-preview:large","max-video-preview":"max-video-preview:-1"},"canonical":"https:\/\/fashionuniversum.com\/?product=olavoga-lift-rovidnadrag","og_locale":"hu_HU","og_type":"article","og_title":"Fashion Universum - OLAVOGA LIFT r\u00f6vidnadr\u00e1g \u2728\ud83c\udf51","og_description":"OLAVOGA LIFT r\u00f6vidnadr\u00e1g a Fashion Universum-n\u00e1l! \u2728 Alakform\u00e1l\u00f3 push-up hat\u00e1s, pr\u00e9mium anyag \u00e9s luxus k\u00e9nyelem fekete sz\u00ednben. Rendeld meg most! \ud83d\udd25\ud83d\udecd\ufe0f","og_url":"https:\/\/fashionuniversum.com\/?product=olavoga-lift-rovidnadrag","og_site_name":"Fashion Universum","article_modified_time":"2026-04-16T17:45:31+00:00","og_image":[{"width":1707,"height":2560,"url":"https:\/\/fashionuniversum.com\/wp-content\/uploads\/2026\/04\/kolarki-LIFT-508-scaled.jpg","type":"image\/jpeg"}],"twitter_card":"summary_large_image","twitter_misc":{"Becs\u00fclt olvas\u00e1si id\u0151":"2 perc"},"schema":{"@context":"https:\/\/schema.org","@graph":[{"@type":"WebPage","@id":"https:\/\/fashionuniversum.com\/?product=olavoga-lift-rovidnadrag","url":"https:\/\/fashionuniversum.com\/?product=olavoga-lift-rovidnadrag","name":"Fashion Universum - OLAVOGA LIFT r\u00f6vidnadr\u00e1g \u2728\ud83c\udf51","isPartOf":{"@id":"https:\/\/fashionuniversum.com\/#website"},"primaryImageOfPage":{"@id":"https:\/\/fashionuniversum.com\/?product=olavoga-lift-rovidnadrag#primaryimage"},"image":{"@id":"https:\/\/fashionuniversum.com\/?product=olavoga-lift-rovidnadrag#primaryimage"},"thumbnailUrl":"https:\/\/fashionuniversum.com\/wp-content\/uploads\/2026\/04\/kolarki-LIFT-508-scaled.jpg","datePublished":"2026-04-16T17:43:42+00:00","dateModified":"2026-04-16T17:45:31+00:00","description":"OLAVOGA LIFT r\u00f6vidnadr\u00e1g a Fashion Universum-n\u00e1l! \u2728 Alakform\u00e1l\u00f3 push-up hat\u00e1s, pr\u00e9mium anyag \u00e9s luxus k\u00e9nyelem fekete sz\u00ednben. Rendeld meg most! \ud83d\udd25\ud83d\udecd\ufe0f","breadcrumb":{"@id":"https:\/\/fashionuniversum.com\/?product=olavoga-lift-rovidnadrag#breadcrumb"},"inLanguage":"hu","potentialAction":[{"@type":"ReadAction","target":["https:\/\/fashionuniversum.com\/?product=olavoga-lift-rovidnadrag"]}]},{"@type":"ImageObject","inLanguage":"hu","@id":"https:\/\/fashionuniversum.com\/?product=olavoga-lift-rovidnadrag#primaryimage","url":"https:\/\/fashionuniversum.com\/wp-content\/uploads\/2026\/04\/kolarki-LIFT-508-scaled.jpg","contentUrl":"https:\/\/fashionuniversum.com\/wp-content\/uploads\/2026\/04\/kolarki-LIFT-508-scaled.jpg","width":1707,"height":2560,"caption":"OLAVOGA LIFT r\u00f6vidnadr\u00e1g"},{"@type":"BreadcrumbList","@id":"https:\/\/fashionuniversum.com\/?product=olavoga-lift-rovidnadrag#breadcrumb","itemListElement":[{"@type":"ListItem","position":1,"name":"Kezd\u0151lap","item":"https:\/\/fashionuniversum.com\/"},{"@type":"ListItem","position":2,"name":"Kezd\u0151lap","item":"https:\/\/fashionuniversum.com\/"},{"@type":"ListItem","position":3,"name":"OLAVOGA LIFT r\u00f6vidnadr\u00e1g"}]},{"@type":"WebSite","@id":"https:\/\/fashionuniversum.com\/#website","url":"https:\/\/fashionuniversum.com\/","name":"Fashion Universum","description":"","publisher":{"@id":"https:\/\/fashionuniversum.com\/#organization"},"potentialAction":[{"@type":"SearchAction","target":{"@type":"EntryPoint","urlTemplate":"https:\/\/fashionuniversum.com\/?s={search_term_string}"},"query-input":{"@type":"PropertyValueSpecification","valueRequired":true,"valueName":"search_term_string"}}],"inLanguage":"hu"},{"@type":"Organization","@id":"https:\/\/fashionuniversum.com\/#organization","name":"Fashion Universum","url":"https:\/\/fashionuniversum.com\/","logo":{"@type":"ImageObject","inLanguage":"hu","@id":"https:\/\/fashionuniversum.com\/#\/schema\/logo\/image\/","url":"https:\/\/fashionuniversum.com\/wp-content\/uploads\/2026\/02\/cropped-cropped-imaaage.jpg","contentUrl":"https:\/\/fashionuniversum.com\/wp-content\/uploads\/2026\/02\/cropped-cropped-imaaage.jpg","width":1389,"height":285,"caption":"Fashion Universum"},"image":{"@id":"https:\/\/fashionuniversum.com\/#\/schema\/logo\/image\/"}}]}},"_links":{"self":[{"href":"https:\/\/fashionuniversum.com\/index.php?rest_route=\/wp\/v2\/product\/4198","targetHints":{"allow":["GET"]}}],"collection":[{"href":"https:\/\/fashionuniversum.com\/index.php?rest_route=\/wp\/v2\/product"}],"about":[{"href":"https:\/\/fashionuniversum.com\/index.php?rest_route=\/wp\/v2\/types\/product"}],"wp:featuredmedia":[{"embeddable":true,"href":"https:\/\/fashionuniversum.com\/index.php?rest_route=\/wp\/v2\/media\/4199"}],"wp:attachment":[{"href":"https:\/\/fashionuniversum.com\/index.php?rest_route=%2Fwp%2Fv2%2Fmedia&parent=4198"}],"wp:term":[{"taxonomy":"product_brand","embeddable":true,"href":"https:\/\/fashionuniversum.com\/index.php?rest_route=%2Fwp%2Fv2%2Fproduct_brand&post=4198"},{"taxonomy":"product_cat","embeddable":true,"href":"https:\/\/fashionuniversum.com\/index.php?rest_route=%2Fwp%2Fv2%2Fproduct_cat&post=4198"},{"taxonomy":"product_tag","embeddable":true,"href":"https:\/\/fashionuniversum.com\/index.php?rest_route=%2Fwp%2Fv2%2Fproduct_tag&post=4198"}],"curies":[{"name":"wp","href":"https:\/\/api.w.org\/{rel}","templated":true}]}}