{"id":4191,"date":"2026-04-16T17:33:28","date_gmt":"2026-04-16T17:33:28","guid":{"rendered":"https:\/\/fashionuniversum.com\/?post_type=product&#038;p=4191"},"modified":"2026-04-17T09:00:32","modified_gmt":"2026-04-17T09:00:32","slug":"olavoga-lasari-szett","status":"publish","type":"product","link":"https:\/\/fashionuniversum.com\/?product=olavoga-lasari-szett","title":{"rendered":"OLAVOGA LASARI szett"},"content":{"rendered":"<div class=\"Y3BBE\" data-sfc-cp=\"\" data-sfc-root=\"c\" data-sfc-cb=\"\" data-hveid=\"CAEIAxAA\" data-complete=\"true\" data-processed=\"true\">\u2728 <strong class=\"Yjhzub\" data-sfc-root=\"c\" data-sfc-cb=\"\" data-complete=\"true\" data-processed=\"true\">OLAVOGA LASARI szett \u2013 A SPORTOS LUXUS \u00c9S A REFIN\u00c1LT ST\u00cdLUS TAL\u00c1LKOZ\u00c1SA<\/strong> \u2728<\/div>\n<div data-sfc-cp=\"\" data-sfc-root=\"c\" data-sfc-cb=\"\" data-hveid=\"CAEIAxAA\" data-complete=\"true\" data-processed=\"true\"><\/div>\n<div class=\"Y3BBE\" data-sfc-cp=\"\" data-sfc-root=\"c\" data-sfc-cb=\"\" data-hveid=\"CAEIBBAA\" data-processed=\"true\" data-complete=\"true\">Dobd fel a h\u00e9tk\u00f6znapjaidat az <strong class=\"Yjhzub\" data-sfc-root=\"c\" data-sfc-cb=\"\" data-complete=\"true\" data-processed=\"true\">OLAVOGA LASARI<\/strong> k\u00e9tr\u00e9szes szettel, amely a k\u00e9nyelmet \u00e9s a high-fashion \u00e9let\u00e9rz\u00e9st \u00f6tv\u00f6zi! \ud83d\udc8e Ez a <strong class=\"Yjhzub\" data-sfc-root=\"c\" data-sfc-cb=\"\" data-complete=\"true\" data-processed=\"true\">Fashion Universum<\/strong> kollekci\u00f3j\u00e1nak egyik legkarakteresebb darabja: a k\u00fcl\u00f6nleges text\u00far\u00e1j\u00fa anyag \u00e9s a prec\u00edz szab\u00e1svonalak garant\u00e1lj\u00e1k, hogy minden szem r\u00e1d szegez\u0151dj\u00f6n, ak\u00e1r az utc\u00e1n, ak\u00e1r egy st\u00edlusos esem\u00e9nyen jelensz meg.<\/div>\n<div class=\"Y3BBE\" data-sfc-cp=\"\" data-sfc-root=\"c\" data-sfc-cb=\"\" data-hveid=\"CAEIBRAA\" data-complete=\"true\" data-processed=\"true\"><strong class=\"Yjhzub\" data-sfc-root=\"c\" data-sfc-cb=\"\" data-complete=\"true\" data-processed=\"true\">Mi\u00e9rt fogod im\u00e1dni a LASARI szettet?<\/strong><\/div>\n<ul class=\"KsbFXc U6u95\" data-sfc-root=\"c\" data-sfc-cb=\"\" data-complete=\"true\" data-processed=\"true\">\n<li class=\"dF3vjf\" data-sfc-root=\"c\" data-sfc-cb=\"\" data-hveid=\"CAEIBhAA\" data-complete=\"true\" data-sae=\"\"><span class=\"T286Pc\" data-sfc-cp=\"\" data-sfc-root=\"c\" data-sfc-cb=\"\" data-complete=\"true\"><strong class=\"Yjhzub\" data-sfc-root=\"c\" data-sfc-cb=\"\" data-complete=\"true\">Pr\u00e9mium Textur\u00e1lt Anyag:<\/strong> A szett anyaga nemcsak l\u00e1tv\u00e1nyos \u00e9s modern, de puha tapint\u00e1s\u00e1val eg\u00e9sz napos komfortot biztos\u00edt. \ud83d\udc57\u2728<\/span><\/li>\n<li class=\"dF3vjf\" data-sfc-root=\"c\" data-sfc-cb=\"\" data-hveid=\"CAEIBhAB\" data-complete=\"true\" data-sae=\"\"><span class=\"T286Pc\" data-sfc-cp=\"\" data-sfc-root=\"c\" data-sfc-cb=\"\" data-complete=\"true\"><strong class=\"Yjhzub\" data-sfc-root=\"c\" data-sfc-cb=\"\" data-complete=\"true\">Ikonikus Olavoga Branding:<\/strong> Az eleg\u00e1ns h\u00edmzett log\u00f3k \u00e9s a m\u00e1rkajelzett r\u00e9szletek azonnal felismerhet\u0151v\u00e9 teszik a luxus min\u0151s\u00e9get. \ud83c\udff7\ufe0f\ud83d\udc51<\/span><\/li>\n<li class=\"dF3vjf\" data-sfc-root=\"c\" data-sfc-cb=\"\" data-hveid=\"CAEIBhAC\" data-complete=\"true\" data-sae=\"\"><span class=\"T286Pc\" data-sfc-cp=\"\" data-sfc-root=\"c\" data-sfc-cb=\"\" data-complete=\"true\"><strong class=\"Yjhzub\" data-sfc-root=\"c\" data-sfc-cb=\"\" data-complete=\"true\">Alakkiemel\u0151 Fazon:<\/strong> A fels\u0151r\u00e9sz modern szab\u00e1sa \u00e9s a nadr\u00e1g t\u00f6k\u00e9letes illeszked\u00e9se hangs\u00falyozza a n\u0151ies idomokat, mik\u00f6zben szabad mozg\u00e1st enged. \u23f3\ud83d\udd25<\/span><\/li>\n<li class=\"dF3vjf\" data-sfc-root=\"c\" data-sfc-cb=\"\" data-hveid=\"CAEIBhAD\" data-complete=\"true\" data-sae=\"\"><span class=\"T286Pc\" data-sfc-cp=\"\" data-sfc-root=\"c\" data-sfc-cb=\"\" data-complete=\"true\"><strong class=\"Yjhzub\" data-sfc-root=\"c\" data-sfc-cb=\"\" data-complete=\"true\">Harmonikus \u00d6sszk\u00e9p:<\/strong> A gondosan megtervezett r\u00e9szletek \u2013 mint a passz\u00e9k \u00e9s a dekolt\u00e1zs kialak\u00edt\u00e1sa \u2013 teszik ezt a szettet igazi alapdarabb\u00e1. \ud83d\udcd0\u2705<\/span><\/li>\n<\/ul>\n<div class=\"Y3BBE\" data-sfc-cp=\"\" data-sfc-root=\"c\" data-sfc-cb=\"\" data-hveid=\"CAEIBxAA\" data-processed=\"true\" data-complete=\"true\">\ud83d\udc57 <strong class=\"Yjhzub\" data-sfc-root=\"c\" data-sfc-cb=\"\" data-complete=\"true\" data-processed=\"true\">Fashion Universum St\u00edlus Tippek:<\/strong><\/div>\n<ul class=\"KsbFXc U6u95\" data-sfc-root=\"c\" data-sfc-cb=\"\" data-complete=\"true\" data-processed=\"true\">\n<li class=\"dF3vjf\" data-sfc-root=\"c\" data-sfc-cb=\"\" data-hveid=\"CAEICBAA\" data-complete=\"true\" data-sae=\"\"><span class=\"T286Pc\" data-sfc-cp=\"\" data-sfc-root=\"c\" data-sfc-cb=\"\" data-complete=\"true\"><strong class=\"Yjhzub\" data-sfc-root=\"c\" data-sfc-cb=\"\" data-complete=\"true\">Chic &amp; Casual:<\/strong> P\u00e1ros\u00edtsd egy tiszta feh\u00e9r designer sportcip\u0151vel \u00e9s egy minimalista h\u00e1tizs\u00e1kkal a t\u00f6k\u00e9letes &#8222;szaladg\u00e1l\u00f3s&#8221;, m\u00e9gis st\u00edlusos look-hoz. \ud83d\udc5f\ud83c\udf92<\/span><\/li>\n<li class=\"dF3vjf\" data-sfc-root=\"c\" data-sfc-cb=\"\" data-hveid=\"CAEICBAB\" data-complete=\"true\" data-sae=\"\"><span class=\"T286Pc\" data-sfc-cp=\"\" data-sfc-root=\"c\" data-sfc-cb=\"\" data-complete=\"true\"><strong class=\"Yjhzub\" data-sfc-root=\"c\" data-sfc-cb=\"\" data-complete=\"true\">Statement Look:<\/strong> Viseld egy oversized napszem\u00fcveggel \u00e9s hangs\u00falyos f\u00fclbeval\u00f3kkal, hogy igazi divatikonk\u00e9nt t\u00fcnd\u00f6k\u00f6lj a v\u00e1rosban. \ud83d\udd76\ufe0f\u2728<\/span><\/li>\n<li class=\"dF3vjf\" data-sfc-root=\"c\" data-sfc-cb=\"\" data-hveid=\"CAEICBAC\" data-complete=\"true\" data-sae=\"\"><span class=\"T286Pc\" data-sfc-cp=\"\" data-sfc-root=\"c\" data-sfc-cb=\"\" data-complete=\"true\"><strong class=\"Yjhzub\" data-sfc-root=\"c\" data-sfc-cb=\"\" data-complete=\"true\">Vari\u00e1ld Kedvedre:<\/strong> A LASARI fels\u0151t hordd b\u00e1tran egy sz\u0171k farmerrel, a nadr\u00e1got pedig egy egyszer\u0171, testhez\u00e1ll\u00f3 body-val a laz\u00e1bb napokon. \ud83e\udde5\ud83d\udc56<\/span><\/li>\n<\/ul>\n<p><strong>Anyag\u00f6sszet\u00e9tel: <\/strong>93% nylon, 7% elaszt\u00e1n<\/p>\n<h3>M\u00e9rett\u00e1bl\u00e1zat \u2013 fels\u0151<\/h3>\n<figure class=\"table\">\n<table>\n<thead>\n<tr>\n<th>M\u00e9ret<\/th>\n<th>Teljes hossz (A)<\/th>\n<th>Mellb\u0151s\u00e9g (B)<\/th>\n<th>Ujjhossz k\u00fcls\u0151 (C)<\/th>\n<th>Ujjhossz bels\u0151 (D)<\/th>\n<\/tr>\n<\/thead>\n<tbody>\n<tr>\n<td>XS<\/td>\n<td>47 cm<\/td>\n<td>74 cm (ny\u00falik 37 cm-ig)<\/td>\n<td>61 cm<\/td>\n<td>54 cm<\/td>\n<\/tr>\n<tr>\n<td>S<\/td>\n<td>48 cm<\/td>\n<td>76 cm (ny\u00falik 37 cm-ig)<\/td>\n<td>62 cm<\/td>\n<td>55 cm<\/td>\n<\/tr>\n<tr>\n<td>M<\/td>\n<td>49 cm<\/td>\n<td>78 cm (ny\u00falik 37 cm-ig)<\/td>\n<td>63 cm<\/td>\n<td>56 cm<\/td>\n<\/tr>\n<\/tbody>\n<\/table>\n<\/figure>\n<h3>M\u00e9rett\u00e1bl\u00e1zat \u2013 leggings<\/h3>\n<figure class=\"table\">\n<table>\n<thead>\n<tr>\n<th>M\u00e9ret<\/th>\n<th>Teljes hossz (E)<\/th>\n<th>K\u00fcls\u0151 sz\u00e1rhossz (F)<\/th>\n<th>Bels\u0151 sz\u00e1rhossz (G)<\/th>\n<th>Der\u00e9kmagass\u00e1g (H)<\/th>\n<th>Der\u00e9kb\u0151s\u00e9g (I)<\/th>\n<th>Cs\u00edp\u0151b\u0151s\u00e9g (J)<\/th>\n<\/tr>\n<\/thead>\n<tbody>\n<tr>\n<td>XS<\/td>\n<td>85 cm<\/td>\n<td>75 cm<\/td>\n<td>61 cm<\/td>\n<td>25 cm<\/td>\n<td>58 cm (ny\u00falik 30 cm-ig)<\/td>\n<td>68 cm (ny\u00falik 40 cm-ig)<\/td>\n<\/tr>\n<tr>\n<td>S<\/td>\n<td>86 cm<\/td>\n<td>76 cm<\/td>\n<td>62 cm<\/td>\n<td>26 cm<\/td>\n<td>60 cm (ny\u00falik 30 cm-ig)<\/td>\n<td>70 cm (ny\u00falik 40 cm-ig)<\/td>\n<\/tr>\n<tr>\n<td>M<\/td>\n<td>87 cm<\/td>\n<td>77 cm<\/td>\n<td>63 cm<\/td>\n<td>27 cm<\/td>\n<td>62 cm (ny\u00falik 30 cm-ig)<\/td>\n<td>72 cm (ny\u00falik 40 cm-ig)<\/td>\n<\/tr>\n<\/tbody>\n<\/table>\n<\/figure>\n<p><i>A ruhadarabok lapra fektetve ker\u00fcltek m\u00e9r\u00e9sre, ez\u00e9rt az adatok \u00b12 cm-rel elt\u00e9rhetnek.<\/i><\/p>\n","protected":false},"excerpt":{"rendered":"<p>\u2728 OLAVOGA LASARI szett \u2013 A SPORTOS LUXUS \u00c9S A REFIN\u00c1LT ST\u00cdLUS TAL\u00c1LKOZ\u00c1SA \u2728 Dobd fel a h\u00e9tk\u00f6znapjaidat az OLAVOGA LASARI k\u00e9tr\u00e9szes szettel, amely a &hellip; <\/p>\n","protected":false},"featured_media":4192,"template":"","meta":[],"product_brand":[78],"product_cat":[19,28,25,26],"product_tag":[],"class_list":{"0":"post-4191","1":"product","2":"type-product","3":"status-publish","4":"has-post-thumbnail","6":"product_brand-olavoga","7":"product_cat-markak","8":"product_cat-olavoga","9":"product_cat-noi-ruhazat-hu","10":"product_cat-szettek","12":"first","13":"instock","14":"shipping-taxable","15":"purchasable","16":"product-type-variable"},"yoast_head":"<!-- This site is optimized with the Yoast SEO plugin v26.7 - https:\/\/yoast.com\/wordpress\/plugins\/seo\/ -->\n<title>Fashion Universum: OLAVOGA LASARI szett a luxus\u00e9rt! \u2728\ud83d\udc8e<\/title>\n<meta name=\"description\" content=\"OLAVOGA LASARI szett a Fashion Universum k\u00edn\u00e1lat\u00e1ban! \u2728 Pr\u00e9mium min\u0151s\u00e9g, alakkiemel\u0151 fazon \u00e9s luxus st\u00edlus. \ud83d\udc8e Rendeld meg a kedvenc szettedet most! \ud83d\udd25\" \/>\n<meta name=\"robots\" content=\"index, follow, max-snippet:-1, max-image-preview:large, max-video-preview:-1\" \/>\n<link rel=\"canonical\" href=\"https:\/\/fashionuniversum.com\/?product=olavoga-lasari-szett\" \/>\n<meta property=\"og:locale\" content=\"hu_HU\" \/>\n<meta property=\"og:type\" content=\"article\" \/>\n<meta property=\"og:title\" content=\"Fashion Universum: OLAVOGA LASARI szett a luxus\u00e9rt! \u2728\ud83d\udc8e\" \/>\n<meta property=\"og:description\" content=\"OLAVOGA LASARI szett a Fashion Universum k\u00edn\u00e1lat\u00e1ban! \u2728 Pr\u00e9mium min\u0151s\u00e9g, alakkiemel\u0151 fazon \u00e9s luxus st\u00edlus. \ud83d\udc8e Rendeld meg a kedvenc szettedet most! \ud83d\udd25\" \/>\n<meta property=\"og:url\" content=\"https:\/\/fashionuniversum.com\/?product=olavoga-lasari-szett\" \/>\n<meta property=\"og:site_name\" content=\"Fashion Universum\" \/>\n<meta property=\"article:modified_time\" content=\"2026-04-17T09:00:32+00:00\" \/>\n<meta property=\"og:image\" content=\"https:\/\/fashionuniversum.com\/wp-content\/uploads\/2026\/04\/komplet-LASARI-621-scaled.jpg\" \/>\n\t<meta property=\"og:image:width\" content=\"1707\" \/>\n\t<meta property=\"og:image:height\" content=\"2560\" \/>\n\t<meta property=\"og:image:type\" content=\"image\/jpeg\" \/>\n<meta name=\"twitter:card\" content=\"summary_large_image\" \/>\n<meta name=\"twitter:label1\" content=\"Becs\u00fclt olvas\u00e1si id\u0151\" \/>\n\t<meta name=\"twitter:data1\" content=\"3 perc\" \/>\n<script type=\"application\/ld+json\" class=\"yoast-schema-graph\">{\"@context\":\"https:\/\/schema.org\",\"@graph\":[{\"@type\":\"WebPage\",\"@id\":\"https:\/\/fashionuniversum.com\/?product=olavoga-lasari-szett\",\"url\":\"https:\/\/fashionuniversum.com\/?product=olavoga-lasari-szett\",\"name\":\"Fashion Universum: OLAVOGA LASARI szett a luxus\u00e9rt! \u2728\ud83d\udc8e\",\"isPartOf\":{\"@id\":\"https:\/\/fashionuniversum.com\/#website\"},\"primaryImageOfPage\":{\"@id\":\"https:\/\/fashionuniversum.com\/?product=olavoga-lasari-szett#primaryimage\"},\"image\":{\"@id\":\"https:\/\/fashionuniversum.com\/?product=olavoga-lasari-szett#primaryimage\"},\"thumbnailUrl\":\"https:\/\/fashionuniversum.com\/wp-content\/uploads\/2026\/04\/komplet-LASARI-621-scaled.jpg\",\"datePublished\":\"2026-04-16T17:33:28+00:00\",\"dateModified\":\"2026-04-17T09:00:32+00:00\",\"description\":\"OLAVOGA LASARI szett a Fashion Universum k\u00edn\u00e1lat\u00e1ban! \u2728 Pr\u00e9mium min\u0151s\u00e9g, alakkiemel\u0151 fazon \u00e9s luxus st\u00edlus. \ud83d\udc8e Rendeld meg a kedvenc szettedet most! \ud83d\udd25\",\"breadcrumb\":{\"@id\":\"https:\/\/fashionuniversum.com\/?product=olavoga-lasari-szett#breadcrumb\"},\"inLanguage\":\"hu\",\"potentialAction\":[{\"@type\":\"ReadAction\",\"target\":[\"https:\/\/fashionuniversum.com\/?product=olavoga-lasari-szett\"]}]},{\"@type\":\"ImageObject\",\"inLanguage\":\"hu\",\"@id\":\"https:\/\/fashionuniversum.com\/?product=olavoga-lasari-szett#primaryimage\",\"url\":\"https:\/\/fashionuniversum.com\/wp-content\/uploads\/2026\/04\/komplet-LASARI-621-scaled.jpg\",\"contentUrl\":\"https:\/\/fashionuniversum.com\/wp-content\/uploads\/2026\/04\/komplet-LASARI-621-scaled.jpg\",\"width\":1707,\"height\":2560,\"caption\":\"OLAVOGA LASARI szett\"},{\"@type\":\"BreadcrumbList\",\"@id\":\"https:\/\/fashionuniversum.com\/?product=olavoga-lasari-szett#breadcrumb\",\"itemListElement\":[{\"@type\":\"ListItem\",\"position\":1,\"name\":\"Kezd\u0151lap\",\"item\":\"https:\/\/fashionuniversum.com\/\"},{\"@type\":\"ListItem\",\"position\":2,\"name\":\"Kezd\u0151lap\",\"item\":\"https:\/\/fashionuniversum.com\/\"},{\"@type\":\"ListItem\",\"position\":3,\"name\":\"OLAVOGA LASARI szett\"}]},{\"@type\":\"WebSite\",\"@id\":\"https:\/\/fashionuniversum.com\/#website\",\"url\":\"https:\/\/fashionuniversum.com\/\",\"name\":\"Fashion Universum\",\"description\":\"\",\"publisher\":{\"@id\":\"https:\/\/fashionuniversum.com\/#organization\"},\"potentialAction\":[{\"@type\":\"SearchAction\",\"target\":{\"@type\":\"EntryPoint\",\"urlTemplate\":\"https:\/\/fashionuniversum.com\/?s={search_term_string}\"},\"query-input\":{\"@type\":\"PropertyValueSpecification\",\"valueRequired\":true,\"valueName\":\"search_term_string\"}}],\"inLanguage\":\"hu\"},{\"@type\":\"Organization\",\"@id\":\"https:\/\/fashionuniversum.com\/#organization\",\"name\":\"Fashion Universum\",\"url\":\"https:\/\/fashionuniversum.com\/\",\"logo\":{\"@type\":\"ImageObject\",\"inLanguage\":\"hu\",\"@id\":\"https:\/\/fashionuniversum.com\/#\/schema\/logo\/image\/\",\"url\":\"https:\/\/fashionuniversum.com\/wp-content\/uploads\/2026\/02\/cropped-cropped-imaaage.jpg\",\"contentUrl\":\"https:\/\/fashionuniversum.com\/wp-content\/uploads\/2026\/02\/cropped-cropped-imaaage.jpg\",\"width\":1389,\"height\":285,\"caption\":\"Fashion Universum\"},\"image\":{\"@id\":\"https:\/\/fashionuniversum.com\/#\/schema\/logo\/image\/\"}}]}<\/script>\n<!-- \/ Yoast SEO plugin. -->","yoast_head_json":{"title":"Fashion Universum: OLAVOGA LASARI szett a luxus\u00e9rt! \u2728\ud83d\udc8e","description":"OLAVOGA LASARI szett a Fashion Universum k\u00edn\u00e1lat\u00e1ban! \u2728 Pr\u00e9mium min\u0151s\u00e9g, alakkiemel\u0151 fazon \u00e9s luxus st\u00edlus. \ud83d\udc8e Rendeld meg a kedvenc szettedet most! \ud83d\udd25","robots":{"index":"index","follow":"follow","max-snippet":"max-snippet:-1","max-image-preview":"max-image-preview:large","max-video-preview":"max-video-preview:-1"},"canonical":"https:\/\/fashionuniversum.com\/?product=olavoga-lasari-szett","og_locale":"hu_HU","og_type":"article","og_title":"Fashion Universum: OLAVOGA LASARI szett a luxus\u00e9rt! \u2728\ud83d\udc8e","og_description":"OLAVOGA LASARI szett a Fashion Universum k\u00edn\u00e1lat\u00e1ban! \u2728 Pr\u00e9mium min\u0151s\u00e9g, alakkiemel\u0151 fazon \u00e9s luxus st\u00edlus. \ud83d\udc8e Rendeld meg a kedvenc szettedet most! \ud83d\udd25","og_url":"https:\/\/fashionuniversum.com\/?product=olavoga-lasari-szett","og_site_name":"Fashion Universum","article_modified_time":"2026-04-17T09:00:32+00:00","og_image":[{"width":1707,"height":2560,"url":"https:\/\/fashionuniversum.com\/wp-content\/uploads\/2026\/04\/komplet-LASARI-621-scaled.jpg","type":"image\/jpeg"}],"twitter_card":"summary_large_image","twitter_misc":{"Becs\u00fclt olvas\u00e1si id\u0151":"3 perc"},"schema":{"@context":"https:\/\/schema.org","@graph":[{"@type":"WebPage","@id":"https:\/\/fashionuniversum.com\/?product=olavoga-lasari-szett","url":"https:\/\/fashionuniversum.com\/?product=olavoga-lasari-szett","name":"Fashion Universum: OLAVOGA LASARI szett a luxus\u00e9rt! \u2728\ud83d\udc8e","isPartOf":{"@id":"https:\/\/fashionuniversum.com\/#website"},"primaryImageOfPage":{"@id":"https:\/\/fashionuniversum.com\/?product=olavoga-lasari-szett#primaryimage"},"image":{"@id":"https:\/\/fashionuniversum.com\/?product=olavoga-lasari-szett#primaryimage"},"thumbnailUrl":"https:\/\/fashionuniversum.com\/wp-content\/uploads\/2026\/04\/komplet-LASARI-621-scaled.jpg","datePublished":"2026-04-16T17:33:28+00:00","dateModified":"2026-04-17T09:00:32+00:00","description":"OLAVOGA LASARI szett a Fashion Universum k\u00edn\u00e1lat\u00e1ban! \u2728 Pr\u00e9mium min\u0151s\u00e9g, alakkiemel\u0151 fazon \u00e9s luxus st\u00edlus. \ud83d\udc8e Rendeld meg a kedvenc szettedet most! \ud83d\udd25","breadcrumb":{"@id":"https:\/\/fashionuniversum.com\/?product=olavoga-lasari-szett#breadcrumb"},"inLanguage":"hu","potentialAction":[{"@type":"ReadAction","target":["https:\/\/fashionuniversum.com\/?product=olavoga-lasari-szett"]}]},{"@type":"ImageObject","inLanguage":"hu","@id":"https:\/\/fashionuniversum.com\/?product=olavoga-lasari-szett#primaryimage","url":"https:\/\/fashionuniversum.com\/wp-content\/uploads\/2026\/04\/komplet-LASARI-621-scaled.jpg","contentUrl":"https:\/\/fashionuniversum.com\/wp-content\/uploads\/2026\/04\/komplet-LASARI-621-scaled.jpg","width":1707,"height":2560,"caption":"OLAVOGA LASARI szett"},{"@type":"BreadcrumbList","@id":"https:\/\/fashionuniversum.com\/?product=olavoga-lasari-szett#breadcrumb","itemListElement":[{"@type":"ListItem","position":1,"name":"Kezd\u0151lap","item":"https:\/\/fashionuniversum.com\/"},{"@type":"ListItem","position":2,"name":"Kezd\u0151lap","item":"https:\/\/fashionuniversum.com\/"},{"@type":"ListItem","position":3,"name":"OLAVOGA LASARI szett"}]},{"@type":"WebSite","@id":"https:\/\/fashionuniversum.com\/#website","url":"https:\/\/fashionuniversum.com\/","name":"Fashion Universum","description":"","publisher":{"@id":"https:\/\/fashionuniversum.com\/#organization"},"potentialAction":[{"@type":"SearchAction","target":{"@type":"EntryPoint","urlTemplate":"https:\/\/fashionuniversum.com\/?s={search_term_string}"},"query-input":{"@type":"PropertyValueSpecification","valueRequired":true,"valueName":"search_term_string"}}],"inLanguage":"hu"},{"@type":"Organization","@id":"https:\/\/fashionuniversum.com\/#organization","name":"Fashion Universum","url":"https:\/\/fashionuniversum.com\/","logo":{"@type":"ImageObject","inLanguage":"hu","@id":"https:\/\/fashionuniversum.com\/#\/schema\/logo\/image\/","url":"https:\/\/fashionuniversum.com\/wp-content\/uploads\/2026\/02\/cropped-cropped-imaaage.jpg","contentUrl":"https:\/\/fashionuniversum.com\/wp-content\/uploads\/2026\/02\/cropped-cropped-imaaage.jpg","width":1389,"height":285,"caption":"Fashion Universum"},"image":{"@id":"https:\/\/fashionuniversum.com\/#\/schema\/logo\/image\/"}}]}},"_links":{"self":[{"href":"https:\/\/fashionuniversum.com\/index.php?rest_route=\/wp\/v2\/product\/4191","targetHints":{"allow":["GET"]}}],"collection":[{"href":"https:\/\/fashionuniversum.com\/index.php?rest_route=\/wp\/v2\/product"}],"about":[{"href":"https:\/\/fashionuniversum.com\/index.php?rest_route=\/wp\/v2\/types\/product"}],"wp:featuredmedia":[{"embeddable":true,"href":"https:\/\/fashionuniversum.com\/index.php?rest_route=\/wp\/v2\/media\/4192"}],"wp:attachment":[{"href":"https:\/\/fashionuniversum.com\/index.php?rest_route=%2Fwp%2Fv2%2Fmedia&parent=4191"}],"wp:term":[{"taxonomy":"product_brand","embeddable":true,"href":"https:\/\/fashionuniversum.com\/index.php?rest_route=%2Fwp%2Fv2%2Fproduct_brand&post=4191"},{"taxonomy":"product_cat","embeddable":true,"href":"https:\/\/fashionuniversum.com\/index.php?rest_route=%2Fwp%2Fv2%2Fproduct_cat&post=4191"},{"taxonomy":"product_tag","embeddable":true,"href":"https:\/\/fashionuniversum.com\/index.php?rest_route=%2Fwp%2Fv2%2Fproduct_tag&post=4191"}],"curies":[{"name":"wp","href":"https:\/\/api.w.org\/{rel}","templated":true}]}}