{"id":4168,"date":"2026-01-22T15:01:40","date_gmt":"2026-01-22T15:01:40","guid":{"rendered":"https:\/\/fashionuniversum.com\/?post_type=product&#038;p=4168"},"modified":"2026-04-10T06:56:47","modified_gmt":"2026-04-10T06:56:47","slug":"uplander-kabat-4","status":"publish","type":"product","link":"https:\/\/fashionuniversum.com\/?product=uplander-kabat-4","title":{"rendered":"UPLANDER kab\u00e1t"},"content":{"rendered":"<div class=\"otQkpb\" role=\"heading\" aria-level=\"3\" data-animation-nesting=\"\" data-sfc-cp=\"\" data-sfc-cb=\"\" data-complete=\"true\" data-processed=\"true\" data-sae=\"\"><strong><img decoding=\"async\" class=\"emoji\" role=\"img\" draggable=\"false\" src=\"https:\/\/s.w.org\/images\/core\/emoji\/17.0.2\/svg\/2728.svg\" alt=\"\u2728\" \/> UPLANDER kab\u00e1t |Steppelt R\u00f6vid Dzseki \u2013 K\u00e9k Elegancia <img decoding=\"async\" class=\"emoji\" role=\"img\" draggable=\"false\" src=\"https:\/\/s.w.org\/images\/core\/emoji\/17.0.2\/svg\/2728.svg\" alt=\"\u2728\" \/><\/strong><\/div>\n<div data-sfc-cp=\"\" data-sfc-cb=\"\" data-hveid=\"CAEIBRAA\" data-complete=\"true\" data-processed=\"true\"><\/div>\n<div class=\"Y3BBE\" data-sfc-cp=\"\" data-sfc-cb=\"\" data-hveid=\"CAEIBRAA\" data-complete=\"true\" data-processed=\"true\">Vidd bele a tavaszi vagy \u0151szi ruhat\u00e1radba ezt a st\u00edlusos \u00e9s k\u00fcl\u00f6nleges <strong class=\"Yjhzub\" data-sfc-cb=\"\" data-complete=\"true\" data-processed=\"true\">UPLANDER kab\u00e1t -ot<\/strong>, amely garant\u00e1ltan a kedvenc darabod lesz! <img decoding=\"async\" class=\"emoji\" role=\"img\" draggable=\"false\" src=\"https:\/\/s.w.org\/images\/core\/emoji\/17.0.2\/svg\/1f338.svg\" alt=\"\ud83c\udf38\" \/> Ez a r\u00f6vid\u00edtett fazon\u00fa, steppelt dzseki t\u00f6k\u00e9letes v\u00e1laszt\u00e1s a magabiztos n\u0151knek, akik szeretik a pr\u00e9mium min\u0151s\u00e9get \u00e9s a modern megjelen\u00e9st.<\/div>\n<div class=\"Fsg96\" data-sfc-cp=\"\" data-sfc-cb=\"\" data-complete=\"true\" data-processed=\"true\"><\/div>\n<div class=\"AdPoic\" role=\"heading\" aria-level=\"3\" data-animation-nesting=\"\" data-sfc-cp=\"\" data-sfc-cb=\"\" data-complete=\"true\" data-processed=\"true\" data-sae=\"\"><img decoding=\"async\" class=\"emoji\" role=\"img\" draggable=\"false\" src=\"https:\/\/s.w.org\/images\/core\/emoji\/17.0.2\/svg\/1f48e.svg\" alt=\"\ud83d\udc8e\" \/> Mi\u00e9rt fogod im\u00e1dni?<\/div>\n<ul class=\"KsbFXc U6u95\" data-sfc-cb=\"\" data-complete=\"true\" data-processed=\"true\">\n<li class=\"dF3vjf\" data-sfc-cb=\"\" data-hveid=\"CAEIBxAA\" data-complete=\"true\" data-sae=\"\"><span class=\"T286Pc\" data-sfc-cp=\"\" data-sfc-cb=\"\" data-complete=\"true\"><strong class=\"Yjhzub\" data-sfc-cb=\"\" data-complete=\"true\">Kifinomult diz\u00e1jn:<\/strong> A rombusz alak\u00fa steppel\u00e9s \u00e9s a felt\u0171n\u0151 arany gombok luxus megjelen\u00e9st k\u00f6lcs\u00f6n\u00f6znek.<\/span><\/li>\n<li class=\"dF3vjf\" data-sfc-cb=\"\" data-hveid=\"CAEIBxAB\" data-complete=\"true\" data-sae=\"\"><span class=\"T286Pc\" data-sfc-cp=\"\" data-sfc-cb=\"\" data-complete=\"true\"><strong class=\"Yjhzub\" data-sfc-cb=\"\" data-complete=\"true\">El\u0151ny\u00f6s fazon:<\/strong> A \u201ecropped\u201d (r\u00f6vid\u00edtett) hossz kiemeli a derekadat, \u00edgy remek\u00fcl mutat magas derek\u00fa nadr\u00e1gokkal.<\/span><\/li>\n<li class=\"dF3vjf\" data-sfc-cb=\"\" data-hveid=\"CAEIBxAC\" data-complete=\"true\" data-sae=\"\"><span class=\"T286Pc\" data-sfc-cp=\"\" data-sfc-cb=\"\" data-complete=\"true\"><strong class=\"Yjhzub\" data-sfc-cb=\"\" data-complete=\"true\">Praktikus r\u00e9szletek:<\/strong> Mark\u00e1ns gall\u00e9rral \u00e9s zsebfed\u0151kkel d\u00edsz\u00edtett, amik karakteress\u00e9 teszik a kab\u00e1tot.<\/span><\/li>\n<li class=\"dF3vjf\" data-sfc-cb=\"\" data-hveid=\"CAEIBxAD\" data-complete=\"true\" data-sae=\"\"><span class=\"T286Pc\" data-sfc-cp=\"\" data-sfc-cb=\"\" data-complete=\"true\"><strong class=\"Yjhzub\" data-sfc-cb=\"\" data-complete=\"true\">Pr\u00e9mium \u00e9rzet:<\/strong> K\u00f6nny\u0171, m\u00e9gis tart\u00f3s anyag, amely k\u00e9nyelmes viselet a mindennapokban.<\/span><\/li>\n<\/ul>\n<div class=\"Fsg96\" data-sfc-cp=\"\" data-sfc-cb=\"\" data-complete=\"true\" data-processed=\"true\"><\/div>\n<div class=\"AdPoic\" role=\"heading\" aria-level=\"3\" data-animation-nesting=\"\" data-sfc-cp=\"\" data-sfc-cb=\"\" data-complete=\"true\" data-processed=\"true\" data-sae=\"\"><img decoding=\"async\" class=\"emoji\" role=\"img\" draggable=\"false\" src=\"https:\/\/s.w.org\/images\/core\/emoji\/17.0.2\/svg\/1f457.svg\" alt=\"\ud83d\udc57\" \/> St\u00edlus Tippek a Fashion Universumt\u00f3l:<\/div>\n<ol class=\"IaGLZe VimKh\" data-sfc-cb=\"\" data-complete=\"true\" data-processed=\"true\">\n<li class=\"dF3vjf\" data-sfc-cb=\"\" data-hveid=\"CAEICRAA\" data-complete=\"true\" data-sae=\"\"><span class=\"T286Pc\" data-sfc-cp=\"\" data-sfc-cb=\"\" data-complete=\"true\"><strong class=\"Yjhzub\" data-sfc-cb=\"\" data-complete=\"true\">Casual Chic:<\/strong> Viseld a k\u00e9pen l\u00e1that\u00f3 m\u00f3don egy vil\u00e1gos koptat\u00e1s\u00fa szaggatott farmerrel \u00e9s egy egyszer\u0171 feh\u00e9r toppal. Egy feh\u00e9r sneakerrel t\u00f6k\u00e9letes v\u00e1rosi szettet kapsz! <img decoding=\"async\" class=\"emoji\" role=\"img\" draggable=\"false\" src=\"https:\/\/s.w.org\/images\/core\/emoji\/17.0.2\/svg\/1f45f.svg\" alt=\"\ud83d\udc5f\" \/><\/span><\/li>\n<li class=\"dF3vjf\" data-sfc-cb=\"\" data-hveid=\"CAEICRAB\" data-complete=\"true\" data-sae=\"\"><span class=\"T286Pc\" data-sfc-cp=\"\" data-sfc-cb=\"\" data-complete=\"true\"><strong class=\"Yjhzub\" data-sfc-cb=\"\" data-complete=\"true\">Esti randi:<\/strong> Dobd fel egy sz\u0171k fekete midiszokny\u00e1val \u00e9s magassark\u00fa bokacsizm\u00e1val a n\u0151iesebb hat\u00e1s\u00e9rt. <img decoding=\"async\" class=\"emoji\" role=\"img\" draggable=\"false\" src=\"https:\/\/s.w.org\/images\/core\/emoji\/17.0.2\/svg\/1f484.svg\" alt=\"\ud83d\udc84\" \/><\/span><\/li>\n<li class=\"dF3vjf\" data-sfc-cb=\"\" data-hveid=\"CAEICRAC\" data-complete=\"true\" data-sae=\"\"><span class=\"T286Pc\" data-sfc-cp=\"\" data-sfc-cb=\"\" data-complete=\"true\"><strong class=\"Yjhzub\" data-sfc-cb=\"\" data-complete=\"true\">Sporty Lux:<\/strong> Kombin\u00e1ld egy passzos leggings-szel \u00e9s egy baseball sapk\u00e1val a st\u00edlusos h\u00e9tv\u00e9gi programokhoz. <img decoding=\"async\" class=\"emoji\" role=\"img\" draggable=\"false\" src=\"https:\/\/s.w.org\/images\/core\/emoji\/17.0.2\/svg\/2615.svg\" alt=\"\u2615\" \/><\/span><\/li>\n<\/ol>\n<div class=\"Fsg96\" data-sfc-cp=\"\" data-sfc-cb=\"\" data-complete=\"true\" data-processed=\"true\"><\/div>\n<div class=\"AdPoic\" role=\"heading\" aria-level=\"3\" data-animation-nesting=\"\" data-sfc-cp=\"\" data-sfc-cb=\"\" data-complete=\"true\" data-processed=\"true\" data-sae=\"\"><img decoding=\"async\" class=\"emoji\" role=\"img\" draggable=\"false\" src=\"https:\/\/s.w.org\/images\/core\/emoji\/17.0.2\/svg\/1f4dd.svg\" alt=\"\ud83d\udcdd\" \/> Term\u00e9kjellemz\u0151k:<\/div>\n<ul class=\"KsbFXc U6u95\" data-sfc-cb=\"\" data-complete=\"true\" data-processed=\"true\">\n<li class=\"dF3vjf\" data-sfc-cb=\"\" data-hveid=\"CAEICxAA\" data-complete=\"true\" data-sae=\"\"><span class=\"T286Pc\" data-sfc-cp=\"\" data-sfc-cb=\"\" data-complete=\"true\"><strong class=\"Yjhzub\" data-sfc-cb=\"\" data-complete=\"true\">M\u00e1rka:<\/strong> UPLANDER<\/span><\/li>\n<li class=\"dF3vjf\" data-sfc-cb=\"\" data-hveid=\"CAEICxAB\" data-complete=\"true\" data-sae=\"\"><span class=\"T286Pc\" data-sfc-cp=\"\" data-sfc-cb=\"\" data-complete=\"true\"><strong class=\"Yjhzub\" data-sfc-cb=\"\" data-complete=\"true\">Sz\u00edn:<\/strong> K\u00e9k \/ Babak\u00e9k<\/span><\/li>\n<li class=\"dF3vjf\" data-sfc-cb=\"\" data-hveid=\"CAEICxAC\" data-complete=\"true\" data-sae=\"\"><span class=\"T286Pc\" data-sfc-cp=\"\" data-sfc-cb=\"\" data-complete=\"true\"><strong class=\"Yjhzub\" data-sfc-cb=\"\" data-complete=\"true\">R\u00e9szletek:<\/strong> Arany gombok, steppelt minta, emelt gall\u00e9r<\/span><\/li>\n<li class=\"dF3vjf\" data-sfc-cb=\"\" data-hveid=\"CAEICxAD\" data-complete=\"true\" data-sae=\"\"><span class=\"T286Pc\" data-sfc-cp=\"\" data-sfc-cb=\"\" data-complete=\"true\"><strong class=\"Yjhzub\" data-sfc-cb=\"\" data-complete=\"true\">Tiszt\u00edt\u00e1s:<\/strong> K\u00edm\u00e9l\u0151 g\u00e9pi mos\u00e1s aj\u00e1nlott (30\u00b0C)<\/span><\/li>\n<\/ul>\n<div class=\"Fsg96\" data-sfc-cp=\"\" data-sfc-cb=\"\" data-complete=\"true\" data-processed=\"true\"><\/div>\n<hr class=\"j3tEEe\" data-sfc-pl=\"|[]\" data-sfc-cb=\"\" data-complete=\"true\" data-processed=\"true\" data-sae=\"\" \/>\n<div class=\"Y3BBE\" data-sfc-cp=\"\" data-sfc-cb=\"\" data-hveid=\"CAEIDRAA\" data-complete=\"true\" data-processed=\"true\"><img decoding=\"async\" class=\"emoji\" role=\"img\" draggable=\"false\" src=\"https:\/\/s.w.org\/images\/core\/emoji\/17.0.2\/svg\/1f6d2.svg\" alt=\"\ud83d\uded2\" \/> <strong class=\"Yjhzub\" data-sfc-cb=\"\" data-complete=\"true\" data-processed=\"true\" aria-owns=\"action-menu-parent-container\">Vedd meg most, \u00e9s ragyogj minden nap az UPLANDER st\u00edlus\u00e1ban!<\/strong><\/div>\n","protected":false},"excerpt":{"rendered":"<p>UPLANDER kab\u00e1t |Steppelt R\u00f6vid Dzseki \u2013 K\u00e9k Elegancia Vidd bele a tavaszi vagy \u0151szi ruhat\u00e1radba ezt a st\u00edlusos \u00e9s k\u00fcl\u00f6nleges UPLANDER kab\u00e1t -ot, amely garant\u00e1ltan &hellip; <\/p>\n","protected":false},"featured_media":4170,"template":"","meta":[],"product_brand":[84],"product_cat":[16,19,39,25,42],"product_tag":[],"class_list":{"0":"post-4168","1":"product","2":"type-product","3":"status-publish","4":"has-post-thumbnail","6":"product_brand-uplander","7":"product_cat-akcios-termekek","8":"product_cat-markak","9":"product_cat-uplander","10":"product_cat-noi-ruhazat-hu","11":"product_cat-kabatok-dzsekik","13":"first","14":"instock","15":"sale","16":"shipping-taxable","17":"purchasable","18":"product-type-variable"},"yoast_head":"<!-- This site is optimized with the Yoast SEO plugin v26.7 - https:\/\/yoast.com\/wordpress\/plugins\/seo\/ -->\n<title>UPLANDER kab\u00e1t \u2013 Fashion Universum \ud83e\udde5\u2728<\/title>\n<meta name=\"description\" content=\"UPLANDER kab\u00e1t a Fashion Universumt\u00f3l! \ud83e\udde5 Pr\u00e9mium min\u0151s\u00e9g, egyedi steppel\u00e9s \u00e9s st\u00edlusos k\u00e9k sz\u00edn. Csapj le az utols\u00f3 M-es darabra akci\u00f3s \u00e1ron! \u2728\" \/>\n<meta name=\"robots\" content=\"index, follow, max-snippet:-1, max-image-preview:large, max-video-preview:-1\" \/>\n<link rel=\"canonical\" href=\"https:\/\/fashionuniversum.com\/?product=uplander-kabat-4\" \/>\n<meta property=\"og:locale\" content=\"hu_HU\" \/>\n<meta property=\"og:type\" content=\"article\" \/>\n<meta property=\"og:title\" content=\"UPLANDER kab\u00e1t \u2013 Fashion Universum \ud83e\udde5\u2728\" \/>\n<meta property=\"og:description\" content=\"UPLANDER kab\u00e1t a Fashion Universumt\u00f3l! \ud83e\udde5 Pr\u00e9mium min\u0151s\u00e9g, egyedi steppel\u00e9s \u00e9s st\u00edlusos k\u00e9k sz\u00edn. Csapj le az utols\u00f3 M-es darabra akci\u00f3s \u00e1ron! \u2728\" \/>\n<meta property=\"og:url\" content=\"https:\/\/fashionuniversum.com\/?product=uplander-kabat-4\" \/>\n<meta property=\"og:site_name\" content=\"Fashion Universum\" \/>\n<meta property=\"article:modified_time\" content=\"2026-04-10T06:56:47+00:00\" \/>\n<meta property=\"og:image\" content=\"https:\/\/fashionuniversum.com\/wp-content\/uploads\/2026\/04\/487673830_1297013491849616_2502761771397489984_n.jpg\" \/>\n\t<meta property=\"og:image:width\" content=\"720\" \/>\n\t<meta property=\"og:image:height\" content=\"960\" \/>\n\t<meta property=\"og:image:type\" content=\"image\/jpeg\" \/>\n<meta name=\"twitter:card\" content=\"summary_large_image\" \/>\n<meta name=\"twitter:label1\" content=\"Becs\u00fclt olvas\u00e1si id\u0151\" \/>\n\t<meta name=\"twitter:data1\" content=\"4 perc\" \/>\n<script type=\"application\/ld+json\" class=\"yoast-schema-graph\">{\"@context\":\"https:\/\/schema.org\",\"@graph\":[{\"@type\":\"WebPage\",\"@id\":\"https:\/\/fashionuniversum.com\/?product=uplander-kabat-4\",\"url\":\"https:\/\/fashionuniversum.com\/?product=uplander-kabat-4\",\"name\":\"UPLANDER kab\u00e1t \u2013 Fashion Universum \ud83e\udde5\u2728\",\"isPartOf\":{\"@id\":\"https:\/\/fashionuniversum.com\/#website\"},\"primaryImageOfPage\":{\"@id\":\"https:\/\/fashionuniversum.com\/?product=uplander-kabat-4#primaryimage\"},\"image\":{\"@id\":\"https:\/\/fashionuniversum.com\/?product=uplander-kabat-4#primaryimage\"},\"thumbnailUrl\":\"https:\/\/fashionuniversum.com\/wp-content\/uploads\/2026\/04\/487673830_1297013491849616_2502761771397489984_n.jpg\",\"datePublished\":\"2026-01-22T15:01:40+00:00\",\"dateModified\":\"2026-04-10T06:56:47+00:00\",\"description\":\"UPLANDER kab\u00e1t a Fashion Universumt\u00f3l! \ud83e\udde5 Pr\u00e9mium min\u0151s\u00e9g, egyedi steppel\u00e9s \u00e9s st\u00edlusos k\u00e9k sz\u00edn. Csapj le az utols\u00f3 M-es darabra akci\u00f3s \u00e1ron! \u2728\",\"breadcrumb\":{\"@id\":\"https:\/\/fashionuniversum.com\/?product=uplander-kabat-4#breadcrumb\"},\"inLanguage\":\"hu\",\"potentialAction\":[{\"@type\":\"ReadAction\",\"target\":[\"https:\/\/fashionuniversum.com\/?product=uplander-kabat-4\"]}]},{\"@type\":\"ImageObject\",\"inLanguage\":\"hu\",\"@id\":\"https:\/\/fashionuniversum.com\/?product=uplander-kabat-4#primaryimage\",\"url\":\"https:\/\/fashionuniversum.com\/wp-content\/uploads\/2026\/04\/487673830_1297013491849616_2502761771397489984_n.jpg\",\"contentUrl\":\"https:\/\/fashionuniversum.com\/wp-content\/uploads\/2026\/04\/487673830_1297013491849616_2502761771397489984_n.jpg\",\"width\":720,\"height\":960,\"caption\":\"UPLANDER kab\u00e1t\"},{\"@type\":\"BreadcrumbList\",\"@id\":\"https:\/\/fashionuniversum.com\/?product=uplander-kabat-4#breadcrumb\",\"itemListElement\":[{\"@type\":\"ListItem\",\"position\":1,\"name\":\"Kezd\u0151lap\",\"item\":\"https:\/\/fashionuniversum.com\/\"},{\"@type\":\"ListItem\",\"position\":2,\"name\":\"Kezd\u0151lap\",\"item\":\"https:\/\/fashionuniversum.com\/\"},{\"@type\":\"ListItem\",\"position\":3,\"name\":\"UPLANDER kab\u00e1t\"}]},{\"@type\":\"WebSite\",\"@id\":\"https:\/\/fashionuniversum.com\/#website\",\"url\":\"https:\/\/fashionuniversum.com\/\",\"name\":\"Fashion Universum\",\"description\":\"\",\"publisher\":{\"@id\":\"https:\/\/fashionuniversum.com\/#organization\"},\"potentialAction\":[{\"@type\":\"SearchAction\",\"target\":{\"@type\":\"EntryPoint\",\"urlTemplate\":\"https:\/\/fashionuniversum.com\/?s={search_term_string}\"},\"query-input\":{\"@type\":\"PropertyValueSpecification\",\"valueRequired\":true,\"valueName\":\"search_term_string\"}}],\"inLanguage\":\"hu\"},{\"@type\":\"Organization\",\"@id\":\"https:\/\/fashionuniversum.com\/#organization\",\"name\":\"Fashion Universum\",\"url\":\"https:\/\/fashionuniversum.com\/\",\"logo\":{\"@type\":\"ImageObject\",\"inLanguage\":\"hu\",\"@id\":\"https:\/\/fashionuniversum.com\/#\/schema\/logo\/image\/\",\"url\":\"https:\/\/fashionuniversum.com\/wp-content\/uploads\/2026\/02\/cropped-cropped-imaaage.jpg\",\"contentUrl\":\"https:\/\/fashionuniversum.com\/wp-content\/uploads\/2026\/02\/cropped-cropped-imaaage.jpg\",\"width\":1389,\"height\":285,\"caption\":\"Fashion Universum\"},\"image\":{\"@id\":\"https:\/\/fashionuniversum.com\/#\/schema\/logo\/image\/\"}}]}<\/script>\n<!-- \/ Yoast SEO plugin. -->","yoast_head_json":{"title":"UPLANDER kab\u00e1t \u2013 Fashion Universum \ud83e\udde5\u2728","description":"UPLANDER kab\u00e1t a Fashion Universumt\u00f3l! \ud83e\udde5 Pr\u00e9mium min\u0151s\u00e9g, egyedi steppel\u00e9s \u00e9s st\u00edlusos k\u00e9k sz\u00edn. Csapj le az utols\u00f3 M-es darabra akci\u00f3s \u00e1ron! \u2728","robots":{"index":"index","follow":"follow","max-snippet":"max-snippet:-1","max-image-preview":"max-image-preview:large","max-video-preview":"max-video-preview:-1"},"canonical":"https:\/\/fashionuniversum.com\/?product=uplander-kabat-4","og_locale":"hu_HU","og_type":"article","og_title":"UPLANDER kab\u00e1t \u2013 Fashion Universum \ud83e\udde5\u2728","og_description":"UPLANDER kab\u00e1t a Fashion Universumt\u00f3l! \ud83e\udde5 Pr\u00e9mium min\u0151s\u00e9g, egyedi steppel\u00e9s \u00e9s st\u00edlusos k\u00e9k sz\u00edn. Csapj le az utols\u00f3 M-es darabra akci\u00f3s \u00e1ron! \u2728","og_url":"https:\/\/fashionuniversum.com\/?product=uplander-kabat-4","og_site_name":"Fashion Universum","article_modified_time":"2026-04-10T06:56:47+00:00","og_image":[{"width":720,"height":960,"url":"https:\/\/fashionuniversum.com\/wp-content\/uploads\/2026\/04\/487673830_1297013491849616_2502761771397489984_n.jpg","type":"image\/jpeg"}],"twitter_card":"summary_large_image","twitter_misc":{"Becs\u00fclt olvas\u00e1si id\u0151":"4 perc"},"schema":{"@context":"https:\/\/schema.org","@graph":[{"@type":"WebPage","@id":"https:\/\/fashionuniversum.com\/?product=uplander-kabat-4","url":"https:\/\/fashionuniversum.com\/?product=uplander-kabat-4","name":"UPLANDER kab\u00e1t \u2013 Fashion Universum \ud83e\udde5\u2728","isPartOf":{"@id":"https:\/\/fashionuniversum.com\/#website"},"primaryImageOfPage":{"@id":"https:\/\/fashionuniversum.com\/?product=uplander-kabat-4#primaryimage"},"image":{"@id":"https:\/\/fashionuniversum.com\/?product=uplander-kabat-4#primaryimage"},"thumbnailUrl":"https:\/\/fashionuniversum.com\/wp-content\/uploads\/2026\/04\/487673830_1297013491849616_2502761771397489984_n.jpg","datePublished":"2026-01-22T15:01:40+00:00","dateModified":"2026-04-10T06:56:47+00:00","description":"UPLANDER kab\u00e1t a Fashion Universumt\u00f3l! \ud83e\udde5 Pr\u00e9mium min\u0151s\u00e9g, egyedi steppel\u00e9s \u00e9s st\u00edlusos k\u00e9k sz\u00edn. Csapj le az utols\u00f3 M-es darabra akci\u00f3s \u00e1ron! \u2728","breadcrumb":{"@id":"https:\/\/fashionuniversum.com\/?product=uplander-kabat-4#breadcrumb"},"inLanguage":"hu","potentialAction":[{"@type":"ReadAction","target":["https:\/\/fashionuniversum.com\/?product=uplander-kabat-4"]}]},{"@type":"ImageObject","inLanguage":"hu","@id":"https:\/\/fashionuniversum.com\/?product=uplander-kabat-4#primaryimage","url":"https:\/\/fashionuniversum.com\/wp-content\/uploads\/2026\/04\/487673830_1297013491849616_2502761771397489984_n.jpg","contentUrl":"https:\/\/fashionuniversum.com\/wp-content\/uploads\/2026\/04\/487673830_1297013491849616_2502761771397489984_n.jpg","width":720,"height":960,"caption":"UPLANDER kab\u00e1t"},{"@type":"BreadcrumbList","@id":"https:\/\/fashionuniversum.com\/?product=uplander-kabat-4#breadcrumb","itemListElement":[{"@type":"ListItem","position":1,"name":"Kezd\u0151lap","item":"https:\/\/fashionuniversum.com\/"},{"@type":"ListItem","position":2,"name":"Kezd\u0151lap","item":"https:\/\/fashionuniversum.com\/"},{"@type":"ListItem","position":3,"name":"UPLANDER kab\u00e1t"}]},{"@type":"WebSite","@id":"https:\/\/fashionuniversum.com\/#website","url":"https:\/\/fashionuniversum.com\/","name":"Fashion Universum","description":"","publisher":{"@id":"https:\/\/fashionuniversum.com\/#organization"},"potentialAction":[{"@type":"SearchAction","target":{"@type":"EntryPoint","urlTemplate":"https:\/\/fashionuniversum.com\/?s={search_term_string}"},"query-input":{"@type":"PropertyValueSpecification","valueRequired":true,"valueName":"search_term_string"}}],"inLanguage":"hu"},{"@type":"Organization","@id":"https:\/\/fashionuniversum.com\/#organization","name":"Fashion Universum","url":"https:\/\/fashionuniversum.com\/","logo":{"@type":"ImageObject","inLanguage":"hu","@id":"https:\/\/fashionuniversum.com\/#\/schema\/logo\/image\/","url":"https:\/\/fashionuniversum.com\/wp-content\/uploads\/2026\/02\/cropped-cropped-imaaage.jpg","contentUrl":"https:\/\/fashionuniversum.com\/wp-content\/uploads\/2026\/02\/cropped-cropped-imaaage.jpg","width":1389,"height":285,"caption":"Fashion Universum"},"image":{"@id":"https:\/\/fashionuniversum.com\/#\/schema\/logo\/image\/"}}]}},"_links":{"self":[{"href":"https:\/\/fashionuniversum.com\/index.php?rest_route=\/wp\/v2\/product\/4168","targetHints":{"allow":["GET"]}}],"collection":[{"href":"https:\/\/fashionuniversum.com\/index.php?rest_route=\/wp\/v2\/product"}],"about":[{"href":"https:\/\/fashionuniversum.com\/index.php?rest_route=\/wp\/v2\/types\/product"}],"wp:featuredmedia":[{"embeddable":true,"href":"https:\/\/fashionuniversum.com\/index.php?rest_route=\/wp\/v2\/media\/4170"}],"wp:attachment":[{"href":"https:\/\/fashionuniversum.com\/index.php?rest_route=%2Fwp%2Fv2%2Fmedia&parent=4168"}],"wp:term":[{"taxonomy":"product_brand","embeddable":true,"href":"https:\/\/fashionuniversum.com\/index.php?rest_route=%2Fwp%2Fv2%2Fproduct_brand&post=4168"},{"taxonomy":"product_cat","embeddable":true,"href":"https:\/\/fashionuniversum.com\/index.php?rest_route=%2Fwp%2Fv2%2Fproduct_cat&post=4168"},{"taxonomy":"product_tag","embeddable":true,"href":"https:\/\/fashionuniversum.com\/index.php?rest_route=%2Fwp%2Fv2%2Fproduct_tag&post=4168"}],"curies":[{"name":"wp","href":"https:\/\/api.w.org\/{rel}","templated":true}]}}