{"id":4092,"date":"2026-04-09T19:01:04","date_gmt":"2026-04-09T19:01:04","guid":{"rendered":"https:\/\/fashionuniversum.com\/?post_type=product&#038;p=4092"},"modified":"2026-04-14T16:47:23","modified_gmt":"2026-04-14T16:47:23","slug":"olavoga-movena-felso-2","status":"publish","type":"product","link":"https:\/\/fashionuniversum.com\/?product=olavoga-movena-felso-2","title":{"rendered":"OLAVOGA MOVENA fels\u0151"},"content":{"rendered":"<div class=\"Y3BBE\" data-sfc-cp=\"\" data-sfc-root=\"c\" data-sfc-cb=\"\" data-hveid=\"CAEIAxAA\" data-complete=\"true\" data-processed=\"true\"><img decoding=\"async\" class=\"emoji\" role=\"img\" draggable=\"false\" src=\"https:\/\/s.w.org\/images\/core\/emoji\/17.0.2\/svg\/2728.svg\" alt=\"\u2728\" \/> <strong class=\"Yjhzub\" data-sfc-root=\"c\" data-sfc-cb=\"\" data-complete=\"true\" data-processed=\"true\">OLAVOGA MOVENA fels\u0151 \u2013 A MODERN MINIMALIZMUS \u00c9S PR\u00c9MIUM K\u00c9NYELEM<\/strong> <img decoding=\"async\" class=\"emoji\" role=\"img\" draggable=\"false\" src=\"https:\/\/s.w.org\/images\/core\/emoji\/17.0.2\/svg\/2728.svg\" alt=\"\u2728\" \/><\/div>\n<div data-sfc-cp=\"\" data-sfc-root=\"c\" data-sfc-cb=\"\" data-hveid=\"CAEIAxAA\" data-complete=\"true\" data-processed=\"true\"><\/div>\n<div class=\"Y3BBE\" data-sfc-cp=\"\" data-sfc-root=\"c\" data-sfc-cb=\"\" data-hveid=\"CAEIBBAA\" data-complete=\"true\" data-processed=\"true\">Friss\u00edtsd fel a gardr\u00f3bodat az <strong class=\"Yjhzub\" data-sfc-root=\"c\" data-sfc-cb=\"\" data-complete=\"true\" data-processed=\"true\">OLAVOGA MOVENA<\/strong> fels\u0151vel, amely a sportos lezsers\u00e9get \u00f6tv\u00f6zi a letisztult, luxus st\u00edlussal! <img decoding=\"async\" class=\"emoji\" role=\"img\" draggable=\"false\" src=\"https:\/\/s.w.org\/images\/core\/emoji\/17.0.2\/svg\/1f48e.svg\" alt=\"\ud83d\udc8e\" \/> Ez a darab a Fashion Universum k\u00edn\u00e1lat\u00e1nak egyik legsokoldal\u00fabb alapdarabja: a bord\u00e1zott anyag \u00e9s a prec\u00edz szab\u00e1svonal p\u00e1rosa garant\u00e1ltan a mindennapjaid kedvenc\u00e9v\u00e9 teszi.<\/div>\n<div class=\"Y3BBE\" data-sfc-cp=\"\" data-sfc-root=\"c\" data-sfc-cb=\"\" data-hveid=\"CAEIBRAA\" data-complete=\"true\" data-processed=\"true\"><strong class=\"Yjhzub\" data-sfc-root=\"c\" data-sfc-cb=\"\" data-complete=\"true\" data-processed=\"true\">Mi\u00e9rt fogod im\u00e1dni a MOVENA fels\u0151t?<\/strong><\/div>\n<ul class=\"KsbFXc U6u95\" data-sfc-root=\"c\" data-sfc-cb=\"\" data-complete=\"true\" data-processed=\"true\">\n<li class=\"dF3vjf\" data-sfc-root=\"c\" data-sfc-cb=\"\" data-hveid=\"CAEIBhAA\" data-complete=\"true\" data-sae=\"\"><span class=\"T286Pc\" data-sfc-cp=\"\" data-sfc-root=\"c\" data-sfc-cb=\"\" data-complete=\"true\"><strong class=\"Yjhzub\" data-sfc-root=\"c\" data-sfc-cb=\"\" data-complete=\"true\">Bord\u00e1zott Text\u00fara \u00e9s Alakform\u00e1l\u00f3 Szab\u00e1s:<\/strong> A finom, f\u00fcgg\u0151legesen bord\u00e1zott anyag optikailag karcs\u00fas\u00edt, mik\u00f6zben rugalmasan k\u00f6veti a test vonal\u00e1t, t\u00f6k\u00e9letes sziluettet biztos\u00edtva. <img decoding=\"async\" class=\"emoji\" role=\"img\" draggable=\"false\" src=\"https:\/\/s.w.org\/images\/core\/emoji\/17.0.2\/svg\/1f457.svg\" alt=\"\ud83d\udc57\" \/><img decoding=\"async\" class=\"emoji\" role=\"img\" draggable=\"false\" src=\"https:\/\/s.w.org\/images\/core\/emoji\/17.0.2\/svg\/1f525.svg\" alt=\"\ud83d\udd25\" \/><\/span><\/li>\n<li class=\"dF3vjf\" data-sfc-root=\"c\" data-sfc-cb=\"\" data-hveid=\"CAEIBhAB\" data-complete=\"true\" data-sae=\"\"><span class=\"T286Pc\" data-sfc-cp=\"\" data-sfc-root=\"c\" data-sfc-cb=\"\" data-complete=\"true\"><strong class=\"Yjhzub\" data-sfc-root=\"c\" data-sfc-cb=\"\" data-complete=\"true\">Ikonikus Minimalista Branding:<\/strong> A mellr\u00e9szen elhelyezett eleg\u00e1ns, kism\u00e9ret\u0171 OLAVOGA log\u00f3 a min\u0151s\u00e9g \u00e9s a pr\u00e9mium divat ir\u00e1nti elk\u00f6telezetts\u00e9gedet hirdeti. <img decoding=\"async\" class=\"emoji\" role=\"img\" draggable=\"false\" src=\"https:\/\/s.w.org\/images\/core\/emoji\/17.0.2\/svg\/1f6e1.svg\" alt=\"\ud83d\udee1\ufe0f\" \/><img decoding=\"async\" class=\"emoji\" role=\"img\" draggable=\"false\" src=\"https:\/\/s.w.org\/images\/core\/emoji\/17.0.2\/svg\/2728.svg\" alt=\"\u2728\" \/><\/span><\/li>\n<li class=\"dF3vjf\" data-sfc-root=\"c\" data-sfc-cb=\"\" data-hveid=\"CAEIBhAC\" data-complete=\"true\" data-sae=\"\"><span class=\"T286Pc\" data-sfc-cp=\"\" data-sfc-root=\"c\" data-sfc-cb=\"\" data-complete=\"true\"><strong class=\"Yjhzub\" data-sfc-root=\"c\" data-sfc-cb=\"\" data-complete=\"true\">Maxim\u00e1lis Komfort Eg\u00e9sz Nap:<\/strong> A selymesen puha, l\u00e9legz\u0151 anyag biztos\u00edtja a szabads\u00e1g \u00e9rz\u00e9s\u00e9t, legyen sz\u00f3 egy p\u00f6rg\u0151s v\u00e1rosi napr\u00f3l vagy egy st\u00edlusos pihen\u00e9sr\u0151l. <img decoding=\"async\" class=\"emoji\" role=\"img\" draggable=\"false\" src=\"https:\/\/s.w.org\/images\/core\/emoji\/17.0.2\/svg\/2601.svg\" alt=\"\u2601\ufe0f\" \/><img decoding=\"async\" class=\"emoji\" role=\"img\" draggable=\"false\" src=\"https:\/\/s.w.org\/images\/core\/emoji\/17.0.2\/svg\/2705.svg\" alt=\"\u2705\" \/><\/span><\/li>\n<li class=\"dF3vjf\" data-sfc-root=\"c\" data-sfc-cb=\"\" data-hveid=\"CAEIBhAD\" data-complete=\"true\" data-sae=\"\"><span class=\"T286Pc\" data-sfc-cp=\"\" data-sfc-root=\"c\" data-sfc-cb=\"\" data-complete=\"true\"><strong class=\"Yjhzub\" data-sfc-root=\"c\" data-sfc-cb=\"\" data-complete=\"true\">Id\u0151tlen Design:<\/strong> A kerek nyakkiv\u00e1g\u00e1s \u00e9s a klasszikus r\u00f6vid ujj\u00fa fazon gondoskodik r\u00f3la, hogy ez a darab soha ne menjen ki a divatb\u00f3l. <img decoding=\"async\" class=\"emoji\" role=\"img\" draggable=\"false\" src=\"https:\/\/s.w.org\/images\/core\/emoji\/17.0.2\/svg\/23f3.svg\" alt=\"\u23f3\" \/><img decoding=\"async\" class=\"emoji\" role=\"img\" draggable=\"false\" src=\"https:\/\/s.w.org\/images\/core\/emoji\/17.0.2\/svg\/2728.svg\" alt=\"\u2728\" \/><\/span><\/li>\n<\/ul>\n<div class=\"Y3BBE\" data-sfc-cp=\"\" data-sfc-root=\"c\" data-sfc-cb=\"\" data-hveid=\"CAEIBxAA\" data-complete=\"true\" data-processed=\"true\"><img decoding=\"async\" class=\"emoji\" role=\"img\" draggable=\"false\" src=\"https:\/\/s.w.org\/images\/core\/emoji\/17.0.2\/svg\/1f457.svg\" alt=\"\ud83d\udc57\" \/> <strong class=\"Yjhzub\" data-sfc-root=\"c\" data-sfc-cb=\"\" data-complete=\"true\" data-processed=\"true\">Fashion Universum St\u00edlus Tippek:<\/strong><\/div>\n<ul class=\"KsbFXc U6u95\" data-sfc-root=\"c\" data-sfc-cb=\"\" data-complete=\"true\" data-processed=\"true\">\n<li class=\"dF3vjf\" data-sfc-root=\"c\" data-sfc-cb=\"\" data-hveid=\"CAEICBAA\" data-complete=\"true\" data-sae=\"\"><span class=\"T286Pc\" data-sfc-cp=\"\" data-sfc-root=\"c\" data-sfc-cb=\"\" data-complete=\"true\"><strong class=\"Yjhzub\" data-sfc-root=\"c\" data-sfc-cb=\"\" data-complete=\"true\">Sporty Chic Look:<\/strong> Ahogy a k\u00e9pen is l\u00e1tod, egy b\u0151 sz\u00e1r\u00fa meleg\u00edt\u0151nadr\u00e1ggal \u00e9s egy k\u00e9nyelmes sneakerrel a legt\u00f6k\u00e9letesebb h\u00e9tk\u00f6znapi viselet. <img decoding=\"async\" class=\"emoji\" role=\"img\" draggable=\"false\" src=\"https:\/\/s.w.org\/images\/core\/emoji\/17.0.2\/svg\/1f45f.svg\" alt=\"\ud83d\udc5f\" \/><img decoding=\"async\" class=\"emoji\" role=\"img\" draggable=\"false\" src=\"https:\/\/s.w.org\/images\/core\/emoji\/17.0.2\/svg\/1f5a4.svg\" alt=\"\ud83d\udda4\" \/><\/span><\/li>\n<li class=\"dF3vjf\" data-sfc-root=\"c\" data-sfc-cb=\"\" data-hveid=\"CAEICBAB\" data-complete=\"true\" data-sae=\"\"><span class=\"T286Pc\" data-sfc-cp=\"\" data-sfc-root=\"c\" data-sfc-cb=\"\" data-complete=\"true\"><strong class=\"Yjhzub\" data-sfc-root=\"c\" data-sfc-cb=\"\" data-complete=\"true\">V\u00e1rosi Elegancia:<\/strong> P\u00e1ros\u00edtsd egy magas derek\u00fa farmerrel \u00e9s egy oversize bl\u00e9zerrel a kifinomult, m\u00e9gis laza \u201estreet style\u201d megjelen\u00e9s\u00e9rt. <img decoding=\"async\" class=\"emoji\" role=\"img\" draggable=\"false\" src=\"https:\/\/s.w.org\/images\/core\/emoji\/17.0.2\/svg\/1f9e5.svg\" alt=\"\ud83e\udde5\" \/><img decoding=\"async\" class=\"emoji\" role=\"img\" draggable=\"false\" src=\"https:\/\/s.w.org\/images\/core\/emoji\/17.0.2\/svg\/1f3d9.svg\" alt=\"\ud83c\udfd9\ufe0f\" \/><\/span><\/li>\n<li class=\"dF3vjf\" data-sfc-root=\"c\" data-sfc-cb=\"\" data-hveid=\"CAEICBAC\" data-complete=\"true\" data-sae=\"\"><span class=\"T286Pc\" data-sfc-cp=\"\" data-sfc-root=\"c\" data-sfc-cb=\"\" data-complete=\"true\" aria-owns=\"action-menu-parent-container\"><strong class=\"Yjhzub\" data-sfc-root=\"c\" data-sfc-cb=\"\" data-complete=\"true\">N\u0151ies \u00d6sszhat\u00e1s:<\/strong> V\u00e1laszd egy sz\u0171k ceruzaszokny\u00e1val \u00e9s minimalista kieg\u00e9sz\u00edt\u0151kkel, ha egy visszafogott, de profi szettet szeretn\u00e9l \u00f6ssze\u00e1ll\u00edtani. <img decoding=\"async\" class=\"emoji\" role=\"img\" draggable=\"false\" src=\"https:\/\/s.w.org\/images\/core\/emoji\/17.0.2\/svg\/1f45c.svg\" alt=\"\ud83d\udc5c\" \/><img decoding=\"async\" class=\"emoji\" role=\"img\" draggable=\"false\" src=\"https:\/\/s.w.org\/images\/core\/emoji\/17.0.2\/svg\/2728.svg\" alt=\"\u2728\" \/><\/span><\/li>\n<\/ul>\n<p><strong>Anyag\u00f6sszet\u00e9tel: <\/strong>92% pamut, 8% elaszt\u00e1n<\/p>\n<h3>M\u00e9rett\u00e1bl\u00e1zat<\/h3>\n<figure class=\"table\">\n<table>\n<thead>\n<tr>\n<th>M\u00e9ret<\/th>\n<th>Teljes hossz (A)<\/th>\n<th>Mellb\u0151s\u00e9g (B)<\/th>\n<th>Ujjhossz k\u00fcls\u0151 (C)<\/th>\n<th>Ujjhossz bels\u0151 (D)<\/th>\n<th>Ujj k\u00f6rm\u00e9ret (E)<\/th>\n<\/tr>\n<\/thead>\n<tbody>\n<tr>\n<td>XS<\/td>\n<td>52 cm<\/td>\n<td>68 cm (ny\u00falik 55 cm-ig)<\/td>\n<td>15 cm<\/td>\n<td>4 cm<\/td>\n<td>24 cm (ny\u00falik 17 cm-ig)<\/td>\n<\/tr>\n<tr>\n<td>S<\/td>\n<td>53 cm<\/td>\n<td>70 cm (ny\u00falik 55 cm-ig)<\/td>\n<td>16 cm<\/td>\n<td>5 cm<\/td>\n<td>26 cm (ny\u00falik 17 cm-ig)<\/td>\n<\/tr>\n<tr>\n<td>M<\/td>\n<td>54 cm<\/td>\n<td>72 cm (ny\u00falik 55 cm-ig)<\/td>\n<td>17 cm<\/td>\n<td>6 cm<\/td>\n<td>28 cm (ny\u00falik 17 cm-ig)<\/td>\n<\/tr>\n<tr>\n<td>L<\/td>\n<td>55 cm<\/td>\n<td>74 cm (ny\u00falik 55 cm-ig)<\/td>\n<td>18 cm<\/td>\n<td>7 cm<\/td>\n<td>30 cm (ny\u00falik 17 cm-ig)<\/td>\n<\/tr>\n<\/tbody>\n<\/table>\n<\/figure>\n<p><i>A ruhadarabok lapra fektetve ker\u00fcltek m\u00e9r\u00e9sre, ez\u00e9rt az adatok \u00b12 cm-rel elt\u00e9rhetnek.<\/i><\/p>\n","protected":false},"excerpt":{"rendered":"<p>OLAVOGA MOVENA fels\u0151 \u2013 A MODERN MINIMALIZMUS \u00c9S PR\u00c9MIUM K\u00c9NYELEM Friss\u00edtsd fel a gardr\u00f3bodat az OLAVOGA MOVENA fels\u0151vel, amely a sportos lezsers\u00e9get \u00f6tv\u00f6zi a letisztult, &hellip; <\/p>\n","protected":false},"featured_media":4093,"template":"","meta":[],"product_brand":[78],"product_cat":[19,28,25,40],"product_tag":[],"class_list":{"0":"post-4092","1":"product","2":"type-product","3":"status-publish","4":"has-post-thumbnail","6":"product_brand-olavoga","7":"product_cat-markak","8":"product_cat-olavoga","9":"product_cat-noi-ruhazat-hu","10":"product_cat-felsok-body-k","12":"first","13":"instock","14":"shipping-taxable","15":"purchasable","16":"product-type-variable"},"yoast_head":"<!-- This site is optimized with the Yoast SEO plugin v26.7 - https:\/\/yoast.com\/wordpress\/plugins\/seo\/ -->\n<title>OLAVOGA MOVENA fels\u0151 \u2013 Fashion Universum \u2728<\/title>\n<meta name=\"description\" content=\"OLAVOGA MOVENA fels\u0151 a Fashion Universum k\u00edn\u00e1lat\u00e1ban! \u2728 Pr\u00e9mium bord\u00e1zott anyag, alakform\u00e1l\u00f3 szab\u00e1s \u00e9s luxus st\u00edlus a mindennapokra. Rendeld meg most! \ud83d\udc8e\ud83d\udd25\" \/>\n<meta name=\"robots\" content=\"index, follow, max-snippet:-1, max-image-preview:large, max-video-preview:-1\" \/>\n<link rel=\"canonical\" href=\"https:\/\/fashionuniversum.com\/?product=olavoga-movena-felso-2\" \/>\n<meta property=\"og:locale\" content=\"hu_HU\" \/>\n<meta property=\"og:type\" content=\"article\" \/>\n<meta property=\"og:title\" content=\"OLAVOGA MOVENA fels\u0151 \u2013 Fashion Universum \u2728\" \/>\n<meta property=\"og:description\" content=\"OLAVOGA MOVENA fels\u0151 a Fashion Universum k\u00edn\u00e1lat\u00e1ban! \u2728 Pr\u00e9mium bord\u00e1zott anyag, alakform\u00e1l\u00f3 szab\u00e1s \u00e9s luxus st\u00edlus a mindennapokra. Rendeld meg most! \ud83d\udc8e\ud83d\udd25\" \/>\n<meta property=\"og:url\" content=\"https:\/\/fashionuniversum.com\/?product=olavoga-movena-felso-2\" \/>\n<meta property=\"og:site_name\" content=\"Fashion Universum\" \/>\n<meta property=\"article:modified_time\" content=\"2026-04-14T16:47:23+00:00\" \/>\n<meta property=\"og:image\" content=\"https:\/\/fashionuniversum.com\/wp-content\/uploads\/2026\/04\/t-shirt-MOVENA-340-scaled.jpg\" \/>\n\t<meta property=\"og:image:width\" content=\"1920\" \/>\n\t<meta property=\"og:image:height\" content=\"2560\" \/>\n\t<meta property=\"og:image:type\" content=\"image\/jpeg\" \/>\n<meta name=\"twitter:card\" content=\"summary_large_image\" \/>\n<meta name=\"twitter:label1\" content=\"Becs\u00fclt olvas\u00e1si id\u0151\" \/>\n\t<meta name=\"twitter:data1\" content=\"6 perc\" \/>\n<script type=\"application\/ld+json\" class=\"yoast-schema-graph\">{\"@context\":\"https:\/\/schema.org\",\"@graph\":[{\"@type\":\"WebPage\",\"@id\":\"https:\/\/fashionuniversum.com\/?product=olavoga-movena-felso-2\",\"url\":\"https:\/\/fashionuniversum.com\/?product=olavoga-movena-felso-2\",\"name\":\"OLAVOGA MOVENA fels\u0151 \u2013 Fashion Universum \u2728\",\"isPartOf\":{\"@id\":\"https:\/\/fashionuniversum.com\/#website\"},\"primaryImageOfPage\":{\"@id\":\"https:\/\/fashionuniversum.com\/?product=olavoga-movena-felso-2#primaryimage\"},\"image\":{\"@id\":\"https:\/\/fashionuniversum.com\/?product=olavoga-movena-felso-2#primaryimage\"},\"thumbnailUrl\":\"https:\/\/fashionuniversum.com\/wp-content\/uploads\/2026\/04\/t-shirt-MOVENA-340-scaled.jpg\",\"datePublished\":\"2026-04-09T19:01:04+00:00\",\"dateModified\":\"2026-04-14T16:47:23+00:00\",\"description\":\"OLAVOGA MOVENA fels\u0151 a Fashion Universum k\u00edn\u00e1lat\u00e1ban! \u2728 Pr\u00e9mium bord\u00e1zott anyag, alakform\u00e1l\u00f3 szab\u00e1s \u00e9s luxus st\u00edlus a mindennapokra. Rendeld meg most! \ud83d\udc8e\ud83d\udd25\",\"breadcrumb\":{\"@id\":\"https:\/\/fashionuniversum.com\/?product=olavoga-movena-felso-2#breadcrumb\"},\"inLanguage\":\"hu\",\"potentialAction\":[{\"@type\":\"ReadAction\",\"target\":[\"https:\/\/fashionuniversum.com\/?product=olavoga-movena-felso-2\"]}]},{\"@type\":\"ImageObject\",\"inLanguage\":\"hu\",\"@id\":\"https:\/\/fashionuniversum.com\/?product=olavoga-movena-felso-2#primaryimage\",\"url\":\"https:\/\/fashionuniversum.com\/wp-content\/uploads\/2026\/04\/t-shirt-MOVENA-340-scaled.jpg\",\"contentUrl\":\"https:\/\/fashionuniversum.com\/wp-content\/uploads\/2026\/04\/t-shirt-MOVENA-340-scaled.jpg\",\"width\":1920,\"height\":2560,\"caption\":\"OLAVOGA MOVENA fels\u0151\"},{\"@type\":\"BreadcrumbList\",\"@id\":\"https:\/\/fashionuniversum.com\/?product=olavoga-movena-felso-2#breadcrumb\",\"itemListElement\":[{\"@type\":\"ListItem\",\"position\":1,\"name\":\"Kezd\u0151lap\",\"item\":\"https:\/\/fashionuniversum.com\/\"},{\"@type\":\"ListItem\",\"position\":2,\"name\":\"Kezd\u0151lap\",\"item\":\"https:\/\/fashionuniversum.com\/\"},{\"@type\":\"ListItem\",\"position\":3,\"name\":\"OLAVOGA MOVENA fels\u0151\"}]},{\"@type\":\"WebSite\",\"@id\":\"https:\/\/fashionuniversum.com\/#website\",\"url\":\"https:\/\/fashionuniversum.com\/\",\"name\":\"Fashion Universum\",\"description\":\"\",\"publisher\":{\"@id\":\"https:\/\/fashionuniversum.com\/#organization\"},\"potentialAction\":[{\"@type\":\"SearchAction\",\"target\":{\"@type\":\"EntryPoint\",\"urlTemplate\":\"https:\/\/fashionuniversum.com\/?s={search_term_string}\"},\"query-input\":{\"@type\":\"PropertyValueSpecification\",\"valueRequired\":true,\"valueName\":\"search_term_string\"}}],\"inLanguage\":\"hu\"},{\"@type\":\"Organization\",\"@id\":\"https:\/\/fashionuniversum.com\/#organization\",\"name\":\"Fashion Universum\",\"url\":\"https:\/\/fashionuniversum.com\/\",\"logo\":{\"@type\":\"ImageObject\",\"inLanguage\":\"hu\",\"@id\":\"https:\/\/fashionuniversum.com\/#\/schema\/logo\/image\/\",\"url\":\"https:\/\/fashionuniversum.com\/wp-content\/uploads\/2026\/02\/cropped-cropped-imaaage.jpg\",\"contentUrl\":\"https:\/\/fashionuniversum.com\/wp-content\/uploads\/2026\/02\/cropped-cropped-imaaage.jpg\",\"width\":1389,\"height\":285,\"caption\":\"Fashion Universum\"},\"image\":{\"@id\":\"https:\/\/fashionuniversum.com\/#\/schema\/logo\/image\/\"}}]}<\/script>\n<!-- \/ Yoast SEO plugin. -->","yoast_head_json":{"title":"OLAVOGA MOVENA fels\u0151 \u2013 Fashion Universum \u2728","description":"OLAVOGA MOVENA fels\u0151 a Fashion Universum k\u00edn\u00e1lat\u00e1ban! \u2728 Pr\u00e9mium bord\u00e1zott anyag, alakform\u00e1l\u00f3 szab\u00e1s \u00e9s luxus st\u00edlus a mindennapokra. Rendeld meg most! \ud83d\udc8e\ud83d\udd25","robots":{"index":"index","follow":"follow","max-snippet":"max-snippet:-1","max-image-preview":"max-image-preview:large","max-video-preview":"max-video-preview:-1"},"canonical":"https:\/\/fashionuniversum.com\/?product=olavoga-movena-felso-2","og_locale":"hu_HU","og_type":"article","og_title":"OLAVOGA MOVENA fels\u0151 \u2013 Fashion Universum \u2728","og_description":"OLAVOGA MOVENA fels\u0151 a Fashion Universum k\u00edn\u00e1lat\u00e1ban! \u2728 Pr\u00e9mium bord\u00e1zott anyag, alakform\u00e1l\u00f3 szab\u00e1s \u00e9s luxus st\u00edlus a mindennapokra. Rendeld meg most! \ud83d\udc8e\ud83d\udd25","og_url":"https:\/\/fashionuniversum.com\/?product=olavoga-movena-felso-2","og_site_name":"Fashion Universum","article_modified_time":"2026-04-14T16:47:23+00:00","og_image":[{"width":1920,"height":2560,"url":"https:\/\/fashionuniversum.com\/wp-content\/uploads\/2026\/04\/t-shirt-MOVENA-340-scaled.jpg","type":"image\/jpeg"}],"twitter_card":"summary_large_image","twitter_misc":{"Becs\u00fclt olvas\u00e1si id\u0151":"6 perc"},"schema":{"@context":"https:\/\/schema.org","@graph":[{"@type":"WebPage","@id":"https:\/\/fashionuniversum.com\/?product=olavoga-movena-felso-2","url":"https:\/\/fashionuniversum.com\/?product=olavoga-movena-felso-2","name":"OLAVOGA MOVENA fels\u0151 \u2013 Fashion Universum \u2728","isPartOf":{"@id":"https:\/\/fashionuniversum.com\/#website"},"primaryImageOfPage":{"@id":"https:\/\/fashionuniversum.com\/?product=olavoga-movena-felso-2#primaryimage"},"image":{"@id":"https:\/\/fashionuniversum.com\/?product=olavoga-movena-felso-2#primaryimage"},"thumbnailUrl":"https:\/\/fashionuniversum.com\/wp-content\/uploads\/2026\/04\/t-shirt-MOVENA-340-scaled.jpg","datePublished":"2026-04-09T19:01:04+00:00","dateModified":"2026-04-14T16:47:23+00:00","description":"OLAVOGA MOVENA fels\u0151 a Fashion Universum k\u00edn\u00e1lat\u00e1ban! \u2728 Pr\u00e9mium bord\u00e1zott anyag, alakform\u00e1l\u00f3 szab\u00e1s \u00e9s luxus st\u00edlus a mindennapokra. Rendeld meg most! \ud83d\udc8e\ud83d\udd25","breadcrumb":{"@id":"https:\/\/fashionuniversum.com\/?product=olavoga-movena-felso-2#breadcrumb"},"inLanguage":"hu","potentialAction":[{"@type":"ReadAction","target":["https:\/\/fashionuniversum.com\/?product=olavoga-movena-felso-2"]}]},{"@type":"ImageObject","inLanguage":"hu","@id":"https:\/\/fashionuniversum.com\/?product=olavoga-movena-felso-2#primaryimage","url":"https:\/\/fashionuniversum.com\/wp-content\/uploads\/2026\/04\/t-shirt-MOVENA-340-scaled.jpg","contentUrl":"https:\/\/fashionuniversum.com\/wp-content\/uploads\/2026\/04\/t-shirt-MOVENA-340-scaled.jpg","width":1920,"height":2560,"caption":"OLAVOGA MOVENA fels\u0151"},{"@type":"BreadcrumbList","@id":"https:\/\/fashionuniversum.com\/?product=olavoga-movena-felso-2#breadcrumb","itemListElement":[{"@type":"ListItem","position":1,"name":"Kezd\u0151lap","item":"https:\/\/fashionuniversum.com\/"},{"@type":"ListItem","position":2,"name":"Kezd\u0151lap","item":"https:\/\/fashionuniversum.com\/"},{"@type":"ListItem","position":3,"name":"OLAVOGA MOVENA fels\u0151"}]},{"@type":"WebSite","@id":"https:\/\/fashionuniversum.com\/#website","url":"https:\/\/fashionuniversum.com\/","name":"Fashion Universum","description":"","publisher":{"@id":"https:\/\/fashionuniversum.com\/#organization"},"potentialAction":[{"@type":"SearchAction","target":{"@type":"EntryPoint","urlTemplate":"https:\/\/fashionuniversum.com\/?s={search_term_string}"},"query-input":{"@type":"PropertyValueSpecification","valueRequired":true,"valueName":"search_term_string"}}],"inLanguage":"hu"},{"@type":"Organization","@id":"https:\/\/fashionuniversum.com\/#organization","name":"Fashion Universum","url":"https:\/\/fashionuniversum.com\/","logo":{"@type":"ImageObject","inLanguage":"hu","@id":"https:\/\/fashionuniversum.com\/#\/schema\/logo\/image\/","url":"https:\/\/fashionuniversum.com\/wp-content\/uploads\/2026\/02\/cropped-cropped-imaaage.jpg","contentUrl":"https:\/\/fashionuniversum.com\/wp-content\/uploads\/2026\/02\/cropped-cropped-imaaage.jpg","width":1389,"height":285,"caption":"Fashion Universum"},"image":{"@id":"https:\/\/fashionuniversum.com\/#\/schema\/logo\/image\/"}}]}},"_links":{"self":[{"href":"https:\/\/fashionuniversum.com\/index.php?rest_route=\/wp\/v2\/product\/4092","targetHints":{"allow":["GET"]}}],"collection":[{"href":"https:\/\/fashionuniversum.com\/index.php?rest_route=\/wp\/v2\/product"}],"about":[{"href":"https:\/\/fashionuniversum.com\/index.php?rest_route=\/wp\/v2\/types\/product"}],"wp:featuredmedia":[{"embeddable":true,"href":"https:\/\/fashionuniversum.com\/index.php?rest_route=\/wp\/v2\/media\/4093"}],"wp:attachment":[{"href":"https:\/\/fashionuniversum.com\/index.php?rest_route=%2Fwp%2Fv2%2Fmedia&parent=4092"}],"wp:term":[{"taxonomy":"product_brand","embeddable":true,"href":"https:\/\/fashionuniversum.com\/index.php?rest_route=%2Fwp%2Fv2%2Fproduct_brand&post=4092"},{"taxonomy":"product_cat","embeddable":true,"href":"https:\/\/fashionuniversum.com\/index.php?rest_route=%2Fwp%2Fv2%2Fproduct_cat&post=4092"},{"taxonomy":"product_tag","embeddable":true,"href":"https:\/\/fashionuniversum.com\/index.php?rest_route=%2Fwp%2Fv2%2Fproduct_tag&post=4092"}],"curies":[{"name":"wp","href":"https:\/\/api.w.org\/{rel}","templated":true}]}}