{"id":4037,"date":"2026-03-30T08:39:28","date_gmt":"2026-03-30T08:39:28","guid":{"rendered":"https:\/\/fashionuniversum.com\/?post_type=product&#038;p=4037"},"modified":"2026-04-10T07:55:52","modified_gmt":"2026-04-10T07:55:52","slug":"olavoga-elisea-felso","status":"publish","type":"product","link":"https:\/\/fashionuniversum.com\/?product=olavoga-elisea-felso","title":{"rendered":"OLAVOGA ELISEA fels\u0151"},"content":{"rendered":"<div class=\"AdPoic\" role=\"heading\" aria-level=\"3\" data-animation-nesting=\"\" data-sfc-cp=\"\" data-sfc-root=\"c\" data-sfc-cb=\"\" data-complete=\"true\" data-processed=\"true\" data-sae=\"\"><strong>\u2728 OLAVOGA ELISEA fels\u0151 \u2013 A MODERN MINIMALIZMUS \u00c9S A SPORTOS LUXUS TAL\u00c1LKOZ\u00c1SA \u2728<\/strong><\/div>\n<div role=\"heading\" aria-level=\"3\" data-animation-nesting=\"\" data-sfc-cp=\"\" data-sfc-root=\"c\" data-sfc-cb=\"\" data-complete=\"true\" data-processed=\"true\" data-sae=\"\"><\/div>\n<div class=\"Y3BBE\" data-sfc-cp=\"\" data-sfc-root=\"c\" data-sfc-cb=\"\" data-hveid=\"CAEIBxAA\" data-complete=\"true\" data-processed=\"true\">Vigy\u00e9l egy kis dinamik\u00e1t \u00e9s pr\u00e9mium st\u00edlust a h\u00e9tk\u00f6znapjaidba az <strong class=\"Yjhzub\" data-sfc-root=\"c\" data-sfc-cb=\"\" data-complete=\"true\" data-processed=\"true\">OLAVOGA ELISEA<\/strong> fels\u0151 -vel! \ud83d\udc8e Ez a modell a Fashion Universum k\u00edn\u00e1lat\u00e1nak egyik legst\u00edlusosabb darabja, amely a letisztult vonalvezet\u00e9st \u00e9s a karakteres r\u00e9szleteket \u00f6tv\u00f6zi a t\u00f6k\u00e9letes megjelen\u00e9s\u00e9rt. \ud83d\udc51<\/div>\n<div class=\"Y3BBE\" data-sfc-cp=\"\" data-sfc-root=\"c\" data-sfc-cb=\"\" data-hveid=\"CAEICBAA\" data-complete=\"true\" data-processed=\"true\"><strong class=\"Yjhzub\" data-sfc-root=\"c\" data-sfc-cb=\"\" data-complete=\"true\" data-processed=\"true\">Mi\u00e9rt fogod im\u00e1dni az OLAVOGA ELISEA fels\u0151 -t?<\/strong><\/div>\n<ul class=\"KsbFXc U6u95\" data-sfc-root=\"c\" data-sfc-cb=\"\" data-complete=\"true\" data-processed=\"true\">\n<li class=\"dF3vjf\" data-sfc-root=\"c\" data-sfc-cb=\"\" data-hveid=\"CAEICRAA\" data-complete=\"true\" data-sae=\"\"><span class=\"T286Pc\" data-sfc-cp=\"\" data-sfc-root=\"c\" data-sfc-cb=\"\" data-complete=\"true\"><strong class=\"Yjhzub\" data-sfc-root=\"c\" data-sfc-cb=\"\" data-complete=\"true\">Kontrasztos R\u00e9szletek:<\/strong> A nyakr\u00e9szen \u00e9s a k\u00e9zel\u0151k\u00f6n elhelyezett kontrasztos bet\u00e9tek sportosan eleg\u00e1ns, modern karaktert adnak a fels\u0151nek, ami azonnal kiemeli a t\u00f6megb\u0151l. \u2705\u2728<\/span><\/li>\n<li class=\"dF3vjf\" data-sfc-root=\"c\" data-sfc-cb=\"\" data-hveid=\"CAEICRAB\" data-complete=\"true\" data-sae=\"\"><span class=\"T286Pc\" data-sfc-cp=\"\" data-sfc-root=\"c\" data-sfc-cb=\"\" data-complete=\"true\"><strong class=\"Yjhzub\" data-sfc-root=\"c\" data-sfc-cb=\"\" data-complete=\"true\">Alakform\u00e1l\u00f3 Szab\u00e1s:<\/strong> A testhez\u00e1ll\u00f3, slim fit fazon \u00e9s a kerek nyakkiv\u00e1g\u00e1s gy\u00f6ny\u00f6r\u0171en hangs\u00falyozza a sziluettet, mik\u00f6zben k\u00e9nyelmes viseletet biztos\u00edt eg\u00e9sz nap. \ud83d\udc57\ud83d\udd25<\/span><\/li>\n<li class=\"dF3vjf\" data-sfc-root=\"c\" data-sfc-cb=\"\" data-hveid=\"CAEICRAC\" data-complete=\"true\" data-sae=\"\"><span class=\"T286Pc\" data-sfc-cp=\"\" data-sfc-root=\"c\" data-sfc-cb=\"\" data-complete=\"true\"><strong class=\"Yjhzub\" data-sfc-root=\"c\" data-sfc-cb=\"\" data-complete=\"true\">Pr\u00e9mium Anyagmin\u0151s\u00e9g:<\/strong> A magas pamuttartalm\u00fa, rugalmas anyag biztos\u00edtja a tart\u00f3ss\u00e1got \u00e9s a selymes tapint\u00e1st, \u00edgy a luxus \u00e9rz\u00e9se minden pillanatban elk\u00eds\u00e9r. \u2601\ufe0f\ud83d\udee1\ufe0f<\/span><\/li>\n<li class=\"dF3vjf\" data-sfc-root=\"c\" data-sfc-cb=\"\" data-hveid=\"CAEICRAD\" data-complete=\"true\" data-sae=\"\"><span class=\"T286Pc\" data-sfc-cp=\"\" data-sfc-root=\"c\" data-sfc-cb=\"\" data-complete=\"true\"><strong class=\"Yjhzub\" data-sfc-root=\"c\" data-sfc-cb=\"\" data-complete=\"true\">Exkluz\u00edv Branding:<\/strong> Az ujjr\u00e9szen elhelyezett ikonikus Olavoga log\u00f3z\u00e1s a m\u00e1rka ir\u00e1nti elk\u00f6telezetts\u00e9get \u00e9s a pr\u00e9mium min\u0151s\u00e9get hirdeti. \ud83d\udee1\ufe0f\u2728<\/span><\/li>\n<\/ul>\n<div class=\"Y3BBE\" data-sfc-cp=\"\" data-sfc-root=\"c\" data-sfc-cb=\"\" data-hveid=\"CAEIChAA\" data-complete=\"true\" data-processed=\"true\">\ud83d\udc57 <strong class=\"Yjhzub\" data-sfc-root=\"c\" data-sfc-cb=\"\" data-complete=\"true\" data-processed=\"true\">Fashion Universum St\u00edlus Tippek:<\/strong><\/div>\n<ul class=\"KsbFXc U6u95\" data-sfc-root=\"c\" data-sfc-cb=\"\" data-complete=\"true\" data-processed=\"true\">\n<li class=\"dF3vjf\" data-sfc-root=\"c\" data-sfc-cb=\"\" data-hveid=\"CAEICxAA\" data-complete=\"true\" data-sae=\"\"><span class=\"T286Pc\" data-sfc-cp=\"\" data-sfc-root=\"c\" data-sfc-cb=\"\" data-complete=\"true\"><strong class=\"Yjhzub\" data-sfc-root=\"c\" data-sfc-cb=\"\" data-complete=\"true\">Urban Chic:<\/strong> Ahogy a k\u00e9pen is l\u00e1that\u00f3, egy s\u00f6t\u00e9t farmerrel \u00e9s egy d\u00f6g\u00f6s napszem\u00fcveggel igazi nagyv\u00e1rosi ikon lehetsz b\u00e1rmelyik s\u00e9t\u00e1nyon. \ud83d\udd76\ufe0f\ud83c\udfd9\ufe0f<\/span><\/li>\n<li class=\"dF3vjf\" data-sfc-root=\"c\" data-sfc-cb=\"\" data-hveid=\"CAEICxAB\" data-complete=\"true\" data-sae=\"\"><span class=\"T286Pc\" data-sfc-cp=\"\" data-sfc-root=\"c\" data-sfc-cb=\"\" data-complete=\"true\"><strong class=\"Yjhzub\" data-sfc-root=\"c\" data-sfc-cb=\"\" data-complete=\"true\">Sporty Premium:<\/strong> P\u00e1ros\u00edtsd az OLAVOGA kedvenc leggings-eivel \u00e9s egy designer sneakerrel a laza, m\u00e9gis luxus \u00f6sszhat\u00e1s\u00e9rt. \ud83d\udc5f\ud83d\udc8e<\/span><\/li>\n<li class=\"dF3vjf\" data-sfc-root=\"c\" data-sfc-cb=\"\" data-hveid=\"CAEICxAC\" data-complete=\"true\" data-sae=\"\"><span class=\"T286Pc\" data-sfc-cp=\"\" data-sfc-root=\"c\" data-sfc-cb=\"\" data-complete=\"true\"><strong class=\"Yjhzub\" data-sfc-root=\"c\" data-sfc-cb=\"\" data-complete=\"true\">Layering Look:<\/strong> H\u0171v\u00f6sebb napokon viseld egy oversize mell\u00e9ny vagy egy eleg\u00e1ns kab\u00e1t alatt \u2013 a kontrasztos ujjak \u00edgy is k\u00fcl\u00f6nleges csavart adnak a szettednek. \ud83e\udde5\u2728<\/span><\/li>\n<\/ul>\n<div class=\"Y3BBE\" data-sfc-cp=\"\" data-sfc-root=\"c\" data-sfc-cb=\"\" data-hveid=\"CAEIDBAA\" data-complete=\"true\" data-processed=\"true\" aria-owns=\"action-menu-parent-container\"><strong class=\"Yjhzub\" data-sfc-root=\"c\" data-sfc-cb=\"\" data-complete=\"true\" data-processed=\"true\">\u00c9rezd a magabiztoss\u00e1got \u00e9s a pr\u00e9mium min\u0151s\u00e9get minden nap a Fashion Universum-mal!<\/strong> \ud83d\udc96\u2728<\/div>\n<div data-sfc-cp=\"\" data-sfc-root=\"c\" data-sfc-cb=\"\" data-hveid=\"CAEIDBAA\" data-complete=\"true\" data-processed=\"true\" aria-owns=\"action-menu-parent-container\"><\/div>\n<div data-sfc-cp=\"\" data-sfc-root=\"c\" data-sfc-cb=\"\" data-hveid=\"CAEIDBAA\" data-complete=\"true\" data-processed=\"true\" aria-owns=\"action-menu-parent-container\">\n<p><strong>Anyag\u00f6sszet\u00e9tel: <\/strong>95% pamut, 5% elaszt\u00e1n<\/p>\n<h3>M\u00e9rett\u00e1bl\u00e1zat<\/h3>\n<figure class=\"table\">\n<table>\n<thead>\n<tr>\n<th>M\u00e9ret<\/th>\n<th>Teljes hossz (A)<\/th>\n<th>Mellb\u0151s\u00e9g (B)<\/th>\n<th>Ujjhossz k\u00fcls\u0151 (C)<\/th>\n<th>Ujjhossz bels\u0151 (D)<\/th>\n<\/tr>\n<\/thead>\n<tbody>\n<tr>\n<td>S<\/td>\n<td>50 cm<\/td>\n<td>68 cm (ny\u00falik 66 cm-ig)<\/td>\n<td>65 cm<\/td>\n<td>50 cm<\/td>\n<\/tr>\n<tr>\n<td>M<\/td>\n<td>51 cm<\/td>\n<td>70 cm (ny\u00falik 66 cm-ig)<\/td>\n<td>66 cm<\/td>\n<td>51 cm<\/td>\n<\/tr>\n<\/tbody>\n<\/table>\n<\/figure>\n<p><i>A ruhadarabok lapra fektetve ker\u00fcltek m\u00e9r\u00e9sre, ez\u00e9rt az adatok \u00b12 cm-rel elt\u00e9rhetnek.<\/i><\/p>\n<\/div>\n","protected":false},"excerpt":{"rendered":"<p>\u2728 OLAVOGA ELISEA fels\u0151 \u2013 A MODERN MINIMALIZMUS \u00c9S A SPORTOS LUXUS TAL\u00c1LKOZ\u00c1SA \u2728 Vigy\u00e9l egy kis dinamik\u00e1t \u00e9s pr\u00e9mium st\u00edlust a h\u00e9tk\u00f6znapjaidba az OLAVOGA &hellip; <\/p>\n","protected":false},"featured_media":4038,"template":"","meta":[],"product_brand":[78],"product_cat":[19,28,25,40],"product_tag":[],"class_list":{"0":"post-4037","1":"product","2":"type-product","3":"status-publish","4":"has-post-thumbnail","6":"product_brand-olavoga","7":"product_cat-markak","8":"product_cat-olavoga","9":"product_cat-noi-ruhazat-hu","10":"product_cat-felsok-body-k","12":"first","13":"instock","14":"shipping-taxable","15":"product-type-variable"},"yoast_head":"<!-- This site is optimized with the Yoast SEO plugin v26.7 - https:\/\/yoast.com\/wordpress\/plugins\/seo\/ -->\n<title>\u2728OLAVOGA ELISEA fels\u0151 \u2013 Fashion Universum \ud83d\udc8e<\/title>\n<meta name=\"description\" content=\"\u2728 OLAVOGA ELISEA fels\u0151 a Fashion Universum-n\u00e1l! \ud83d\udc8e Kontrasztos r\u00e9szletek, alakform\u00e1l\u00f3 fazon \u00e9s pr\u00e9mium min\u0151s\u00e9g. \ud83d\udc51 Legy\u00e9l st\u00edlusikon minden nap! \ud83d\udecd\ufe0f\ud83d\udd25\" \/>\n<meta name=\"robots\" content=\"index, follow, max-snippet:-1, max-image-preview:large, max-video-preview:-1\" \/>\n<link rel=\"canonical\" href=\"https:\/\/fashionuniversum.com\/?product=olavoga-elisea-felso\" \/>\n<meta property=\"og:locale\" content=\"hu_HU\" \/>\n<meta property=\"og:type\" content=\"article\" \/>\n<meta property=\"og:title\" content=\"\u2728OLAVOGA ELISEA fels\u0151 \u2013 Fashion Universum \ud83d\udc8e\" \/>\n<meta property=\"og:description\" content=\"\u2728 OLAVOGA ELISEA fels\u0151 a Fashion Universum-n\u00e1l! \ud83d\udc8e Kontrasztos r\u00e9szletek, alakform\u00e1l\u00f3 fazon \u00e9s pr\u00e9mium min\u0151s\u00e9g. \ud83d\udc51 Legy\u00e9l st\u00edlusikon minden nap! \ud83d\udecd\ufe0f\ud83d\udd25\" \/>\n<meta property=\"og:url\" content=\"https:\/\/fashionuniversum.com\/?product=olavoga-elisea-felso\" \/>\n<meta property=\"og:site_name\" content=\"Fashion Universum\" \/>\n<meta property=\"article:modified_time\" content=\"2026-04-10T07:55:52+00:00\" \/>\n<meta property=\"og:image\" content=\"https:\/\/fashionuniversum.com\/wp-content\/uploads\/2026\/03\/bluzka-ELISEA-027-scaled.jpg\" \/>\n\t<meta property=\"og:image:width\" content=\"1920\" \/>\n\t<meta property=\"og:image:height\" content=\"2560\" \/>\n\t<meta property=\"og:image:type\" content=\"image\/jpeg\" \/>\n<meta name=\"twitter:card\" content=\"summary_large_image\" \/>\n<meta name=\"twitter:label1\" content=\"Becs\u00fclt olvas\u00e1si id\u0151\" \/>\n\t<meta name=\"twitter:data1\" content=\"2 perc\" \/>\n<script type=\"application\/ld+json\" class=\"yoast-schema-graph\">{\"@context\":\"https:\/\/schema.org\",\"@graph\":[{\"@type\":\"WebPage\",\"@id\":\"https:\/\/fashionuniversum.com\/?product=olavoga-elisea-felso\",\"url\":\"https:\/\/fashionuniversum.com\/?product=olavoga-elisea-felso\",\"name\":\"\u2728OLAVOGA ELISEA fels\u0151 \u2013 Fashion Universum \ud83d\udc8e\",\"isPartOf\":{\"@id\":\"https:\/\/fashionuniversum.com\/#website\"},\"primaryImageOfPage\":{\"@id\":\"https:\/\/fashionuniversum.com\/?product=olavoga-elisea-felso#primaryimage\"},\"image\":{\"@id\":\"https:\/\/fashionuniversum.com\/?product=olavoga-elisea-felso#primaryimage\"},\"thumbnailUrl\":\"https:\/\/fashionuniversum.com\/wp-content\/uploads\/2026\/03\/bluzka-ELISEA-027-scaled.jpg\",\"datePublished\":\"2026-03-30T08:39:28+00:00\",\"dateModified\":\"2026-04-10T07:55:52+00:00\",\"description\":\"\u2728 OLAVOGA ELISEA fels\u0151 a Fashion Universum-n\u00e1l! \ud83d\udc8e Kontrasztos r\u00e9szletek, alakform\u00e1l\u00f3 fazon \u00e9s pr\u00e9mium min\u0151s\u00e9g. \ud83d\udc51 Legy\u00e9l st\u00edlusikon minden nap! \ud83d\udecd\ufe0f\ud83d\udd25\",\"breadcrumb\":{\"@id\":\"https:\/\/fashionuniversum.com\/?product=olavoga-elisea-felso#breadcrumb\"},\"inLanguage\":\"hu\",\"potentialAction\":[{\"@type\":\"ReadAction\",\"target\":[\"https:\/\/fashionuniversum.com\/?product=olavoga-elisea-felso\"]}]},{\"@type\":\"ImageObject\",\"inLanguage\":\"hu\",\"@id\":\"https:\/\/fashionuniversum.com\/?product=olavoga-elisea-felso#primaryimage\",\"url\":\"https:\/\/fashionuniversum.com\/wp-content\/uploads\/2026\/03\/bluzka-ELISEA-027-scaled.jpg\",\"contentUrl\":\"https:\/\/fashionuniversum.com\/wp-content\/uploads\/2026\/03\/bluzka-ELISEA-027-scaled.jpg\",\"width\":1920,\"height\":2560,\"caption\":\"OLAVOGA ELISEA fels\u0151\"},{\"@type\":\"BreadcrumbList\",\"@id\":\"https:\/\/fashionuniversum.com\/?product=olavoga-elisea-felso#breadcrumb\",\"itemListElement\":[{\"@type\":\"ListItem\",\"position\":1,\"name\":\"Kezd\u0151lap\",\"item\":\"https:\/\/fashionuniversum.com\/\"},{\"@type\":\"ListItem\",\"position\":2,\"name\":\"Kezd\u0151lap\",\"item\":\"https:\/\/fashionuniversum.com\/\"},{\"@type\":\"ListItem\",\"position\":3,\"name\":\"OLAVOGA ELISEA fels\u0151\"}]},{\"@type\":\"WebSite\",\"@id\":\"https:\/\/fashionuniversum.com\/#website\",\"url\":\"https:\/\/fashionuniversum.com\/\",\"name\":\"Fashion Universum\",\"description\":\"\",\"publisher\":{\"@id\":\"https:\/\/fashionuniversum.com\/#organization\"},\"potentialAction\":[{\"@type\":\"SearchAction\",\"target\":{\"@type\":\"EntryPoint\",\"urlTemplate\":\"https:\/\/fashionuniversum.com\/?s={search_term_string}\"},\"query-input\":{\"@type\":\"PropertyValueSpecification\",\"valueRequired\":true,\"valueName\":\"search_term_string\"}}],\"inLanguage\":\"hu\"},{\"@type\":\"Organization\",\"@id\":\"https:\/\/fashionuniversum.com\/#organization\",\"name\":\"Fashion Universum\",\"url\":\"https:\/\/fashionuniversum.com\/\",\"logo\":{\"@type\":\"ImageObject\",\"inLanguage\":\"hu\",\"@id\":\"https:\/\/fashionuniversum.com\/#\/schema\/logo\/image\/\",\"url\":\"https:\/\/fashionuniversum.com\/wp-content\/uploads\/2026\/02\/cropped-cropped-imaaage.jpg\",\"contentUrl\":\"https:\/\/fashionuniversum.com\/wp-content\/uploads\/2026\/02\/cropped-cropped-imaaage.jpg\",\"width\":1389,\"height\":285,\"caption\":\"Fashion Universum\"},\"image\":{\"@id\":\"https:\/\/fashionuniversum.com\/#\/schema\/logo\/image\/\"}}]}<\/script>\n<!-- \/ Yoast SEO plugin. -->","yoast_head_json":{"title":"\u2728OLAVOGA ELISEA fels\u0151 \u2013 Fashion Universum \ud83d\udc8e","description":"\u2728 OLAVOGA ELISEA fels\u0151 a Fashion Universum-n\u00e1l! \ud83d\udc8e Kontrasztos r\u00e9szletek, alakform\u00e1l\u00f3 fazon \u00e9s pr\u00e9mium min\u0151s\u00e9g. \ud83d\udc51 Legy\u00e9l st\u00edlusikon minden nap! \ud83d\udecd\ufe0f\ud83d\udd25","robots":{"index":"index","follow":"follow","max-snippet":"max-snippet:-1","max-image-preview":"max-image-preview:large","max-video-preview":"max-video-preview:-1"},"canonical":"https:\/\/fashionuniversum.com\/?product=olavoga-elisea-felso","og_locale":"hu_HU","og_type":"article","og_title":"\u2728OLAVOGA ELISEA fels\u0151 \u2013 Fashion Universum \ud83d\udc8e","og_description":"\u2728 OLAVOGA ELISEA fels\u0151 a Fashion Universum-n\u00e1l! \ud83d\udc8e Kontrasztos r\u00e9szletek, alakform\u00e1l\u00f3 fazon \u00e9s pr\u00e9mium min\u0151s\u00e9g. \ud83d\udc51 Legy\u00e9l st\u00edlusikon minden nap! \ud83d\udecd\ufe0f\ud83d\udd25","og_url":"https:\/\/fashionuniversum.com\/?product=olavoga-elisea-felso","og_site_name":"Fashion Universum","article_modified_time":"2026-04-10T07:55:52+00:00","og_image":[{"width":1920,"height":2560,"url":"https:\/\/fashionuniversum.com\/wp-content\/uploads\/2026\/03\/bluzka-ELISEA-027-scaled.jpg","type":"image\/jpeg"}],"twitter_card":"summary_large_image","twitter_misc":{"Becs\u00fclt olvas\u00e1si id\u0151":"2 perc"},"schema":{"@context":"https:\/\/schema.org","@graph":[{"@type":"WebPage","@id":"https:\/\/fashionuniversum.com\/?product=olavoga-elisea-felso","url":"https:\/\/fashionuniversum.com\/?product=olavoga-elisea-felso","name":"\u2728OLAVOGA ELISEA fels\u0151 \u2013 Fashion Universum \ud83d\udc8e","isPartOf":{"@id":"https:\/\/fashionuniversum.com\/#website"},"primaryImageOfPage":{"@id":"https:\/\/fashionuniversum.com\/?product=olavoga-elisea-felso#primaryimage"},"image":{"@id":"https:\/\/fashionuniversum.com\/?product=olavoga-elisea-felso#primaryimage"},"thumbnailUrl":"https:\/\/fashionuniversum.com\/wp-content\/uploads\/2026\/03\/bluzka-ELISEA-027-scaled.jpg","datePublished":"2026-03-30T08:39:28+00:00","dateModified":"2026-04-10T07:55:52+00:00","description":"\u2728 OLAVOGA ELISEA fels\u0151 a Fashion Universum-n\u00e1l! \ud83d\udc8e Kontrasztos r\u00e9szletek, alakform\u00e1l\u00f3 fazon \u00e9s pr\u00e9mium min\u0151s\u00e9g. \ud83d\udc51 Legy\u00e9l st\u00edlusikon minden nap! \ud83d\udecd\ufe0f\ud83d\udd25","breadcrumb":{"@id":"https:\/\/fashionuniversum.com\/?product=olavoga-elisea-felso#breadcrumb"},"inLanguage":"hu","potentialAction":[{"@type":"ReadAction","target":["https:\/\/fashionuniversum.com\/?product=olavoga-elisea-felso"]}]},{"@type":"ImageObject","inLanguage":"hu","@id":"https:\/\/fashionuniversum.com\/?product=olavoga-elisea-felso#primaryimage","url":"https:\/\/fashionuniversum.com\/wp-content\/uploads\/2026\/03\/bluzka-ELISEA-027-scaled.jpg","contentUrl":"https:\/\/fashionuniversum.com\/wp-content\/uploads\/2026\/03\/bluzka-ELISEA-027-scaled.jpg","width":1920,"height":2560,"caption":"OLAVOGA ELISEA fels\u0151"},{"@type":"BreadcrumbList","@id":"https:\/\/fashionuniversum.com\/?product=olavoga-elisea-felso#breadcrumb","itemListElement":[{"@type":"ListItem","position":1,"name":"Kezd\u0151lap","item":"https:\/\/fashionuniversum.com\/"},{"@type":"ListItem","position":2,"name":"Kezd\u0151lap","item":"https:\/\/fashionuniversum.com\/"},{"@type":"ListItem","position":3,"name":"OLAVOGA ELISEA fels\u0151"}]},{"@type":"WebSite","@id":"https:\/\/fashionuniversum.com\/#website","url":"https:\/\/fashionuniversum.com\/","name":"Fashion Universum","description":"","publisher":{"@id":"https:\/\/fashionuniversum.com\/#organization"},"potentialAction":[{"@type":"SearchAction","target":{"@type":"EntryPoint","urlTemplate":"https:\/\/fashionuniversum.com\/?s={search_term_string}"},"query-input":{"@type":"PropertyValueSpecification","valueRequired":true,"valueName":"search_term_string"}}],"inLanguage":"hu"},{"@type":"Organization","@id":"https:\/\/fashionuniversum.com\/#organization","name":"Fashion Universum","url":"https:\/\/fashionuniversum.com\/","logo":{"@type":"ImageObject","inLanguage":"hu","@id":"https:\/\/fashionuniversum.com\/#\/schema\/logo\/image\/","url":"https:\/\/fashionuniversum.com\/wp-content\/uploads\/2026\/02\/cropped-cropped-imaaage.jpg","contentUrl":"https:\/\/fashionuniversum.com\/wp-content\/uploads\/2026\/02\/cropped-cropped-imaaage.jpg","width":1389,"height":285,"caption":"Fashion Universum"},"image":{"@id":"https:\/\/fashionuniversum.com\/#\/schema\/logo\/image\/"}}]}},"_links":{"self":[{"href":"https:\/\/fashionuniversum.com\/index.php?rest_route=\/wp\/v2\/product\/4037","targetHints":{"allow":["GET"]}}],"collection":[{"href":"https:\/\/fashionuniversum.com\/index.php?rest_route=\/wp\/v2\/product"}],"about":[{"href":"https:\/\/fashionuniversum.com\/index.php?rest_route=\/wp\/v2\/types\/product"}],"wp:featuredmedia":[{"embeddable":true,"href":"https:\/\/fashionuniversum.com\/index.php?rest_route=\/wp\/v2\/media\/4038"}],"wp:attachment":[{"href":"https:\/\/fashionuniversum.com\/index.php?rest_route=%2Fwp%2Fv2%2Fmedia&parent=4037"}],"wp:term":[{"taxonomy":"product_brand","embeddable":true,"href":"https:\/\/fashionuniversum.com\/index.php?rest_route=%2Fwp%2Fv2%2Fproduct_brand&post=4037"},{"taxonomy":"product_cat","embeddable":true,"href":"https:\/\/fashionuniversum.com\/index.php?rest_route=%2Fwp%2Fv2%2Fproduct_cat&post=4037"},{"taxonomy":"product_tag","embeddable":true,"href":"https:\/\/fashionuniversum.com\/index.php?rest_route=%2Fwp%2Fv2%2Fproduct_tag&post=4037"}],"curies":[{"name":"wp","href":"https:\/\/api.w.org\/{rel}","templated":true}]}}