{"id":4027,"date":"2026-03-30T08:30:03","date_gmt":"2026-03-30T08:30:03","guid":{"rendered":"https:\/\/fashionuniversum.com\/?post_type=product&#038;p=4027"},"modified":"2026-03-30T08:30:45","modified_gmt":"2026-03-30T08:30:45","slug":"olavoga-veya-leggings","status":"publish","type":"product","link":"https:\/\/fashionuniversum.com\/?product=olavoga-veya-leggings","title":{"rendered":"OLAVOGA VEYA leggings"},"content":{"rendered":"<div class=\"AdPoic\" role=\"heading\" aria-level=\"3\" data-animation-nesting=\"\" data-sfc-cp=\"\" data-sfc-root=\"c\" data-sfc-cb=\"\" data-complete=\"true\" data-processed=\"true\" data-sae=\"\"><strong>\u2728 OLAVOGA VEYA leggings \u2013 A MODERN FLARE ST\u00cdLUS \u00c9S LUXUS \u00c9LETR\u00c9RZ\u00c9S \u2728<\/strong><\/div>\n<div role=\"heading\" aria-level=\"3\" data-animation-nesting=\"\" data-sfc-cp=\"\" data-sfc-root=\"c\" data-sfc-cb=\"\" data-complete=\"true\" data-processed=\"true\" data-sae=\"\"><\/div>\n<div class=\"Y3BBE\" data-sfc-cp=\"\" data-sfc-root=\"c\" data-sfc-cb=\"\" data-hveid=\"CAEICBAA\" data-complete=\"true\" data-processed=\"true\">H\u00f3d\u00edtsd meg a v\u00e1rost az <strong class=\"Yjhzub\" data-sfc-root=\"c\" data-sfc-cb=\"\" data-complete=\"true\" data-processed=\"true\">OLAVOGA VEYA<\/strong> leggings-szel, amely a klasszikus k\u00e9nyelmet \u00f6tv\u00f6zi a modern, d\u00f6g\u00f6s st\u00edlussal! \ud83d\udc8e Ez a darab a Fashion Universum k\u00edn\u00e1lat\u00e1nak egyik legk\u00fcl\u00f6nlegesebb nadr\u00e1gja: a testhez\u00e1ll\u00f3 fels\u0151 r\u00e9sz \u00e9s a l\u00e1tv\u00e1nyos flare sz\u00e1r p\u00e1rosa garant\u00e1ltan a figyelem k\u00f6z\u00e9ppontj\u00e1ba emel.<\/div>\n<div class=\"Y3BBE\" data-sfc-cp=\"\" data-sfc-root=\"c\" data-sfc-cb=\"\" data-hveid=\"CAEICRAA\" data-complete=\"true\" data-processed=\"true\"><strong class=\"Yjhzub\" data-sfc-root=\"c\" data-sfc-cb=\"\" data-complete=\"true\" data-processed=\"true\">Mi\u00e9rt fogod im\u00e1dni a VEYA leggings-t?<\/strong><\/div>\n<ul class=\"KsbFXc U6u95\" data-sfc-root=\"c\" data-sfc-cb=\"\" data-complete=\"true\" data-processed=\"true\">\n<li class=\"dF3vjf\" data-sfc-root=\"c\" data-sfc-cb=\"\" data-hveid=\"CAEIChAA\" data-complete=\"true\" data-sae=\"\"><span class=\"T286Pc\" data-sfc-cp=\"\" data-sfc-root=\"c\" data-sfc-cb=\"\" data-complete=\"true\"><strong class=\"Yjhzub\" data-sfc-root=\"c\" data-sfc-cb=\"\" data-complete=\"true\">Ikonikus Oldals\u00f3 F\u0171z\u00e9s:<\/strong> A f\u0171z\u0151s r\u00e9szletek \u00e9s az arany t\u00f3nus\u00fa szemek nemcsak ultra-d\u00f6g\u00f6sek, de karakteres, modern csavart adnak a megjelen\u00e9sednek. \u2705\u2728<\/span><\/li>\n<li class=\"dF3vjf\" data-sfc-root=\"c\" data-sfc-cb=\"\" data-hveid=\"CAEIChAB\" data-complete=\"true\" data-sae=\"\"><span class=\"T286Pc\" data-sfc-cp=\"\" data-sfc-root=\"c\" data-sfc-cb=\"\" data-complete=\"true\"><strong class=\"Yjhzub\" data-sfc-root=\"c\" data-sfc-cb=\"\" data-complete=\"true\">Alakform\u00e1l\u00f3 Trap\u00e9z Fazon:<\/strong> A magas\u00edtott der\u00e9k \u00e9s a t\u00e9rdt\u0151l b\u0151v\u00fcl\u0151 sz\u00e1r kombin\u00e1ci\u00f3ja optikailag ny\u00fajtja a l\u00e1bakat \u00e9s t\u00f6k\u00e9letes homok\u00f3ra sziluettet var\u00e1zsol. \ud83d\udc57\ud83d\udd25<\/span><\/li>\n<li class=\"dF3vjf\" data-sfc-root=\"c\" data-sfc-cb=\"\" data-hveid=\"CAEIChAC\" data-complete=\"true\" data-sae=\"\"><span class=\"T286Pc\" data-sfc-cp=\"\" data-sfc-root=\"c\" data-sfc-cb=\"\" data-complete=\"true\"><strong class=\"Yjhzub\" data-sfc-root=\"c\" data-sfc-cb=\"\" data-complete=\"true\">Pr\u00e9mium Anyaghaszn\u00e1lat:<\/strong> A tart\u00f3s, rugalmas anyag biztos\u00edtja a t\u00f6k\u00e9letes tart\u00e1st \u00e9s a maxim\u00e1lis k\u00e9nyelmet eg\u00e9sz napra, legyen sz\u00f3 egy fontos esem\u00e9nyr\u0151l vagy egy st\u00edlusos k\u00e1v\u00e9z\u00e1sr\u00f3l. \u2601\ufe0f\ud83d\udee1\ufe0f<\/span><\/li>\n<li class=\"dF3vjf\" data-sfc-root=\"c\" data-sfc-cb=\"\" data-hveid=\"CAEIChAD\" data-complete=\"true\" data-sae=\"\"><span class=\"T286Pc\" data-sfc-cp=\"\" data-sfc-root=\"c\" data-sfc-cb=\"\" data-complete=\"true\"><strong class=\"Yjhzub\" data-sfc-root=\"c\" data-sfc-cb=\"\" data-complete=\"true\">Exkluz\u00edv Branding:<\/strong> A finom Olavoga r\u00e9szletek a luxus \u00e9s a min\u0151s\u00e9g ir\u00e1nti elk\u00f6telezetts\u00e9gedet hirdetik minden pillanatban. \ud83d\udee1\ufe0f\u2728<\/span><\/li>\n<\/ul>\n<div class=\"Y3BBE\" data-sfc-cp=\"\" data-sfc-root=\"c\" data-sfc-cb=\"\" data-hveid=\"CAEICxAA\" data-complete=\"true\" data-processed=\"true\">\ud83d\udc57 <strong class=\"Yjhzub\" data-sfc-root=\"c\" data-sfc-cb=\"\" data-complete=\"true\" data-processed=\"true\">Fashion Universum St\u00edlus Tippek:<\/strong><\/div>\n<ul class=\"KsbFXc U6u95\" data-sfc-root=\"c\" data-sfc-cb=\"\" data-complete=\"true\" data-processed=\"true\">\n<li class=\"dF3vjf\" data-sfc-root=\"c\" data-sfc-cb=\"\" data-hveid=\"CAEIDBAA\" data-complete=\"true\" data-sae=\"\"><span class=\"T286Pc\" data-sfc-cp=\"\" data-sfc-root=\"c\" data-sfc-cb=\"\" data-complete=\"true\"><strong class=\"Yjhzub\" data-sfc-root=\"c\" data-sfc-cb=\"\" data-complete=\"true\">High-Fashion Look:<\/strong> Ahogy a k\u00e9pen is l\u00e1od, egy testhez\u00e1ll\u00f3 body-val \u00e9s egy d\u00f6g\u00f6s napszem\u00fcveggel igazi nagyv\u00e1rosi ikon lehetsz. \ud83d\udd76\ufe0f\ud83d\udda4<\/span><\/li>\n<li class=\"dF3vjf\" data-sfc-root=\"c\" data-sfc-cb=\"\" data-hveid=\"CAEIDBAB\" data-complete=\"true\" data-sae=\"\"><span class=\"T286Pc\" data-sfc-cp=\"\" data-sfc-root=\"c\" data-sfc-cb=\"\" data-complete=\"true\"><strong class=\"Yjhzub\" data-sfc-root=\"c\" data-sfc-cb=\"\" data-complete=\"true\">Esti Randi:<\/strong> V\u00e1laszd egy eleg\u00e1ns magassark\u00faval \u00e9s egy bor\u00edt\u00e9kt\u00e1sk\u00e1val a lehengerl\u0151, igaz\u00e1n n\u0151ies \u00f6sszhat\u00e1s\u00e9rt. \ud83d\udc60\ud83e\udd42<\/span><\/li>\n<li class=\"dF3vjf\" data-sfc-root=\"c\" data-sfc-cb=\"\" data-hveid=\"CAEIDBAC\" data-complete=\"true\" data-sae=\"\"><span class=\"T286Pc\" data-sfc-cp=\"\" data-sfc-root=\"c\" data-sfc-cb=\"\" data-complete=\"true\"><strong class=\"Yjhzub\" data-sfc-root=\"c\" data-sfc-cb=\"\" data-complete=\"true\">V\u00e1rosi Sikkes:<\/strong> Hordd egy oversize bl\u00e9zerrel vagy r\u00f6vid\u00edtett dzsekivel a kifinomult, \u201eboss lady\u201d st\u00edlus\u00e9rt. \ud83e\udde5\u2728<\/span><\/li>\n<\/ul>\n<div class=\"Y3BBE\" data-sfc-cp=\"\" data-sfc-root=\"c\" data-sfc-cb=\"\" data-hveid=\"CAEIDRAA\" data-complete=\"true\" data-processed=\"true\"><strong class=\"Yjhzub\" data-sfc-root=\"c\" data-sfc-cb=\"\" data-complete=\"true\" data-processed=\"true\" aria-owns=\"action-menu-parent-container\">\u00c9rezd a luxust \u00e9s a t\u00f6r\u0151d\u00e9st minden nap a Fashion Universum-mal!<\/strong><\/div>\n<div data-sfc-cp=\"\" data-sfc-root=\"c\" data-sfc-cb=\"\" data-hveid=\"CAEIDRAA\" data-complete=\"true\" data-processed=\"true\"><\/div>\n<div data-sfc-cp=\"\" data-sfc-root=\"c\" data-sfc-cb=\"\" data-hveid=\"CAEIDRAA\" data-complete=\"true\" data-processed=\"true\">\n<p><strong>Anyag\u00f6sszet\u00e9tel: <\/strong>90% nylon, 10% spandex<\/p>\n<h3>M\u00e9rett\u00e1bl\u00e1zat<\/h3>\n<figure class=\"table\">\n<table>\n<thead>\n<tr>\n<th>M\u00e9ret<\/th>\n<th>Teljes hossz (A)<\/th>\n<th>K\u00fcls\u0151 sz\u00e1rhossz (B)<\/th>\n<th>Bels\u0151 sz\u00e1rhossz (C)<\/th>\n<th>\u00dclep (D)<\/th>\n<th>Der\u00e9k (E)<\/th>\n<th>Cs\u00edp\u0151 (F)<\/th>\n<\/tr>\n<\/thead>\n<tbody>\n<tr>\n<td>XS<\/td>\n<td>119 cm<\/td>\n<td>104 cm<\/td>\n<td>89 cm<\/td>\n<td>32 cm<\/td>\n<td>52 cm (ny\u00falik 23 cm-ig)<\/td>\n<td>78 cm (ny\u00falik 37 cm-ig)<\/td>\n<\/tr>\n<tr>\n<td>S<\/td>\n<td>120 cm<\/td>\n<td>105 cm<\/td>\n<td>90 cm<\/td>\n<td>33 cm<\/td>\n<td>54 cm (ny\u00falik 23 cm-ig)<\/td>\n<td>80 cm (ny\u00falik 37 cm-ig)<\/td>\n<\/tr>\n<tr>\n<td>M<\/td>\n<td>121 cm<\/td>\n<td>106 cm<\/td>\n<td>91 cm<\/td>\n<td>34 cm<\/td>\n<td>56 cm (ny\u00falik 23 cm-ig)<\/td>\n<td>82 cm (ny\u00falik 37 cm-ig)<\/td>\n<\/tr>\n<\/tbody>\n<\/table>\n<\/figure>\n<p><i>A ruhadarabok lapra fektetve ker\u00fcltek m\u00e9r\u00e9sre, ez\u00e9rt az adatok \u00b12 cm-rel elt\u00e9rhetnek.<\/i><\/p>\n<\/div>\n","protected":false},"excerpt":{"rendered":"<p>\u2728 OLAVOGA VEYA leggings \u2013 A MODERN FLARE ST\u00cdLUS \u00c9S LUXUS \u00c9LETR\u00c9RZ\u00c9S \u2728 H\u00f3d\u00edtsd meg a v\u00e1rost az OLAVOGA VEYA leggings-szel, amely a klasszikus k\u00e9nyelmet &hellip; <\/p>\n","protected":false},"featured_media":4028,"template":"","meta":[],"product_brand":[78],"product_cat":[19,28,25,43],"product_tag":[],"class_list":{"0":"post-4027","1":"product","2":"type-product","3":"status-publish","4":"has-post-thumbnail","6":"product_brand-olavoga","7":"product_cat-markak","8":"product_cat-olavoga","9":"product_cat-noi-ruhazat-hu","10":"product_cat-leggingsek-nadragok","12":"first","13":"instock","14":"shipping-taxable","15":"purchasable","16":"product-type-variable"},"yoast_head":"<!-- This site is optimized with the Yoast SEO plugin v26.7 - https:\/\/yoast.com\/wordpress\/plugins\/seo\/ -->\n<title>\u2728OLAVOGA VEYA leggings \u2013 Fashion Universum \ud83d\udc8e<\/title>\n<meta name=\"description\" content=\"\u2728 OLAVOGA VEYA leggings a Fashion Universum-n\u00e1l! \ud83d\udc8e Alakform\u00e1l\u00f3 flare fazon, d\u00f6g\u00f6s f\u0171z\u0151s r\u00e9szletek \u00e9s luxus k\u00e9nyelem. \ud83d\udc51 H\u00f3d\u00edtsd meg a v\u00e1rost! \ud83d\udecd\ufe0f\ud83d\udd25\" \/>\n<meta name=\"robots\" content=\"index, follow, max-snippet:-1, max-image-preview:large, max-video-preview:-1\" \/>\n<link rel=\"canonical\" href=\"https:\/\/fashionuniversum.com\/?product=olavoga-veya-leggings\" \/>\n<meta property=\"og:locale\" content=\"hu_HU\" \/>\n<meta property=\"og:type\" content=\"article\" \/>\n<meta property=\"og:title\" content=\"\u2728OLAVOGA VEYA leggings \u2013 Fashion Universum \ud83d\udc8e\" \/>\n<meta property=\"og:description\" content=\"\u2728 OLAVOGA VEYA leggings a Fashion Universum-n\u00e1l! \ud83d\udc8e Alakform\u00e1l\u00f3 flare fazon, d\u00f6g\u00f6s f\u0171z\u0151s r\u00e9szletek \u00e9s luxus k\u00e9nyelem. \ud83d\udc51 H\u00f3d\u00edtsd meg a v\u00e1rost! \ud83d\udecd\ufe0f\ud83d\udd25\" \/>\n<meta property=\"og:url\" content=\"https:\/\/fashionuniversum.com\/?product=olavoga-veya-leggings\" \/>\n<meta property=\"og:site_name\" content=\"Fashion Universum\" \/>\n<meta property=\"article:modified_time\" content=\"2026-03-30T08:30:45+00:00\" \/>\n<meta property=\"og:image\" content=\"https:\/\/fashionuniversum.com\/wp-content\/uploads\/2026\/03\/legginsy-VEYA-135-scaled.jpg\" \/>\n\t<meta property=\"og:image:width\" content=\"1920\" \/>\n\t<meta property=\"og:image:height\" content=\"2560\" \/>\n\t<meta property=\"og:image:type\" content=\"image\/jpeg\" \/>\n<meta name=\"twitter:card\" content=\"summary_large_image\" \/>\n<meta name=\"twitter:label1\" content=\"Becs\u00fclt olvas\u00e1si id\u0151\" \/>\n\t<meta name=\"twitter:data1\" content=\"2 perc\" \/>\n<script type=\"application\/ld+json\" class=\"yoast-schema-graph\">{\"@context\":\"https:\/\/schema.org\",\"@graph\":[{\"@type\":\"WebPage\",\"@id\":\"https:\/\/fashionuniversum.com\/?product=olavoga-veya-leggings\",\"url\":\"https:\/\/fashionuniversum.com\/?product=olavoga-veya-leggings\",\"name\":\"\u2728OLAVOGA VEYA leggings \u2013 Fashion Universum \ud83d\udc8e\",\"isPartOf\":{\"@id\":\"https:\/\/fashionuniversum.com\/#website\"},\"primaryImageOfPage\":{\"@id\":\"https:\/\/fashionuniversum.com\/?product=olavoga-veya-leggings#primaryimage\"},\"image\":{\"@id\":\"https:\/\/fashionuniversum.com\/?product=olavoga-veya-leggings#primaryimage\"},\"thumbnailUrl\":\"https:\/\/fashionuniversum.com\/wp-content\/uploads\/2026\/03\/legginsy-VEYA-135-scaled.jpg\",\"datePublished\":\"2026-03-30T08:30:03+00:00\",\"dateModified\":\"2026-03-30T08:30:45+00:00\",\"description\":\"\u2728 OLAVOGA VEYA leggings a Fashion Universum-n\u00e1l! \ud83d\udc8e Alakform\u00e1l\u00f3 flare fazon, d\u00f6g\u00f6s f\u0171z\u0151s r\u00e9szletek \u00e9s luxus k\u00e9nyelem. \ud83d\udc51 H\u00f3d\u00edtsd meg a v\u00e1rost! \ud83d\udecd\ufe0f\ud83d\udd25\",\"breadcrumb\":{\"@id\":\"https:\/\/fashionuniversum.com\/?product=olavoga-veya-leggings#breadcrumb\"},\"inLanguage\":\"hu\",\"potentialAction\":[{\"@type\":\"ReadAction\",\"target\":[\"https:\/\/fashionuniversum.com\/?product=olavoga-veya-leggings\"]}]},{\"@type\":\"ImageObject\",\"inLanguage\":\"hu\",\"@id\":\"https:\/\/fashionuniversum.com\/?product=olavoga-veya-leggings#primaryimage\",\"url\":\"https:\/\/fashionuniversum.com\/wp-content\/uploads\/2026\/03\/legginsy-VEYA-135-scaled.jpg\",\"contentUrl\":\"https:\/\/fashionuniversum.com\/wp-content\/uploads\/2026\/03\/legginsy-VEYA-135-scaled.jpg\",\"width\":1920,\"height\":2560,\"caption\":\"OLAVOGA VEYA leggings\"},{\"@type\":\"BreadcrumbList\",\"@id\":\"https:\/\/fashionuniversum.com\/?product=olavoga-veya-leggings#breadcrumb\",\"itemListElement\":[{\"@type\":\"ListItem\",\"position\":1,\"name\":\"Kezd\u0151lap\",\"item\":\"https:\/\/fashionuniversum.com\/\"},{\"@type\":\"ListItem\",\"position\":2,\"name\":\"Kezd\u0151lap\",\"item\":\"https:\/\/fashionuniversum.com\/\"},{\"@type\":\"ListItem\",\"position\":3,\"name\":\"OLAVOGA VEYA leggings\"}]},{\"@type\":\"WebSite\",\"@id\":\"https:\/\/fashionuniversum.com\/#website\",\"url\":\"https:\/\/fashionuniversum.com\/\",\"name\":\"Fashion Universum\",\"description\":\"\",\"publisher\":{\"@id\":\"https:\/\/fashionuniversum.com\/#organization\"},\"potentialAction\":[{\"@type\":\"SearchAction\",\"target\":{\"@type\":\"EntryPoint\",\"urlTemplate\":\"https:\/\/fashionuniversum.com\/?s={search_term_string}\"},\"query-input\":{\"@type\":\"PropertyValueSpecification\",\"valueRequired\":true,\"valueName\":\"search_term_string\"}}],\"inLanguage\":\"hu\"},{\"@type\":\"Organization\",\"@id\":\"https:\/\/fashionuniversum.com\/#organization\",\"name\":\"Fashion Universum\",\"url\":\"https:\/\/fashionuniversum.com\/\",\"logo\":{\"@type\":\"ImageObject\",\"inLanguage\":\"hu\",\"@id\":\"https:\/\/fashionuniversum.com\/#\/schema\/logo\/image\/\",\"url\":\"https:\/\/fashionuniversum.com\/wp-content\/uploads\/2026\/02\/cropped-cropped-imaaage.jpg\",\"contentUrl\":\"https:\/\/fashionuniversum.com\/wp-content\/uploads\/2026\/02\/cropped-cropped-imaaage.jpg\",\"width\":1389,\"height\":285,\"caption\":\"Fashion Universum\"},\"image\":{\"@id\":\"https:\/\/fashionuniversum.com\/#\/schema\/logo\/image\/\"}}]}<\/script>\n<!-- \/ Yoast SEO plugin. -->","yoast_head_json":{"title":"\u2728OLAVOGA VEYA leggings \u2013 Fashion Universum \ud83d\udc8e","description":"\u2728 OLAVOGA VEYA leggings a Fashion Universum-n\u00e1l! \ud83d\udc8e Alakform\u00e1l\u00f3 flare fazon, d\u00f6g\u00f6s f\u0171z\u0151s r\u00e9szletek \u00e9s luxus k\u00e9nyelem. \ud83d\udc51 H\u00f3d\u00edtsd meg a v\u00e1rost! \ud83d\udecd\ufe0f\ud83d\udd25","robots":{"index":"index","follow":"follow","max-snippet":"max-snippet:-1","max-image-preview":"max-image-preview:large","max-video-preview":"max-video-preview:-1"},"canonical":"https:\/\/fashionuniversum.com\/?product=olavoga-veya-leggings","og_locale":"hu_HU","og_type":"article","og_title":"\u2728OLAVOGA VEYA leggings \u2013 Fashion Universum \ud83d\udc8e","og_description":"\u2728 OLAVOGA VEYA leggings a Fashion Universum-n\u00e1l! \ud83d\udc8e Alakform\u00e1l\u00f3 flare fazon, d\u00f6g\u00f6s f\u0171z\u0151s r\u00e9szletek \u00e9s luxus k\u00e9nyelem. \ud83d\udc51 H\u00f3d\u00edtsd meg a v\u00e1rost! \ud83d\udecd\ufe0f\ud83d\udd25","og_url":"https:\/\/fashionuniversum.com\/?product=olavoga-veya-leggings","og_site_name":"Fashion Universum","article_modified_time":"2026-03-30T08:30:45+00:00","og_image":[{"width":1920,"height":2560,"url":"https:\/\/fashionuniversum.com\/wp-content\/uploads\/2026\/03\/legginsy-VEYA-135-scaled.jpg","type":"image\/jpeg"}],"twitter_card":"summary_large_image","twitter_misc":{"Becs\u00fclt olvas\u00e1si id\u0151":"2 perc"},"schema":{"@context":"https:\/\/schema.org","@graph":[{"@type":"WebPage","@id":"https:\/\/fashionuniversum.com\/?product=olavoga-veya-leggings","url":"https:\/\/fashionuniversum.com\/?product=olavoga-veya-leggings","name":"\u2728OLAVOGA VEYA leggings \u2013 Fashion Universum \ud83d\udc8e","isPartOf":{"@id":"https:\/\/fashionuniversum.com\/#website"},"primaryImageOfPage":{"@id":"https:\/\/fashionuniversum.com\/?product=olavoga-veya-leggings#primaryimage"},"image":{"@id":"https:\/\/fashionuniversum.com\/?product=olavoga-veya-leggings#primaryimage"},"thumbnailUrl":"https:\/\/fashionuniversum.com\/wp-content\/uploads\/2026\/03\/legginsy-VEYA-135-scaled.jpg","datePublished":"2026-03-30T08:30:03+00:00","dateModified":"2026-03-30T08:30:45+00:00","description":"\u2728 OLAVOGA VEYA leggings a Fashion Universum-n\u00e1l! \ud83d\udc8e Alakform\u00e1l\u00f3 flare fazon, d\u00f6g\u00f6s f\u0171z\u0151s r\u00e9szletek \u00e9s luxus k\u00e9nyelem. \ud83d\udc51 H\u00f3d\u00edtsd meg a v\u00e1rost! \ud83d\udecd\ufe0f\ud83d\udd25","breadcrumb":{"@id":"https:\/\/fashionuniversum.com\/?product=olavoga-veya-leggings#breadcrumb"},"inLanguage":"hu","potentialAction":[{"@type":"ReadAction","target":["https:\/\/fashionuniversum.com\/?product=olavoga-veya-leggings"]}]},{"@type":"ImageObject","inLanguage":"hu","@id":"https:\/\/fashionuniversum.com\/?product=olavoga-veya-leggings#primaryimage","url":"https:\/\/fashionuniversum.com\/wp-content\/uploads\/2026\/03\/legginsy-VEYA-135-scaled.jpg","contentUrl":"https:\/\/fashionuniversum.com\/wp-content\/uploads\/2026\/03\/legginsy-VEYA-135-scaled.jpg","width":1920,"height":2560,"caption":"OLAVOGA VEYA leggings"},{"@type":"BreadcrumbList","@id":"https:\/\/fashionuniversum.com\/?product=olavoga-veya-leggings#breadcrumb","itemListElement":[{"@type":"ListItem","position":1,"name":"Kezd\u0151lap","item":"https:\/\/fashionuniversum.com\/"},{"@type":"ListItem","position":2,"name":"Kezd\u0151lap","item":"https:\/\/fashionuniversum.com\/"},{"@type":"ListItem","position":3,"name":"OLAVOGA VEYA leggings"}]},{"@type":"WebSite","@id":"https:\/\/fashionuniversum.com\/#website","url":"https:\/\/fashionuniversum.com\/","name":"Fashion Universum","description":"","publisher":{"@id":"https:\/\/fashionuniversum.com\/#organization"},"potentialAction":[{"@type":"SearchAction","target":{"@type":"EntryPoint","urlTemplate":"https:\/\/fashionuniversum.com\/?s={search_term_string}"},"query-input":{"@type":"PropertyValueSpecification","valueRequired":true,"valueName":"search_term_string"}}],"inLanguage":"hu"},{"@type":"Organization","@id":"https:\/\/fashionuniversum.com\/#organization","name":"Fashion Universum","url":"https:\/\/fashionuniversum.com\/","logo":{"@type":"ImageObject","inLanguage":"hu","@id":"https:\/\/fashionuniversum.com\/#\/schema\/logo\/image\/","url":"https:\/\/fashionuniversum.com\/wp-content\/uploads\/2026\/02\/cropped-cropped-imaaage.jpg","contentUrl":"https:\/\/fashionuniversum.com\/wp-content\/uploads\/2026\/02\/cropped-cropped-imaaage.jpg","width":1389,"height":285,"caption":"Fashion Universum"},"image":{"@id":"https:\/\/fashionuniversum.com\/#\/schema\/logo\/image\/"}}]}},"_links":{"self":[{"href":"https:\/\/fashionuniversum.com\/index.php?rest_route=\/wp\/v2\/product\/4027","targetHints":{"allow":["GET"]}}],"collection":[{"href":"https:\/\/fashionuniversum.com\/index.php?rest_route=\/wp\/v2\/product"}],"about":[{"href":"https:\/\/fashionuniversum.com\/index.php?rest_route=\/wp\/v2\/types\/product"}],"wp:featuredmedia":[{"embeddable":true,"href":"https:\/\/fashionuniversum.com\/index.php?rest_route=\/wp\/v2\/media\/4028"}],"wp:attachment":[{"href":"https:\/\/fashionuniversum.com\/index.php?rest_route=%2Fwp%2Fv2%2Fmedia&parent=4027"}],"wp:term":[{"taxonomy":"product_brand","embeddable":true,"href":"https:\/\/fashionuniversum.com\/index.php?rest_route=%2Fwp%2Fv2%2Fproduct_brand&post=4027"},{"taxonomy":"product_cat","embeddable":true,"href":"https:\/\/fashionuniversum.com\/index.php?rest_route=%2Fwp%2Fv2%2Fproduct_cat&post=4027"},{"taxonomy":"product_tag","embeddable":true,"href":"https:\/\/fashionuniversum.com\/index.php?rest_route=%2Fwp%2Fv2%2Fproduct_tag&post=4027"}],"curies":[{"name":"wp","href":"https:\/\/api.w.org\/{rel}","templated":true}]}}