{"id":3957,"date":"2026-03-26T18:13:35","date_gmt":"2026-03-26T18:13:35","guid":{"rendered":"https:\/\/fashionuniversum.com\/?post_type=product&#038;p=3957"},"modified":"2026-04-14T05:58:18","modified_gmt":"2026-04-14T05:58:18","slug":"olavoga-nova-ruha-4","status":"publish","type":"product","link":"https:\/\/fashionuniversum.com\/?product=olavoga-nova-ruha-4","title":{"rendered":"OLAVOGA NOVA ruha"},"content":{"rendered":"<div class=\"AdPoic\" role=\"heading\" aria-level=\"3\" data-animation-nesting=\"\" data-sfc-cp=\"\" data-sfc-root=\"c\" data-sfc-cb=\"\" data-complete=\"true\" data-processed=\"true\" data-sae=\"\"><strong class=\"Yjhzub\" data-sfc-root=\"c\" data-sfc-cb=\"\" data-complete=\"true\"><img decoding=\"async\" class=\"emoji\" role=\"img\" draggable=\"false\" src=\"https:\/\/s.w.org\/images\/core\/emoji\/17.0.2\/svg\/2728.svg\" alt=\"\u2728\" \/> OLAVOGA NOVA ruha \u2013 IKONIKUS ST\u00cdLUS \u00c9S LUXUS EGYBEN <img decoding=\"async\" class=\"emoji\" role=\"img\" draggable=\"false\" src=\"https:\/\/s.w.org\/images\/core\/emoji\/17.0.2\/svg\/2728.svg\" alt=\"\u2728\" \/><\/strong><\/div>\n<div role=\"heading\" aria-level=\"3\" data-animation-nesting=\"\" data-sfc-cp=\"\" data-sfc-root=\"c\" data-sfc-cb=\"\" data-complete=\"true\" data-processed=\"true\" data-sae=\"\"><\/div>\n<div class=\"Y3BBE\" data-sfc-cp=\"\" data-sfc-root=\"c\" data-sfc-cb=\"\" data-hveid=\"CAEIBRAA\" data-complete=\"true\" data-processed=\"true\">L\u00e9pj ki a t\u00f6megb\u0151l a <strong class=\"Yjhzub\" data-sfc-root=\"c\" data-sfc-cb=\"\" data-complete=\"true\" data-processed=\"true\">Fashion Universum<\/strong> egyik legn\u00e9pszer\u0171bb darabj\u00e1ban! Az <strong class=\"Yjhzub\" data-sfc-root=\"c\" data-sfc-cb=\"\" data-complete=\"true\" data-processed=\"true\">OLAVOGA NOVA<\/strong> ruha a mer\u00e9sz log\u00f3m\u00e1nia \u00e9s a n\u0151ies elegancia t\u00f6k\u00e9letes tal\u00e1lkoz\u00e1sa. Ez a modell azoknak a n\u0151knek k\u00e9sz\u00fclt, akik im\u00e1dj\u00e1k a pr\u00e9mium megjelen\u00e9st \u00e9s nem f\u00e9lnek megmutatni magabiztos st\u00edlusukat. <img decoding=\"async\" class=\"emoji\" role=\"img\" draggable=\"false\" src=\"https:\/\/s.w.org\/images\/core\/emoji\/17.0.2\/svg\/1f48e.svg\" alt=\"\ud83d\udc8e\" \/><img decoding=\"async\" class=\"emoji\" role=\"img\" draggable=\"false\" src=\"https:\/\/s.w.org\/images\/core\/emoji\/17.0.2\/svg\/1f451.svg\" alt=\"\ud83d\udc51\" \/><\/div>\n<div class=\"Y3BBE\" data-sfc-cp=\"\" data-sfc-root=\"c\" data-sfc-cb=\"\" data-hveid=\"CAEIBhAA\" data-complete=\"true\" data-processed=\"true\"><strong class=\"Yjhzub\" data-sfc-root=\"c\" data-sfc-cb=\"\" data-complete=\"true\" data-processed=\"true\">Mi\u00e9rt lesz a NOVA ruha a kedvenced?<\/strong><\/div>\n<ul class=\"KsbFXc U6u95\" data-sfc-root=\"c\" data-sfc-cb=\"\" data-complete=\"true\" data-processed=\"true\">\n<li class=\"dF3vjf\" data-sfc-root=\"c\" data-sfc-cb=\"\" data-hveid=\"CAEIBxAA\" data-complete=\"true\" data-sae=\"\"><span class=\"T286Pc\" data-sfc-cp=\"\" data-sfc-root=\"c\" data-sfc-cb=\"\" data-complete=\"true\"><strong class=\"Yjhzub\" data-sfc-root=\"c\" data-sfc-cb=\"\" data-complete=\"true\">Ikonikus All-over Print:<\/strong> A ruh\u00e1t bor\u00edt\u00f3, st\u00edlusos Olavoga feliratok azonnal felismerhet\u0151v\u00e9 teszik, \u00e9s modern, \u201ehigh-fashion\u201d hat\u00e1st k\u00f6lcs\u00f6n\u00f6znek. <img decoding=\"async\" class=\"emoji\" role=\"img\" draggable=\"false\" src=\"https:\/\/s.w.org\/images\/core\/emoji\/17.0.2\/svg\/1f6e1.svg\" alt=\"\ud83d\udee1\ufe0f\" \/><img decoding=\"async\" class=\"emoji\" role=\"img\" draggable=\"false\" src=\"https:\/\/s.w.org\/images\/core\/emoji\/17.0.2\/svg\/2728.svg\" alt=\"\u2728\" \/><\/span><\/li>\n<li class=\"dF3vjf\" data-sfc-root=\"c\" data-sfc-cb=\"\" data-hveid=\"CAEIBxAB\" data-complete=\"true\" data-sae=\"\"><span class=\"T286Pc\" data-sfc-cp=\"\" data-sfc-root=\"c\" data-sfc-cb=\"\" data-complete=\"true\"><strong class=\"Yjhzub\" data-sfc-root=\"c\" data-sfc-cb=\"\" data-complete=\"true\">Alakform\u00e1l\u00f3 Szab\u00e1s:<\/strong> Az ujjatlan, testhez\u00e1ll\u00f3 mini fazon mesterien emeli ki a sziluettet, mik\u00f6zben minden l\u00e9p\u00e9sn\u00e9l magabiztoss\u00e1got ad. <img decoding=\"async\" class=\"emoji\" role=\"img\" draggable=\"false\" src=\"https:\/\/s.w.org\/images\/core\/emoji\/17.0.2\/svg\/2705.svg\" alt=\"\u2705\" \/><\/span><\/li>\n<li class=\"dF3vjf\" data-sfc-root=\"c\" data-sfc-cb=\"\" data-hveid=\"CAEIBxAC\" data-complete=\"true\" data-sae=\"\"><span class=\"T286Pc\" data-sfc-cp=\"\" data-sfc-root=\"c\" data-sfc-cb=\"\" data-complete=\"true\"><strong class=\"Yjhzub\" data-sfc-root=\"c\" data-sfc-cb=\"\" data-complete=\"true\">Pr\u00e9mium K\u00e9nyelem:<\/strong> A rugalmas, magas min\u0151s\u00e9g\u0171 anyag m\u00e1sodik b\u0151rk\u00e9nt simul a testre, \u00edgy eg\u00e9sz napos komfortot biztos\u00edt, b\u00e1rmilyen alkalomr\u00f3l legyen sz\u00f3. <img decoding=\"async\" class=\"emoji\" role=\"img\" draggable=\"false\" src=\"https:\/\/s.w.org\/images\/core\/emoji\/17.0.2\/svg\/2601.svg\" alt=\"\u2601\ufe0f\" \/><\/span><\/li>\n<li class=\"dF3vjf\" data-sfc-root=\"c\" data-sfc-cb=\"\" data-hveid=\"CAEIBxAD\" data-complete=\"true\" data-sae=\"\"><span class=\"T286Pc\" data-sfc-cp=\"\" data-sfc-root=\"c\" data-sfc-cb=\"\" data-complete=\"true\"><strong class=\"Yjhzub\" data-sfc-root=\"c\" data-sfc-cb=\"\" data-complete=\"true\">Sokoldal\u00fa Design:<\/strong> A letisztult vonalvezet\u00e9snek k\u00f6sz\u00f6nhet\u0151en rengeteg m\u00f3don vari\u00e1lhat\u00f3, \u00edgy a ruhat\u00e1rad egyik legt\u00f6bbet haszn\u00e1lt alapdarabja lesz. <img decoding=\"async\" class=\"emoji\" role=\"img\" draggable=\"false\" src=\"https:\/\/s.w.org\/images\/core\/emoji\/17.0.2\/svg\/1f3a8.svg\" alt=\"\ud83c\udfa8\" \/><img decoding=\"async\" class=\"emoji\" role=\"img\" draggable=\"false\" src=\"https:\/\/s.w.org\/images\/core\/emoji\/17.0.2\/svg\/1f6e1.svg\" alt=\"\ud83d\udee1\ufe0f\" \/><\/span><\/li>\n<\/ul>\n<div class=\"Y3BBE\" data-sfc-cp=\"\" data-sfc-root=\"c\" data-sfc-cb=\"\" data-hveid=\"CAEICBAA\" data-complete=\"true\" data-processed=\"true\"><img decoding=\"async\" class=\"emoji\" role=\"img\" draggable=\"false\" src=\"https:\/\/s.w.org\/images\/core\/emoji\/17.0.2\/svg\/1f457.svg\" alt=\"\ud83d\udc57\" \/> <strong class=\"Yjhzub\" data-sfc-root=\"c\" data-sfc-cb=\"\" data-complete=\"true\" data-processed=\"true\">Fashion Universum St\u00edlus Tippek:<\/strong><\/div>\n<ul class=\"KsbFXc U6u95\" data-sfc-root=\"c\" data-sfc-cb=\"\" data-complete=\"true\" data-processed=\"true\">\n<li class=\"dF3vjf\" data-sfc-root=\"c\" data-sfc-cb=\"\" data-hveid=\"CAEICRAA\" data-complete=\"true\" data-sae=\"\"><span class=\"T286Pc\" data-sfc-cp=\"\" data-sfc-root=\"c\" data-sfc-cb=\"\" data-complete=\"true\"><strong class=\"Yjhzub\" data-sfc-root=\"c\" data-sfc-cb=\"\" data-complete=\"true\">V\u00e1rosi Elegancia:<\/strong> P\u00e1ros\u00edtsd egy platformos sneakerrel \u00e9s egy d\u00f6g\u00f6s napszem\u00fcveggel a lezser, m\u00e9gis luxus hat\u00e1s\u00fa utcai szetthez. <img decoding=\"async\" class=\"emoji\" role=\"img\" draggable=\"false\" src=\"https:\/\/s.w.org\/images\/core\/emoji\/17.0.2\/svg\/1f45f.svg\" alt=\"\ud83d\udc5f\" \/><img decoding=\"async\" class=\"emoji\" role=\"img\" draggable=\"false\" src=\"https:\/\/s.w.org\/images\/core\/emoji\/17.0.2\/svg\/1f576.svg\" alt=\"\ud83d\udd76\ufe0f\" \/><\/span><\/li>\n<li class=\"dF3vjf\" data-sfc-root=\"c\" data-sfc-cb=\"\" data-hveid=\"CAEICRAB\" data-complete=\"true\" data-sae=\"\"><span class=\"T286Pc\" data-sfc-cp=\"\" data-sfc-root=\"c\" data-sfc-cb=\"\" data-complete=\"true\"><strong class=\"Yjhzub\" data-sfc-root=\"c\" data-sfc-cb=\"\" data-complete=\"true\">Esti Glamour:<\/strong> Cser\u00e9ld le a lapos cip\u0151t egy p\u00e1ntos szand\u00e1lra vagy magassark\u00fara, \u00e9s egy eleg\u00e1ns kist\u00e1sk\u00e1val m\u00e1ris k\u00e9szen \u00e1llsz egy vacsor\u00e1ra vagy partyra. <img decoding=\"async\" class=\"emoji\" role=\"img\" draggable=\"false\" src=\"https:\/\/s.w.org\/images\/core\/emoji\/17.0.2\/svg\/1f460.svg\" alt=\"\ud83d\udc60\" \/><img decoding=\"async\" class=\"emoji\" role=\"img\" draggable=\"false\" src=\"https:\/\/s.w.org\/images\/core\/emoji\/17.0.2\/svg\/1f942.svg\" alt=\"\ud83e\udd42\" \/><\/span><\/li>\n<li class=\"dF3vjf\" data-sfc-root=\"c\" data-sfc-cb=\"\" data-hveid=\"CAEICRAC\" data-complete=\"true\" data-sae=\"\"><span class=\"T286Pc\" data-sfc-cp=\"\" data-sfc-root=\"c\" data-sfc-cb=\"\" data-complete=\"true\"><strong class=\"Yjhzub\" data-sfc-root=\"c\" data-sfc-cb=\"\" data-complete=\"true\">St\u00edlusos R\u00e9tegez\u00e9s:<\/strong> H\u0171v\u00f6sebb id\u0151ben egy r\u00f6vid fazon\u00fa b\u0151rdzsekivel vagy egy oversize bl\u00e9zerrel kombin\u00e1lva is zseni\u00e1lisan mutat. <img decoding=\"async\" class=\"emoji\" role=\"img\" draggable=\"false\" src=\"https:\/\/s.w.org\/images\/core\/emoji\/17.0.2\/svg\/1f9e5.svg\" alt=\"\ud83e\udde5\" \/><img decoding=\"async\" class=\"emoji\" role=\"img\" draggable=\"false\" src=\"https:\/\/s.w.org\/images\/core\/emoji\/17.0.2\/svg\/2728.svg\" alt=\"\u2728\" \/><\/span><\/li>\n<\/ul>\n<div data-sfc-cp=\"\" data-sfc-root=\"c\" data-sfc-cb=\"\" data-hveid=\"CAEIChAA\" data-complete=\"true\" data-processed=\"true\">\n<p><strong class=\"Yjhzub\" data-sfc-root=\"c\" data-sfc-cb=\"\" data-complete=\"true\" data-processed=\"true\" aria-owns=\"action-menu-parent-container\">\u00c9rezd a luxust \u00e9s a t\u00f6r\u0151d\u00e9st minden nap a Fashion Universum-mal!<\/strong><\/p>\n<p><strong>Anyag\u00f6sszet\u00e9tel: <\/strong>50% viszk\u00f3z, 28% poli\u00e9szter, 22% nylon<\/p>\n<h3>M\u00e9rett\u00e1bl\u00e1zat:<\/h3>\n<figure class=\"table\">\n<table>\n<thead>\n<tr>\n<th>M\u00e9ret<\/th>\n<th>Teljes hossz (A)<\/th>\n<th>Mellb\u0151s\u00e9g (B)<\/th>\n<th>Der\u00e9k (C)<\/th>\n<th>Cs\u00edp\u0151 (D)<\/th>\n<\/tr>\n<\/thead>\n<tbody>\n<tr>\n<td>XS<\/td>\n<td>83 cm<\/td>\n<td>72 cm (ny\u00falik 58 cm-ig)<\/td>\n<td>64 cm (ny\u00falik 42 cm-ig)<\/td>\n<td>80 cm (ny\u00falik 49 cm-ig)<\/td>\n<\/tr>\n<tr>\n<td>S<\/td>\n<td>84 cm<\/td>\n<td>74 cm (ny\u00falik 58 cm-ig)<\/td>\n<td>66 cm (ny\u00falik 42 cm-ig)<\/td>\n<td>82 cm (ny\u00falik 49 cm-ig)<\/td>\n<\/tr>\n<tr>\n<td>M<\/td>\n<td>85 cm<\/td>\n<td>76 cm (ny\u00falik 58 cm-ig)<\/td>\n<td>68 cm (ny\u00falik 42 cm-ig)<\/td>\n<td>84 cm (ny\u00falik 49 cm-ig)<\/td>\n<\/tr>\n<\/tbody>\n<\/table>\n<\/figure>\n<p><i>A ruhadarabok lapra fektetve ker\u00fcltek m\u00e9r\u00e9sre, ez\u00e9rt az adatok \u00b12 cm-rel elt\u00e9rhetnek.<\/i><\/p>\n<\/div>\n","protected":false},"excerpt":{"rendered":"<p>OLAVOGA NOVA ruha \u2013 IKONIKUS ST\u00cdLUS \u00c9S LUXUS EGYBEN L\u00e9pj ki a t\u00f6megb\u0151l a Fashion Universum egyik legn\u00e9pszer\u0171bb darabj\u00e1ban! Az OLAVOGA NOVA ruha a mer\u00e9sz &hellip; <\/p>\n","protected":false},"featured_media":3958,"template":"","meta":[],"product_brand":[78],"product_cat":[19,28,25,57],"product_tag":[],"class_list":{"0":"post-3957","1":"product","2":"type-product","3":"status-publish","4":"has-post-thumbnail","6":"product_brand-olavoga","7":"product_cat-markak","8":"product_cat-olavoga","9":"product_cat-noi-ruhazat-hu","10":"product_cat-ruhak-tunikak","12":"first","13":"instock","14":"shipping-taxable","15":"product-type-variable"},"yoast_head":"<!-- This site is optimized with the Yoast SEO plugin v26.7 - https:\/\/yoast.com\/wordpress\/plugins\/seo\/ -->\n<title>\u2728 OLAVOGA NOVA ruha \u2013 Fashion Universum \ud83d\udc57<\/title>\n<meta name=\"description\" content=\"\u2728 Fedezd fel az OLAVOGA NOVA ruha luxus\u00e1t a Fashion Universum-n\u00e1l! \ud83d\udc57 Pr\u00e9mium anyag, ikonikus log\u00f3m\u00e1nia \u00e9s alakform\u00e1l\u00f3 fazon. Ragyogj vel\u00fcnk minden nap! \ud83d\udc8e\" \/>\n<meta name=\"robots\" content=\"index, follow, max-snippet:-1, max-image-preview:large, max-video-preview:-1\" \/>\n<link rel=\"canonical\" href=\"https:\/\/fashionuniversum.com\/?product=olavoga-nova-ruha-4\" \/>\n<meta property=\"og:locale\" content=\"hu_HU\" \/>\n<meta property=\"og:type\" content=\"article\" \/>\n<meta property=\"og:title\" content=\"\u2728 OLAVOGA NOVA ruha \u2013 Fashion Universum \ud83d\udc57\" \/>\n<meta property=\"og:description\" content=\"\u2728 Fedezd fel az OLAVOGA NOVA ruha luxus\u00e1t a Fashion Universum-n\u00e1l! \ud83d\udc57 Pr\u00e9mium anyag, ikonikus log\u00f3m\u00e1nia \u00e9s alakform\u00e1l\u00f3 fazon. Ragyogj vel\u00fcnk minden nap! \ud83d\udc8e\" \/>\n<meta property=\"og:url\" content=\"https:\/\/fashionuniversum.com\/?product=olavoga-nova-ruha-4\" \/>\n<meta property=\"og:site_name\" content=\"Fashion Universum\" \/>\n<meta property=\"article:modified_time\" content=\"2026-04-14T05:58:18+00:00\" \/>\n<meta property=\"og:image\" content=\"https:\/\/fashionuniversum.com\/wp-content\/uploads\/2026\/03\/sukienka-NOVA-998.jpg\" \/>\n\t<meta property=\"og:image:width\" content=\"1400\" \/>\n\t<meta property=\"og:image:height\" content=\"1866\" \/>\n\t<meta property=\"og:image:type\" content=\"image\/jpeg\" \/>\n<meta name=\"twitter:card\" content=\"summary_large_image\" \/>\n<meta name=\"twitter:label1\" content=\"Becs\u00fclt olvas\u00e1si id\u0151\" \/>\n\t<meta name=\"twitter:data1\" content=\"6 perc\" \/>\n<script type=\"application\/ld+json\" class=\"yoast-schema-graph\">{\"@context\":\"https:\/\/schema.org\",\"@graph\":[{\"@type\":\"WebPage\",\"@id\":\"https:\/\/fashionuniversum.com\/?product=olavoga-nova-ruha-4\",\"url\":\"https:\/\/fashionuniversum.com\/?product=olavoga-nova-ruha-4\",\"name\":\"\u2728 OLAVOGA NOVA ruha \u2013 Fashion Universum \ud83d\udc57\",\"isPartOf\":{\"@id\":\"https:\/\/fashionuniversum.com\/#website\"},\"primaryImageOfPage\":{\"@id\":\"https:\/\/fashionuniversum.com\/?product=olavoga-nova-ruha-4#primaryimage\"},\"image\":{\"@id\":\"https:\/\/fashionuniversum.com\/?product=olavoga-nova-ruha-4#primaryimage\"},\"thumbnailUrl\":\"https:\/\/fashionuniversum.com\/wp-content\/uploads\/2026\/03\/sukienka-NOVA-998.jpg\",\"datePublished\":\"2026-03-26T18:13:35+00:00\",\"dateModified\":\"2026-04-14T05:58:18+00:00\",\"description\":\"\u2728 Fedezd fel az OLAVOGA NOVA ruha luxus\u00e1t a Fashion Universum-n\u00e1l! \ud83d\udc57 Pr\u00e9mium anyag, ikonikus log\u00f3m\u00e1nia \u00e9s alakform\u00e1l\u00f3 fazon. Ragyogj vel\u00fcnk minden nap! \ud83d\udc8e\",\"breadcrumb\":{\"@id\":\"https:\/\/fashionuniversum.com\/?product=olavoga-nova-ruha-4#breadcrumb\"},\"inLanguage\":\"hu\",\"potentialAction\":[{\"@type\":\"ReadAction\",\"target\":[\"https:\/\/fashionuniversum.com\/?product=olavoga-nova-ruha-4\"]}]},{\"@type\":\"ImageObject\",\"inLanguage\":\"hu\",\"@id\":\"https:\/\/fashionuniversum.com\/?product=olavoga-nova-ruha-4#primaryimage\",\"url\":\"https:\/\/fashionuniversum.com\/wp-content\/uploads\/2026\/03\/sukienka-NOVA-998.jpg\",\"contentUrl\":\"https:\/\/fashionuniversum.com\/wp-content\/uploads\/2026\/03\/sukienka-NOVA-998.jpg\",\"width\":1400,\"height\":1866,\"caption\":\"OLAVOGA NOVA ruha\"},{\"@type\":\"BreadcrumbList\",\"@id\":\"https:\/\/fashionuniversum.com\/?product=olavoga-nova-ruha-4#breadcrumb\",\"itemListElement\":[{\"@type\":\"ListItem\",\"position\":1,\"name\":\"Kezd\u0151lap\",\"item\":\"https:\/\/fashionuniversum.com\/\"},{\"@type\":\"ListItem\",\"position\":2,\"name\":\"Kezd\u0151lap\",\"item\":\"https:\/\/fashionuniversum.com\/\"},{\"@type\":\"ListItem\",\"position\":3,\"name\":\"OLAVOGA NOVA ruha\"}]},{\"@type\":\"WebSite\",\"@id\":\"https:\/\/fashionuniversum.com\/#website\",\"url\":\"https:\/\/fashionuniversum.com\/\",\"name\":\"Fashion Universum\",\"description\":\"\",\"publisher\":{\"@id\":\"https:\/\/fashionuniversum.com\/#organization\"},\"potentialAction\":[{\"@type\":\"SearchAction\",\"target\":{\"@type\":\"EntryPoint\",\"urlTemplate\":\"https:\/\/fashionuniversum.com\/?s={search_term_string}\"},\"query-input\":{\"@type\":\"PropertyValueSpecification\",\"valueRequired\":true,\"valueName\":\"search_term_string\"}}],\"inLanguage\":\"hu\"},{\"@type\":\"Organization\",\"@id\":\"https:\/\/fashionuniversum.com\/#organization\",\"name\":\"Fashion Universum\",\"url\":\"https:\/\/fashionuniversum.com\/\",\"logo\":{\"@type\":\"ImageObject\",\"inLanguage\":\"hu\",\"@id\":\"https:\/\/fashionuniversum.com\/#\/schema\/logo\/image\/\",\"url\":\"https:\/\/fashionuniversum.com\/wp-content\/uploads\/2026\/02\/cropped-cropped-imaaage.jpg\",\"contentUrl\":\"https:\/\/fashionuniversum.com\/wp-content\/uploads\/2026\/02\/cropped-cropped-imaaage.jpg\",\"width\":1389,\"height\":285,\"caption\":\"Fashion Universum\"},\"image\":{\"@id\":\"https:\/\/fashionuniversum.com\/#\/schema\/logo\/image\/\"}}]}<\/script>\n<!-- \/ Yoast SEO plugin. -->","yoast_head_json":{"title":"\u2728 OLAVOGA NOVA ruha \u2013 Fashion Universum \ud83d\udc57","description":"\u2728 Fedezd fel az OLAVOGA NOVA ruha luxus\u00e1t a Fashion Universum-n\u00e1l! \ud83d\udc57 Pr\u00e9mium anyag, ikonikus log\u00f3m\u00e1nia \u00e9s alakform\u00e1l\u00f3 fazon. Ragyogj vel\u00fcnk minden nap! \ud83d\udc8e","robots":{"index":"index","follow":"follow","max-snippet":"max-snippet:-1","max-image-preview":"max-image-preview:large","max-video-preview":"max-video-preview:-1"},"canonical":"https:\/\/fashionuniversum.com\/?product=olavoga-nova-ruha-4","og_locale":"hu_HU","og_type":"article","og_title":"\u2728 OLAVOGA NOVA ruha \u2013 Fashion Universum \ud83d\udc57","og_description":"\u2728 Fedezd fel az OLAVOGA NOVA ruha luxus\u00e1t a Fashion Universum-n\u00e1l! \ud83d\udc57 Pr\u00e9mium anyag, ikonikus log\u00f3m\u00e1nia \u00e9s alakform\u00e1l\u00f3 fazon. Ragyogj vel\u00fcnk minden nap! \ud83d\udc8e","og_url":"https:\/\/fashionuniversum.com\/?product=olavoga-nova-ruha-4","og_site_name":"Fashion Universum","article_modified_time":"2026-04-14T05:58:18+00:00","og_image":[{"width":1400,"height":1866,"url":"https:\/\/fashionuniversum.com\/wp-content\/uploads\/2026\/03\/sukienka-NOVA-998.jpg","type":"image\/jpeg"}],"twitter_card":"summary_large_image","twitter_misc":{"Becs\u00fclt olvas\u00e1si id\u0151":"6 perc"},"schema":{"@context":"https:\/\/schema.org","@graph":[{"@type":"WebPage","@id":"https:\/\/fashionuniversum.com\/?product=olavoga-nova-ruha-4","url":"https:\/\/fashionuniversum.com\/?product=olavoga-nova-ruha-4","name":"\u2728 OLAVOGA NOVA ruha \u2013 Fashion Universum \ud83d\udc57","isPartOf":{"@id":"https:\/\/fashionuniversum.com\/#website"},"primaryImageOfPage":{"@id":"https:\/\/fashionuniversum.com\/?product=olavoga-nova-ruha-4#primaryimage"},"image":{"@id":"https:\/\/fashionuniversum.com\/?product=olavoga-nova-ruha-4#primaryimage"},"thumbnailUrl":"https:\/\/fashionuniversum.com\/wp-content\/uploads\/2026\/03\/sukienka-NOVA-998.jpg","datePublished":"2026-03-26T18:13:35+00:00","dateModified":"2026-04-14T05:58:18+00:00","description":"\u2728 Fedezd fel az OLAVOGA NOVA ruha luxus\u00e1t a Fashion Universum-n\u00e1l! \ud83d\udc57 Pr\u00e9mium anyag, ikonikus log\u00f3m\u00e1nia \u00e9s alakform\u00e1l\u00f3 fazon. Ragyogj vel\u00fcnk minden nap! \ud83d\udc8e","breadcrumb":{"@id":"https:\/\/fashionuniversum.com\/?product=olavoga-nova-ruha-4#breadcrumb"},"inLanguage":"hu","potentialAction":[{"@type":"ReadAction","target":["https:\/\/fashionuniversum.com\/?product=olavoga-nova-ruha-4"]}]},{"@type":"ImageObject","inLanguage":"hu","@id":"https:\/\/fashionuniversum.com\/?product=olavoga-nova-ruha-4#primaryimage","url":"https:\/\/fashionuniversum.com\/wp-content\/uploads\/2026\/03\/sukienka-NOVA-998.jpg","contentUrl":"https:\/\/fashionuniversum.com\/wp-content\/uploads\/2026\/03\/sukienka-NOVA-998.jpg","width":1400,"height":1866,"caption":"OLAVOGA NOVA ruha"},{"@type":"BreadcrumbList","@id":"https:\/\/fashionuniversum.com\/?product=olavoga-nova-ruha-4#breadcrumb","itemListElement":[{"@type":"ListItem","position":1,"name":"Kezd\u0151lap","item":"https:\/\/fashionuniversum.com\/"},{"@type":"ListItem","position":2,"name":"Kezd\u0151lap","item":"https:\/\/fashionuniversum.com\/"},{"@type":"ListItem","position":3,"name":"OLAVOGA NOVA ruha"}]},{"@type":"WebSite","@id":"https:\/\/fashionuniversum.com\/#website","url":"https:\/\/fashionuniversum.com\/","name":"Fashion Universum","description":"","publisher":{"@id":"https:\/\/fashionuniversum.com\/#organization"},"potentialAction":[{"@type":"SearchAction","target":{"@type":"EntryPoint","urlTemplate":"https:\/\/fashionuniversum.com\/?s={search_term_string}"},"query-input":{"@type":"PropertyValueSpecification","valueRequired":true,"valueName":"search_term_string"}}],"inLanguage":"hu"},{"@type":"Organization","@id":"https:\/\/fashionuniversum.com\/#organization","name":"Fashion Universum","url":"https:\/\/fashionuniversum.com\/","logo":{"@type":"ImageObject","inLanguage":"hu","@id":"https:\/\/fashionuniversum.com\/#\/schema\/logo\/image\/","url":"https:\/\/fashionuniversum.com\/wp-content\/uploads\/2026\/02\/cropped-cropped-imaaage.jpg","contentUrl":"https:\/\/fashionuniversum.com\/wp-content\/uploads\/2026\/02\/cropped-cropped-imaaage.jpg","width":1389,"height":285,"caption":"Fashion Universum"},"image":{"@id":"https:\/\/fashionuniversum.com\/#\/schema\/logo\/image\/"}}]}},"_links":{"self":[{"href":"https:\/\/fashionuniversum.com\/index.php?rest_route=\/wp\/v2\/product\/3957","targetHints":{"allow":["GET"]}}],"collection":[{"href":"https:\/\/fashionuniversum.com\/index.php?rest_route=\/wp\/v2\/product"}],"about":[{"href":"https:\/\/fashionuniversum.com\/index.php?rest_route=\/wp\/v2\/types\/product"}],"wp:featuredmedia":[{"embeddable":true,"href":"https:\/\/fashionuniversum.com\/index.php?rest_route=\/wp\/v2\/media\/3958"}],"wp:attachment":[{"href":"https:\/\/fashionuniversum.com\/index.php?rest_route=%2Fwp%2Fv2%2Fmedia&parent=3957"}],"wp:term":[{"taxonomy":"product_brand","embeddable":true,"href":"https:\/\/fashionuniversum.com\/index.php?rest_route=%2Fwp%2Fv2%2Fproduct_brand&post=3957"},{"taxonomy":"product_cat","embeddable":true,"href":"https:\/\/fashionuniversum.com\/index.php?rest_route=%2Fwp%2Fv2%2Fproduct_cat&post=3957"},{"taxonomy":"product_tag","embeddable":true,"href":"https:\/\/fashionuniversum.com\/index.php?rest_route=%2Fwp%2Fv2%2Fproduct_tag&post=3957"}],"curies":[{"name":"wp","href":"https:\/\/api.w.org\/{rel}","templated":true}]}}