{"id":3603,"date":"2026-03-05T19:28:55","date_gmt":"2026-03-05T19:28:55","guid":{"rendered":"https:\/\/fashionuniversum.com\/?post_type=product&#038;p=3603"},"modified":"2026-04-01T11:17:53","modified_gmt":"2026-04-01T11:17:53","slug":"olavoga-selira-szett","status":"publish","type":"product","link":"https:\/\/fashionuniversum.com\/?product=olavoga-selira-szett","title":{"rendered":"OLAVOGA SELIRA szett"},"content":{"rendered":"<div class=\"otQkpb\" role=\"heading\" aria-level=\"3\" data-animation-nesting=\"\" data-sfc-cp=\"\" data-sfc-cb=\"\" data-complete=\"true\" data-processed=\"true\" data-sae=\"\"><strong class=\"Yjhzub\" data-sfc-cb=\"\" data-complete=\"true\">OLAVOGA SELIRA szett \u2013 A Sportos Luxus \u00e9s N\u0151iess\u00e9g Tal\u00e1lkoz\u00e1sa<\/strong><\/div>\n<div class=\"Y3BBE\" data-sfc-cp=\"\" data-sfc-cb=\"\" data-hveid=\"CAEIAxAA\" data-complete=\"true\" data-processed=\"true\">H\u00f3d\u00edtsd meg az utc\u00e1kat az <strong class=\"Yjhzub\" data-sfc-cb=\"\" data-complete=\"true\" data-processed=\"true\">O La Voga Selira<\/strong> szettel, amely a k\u00e9nyelmet \u00e9s a modern eszt\u00e9tik\u00e1t emeli mesteri szintre! Ez az \u00f6ssze\u00e1ll\u00edt\u00e1s azoknak a n\u0151knek k\u00e9sz\u00fclt, akik a h\u00e9tk\u00f6znapokon is a pr\u00e9mium megjelen\u00e9sre t\u00f6rekszenek, legyen sz\u00f3 szabadid\u0151s tev\u00e9kenys\u00e9gr\u0151l vagy v\u00e1rosi st\u00edlusr\u00f3l. Tal\u00e1ld meg a kedvenc sz\u00ednedet a <span data-sfc-cp=\"\" data-wiz-uids=\"iqT9Ef_l\" data-sfc-cb=\"\" data-complete=\"true\" data-processed=\"true\"><a class=\"H23r4e\" href=\"https:\/\/fashionuniversum.com\/?product_brand=olavoga\" target=\"_blank\" rel=\"noopener\" data-hveid=\"CAEIAxAB\" data-sb=\"\/url?sa=i&amp;source=web&amp;rct=j&amp;url=https:\/\/fashionuniversum.com\/?product_brand%3Dolavoga&amp;ved=2ahUKEwik4_jNvYmTAxV30gIHHcXsITUQy_kOegYIAQgDEAE&amp;opi=89978449&amp;cd&amp;psig=AOvVaw3c11NYsOLFK652UUKBdxsS&amp;ust=1772824919706000\" data-processed=\"true\"><strong class=\"Yjhzub\" data-sfc-cb=\"\" data-complete=\"true\" data-processed=\"true\">Fashion Universum<\/strong><\/a><\/span> exkluz\u00edv k\u00edn\u00e1lat\u00e1ban!<\/div>\n<div class=\"Fsg96\" data-sfc-cp=\"\" data-sfc-cb=\"\" data-complete=\"true\" data-processed=\"true\"><\/div>\n<div class=\"AdPoic\" role=\"heading\" aria-level=\"3\" data-animation-nesting=\"\" data-sfc-cp=\"\" data-sfc-cb=\"\" data-complete=\"true\" data-processed=\"true\" data-sae=\"\"><strong class=\"Yjhzub\" data-sfc-cb=\"\" data-complete=\"true\">Term\u00e9kjellemz\u0151k \u00e9s Megjelen\u00e9s<\/strong><\/div>\n<ul class=\"KsbFXc U6u95\" data-sfc-cb=\"\" data-complete=\"true\" data-processed=\"true\">\n<li class=\"dF3vjf\" data-sfc-cb=\"\" data-hveid=\"CAEIBBAA\" data-complete=\"true\" data-sae=\"\"><span class=\"T286Pc\" data-sfc-cp=\"\" data-sfc-cb=\"\" data-complete=\"true\"><strong class=\"Yjhzub\" data-sfc-cb=\"\" data-complete=\"true\">Kifinomult Szab\u00e1svonal:<\/strong> A Selira szett egy st\u00edlusos, testhez\u00e1ll\u00f3 fels\u0151b\u0151l \u00e9s egy hozz\u00e1 ill\u0151, k\u00e9nyelmes nadr\u00e1gb\u00f3l \u00e1ll, amely kiemeli a n\u0151ies vonalakat, mik\u00f6zben maxim\u00e1lis mozg\u00e1sszabads\u00e1got biztos\u00edt.<\/span><\/li>\n<li class=\"dF3vjf\" data-sfc-cb=\"\" data-hveid=\"CAEIBBAB\" data-complete=\"true\" data-sae=\"\"><span class=\"T286Pc\" data-sfc-cp=\"\" data-sfc-cb=\"\" data-complete=\"true\"><strong class=\"Yjhzub\" data-sfc-cb=\"\" data-complete=\"true\">Egyedi R\u00e9szletek:<\/strong> A szettet az <strong class=\"Yjhzub\" data-sfc-cb=\"\" data-complete=\"true\">O La Voga<\/strong> jellegzetes, pr\u00e9mium min\u0151s\u00e9g\u0171 h\u00edmzett log\u00f3ja teszi teljess\u00e9, amely garancia a m\u00e1rk\u00e1ra jellemz\u0151 luxus \u00e9let\u00e9rz\u00e9sre.<\/span><\/li>\n<li class=\"dF3vjf\" data-sfc-cb=\"\" data-hveid=\"CAEIBBAC\" data-complete=\"true\" data-sae=\"\"><span class=\"T286Pc\" data-sfc-cp=\"\" data-sfc-cb=\"\" data-complete=\"true\"><strong class=\"Yjhzub\" data-sfc-cb=\"\" data-complete=\"true\">Anyag\u00f6sszet\u00e9tel:<\/strong> Magas pamuttartalm\u00fa, rugalmas anyagb\u00f3l k\u00e9sz\u00fclt, amely formatart\u00f3 \u00e9s selymes tapint\u00e1s\u00fa, \u00edgy eg\u00e9sz napos visel\u00e9s sor\u00e1n is t\u00f6k\u00e9letes komfortot ny\u00fajt.<\/span><\/li>\n<li class=\"dF3vjf\" data-sfc-cb=\"\" data-hveid=\"CAEIBBAD\" data-complete=\"true\" data-sae=\"\"><span class=\"T286Pc\" data-sfc-cp=\"\" data-sfc-cb=\"\" data-complete=\"true\"><strong class=\"Yjhzub\" data-sfc-cb=\"\" data-complete=\"true\">V\u00e1ltozatos Sz\u00ednvil\u00e1g:<\/strong> A klasszikus f\u00f6ldsz\u00ednekt\u0151l a mer\u00e9szebb \u00e1rnyalatokig mindenki megtal\u00e1lja a st\u00edlus\u00e1hoz ill\u0151 vari\u00e1ci\u00f3t.<\/span><\/li>\n<\/ul>\n<div class=\"Fsg96\" data-sfc-cp=\"\" data-sfc-cb=\"\" data-complete=\"true\" data-processed=\"true\"><\/div>\n<div class=\"AdPoic\" role=\"heading\" aria-level=\"3\" data-animation-nesting=\"\" data-sfc-cp=\"\" data-sfc-cb=\"\" data-complete=\"true\" data-processed=\"true\" data-sae=\"\"><strong class=\"Yjhzub\" data-sfc-cb=\"\" data-complete=\"true\">Mi\u00e9rt a Selira szett a legjobb v\u00e1laszt\u00e1s?<\/strong><\/div>\n<div class=\"Y3BBE\" data-sfc-cp=\"\" data-sfc-cb=\"\" data-hveid=\"CAEIBRAA\" data-complete=\"true\" data-processed=\"true\">Az <strong class=\"Yjhzub\" data-sfc-cb=\"\" data-complete=\"true\" data-processed=\"true\">O La Voga Selira<\/strong> szett a bizony\u00edt\u00e9k arra, hogy egy meleg\u00edt\u0151 szett is lehet rendk\u00edv\u00fcl eleg\u00e1ns. Kiv\u00e1l\u00f3an kombin\u00e1lhat\u00f3 egy puffa kab\u00e1ttal vagy ak\u00e1r egy hosszabb fazon\u00fa sz\u00f6vetkab\u00e1ttal is, \u00edgy a r\u00e9teges \u00f6lt\u00f6zk\u00f6d\u00e9s alapk\u00f6ve lehet.<\/div>\n<div class=\"Fsg96\" data-sfc-cp=\"\" data-sfc-cb=\"\" data-complete=\"true\" data-processed=\"true\"><\/div>\n<div class=\"AdPoic\" role=\"heading\" aria-level=\"3\" data-animation-nesting=\"\" data-sfc-cp=\"\" data-sfc-cb=\"\" data-complete=\"true\" data-processed=\"true\" data-sae=\"\"><strong class=\"Yjhzub\" data-sfc-cb=\"\" data-complete=\"true\">V\u00e1s\u00e1rold meg most!<\/strong><\/div>\n<div class=\"Y3BBE\" data-sfc-cp=\"\" data-sfc-cb=\"\" data-hveid=\"CAEIBhAA\" data-complete=\"true\" data-processed=\"true\">Ne maradj le a leg\u00fajabb trendekr\u0151l! Friss\u00edtsd fel gardr\u00f3bodat az <strong class=\"Yjhzub\" data-sfc-cb=\"\" data-complete=\"true\" data-processed=\"true\">O La Voga<\/strong> legkeresettebb darabjaival a <span class=\"T286Pc\" data-sfc-cp=\"\" data-sfc-cb=\"\" data-complete=\"true\" data-processed=\"true\"><strong class=\"Yjhzub\" data-sfc-cb=\"\" data-complete=\"true\" data-processed=\"true\">Fashion Universum<\/strong><\/span> webshopj\u00e1ban, ahol a min\u0151s\u00e9g \u00e9s a divat k\u00e9z a k\u00e9zben j\u00e1r.<\/div>\n<div data-sfc-cp=\"\" data-sfc-cb=\"\" data-hveid=\"CAEIBhAA\" data-complete=\"true\" data-processed=\"true\">\n<p><strong>\u00d6sszet\u00e9tel:<\/strong> 92% PES, 8% elaszt\u00e1n<\/p>\n<h3>M\u00e9rett\u00e1bl\u00e1zat \u2013 Fels\u0151 (cm, fektetve m\u00e9rve)<\/h3>\n<figure class=\"table\">\n<table>\n<thead>\n<tr>\n<th>Jel\u00f6l\u00e9s<\/th>\n<th>S<\/th>\n<th>M<\/th>\n<th>L<\/th>\n<\/tr>\n<\/thead>\n<tbody>\n<tr>\n<td>A \u2013 Teljes hossz<\/td>\n<td>60 cm<\/td>\n<td>61 cm<\/td>\n<td>62 cm<\/td>\n<\/tr>\n<tr>\n<td>B \u2013 Mellb\u0151s\u00e9g (ny\u00falik +29 cm)<\/td>\n<td>82 cm<\/td>\n<td>84 cm<\/td>\n<td>86 cm<\/td>\n<\/tr>\n<tr>\n<td>C \u2013 Ujjhossz (k\u00fcls\u0151)<\/td>\n<td>58 cm<\/td>\n<td>59 cm<\/td>\n<td>60 cm<\/td>\n<\/tr>\n<tr>\n<td>D \u2013 Ujjhossz (bels\u0151)<\/td>\n<td>48 cm<\/td>\n<td>49 cm<\/td>\n<td>50 cm<\/td>\n<\/tr>\n<\/tbody>\n<\/table>\n<\/figure>\n<h3>M\u00e9rett\u00e1bl\u00e1zat \u2013 Nadr\u00e1g (cm, fektetve m\u00e9rve)<\/h3>\n<figure class=\"table\">\n<table>\n<thead>\n<tr>\n<th>Jel\u00f6l\u00e9s<\/th>\n<th>S<\/th>\n<th>M<\/th>\n<th>L<\/th>\n<\/tr>\n<\/thead>\n<tbody>\n<tr>\n<td>E \u2013 Teljes hossz<\/td>\n<td>99 cm<\/td>\n<td>100 cm<\/td>\n<td>101 cm<\/td>\n<\/tr>\n<tr>\n<td>F \u2013 K\u00fcls\u0151 sz\u00e1rhossz<\/td>\n<td>96 cm<\/td>\n<td>97 cm<\/td>\n<td>98 cm<\/td>\n<\/tr>\n<tr>\n<td>G \u2013 Bels\u0151 sz\u00e1rhossz<\/td>\n<td>74 cm<\/td>\n<td>75 cm<\/td>\n<td>76 cm<\/td>\n<\/tr>\n<tr>\n<td>H \u2013 \u00dclepmagass\u00e1g<\/td>\n<td>29 cm<\/td>\n<td>30 cm<\/td>\n<td>31 cm<\/td>\n<\/tr>\n<tr>\n<td>I \u2013 Der\u00e9kb\u0151s\u00e9g (ny\u00falik +37 cm)<\/td>\n<td>62 cm<\/td>\n<td>64 cm<\/td>\n<td>66 cm<\/td>\n<\/tr>\n<tr>\n<td>J \u2013 Cs\u00edp\u0151b\u0151s\u00e9g (ny\u00falik +52 cm)<\/td>\n<td>96 cm<\/td>\n<td>98 cm<\/td>\n<td>100 cm<\/td>\n<\/tr>\n<\/tbody>\n<\/table>\n<\/figure>\n<p><i>A m\u00e9retek \u00b12 cm elt\u00e9r\u00e9st mutathatnak.<\/i><\/p>\n<\/div>\n","protected":false},"excerpt":{"rendered":"<p>OLAVOGA SELIRA szett \u2013 A Sportos Luxus \u00e9s N\u0151iess\u00e9g Tal\u00e1lkoz\u00e1sa H\u00f3d\u00edtsd meg az utc\u00e1kat az O La Voga Selira szettel, amely a k\u00e9nyelmet \u00e9s a &hellip; <\/p>\n","protected":false},"featured_media":3608,"template":"","meta":[],"product_brand":[78],"product_cat":[19,28,25,26],"product_tag":[],"class_list":{"0":"post-3603","1":"product","2":"type-product","3":"status-publish","4":"has-post-thumbnail","6":"product_brand-olavoga","7":"product_cat-markak","8":"product_cat-olavoga","9":"product_cat-noi-ruhazat-hu","10":"product_cat-szettek","12":"first","13":"instock","14":"shipping-taxable","15":"purchasable","16":"product-type-variable"},"yoast_head":"<!-- This site is optimized with the Yoast SEO plugin v26.7 - https:\/\/yoast.com\/wordpress\/plugins\/seo\/ -->\n<title>OLAVOGA SELIRA szett - Fashion Universum<\/title>\n<meta name=\"description\" content=\"OLAVOGA SELIRA szett: a sportos luxus \u00e9s k\u00e9nyelem jegy\u00e9ben. Tal\u00e1ld meg kedvenc sz\u00edned a Fashion Universum k\u00edn\u00e1lat\u00e1ban, \u00e9s \u00e9lvezd a pr\u00e9mium min\u0151s\u00e9get!\" \/>\n<meta name=\"robots\" content=\"index, follow, max-snippet:-1, max-image-preview:large, max-video-preview:-1\" \/>\n<link rel=\"canonical\" href=\"https:\/\/fashionuniversum.com\/?product=olavoga-selira-szett\" \/>\n<meta property=\"og:locale\" content=\"hu_HU\" \/>\n<meta property=\"og:type\" content=\"article\" \/>\n<meta property=\"og:title\" content=\"OLAVOGA SELIRA szett - Fashion Universum\" \/>\n<meta property=\"og:description\" content=\"OLAVOGA SELIRA szett: a sportos luxus \u00e9s k\u00e9nyelem jegy\u00e9ben. Tal\u00e1ld meg kedvenc sz\u00edned a Fashion Universum k\u00edn\u00e1lat\u00e1ban, \u00e9s \u00e9lvezd a pr\u00e9mium min\u0151s\u00e9get!\" \/>\n<meta property=\"og:url\" content=\"https:\/\/fashionuniversum.com\/?product=olavoga-selira-szett\" \/>\n<meta property=\"og:site_name\" content=\"Fashion Universum\" \/>\n<meta property=\"article:modified_time\" content=\"2026-04-01T11:17:53+00:00\" \/>\n<meta property=\"og:image\" content=\"https:\/\/fashionuniversum.com\/wp-content\/uploads\/2026\/03\/komplet-SELIRA-391-scaled.jpg\" \/>\n\t<meta property=\"og:image:width\" content=\"1920\" \/>\n\t<meta property=\"og:image:height\" content=\"2560\" \/>\n\t<meta property=\"og:image:type\" content=\"image\/jpeg\" \/>\n<meta name=\"twitter:card\" content=\"summary_large_image\" \/>\n<meta name=\"twitter:label1\" content=\"Becs\u00fclt olvas\u00e1si id\u0151\" \/>\n\t<meta name=\"twitter:data1\" content=\"3 perc\" \/>\n<script type=\"application\/ld+json\" class=\"yoast-schema-graph\">{\"@context\":\"https:\/\/schema.org\",\"@graph\":[{\"@type\":\"WebPage\",\"@id\":\"https:\/\/fashionuniversum.com\/?product=olavoga-selira-szett\",\"url\":\"https:\/\/fashionuniversum.com\/?product=olavoga-selira-szett\",\"name\":\"OLAVOGA SELIRA szett - Fashion Universum\",\"isPartOf\":{\"@id\":\"https:\/\/fashionuniversum.com\/#website\"},\"primaryImageOfPage\":{\"@id\":\"https:\/\/fashionuniversum.com\/?product=olavoga-selira-szett#primaryimage\"},\"image\":{\"@id\":\"https:\/\/fashionuniversum.com\/?product=olavoga-selira-szett#primaryimage\"},\"thumbnailUrl\":\"https:\/\/fashionuniversum.com\/wp-content\/uploads\/2026\/03\/komplet-SELIRA-391-scaled.jpg\",\"datePublished\":\"2026-03-05T19:28:55+00:00\",\"dateModified\":\"2026-04-01T11:17:53+00:00\",\"description\":\"OLAVOGA SELIRA szett: a sportos luxus \u00e9s k\u00e9nyelem jegy\u00e9ben. Tal\u00e1ld meg kedvenc sz\u00edned a Fashion Universum k\u00edn\u00e1lat\u00e1ban, \u00e9s \u00e9lvezd a pr\u00e9mium min\u0151s\u00e9get!\",\"breadcrumb\":{\"@id\":\"https:\/\/fashionuniversum.com\/?product=olavoga-selira-szett#breadcrumb\"},\"inLanguage\":\"hu\",\"potentialAction\":[{\"@type\":\"ReadAction\",\"target\":[\"https:\/\/fashionuniversum.com\/?product=olavoga-selira-szett\"]}]},{\"@type\":\"ImageObject\",\"inLanguage\":\"hu\",\"@id\":\"https:\/\/fashionuniversum.com\/?product=olavoga-selira-szett#primaryimage\",\"url\":\"https:\/\/fashionuniversum.com\/wp-content\/uploads\/2026\/03\/komplet-SELIRA-391-scaled.jpg\",\"contentUrl\":\"https:\/\/fashionuniversum.com\/wp-content\/uploads\/2026\/03\/komplet-SELIRA-391-scaled.jpg\",\"width\":1920,\"height\":2560,\"caption\":\"OLAVOGA SELIRA szett\"},{\"@type\":\"BreadcrumbList\",\"@id\":\"https:\/\/fashionuniversum.com\/?product=olavoga-selira-szett#breadcrumb\",\"itemListElement\":[{\"@type\":\"ListItem\",\"position\":1,\"name\":\"Kezd\u0151lap\",\"item\":\"https:\/\/fashionuniversum.com\/\"},{\"@type\":\"ListItem\",\"position\":2,\"name\":\"Kezd\u0151lap\",\"item\":\"https:\/\/fashionuniversum.com\/\"},{\"@type\":\"ListItem\",\"position\":3,\"name\":\"OLAVOGA SELIRA szett\"}]},{\"@type\":\"WebSite\",\"@id\":\"https:\/\/fashionuniversum.com\/#website\",\"url\":\"https:\/\/fashionuniversum.com\/\",\"name\":\"Fashion Universum\",\"description\":\"\",\"publisher\":{\"@id\":\"https:\/\/fashionuniversum.com\/#organization\"},\"potentialAction\":[{\"@type\":\"SearchAction\",\"target\":{\"@type\":\"EntryPoint\",\"urlTemplate\":\"https:\/\/fashionuniversum.com\/?s={search_term_string}\"},\"query-input\":{\"@type\":\"PropertyValueSpecification\",\"valueRequired\":true,\"valueName\":\"search_term_string\"}}],\"inLanguage\":\"hu\"},{\"@type\":\"Organization\",\"@id\":\"https:\/\/fashionuniversum.com\/#organization\",\"name\":\"Fashion Universum\",\"url\":\"https:\/\/fashionuniversum.com\/\",\"logo\":{\"@type\":\"ImageObject\",\"inLanguage\":\"hu\",\"@id\":\"https:\/\/fashionuniversum.com\/#\/schema\/logo\/image\/\",\"url\":\"https:\/\/fashionuniversum.com\/wp-content\/uploads\/2026\/02\/cropped-cropped-imaaage.jpg\",\"contentUrl\":\"https:\/\/fashionuniversum.com\/wp-content\/uploads\/2026\/02\/cropped-cropped-imaaage.jpg\",\"width\":1389,\"height\":285,\"caption\":\"Fashion Universum\"},\"image\":{\"@id\":\"https:\/\/fashionuniversum.com\/#\/schema\/logo\/image\/\"}}]}<\/script>\n<!-- \/ Yoast SEO plugin. -->","yoast_head_json":{"title":"OLAVOGA SELIRA szett - Fashion Universum","description":"OLAVOGA SELIRA szett: a sportos luxus \u00e9s k\u00e9nyelem jegy\u00e9ben. Tal\u00e1ld meg kedvenc sz\u00edned a Fashion Universum k\u00edn\u00e1lat\u00e1ban, \u00e9s \u00e9lvezd a pr\u00e9mium min\u0151s\u00e9get!","robots":{"index":"index","follow":"follow","max-snippet":"max-snippet:-1","max-image-preview":"max-image-preview:large","max-video-preview":"max-video-preview:-1"},"canonical":"https:\/\/fashionuniversum.com\/?product=olavoga-selira-szett","og_locale":"hu_HU","og_type":"article","og_title":"OLAVOGA SELIRA szett - Fashion Universum","og_description":"OLAVOGA SELIRA szett: a sportos luxus \u00e9s k\u00e9nyelem jegy\u00e9ben. Tal\u00e1ld meg kedvenc sz\u00edned a Fashion Universum k\u00edn\u00e1lat\u00e1ban, \u00e9s \u00e9lvezd a pr\u00e9mium min\u0151s\u00e9get!","og_url":"https:\/\/fashionuniversum.com\/?product=olavoga-selira-szett","og_site_name":"Fashion Universum","article_modified_time":"2026-04-01T11:17:53+00:00","og_image":[{"width":1920,"height":2560,"url":"https:\/\/fashionuniversum.com\/wp-content\/uploads\/2026\/03\/komplet-SELIRA-391-scaled.jpg","type":"image\/jpeg"}],"twitter_card":"summary_large_image","twitter_misc":{"Becs\u00fclt olvas\u00e1si id\u0151":"3 perc"},"schema":{"@context":"https:\/\/schema.org","@graph":[{"@type":"WebPage","@id":"https:\/\/fashionuniversum.com\/?product=olavoga-selira-szett","url":"https:\/\/fashionuniversum.com\/?product=olavoga-selira-szett","name":"OLAVOGA SELIRA szett - Fashion Universum","isPartOf":{"@id":"https:\/\/fashionuniversum.com\/#website"},"primaryImageOfPage":{"@id":"https:\/\/fashionuniversum.com\/?product=olavoga-selira-szett#primaryimage"},"image":{"@id":"https:\/\/fashionuniversum.com\/?product=olavoga-selira-szett#primaryimage"},"thumbnailUrl":"https:\/\/fashionuniversum.com\/wp-content\/uploads\/2026\/03\/komplet-SELIRA-391-scaled.jpg","datePublished":"2026-03-05T19:28:55+00:00","dateModified":"2026-04-01T11:17:53+00:00","description":"OLAVOGA SELIRA szett: a sportos luxus \u00e9s k\u00e9nyelem jegy\u00e9ben. Tal\u00e1ld meg kedvenc sz\u00edned a Fashion Universum k\u00edn\u00e1lat\u00e1ban, \u00e9s \u00e9lvezd a pr\u00e9mium min\u0151s\u00e9get!","breadcrumb":{"@id":"https:\/\/fashionuniversum.com\/?product=olavoga-selira-szett#breadcrumb"},"inLanguage":"hu","potentialAction":[{"@type":"ReadAction","target":["https:\/\/fashionuniversum.com\/?product=olavoga-selira-szett"]}]},{"@type":"ImageObject","inLanguage":"hu","@id":"https:\/\/fashionuniversum.com\/?product=olavoga-selira-szett#primaryimage","url":"https:\/\/fashionuniversum.com\/wp-content\/uploads\/2026\/03\/komplet-SELIRA-391-scaled.jpg","contentUrl":"https:\/\/fashionuniversum.com\/wp-content\/uploads\/2026\/03\/komplet-SELIRA-391-scaled.jpg","width":1920,"height":2560,"caption":"OLAVOGA SELIRA szett"},{"@type":"BreadcrumbList","@id":"https:\/\/fashionuniversum.com\/?product=olavoga-selira-szett#breadcrumb","itemListElement":[{"@type":"ListItem","position":1,"name":"Kezd\u0151lap","item":"https:\/\/fashionuniversum.com\/"},{"@type":"ListItem","position":2,"name":"Kezd\u0151lap","item":"https:\/\/fashionuniversum.com\/"},{"@type":"ListItem","position":3,"name":"OLAVOGA SELIRA szett"}]},{"@type":"WebSite","@id":"https:\/\/fashionuniversum.com\/#website","url":"https:\/\/fashionuniversum.com\/","name":"Fashion Universum","description":"","publisher":{"@id":"https:\/\/fashionuniversum.com\/#organization"},"potentialAction":[{"@type":"SearchAction","target":{"@type":"EntryPoint","urlTemplate":"https:\/\/fashionuniversum.com\/?s={search_term_string}"},"query-input":{"@type":"PropertyValueSpecification","valueRequired":true,"valueName":"search_term_string"}}],"inLanguage":"hu"},{"@type":"Organization","@id":"https:\/\/fashionuniversum.com\/#organization","name":"Fashion Universum","url":"https:\/\/fashionuniversum.com\/","logo":{"@type":"ImageObject","inLanguage":"hu","@id":"https:\/\/fashionuniversum.com\/#\/schema\/logo\/image\/","url":"https:\/\/fashionuniversum.com\/wp-content\/uploads\/2026\/02\/cropped-cropped-imaaage.jpg","contentUrl":"https:\/\/fashionuniversum.com\/wp-content\/uploads\/2026\/02\/cropped-cropped-imaaage.jpg","width":1389,"height":285,"caption":"Fashion Universum"},"image":{"@id":"https:\/\/fashionuniversum.com\/#\/schema\/logo\/image\/"}}]}},"_links":{"self":[{"href":"https:\/\/fashionuniversum.com\/index.php?rest_route=\/wp\/v2\/product\/3603","targetHints":{"allow":["GET"]}}],"collection":[{"href":"https:\/\/fashionuniversum.com\/index.php?rest_route=\/wp\/v2\/product"}],"about":[{"href":"https:\/\/fashionuniversum.com\/index.php?rest_route=\/wp\/v2\/types\/product"}],"wp:featuredmedia":[{"embeddable":true,"href":"https:\/\/fashionuniversum.com\/index.php?rest_route=\/wp\/v2\/media\/3608"}],"wp:attachment":[{"href":"https:\/\/fashionuniversum.com\/index.php?rest_route=%2Fwp%2Fv2%2Fmedia&parent=3603"}],"wp:term":[{"taxonomy":"product_brand","embeddable":true,"href":"https:\/\/fashionuniversum.com\/index.php?rest_route=%2Fwp%2Fv2%2Fproduct_brand&post=3603"},{"taxonomy":"product_cat","embeddable":true,"href":"https:\/\/fashionuniversum.com\/index.php?rest_route=%2Fwp%2Fv2%2Fproduct_cat&post=3603"},{"taxonomy":"product_tag","embeddable":true,"href":"https:\/\/fashionuniversum.com\/index.php?rest_route=%2Fwp%2Fv2%2Fproduct_tag&post=3603"}],"curies":[{"name":"wp","href":"https:\/\/api.w.org\/{rel}","templated":true}]}}