{"id":2445,"date":"2026-01-25T07:53:03","date_gmt":"2026-01-25T07:53:03","guid":{"rendered":"https:\/\/fashionuniversum.com\/?post_type=product&#038;p=2445"},"modified":"2026-03-02T10:21:35","modified_gmt":"2026-03-02T10:21:35","slug":"olavoga-siena-felso-2","status":"publish","type":"product","link":"https:\/\/fashionuniversum.com\/?product=olavoga-siena-felso-2","title":{"rendered":"OLAVOGA SIENA fels\u0151"},"content":{"rendered":"<p>OLAVOGA SIENA fels\u0151<\/p>\n<p>T\u00f6k\u00e9letesen illeszked\u0151, egyenes szab\u00e1s\u00fa p\u00f3l\u00f3. Kiv\u00e1l\u00f3 min\u0151s\u00e9g\u0171, rugalmas, sima \u00e9s puha tapint\u00e1s\u00fa viszk\u00f3z kever\u00e9k anyagb\u00f3l k\u00e9sz\u00fclt. Klasszikus fazon r\u00f6vid ujjal. Elej\u00e9n finom, dombornyomott OLAVOGA m\u00e1rkajelz\u00e9s tal\u00e1lhat\u00f3, met\u00e1los r\u00e9szlettel kieg\u00e9sz\u00edtve.<\/p>\n<p><strong>\u00d6sszet\u00e9tel:<\/strong> 68% Poli\u00e9szter, 24% Viszk\u00f3z, 8% Elaszt\u00e1n<\/p>\n<figure class=\"table\">\n<table>\n<thead>\n<tr>\n<th><strong>M\u00e9ret<\/strong><\/th>\n<th><strong>S<\/strong><\/th>\n<th><strong>M<\/strong><\/th>\n<\/tr>\n<\/thead>\n<tbody>\n<tr>\n<td><strong>A (Teljes hossz)<\/strong><\/td>\n<td>61 cm<\/td>\n<td>62 cm<\/td>\n<\/tr>\n<tr>\n<td><strong>B (Mellb\u0151s\u00e9g &#8211; az anyag 22 cm-ig ny\u00falik)<\/strong><\/td>\n<td>86 cm<\/td>\n<td>88 cm<\/td>\n<\/tr>\n<tr>\n<td><strong>C (K\u00fcls\u0151 ujjhossz)<\/strong><\/td>\n<td>18 cm<\/td>\n<td>19 cm<\/td>\n<\/tr>\n<tr>\n<td><strong>D (Bels\u0151 ujjhossz)<\/strong><\/td>\n<td>7 cm<\/td>\n<td>8 cm<\/td>\n<\/tr>\n<tr>\n<td><strong>E (Kark\u00f6rm\u00e9ret &#8211; az anyag 7 cm-ig ny\u00falik)<\/strong><\/td>\n<td>26 cm<\/td>\n<td>28 cm<\/td>\n<\/tr>\n<\/tbody>\n<\/table>\n<\/figure>\n","protected":false},"excerpt":{"rendered":"<p>OLAVOGA SIENA fels\u0151 T\u00f6k\u00e9letesen illeszked\u0151, egyenes szab\u00e1s\u00fa p\u00f3l\u00f3. Kiv\u00e1l\u00f3 min\u0151s\u00e9g\u0171, rugalmas, sima \u00e9s puha tapint\u00e1s\u00fa viszk\u00f3z kever\u00e9k anyagb\u00f3l k\u00e9sz\u00fclt. Klasszikus fazon r\u00f6vid ujjal. Elej\u00e9n finom, &hellip; <\/p>\n","protected":false},"featured_media":2446,"template":"","meta":[],"product_brand":[78],"product_cat":[19,28,25,40],"product_tag":[],"class_list":{"0":"post-2445","1":"product","2":"type-product","3":"status-publish","4":"has-post-thumbnail","6":"product_brand-olavoga","7":"product_cat-markak","8":"product_cat-olavoga","9":"product_cat-noi-ruhazat-hu","10":"product_cat-felsok-body-k","12":"first","13":"instock","14":"shipping-taxable","15":"purchasable","16":"product-type-variable"},"yoast_head":"<!-- This site is optimized with the Yoast SEO plugin v26.7 - https:\/\/yoast.com\/wordpress\/plugins\/seo\/ -->\n<title>OLAVOGA SIENA fels\u0151 - Fashion Universum<\/title>\n<meta name=\"description\" content=\"OLAVOGA SIENA fels\u0151. T\u00f6k\u00e9letesen illeszked\u0151, egyenes szab\u00e1s\u00fa p\u00f3l\u00f3. Kiv\u00e1l\u00f3 min\u0151s\u00e9g\u0171, rugalmas, sima \u00e9s puha tapint\u00e1s\u00fa viszk\u00f3z kever\u00e9k anyagb\u00f3l k\u00e9sz\u00fclt.\" \/>\n<meta name=\"robots\" content=\"index, follow, max-snippet:-1, max-image-preview:large, max-video-preview:-1\" \/>\n<link rel=\"canonical\" href=\"https:\/\/fashionuniversum.com\/?product=olavoga-siena-felso-2\" \/>\n<meta property=\"og:locale\" content=\"hu_HU\" \/>\n<meta property=\"og:type\" content=\"article\" \/>\n<meta property=\"og:title\" content=\"OLAVOGA SIENA fels\u0151 - Fashion Universum\" \/>\n<meta property=\"og:description\" content=\"OLAVOGA SIENA fels\u0151. T\u00f6k\u00e9letesen illeszked\u0151, egyenes szab\u00e1s\u00fa p\u00f3l\u00f3. Kiv\u00e1l\u00f3 min\u0151s\u00e9g\u0171, rugalmas, sima \u00e9s puha tapint\u00e1s\u00fa viszk\u00f3z kever\u00e9k anyagb\u00f3l k\u00e9sz\u00fclt.\" \/>\n<meta property=\"og:url\" content=\"https:\/\/fashionuniversum.com\/?product=olavoga-siena-felso-2\" \/>\n<meta property=\"og:site_name\" content=\"Fashion Universum\" \/>\n<meta property=\"article:modified_time\" content=\"2026-03-02T10:21:35+00:00\" \/>\n<meta property=\"og:image\" content=\"https:\/\/fashionuniversum.com\/wp-content\/uploads\/2026\/01\/t-shirt-SIENA-281-scaled.jpg\" \/>\n\t<meta property=\"og:image:width\" content=\"1920\" \/>\n\t<meta property=\"og:image:height\" content=\"2560\" \/>\n\t<meta property=\"og:image:type\" content=\"image\/jpeg\" \/>\n<meta name=\"twitter:card\" content=\"summary_large_image\" \/>\n<meta name=\"twitter:label1\" content=\"Becs\u00fclt olvas\u00e1si id\u0151\" \/>\n\t<meta name=\"twitter:data1\" content=\"1 perc\" \/>\n<script type=\"application\/ld+json\" class=\"yoast-schema-graph\">{\"@context\":\"https:\/\/schema.org\",\"@graph\":[{\"@type\":\"WebPage\",\"@id\":\"https:\/\/fashionuniversum.com\/?product=olavoga-siena-felso-2\",\"url\":\"https:\/\/fashionuniversum.com\/?product=olavoga-siena-felso-2\",\"name\":\"OLAVOGA SIENA fels\u0151 - Fashion Universum\",\"isPartOf\":{\"@id\":\"https:\/\/fashionuniversum.com\/#website\"},\"primaryImageOfPage\":{\"@id\":\"https:\/\/fashionuniversum.com\/?product=olavoga-siena-felso-2#primaryimage\"},\"image\":{\"@id\":\"https:\/\/fashionuniversum.com\/?product=olavoga-siena-felso-2#primaryimage\"},\"thumbnailUrl\":\"https:\/\/fashionuniversum.com\/wp-content\/uploads\/2026\/01\/t-shirt-SIENA-281-scaled.jpg\",\"datePublished\":\"2026-01-25T07:53:03+00:00\",\"dateModified\":\"2026-03-02T10:21:35+00:00\",\"description\":\"OLAVOGA SIENA fels\u0151. T\u00f6k\u00e9letesen illeszked\u0151, egyenes szab\u00e1s\u00fa p\u00f3l\u00f3. Kiv\u00e1l\u00f3 min\u0151s\u00e9g\u0171, rugalmas, sima \u00e9s puha tapint\u00e1s\u00fa viszk\u00f3z kever\u00e9k anyagb\u00f3l k\u00e9sz\u00fclt.\",\"breadcrumb\":{\"@id\":\"https:\/\/fashionuniversum.com\/?product=olavoga-siena-felso-2#breadcrumb\"},\"inLanguage\":\"hu\",\"potentialAction\":[{\"@type\":\"ReadAction\",\"target\":[\"https:\/\/fashionuniversum.com\/?product=olavoga-siena-felso-2\"]}]},{\"@type\":\"ImageObject\",\"inLanguage\":\"hu\",\"@id\":\"https:\/\/fashionuniversum.com\/?product=olavoga-siena-felso-2#primaryimage\",\"url\":\"https:\/\/fashionuniversum.com\/wp-content\/uploads\/2026\/01\/t-shirt-SIENA-281-scaled.jpg\",\"contentUrl\":\"https:\/\/fashionuniversum.com\/wp-content\/uploads\/2026\/01\/t-shirt-SIENA-281-scaled.jpg\",\"width\":1920,\"height\":2560,\"caption\":\"OLAVOGA SIENA fels\u0151\"},{\"@type\":\"BreadcrumbList\",\"@id\":\"https:\/\/fashionuniversum.com\/?product=olavoga-siena-felso-2#breadcrumb\",\"itemListElement\":[{\"@type\":\"ListItem\",\"position\":1,\"name\":\"Kezd\u0151lap\",\"item\":\"https:\/\/fashionuniversum.com\/\"},{\"@type\":\"ListItem\",\"position\":2,\"name\":\"Kezd\u0151lap\",\"item\":\"https:\/\/fashionuniversum.com\/\"},{\"@type\":\"ListItem\",\"position\":3,\"name\":\"OLAVOGA SIENA fels\u0151\"}]},{\"@type\":\"WebSite\",\"@id\":\"https:\/\/fashionuniversum.com\/#website\",\"url\":\"https:\/\/fashionuniversum.com\/\",\"name\":\"Fashion Universum\",\"description\":\"\",\"publisher\":{\"@id\":\"https:\/\/fashionuniversum.com\/#organization\"},\"potentialAction\":[{\"@type\":\"SearchAction\",\"target\":{\"@type\":\"EntryPoint\",\"urlTemplate\":\"https:\/\/fashionuniversum.com\/?s={search_term_string}\"},\"query-input\":{\"@type\":\"PropertyValueSpecification\",\"valueRequired\":true,\"valueName\":\"search_term_string\"}}],\"inLanguage\":\"hu\"},{\"@type\":\"Organization\",\"@id\":\"https:\/\/fashionuniversum.com\/#organization\",\"name\":\"Fashion Universum\",\"url\":\"https:\/\/fashionuniversum.com\/\",\"logo\":{\"@type\":\"ImageObject\",\"inLanguage\":\"hu\",\"@id\":\"https:\/\/fashionuniversum.com\/#\/schema\/logo\/image\/\",\"url\":\"https:\/\/fashionuniversum.com\/wp-content\/uploads\/2026\/02\/cropped-cropped-imaaage.jpg\",\"contentUrl\":\"https:\/\/fashionuniversum.com\/wp-content\/uploads\/2026\/02\/cropped-cropped-imaaage.jpg\",\"width\":1389,\"height\":285,\"caption\":\"Fashion Universum\"},\"image\":{\"@id\":\"https:\/\/fashionuniversum.com\/#\/schema\/logo\/image\/\"}}]}<\/script>\n<!-- \/ Yoast SEO plugin. -->","yoast_head_json":{"title":"OLAVOGA SIENA fels\u0151 - Fashion Universum","description":"OLAVOGA SIENA fels\u0151. T\u00f6k\u00e9letesen illeszked\u0151, egyenes szab\u00e1s\u00fa p\u00f3l\u00f3. Kiv\u00e1l\u00f3 min\u0151s\u00e9g\u0171, rugalmas, sima \u00e9s puha tapint\u00e1s\u00fa viszk\u00f3z kever\u00e9k anyagb\u00f3l k\u00e9sz\u00fclt.","robots":{"index":"index","follow":"follow","max-snippet":"max-snippet:-1","max-image-preview":"max-image-preview:large","max-video-preview":"max-video-preview:-1"},"canonical":"https:\/\/fashionuniversum.com\/?product=olavoga-siena-felso-2","og_locale":"hu_HU","og_type":"article","og_title":"OLAVOGA SIENA fels\u0151 - Fashion Universum","og_description":"OLAVOGA SIENA fels\u0151. T\u00f6k\u00e9letesen illeszked\u0151, egyenes szab\u00e1s\u00fa p\u00f3l\u00f3. Kiv\u00e1l\u00f3 min\u0151s\u00e9g\u0171, rugalmas, sima \u00e9s puha tapint\u00e1s\u00fa viszk\u00f3z kever\u00e9k anyagb\u00f3l k\u00e9sz\u00fclt.","og_url":"https:\/\/fashionuniversum.com\/?product=olavoga-siena-felso-2","og_site_name":"Fashion Universum","article_modified_time":"2026-03-02T10:21:35+00:00","og_image":[{"width":1920,"height":2560,"url":"https:\/\/fashionuniversum.com\/wp-content\/uploads\/2026\/01\/t-shirt-SIENA-281-scaled.jpg","type":"image\/jpeg"}],"twitter_card":"summary_large_image","twitter_misc":{"Becs\u00fclt olvas\u00e1si id\u0151":"1 perc"},"schema":{"@context":"https:\/\/schema.org","@graph":[{"@type":"WebPage","@id":"https:\/\/fashionuniversum.com\/?product=olavoga-siena-felso-2","url":"https:\/\/fashionuniversum.com\/?product=olavoga-siena-felso-2","name":"OLAVOGA SIENA fels\u0151 - Fashion Universum","isPartOf":{"@id":"https:\/\/fashionuniversum.com\/#website"},"primaryImageOfPage":{"@id":"https:\/\/fashionuniversum.com\/?product=olavoga-siena-felso-2#primaryimage"},"image":{"@id":"https:\/\/fashionuniversum.com\/?product=olavoga-siena-felso-2#primaryimage"},"thumbnailUrl":"https:\/\/fashionuniversum.com\/wp-content\/uploads\/2026\/01\/t-shirt-SIENA-281-scaled.jpg","datePublished":"2026-01-25T07:53:03+00:00","dateModified":"2026-03-02T10:21:35+00:00","description":"OLAVOGA SIENA fels\u0151. T\u00f6k\u00e9letesen illeszked\u0151, egyenes szab\u00e1s\u00fa p\u00f3l\u00f3. Kiv\u00e1l\u00f3 min\u0151s\u00e9g\u0171, rugalmas, sima \u00e9s puha tapint\u00e1s\u00fa viszk\u00f3z kever\u00e9k anyagb\u00f3l k\u00e9sz\u00fclt.","breadcrumb":{"@id":"https:\/\/fashionuniversum.com\/?product=olavoga-siena-felso-2#breadcrumb"},"inLanguage":"hu","potentialAction":[{"@type":"ReadAction","target":["https:\/\/fashionuniversum.com\/?product=olavoga-siena-felso-2"]}]},{"@type":"ImageObject","inLanguage":"hu","@id":"https:\/\/fashionuniversum.com\/?product=olavoga-siena-felso-2#primaryimage","url":"https:\/\/fashionuniversum.com\/wp-content\/uploads\/2026\/01\/t-shirt-SIENA-281-scaled.jpg","contentUrl":"https:\/\/fashionuniversum.com\/wp-content\/uploads\/2026\/01\/t-shirt-SIENA-281-scaled.jpg","width":1920,"height":2560,"caption":"OLAVOGA SIENA fels\u0151"},{"@type":"BreadcrumbList","@id":"https:\/\/fashionuniversum.com\/?product=olavoga-siena-felso-2#breadcrumb","itemListElement":[{"@type":"ListItem","position":1,"name":"Kezd\u0151lap","item":"https:\/\/fashionuniversum.com\/"},{"@type":"ListItem","position":2,"name":"Kezd\u0151lap","item":"https:\/\/fashionuniversum.com\/"},{"@type":"ListItem","position":3,"name":"OLAVOGA SIENA fels\u0151"}]},{"@type":"WebSite","@id":"https:\/\/fashionuniversum.com\/#website","url":"https:\/\/fashionuniversum.com\/","name":"Fashion Universum","description":"","publisher":{"@id":"https:\/\/fashionuniversum.com\/#organization"},"potentialAction":[{"@type":"SearchAction","target":{"@type":"EntryPoint","urlTemplate":"https:\/\/fashionuniversum.com\/?s={search_term_string}"},"query-input":{"@type":"PropertyValueSpecification","valueRequired":true,"valueName":"search_term_string"}}],"inLanguage":"hu"},{"@type":"Organization","@id":"https:\/\/fashionuniversum.com\/#organization","name":"Fashion Universum","url":"https:\/\/fashionuniversum.com\/","logo":{"@type":"ImageObject","inLanguage":"hu","@id":"https:\/\/fashionuniversum.com\/#\/schema\/logo\/image\/","url":"https:\/\/fashionuniversum.com\/wp-content\/uploads\/2026\/02\/cropped-cropped-imaaage.jpg","contentUrl":"https:\/\/fashionuniversum.com\/wp-content\/uploads\/2026\/02\/cropped-cropped-imaaage.jpg","width":1389,"height":285,"caption":"Fashion Universum"},"image":{"@id":"https:\/\/fashionuniversum.com\/#\/schema\/logo\/image\/"}}]}},"_links":{"self":[{"href":"https:\/\/fashionuniversum.com\/index.php?rest_route=\/wp\/v2\/product\/2445","targetHints":{"allow":["GET"]}}],"collection":[{"href":"https:\/\/fashionuniversum.com\/index.php?rest_route=\/wp\/v2\/product"}],"about":[{"href":"https:\/\/fashionuniversum.com\/index.php?rest_route=\/wp\/v2\/types\/product"}],"wp:featuredmedia":[{"embeddable":true,"href":"https:\/\/fashionuniversum.com\/index.php?rest_route=\/wp\/v2\/media\/2446"}],"wp:attachment":[{"href":"https:\/\/fashionuniversum.com\/index.php?rest_route=%2Fwp%2Fv2%2Fmedia&parent=2445"}],"wp:term":[{"taxonomy":"product_brand","embeddable":true,"href":"https:\/\/fashionuniversum.com\/index.php?rest_route=%2Fwp%2Fv2%2Fproduct_brand&post=2445"},{"taxonomy":"product_cat","embeddable":true,"href":"https:\/\/fashionuniversum.com\/index.php?rest_route=%2Fwp%2Fv2%2Fproduct_cat&post=2445"},{"taxonomy":"product_tag","embeddable":true,"href":"https:\/\/fashionuniversum.com\/index.php?rest_route=%2Fwp%2Fv2%2Fproduct_tag&post=2445"}],"curies":[{"name":"wp","href":"https:\/\/api.w.org\/{rel}","templated":true}]}}