{"id":2343,"date":"2026-01-22T14:12:58","date_gmt":"2026-01-22T14:12:58","guid":{"rendered":"https:\/\/fashionuniversum.com\/?post_type=product&#038;p=2343"},"modified":"2026-03-07T12:17:41","modified_gmt":"2026-03-07T12:17:41","slug":"olavoga-iris-pulover","status":"publish","type":"product","link":"https:\/\/fashionuniversum.com\/?product=olavoga-iris-pulover","title":{"rendered":"OLAVOGA IRIS pul\u00f3ver"},"content":{"rendered":"<p><strong><a class=\"row-title\" href=\"https:\/\/fashionuniversum.com\/wp-admin\/post.php?post=2368&amp;action=edit\">OLAVOGA IRIS pul\u00f3ver<\/a><\/strong><\/p>\n<p>Laza st\u00edlus\u00fa kapucnis pul\u00f3ver, modern, k\u00e9nyelmes fazonnal. Magas min\u0151s\u00e9g\u0171, puha tapint\u00e1s\u00fa pamut k\u00f6t\u00f6tt anyagb\u00f3l k\u00e9sz\u00fclt. A sz\u00e9lekn\u00e9l rugalmas, bord\u00e1zott passz\u00e9 tal\u00e1lhat\u00f3. Az oldalakon praktikus zsebek kaptak helyet. Az el\u00fcls\u0151 r\u00e9szt nagy m\u00e9ret\u0171, gondosan kidolgozott OLAVOGA log\u00f3h\u00edmz\u00e9s d\u00edsz\u00edti.<\/p>\n<p>\u00d6sszet\u00e9tel: 80% pamut, 20% poli\u00e9szter<\/p>\n<p>M\u00e9rett\u00e1bl\u00e1zat (cm) \u2013 fektetve m\u00e9rve:<br \/>\nA m\u00e9retek \u00b12 cm-rel elt\u00e9rhetnek.<br \/>\nM\u00e9ret Teljes hossz Mellb\u0151s\u00e9g (az anyag ak\u00e1r +14 cm-t is enged) K\u00fcls\u0151 ujjhossz Bels\u0151 ujjhossz<br \/>\nS 64 cm 112 cm 61 cm 53 cm<br \/>\nM 65 cm 114 cm 62 cm 54 cm<\/p>\n","protected":false},"excerpt":{"rendered":"<p>OLAVOGA IRIS pul\u00f3ver Laza st\u00edlus\u00fa kapucnis pul\u00f3ver, modern, k\u00e9nyelmes fazonnal. Magas min\u0151s\u00e9g\u0171, puha tapint\u00e1s\u00fa pamut k\u00f6t\u00f6tt anyagb\u00f3l k\u00e9sz\u00fclt. A sz\u00e9lekn\u00e9l rugalmas, bord\u00e1zott passz\u00e9 tal\u00e1lhat\u00f3. Az &hellip; <\/p>\n","protected":false},"featured_media":2361,"template":"","meta":[],"product_brand":[78],"product_cat":[16,19,28,25,41],"product_tag":[],"class_list":{"0":"post-2343","1":"product","2":"type-product","3":"status-publish","4":"has-post-thumbnail","6":"product_brand-olavoga","7":"product_cat-akcios-termekek","8":"product_cat-markak","9":"product_cat-olavoga","10":"product_cat-noi-ruhazat-hu","11":"product_cat-puloverek","13":"first","14":"instock","15":"sale","16":"shipping-taxable","17":"purchasable","18":"product-type-variable"},"yoast_head":"<!-- This site is optimized with the Yoast SEO plugin v26.7 - https:\/\/yoast.com\/wordpress\/plugins\/seo\/ -->\n<title>OLAVOGA IRIS pul\u00f3ver - Fashion Universum<\/title>\n<meta name=\"description\" content=\"OLAVOGA IRIS pul\u00f3ver. Laza st\u00edlus\u00fa kapucnis pul\u00f3ver, modern, k\u00e9nyelmes fazonnal. Magas min\u0151s\u00e9g\u0171, puha tapint\u00e1s\u00fa pamut k\u00f6t\u00f6tt anyagb\u00f3l k\u00e9sz\u00fclt.\" \/>\n<meta name=\"robots\" content=\"index, follow, max-snippet:-1, max-image-preview:large, max-video-preview:-1\" \/>\n<link rel=\"canonical\" href=\"https:\/\/fashionuniversum.com\/?product=olavoga-iris-pulover\" \/>\n<meta property=\"og:locale\" content=\"hu_HU\" \/>\n<meta property=\"og:type\" content=\"article\" \/>\n<meta property=\"og:title\" content=\"OLAVOGA IRIS pul\u00f3ver - Fashion Universum\" \/>\n<meta property=\"og:description\" content=\"OLAVOGA IRIS pul\u00f3ver. Laza st\u00edlus\u00fa kapucnis pul\u00f3ver, modern, k\u00e9nyelmes fazonnal. Magas min\u0151s\u00e9g\u0171, puha tapint\u00e1s\u00fa pamut k\u00f6t\u00f6tt anyagb\u00f3l k\u00e9sz\u00fclt.\" \/>\n<meta property=\"og:url\" content=\"https:\/\/fashionuniversum.com\/?product=olavoga-iris-pulover\" \/>\n<meta property=\"og:site_name\" content=\"Fashion Universum\" \/>\n<meta property=\"article:modified_time\" content=\"2026-03-07T12:17:41+00:00\" \/>\n<meta property=\"og:image\" content=\"https:\/\/fashionuniversum.com\/wp-content\/uploads\/2026\/01\/bluza-IRIS-984.jpeg\" \/>\n\t<meta property=\"og:image:width\" content=\"1400\" \/>\n\t<meta property=\"og:image:height\" content=\"1867\" \/>\n\t<meta property=\"og:image:type\" content=\"image\/jpeg\" \/>\n<meta name=\"twitter:card\" content=\"summary_large_image\" \/>\n<meta name=\"twitter:label1\" content=\"Becs\u00fclt olvas\u00e1si id\u0151\" \/>\n\t<meta name=\"twitter:data1\" content=\"1 perc\" \/>\n<script type=\"application\/ld+json\" class=\"yoast-schema-graph\">{\"@context\":\"https:\/\/schema.org\",\"@graph\":[{\"@type\":\"WebPage\",\"@id\":\"https:\/\/fashionuniversum.com\/?product=olavoga-iris-pulover\",\"url\":\"https:\/\/fashionuniversum.com\/?product=olavoga-iris-pulover\",\"name\":\"OLAVOGA IRIS pul\u00f3ver - Fashion Universum\",\"isPartOf\":{\"@id\":\"https:\/\/fashionuniversum.com\/#website\"},\"primaryImageOfPage\":{\"@id\":\"https:\/\/fashionuniversum.com\/?product=olavoga-iris-pulover#primaryimage\"},\"image\":{\"@id\":\"https:\/\/fashionuniversum.com\/?product=olavoga-iris-pulover#primaryimage\"},\"thumbnailUrl\":\"https:\/\/fashionuniversum.com\/wp-content\/uploads\/2026\/01\/bluza-IRIS-984.jpeg\",\"datePublished\":\"2026-01-22T14:12:58+00:00\",\"dateModified\":\"2026-03-07T12:17:41+00:00\",\"description\":\"OLAVOGA IRIS pul\u00f3ver. Laza st\u00edlus\u00fa kapucnis pul\u00f3ver, modern, k\u00e9nyelmes fazonnal. Magas min\u0151s\u00e9g\u0171, puha tapint\u00e1s\u00fa pamut k\u00f6t\u00f6tt anyagb\u00f3l k\u00e9sz\u00fclt.\",\"breadcrumb\":{\"@id\":\"https:\/\/fashionuniversum.com\/?product=olavoga-iris-pulover#breadcrumb\"},\"inLanguage\":\"hu\",\"potentialAction\":[{\"@type\":\"ReadAction\",\"target\":[\"https:\/\/fashionuniversum.com\/?product=olavoga-iris-pulover\"]}]},{\"@type\":\"ImageObject\",\"inLanguage\":\"hu\",\"@id\":\"https:\/\/fashionuniversum.com\/?product=olavoga-iris-pulover#primaryimage\",\"url\":\"https:\/\/fashionuniversum.com\/wp-content\/uploads\/2026\/01\/bluza-IRIS-984.jpeg\",\"contentUrl\":\"https:\/\/fashionuniversum.com\/wp-content\/uploads\/2026\/01\/bluza-IRIS-984.jpeg\",\"width\":1400,\"height\":1867,\"caption\":\"OLAVOGA IRIS pul\u00f3ver\"},{\"@type\":\"BreadcrumbList\",\"@id\":\"https:\/\/fashionuniversum.com\/?product=olavoga-iris-pulover#breadcrumb\",\"itemListElement\":[{\"@type\":\"ListItem\",\"position\":1,\"name\":\"Kezd\u0151lap\",\"item\":\"https:\/\/fashionuniversum.com\/\"},{\"@type\":\"ListItem\",\"position\":2,\"name\":\"Kezd\u0151lap\",\"item\":\"https:\/\/fashionuniversum.com\/\"},{\"@type\":\"ListItem\",\"position\":3,\"name\":\"OLAVOGA IRIS pul\u00f3ver\"}]},{\"@type\":\"WebSite\",\"@id\":\"https:\/\/fashionuniversum.com\/#website\",\"url\":\"https:\/\/fashionuniversum.com\/\",\"name\":\"Fashion Universum\",\"description\":\"\",\"publisher\":{\"@id\":\"https:\/\/fashionuniversum.com\/#organization\"},\"potentialAction\":[{\"@type\":\"SearchAction\",\"target\":{\"@type\":\"EntryPoint\",\"urlTemplate\":\"https:\/\/fashionuniversum.com\/?s={search_term_string}\"},\"query-input\":{\"@type\":\"PropertyValueSpecification\",\"valueRequired\":true,\"valueName\":\"search_term_string\"}}],\"inLanguage\":\"hu\"},{\"@type\":\"Organization\",\"@id\":\"https:\/\/fashionuniversum.com\/#organization\",\"name\":\"Fashion Universum\",\"url\":\"https:\/\/fashionuniversum.com\/\",\"logo\":{\"@type\":\"ImageObject\",\"inLanguage\":\"hu\",\"@id\":\"https:\/\/fashionuniversum.com\/#\/schema\/logo\/image\/\",\"url\":\"https:\/\/fashionuniversum.com\/wp-content\/uploads\/2026\/02\/cropped-cropped-imaaage.jpg\",\"contentUrl\":\"https:\/\/fashionuniversum.com\/wp-content\/uploads\/2026\/02\/cropped-cropped-imaaage.jpg\",\"width\":1389,\"height\":285,\"caption\":\"Fashion Universum\"},\"image\":{\"@id\":\"https:\/\/fashionuniversum.com\/#\/schema\/logo\/image\/\"}}]}<\/script>\n<!-- \/ Yoast SEO plugin. -->","yoast_head_json":{"title":"OLAVOGA IRIS pul\u00f3ver - Fashion Universum","description":"OLAVOGA IRIS pul\u00f3ver. Laza st\u00edlus\u00fa kapucnis pul\u00f3ver, modern, k\u00e9nyelmes fazonnal. Magas min\u0151s\u00e9g\u0171, puha tapint\u00e1s\u00fa pamut k\u00f6t\u00f6tt anyagb\u00f3l k\u00e9sz\u00fclt.","robots":{"index":"index","follow":"follow","max-snippet":"max-snippet:-1","max-image-preview":"max-image-preview:large","max-video-preview":"max-video-preview:-1"},"canonical":"https:\/\/fashionuniversum.com\/?product=olavoga-iris-pulover","og_locale":"hu_HU","og_type":"article","og_title":"OLAVOGA IRIS pul\u00f3ver - Fashion Universum","og_description":"OLAVOGA IRIS pul\u00f3ver. Laza st\u00edlus\u00fa kapucnis pul\u00f3ver, modern, k\u00e9nyelmes fazonnal. Magas min\u0151s\u00e9g\u0171, puha tapint\u00e1s\u00fa pamut k\u00f6t\u00f6tt anyagb\u00f3l k\u00e9sz\u00fclt.","og_url":"https:\/\/fashionuniversum.com\/?product=olavoga-iris-pulover","og_site_name":"Fashion Universum","article_modified_time":"2026-03-07T12:17:41+00:00","og_image":[{"width":1400,"height":1867,"url":"https:\/\/fashionuniversum.com\/wp-content\/uploads\/2026\/01\/bluza-IRIS-984.jpeg","type":"image\/jpeg"}],"twitter_card":"summary_large_image","twitter_misc":{"Becs\u00fclt olvas\u00e1si id\u0151":"1 perc"},"schema":{"@context":"https:\/\/schema.org","@graph":[{"@type":"WebPage","@id":"https:\/\/fashionuniversum.com\/?product=olavoga-iris-pulover","url":"https:\/\/fashionuniversum.com\/?product=olavoga-iris-pulover","name":"OLAVOGA IRIS pul\u00f3ver - Fashion Universum","isPartOf":{"@id":"https:\/\/fashionuniversum.com\/#website"},"primaryImageOfPage":{"@id":"https:\/\/fashionuniversum.com\/?product=olavoga-iris-pulover#primaryimage"},"image":{"@id":"https:\/\/fashionuniversum.com\/?product=olavoga-iris-pulover#primaryimage"},"thumbnailUrl":"https:\/\/fashionuniversum.com\/wp-content\/uploads\/2026\/01\/bluza-IRIS-984.jpeg","datePublished":"2026-01-22T14:12:58+00:00","dateModified":"2026-03-07T12:17:41+00:00","description":"OLAVOGA IRIS pul\u00f3ver. Laza st\u00edlus\u00fa kapucnis pul\u00f3ver, modern, k\u00e9nyelmes fazonnal. Magas min\u0151s\u00e9g\u0171, puha tapint\u00e1s\u00fa pamut k\u00f6t\u00f6tt anyagb\u00f3l k\u00e9sz\u00fclt.","breadcrumb":{"@id":"https:\/\/fashionuniversum.com\/?product=olavoga-iris-pulover#breadcrumb"},"inLanguage":"hu","potentialAction":[{"@type":"ReadAction","target":["https:\/\/fashionuniversum.com\/?product=olavoga-iris-pulover"]}]},{"@type":"ImageObject","inLanguage":"hu","@id":"https:\/\/fashionuniversum.com\/?product=olavoga-iris-pulover#primaryimage","url":"https:\/\/fashionuniversum.com\/wp-content\/uploads\/2026\/01\/bluza-IRIS-984.jpeg","contentUrl":"https:\/\/fashionuniversum.com\/wp-content\/uploads\/2026\/01\/bluza-IRIS-984.jpeg","width":1400,"height":1867,"caption":"OLAVOGA IRIS pul\u00f3ver"},{"@type":"BreadcrumbList","@id":"https:\/\/fashionuniversum.com\/?product=olavoga-iris-pulover#breadcrumb","itemListElement":[{"@type":"ListItem","position":1,"name":"Kezd\u0151lap","item":"https:\/\/fashionuniversum.com\/"},{"@type":"ListItem","position":2,"name":"Kezd\u0151lap","item":"https:\/\/fashionuniversum.com\/"},{"@type":"ListItem","position":3,"name":"OLAVOGA IRIS pul\u00f3ver"}]},{"@type":"WebSite","@id":"https:\/\/fashionuniversum.com\/#website","url":"https:\/\/fashionuniversum.com\/","name":"Fashion Universum","description":"","publisher":{"@id":"https:\/\/fashionuniversum.com\/#organization"},"potentialAction":[{"@type":"SearchAction","target":{"@type":"EntryPoint","urlTemplate":"https:\/\/fashionuniversum.com\/?s={search_term_string}"},"query-input":{"@type":"PropertyValueSpecification","valueRequired":true,"valueName":"search_term_string"}}],"inLanguage":"hu"},{"@type":"Organization","@id":"https:\/\/fashionuniversum.com\/#organization","name":"Fashion Universum","url":"https:\/\/fashionuniversum.com\/","logo":{"@type":"ImageObject","inLanguage":"hu","@id":"https:\/\/fashionuniversum.com\/#\/schema\/logo\/image\/","url":"https:\/\/fashionuniversum.com\/wp-content\/uploads\/2026\/02\/cropped-cropped-imaaage.jpg","contentUrl":"https:\/\/fashionuniversum.com\/wp-content\/uploads\/2026\/02\/cropped-cropped-imaaage.jpg","width":1389,"height":285,"caption":"Fashion Universum"},"image":{"@id":"https:\/\/fashionuniversum.com\/#\/schema\/logo\/image\/"}}]}},"_links":{"self":[{"href":"https:\/\/fashionuniversum.com\/index.php?rest_route=\/wp\/v2\/product\/2343","targetHints":{"allow":["GET"]}}],"collection":[{"href":"https:\/\/fashionuniversum.com\/index.php?rest_route=\/wp\/v2\/product"}],"about":[{"href":"https:\/\/fashionuniversum.com\/index.php?rest_route=\/wp\/v2\/types\/product"}],"wp:featuredmedia":[{"embeddable":true,"href":"https:\/\/fashionuniversum.com\/index.php?rest_route=\/wp\/v2\/media\/2361"}],"wp:attachment":[{"href":"https:\/\/fashionuniversum.com\/index.php?rest_route=%2Fwp%2Fv2%2Fmedia&parent=2343"}],"wp:term":[{"taxonomy":"product_brand","embeddable":true,"href":"https:\/\/fashionuniversum.com\/index.php?rest_route=%2Fwp%2Fv2%2Fproduct_brand&post=2343"},{"taxonomy":"product_cat","embeddable":true,"href":"https:\/\/fashionuniversum.com\/index.php?rest_route=%2Fwp%2Fv2%2Fproduct_cat&post=2343"},{"taxonomy":"product_tag","embeddable":true,"href":"https:\/\/fashionuniversum.com\/index.php?rest_route=%2Fwp%2Fv2%2Fproduct_tag&post=2343"}],"curies":[{"name":"wp","href":"https:\/\/api.w.org\/{rel}","templated":true}]}}