{"id":2334,"date":"2026-01-22T14:12:58","date_gmt":"2026-01-22T14:12:58","guid":{"rendered":"https:\/\/fashionuniversum.com\/?post_type=product&#038;p=2334"},"modified":"2026-03-02T10:27:41","modified_gmt":"2026-03-02T10:27:41","slug":"olavoga-essential-body","status":"publish","type":"product","link":"https:\/\/fashionuniversum.com\/?product=olavoga-essential-body","title":{"rendered":"OLAVOGA ESSENTIAL body"},"content":{"rendered":"<p>OLAVOGA ESSENTIAL body<\/p>\n<p>T\u00f6k\u00e9letesen testhez\u00e1ll\u00f3, hossz\u00fa ujj\u00fa n\u0151i body eleg\u00e1ns \u00e1ll\u00f3gall\u00e9rral.<br \/>\nMagas min\u0151s\u00e9g\u0171, rugalmas, bord\u00e1zott strukt\u00far\u00e1j\u00fa anyagb\u00f3l k\u00e9sz\u00fclt. A dekolt r\u00e9sz cipz\u00e1rral \u00e1ll\u00edthat\u00f3, \u00edgy tetsz\u00e9s szerint vari\u00e1lhat\u00f3 a kiv\u00e1g\u00e1s m\u00e9lys\u00e9ge.<br \/>\nAz ujjak v\u00e9ge h\u00fcvelykujj-kiv\u00e1g\u00e1ssal k\u00e9sz\u00fclt a maxim\u00e1lis k\u00e9nyelem\u00e9rt. Az elej\u00e9n diszkr\u00e9t, h\u00edmzett OLAVOGA log\u00f3 tal\u00e1lhat\u00f3.<\/p>\n<p>\u00d6sszet\u00e9tel: 92% nylon, 8% spandex<\/p>\n<p>M\u00e9rett\u00e1bl\u00e1zat (cm) \u2013 fektetve m\u00e9rve<br \/>\nA m\u00e9retek \u00b12 cm-rel elt\u00e9rhetnek.<br \/>\nM\u00e9ret Teljes hossz Mellb\u0151s\u00e9g (ny\u00falik +27 cm) Der\u00e9kb\u0151s\u00e9g (ny\u00falik +24 cm) Cs\u00edp\u0151b\u0151s\u00e9g (ny\u00falik +25 cm) K\u00fcls\u0151 ujjhossz Bels\u0151 ujjhossz<br \/>\nS 74 cm 76 cm 62 cm 60 cm 74 cm 60 cm<br \/>\nM 75 cm 78 cm 64 cm 62 cm 75 cm 61 cm<br \/>\nL 76 cm 80 cm 66 cm 64 cm 76 cm 62 cm<\/p>\n","protected":false},"excerpt":{"rendered":"<p>OLAVOGA ESSENTIAL body T\u00f6k\u00e9letesen testhez\u00e1ll\u00f3, hossz\u00fa ujj\u00fa n\u0151i body eleg\u00e1ns \u00e1ll\u00f3gall\u00e9rral. Magas min\u0151s\u00e9g\u0171, rugalmas, bord\u00e1zott strukt\u00far\u00e1j\u00fa anyagb\u00f3l k\u00e9sz\u00fclt. A dekolt r\u00e9sz cipz\u00e1rral \u00e1ll\u00edthat\u00f3, \u00edgy tetsz\u00e9s &hellip; <\/p>\n","protected":false},"featured_media":2356,"template":"","meta":[],"product_brand":[78],"product_cat":[19,28,25,40],"product_tag":[],"class_list":{"0":"post-2334","1":"product","2":"type-product","3":"status-publish","4":"has-post-thumbnail","6":"product_brand-olavoga","7":"product_cat-markak","8":"product_cat-olavoga","9":"product_cat-noi-ruhazat-hu","10":"product_cat-felsok-body-k","12":"first","13":"instock","14":"shipping-taxable","15":"purchasable","16":"product-type-variable"},"yoast_head":"<!-- This site is optimized with the Yoast SEO plugin v26.7 - https:\/\/yoast.com\/wordpress\/plugins\/seo\/ -->\n<title>OLAVOGA ESSENTIAL body - Fashion Universum<\/title>\n<meta name=\"description\" content=\"OLAVOGA ESSENTIAL body. T\u00f6k\u00e9letesen testhez\u00e1ll\u00f3, hossz\u00fa ujj\u00fa n\u0151i body eleg\u00e1ns \u00e1ll\u00f3gall\u00e9rral. Magas min\u0151s\u00e9g\u0171, rugalmas, bord\u00e1zott strukt\u00far\u00e1j\u00fa anyag\u00fa\" \/>\n<meta name=\"robots\" content=\"index, follow, max-snippet:-1, max-image-preview:large, max-video-preview:-1\" \/>\n<link rel=\"canonical\" href=\"https:\/\/fashionuniversum.com\/?product=olavoga-essential-body\" \/>\n<meta property=\"og:locale\" content=\"hu_HU\" \/>\n<meta property=\"og:type\" content=\"article\" \/>\n<meta property=\"og:title\" content=\"OLAVOGA ESSENTIAL body - Fashion Universum\" \/>\n<meta property=\"og:description\" content=\"OLAVOGA ESSENTIAL body. T\u00f6k\u00e9letesen testhez\u00e1ll\u00f3, hossz\u00fa ujj\u00fa n\u0151i body eleg\u00e1ns \u00e1ll\u00f3gall\u00e9rral. Magas min\u0151s\u00e9g\u0171, rugalmas, bord\u00e1zott strukt\u00far\u00e1j\u00fa anyag\u00fa\" \/>\n<meta property=\"og:url\" content=\"https:\/\/fashionuniversum.com\/?product=olavoga-essential-body\" \/>\n<meta property=\"og:site_name\" content=\"Fashion Universum\" \/>\n<meta property=\"article:modified_time\" content=\"2026-03-02T10:27:41+00:00\" \/>\n<meta property=\"og:image\" content=\"https:\/\/fashionuniversum.com\/wp-content\/uploads\/2026\/01\/body-ESSENTIAL-127.jpeg\" \/>\n\t<meta property=\"og:image:width\" content=\"1400\" \/>\n\t<meta property=\"og:image:height\" content=\"1867\" \/>\n\t<meta property=\"og:image:type\" content=\"image\/jpeg\" \/>\n<meta name=\"twitter:card\" content=\"summary_large_image\" \/>\n<meta name=\"twitter:label1\" content=\"Becs\u00fclt olvas\u00e1si id\u0151\" \/>\n\t<meta name=\"twitter:data1\" content=\"1 perc\" \/>\n<script type=\"application\/ld+json\" class=\"yoast-schema-graph\">{\"@context\":\"https:\/\/schema.org\",\"@graph\":[{\"@type\":\"WebPage\",\"@id\":\"https:\/\/fashionuniversum.com\/?product=olavoga-essential-body\",\"url\":\"https:\/\/fashionuniversum.com\/?product=olavoga-essential-body\",\"name\":\"OLAVOGA ESSENTIAL body - Fashion Universum\",\"isPartOf\":{\"@id\":\"https:\/\/fashionuniversum.com\/#website\"},\"primaryImageOfPage\":{\"@id\":\"https:\/\/fashionuniversum.com\/?product=olavoga-essential-body#primaryimage\"},\"image\":{\"@id\":\"https:\/\/fashionuniversum.com\/?product=olavoga-essential-body#primaryimage\"},\"thumbnailUrl\":\"https:\/\/fashionuniversum.com\/wp-content\/uploads\/2026\/01\/body-ESSENTIAL-127.jpeg\",\"datePublished\":\"2026-01-22T14:12:58+00:00\",\"dateModified\":\"2026-03-02T10:27:41+00:00\",\"description\":\"OLAVOGA ESSENTIAL body. T\u00f6k\u00e9letesen testhez\u00e1ll\u00f3, hossz\u00fa ujj\u00fa n\u0151i body eleg\u00e1ns \u00e1ll\u00f3gall\u00e9rral. Magas min\u0151s\u00e9g\u0171, rugalmas, bord\u00e1zott strukt\u00far\u00e1j\u00fa anyag\u00fa\",\"breadcrumb\":{\"@id\":\"https:\/\/fashionuniversum.com\/?product=olavoga-essential-body#breadcrumb\"},\"inLanguage\":\"hu\",\"potentialAction\":[{\"@type\":\"ReadAction\",\"target\":[\"https:\/\/fashionuniversum.com\/?product=olavoga-essential-body\"]}]},{\"@type\":\"ImageObject\",\"inLanguage\":\"hu\",\"@id\":\"https:\/\/fashionuniversum.com\/?product=olavoga-essential-body#primaryimage\",\"url\":\"https:\/\/fashionuniversum.com\/wp-content\/uploads\/2026\/01\/body-ESSENTIAL-127.jpeg\",\"contentUrl\":\"https:\/\/fashionuniversum.com\/wp-content\/uploads\/2026\/01\/body-ESSENTIAL-127.jpeg\",\"width\":1400,\"height\":1867,\"caption\":\"OLAVOGA ESSENTIAL body\"},{\"@type\":\"BreadcrumbList\",\"@id\":\"https:\/\/fashionuniversum.com\/?product=olavoga-essential-body#breadcrumb\",\"itemListElement\":[{\"@type\":\"ListItem\",\"position\":1,\"name\":\"Kezd\u0151lap\",\"item\":\"https:\/\/fashionuniversum.com\/\"},{\"@type\":\"ListItem\",\"position\":2,\"name\":\"Kezd\u0151lap\",\"item\":\"https:\/\/fashionuniversum.com\/\"},{\"@type\":\"ListItem\",\"position\":3,\"name\":\"OLAVOGA ESSENTIAL body\"}]},{\"@type\":\"WebSite\",\"@id\":\"https:\/\/fashionuniversum.com\/#website\",\"url\":\"https:\/\/fashionuniversum.com\/\",\"name\":\"Fashion Universum\",\"description\":\"\",\"publisher\":{\"@id\":\"https:\/\/fashionuniversum.com\/#organization\"},\"potentialAction\":[{\"@type\":\"SearchAction\",\"target\":{\"@type\":\"EntryPoint\",\"urlTemplate\":\"https:\/\/fashionuniversum.com\/?s={search_term_string}\"},\"query-input\":{\"@type\":\"PropertyValueSpecification\",\"valueRequired\":true,\"valueName\":\"search_term_string\"}}],\"inLanguage\":\"hu\"},{\"@type\":\"Organization\",\"@id\":\"https:\/\/fashionuniversum.com\/#organization\",\"name\":\"Fashion Universum\",\"url\":\"https:\/\/fashionuniversum.com\/\",\"logo\":{\"@type\":\"ImageObject\",\"inLanguage\":\"hu\",\"@id\":\"https:\/\/fashionuniversum.com\/#\/schema\/logo\/image\/\",\"url\":\"https:\/\/fashionuniversum.com\/wp-content\/uploads\/2026\/02\/cropped-cropped-imaaage.jpg\",\"contentUrl\":\"https:\/\/fashionuniversum.com\/wp-content\/uploads\/2026\/02\/cropped-cropped-imaaage.jpg\",\"width\":1389,\"height\":285,\"caption\":\"Fashion Universum\"},\"image\":{\"@id\":\"https:\/\/fashionuniversum.com\/#\/schema\/logo\/image\/\"}}]}<\/script>\n<!-- \/ Yoast SEO plugin. -->","yoast_head_json":{"title":"OLAVOGA ESSENTIAL body - Fashion Universum","description":"OLAVOGA ESSENTIAL body. T\u00f6k\u00e9letesen testhez\u00e1ll\u00f3, hossz\u00fa ujj\u00fa n\u0151i body eleg\u00e1ns \u00e1ll\u00f3gall\u00e9rral. Magas min\u0151s\u00e9g\u0171, rugalmas, bord\u00e1zott strukt\u00far\u00e1j\u00fa anyag\u00fa","robots":{"index":"index","follow":"follow","max-snippet":"max-snippet:-1","max-image-preview":"max-image-preview:large","max-video-preview":"max-video-preview:-1"},"canonical":"https:\/\/fashionuniversum.com\/?product=olavoga-essential-body","og_locale":"hu_HU","og_type":"article","og_title":"OLAVOGA ESSENTIAL body - Fashion Universum","og_description":"OLAVOGA ESSENTIAL body. T\u00f6k\u00e9letesen testhez\u00e1ll\u00f3, hossz\u00fa ujj\u00fa n\u0151i body eleg\u00e1ns \u00e1ll\u00f3gall\u00e9rral. Magas min\u0151s\u00e9g\u0171, rugalmas, bord\u00e1zott strukt\u00far\u00e1j\u00fa anyag\u00fa","og_url":"https:\/\/fashionuniversum.com\/?product=olavoga-essential-body","og_site_name":"Fashion Universum","article_modified_time":"2026-03-02T10:27:41+00:00","og_image":[{"width":1400,"height":1867,"url":"https:\/\/fashionuniversum.com\/wp-content\/uploads\/2026\/01\/body-ESSENTIAL-127.jpeg","type":"image\/jpeg"}],"twitter_card":"summary_large_image","twitter_misc":{"Becs\u00fclt olvas\u00e1si id\u0151":"1 perc"},"schema":{"@context":"https:\/\/schema.org","@graph":[{"@type":"WebPage","@id":"https:\/\/fashionuniversum.com\/?product=olavoga-essential-body","url":"https:\/\/fashionuniversum.com\/?product=olavoga-essential-body","name":"OLAVOGA ESSENTIAL body - Fashion Universum","isPartOf":{"@id":"https:\/\/fashionuniversum.com\/#website"},"primaryImageOfPage":{"@id":"https:\/\/fashionuniversum.com\/?product=olavoga-essential-body#primaryimage"},"image":{"@id":"https:\/\/fashionuniversum.com\/?product=olavoga-essential-body#primaryimage"},"thumbnailUrl":"https:\/\/fashionuniversum.com\/wp-content\/uploads\/2026\/01\/body-ESSENTIAL-127.jpeg","datePublished":"2026-01-22T14:12:58+00:00","dateModified":"2026-03-02T10:27:41+00:00","description":"OLAVOGA ESSENTIAL body. T\u00f6k\u00e9letesen testhez\u00e1ll\u00f3, hossz\u00fa ujj\u00fa n\u0151i body eleg\u00e1ns \u00e1ll\u00f3gall\u00e9rral. Magas min\u0151s\u00e9g\u0171, rugalmas, bord\u00e1zott strukt\u00far\u00e1j\u00fa anyag\u00fa","breadcrumb":{"@id":"https:\/\/fashionuniversum.com\/?product=olavoga-essential-body#breadcrumb"},"inLanguage":"hu","potentialAction":[{"@type":"ReadAction","target":["https:\/\/fashionuniversum.com\/?product=olavoga-essential-body"]}]},{"@type":"ImageObject","inLanguage":"hu","@id":"https:\/\/fashionuniversum.com\/?product=olavoga-essential-body#primaryimage","url":"https:\/\/fashionuniversum.com\/wp-content\/uploads\/2026\/01\/body-ESSENTIAL-127.jpeg","contentUrl":"https:\/\/fashionuniversum.com\/wp-content\/uploads\/2026\/01\/body-ESSENTIAL-127.jpeg","width":1400,"height":1867,"caption":"OLAVOGA ESSENTIAL body"},{"@type":"BreadcrumbList","@id":"https:\/\/fashionuniversum.com\/?product=olavoga-essential-body#breadcrumb","itemListElement":[{"@type":"ListItem","position":1,"name":"Kezd\u0151lap","item":"https:\/\/fashionuniversum.com\/"},{"@type":"ListItem","position":2,"name":"Kezd\u0151lap","item":"https:\/\/fashionuniversum.com\/"},{"@type":"ListItem","position":3,"name":"OLAVOGA ESSENTIAL body"}]},{"@type":"WebSite","@id":"https:\/\/fashionuniversum.com\/#website","url":"https:\/\/fashionuniversum.com\/","name":"Fashion Universum","description":"","publisher":{"@id":"https:\/\/fashionuniversum.com\/#organization"},"potentialAction":[{"@type":"SearchAction","target":{"@type":"EntryPoint","urlTemplate":"https:\/\/fashionuniversum.com\/?s={search_term_string}"},"query-input":{"@type":"PropertyValueSpecification","valueRequired":true,"valueName":"search_term_string"}}],"inLanguage":"hu"},{"@type":"Organization","@id":"https:\/\/fashionuniversum.com\/#organization","name":"Fashion Universum","url":"https:\/\/fashionuniversum.com\/","logo":{"@type":"ImageObject","inLanguage":"hu","@id":"https:\/\/fashionuniversum.com\/#\/schema\/logo\/image\/","url":"https:\/\/fashionuniversum.com\/wp-content\/uploads\/2026\/02\/cropped-cropped-imaaage.jpg","contentUrl":"https:\/\/fashionuniversum.com\/wp-content\/uploads\/2026\/02\/cropped-cropped-imaaage.jpg","width":1389,"height":285,"caption":"Fashion Universum"},"image":{"@id":"https:\/\/fashionuniversum.com\/#\/schema\/logo\/image\/"}}]}},"_links":{"self":[{"href":"https:\/\/fashionuniversum.com\/index.php?rest_route=\/wp\/v2\/product\/2334","targetHints":{"allow":["GET"]}}],"collection":[{"href":"https:\/\/fashionuniversum.com\/index.php?rest_route=\/wp\/v2\/product"}],"about":[{"href":"https:\/\/fashionuniversum.com\/index.php?rest_route=\/wp\/v2\/types\/product"}],"wp:featuredmedia":[{"embeddable":true,"href":"https:\/\/fashionuniversum.com\/index.php?rest_route=\/wp\/v2\/media\/2356"}],"wp:attachment":[{"href":"https:\/\/fashionuniversum.com\/index.php?rest_route=%2Fwp%2Fv2%2Fmedia&parent=2334"}],"wp:term":[{"taxonomy":"product_brand","embeddable":true,"href":"https:\/\/fashionuniversum.com\/index.php?rest_route=%2Fwp%2Fv2%2Fproduct_brand&post=2334"},{"taxonomy":"product_cat","embeddable":true,"href":"https:\/\/fashionuniversum.com\/index.php?rest_route=%2Fwp%2Fv2%2Fproduct_cat&post=2334"},{"taxonomy":"product_tag","embeddable":true,"href":"https:\/\/fashionuniversum.com\/index.php?rest_route=%2Fwp%2Fv2%2Fproduct_tag&post=2334"}],"curies":[{"name":"wp","href":"https:\/\/api.w.org\/{rel}","templated":true}]}}