{"id":2329,"date":"2026-01-22T14:12:58","date_gmt":"2026-01-22T14:12:58","guid":{"rendered":"https:\/\/fashionuniversum.com\/?post_type=product&#038;p=2329"},"modified":"2026-03-02T10:26:17","modified_gmt":"2026-03-02T10:26:17","slug":"olavoga-glitz-leggings","status":"publish","type":"product","link":"https:\/\/fashionuniversum.com\/?product=olavoga-glitz-leggings","title":{"rendered":"OLAVOGA GLITZ leggings"},"content":{"rendered":"<p>OLAVOGA GLITZ leggings<\/p>\n<p><strong>Magas derek\u00fa, testhez simul\u00f3 n\u0151i leggings \u2013 kontrasztos r\u00e9szletekkel<\/strong><\/p>\n<p>Ez a t\u00f6k\u00e9letesen illeszked\u0151 leggings kiv\u00e1l\u00f3 min\u0151s\u00e9g\u0171, rugalmas \u00e9s puha tapint\u00e1s\u00fa anyagb\u00f3l k\u00e9sz\u00fclt, amely nem \u00e1tl\u00e1tsz\u00f3. A magas der\u00e9kr\u00e9sz kiemeli az alakot, az oldalakon h\u00faz\u00f3d\u00f3 feh\u00e9r, kontrasztos lampaszcs\u00edkok pedig sportos, modern megjelen\u00e9st k\u00f6lcs\u00f6n\u00f6znek. A der\u00e9kr\u00e9szen tal\u00e1lhat\u00f3 OLAVOGA log\u00f3 eleg\u00e1ns m\u00e1rkajelz\u00e9st ad a term\u00e9knek.<\/p>\n<p><strong>\u00d6sszet\u00e9tel:<\/strong> 86% nylon, 14% elaszt\u00e1n<br \/>\n<strong>El\u00e9rhet\u0151 m\u00e9retek:<\/strong> XS, S, M, L<\/p>\n<h3><strong>M\u00e9rett\u00e1bl\u00e1zat (cm) \u2013 fektetve m\u00e9rve<\/strong><\/h3>\n<figure class=\"table\">\n<table>\n<thead>\n<tr>\n<th>M\u00e9ret<\/th>\n<th>Teljes hossz<\/th>\n<th>K\u00fcls\u0151 sz\u00e1rhossz<\/th>\n<th>Bels\u0151 sz\u00e1rhossz<\/th>\n<th>\u00dcl\u0151magass\u00e1g<\/th>\n<th>Der\u00e9kb\u0151s\u00e9g <i>(+31 cm-ig ny\u00falik)<\/i><\/th>\n<th>Cs\u00edp\u0151b\u0151s\u00e9g <i>(+33 cm-ig ny\u00falik)<\/i><\/th>\n<\/tr>\n<\/thead>\n<tbody>\n<tr>\n<td>XS<\/td>\n<td>96 cm<\/td>\n<td>93 cm<\/td>\n<td>71 cm<\/td>\n<td>24 cm<\/td>\n<td>56 cm<\/td>\n<td>66 cm<\/td>\n<\/tr>\n<tr>\n<td>S<\/td>\n<td>97 cm<\/td>\n<td>94 cm<\/td>\n<td>72 cm<\/td>\n<td>25 cm<\/td>\n<td>58 cm<\/td>\n<td>68 cm<\/td>\n<\/tr>\n<tr>\n<td>M<\/td>\n<td>98 cm<\/td>\n<td>95 cm<\/td>\n<td>73 cm<\/td>\n<td>26 cm<\/td>\n<td>60 cm<\/td>\n<td>70 cm<\/td>\n<\/tr>\n<tr>\n<td>L<\/td>\n<td>99 cm<\/td>\n<td>96 cm<\/td>\n<td>74 cm<\/td>\n<td>27 cm<\/td>\n<td>62 cm<\/td>\n<td>72 cm<\/td>\n<\/tr>\n<\/tbody>\n<\/table>\n<\/figure>\n<p><i>A ruhadarabokat fektetve m\u00e9rt\u00e9k, a m\u00e9retek \u00b12 cm-rel elt\u00e9rhetnek<\/i><\/p>\n","protected":false},"excerpt":{"rendered":"<p>OLAVOGA GLITZ leggings Magas derek\u00fa, testhez simul\u00f3 n\u0151i leggings \u2013 kontrasztos r\u00e9szletekkel Ez a t\u00f6k\u00e9letesen illeszked\u0151 leggings kiv\u00e1l\u00f3 min\u0151s\u00e9g\u0171, rugalmas \u00e9s puha tapint\u00e1s\u00fa anyagb\u00f3l k\u00e9sz\u00fclt, &hellip; <\/p>\n","protected":false},"featured_media":2353,"template":"","meta":[],"product_brand":[78],"product_cat":[19,28,25,43],"product_tag":[],"class_list":{"0":"post-2329","1":"product","2":"type-product","3":"status-publish","4":"has-post-thumbnail","6":"product_brand-olavoga","7":"product_cat-markak","8":"product_cat-olavoga","9":"product_cat-noi-ruhazat-hu","10":"product_cat-leggingsek-nadragok","12":"first","13":"instock","14":"shipping-taxable","15":"purchasable","16":"product-type-variable"},"yoast_head":"<!-- This site is optimized with the Yoast SEO plugin v26.7 - https:\/\/yoast.com\/wordpress\/plugins\/seo\/ -->\n<title>OLAVOGA GLITZ leggings - Fashion Universum<\/title>\n<meta name=\"description\" content=\"OLAVOGA GLITZ leggings. Ez a t\u00f6k\u00e9letesen illeszked\u0151 leggings kiv\u00e1l\u00f3 min\u0151s\u00e9g\u0171, rugalmas \u00e9s puha tapint\u00e1s\u00fa anyagb\u00f3l k\u00e9sz\u00fclt, amely nem \u00e1tl\u00e1tsz\u00f3.\" \/>\n<meta name=\"robots\" content=\"index, follow, max-snippet:-1, max-image-preview:large, max-video-preview:-1\" \/>\n<link rel=\"canonical\" href=\"https:\/\/fashionuniversum.com\/?product=olavoga-glitz-leggings\" \/>\n<meta property=\"og:locale\" content=\"hu_HU\" \/>\n<meta property=\"og:type\" content=\"article\" \/>\n<meta property=\"og:title\" content=\"OLAVOGA GLITZ leggings - Fashion Universum\" \/>\n<meta property=\"og:description\" content=\"OLAVOGA GLITZ leggings. Ez a t\u00f6k\u00e9letesen illeszked\u0151 leggings kiv\u00e1l\u00f3 min\u0151s\u00e9g\u0171, rugalmas \u00e9s puha tapint\u00e1s\u00fa anyagb\u00f3l k\u00e9sz\u00fclt, amely nem \u00e1tl\u00e1tsz\u00f3.\" \/>\n<meta property=\"og:url\" content=\"https:\/\/fashionuniversum.com\/?product=olavoga-glitz-leggings\" \/>\n<meta property=\"og:site_name\" content=\"Fashion Universum\" \/>\n<meta property=\"article:modified_time\" content=\"2026-03-02T10:26:17+00:00\" \/>\n<meta property=\"og:image\" content=\"https:\/\/fashionuniversum.com\/wp-content\/uploads\/2026\/01\/legginsy-GLITZ-140.jpeg\" \/>\n\t<meta property=\"og:image:width\" content=\"1400\" \/>\n\t<meta property=\"og:image:height\" content=\"1866\" \/>\n\t<meta property=\"og:image:type\" content=\"image\/jpeg\" \/>\n<meta name=\"twitter:card\" content=\"summary_large_image\" \/>\n<meta name=\"twitter:label1\" content=\"Becs\u00fclt olvas\u00e1si id\u0151\" \/>\n\t<meta name=\"twitter:data1\" content=\"1 perc\" \/>\n<script type=\"application\/ld+json\" class=\"yoast-schema-graph\">{\"@context\":\"https:\/\/schema.org\",\"@graph\":[{\"@type\":\"WebPage\",\"@id\":\"https:\/\/fashionuniversum.com\/?product=olavoga-glitz-leggings\",\"url\":\"https:\/\/fashionuniversum.com\/?product=olavoga-glitz-leggings\",\"name\":\"OLAVOGA GLITZ leggings - Fashion Universum\",\"isPartOf\":{\"@id\":\"https:\/\/fashionuniversum.com\/#website\"},\"primaryImageOfPage\":{\"@id\":\"https:\/\/fashionuniversum.com\/?product=olavoga-glitz-leggings#primaryimage\"},\"image\":{\"@id\":\"https:\/\/fashionuniversum.com\/?product=olavoga-glitz-leggings#primaryimage\"},\"thumbnailUrl\":\"https:\/\/fashionuniversum.com\/wp-content\/uploads\/2026\/01\/legginsy-GLITZ-140.jpeg\",\"datePublished\":\"2026-01-22T14:12:58+00:00\",\"dateModified\":\"2026-03-02T10:26:17+00:00\",\"description\":\"OLAVOGA GLITZ leggings. Ez a t\u00f6k\u00e9letesen illeszked\u0151 leggings kiv\u00e1l\u00f3 min\u0151s\u00e9g\u0171, rugalmas \u00e9s puha tapint\u00e1s\u00fa anyagb\u00f3l k\u00e9sz\u00fclt, amely nem \u00e1tl\u00e1tsz\u00f3.\",\"breadcrumb\":{\"@id\":\"https:\/\/fashionuniversum.com\/?product=olavoga-glitz-leggings#breadcrumb\"},\"inLanguage\":\"hu\",\"potentialAction\":[{\"@type\":\"ReadAction\",\"target\":[\"https:\/\/fashionuniversum.com\/?product=olavoga-glitz-leggings\"]}]},{\"@type\":\"ImageObject\",\"inLanguage\":\"hu\",\"@id\":\"https:\/\/fashionuniversum.com\/?product=olavoga-glitz-leggings#primaryimage\",\"url\":\"https:\/\/fashionuniversum.com\/wp-content\/uploads\/2026\/01\/legginsy-GLITZ-140.jpeg\",\"contentUrl\":\"https:\/\/fashionuniversum.com\/wp-content\/uploads\/2026\/01\/legginsy-GLITZ-140.jpeg\",\"width\":1400,\"height\":1866,\"caption\":\"OLAVOGA GLITZ leggings\"},{\"@type\":\"BreadcrumbList\",\"@id\":\"https:\/\/fashionuniversum.com\/?product=olavoga-glitz-leggings#breadcrumb\",\"itemListElement\":[{\"@type\":\"ListItem\",\"position\":1,\"name\":\"Kezd\u0151lap\",\"item\":\"https:\/\/fashionuniversum.com\/\"},{\"@type\":\"ListItem\",\"position\":2,\"name\":\"Kezd\u0151lap\",\"item\":\"https:\/\/fashionuniversum.com\/\"},{\"@type\":\"ListItem\",\"position\":3,\"name\":\"OLAVOGA GLITZ leggings\"}]},{\"@type\":\"WebSite\",\"@id\":\"https:\/\/fashionuniversum.com\/#website\",\"url\":\"https:\/\/fashionuniversum.com\/\",\"name\":\"Fashion Universum\",\"description\":\"\",\"publisher\":{\"@id\":\"https:\/\/fashionuniversum.com\/#organization\"},\"potentialAction\":[{\"@type\":\"SearchAction\",\"target\":{\"@type\":\"EntryPoint\",\"urlTemplate\":\"https:\/\/fashionuniversum.com\/?s={search_term_string}\"},\"query-input\":{\"@type\":\"PropertyValueSpecification\",\"valueRequired\":true,\"valueName\":\"search_term_string\"}}],\"inLanguage\":\"hu\"},{\"@type\":\"Organization\",\"@id\":\"https:\/\/fashionuniversum.com\/#organization\",\"name\":\"Fashion Universum\",\"url\":\"https:\/\/fashionuniversum.com\/\",\"logo\":{\"@type\":\"ImageObject\",\"inLanguage\":\"hu\",\"@id\":\"https:\/\/fashionuniversum.com\/#\/schema\/logo\/image\/\",\"url\":\"https:\/\/fashionuniversum.com\/wp-content\/uploads\/2026\/02\/cropped-cropped-imaaage.jpg\",\"contentUrl\":\"https:\/\/fashionuniversum.com\/wp-content\/uploads\/2026\/02\/cropped-cropped-imaaage.jpg\",\"width\":1389,\"height\":285,\"caption\":\"Fashion Universum\"},\"image\":{\"@id\":\"https:\/\/fashionuniversum.com\/#\/schema\/logo\/image\/\"}}]}<\/script>\n<!-- \/ Yoast SEO plugin. -->","yoast_head_json":{"title":"OLAVOGA GLITZ leggings - Fashion Universum","description":"OLAVOGA GLITZ leggings. Ez a t\u00f6k\u00e9letesen illeszked\u0151 leggings kiv\u00e1l\u00f3 min\u0151s\u00e9g\u0171, rugalmas \u00e9s puha tapint\u00e1s\u00fa anyagb\u00f3l k\u00e9sz\u00fclt, amely nem \u00e1tl\u00e1tsz\u00f3.","robots":{"index":"index","follow":"follow","max-snippet":"max-snippet:-1","max-image-preview":"max-image-preview:large","max-video-preview":"max-video-preview:-1"},"canonical":"https:\/\/fashionuniversum.com\/?product=olavoga-glitz-leggings","og_locale":"hu_HU","og_type":"article","og_title":"OLAVOGA GLITZ leggings - Fashion Universum","og_description":"OLAVOGA GLITZ leggings. Ez a t\u00f6k\u00e9letesen illeszked\u0151 leggings kiv\u00e1l\u00f3 min\u0151s\u00e9g\u0171, rugalmas \u00e9s puha tapint\u00e1s\u00fa anyagb\u00f3l k\u00e9sz\u00fclt, amely nem \u00e1tl\u00e1tsz\u00f3.","og_url":"https:\/\/fashionuniversum.com\/?product=olavoga-glitz-leggings","og_site_name":"Fashion Universum","article_modified_time":"2026-03-02T10:26:17+00:00","og_image":[{"width":1400,"height":1866,"url":"https:\/\/fashionuniversum.com\/wp-content\/uploads\/2026\/01\/legginsy-GLITZ-140.jpeg","type":"image\/jpeg"}],"twitter_card":"summary_large_image","twitter_misc":{"Becs\u00fclt olvas\u00e1si id\u0151":"1 perc"},"schema":{"@context":"https:\/\/schema.org","@graph":[{"@type":"WebPage","@id":"https:\/\/fashionuniversum.com\/?product=olavoga-glitz-leggings","url":"https:\/\/fashionuniversum.com\/?product=olavoga-glitz-leggings","name":"OLAVOGA GLITZ leggings - Fashion Universum","isPartOf":{"@id":"https:\/\/fashionuniversum.com\/#website"},"primaryImageOfPage":{"@id":"https:\/\/fashionuniversum.com\/?product=olavoga-glitz-leggings#primaryimage"},"image":{"@id":"https:\/\/fashionuniversum.com\/?product=olavoga-glitz-leggings#primaryimage"},"thumbnailUrl":"https:\/\/fashionuniversum.com\/wp-content\/uploads\/2026\/01\/legginsy-GLITZ-140.jpeg","datePublished":"2026-01-22T14:12:58+00:00","dateModified":"2026-03-02T10:26:17+00:00","description":"OLAVOGA GLITZ leggings. Ez a t\u00f6k\u00e9letesen illeszked\u0151 leggings kiv\u00e1l\u00f3 min\u0151s\u00e9g\u0171, rugalmas \u00e9s puha tapint\u00e1s\u00fa anyagb\u00f3l k\u00e9sz\u00fclt, amely nem \u00e1tl\u00e1tsz\u00f3.","breadcrumb":{"@id":"https:\/\/fashionuniversum.com\/?product=olavoga-glitz-leggings#breadcrumb"},"inLanguage":"hu","potentialAction":[{"@type":"ReadAction","target":["https:\/\/fashionuniversum.com\/?product=olavoga-glitz-leggings"]}]},{"@type":"ImageObject","inLanguage":"hu","@id":"https:\/\/fashionuniversum.com\/?product=olavoga-glitz-leggings#primaryimage","url":"https:\/\/fashionuniversum.com\/wp-content\/uploads\/2026\/01\/legginsy-GLITZ-140.jpeg","contentUrl":"https:\/\/fashionuniversum.com\/wp-content\/uploads\/2026\/01\/legginsy-GLITZ-140.jpeg","width":1400,"height":1866,"caption":"OLAVOGA GLITZ leggings"},{"@type":"BreadcrumbList","@id":"https:\/\/fashionuniversum.com\/?product=olavoga-glitz-leggings#breadcrumb","itemListElement":[{"@type":"ListItem","position":1,"name":"Kezd\u0151lap","item":"https:\/\/fashionuniversum.com\/"},{"@type":"ListItem","position":2,"name":"Kezd\u0151lap","item":"https:\/\/fashionuniversum.com\/"},{"@type":"ListItem","position":3,"name":"OLAVOGA GLITZ leggings"}]},{"@type":"WebSite","@id":"https:\/\/fashionuniversum.com\/#website","url":"https:\/\/fashionuniversum.com\/","name":"Fashion Universum","description":"","publisher":{"@id":"https:\/\/fashionuniversum.com\/#organization"},"potentialAction":[{"@type":"SearchAction","target":{"@type":"EntryPoint","urlTemplate":"https:\/\/fashionuniversum.com\/?s={search_term_string}"},"query-input":{"@type":"PropertyValueSpecification","valueRequired":true,"valueName":"search_term_string"}}],"inLanguage":"hu"},{"@type":"Organization","@id":"https:\/\/fashionuniversum.com\/#organization","name":"Fashion Universum","url":"https:\/\/fashionuniversum.com\/","logo":{"@type":"ImageObject","inLanguage":"hu","@id":"https:\/\/fashionuniversum.com\/#\/schema\/logo\/image\/","url":"https:\/\/fashionuniversum.com\/wp-content\/uploads\/2026\/02\/cropped-cropped-imaaage.jpg","contentUrl":"https:\/\/fashionuniversum.com\/wp-content\/uploads\/2026\/02\/cropped-cropped-imaaage.jpg","width":1389,"height":285,"caption":"Fashion Universum"},"image":{"@id":"https:\/\/fashionuniversum.com\/#\/schema\/logo\/image\/"}}]}},"_links":{"self":[{"href":"https:\/\/fashionuniversum.com\/index.php?rest_route=\/wp\/v2\/product\/2329","targetHints":{"allow":["GET"]}}],"collection":[{"href":"https:\/\/fashionuniversum.com\/index.php?rest_route=\/wp\/v2\/product"}],"about":[{"href":"https:\/\/fashionuniversum.com\/index.php?rest_route=\/wp\/v2\/types\/product"}],"wp:featuredmedia":[{"embeddable":true,"href":"https:\/\/fashionuniversum.com\/index.php?rest_route=\/wp\/v2\/media\/2353"}],"wp:attachment":[{"href":"https:\/\/fashionuniversum.com\/index.php?rest_route=%2Fwp%2Fv2%2Fmedia&parent=2329"}],"wp:term":[{"taxonomy":"product_brand","embeddable":true,"href":"https:\/\/fashionuniversum.com\/index.php?rest_route=%2Fwp%2Fv2%2Fproduct_brand&post=2329"},{"taxonomy":"product_cat","embeddable":true,"href":"https:\/\/fashionuniversum.com\/index.php?rest_route=%2Fwp%2Fv2%2Fproduct_cat&post=2329"},{"taxonomy":"product_tag","embeddable":true,"href":"https:\/\/fashionuniversum.com\/index.php?rest_route=%2Fwp%2Fv2%2Fproduct_tag&post=2329"}],"curies":[{"name":"wp","href":"https:\/\/api.w.org\/{rel}","templated":true}]}}