{"id":2325,"date":"2026-01-22T14:12:58","date_gmt":"2026-01-22T14:12:58","guid":{"rendered":"https:\/\/fashionuniversum.com\/?post_type=product&#038;p=2325"},"modified":"2026-03-09T16:00:41","modified_gmt":"2026-03-09T16:00:41","slug":"olavoga-tripli-leggings","status":"publish","type":"product","link":"https:\/\/fashionuniversum.com\/?product=olavoga-tripli-leggings","title":{"rendered":"OLAVOGA TRIPLI leggings"},"content":{"rendered":"<p>OLAVOGA TRIPLI leggings<\/p>\n<p>Magas derek\u00fa, log\u00f3zott gumis n\u0151i leggings \u2013 testhez simul\u00f3 fazon<\/p>\n<p>Ez a t\u00f6k\u00e9letesen illeszked\u0151 leggings pr\u00e9mium min\u0151s\u00e9g\u0171, rugalmas \u00e9s puha anyagb\u00f3l k\u00e9sz\u00fclt, amely garant\u00e1ltan nem \u00e1tl\u00e1tsz\u00f3. A magas derek\u00fa kialak\u00edt\u00e1s kiemeli az alakot, a der\u00e9kr\u00e9szen tal\u00e1lhat\u00f3 log\u00f3zott gumip\u00e1nt pedig st\u00edlusos \u00e9s k\u00e9nyelmes viseletet biztos\u00edt.<\/p>\n<p>\u00d6sszet\u00e9tel: 86% nylon, 14% elaszt\u00e1n<br \/>\nEl\u00e9rhet\u0151 m\u00e9retek: S, M, L<br \/>\nM\u00e9rett\u00e1bl\u00e1zat (cm) \u2013 fektetve m\u00e9rve<br \/>\nM\u00e9ret Teljes hossz K\u00fcls\u0151 sz\u00e1rhossz Bels\u0151 sz\u00e1rhossz \u00dcl\u0151magass\u00e1g Der\u00e9kb\u0151s\u00e9g (+30 cm-ig ny\u00falik) Cs\u00edp\u0151b\u0151s\u00e9g (+33 cm-ig ny\u00falik)<br \/>\nS 99 cm 96 cm 75 cm 26 cm 60 cm 64 cm<br \/>\nM 100 cm 97 cm 76 cm 27 cm 62 cm 66 cm<br \/>\nL 101 cm 98 cm 77 cm 28 cm 64 cm 68 cm<\/p>\n<p>A ruhadarabokat fektetve m\u00e9rt\u00e9k, a m\u00e9retek \u00b12 cm-rel elt\u00e9rhetnek.<\/p>\n","protected":false},"excerpt":{"rendered":"<p>OLAVOGA TRIPLI leggings Magas derek\u00fa, log\u00f3zott gumis n\u0151i leggings \u2013 testhez simul\u00f3 fazon Ez a t\u00f6k\u00e9letesen illeszked\u0151 leggings pr\u00e9mium min\u0151s\u00e9g\u0171, rugalmas \u00e9s puha anyagb\u00f3l k\u00e9sz\u00fclt, &hellip; <\/p>\n","protected":false},"featured_media":2351,"template":"","meta":[],"product_brand":[78],"product_cat":[19,28,25,43],"product_tag":[],"class_list":{"0":"post-2325","1":"product","2":"type-product","3":"status-publish","4":"has-post-thumbnail","6":"product_brand-olavoga","7":"product_cat-markak","8":"product_cat-olavoga","9":"product_cat-noi-ruhazat-hu","10":"product_cat-leggingsek-nadragok","12":"first","13":"instock","14":"shipping-taxable","15":"purchasable","16":"product-type-variable"},"yoast_head":"<!-- This site is optimized with the Yoast SEO plugin v26.7 - https:\/\/yoast.com\/wordpress\/plugins\/seo\/ -->\n<title>OLAVOGA TRIPLI leggings - Fashion Universum<\/title>\n<meta name=\"description\" content=\"OLAVOGA TRIPLI leggings. Ez a t\u00f6k\u00e9letesen illeszked\u0151 leggings pr\u00e9mium min\u0151s\u00e9g\u0171, rugalmas \u00e9s puha anyagb\u00f3l k\u00e9sz\u00fclt, amely garant\u00e1ltan nem \u00e1tl\u00e1tsz\u00f3.\" \/>\n<meta name=\"robots\" content=\"index, follow, max-snippet:-1, max-image-preview:large, max-video-preview:-1\" \/>\n<link rel=\"canonical\" href=\"https:\/\/fashionuniversum.com\/?product=olavoga-tripli-leggings\" \/>\n<meta property=\"og:locale\" content=\"hu_HU\" \/>\n<meta property=\"og:type\" content=\"article\" \/>\n<meta property=\"og:title\" content=\"OLAVOGA TRIPLI leggings - Fashion Universum\" \/>\n<meta property=\"og:description\" content=\"OLAVOGA TRIPLI leggings. Ez a t\u00f6k\u00e9letesen illeszked\u0151 leggings pr\u00e9mium min\u0151s\u00e9g\u0171, rugalmas \u00e9s puha anyagb\u00f3l k\u00e9sz\u00fclt, amely garant\u00e1ltan nem \u00e1tl\u00e1tsz\u00f3.\" \/>\n<meta property=\"og:url\" content=\"https:\/\/fashionuniversum.com\/?product=olavoga-tripli-leggings\" \/>\n<meta property=\"og:site_name\" content=\"Fashion Universum\" \/>\n<meta property=\"article:modified_time\" content=\"2026-03-09T16:00:41+00:00\" \/>\n<meta property=\"og:image\" content=\"https:\/\/fashionuniversum.com\/wp-content\/uploads\/2026\/01\/legginsy-TRIPLI-864.jpeg\" \/>\n\t<meta property=\"og:image:width\" content=\"1400\" \/>\n\t<meta property=\"og:image:height\" content=\"1867\" \/>\n\t<meta property=\"og:image:type\" content=\"image\/jpeg\" \/>\n<meta name=\"twitter:card\" content=\"summary_large_image\" \/>\n<meta name=\"twitter:label1\" content=\"Becs\u00fclt olvas\u00e1si id\u0151\" \/>\n\t<meta name=\"twitter:data1\" content=\"1 perc\" \/>\n<script type=\"application\/ld+json\" class=\"yoast-schema-graph\">{\"@context\":\"https:\/\/schema.org\",\"@graph\":[{\"@type\":\"WebPage\",\"@id\":\"https:\/\/fashionuniversum.com\/?product=olavoga-tripli-leggings\",\"url\":\"https:\/\/fashionuniversum.com\/?product=olavoga-tripli-leggings\",\"name\":\"OLAVOGA TRIPLI leggings - Fashion Universum\",\"isPartOf\":{\"@id\":\"https:\/\/fashionuniversum.com\/#website\"},\"primaryImageOfPage\":{\"@id\":\"https:\/\/fashionuniversum.com\/?product=olavoga-tripli-leggings#primaryimage\"},\"image\":{\"@id\":\"https:\/\/fashionuniversum.com\/?product=olavoga-tripli-leggings#primaryimage\"},\"thumbnailUrl\":\"https:\/\/fashionuniversum.com\/wp-content\/uploads\/2026\/01\/legginsy-TRIPLI-864.jpeg\",\"datePublished\":\"2026-01-22T14:12:58+00:00\",\"dateModified\":\"2026-03-09T16:00:41+00:00\",\"description\":\"OLAVOGA TRIPLI leggings. Ez a t\u00f6k\u00e9letesen illeszked\u0151 leggings pr\u00e9mium min\u0151s\u00e9g\u0171, rugalmas \u00e9s puha anyagb\u00f3l k\u00e9sz\u00fclt, amely garant\u00e1ltan nem \u00e1tl\u00e1tsz\u00f3.\",\"breadcrumb\":{\"@id\":\"https:\/\/fashionuniversum.com\/?product=olavoga-tripli-leggings#breadcrumb\"},\"inLanguage\":\"hu\",\"potentialAction\":[{\"@type\":\"ReadAction\",\"target\":[\"https:\/\/fashionuniversum.com\/?product=olavoga-tripli-leggings\"]}]},{\"@type\":\"ImageObject\",\"inLanguage\":\"hu\",\"@id\":\"https:\/\/fashionuniversum.com\/?product=olavoga-tripli-leggings#primaryimage\",\"url\":\"https:\/\/fashionuniversum.com\/wp-content\/uploads\/2026\/01\/legginsy-TRIPLI-864.jpeg\",\"contentUrl\":\"https:\/\/fashionuniversum.com\/wp-content\/uploads\/2026\/01\/legginsy-TRIPLI-864.jpeg\",\"width\":1400,\"height\":1867,\"caption\":\"OLAVOGA TRIPLI leggings\"},{\"@type\":\"BreadcrumbList\",\"@id\":\"https:\/\/fashionuniversum.com\/?product=olavoga-tripli-leggings#breadcrumb\",\"itemListElement\":[{\"@type\":\"ListItem\",\"position\":1,\"name\":\"Kezd\u0151lap\",\"item\":\"https:\/\/fashionuniversum.com\/\"},{\"@type\":\"ListItem\",\"position\":2,\"name\":\"Kezd\u0151lap\",\"item\":\"https:\/\/fashionuniversum.com\/\"},{\"@type\":\"ListItem\",\"position\":3,\"name\":\"OLAVOGA TRIPLI leggings\"}]},{\"@type\":\"WebSite\",\"@id\":\"https:\/\/fashionuniversum.com\/#website\",\"url\":\"https:\/\/fashionuniversum.com\/\",\"name\":\"Fashion Universum\",\"description\":\"\",\"publisher\":{\"@id\":\"https:\/\/fashionuniversum.com\/#organization\"},\"potentialAction\":[{\"@type\":\"SearchAction\",\"target\":{\"@type\":\"EntryPoint\",\"urlTemplate\":\"https:\/\/fashionuniversum.com\/?s={search_term_string}\"},\"query-input\":{\"@type\":\"PropertyValueSpecification\",\"valueRequired\":true,\"valueName\":\"search_term_string\"}}],\"inLanguage\":\"hu\"},{\"@type\":\"Organization\",\"@id\":\"https:\/\/fashionuniversum.com\/#organization\",\"name\":\"Fashion Universum\",\"url\":\"https:\/\/fashionuniversum.com\/\",\"logo\":{\"@type\":\"ImageObject\",\"inLanguage\":\"hu\",\"@id\":\"https:\/\/fashionuniversum.com\/#\/schema\/logo\/image\/\",\"url\":\"https:\/\/fashionuniversum.com\/wp-content\/uploads\/2026\/02\/cropped-cropped-imaaage.jpg\",\"contentUrl\":\"https:\/\/fashionuniversum.com\/wp-content\/uploads\/2026\/02\/cropped-cropped-imaaage.jpg\",\"width\":1389,\"height\":285,\"caption\":\"Fashion Universum\"},\"image\":{\"@id\":\"https:\/\/fashionuniversum.com\/#\/schema\/logo\/image\/\"}}]}<\/script>\n<!-- \/ Yoast SEO plugin. -->","yoast_head_json":{"title":"OLAVOGA TRIPLI leggings - Fashion Universum","description":"OLAVOGA TRIPLI leggings. Ez a t\u00f6k\u00e9letesen illeszked\u0151 leggings pr\u00e9mium min\u0151s\u00e9g\u0171, rugalmas \u00e9s puha anyagb\u00f3l k\u00e9sz\u00fclt, amely garant\u00e1ltan nem \u00e1tl\u00e1tsz\u00f3.","robots":{"index":"index","follow":"follow","max-snippet":"max-snippet:-1","max-image-preview":"max-image-preview:large","max-video-preview":"max-video-preview:-1"},"canonical":"https:\/\/fashionuniversum.com\/?product=olavoga-tripli-leggings","og_locale":"hu_HU","og_type":"article","og_title":"OLAVOGA TRIPLI leggings - Fashion Universum","og_description":"OLAVOGA TRIPLI leggings. Ez a t\u00f6k\u00e9letesen illeszked\u0151 leggings pr\u00e9mium min\u0151s\u00e9g\u0171, rugalmas \u00e9s puha anyagb\u00f3l k\u00e9sz\u00fclt, amely garant\u00e1ltan nem \u00e1tl\u00e1tsz\u00f3.","og_url":"https:\/\/fashionuniversum.com\/?product=olavoga-tripli-leggings","og_site_name":"Fashion Universum","article_modified_time":"2026-03-09T16:00:41+00:00","og_image":[{"width":1400,"height":1867,"url":"https:\/\/fashionuniversum.com\/wp-content\/uploads\/2026\/01\/legginsy-TRIPLI-864.jpeg","type":"image\/jpeg"}],"twitter_card":"summary_large_image","twitter_misc":{"Becs\u00fclt olvas\u00e1si id\u0151":"1 perc"},"schema":{"@context":"https:\/\/schema.org","@graph":[{"@type":"WebPage","@id":"https:\/\/fashionuniversum.com\/?product=olavoga-tripli-leggings","url":"https:\/\/fashionuniversum.com\/?product=olavoga-tripli-leggings","name":"OLAVOGA TRIPLI leggings - Fashion Universum","isPartOf":{"@id":"https:\/\/fashionuniversum.com\/#website"},"primaryImageOfPage":{"@id":"https:\/\/fashionuniversum.com\/?product=olavoga-tripli-leggings#primaryimage"},"image":{"@id":"https:\/\/fashionuniversum.com\/?product=olavoga-tripli-leggings#primaryimage"},"thumbnailUrl":"https:\/\/fashionuniversum.com\/wp-content\/uploads\/2026\/01\/legginsy-TRIPLI-864.jpeg","datePublished":"2026-01-22T14:12:58+00:00","dateModified":"2026-03-09T16:00:41+00:00","description":"OLAVOGA TRIPLI leggings. Ez a t\u00f6k\u00e9letesen illeszked\u0151 leggings pr\u00e9mium min\u0151s\u00e9g\u0171, rugalmas \u00e9s puha anyagb\u00f3l k\u00e9sz\u00fclt, amely garant\u00e1ltan nem \u00e1tl\u00e1tsz\u00f3.","breadcrumb":{"@id":"https:\/\/fashionuniversum.com\/?product=olavoga-tripli-leggings#breadcrumb"},"inLanguage":"hu","potentialAction":[{"@type":"ReadAction","target":["https:\/\/fashionuniversum.com\/?product=olavoga-tripli-leggings"]}]},{"@type":"ImageObject","inLanguage":"hu","@id":"https:\/\/fashionuniversum.com\/?product=olavoga-tripli-leggings#primaryimage","url":"https:\/\/fashionuniversum.com\/wp-content\/uploads\/2026\/01\/legginsy-TRIPLI-864.jpeg","contentUrl":"https:\/\/fashionuniversum.com\/wp-content\/uploads\/2026\/01\/legginsy-TRIPLI-864.jpeg","width":1400,"height":1867,"caption":"OLAVOGA TRIPLI leggings"},{"@type":"BreadcrumbList","@id":"https:\/\/fashionuniversum.com\/?product=olavoga-tripli-leggings#breadcrumb","itemListElement":[{"@type":"ListItem","position":1,"name":"Kezd\u0151lap","item":"https:\/\/fashionuniversum.com\/"},{"@type":"ListItem","position":2,"name":"Kezd\u0151lap","item":"https:\/\/fashionuniversum.com\/"},{"@type":"ListItem","position":3,"name":"OLAVOGA TRIPLI leggings"}]},{"@type":"WebSite","@id":"https:\/\/fashionuniversum.com\/#website","url":"https:\/\/fashionuniversum.com\/","name":"Fashion Universum","description":"","publisher":{"@id":"https:\/\/fashionuniversum.com\/#organization"},"potentialAction":[{"@type":"SearchAction","target":{"@type":"EntryPoint","urlTemplate":"https:\/\/fashionuniversum.com\/?s={search_term_string}"},"query-input":{"@type":"PropertyValueSpecification","valueRequired":true,"valueName":"search_term_string"}}],"inLanguage":"hu"},{"@type":"Organization","@id":"https:\/\/fashionuniversum.com\/#organization","name":"Fashion Universum","url":"https:\/\/fashionuniversum.com\/","logo":{"@type":"ImageObject","inLanguage":"hu","@id":"https:\/\/fashionuniversum.com\/#\/schema\/logo\/image\/","url":"https:\/\/fashionuniversum.com\/wp-content\/uploads\/2026\/02\/cropped-cropped-imaaage.jpg","contentUrl":"https:\/\/fashionuniversum.com\/wp-content\/uploads\/2026\/02\/cropped-cropped-imaaage.jpg","width":1389,"height":285,"caption":"Fashion Universum"},"image":{"@id":"https:\/\/fashionuniversum.com\/#\/schema\/logo\/image\/"}}]}},"_links":{"self":[{"href":"https:\/\/fashionuniversum.com\/index.php?rest_route=\/wp\/v2\/product\/2325","targetHints":{"allow":["GET"]}}],"collection":[{"href":"https:\/\/fashionuniversum.com\/index.php?rest_route=\/wp\/v2\/product"}],"about":[{"href":"https:\/\/fashionuniversum.com\/index.php?rest_route=\/wp\/v2\/types\/product"}],"wp:featuredmedia":[{"embeddable":true,"href":"https:\/\/fashionuniversum.com\/index.php?rest_route=\/wp\/v2\/media\/2351"}],"wp:attachment":[{"href":"https:\/\/fashionuniversum.com\/index.php?rest_route=%2Fwp%2Fv2%2Fmedia&parent=2325"}],"wp:term":[{"taxonomy":"product_brand","embeddable":true,"href":"https:\/\/fashionuniversum.com\/index.php?rest_route=%2Fwp%2Fv2%2Fproduct_brand&post=2325"},{"taxonomy":"product_cat","embeddable":true,"href":"https:\/\/fashionuniversum.com\/index.php?rest_route=%2Fwp%2Fv2%2Fproduct_cat&post=2325"},{"taxonomy":"product_tag","embeddable":true,"href":"https:\/\/fashionuniversum.com\/index.php?rest_route=%2Fwp%2Fv2%2Fproduct_tag&post=2325"}],"curies":[{"name":"wp","href":"https:\/\/api.w.org\/{rel}","templated":true}]}}