{"id":2281,"date":"2026-01-22T14:12:36","date_gmt":"2026-01-22T14:12:36","guid":{"rendered":"https:\/\/fashionuniversum.com\/?post_type=product&#038;p=2281"},"modified":"2026-03-14T19:39:28","modified_gmt":"2026-03-14T19:39:28","slug":"olavoga-lumier-ruha-2","status":"publish","type":"product","link":"https:\/\/fashionuniversum.com\/?product=olavoga-lumier-ruha-2","title":{"rendered":"OLAVOGA LUMIER ruha"},"content":{"rendered":"<p>OLAVOGA LUMIER ruha<\/p>\n<p><strong>T\u00f6k\u00e9letesen testhez\u00e1ll\u00f3 ruha hossz\u00fa ujjakkal \u00e9s magas \u00e1ll\u00f3gall\u00e9rral.<\/strong><br \/>\nMagas min\u0151s\u00e9g\u0171, rugalmas, <strong>f\u00e9nyes hat\u00e1s\u00fa<\/strong> anyagb\u00f3l k\u00e9sz\u00fclt. A modell teljes hossz\u00e1ban l\u00e1tv\u00e1nyos <strong>r\u00e1ncol\u00e1ssal<\/strong> d\u00edsz\u00edtett. El\u00f6l a <strong>m\u00e1rka OLAVOGA log\u00f3s c\u00edmk\u00e9je<\/strong> tal\u00e1lhat\u00f3.<\/p>\n<p><strong>\u00d6sszet\u00e9tel:<\/strong> 95% pamut, 5% elaszt\u00e1n<\/p>\n<p><strong>El\u00e9rhet\u0151 m\u00e9retek: S, M<\/strong><br \/>\n<i>A ruhadarabokat fektetve m\u00e9rik, \u00edgy a m\u00e9retek \u00b12 cm-rel elt\u00e9rhetnek.<\/i><\/p>\n<figure class=\"table\">\n<table>\n<thead>\n<tr>\n<th>M\u00e9ret<\/th>\n<th>Teljes hossz<\/th>\n<th>Mellb\u0151s\u00e9g (ny\u00falik +23 cm)<\/th>\n<th>Der\u00e9kb\u0151s\u00e9g (ny\u00falik +8 cm)<\/th>\n<th>Cs\u00edp\u0151b\u0151s\u00e9g (ny\u00falik +21 cm)<\/th>\n<th>K\u00fcls\u0151 ujjhossz<\/th>\n<th>Bels\u0151 ujjhossz<\/th>\n<th>Ujjb\u0151s\u00e9g (ny\u00falik +7 cm)<\/th>\n<\/tr>\n<\/thead>\n<tbody>\n<tr>\n<td>S<\/td>\n<td>82 cm<\/td>\n<td>74 cm<\/td>\n<td>58 cm<\/td>\n<td>62 cm<\/td>\n<td>65 cm<\/td>\n<td>47 cm<\/td>\n<td>21 cm<\/td>\n<\/tr>\n<tr>\n<td>M<\/td>\n<td>83 cm<\/td>\n<td>76 cm<\/td>\n<td>60 cm<\/td>\n<td>64 cm<\/td>\n<td>66 cm<\/td>\n<td>48 cm<\/td>\n<td>23 cm<\/td>\n<\/tr>\n<\/tbody>\n<\/table>\n<\/figure>\n","protected":false},"excerpt":{"rendered":"<p>OLAVOGA LUMIER ruha T\u00f6k\u00e9letesen testhez\u00e1ll\u00f3 ruha hossz\u00fa ujjakkal \u00e9s magas \u00e1ll\u00f3gall\u00e9rral. Magas min\u0151s\u00e9g\u0171, rugalmas, f\u00e9nyes hat\u00e1s\u00fa anyagb\u00f3l k\u00e9sz\u00fclt. A modell teljes hossz\u00e1ban l\u00e1tv\u00e1nyos r\u00e1ncol\u00e1ssal d\u00edsz\u00edtett. &hellip; <\/p>\n","protected":false},"featured_media":2308,"template":"","meta":[],"product_brand":[78],"product_cat":[19,28,25,57],"product_tag":[],"class_list":{"0":"post-2281","1":"product","2":"type-product","3":"status-publish","4":"has-post-thumbnail","6":"product_brand-olavoga","7":"product_cat-markak","8":"product_cat-olavoga","9":"product_cat-noi-ruhazat-hu","10":"product_cat-ruhak-tunikak","12":"first","13":"instock","14":"shipping-taxable","15":"purchasable","16":"product-type-variable"},"yoast_head":"<!-- This site is optimized with the Yoast SEO plugin v26.7 - https:\/\/yoast.com\/wordpress\/plugins\/seo\/ -->\n<title>OLAVOGA LUMIER ruha - Fashion Universum<\/title>\n<meta name=\"description\" content=\"OLAVOGA LUMIER ruha. T\u00f6k\u00e9letesen testhez\u00e1ll\u00f3 ruha hossz\u00fa ujjakkal \u00e9s magas \u00e1ll\u00f3gall\u00e9rral. Magas min\u0151s\u00e9g\u0171, rugalmas, f\u00e9nyes hat\u00e1s\u00fa anyagb\u00f3l k\u00e9sz\u00fclt.\" \/>\n<meta name=\"robots\" content=\"index, follow, max-snippet:-1, max-image-preview:large, max-video-preview:-1\" \/>\n<link rel=\"canonical\" href=\"https:\/\/fashionuniversum.com\/?product=olavoga-lumier-ruha-2\" \/>\n<meta property=\"og:locale\" content=\"hu_HU\" \/>\n<meta property=\"og:type\" content=\"article\" \/>\n<meta property=\"og:title\" content=\"OLAVOGA LUMIER ruha - Fashion Universum\" \/>\n<meta property=\"og:description\" content=\"OLAVOGA LUMIER ruha. T\u00f6k\u00e9letesen testhez\u00e1ll\u00f3 ruha hossz\u00fa ujjakkal \u00e9s magas \u00e1ll\u00f3gall\u00e9rral. Magas min\u0151s\u00e9g\u0171, rugalmas, f\u00e9nyes hat\u00e1s\u00fa anyagb\u00f3l k\u00e9sz\u00fclt.\" \/>\n<meta property=\"og:url\" content=\"https:\/\/fashionuniversum.com\/?product=olavoga-lumier-ruha-2\" \/>\n<meta property=\"og:site_name\" content=\"Fashion Universum\" \/>\n<meta property=\"article:modified_time\" content=\"2026-03-14T19:39:28+00:00\" \/>\n<meta property=\"og:image\" content=\"https:\/\/fashionuniversum.com\/wp-content\/uploads\/2026\/01\/sukienka-LUMIER-401.jpg\" \/>\n\t<meta property=\"og:image:width\" content=\"1400\" \/>\n\t<meta property=\"og:image:height\" content=\"1866\" \/>\n\t<meta property=\"og:image:type\" content=\"image\/jpeg\" \/>\n<meta name=\"twitter:card\" content=\"summary_large_image\" \/>\n<meta name=\"twitter:label1\" content=\"Becs\u00fclt olvas\u00e1si id\u0151\" \/>\n\t<meta name=\"twitter:data1\" content=\"1 perc\" \/>\n<script type=\"application\/ld+json\" class=\"yoast-schema-graph\">{\"@context\":\"https:\/\/schema.org\",\"@graph\":[{\"@type\":\"WebPage\",\"@id\":\"https:\/\/fashionuniversum.com\/?product=olavoga-lumier-ruha-2\",\"url\":\"https:\/\/fashionuniversum.com\/?product=olavoga-lumier-ruha-2\",\"name\":\"OLAVOGA LUMIER ruha - Fashion Universum\",\"isPartOf\":{\"@id\":\"https:\/\/fashionuniversum.com\/#website\"},\"primaryImageOfPage\":{\"@id\":\"https:\/\/fashionuniversum.com\/?product=olavoga-lumier-ruha-2#primaryimage\"},\"image\":{\"@id\":\"https:\/\/fashionuniversum.com\/?product=olavoga-lumier-ruha-2#primaryimage\"},\"thumbnailUrl\":\"https:\/\/fashionuniversum.com\/wp-content\/uploads\/2026\/01\/sukienka-LUMIER-401.jpg\",\"datePublished\":\"2026-01-22T14:12:36+00:00\",\"dateModified\":\"2026-03-14T19:39:28+00:00\",\"description\":\"OLAVOGA LUMIER ruha. T\u00f6k\u00e9letesen testhez\u00e1ll\u00f3 ruha hossz\u00fa ujjakkal \u00e9s magas \u00e1ll\u00f3gall\u00e9rral. Magas min\u0151s\u00e9g\u0171, rugalmas, f\u00e9nyes hat\u00e1s\u00fa anyagb\u00f3l k\u00e9sz\u00fclt.\",\"breadcrumb\":{\"@id\":\"https:\/\/fashionuniversum.com\/?product=olavoga-lumier-ruha-2#breadcrumb\"},\"inLanguage\":\"hu\",\"potentialAction\":[{\"@type\":\"ReadAction\",\"target\":[\"https:\/\/fashionuniversum.com\/?product=olavoga-lumier-ruha-2\"]}]},{\"@type\":\"ImageObject\",\"inLanguage\":\"hu\",\"@id\":\"https:\/\/fashionuniversum.com\/?product=olavoga-lumier-ruha-2#primaryimage\",\"url\":\"https:\/\/fashionuniversum.com\/wp-content\/uploads\/2026\/01\/sukienka-LUMIER-401.jpg\",\"contentUrl\":\"https:\/\/fashionuniversum.com\/wp-content\/uploads\/2026\/01\/sukienka-LUMIER-401.jpg\",\"width\":1400,\"height\":1866,\"caption\":\"OLAVOGA LUMIER ruha\"},{\"@type\":\"BreadcrumbList\",\"@id\":\"https:\/\/fashionuniversum.com\/?product=olavoga-lumier-ruha-2#breadcrumb\",\"itemListElement\":[{\"@type\":\"ListItem\",\"position\":1,\"name\":\"Kezd\u0151lap\",\"item\":\"https:\/\/fashionuniversum.com\/\"},{\"@type\":\"ListItem\",\"position\":2,\"name\":\"Kezd\u0151lap\",\"item\":\"https:\/\/fashionuniversum.com\/\"},{\"@type\":\"ListItem\",\"position\":3,\"name\":\"OLAVOGA LUMIER ruha\"}]},{\"@type\":\"WebSite\",\"@id\":\"https:\/\/fashionuniversum.com\/#website\",\"url\":\"https:\/\/fashionuniversum.com\/\",\"name\":\"Fashion Universum\",\"description\":\"\",\"publisher\":{\"@id\":\"https:\/\/fashionuniversum.com\/#organization\"},\"potentialAction\":[{\"@type\":\"SearchAction\",\"target\":{\"@type\":\"EntryPoint\",\"urlTemplate\":\"https:\/\/fashionuniversum.com\/?s={search_term_string}\"},\"query-input\":{\"@type\":\"PropertyValueSpecification\",\"valueRequired\":true,\"valueName\":\"search_term_string\"}}],\"inLanguage\":\"hu\"},{\"@type\":\"Organization\",\"@id\":\"https:\/\/fashionuniversum.com\/#organization\",\"name\":\"Fashion Universum\",\"url\":\"https:\/\/fashionuniversum.com\/\",\"logo\":{\"@type\":\"ImageObject\",\"inLanguage\":\"hu\",\"@id\":\"https:\/\/fashionuniversum.com\/#\/schema\/logo\/image\/\",\"url\":\"https:\/\/fashionuniversum.com\/wp-content\/uploads\/2026\/02\/cropped-cropped-imaaage.jpg\",\"contentUrl\":\"https:\/\/fashionuniversum.com\/wp-content\/uploads\/2026\/02\/cropped-cropped-imaaage.jpg\",\"width\":1389,\"height\":285,\"caption\":\"Fashion Universum\"},\"image\":{\"@id\":\"https:\/\/fashionuniversum.com\/#\/schema\/logo\/image\/\"}}]}<\/script>\n<!-- \/ Yoast SEO plugin. -->","yoast_head_json":{"title":"OLAVOGA LUMIER ruha - Fashion Universum","description":"OLAVOGA LUMIER ruha. T\u00f6k\u00e9letesen testhez\u00e1ll\u00f3 ruha hossz\u00fa ujjakkal \u00e9s magas \u00e1ll\u00f3gall\u00e9rral. Magas min\u0151s\u00e9g\u0171, rugalmas, f\u00e9nyes hat\u00e1s\u00fa anyagb\u00f3l k\u00e9sz\u00fclt.","robots":{"index":"index","follow":"follow","max-snippet":"max-snippet:-1","max-image-preview":"max-image-preview:large","max-video-preview":"max-video-preview:-1"},"canonical":"https:\/\/fashionuniversum.com\/?product=olavoga-lumier-ruha-2","og_locale":"hu_HU","og_type":"article","og_title":"OLAVOGA LUMIER ruha - Fashion Universum","og_description":"OLAVOGA LUMIER ruha. T\u00f6k\u00e9letesen testhez\u00e1ll\u00f3 ruha hossz\u00fa ujjakkal \u00e9s magas \u00e1ll\u00f3gall\u00e9rral. Magas min\u0151s\u00e9g\u0171, rugalmas, f\u00e9nyes hat\u00e1s\u00fa anyagb\u00f3l k\u00e9sz\u00fclt.","og_url":"https:\/\/fashionuniversum.com\/?product=olavoga-lumier-ruha-2","og_site_name":"Fashion Universum","article_modified_time":"2026-03-14T19:39:28+00:00","og_image":[{"width":1400,"height":1866,"url":"https:\/\/fashionuniversum.com\/wp-content\/uploads\/2026\/01\/sukienka-LUMIER-401.jpg","type":"image\/jpeg"}],"twitter_card":"summary_large_image","twitter_misc":{"Becs\u00fclt olvas\u00e1si id\u0151":"1 perc"},"schema":{"@context":"https:\/\/schema.org","@graph":[{"@type":"WebPage","@id":"https:\/\/fashionuniversum.com\/?product=olavoga-lumier-ruha-2","url":"https:\/\/fashionuniversum.com\/?product=olavoga-lumier-ruha-2","name":"OLAVOGA LUMIER ruha - Fashion Universum","isPartOf":{"@id":"https:\/\/fashionuniversum.com\/#website"},"primaryImageOfPage":{"@id":"https:\/\/fashionuniversum.com\/?product=olavoga-lumier-ruha-2#primaryimage"},"image":{"@id":"https:\/\/fashionuniversum.com\/?product=olavoga-lumier-ruha-2#primaryimage"},"thumbnailUrl":"https:\/\/fashionuniversum.com\/wp-content\/uploads\/2026\/01\/sukienka-LUMIER-401.jpg","datePublished":"2026-01-22T14:12:36+00:00","dateModified":"2026-03-14T19:39:28+00:00","description":"OLAVOGA LUMIER ruha. T\u00f6k\u00e9letesen testhez\u00e1ll\u00f3 ruha hossz\u00fa ujjakkal \u00e9s magas \u00e1ll\u00f3gall\u00e9rral. Magas min\u0151s\u00e9g\u0171, rugalmas, f\u00e9nyes hat\u00e1s\u00fa anyagb\u00f3l k\u00e9sz\u00fclt.","breadcrumb":{"@id":"https:\/\/fashionuniversum.com\/?product=olavoga-lumier-ruha-2#breadcrumb"},"inLanguage":"hu","potentialAction":[{"@type":"ReadAction","target":["https:\/\/fashionuniversum.com\/?product=olavoga-lumier-ruha-2"]}]},{"@type":"ImageObject","inLanguage":"hu","@id":"https:\/\/fashionuniversum.com\/?product=olavoga-lumier-ruha-2#primaryimage","url":"https:\/\/fashionuniversum.com\/wp-content\/uploads\/2026\/01\/sukienka-LUMIER-401.jpg","contentUrl":"https:\/\/fashionuniversum.com\/wp-content\/uploads\/2026\/01\/sukienka-LUMIER-401.jpg","width":1400,"height":1866,"caption":"OLAVOGA LUMIER ruha"},{"@type":"BreadcrumbList","@id":"https:\/\/fashionuniversum.com\/?product=olavoga-lumier-ruha-2#breadcrumb","itemListElement":[{"@type":"ListItem","position":1,"name":"Kezd\u0151lap","item":"https:\/\/fashionuniversum.com\/"},{"@type":"ListItem","position":2,"name":"Kezd\u0151lap","item":"https:\/\/fashionuniversum.com\/"},{"@type":"ListItem","position":3,"name":"OLAVOGA LUMIER ruha"}]},{"@type":"WebSite","@id":"https:\/\/fashionuniversum.com\/#website","url":"https:\/\/fashionuniversum.com\/","name":"Fashion Universum","description":"","publisher":{"@id":"https:\/\/fashionuniversum.com\/#organization"},"potentialAction":[{"@type":"SearchAction","target":{"@type":"EntryPoint","urlTemplate":"https:\/\/fashionuniversum.com\/?s={search_term_string}"},"query-input":{"@type":"PropertyValueSpecification","valueRequired":true,"valueName":"search_term_string"}}],"inLanguage":"hu"},{"@type":"Organization","@id":"https:\/\/fashionuniversum.com\/#organization","name":"Fashion Universum","url":"https:\/\/fashionuniversum.com\/","logo":{"@type":"ImageObject","inLanguage":"hu","@id":"https:\/\/fashionuniversum.com\/#\/schema\/logo\/image\/","url":"https:\/\/fashionuniversum.com\/wp-content\/uploads\/2026\/02\/cropped-cropped-imaaage.jpg","contentUrl":"https:\/\/fashionuniversum.com\/wp-content\/uploads\/2026\/02\/cropped-cropped-imaaage.jpg","width":1389,"height":285,"caption":"Fashion Universum"},"image":{"@id":"https:\/\/fashionuniversum.com\/#\/schema\/logo\/image\/"}}]}},"_links":{"self":[{"href":"https:\/\/fashionuniversum.com\/index.php?rest_route=\/wp\/v2\/product\/2281","targetHints":{"allow":["GET"]}}],"collection":[{"href":"https:\/\/fashionuniversum.com\/index.php?rest_route=\/wp\/v2\/product"}],"about":[{"href":"https:\/\/fashionuniversum.com\/index.php?rest_route=\/wp\/v2\/types\/product"}],"wp:featuredmedia":[{"embeddable":true,"href":"https:\/\/fashionuniversum.com\/index.php?rest_route=\/wp\/v2\/media\/2308"}],"wp:attachment":[{"href":"https:\/\/fashionuniversum.com\/index.php?rest_route=%2Fwp%2Fv2%2Fmedia&parent=2281"}],"wp:term":[{"taxonomy":"product_brand","embeddable":true,"href":"https:\/\/fashionuniversum.com\/index.php?rest_route=%2Fwp%2Fv2%2Fproduct_brand&post=2281"},{"taxonomy":"product_cat","embeddable":true,"href":"https:\/\/fashionuniversum.com\/index.php?rest_route=%2Fwp%2Fv2%2Fproduct_cat&post=2281"},{"taxonomy":"product_tag","embeddable":true,"href":"https:\/\/fashionuniversum.com\/index.php?rest_route=%2Fwp%2Fv2%2Fproduct_tag&post=2281"}],"curies":[{"name":"wp","href":"https:\/\/api.w.org\/{rel}","templated":true}]}}