{"id":2234,"date":"2026-01-22T14:12:21","date_gmt":"2026-01-22T14:12:21","guid":{"rendered":"https:\/\/fashionuniversum.com\/?post_type=product&#038;p=2234"},"modified":"2026-03-02T12:42:06","modified_gmt":"2026-03-02T12:42:06","slug":"olavoga-corefield-felso-2","status":"publish","type":"product","link":"https:\/\/fashionuniversum.com\/?product=olavoga-corefield-felso-2","title":{"rendered":"OLAVOGA COREFIELD fels\u0151"},"content":{"rendered":"<p>OLAVOGA COREFIELD fels\u0151<\/p>\n<p><strong>K\u00e9nyelmes, rugalmas fels\u0151 magas\u00edtott gall\u00e9rral, testhez simul\u00f3 szab\u00e1ssal.<\/strong><br \/>\nKiv\u00e1l\u00f3 min\u0151s\u00e9g\u0171, sima \u00e9s rugalmas anyagb\u00f3l k\u00e9sz\u00fclt. Az eg\u00e9sz ruhadarabot az OLAVOGA log\u00f3ja d\u00edsz\u00edti. A hossz\u00fa ujjak praktikus h\u00fcvelykujj-kiv\u00e1g\u00e1ssal k\u00e9sz\u00fcltek.<\/p>\n<p><strong>\u00d6sszet\u00e9tel:<\/strong> 80% nylon, 20% spandex<\/p>\n<p><strong>El\u00e9rhet\u0151 m\u00e9retek:<\/strong> S, M, L<br \/>\n<strong>M\u00e9rett\u00e1bl\u00e1zat (cm) \u2013 fektetve m\u00e9rve:<\/strong><\/p>\n<p><strong>S<\/strong><br \/>\n\u2022 Teljes hossz: 45 cm<br \/>\n\u2022 Mellb\u0151s\u00e9g (az anyag ak\u00e1r +38 cm-t is enged): 84 cm<br \/>\n\u2022 K\u00fcls\u0151 ujjhossz: 65 cm<br \/>\n\u2022 Bels\u0151 ujjhossz: 55 cm<\/p>\n<p><strong>M<\/strong><br \/>\n\u2022 Teljes hossz: 46 cm<br \/>\n\u2022 Mellb\u0151s\u00e9g: 86 cm<br \/>\n\u2022 K\u00fcls\u0151 ujjhossz: 66 cm<br \/>\n\u2022 Bels\u0151 ujjhossz: 56 cm<\/p>\n<p><strong>L<\/strong><br \/>\n\u2022 Teljes hossz: 47 cm<br \/>\n\u2022 Mellb\u0151s\u00e9g: 88 cm<br \/>\n\u2022 K\u00fcls\u0151 ujjhossz: 67 cm<br \/>\n\u2022 Bels\u0151 ujjhossz: 57 cm<\/p>\n<p><i>A ruhadarabokat fektetve m\u00e9rik, ez\u00e9rt a m\u00e9retek \u00b12 cm-rel elt\u00e9rhetnek.<\/i><\/p>\n","protected":false},"excerpt":{"rendered":"<p>OLAVOGA COREFIELD fels\u0151 K\u00e9nyelmes, rugalmas fels\u0151 magas\u00edtott gall\u00e9rral, testhez simul\u00f3 szab\u00e1ssal. Kiv\u00e1l\u00f3 min\u0151s\u00e9g\u0171, sima \u00e9s rugalmas anyagb\u00f3l k\u00e9sz\u00fclt. Az eg\u00e9sz ruhadarabot az OLAVOGA log\u00f3ja d\u00edsz\u00edti. &hellip; <\/p>\n","protected":false},"featured_media":2260,"template":"","meta":[],"product_brand":[78],"product_cat":[16,19,28,25,40],"product_tag":[],"class_list":{"0":"post-2234","1":"product","2":"type-product","3":"status-publish","4":"has-post-thumbnail","6":"product_brand-olavoga","7":"product_cat-akcios-termekek","8":"product_cat-markak","9":"product_cat-olavoga","10":"product_cat-noi-ruhazat-hu","11":"product_cat-felsok-body-k","13":"first","14":"instock","15":"sale","16":"shipping-taxable","17":"purchasable","18":"product-type-variable"},"yoast_head":"<!-- This site is optimized with the Yoast SEO plugin v26.7 - https:\/\/yoast.com\/wordpress\/plugins\/seo\/ -->\n<title>OLAVOGA COREFIELD fels\u0151 - Fashion Universum<\/title>\n<meta name=\"description\" content=\"OLAVOGA COREFIELD fels\u0151. K\u00e9nyelmes, rugalmas fels\u0151 magas\u00edtott gall\u00e9rral, testhez simul\u00f3 szab\u00e1ssal.Kiv\u00e1l\u00f3 min\u0151s\u00e9g\u0171, sima \u00e9s rugalmas anyagb\u00f3l k\u00e9sz\u00fclt.\" \/>\n<meta name=\"robots\" content=\"index, follow, max-snippet:-1, max-image-preview:large, max-video-preview:-1\" \/>\n<link rel=\"canonical\" href=\"https:\/\/fashionuniversum.com\/?product=olavoga-corefield-felso-2\" \/>\n<meta property=\"og:locale\" content=\"hu_HU\" \/>\n<meta property=\"og:type\" content=\"article\" \/>\n<meta property=\"og:title\" content=\"OLAVOGA COREFIELD fels\u0151 - Fashion Universum\" \/>\n<meta property=\"og:description\" content=\"OLAVOGA COREFIELD fels\u0151. K\u00e9nyelmes, rugalmas fels\u0151 magas\u00edtott gall\u00e9rral, testhez simul\u00f3 szab\u00e1ssal.Kiv\u00e1l\u00f3 min\u0151s\u00e9g\u0171, sima \u00e9s rugalmas anyagb\u00f3l k\u00e9sz\u00fclt.\" \/>\n<meta property=\"og:url\" content=\"https:\/\/fashionuniversum.com\/?product=olavoga-corefield-felso-2\" \/>\n<meta property=\"og:site_name\" content=\"Fashion Universum\" \/>\n<meta property=\"article:modified_time\" content=\"2026-03-02T12:42:06+00:00\" \/>\n<meta property=\"og:image\" content=\"https:\/\/fashionuniversum.com\/wp-content\/uploads\/2026\/01\/bluzka-COREFIELD-279.jpg\" \/>\n\t<meta property=\"og:image:width\" content=\"1400\" \/>\n\t<meta property=\"og:image:height\" content=\"1867\" \/>\n\t<meta property=\"og:image:type\" content=\"image\/jpeg\" \/>\n<meta name=\"twitter:card\" content=\"summary_large_image\" \/>\n<meta name=\"twitter:label1\" content=\"Becs\u00fclt olvas\u00e1si id\u0151\" \/>\n\t<meta name=\"twitter:data1\" content=\"1 perc\" \/>\n<script type=\"application\/ld+json\" class=\"yoast-schema-graph\">{\"@context\":\"https:\/\/schema.org\",\"@graph\":[{\"@type\":\"WebPage\",\"@id\":\"https:\/\/fashionuniversum.com\/?product=olavoga-corefield-felso-2\",\"url\":\"https:\/\/fashionuniversum.com\/?product=olavoga-corefield-felso-2\",\"name\":\"OLAVOGA COREFIELD fels\u0151 - Fashion Universum\",\"isPartOf\":{\"@id\":\"https:\/\/fashionuniversum.com\/#website\"},\"primaryImageOfPage\":{\"@id\":\"https:\/\/fashionuniversum.com\/?product=olavoga-corefield-felso-2#primaryimage\"},\"image\":{\"@id\":\"https:\/\/fashionuniversum.com\/?product=olavoga-corefield-felso-2#primaryimage\"},\"thumbnailUrl\":\"https:\/\/fashionuniversum.com\/wp-content\/uploads\/2026\/01\/bluzka-COREFIELD-279.jpg\",\"datePublished\":\"2026-01-22T14:12:21+00:00\",\"dateModified\":\"2026-03-02T12:42:06+00:00\",\"description\":\"OLAVOGA COREFIELD fels\u0151. K\u00e9nyelmes, rugalmas fels\u0151 magas\u00edtott gall\u00e9rral, testhez simul\u00f3 szab\u00e1ssal.Kiv\u00e1l\u00f3 min\u0151s\u00e9g\u0171, sima \u00e9s rugalmas anyagb\u00f3l k\u00e9sz\u00fclt.\",\"breadcrumb\":{\"@id\":\"https:\/\/fashionuniversum.com\/?product=olavoga-corefield-felso-2#breadcrumb\"},\"inLanguage\":\"hu\",\"potentialAction\":[{\"@type\":\"ReadAction\",\"target\":[\"https:\/\/fashionuniversum.com\/?product=olavoga-corefield-felso-2\"]}]},{\"@type\":\"ImageObject\",\"inLanguage\":\"hu\",\"@id\":\"https:\/\/fashionuniversum.com\/?product=olavoga-corefield-felso-2#primaryimage\",\"url\":\"https:\/\/fashionuniversum.com\/wp-content\/uploads\/2026\/01\/bluzka-COREFIELD-279.jpg\",\"contentUrl\":\"https:\/\/fashionuniversum.com\/wp-content\/uploads\/2026\/01\/bluzka-COREFIELD-279.jpg\",\"width\":1400,\"height\":1867,\"caption\":\"OLAVOGA COREFIELD fels\u0151\"},{\"@type\":\"BreadcrumbList\",\"@id\":\"https:\/\/fashionuniversum.com\/?product=olavoga-corefield-felso-2#breadcrumb\",\"itemListElement\":[{\"@type\":\"ListItem\",\"position\":1,\"name\":\"Kezd\u0151lap\",\"item\":\"https:\/\/fashionuniversum.com\/\"},{\"@type\":\"ListItem\",\"position\":2,\"name\":\"Kezd\u0151lap\",\"item\":\"https:\/\/fashionuniversum.com\/\"},{\"@type\":\"ListItem\",\"position\":3,\"name\":\"OLAVOGA COREFIELD fels\u0151\"}]},{\"@type\":\"WebSite\",\"@id\":\"https:\/\/fashionuniversum.com\/#website\",\"url\":\"https:\/\/fashionuniversum.com\/\",\"name\":\"Fashion Universum\",\"description\":\"\",\"publisher\":{\"@id\":\"https:\/\/fashionuniversum.com\/#organization\"},\"potentialAction\":[{\"@type\":\"SearchAction\",\"target\":{\"@type\":\"EntryPoint\",\"urlTemplate\":\"https:\/\/fashionuniversum.com\/?s={search_term_string}\"},\"query-input\":{\"@type\":\"PropertyValueSpecification\",\"valueRequired\":true,\"valueName\":\"search_term_string\"}}],\"inLanguage\":\"hu\"},{\"@type\":\"Organization\",\"@id\":\"https:\/\/fashionuniversum.com\/#organization\",\"name\":\"Fashion Universum\",\"url\":\"https:\/\/fashionuniversum.com\/\",\"logo\":{\"@type\":\"ImageObject\",\"inLanguage\":\"hu\",\"@id\":\"https:\/\/fashionuniversum.com\/#\/schema\/logo\/image\/\",\"url\":\"https:\/\/fashionuniversum.com\/wp-content\/uploads\/2026\/02\/cropped-cropped-imaaage.jpg\",\"contentUrl\":\"https:\/\/fashionuniversum.com\/wp-content\/uploads\/2026\/02\/cropped-cropped-imaaage.jpg\",\"width\":1389,\"height\":285,\"caption\":\"Fashion Universum\"},\"image\":{\"@id\":\"https:\/\/fashionuniversum.com\/#\/schema\/logo\/image\/\"}}]}<\/script>\n<!-- \/ Yoast SEO plugin. -->","yoast_head_json":{"title":"OLAVOGA COREFIELD fels\u0151 - Fashion Universum","description":"OLAVOGA COREFIELD fels\u0151. K\u00e9nyelmes, rugalmas fels\u0151 magas\u00edtott gall\u00e9rral, testhez simul\u00f3 szab\u00e1ssal.Kiv\u00e1l\u00f3 min\u0151s\u00e9g\u0171, sima \u00e9s rugalmas anyagb\u00f3l k\u00e9sz\u00fclt.","robots":{"index":"index","follow":"follow","max-snippet":"max-snippet:-1","max-image-preview":"max-image-preview:large","max-video-preview":"max-video-preview:-1"},"canonical":"https:\/\/fashionuniversum.com\/?product=olavoga-corefield-felso-2","og_locale":"hu_HU","og_type":"article","og_title":"OLAVOGA COREFIELD fels\u0151 - Fashion Universum","og_description":"OLAVOGA COREFIELD fels\u0151. K\u00e9nyelmes, rugalmas fels\u0151 magas\u00edtott gall\u00e9rral, testhez simul\u00f3 szab\u00e1ssal.Kiv\u00e1l\u00f3 min\u0151s\u00e9g\u0171, sima \u00e9s rugalmas anyagb\u00f3l k\u00e9sz\u00fclt.","og_url":"https:\/\/fashionuniversum.com\/?product=olavoga-corefield-felso-2","og_site_name":"Fashion Universum","article_modified_time":"2026-03-02T12:42:06+00:00","og_image":[{"width":1400,"height":1867,"url":"https:\/\/fashionuniversum.com\/wp-content\/uploads\/2026\/01\/bluzka-COREFIELD-279.jpg","type":"image\/jpeg"}],"twitter_card":"summary_large_image","twitter_misc":{"Becs\u00fclt olvas\u00e1si id\u0151":"1 perc"},"schema":{"@context":"https:\/\/schema.org","@graph":[{"@type":"WebPage","@id":"https:\/\/fashionuniversum.com\/?product=olavoga-corefield-felso-2","url":"https:\/\/fashionuniversum.com\/?product=olavoga-corefield-felso-2","name":"OLAVOGA COREFIELD fels\u0151 - Fashion Universum","isPartOf":{"@id":"https:\/\/fashionuniversum.com\/#website"},"primaryImageOfPage":{"@id":"https:\/\/fashionuniversum.com\/?product=olavoga-corefield-felso-2#primaryimage"},"image":{"@id":"https:\/\/fashionuniversum.com\/?product=olavoga-corefield-felso-2#primaryimage"},"thumbnailUrl":"https:\/\/fashionuniversum.com\/wp-content\/uploads\/2026\/01\/bluzka-COREFIELD-279.jpg","datePublished":"2026-01-22T14:12:21+00:00","dateModified":"2026-03-02T12:42:06+00:00","description":"OLAVOGA COREFIELD fels\u0151. K\u00e9nyelmes, rugalmas fels\u0151 magas\u00edtott gall\u00e9rral, testhez simul\u00f3 szab\u00e1ssal.Kiv\u00e1l\u00f3 min\u0151s\u00e9g\u0171, sima \u00e9s rugalmas anyagb\u00f3l k\u00e9sz\u00fclt.","breadcrumb":{"@id":"https:\/\/fashionuniversum.com\/?product=olavoga-corefield-felso-2#breadcrumb"},"inLanguage":"hu","potentialAction":[{"@type":"ReadAction","target":["https:\/\/fashionuniversum.com\/?product=olavoga-corefield-felso-2"]}]},{"@type":"ImageObject","inLanguage":"hu","@id":"https:\/\/fashionuniversum.com\/?product=olavoga-corefield-felso-2#primaryimage","url":"https:\/\/fashionuniversum.com\/wp-content\/uploads\/2026\/01\/bluzka-COREFIELD-279.jpg","contentUrl":"https:\/\/fashionuniversum.com\/wp-content\/uploads\/2026\/01\/bluzka-COREFIELD-279.jpg","width":1400,"height":1867,"caption":"OLAVOGA COREFIELD fels\u0151"},{"@type":"BreadcrumbList","@id":"https:\/\/fashionuniversum.com\/?product=olavoga-corefield-felso-2#breadcrumb","itemListElement":[{"@type":"ListItem","position":1,"name":"Kezd\u0151lap","item":"https:\/\/fashionuniversum.com\/"},{"@type":"ListItem","position":2,"name":"Kezd\u0151lap","item":"https:\/\/fashionuniversum.com\/"},{"@type":"ListItem","position":3,"name":"OLAVOGA COREFIELD fels\u0151"}]},{"@type":"WebSite","@id":"https:\/\/fashionuniversum.com\/#website","url":"https:\/\/fashionuniversum.com\/","name":"Fashion Universum","description":"","publisher":{"@id":"https:\/\/fashionuniversum.com\/#organization"},"potentialAction":[{"@type":"SearchAction","target":{"@type":"EntryPoint","urlTemplate":"https:\/\/fashionuniversum.com\/?s={search_term_string}"},"query-input":{"@type":"PropertyValueSpecification","valueRequired":true,"valueName":"search_term_string"}}],"inLanguage":"hu"},{"@type":"Organization","@id":"https:\/\/fashionuniversum.com\/#organization","name":"Fashion Universum","url":"https:\/\/fashionuniversum.com\/","logo":{"@type":"ImageObject","inLanguage":"hu","@id":"https:\/\/fashionuniversum.com\/#\/schema\/logo\/image\/","url":"https:\/\/fashionuniversum.com\/wp-content\/uploads\/2026\/02\/cropped-cropped-imaaage.jpg","contentUrl":"https:\/\/fashionuniversum.com\/wp-content\/uploads\/2026\/02\/cropped-cropped-imaaage.jpg","width":1389,"height":285,"caption":"Fashion Universum"},"image":{"@id":"https:\/\/fashionuniversum.com\/#\/schema\/logo\/image\/"}}]}},"_links":{"self":[{"href":"https:\/\/fashionuniversum.com\/index.php?rest_route=\/wp\/v2\/product\/2234","targetHints":{"allow":["GET"]}}],"collection":[{"href":"https:\/\/fashionuniversum.com\/index.php?rest_route=\/wp\/v2\/product"}],"about":[{"href":"https:\/\/fashionuniversum.com\/index.php?rest_route=\/wp\/v2\/types\/product"}],"wp:featuredmedia":[{"embeddable":true,"href":"https:\/\/fashionuniversum.com\/index.php?rest_route=\/wp\/v2\/media\/2260"}],"wp:attachment":[{"href":"https:\/\/fashionuniversum.com\/index.php?rest_route=%2Fwp%2Fv2%2Fmedia&parent=2234"}],"wp:term":[{"taxonomy":"product_brand","embeddable":true,"href":"https:\/\/fashionuniversum.com\/index.php?rest_route=%2Fwp%2Fv2%2Fproduct_brand&post=2234"},{"taxonomy":"product_cat","embeddable":true,"href":"https:\/\/fashionuniversum.com\/index.php?rest_route=%2Fwp%2Fv2%2Fproduct_cat&post=2234"},{"taxonomy":"product_tag","embeddable":true,"href":"https:\/\/fashionuniversum.com\/index.php?rest_route=%2Fwp%2Fv2%2Fproduct_tag&post=2234"}],"curies":[{"name":"wp","href":"https:\/\/api.w.org\/{rel}","templated":true}]}}