{"id":2174,"date":"2026-01-22T14:11:36","date_gmt":"2026-01-22T14:11:36","guid":{"rendered":"https:\/\/fashionuniversum.com\/?post_type=product&#038;p=2174"},"modified":"2026-03-02T12:47:48","modified_gmt":"2026-03-02T12:47:48","slug":"olavoga-skymelt-body","status":"publish","type":"product","link":"https:\/\/fashionuniversum.com\/?product=olavoga-skymelt-body","title":{"rendered":"OLAVOGA SKYMELT body"},"content":{"rendered":"<p>OLAVOGA SKYMELT body<\/p>\n<p>Kiv\u00e1l\u00f3 min\u0151s\u00e9g\u0171, puha \u00e9s rugalmas pamutanyagb\u00f3l k\u00e9sz\u00fclt, amely t\u00f6k\u00e9letesen illeszkedik a testhez. A nyakr\u00e9szen elhelyezett, h\u00edmzett OLAVOGA log\u00f3 karakteres r\u00e9szletk\u00e9nt emeli ki a darabot.<\/p>\n<p>\u00d6sszet\u00e9tel: 97% pamut, 3% elaszt\u00e1n<\/p>\n<p>M\u00e9rett\u00e1bl\u00e1zat (cm) \u2013 fektetve m\u00e9rve:<br \/>\nM\u00e9ret Teljes hossz Mellb\u0151s\u00e9g (anyag ny\u00falik +30 cm) Der\u00e9kb\u0151s\u00e9g (ny\u00falik +30 cm) Cs\u00edp\u0151b\u0151s\u00e9g (ny\u00falik +27 cm) Ujjhossz (k\u00fcls\u0151) Ujjhossz (bels\u0151)<br \/>\nS 72 cm 80 cm 64 cm 66 cm 62 cm 50 cm<br \/>\nM 73 cm 82 cm 66 cm 68 cm 63 cm 51 cm<br \/>\nL 74 cm 84 cm 68 cm 70 cm 64 cm 52 cm<\/p>\n<p>A ruhadarabokat fektetve m\u00e9rik, \u00edgy a m\u00e9retek \u00b12 cm-rel elt\u00e9rhetnek.<\/p>\n","protected":false},"excerpt":{"rendered":"<p>OLAVOGA SKYMELT body Kiv\u00e1l\u00f3 min\u0151s\u00e9g\u0171, puha \u00e9s rugalmas pamutanyagb\u00f3l k\u00e9sz\u00fclt, amely t\u00f6k\u00e9letesen illeszkedik a testhez. A nyakr\u00e9szen elhelyezett, h\u00edmzett OLAVOGA log\u00f3 karakteres r\u00e9szletk\u00e9nt emeli ki &hellip; <\/p>\n","protected":false},"featured_media":2210,"template":"","meta":[],"product_brand":[78],"product_cat":[19,28,25,40],"product_tag":[],"class_list":{"0":"post-2174","1":"product","2":"type-product","3":"status-publish","4":"has-post-thumbnail","6":"product_brand-olavoga","7":"product_cat-markak","8":"product_cat-olavoga","9":"product_cat-noi-ruhazat-hu","10":"product_cat-felsok-body-k","12":"first","13":"instock","14":"shipping-taxable","15":"purchasable","16":"product-type-variable"},"yoast_head":"<!-- This site is optimized with the Yoast SEO plugin v26.7 - https:\/\/yoast.com\/wordpress\/plugins\/seo\/ -->\n<title>OLAVOGA SKYMELT body - Fashion Universum<\/title>\n<meta name=\"description\" content=\"OLAVOGA SKYMELT body. Kiv\u00e1l\u00f3 min\u0151s\u00e9g\u0171, puha \u00e9s rugalmas pamutanyagb\u00f3l k\u00e9sz\u00fclt, amely t\u00f6k\u00e9letesen illeszkedik a testhez. H\u00edmzett OLAVOGA log\u00f3.\" \/>\n<meta name=\"robots\" content=\"index, follow, max-snippet:-1, max-image-preview:large, max-video-preview:-1\" \/>\n<link rel=\"canonical\" href=\"https:\/\/fashionuniversum.com\/?product=olavoga-skymelt-body\" \/>\n<meta property=\"og:locale\" content=\"hu_HU\" \/>\n<meta property=\"og:type\" content=\"article\" \/>\n<meta property=\"og:title\" content=\"OLAVOGA SKYMELT body - Fashion Universum\" \/>\n<meta property=\"og:description\" content=\"OLAVOGA SKYMELT body. Kiv\u00e1l\u00f3 min\u0151s\u00e9g\u0171, puha \u00e9s rugalmas pamutanyagb\u00f3l k\u00e9sz\u00fclt, amely t\u00f6k\u00e9letesen illeszkedik a testhez. H\u00edmzett OLAVOGA log\u00f3.\" \/>\n<meta property=\"og:url\" content=\"https:\/\/fashionuniversum.com\/?product=olavoga-skymelt-body\" \/>\n<meta property=\"og:site_name\" content=\"Fashion Universum\" \/>\n<meta property=\"article:modified_time\" content=\"2026-03-02T12:47:48+00:00\" \/>\n<meta property=\"og:image\" content=\"https:\/\/fashionuniversum.com\/wp-content\/uploads\/2026\/01\/IMG_1664.jpeg\" \/>\n\t<meta property=\"og:image:width\" content=\"1080\" \/>\n\t<meta property=\"og:image:height\" content=\"1440\" \/>\n\t<meta property=\"og:image:type\" content=\"image\/jpeg\" \/>\n<meta name=\"twitter:card\" content=\"summary_large_image\" \/>\n<meta name=\"twitter:label1\" content=\"Becs\u00fclt olvas\u00e1si id\u0151\" \/>\n\t<meta name=\"twitter:data1\" content=\"1 perc\" \/>\n<script type=\"application\/ld+json\" class=\"yoast-schema-graph\">{\"@context\":\"https:\/\/schema.org\",\"@graph\":[{\"@type\":\"WebPage\",\"@id\":\"https:\/\/fashionuniversum.com\/?product=olavoga-skymelt-body\",\"url\":\"https:\/\/fashionuniversum.com\/?product=olavoga-skymelt-body\",\"name\":\"OLAVOGA SKYMELT body - Fashion Universum\",\"isPartOf\":{\"@id\":\"https:\/\/fashionuniversum.com\/#website\"},\"primaryImageOfPage\":{\"@id\":\"https:\/\/fashionuniversum.com\/?product=olavoga-skymelt-body#primaryimage\"},\"image\":{\"@id\":\"https:\/\/fashionuniversum.com\/?product=olavoga-skymelt-body#primaryimage\"},\"thumbnailUrl\":\"https:\/\/fashionuniversum.com\/wp-content\/uploads\/2026\/01\/IMG_1664.jpeg\",\"datePublished\":\"2026-01-22T14:11:36+00:00\",\"dateModified\":\"2026-03-02T12:47:48+00:00\",\"description\":\"OLAVOGA SKYMELT body. Kiv\u00e1l\u00f3 min\u0151s\u00e9g\u0171, puha \u00e9s rugalmas pamutanyagb\u00f3l k\u00e9sz\u00fclt, amely t\u00f6k\u00e9letesen illeszkedik a testhez. H\u00edmzett OLAVOGA log\u00f3.\",\"breadcrumb\":{\"@id\":\"https:\/\/fashionuniversum.com\/?product=olavoga-skymelt-body#breadcrumb\"},\"inLanguage\":\"hu\",\"potentialAction\":[{\"@type\":\"ReadAction\",\"target\":[\"https:\/\/fashionuniversum.com\/?product=olavoga-skymelt-body\"]}]},{\"@type\":\"ImageObject\",\"inLanguage\":\"hu\",\"@id\":\"https:\/\/fashionuniversum.com\/?product=olavoga-skymelt-body#primaryimage\",\"url\":\"https:\/\/fashionuniversum.com\/wp-content\/uploads\/2026\/01\/IMG_1664.jpeg\",\"contentUrl\":\"https:\/\/fashionuniversum.com\/wp-content\/uploads\/2026\/01\/IMG_1664.jpeg\",\"width\":1080,\"height\":1440,\"caption\":\"OLAVOGA SKYMELT body\"},{\"@type\":\"BreadcrumbList\",\"@id\":\"https:\/\/fashionuniversum.com\/?product=olavoga-skymelt-body#breadcrumb\",\"itemListElement\":[{\"@type\":\"ListItem\",\"position\":1,\"name\":\"Kezd\u0151lap\",\"item\":\"https:\/\/fashionuniversum.com\/\"},{\"@type\":\"ListItem\",\"position\":2,\"name\":\"Kezd\u0151lap\",\"item\":\"https:\/\/fashionuniversum.com\/\"},{\"@type\":\"ListItem\",\"position\":3,\"name\":\"OLAVOGA SKYMELT body\"}]},{\"@type\":\"WebSite\",\"@id\":\"https:\/\/fashionuniversum.com\/#website\",\"url\":\"https:\/\/fashionuniversum.com\/\",\"name\":\"Fashion Universum\",\"description\":\"\",\"publisher\":{\"@id\":\"https:\/\/fashionuniversum.com\/#organization\"},\"potentialAction\":[{\"@type\":\"SearchAction\",\"target\":{\"@type\":\"EntryPoint\",\"urlTemplate\":\"https:\/\/fashionuniversum.com\/?s={search_term_string}\"},\"query-input\":{\"@type\":\"PropertyValueSpecification\",\"valueRequired\":true,\"valueName\":\"search_term_string\"}}],\"inLanguage\":\"hu\"},{\"@type\":\"Organization\",\"@id\":\"https:\/\/fashionuniversum.com\/#organization\",\"name\":\"Fashion Universum\",\"url\":\"https:\/\/fashionuniversum.com\/\",\"logo\":{\"@type\":\"ImageObject\",\"inLanguage\":\"hu\",\"@id\":\"https:\/\/fashionuniversum.com\/#\/schema\/logo\/image\/\",\"url\":\"https:\/\/fashionuniversum.com\/wp-content\/uploads\/2026\/02\/cropped-cropped-imaaage.jpg\",\"contentUrl\":\"https:\/\/fashionuniversum.com\/wp-content\/uploads\/2026\/02\/cropped-cropped-imaaage.jpg\",\"width\":1389,\"height\":285,\"caption\":\"Fashion Universum\"},\"image\":{\"@id\":\"https:\/\/fashionuniversum.com\/#\/schema\/logo\/image\/\"}}]}<\/script>\n<!-- \/ Yoast SEO plugin. -->","yoast_head_json":{"title":"OLAVOGA SKYMELT body - Fashion Universum","description":"OLAVOGA SKYMELT body. Kiv\u00e1l\u00f3 min\u0151s\u00e9g\u0171, puha \u00e9s rugalmas pamutanyagb\u00f3l k\u00e9sz\u00fclt, amely t\u00f6k\u00e9letesen illeszkedik a testhez. H\u00edmzett OLAVOGA log\u00f3.","robots":{"index":"index","follow":"follow","max-snippet":"max-snippet:-1","max-image-preview":"max-image-preview:large","max-video-preview":"max-video-preview:-1"},"canonical":"https:\/\/fashionuniversum.com\/?product=olavoga-skymelt-body","og_locale":"hu_HU","og_type":"article","og_title":"OLAVOGA SKYMELT body - Fashion Universum","og_description":"OLAVOGA SKYMELT body. Kiv\u00e1l\u00f3 min\u0151s\u00e9g\u0171, puha \u00e9s rugalmas pamutanyagb\u00f3l k\u00e9sz\u00fclt, amely t\u00f6k\u00e9letesen illeszkedik a testhez. H\u00edmzett OLAVOGA log\u00f3.","og_url":"https:\/\/fashionuniversum.com\/?product=olavoga-skymelt-body","og_site_name":"Fashion Universum","article_modified_time":"2026-03-02T12:47:48+00:00","og_image":[{"width":1080,"height":1440,"url":"https:\/\/fashionuniversum.com\/wp-content\/uploads\/2026\/01\/IMG_1664.jpeg","type":"image\/jpeg"}],"twitter_card":"summary_large_image","twitter_misc":{"Becs\u00fclt olvas\u00e1si id\u0151":"1 perc"},"schema":{"@context":"https:\/\/schema.org","@graph":[{"@type":"WebPage","@id":"https:\/\/fashionuniversum.com\/?product=olavoga-skymelt-body","url":"https:\/\/fashionuniversum.com\/?product=olavoga-skymelt-body","name":"OLAVOGA SKYMELT body - Fashion Universum","isPartOf":{"@id":"https:\/\/fashionuniversum.com\/#website"},"primaryImageOfPage":{"@id":"https:\/\/fashionuniversum.com\/?product=olavoga-skymelt-body#primaryimage"},"image":{"@id":"https:\/\/fashionuniversum.com\/?product=olavoga-skymelt-body#primaryimage"},"thumbnailUrl":"https:\/\/fashionuniversum.com\/wp-content\/uploads\/2026\/01\/IMG_1664.jpeg","datePublished":"2026-01-22T14:11:36+00:00","dateModified":"2026-03-02T12:47:48+00:00","description":"OLAVOGA SKYMELT body. Kiv\u00e1l\u00f3 min\u0151s\u00e9g\u0171, puha \u00e9s rugalmas pamutanyagb\u00f3l k\u00e9sz\u00fclt, amely t\u00f6k\u00e9letesen illeszkedik a testhez. H\u00edmzett OLAVOGA log\u00f3.","breadcrumb":{"@id":"https:\/\/fashionuniversum.com\/?product=olavoga-skymelt-body#breadcrumb"},"inLanguage":"hu","potentialAction":[{"@type":"ReadAction","target":["https:\/\/fashionuniversum.com\/?product=olavoga-skymelt-body"]}]},{"@type":"ImageObject","inLanguage":"hu","@id":"https:\/\/fashionuniversum.com\/?product=olavoga-skymelt-body#primaryimage","url":"https:\/\/fashionuniversum.com\/wp-content\/uploads\/2026\/01\/IMG_1664.jpeg","contentUrl":"https:\/\/fashionuniversum.com\/wp-content\/uploads\/2026\/01\/IMG_1664.jpeg","width":1080,"height":1440,"caption":"OLAVOGA SKYMELT body"},{"@type":"BreadcrumbList","@id":"https:\/\/fashionuniversum.com\/?product=olavoga-skymelt-body#breadcrumb","itemListElement":[{"@type":"ListItem","position":1,"name":"Kezd\u0151lap","item":"https:\/\/fashionuniversum.com\/"},{"@type":"ListItem","position":2,"name":"Kezd\u0151lap","item":"https:\/\/fashionuniversum.com\/"},{"@type":"ListItem","position":3,"name":"OLAVOGA SKYMELT body"}]},{"@type":"WebSite","@id":"https:\/\/fashionuniversum.com\/#website","url":"https:\/\/fashionuniversum.com\/","name":"Fashion Universum","description":"","publisher":{"@id":"https:\/\/fashionuniversum.com\/#organization"},"potentialAction":[{"@type":"SearchAction","target":{"@type":"EntryPoint","urlTemplate":"https:\/\/fashionuniversum.com\/?s={search_term_string}"},"query-input":{"@type":"PropertyValueSpecification","valueRequired":true,"valueName":"search_term_string"}}],"inLanguage":"hu"},{"@type":"Organization","@id":"https:\/\/fashionuniversum.com\/#organization","name":"Fashion Universum","url":"https:\/\/fashionuniversum.com\/","logo":{"@type":"ImageObject","inLanguage":"hu","@id":"https:\/\/fashionuniversum.com\/#\/schema\/logo\/image\/","url":"https:\/\/fashionuniversum.com\/wp-content\/uploads\/2026\/02\/cropped-cropped-imaaage.jpg","contentUrl":"https:\/\/fashionuniversum.com\/wp-content\/uploads\/2026\/02\/cropped-cropped-imaaage.jpg","width":1389,"height":285,"caption":"Fashion Universum"},"image":{"@id":"https:\/\/fashionuniversum.com\/#\/schema\/logo\/image\/"}}]}},"_links":{"self":[{"href":"https:\/\/fashionuniversum.com\/index.php?rest_route=\/wp\/v2\/product\/2174","targetHints":{"allow":["GET"]}}],"collection":[{"href":"https:\/\/fashionuniversum.com\/index.php?rest_route=\/wp\/v2\/product"}],"about":[{"href":"https:\/\/fashionuniversum.com\/index.php?rest_route=\/wp\/v2\/types\/product"}],"wp:featuredmedia":[{"embeddable":true,"href":"https:\/\/fashionuniversum.com\/index.php?rest_route=\/wp\/v2\/media\/2210"}],"wp:attachment":[{"href":"https:\/\/fashionuniversum.com\/index.php?rest_route=%2Fwp%2Fv2%2Fmedia&parent=2174"}],"wp:term":[{"taxonomy":"product_brand","embeddable":true,"href":"https:\/\/fashionuniversum.com\/index.php?rest_route=%2Fwp%2Fv2%2Fproduct_brand&post=2174"},{"taxonomy":"product_cat","embeddable":true,"href":"https:\/\/fashionuniversum.com\/index.php?rest_route=%2Fwp%2Fv2%2Fproduct_cat&post=2174"},{"taxonomy":"product_tag","embeddable":true,"href":"https:\/\/fashionuniversum.com\/index.php?rest_route=%2Fwp%2Fv2%2Fproduct_tag&post=2174"}],"curies":[{"name":"wp","href":"https:\/\/api.w.org\/{rel}","templated":true}]}}