{"id":2169,"date":"2026-01-22T14:11:36","date_gmt":"2026-01-22T14:11:36","guid":{"rendered":"https:\/\/fashionuniversum.com\/?post_type=product&#038;p=2169"},"modified":"2026-03-02T12:52:34","modified_gmt":"2026-03-02T12:52:34","slug":"olavoga-simbi-felso","status":"publish","type":"product","link":"https:\/\/fashionuniversum.com\/?product=olavoga-simbi-felso","title":{"rendered":"OLAVOGA SIMBI fels\u0151"},"content":{"rendered":"<p>OLAVOGA SIMBI fels\u0151<\/p>\n<p>Minimalista, testhez\u00e1ll\u00f3 hossz\u00fa ujj\u00fa fels\u0151 f\u00e9lgarb\u00f3s nyakkal. Rugalmas anyagb\u00f3l k\u00e9sz\u00fclt, amely k\u00e9nyelmes \u00e9s alakot k\u00f6vet\u0151. Mellkason finom log\u00f3val.<\/p>\n<p>\u00d6sszet\u00e9tel: 90% nejlon , 10% spandex<\/p>\n<p>El\u00e9rhet\u0151 m\u00e9retek: S, M, L<br \/>\nM\u00e9rett\u00e1bl\u00e1zat (cm):<\/p>\n<p>S: mellkasb\u0151s\u00e9g 76 cm, teljes hossz 53 cm, bels\u0151 ujjhossz 49 cm, k\u00fcls\u0151 ujjhossz 59 cm<br \/>\nM: mellkasb\u0151s\u00e9g 78 cm, teljes hossz 54 cm, bels\u0151 ujjhossz 50 cm, k\u00fcls\u0151 ujjhossz 60 cm<br \/>\nL: mellkasb\u0151s\u00e9g 80 cm, teljes hossz 55 cm, bels\u0151 ujjhossz 51 cm, k\u00fcls\u0151 ujjhossz 61 cm<\/p>\n","protected":false},"excerpt":{"rendered":"<p>OLAVOGA SIMBI fels\u0151 Minimalista, testhez\u00e1ll\u00f3 hossz\u00fa ujj\u00fa fels\u0151 f\u00e9lgarb\u00f3s nyakkal. Rugalmas anyagb\u00f3l k\u00e9sz\u00fclt, amely k\u00e9nyelmes \u00e9s alakot k\u00f6vet\u0151. Mellkason finom log\u00f3val. \u00d6sszet\u00e9tel: 90% nejlon , &hellip; <\/p>\n","protected":false},"featured_media":2209,"template":"","meta":[],"product_brand":[78],"product_cat":[19,28,25,40],"product_tag":[],"class_list":{"0":"post-2169","1":"product","2":"type-product","3":"status-publish","4":"has-post-thumbnail","6":"product_brand-olavoga","7":"product_cat-markak","8":"product_cat-olavoga","9":"product_cat-noi-ruhazat-hu","10":"product_cat-felsok-body-k","12":"first","13":"instock","14":"shipping-taxable","15":"purchasable","16":"product-type-variable"},"yoast_head":"<!-- This site is optimized with the Yoast SEO plugin v26.7 - https:\/\/yoast.com\/wordpress\/plugins\/seo\/ -->\n<title>OLAVOGA SIMBI fels\u0151 - Fashion Universum<\/title>\n<meta name=\"description\" content=\"OLAVOGA SIMBI fels\u0151. Minimalista, testhez\u00e1ll\u00f3 hossz\u00fa ujj\u00fa fels\u0151 f\u00e9lgarb\u00f3s nyakkal. Rugalmas anyagb\u00f3l k\u00e9sz\u00fclt, amely k\u00e9nyelmes \u00e9s alakot k\u00f6vet\u0151.\" \/>\n<meta name=\"robots\" content=\"index, follow, max-snippet:-1, max-image-preview:large, max-video-preview:-1\" \/>\n<link rel=\"canonical\" href=\"https:\/\/fashionuniversum.com\/?product=olavoga-simbi-felso\" \/>\n<meta property=\"og:locale\" content=\"hu_HU\" \/>\n<meta property=\"og:type\" content=\"article\" \/>\n<meta property=\"og:title\" content=\"OLAVOGA SIMBI fels\u0151 - Fashion Universum\" \/>\n<meta property=\"og:description\" content=\"OLAVOGA SIMBI fels\u0151. Minimalista, testhez\u00e1ll\u00f3 hossz\u00fa ujj\u00fa fels\u0151 f\u00e9lgarb\u00f3s nyakkal. Rugalmas anyagb\u00f3l k\u00e9sz\u00fclt, amely k\u00e9nyelmes \u00e9s alakot k\u00f6vet\u0151.\" \/>\n<meta property=\"og:url\" content=\"https:\/\/fashionuniversum.com\/?product=olavoga-simbi-felso\" \/>\n<meta property=\"og:site_name\" content=\"Fashion Universum\" \/>\n<meta property=\"article:modified_time\" content=\"2026-03-02T12:52:34+00:00\" \/>\n<meta property=\"og:image\" content=\"https:\/\/fashionuniversum.com\/wp-content\/uploads\/2026\/01\/bluzka-SIMBI-001-scaled-1.jpg\" \/>\n\t<meta property=\"og:image:width\" content=\"1920\" \/>\n\t<meta property=\"og:image:height\" content=\"2560\" \/>\n\t<meta property=\"og:image:type\" content=\"image\/jpeg\" \/>\n<meta name=\"twitter:card\" content=\"summary_large_image\" \/>\n<meta name=\"twitter:label1\" content=\"Becs\u00fclt olvas\u00e1si id\u0151\" \/>\n\t<meta name=\"twitter:data1\" content=\"1 perc\" \/>\n<script type=\"application\/ld+json\" class=\"yoast-schema-graph\">{\"@context\":\"https:\/\/schema.org\",\"@graph\":[{\"@type\":\"WebPage\",\"@id\":\"https:\/\/fashionuniversum.com\/?product=olavoga-simbi-felso\",\"url\":\"https:\/\/fashionuniversum.com\/?product=olavoga-simbi-felso\",\"name\":\"OLAVOGA SIMBI fels\u0151 - Fashion Universum\",\"isPartOf\":{\"@id\":\"https:\/\/fashionuniversum.com\/#website\"},\"primaryImageOfPage\":{\"@id\":\"https:\/\/fashionuniversum.com\/?product=olavoga-simbi-felso#primaryimage\"},\"image\":{\"@id\":\"https:\/\/fashionuniversum.com\/?product=olavoga-simbi-felso#primaryimage\"},\"thumbnailUrl\":\"https:\/\/fashionuniversum.com\/wp-content\/uploads\/2026\/01\/bluzka-SIMBI-001-scaled-1.jpg\",\"datePublished\":\"2026-01-22T14:11:36+00:00\",\"dateModified\":\"2026-03-02T12:52:34+00:00\",\"description\":\"OLAVOGA SIMBI fels\u0151. Minimalista, testhez\u00e1ll\u00f3 hossz\u00fa ujj\u00fa fels\u0151 f\u00e9lgarb\u00f3s nyakkal. Rugalmas anyagb\u00f3l k\u00e9sz\u00fclt, amely k\u00e9nyelmes \u00e9s alakot k\u00f6vet\u0151.\",\"breadcrumb\":{\"@id\":\"https:\/\/fashionuniversum.com\/?product=olavoga-simbi-felso#breadcrumb\"},\"inLanguage\":\"hu\",\"potentialAction\":[{\"@type\":\"ReadAction\",\"target\":[\"https:\/\/fashionuniversum.com\/?product=olavoga-simbi-felso\"]}]},{\"@type\":\"ImageObject\",\"inLanguage\":\"hu\",\"@id\":\"https:\/\/fashionuniversum.com\/?product=olavoga-simbi-felso#primaryimage\",\"url\":\"https:\/\/fashionuniversum.com\/wp-content\/uploads\/2026\/01\/bluzka-SIMBI-001-scaled-1.jpg\",\"contentUrl\":\"https:\/\/fashionuniversum.com\/wp-content\/uploads\/2026\/01\/bluzka-SIMBI-001-scaled-1.jpg\",\"width\":1920,\"height\":2560,\"caption\":\"OLAVOGA SIMBI fels\u0151\"},{\"@type\":\"BreadcrumbList\",\"@id\":\"https:\/\/fashionuniversum.com\/?product=olavoga-simbi-felso#breadcrumb\",\"itemListElement\":[{\"@type\":\"ListItem\",\"position\":1,\"name\":\"Kezd\u0151lap\",\"item\":\"https:\/\/fashionuniversum.com\/\"},{\"@type\":\"ListItem\",\"position\":2,\"name\":\"Kezd\u0151lap\",\"item\":\"https:\/\/fashionuniversum.com\/\"},{\"@type\":\"ListItem\",\"position\":3,\"name\":\"OLAVOGA SIMBI fels\u0151\"}]},{\"@type\":\"WebSite\",\"@id\":\"https:\/\/fashionuniversum.com\/#website\",\"url\":\"https:\/\/fashionuniversum.com\/\",\"name\":\"Fashion Universum\",\"description\":\"\",\"publisher\":{\"@id\":\"https:\/\/fashionuniversum.com\/#organization\"},\"potentialAction\":[{\"@type\":\"SearchAction\",\"target\":{\"@type\":\"EntryPoint\",\"urlTemplate\":\"https:\/\/fashionuniversum.com\/?s={search_term_string}\"},\"query-input\":{\"@type\":\"PropertyValueSpecification\",\"valueRequired\":true,\"valueName\":\"search_term_string\"}}],\"inLanguage\":\"hu\"},{\"@type\":\"Organization\",\"@id\":\"https:\/\/fashionuniversum.com\/#organization\",\"name\":\"Fashion Universum\",\"url\":\"https:\/\/fashionuniversum.com\/\",\"logo\":{\"@type\":\"ImageObject\",\"inLanguage\":\"hu\",\"@id\":\"https:\/\/fashionuniversum.com\/#\/schema\/logo\/image\/\",\"url\":\"https:\/\/fashionuniversum.com\/wp-content\/uploads\/2026\/02\/cropped-cropped-imaaage.jpg\",\"contentUrl\":\"https:\/\/fashionuniversum.com\/wp-content\/uploads\/2026\/02\/cropped-cropped-imaaage.jpg\",\"width\":1389,\"height\":285,\"caption\":\"Fashion Universum\"},\"image\":{\"@id\":\"https:\/\/fashionuniversum.com\/#\/schema\/logo\/image\/\"}}]}<\/script>\n<!-- \/ Yoast SEO plugin. -->","yoast_head_json":{"title":"OLAVOGA SIMBI fels\u0151 - Fashion Universum","description":"OLAVOGA SIMBI fels\u0151. Minimalista, testhez\u00e1ll\u00f3 hossz\u00fa ujj\u00fa fels\u0151 f\u00e9lgarb\u00f3s nyakkal. Rugalmas anyagb\u00f3l k\u00e9sz\u00fclt, amely k\u00e9nyelmes \u00e9s alakot k\u00f6vet\u0151.","robots":{"index":"index","follow":"follow","max-snippet":"max-snippet:-1","max-image-preview":"max-image-preview:large","max-video-preview":"max-video-preview:-1"},"canonical":"https:\/\/fashionuniversum.com\/?product=olavoga-simbi-felso","og_locale":"hu_HU","og_type":"article","og_title":"OLAVOGA SIMBI fels\u0151 - Fashion Universum","og_description":"OLAVOGA SIMBI fels\u0151. Minimalista, testhez\u00e1ll\u00f3 hossz\u00fa ujj\u00fa fels\u0151 f\u00e9lgarb\u00f3s nyakkal. Rugalmas anyagb\u00f3l k\u00e9sz\u00fclt, amely k\u00e9nyelmes \u00e9s alakot k\u00f6vet\u0151.","og_url":"https:\/\/fashionuniversum.com\/?product=olavoga-simbi-felso","og_site_name":"Fashion Universum","article_modified_time":"2026-03-02T12:52:34+00:00","og_image":[{"width":1920,"height":2560,"url":"https:\/\/fashionuniversum.com\/wp-content\/uploads\/2026\/01\/bluzka-SIMBI-001-scaled-1.jpg","type":"image\/jpeg"}],"twitter_card":"summary_large_image","twitter_misc":{"Becs\u00fclt olvas\u00e1si id\u0151":"1 perc"},"schema":{"@context":"https:\/\/schema.org","@graph":[{"@type":"WebPage","@id":"https:\/\/fashionuniversum.com\/?product=olavoga-simbi-felso","url":"https:\/\/fashionuniversum.com\/?product=olavoga-simbi-felso","name":"OLAVOGA SIMBI fels\u0151 - Fashion Universum","isPartOf":{"@id":"https:\/\/fashionuniversum.com\/#website"},"primaryImageOfPage":{"@id":"https:\/\/fashionuniversum.com\/?product=olavoga-simbi-felso#primaryimage"},"image":{"@id":"https:\/\/fashionuniversum.com\/?product=olavoga-simbi-felso#primaryimage"},"thumbnailUrl":"https:\/\/fashionuniversum.com\/wp-content\/uploads\/2026\/01\/bluzka-SIMBI-001-scaled-1.jpg","datePublished":"2026-01-22T14:11:36+00:00","dateModified":"2026-03-02T12:52:34+00:00","description":"OLAVOGA SIMBI fels\u0151. Minimalista, testhez\u00e1ll\u00f3 hossz\u00fa ujj\u00fa fels\u0151 f\u00e9lgarb\u00f3s nyakkal. Rugalmas anyagb\u00f3l k\u00e9sz\u00fclt, amely k\u00e9nyelmes \u00e9s alakot k\u00f6vet\u0151.","breadcrumb":{"@id":"https:\/\/fashionuniversum.com\/?product=olavoga-simbi-felso#breadcrumb"},"inLanguage":"hu","potentialAction":[{"@type":"ReadAction","target":["https:\/\/fashionuniversum.com\/?product=olavoga-simbi-felso"]}]},{"@type":"ImageObject","inLanguage":"hu","@id":"https:\/\/fashionuniversum.com\/?product=olavoga-simbi-felso#primaryimage","url":"https:\/\/fashionuniversum.com\/wp-content\/uploads\/2026\/01\/bluzka-SIMBI-001-scaled-1.jpg","contentUrl":"https:\/\/fashionuniversum.com\/wp-content\/uploads\/2026\/01\/bluzka-SIMBI-001-scaled-1.jpg","width":1920,"height":2560,"caption":"OLAVOGA SIMBI fels\u0151"},{"@type":"BreadcrumbList","@id":"https:\/\/fashionuniversum.com\/?product=olavoga-simbi-felso#breadcrumb","itemListElement":[{"@type":"ListItem","position":1,"name":"Kezd\u0151lap","item":"https:\/\/fashionuniversum.com\/"},{"@type":"ListItem","position":2,"name":"Kezd\u0151lap","item":"https:\/\/fashionuniversum.com\/"},{"@type":"ListItem","position":3,"name":"OLAVOGA SIMBI fels\u0151"}]},{"@type":"WebSite","@id":"https:\/\/fashionuniversum.com\/#website","url":"https:\/\/fashionuniversum.com\/","name":"Fashion Universum","description":"","publisher":{"@id":"https:\/\/fashionuniversum.com\/#organization"},"potentialAction":[{"@type":"SearchAction","target":{"@type":"EntryPoint","urlTemplate":"https:\/\/fashionuniversum.com\/?s={search_term_string}"},"query-input":{"@type":"PropertyValueSpecification","valueRequired":true,"valueName":"search_term_string"}}],"inLanguage":"hu"},{"@type":"Organization","@id":"https:\/\/fashionuniversum.com\/#organization","name":"Fashion Universum","url":"https:\/\/fashionuniversum.com\/","logo":{"@type":"ImageObject","inLanguage":"hu","@id":"https:\/\/fashionuniversum.com\/#\/schema\/logo\/image\/","url":"https:\/\/fashionuniversum.com\/wp-content\/uploads\/2026\/02\/cropped-cropped-imaaage.jpg","contentUrl":"https:\/\/fashionuniversum.com\/wp-content\/uploads\/2026\/02\/cropped-cropped-imaaage.jpg","width":1389,"height":285,"caption":"Fashion Universum"},"image":{"@id":"https:\/\/fashionuniversum.com\/#\/schema\/logo\/image\/"}}]}},"_links":{"self":[{"href":"https:\/\/fashionuniversum.com\/index.php?rest_route=\/wp\/v2\/product\/2169","targetHints":{"allow":["GET"]}}],"collection":[{"href":"https:\/\/fashionuniversum.com\/index.php?rest_route=\/wp\/v2\/product"}],"about":[{"href":"https:\/\/fashionuniversum.com\/index.php?rest_route=\/wp\/v2\/types\/product"}],"wp:featuredmedia":[{"embeddable":true,"href":"https:\/\/fashionuniversum.com\/index.php?rest_route=\/wp\/v2\/media\/2209"}],"wp:attachment":[{"href":"https:\/\/fashionuniversum.com\/index.php?rest_route=%2Fwp%2Fv2%2Fmedia&parent=2169"}],"wp:term":[{"taxonomy":"product_brand","embeddable":true,"href":"https:\/\/fashionuniversum.com\/index.php?rest_route=%2Fwp%2Fv2%2Fproduct_brand&post=2169"},{"taxonomy":"product_cat","embeddable":true,"href":"https:\/\/fashionuniversum.com\/index.php?rest_route=%2Fwp%2Fv2%2Fproduct_cat&post=2169"},{"taxonomy":"product_tag","embeddable":true,"href":"https:\/\/fashionuniversum.com\/index.php?rest_route=%2Fwp%2Fv2%2Fproduct_tag&post=2169"}],"curies":[{"name":"wp","href":"https:\/\/api.w.org\/{rel}","templated":true}]}}