{"id":2150,"date":"2026-01-22T14:11:14","date_gmt":"2026-01-22T14:11:14","guid":{"rendered":"https:\/\/fashionuniversum.com\/?post_type=product&#038;p=2150"},"modified":"2026-03-02T12:56:11","modified_gmt":"2026-03-02T12:56:11","slug":"olavoga-linos-pulover","status":"publish","type":"product","link":"https:\/\/fashionuniversum.com\/?product=olavoga-linos-pulover","title":{"rendered":"OLAVOGA LINOS pul\u00f3ver"},"content":{"rendered":"<p>OLAVOGA LINOS pul\u00f3ver<\/p>\n<p>Sportos, r\u00f6videbb fazon\u00fa cipz\u00e1ras pul\u00f3ver. Puha, rugalmas anyagb\u00f3l, \u00e1ll\u00edthat\u00f3 kapucnival\/kiv\u00e1g\u00e1ssal \u00e9s praktikus r\u00e9szletekkel. El\u00f6l log\u00f3val.<\/p>\n<p>\u00d6sszet\u00e9tel: 70% pamut, 30% poli\u00e9szter<\/p>\n<p>El\u00e9rhet\u0151 m\u00e9retek: S, M<br \/>\nM\u00e9rett\u00e1bl\u00e1zat (cm):<\/p>\n<p>S: mellkasb\u0151s\u00e9g 100 cm, teljes hossz 50 cm, bels\u0151 ujjhossz 52 cm, k\u00fcls\u0151 ujjhossz 56 cm<br \/>\nM: mellkasb\u0151s\u00e9g 102 cm, teljes hossz 51 cm, bels\u0151 ujjhossz 53 cm, k\u00fcls\u0151 ujjhossz 57 cm<\/p>\n","protected":false},"excerpt":{"rendered":"<p>OLAVOGA LINOS pul\u00f3ver Sportos, r\u00f6videbb fazon\u00fa cipz\u00e1ras pul\u00f3ver. Puha, rugalmas anyagb\u00f3l, \u00e1ll\u00edthat\u00f3 kapucnival\/kiv\u00e1g\u00e1ssal \u00e9s praktikus r\u00e9szletekkel. El\u00f6l log\u00f3val. \u00d6sszet\u00e9tel: 70% pamut, 30% poli\u00e9szter El\u00e9rhet\u0151 m\u00e9retek: &hellip; <\/p>\n","protected":false},"featured_media":2189,"template":"","meta":[],"product_brand":[78],"product_cat":[16,19,28,25,41],"product_tag":[],"class_list":{"0":"post-2150","1":"product","2":"type-product","3":"status-publish","4":"has-post-thumbnail","6":"product_brand-olavoga","7":"product_cat-akcios-termekek","8":"product_cat-markak","9":"product_cat-olavoga","10":"product_cat-noi-ruhazat-hu","11":"product_cat-puloverek","13":"first","14":"instock","15":"sale","16":"shipping-taxable","17":"purchasable","18":"product-type-variable"},"yoast_head":"<!-- This site is optimized with the Yoast SEO plugin v26.7 - https:\/\/yoast.com\/wordpress\/plugins\/seo\/ -->\n<title>OLAVOGA LINOS pul\u00f3ver - Fashion Universum<\/title>\n<meta name=\"description\" content=\"OLAVOGA LINOS pul\u00f3ver Puha, rugalmas anyagb\u00f3l, \u00e1ll\u00edthat\u00f3 kapucnival\/kiv\u00e1g\u00e1ssal \u00e9s praktikus r\u00e9szletekkel. El\u00f6l log\u00f3val.\u00d6sszet\u00e9tel: 70% pamut, 30% poli\u00e9szter\" \/>\n<meta name=\"robots\" content=\"index, follow, max-snippet:-1, max-image-preview:large, max-video-preview:-1\" \/>\n<link rel=\"canonical\" href=\"https:\/\/fashionuniversum.com\/?product=olavoga-linos-pulover\" \/>\n<meta property=\"og:locale\" content=\"hu_HU\" \/>\n<meta property=\"og:type\" content=\"article\" \/>\n<meta property=\"og:title\" content=\"OLAVOGA LINOS pul\u00f3ver - Fashion Universum\" \/>\n<meta property=\"og:description\" content=\"OLAVOGA LINOS pul\u00f3ver Puha, rugalmas anyagb\u00f3l, \u00e1ll\u00edthat\u00f3 kapucnival\/kiv\u00e1g\u00e1ssal \u00e9s praktikus r\u00e9szletekkel. El\u00f6l log\u00f3val.\u00d6sszet\u00e9tel: 70% pamut, 30% poli\u00e9szter\" \/>\n<meta property=\"og:url\" content=\"https:\/\/fashionuniversum.com\/?product=olavoga-linos-pulover\" \/>\n<meta property=\"og:site_name\" content=\"Fashion Universum\" \/>\n<meta property=\"article:modified_time\" content=\"2026-03-02T12:56:11+00:00\" \/>\n<meta property=\"og:image\" content=\"https:\/\/fashionuniversum.com\/wp-content\/uploads\/2026\/01\/bluza-LINOS-899-scaled-1.jpg\" \/>\n\t<meta property=\"og:image:width\" content=\"1920\" \/>\n\t<meta property=\"og:image:height\" content=\"2560\" \/>\n\t<meta property=\"og:image:type\" content=\"image\/jpeg\" \/>\n<meta name=\"twitter:card\" content=\"summary_large_image\" \/>\n<meta name=\"twitter:label1\" content=\"Becs\u00fclt olvas\u00e1si id\u0151\" \/>\n\t<meta name=\"twitter:data1\" content=\"1 perc\" \/>\n<script type=\"application\/ld+json\" class=\"yoast-schema-graph\">{\"@context\":\"https:\/\/schema.org\",\"@graph\":[{\"@type\":\"WebPage\",\"@id\":\"https:\/\/fashionuniversum.com\/?product=olavoga-linos-pulover\",\"url\":\"https:\/\/fashionuniversum.com\/?product=olavoga-linos-pulover\",\"name\":\"OLAVOGA LINOS pul\u00f3ver - Fashion Universum\",\"isPartOf\":{\"@id\":\"https:\/\/fashionuniversum.com\/#website\"},\"primaryImageOfPage\":{\"@id\":\"https:\/\/fashionuniversum.com\/?product=olavoga-linos-pulover#primaryimage\"},\"image\":{\"@id\":\"https:\/\/fashionuniversum.com\/?product=olavoga-linos-pulover#primaryimage\"},\"thumbnailUrl\":\"https:\/\/fashionuniversum.com\/wp-content\/uploads\/2026\/01\/bluza-LINOS-899-scaled-1.jpg\",\"datePublished\":\"2026-01-22T14:11:14+00:00\",\"dateModified\":\"2026-03-02T12:56:11+00:00\",\"description\":\"OLAVOGA LINOS pul\u00f3ver Puha, rugalmas anyagb\u00f3l, \u00e1ll\u00edthat\u00f3 kapucnival\/kiv\u00e1g\u00e1ssal \u00e9s praktikus r\u00e9szletekkel. El\u00f6l log\u00f3val.\u00d6sszet\u00e9tel: 70% pamut, 30% poli\u00e9szter\",\"breadcrumb\":{\"@id\":\"https:\/\/fashionuniversum.com\/?product=olavoga-linos-pulover#breadcrumb\"},\"inLanguage\":\"hu\",\"potentialAction\":[{\"@type\":\"ReadAction\",\"target\":[\"https:\/\/fashionuniversum.com\/?product=olavoga-linos-pulover\"]}]},{\"@type\":\"ImageObject\",\"inLanguage\":\"hu\",\"@id\":\"https:\/\/fashionuniversum.com\/?product=olavoga-linos-pulover#primaryimage\",\"url\":\"https:\/\/fashionuniversum.com\/wp-content\/uploads\/2026\/01\/bluza-LINOS-899-scaled-1.jpg\",\"contentUrl\":\"https:\/\/fashionuniversum.com\/wp-content\/uploads\/2026\/01\/bluza-LINOS-899-scaled-1.jpg\",\"width\":1920,\"height\":2560,\"caption\":\"OLAVOGA LINOS pul\u00f3ver\"},{\"@type\":\"BreadcrumbList\",\"@id\":\"https:\/\/fashionuniversum.com\/?product=olavoga-linos-pulover#breadcrumb\",\"itemListElement\":[{\"@type\":\"ListItem\",\"position\":1,\"name\":\"Kezd\u0151lap\",\"item\":\"https:\/\/fashionuniversum.com\/\"},{\"@type\":\"ListItem\",\"position\":2,\"name\":\"Kezd\u0151lap\",\"item\":\"https:\/\/fashionuniversum.com\/\"},{\"@type\":\"ListItem\",\"position\":3,\"name\":\"OLAVOGA LINOS pul\u00f3ver\"}]},{\"@type\":\"WebSite\",\"@id\":\"https:\/\/fashionuniversum.com\/#website\",\"url\":\"https:\/\/fashionuniversum.com\/\",\"name\":\"Fashion Universum\",\"description\":\"\",\"publisher\":{\"@id\":\"https:\/\/fashionuniversum.com\/#organization\"},\"potentialAction\":[{\"@type\":\"SearchAction\",\"target\":{\"@type\":\"EntryPoint\",\"urlTemplate\":\"https:\/\/fashionuniversum.com\/?s={search_term_string}\"},\"query-input\":{\"@type\":\"PropertyValueSpecification\",\"valueRequired\":true,\"valueName\":\"search_term_string\"}}],\"inLanguage\":\"hu\"},{\"@type\":\"Organization\",\"@id\":\"https:\/\/fashionuniversum.com\/#organization\",\"name\":\"Fashion Universum\",\"url\":\"https:\/\/fashionuniversum.com\/\",\"logo\":{\"@type\":\"ImageObject\",\"inLanguage\":\"hu\",\"@id\":\"https:\/\/fashionuniversum.com\/#\/schema\/logo\/image\/\",\"url\":\"https:\/\/fashionuniversum.com\/wp-content\/uploads\/2026\/02\/cropped-cropped-imaaage.jpg\",\"contentUrl\":\"https:\/\/fashionuniversum.com\/wp-content\/uploads\/2026\/02\/cropped-cropped-imaaage.jpg\",\"width\":1389,\"height\":285,\"caption\":\"Fashion Universum\"},\"image\":{\"@id\":\"https:\/\/fashionuniversum.com\/#\/schema\/logo\/image\/\"}}]}<\/script>\n<!-- \/ Yoast SEO plugin. -->","yoast_head_json":{"title":"OLAVOGA LINOS pul\u00f3ver - Fashion Universum","description":"OLAVOGA LINOS pul\u00f3ver Puha, rugalmas anyagb\u00f3l, \u00e1ll\u00edthat\u00f3 kapucnival\/kiv\u00e1g\u00e1ssal \u00e9s praktikus r\u00e9szletekkel. El\u00f6l log\u00f3val.\u00d6sszet\u00e9tel: 70% pamut, 30% poli\u00e9szter","robots":{"index":"index","follow":"follow","max-snippet":"max-snippet:-1","max-image-preview":"max-image-preview:large","max-video-preview":"max-video-preview:-1"},"canonical":"https:\/\/fashionuniversum.com\/?product=olavoga-linos-pulover","og_locale":"hu_HU","og_type":"article","og_title":"OLAVOGA LINOS pul\u00f3ver - Fashion Universum","og_description":"OLAVOGA LINOS pul\u00f3ver Puha, rugalmas anyagb\u00f3l, \u00e1ll\u00edthat\u00f3 kapucnival\/kiv\u00e1g\u00e1ssal \u00e9s praktikus r\u00e9szletekkel. El\u00f6l log\u00f3val.\u00d6sszet\u00e9tel: 70% pamut, 30% poli\u00e9szter","og_url":"https:\/\/fashionuniversum.com\/?product=olavoga-linos-pulover","og_site_name":"Fashion Universum","article_modified_time":"2026-03-02T12:56:11+00:00","og_image":[{"width":1920,"height":2560,"url":"https:\/\/fashionuniversum.com\/wp-content\/uploads\/2026\/01\/bluza-LINOS-899-scaled-1.jpg","type":"image\/jpeg"}],"twitter_card":"summary_large_image","twitter_misc":{"Becs\u00fclt olvas\u00e1si id\u0151":"1 perc"},"schema":{"@context":"https:\/\/schema.org","@graph":[{"@type":"WebPage","@id":"https:\/\/fashionuniversum.com\/?product=olavoga-linos-pulover","url":"https:\/\/fashionuniversum.com\/?product=olavoga-linos-pulover","name":"OLAVOGA LINOS pul\u00f3ver - Fashion Universum","isPartOf":{"@id":"https:\/\/fashionuniversum.com\/#website"},"primaryImageOfPage":{"@id":"https:\/\/fashionuniversum.com\/?product=olavoga-linos-pulover#primaryimage"},"image":{"@id":"https:\/\/fashionuniversum.com\/?product=olavoga-linos-pulover#primaryimage"},"thumbnailUrl":"https:\/\/fashionuniversum.com\/wp-content\/uploads\/2026\/01\/bluza-LINOS-899-scaled-1.jpg","datePublished":"2026-01-22T14:11:14+00:00","dateModified":"2026-03-02T12:56:11+00:00","description":"OLAVOGA LINOS pul\u00f3ver Puha, rugalmas anyagb\u00f3l, \u00e1ll\u00edthat\u00f3 kapucnival\/kiv\u00e1g\u00e1ssal \u00e9s praktikus r\u00e9szletekkel. El\u00f6l log\u00f3val.\u00d6sszet\u00e9tel: 70% pamut, 30% poli\u00e9szter","breadcrumb":{"@id":"https:\/\/fashionuniversum.com\/?product=olavoga-linos-pulover#breadcrumb"},"inLanguage":"hu","potentialAction":[{"@type":"ReadAction","target":["https:\/\/fashionuniversum.com\/?product=olavoga-linos-pulover"]}]},{"@type":"ImageObject","inLanguage":"hu","@id":"https:\/\/fashionuniversum.com\/?product=olavoga-linos-pulover#primaryimage","url":"https:\/\/fashionuniversum.com\/wp-content\/uploads\/2026\/01\/bluza-LINOS-899-scaled-1.jpg","contentUrl":"https:\/\/fashionuniversum.com\/wp-content\/uploads\/2026\/01\/bluza-LINOS-899-scaled-1.jpg","width":1920,"height":2560,"caption":"OLAVOGA LINOS pul\u00f3ver"},{"@type":"BreadcrumbList","@id":"https:\/\/fashionuniversum.com\/?product=olavoga-linos-pulover#breadcrumb","itemListElement":[{"@type":"ListItem","position":1,"name":"Kezd\u0151lap","item":"https:\/\/fashionuniversum.com\/"},{"@type":"ListItem","position":2,"name":"Kezd\u0151lap","item":"https:\/\/fashionuniversum.com\/"},{"@type":"ListItem","position":3,"name":"OLAVOGA LINOS pul\u00f3ver"}]},{"@type":"WebSite","@id":"https:\/\/fashionuniversum.com\/#website","url":"https:\/\/fashionuniversum.com\/","name":"Fashion Universum","description":"","publisher":{"@id":"https:\/\/fashionuniversum.com\/#organization"},"potentialAction":[{"@type":"SearchAction","target":{"@type":"EntryPoint","urlTemplate":"https:\/\/fashionuniversum.com\/?s={search_term_string}"},"query-input":{"@type":"PropertyValueSpecification","valueRequired":true,"valueName":"search_term_string"}}],"inLanguage":"hu"},{"@type":"Organization","@id":"https:\/\/fashionuniversum.com\/#organization","name":"Fashion Universum","url":"https:\/\/fashionuniversum.com\/","logo":{"@type":"ImageObject","inLanguage":"hu","@id":"https:\/\/fashionuniversum.com\/#\/schema\/logo\/image\/","url":"https:\/\/fashionuniversum.com\/wp-content\/uploads\/2026\/02\/cropped-cropped-imaaage.jpg","contentUrl":"https:\/\/fashionuniversum.com\/wp-content\/uploads\/2026\/02\/cropped-cropped-imaaage.jpg","width":1389,"height":285,"caption":"Fashion Universum"},"image":{"@id":"https:\/\/fashionuniversum.com\/#\/schema\/logo\/image\/"}}]}},"_links":{"self":[{"href":"https:\/\/fashionuniversum.com\/index.php?rest_route=\/wp\/v2\/product\/2150","targetHints":{"allow":["GET"]}}],"collection":[{"href":"https:\/\/fashionuniversum.com\/index.php?rest_route=\/wp\/v2\/product"}],"about":[{"href":"https:\/\/fashionuniversum.com\/index.php?rest_route=\/wp\/v2\/types\/product"}],"wp:featuredmedia":[{"embeddable":true,"href":"https:\/\/fashionuniversum.com\/index.php?rest_route=\/wp\/v2\/media\/2189"}],"wp:attachment":[{"href":"https:\/\/fashionuniversum.com\/index.php?rest_route=%2Fwp%2Fv2%2Fmedia&parent=2150"}],"wp:term":[{"taxonomy":"product_brand","embeddable":true,"href":"https:\/\/fashionuniversum.com\/index.php?rest_route=%2Fwp%2Fv2%2Fproduct_brand&post=2150"},{"taxonomy":"product_cat","embeddable":true,"href":"https:\/\/fashionuniversum.com\/index.php?rest_route=%2Fwp%2Fv2%2Fproduct_cat&post=2150"},{"taxonomy":"product_tag","embeddable":true,"href":"https:\/\/fashionuniversum.com\/index.php?rest_route=%2Fwp%2Fv2%2Fproduct_tag&post=2150"}],"curies":[{"name":"wp","href":"https:\/\/api.w.org\/{rel}","templated":true}]}}