{"id":2139,"date":"2026-01-22T14:11:14","date_gmt":"2026-01-22T14:11:14","guid":{"rendered":"https:\/\/fashionuniversum.com\/?post_type=product&#038;p=2139"},"modified":"2026-03-13T20:49:48","modified_gmt":"2026-03-13T20:49:48","slug":"olavoga-fitzy-leggings","status":"publish","type":"product","link":"https:\/\/fashionuniversum.com\/?product=olavoga-fitzy-leggings","title":{"rendered":"OLAVOGA FITZY leggings"},"content":{"rendered":"<p>OLAVOGA FITZY leggings<\/p>\n<p>Magas derek\u00fa, testhez simul\u00f3 leggings. Rugalmas, sima tapint\u00e1s\u00fa anyagb\u00f3l, amely j\u00f3l tart \u00e9s k\u00f6veti a mozg\u00e1st. Oldalt visszafogott log\u00f3 d\u00edsz\u00edti.<\/p>\n<p>&nbsp;<\/p>\n<p>\u00d6sszet\u00e9tel: 90% poli\u00e9szter, 10% spandex<\/p>\n<p>&nbsp;<\/p>\n<p>El\u00e9rhet\u0151 m\u00e9retek: XS, S, M, L<\/p>\n<h2>M\u00e9rett\u00e1bl\u00e1zat (cm):<\/h2>\n<ul>\n<li>XS: der\u00e9kb\u0151s\u00e9g 62 cm, cs\u00edp\u0151b\u0151s\u00e9g 66 cm, teljes hossz 94 cm, bels\u0151 sz\u00e1rhossz 69 cm, k\u00fcls\u0151 sz\u00e1rhossz 86 cm, \u00fcl\u00e9smagass\u00e1g 25 cm<\/li>\n<li>S: der\u00e9kb\u0151s\u00e9g 64 cm, cs\u00edp\u0151b\u0151s\u00e9g 68 cm, teljes hossz 95 cm, bels\u0151 sz\u00e1rhossz 70 cm, k\u00fcls\u0151 sz\u00e1rhossz 87 cm, \u00fcl\u00e9smagass\u00e1g 26 cm<\/li>\n<li>M: der\u00e9kb\u0151s\u00e9g 66 cm, cs\u00edp\u0151b\u0151s\u00e9g 70 cm, teljes hossz 96 cm, bels\u0151 sz\u00e1rhossz 71 cm, k\u00fcls\u0151 sz\u00e1rhossz 88 cm, \u00fcl\u00e9smagass\u00e1g 27 cm<\/li>\n<li>L: der\u00e9kb\u0151s\u00e9g 68 cm, cs\u00edp\u0151b\u0151s\u00e9g 72 cm, teljes hossz 97 cm, bels\u0151 sz\u00e1rhossz 72 cm, k\u00fcls\u0151 sz\u00e1rhossz 89 cm, \u00fcl\u00e9smagass\u00e1g 28 cm<\/li>\n<\/ul>\n","protected":false},"excerpt":{"rendered":"<p>OLAVOGA FITZY leggings Magas derek\u00fa, testhez simul\u00f3 leggings. Rugalmas, sima tapint\u00e1s\u00fa anyagb\u00f3l, amely j\u00f3l tart \u00e9s k\u00f6veti a mozg\u00e1st. Oldalt visszafogott log\u00f3 d\u00edsz\u00edti. &nbsp; \u00d6sszet\u00e9tel: &hellip; <\/p>\n","protected":false},"featured_media":2179,"template":"","meta":[],"product_brand":[78],"product_cat":[19,28,25,43],"product_tag":[],"class_list":{"0":"post-2139","1":"product","2":"type-product","3":"status-publish","4":"has-post-thumbnail","6":"product_brand-olavoga","7":"product_cat-markak","8":"product_cat-olavoga","9":"product_cat-noi-ruhazat-hu","10":"product_cat-leggingsek-nadragok","12":"first","13":"instock","14":"shipping-taxable","15":"purchasable","16":"product-type-variable"},"yoast_head":"<!-- This site is optimized with the Yoast SEO plugin v26.7 - https:\/\/yoast.com\/wordpress\/plugins\/seo\/ -->\n<title>OLAVOGA FITZY leggings - Fashion Universum<\/title>\n<meta name=\"description\" content=\"OLAVOGA FITZY leggings. Magas derek\u00fa, testhez simul\u00f3 leggings. Rugalmas, sima tapint\u00e1s\u00fa anyagb\u00f3l, amely j\u00f3l tart \u00e9s k\u00f6veti a mozg\u00e1st.\" \/>\n<meta name=\"robots\" content=\"index, follow, max-snippet:-1, max-image-preview:large, max-video-preview:-1\" \/>\n<link rel=\"canonical\" href=\"https:\/\/fashionuniversum.com\/?product=olavoga-fitzy-leggings\" \/>\n<meta property=\"og:locale\" content=\"hu_HU\" \/>\n<meta property=\"og:type\" content=\"article\" \/>\n<meta property=\"og:title\" content=\"OLAVOGA FITZY leggings - Fashion Universum\" \/>\n<meta property=\"og:description\" content=\"OLAVOGA FITZY leggings. Magas derek\u00fa, testhez simul\u00f3 leggings. Rugalmas, sima tapint\u00e1s\u00fa anyagb\u00f3l, amely j\u00f3l tart \u00e9s k\u00f6veti a mozg\u00e1st.\" \/>\n<meta property=\"og:url\" content=\"https:\/\/fashionuniversum.com\/?product=olavoga-fitzy-leggings\" \/>\n<meta property=\"og:site_name\" content=\"Fashion Universum\" \/>\n<meta property=\"article:modified_time\" content=\"2026-03-13T20:49:48+00:00\" \/>\n<meta property=\"og:image\" content=\"https:\/\/fashionuniversum.com\/wp-content\/uploads\/2026\/01\/legginsy-FITZY-039-masolata-masolata-scaled-1.jpg\" \/>\n\t<meta property=\"og:image:width\" content=\"1920\" \/>\n\t<meta property=\"og:image:height\" content=\"2560\" \/>\n\t<meta property=\"og:image:type\" content=\"image\/jpeg\" \/>\n<meta name=\"twitter:card\" content=\"summary_large_image\" \/>\n<meta name=\"twitter:label1\" content=\"Becs\u00fclt olvas\u00e1si id\u0151\" \/>\n\t<meta name=\"twitter:data1\" content=\"1 perc\" \/>\n<script type=\"application\/ld+json\" class=\"yoast-schema-graph\">{\"@context\":\"https:\/\/schema.org\",\"@graph\":[{\"@type\":\"WebPage\",\"@id\":\"https:\/\/fashionuniversum.com\/?product=olavoga-fitzy-leggings\",\"url\":\"https:\/\/fashionuniversum.com\/?product=olavoga-fitzy-leggings\",\"name\":\"OLAVOGA FITZY leggings - Fashion Universum\",\"isPartOf\":{\"@id\":\"https:\/\/fashionuniversum.com\/#website\"},\"primaryImageOfPage\":{\"@id\":\"https:\/\/fashionuniversum.com\/?product=olavoga-fitzy-leggings#primaryimage\"},\"image\":{\"@id\":\"https:\/\/fashionuniversum.com\/?product=olavoga-fitzy-leggings#primaryimage\"},\"thumbnailUrl\":\"https:\/\/fashionuniversum.com\/wp-content\/uploads\/2026\/01\/legginsy-FITZY-039-masolata-masolata-scaled-1.jpg\",\"datePublished\":\"2026-01-22T14:11:14+00:00\",\"dateModified\":\"2026-03-13T20:49:48+00:00\",\"description\":\"OLAVOGA FITZY leggings. Magas derek\u00fa, testhez simul\u00f3 leggings. Rugalmas, sima tapint\u00e1s\u00fa anyagb\u00f3l, amely j\u00f3l tart \u00e9s k\u00f6veti a mozg\u00e1st.\",\"breadcrumb\":{\"@id\":\"https:\/\/fashionuniversum.com\/?product=olavoga-fitzy-leggings#breadcrumb\"},\"inLanguage\":\"hu\",\"potentialAction\":[{\"@type\":\"ReadAction\",\"target\":[\"https:\/\/fashionuniversum.com\/?product=olavoga-fitzy-leggings\"]}]},{\"@type\":\"ImageObject\",\"inLanguage\":\"hu\",\"@id\":\"https:\/\/fashionuniversum.com\/?product=olavoga-fitzy-leggings#primaryimage\",\"url\":\"https:\/\/fashionuniversum.com\/wp-content\/uploads\/2026\/01\/legginsy-FITZY-039-masolata-masolata-scaled-1.jpg\",\"contentUrl\":\"https:\/\/fashionuniversum.com\/wp-content\/uploads\/2026\/01\/legginsy-FITZY-039-masolata-masolata-scaled-1.jpg\",\"width\":1920,\"height\":2560,\"caption\":\"OLAVOGA FITZY leggings\"},{\"@type\":\"BreadcrumbList\",\"@id\":\"https:\/\/fashionuniversum.com\/?product=olavoga-fitzy-leggings#breadcrumb\",\"itemListElement\":[{\"@type\":\"ListItem\",\"position\":1,\"name\":\"Kezd\u0151lap\",\"item\":\"https:\/\/fashionuniversum.com\/\"},{\"@type\":\"ListItem\",\"position\":2,\"name\":\"Kezd\u0151lap\",\"item\":\"https:\/\/fashionuniversum.com\/\"},{\"@type\":\"ListItem\",\"position\":3,\"name\":\"OLAVOGA FITZY leggings\"}]},{\"@type\":\"WebSite\",\"@id\":\"https:\/\/fashionuniversum.com\/#website\",\"url\":\"https:\/\/fashionuniversum.com\/\",\"name\":\"Fashion Universum\",\"description\":\"\",\"publisher\":{\"@id\":\"https:\/\/fashionuniversum.com\/#organization\"},\"potentialAction\":[{\"@type\":\"SearchAction\",\"target\":{\"@type\":\"EntryPoint\",\"urlTemplate\":\"https:\/\/fashionuniversum.com\/?s={search_term_string}\"},\"query-input\":{\"@type\":\"PropertyValueSpecification\",\"valueRequired\":true,\"valueName\":\"search_term_string\"}}],\"inLanguage\":\"hu\"},{\"@type\":\"Organization\",\"@id\":\"https:\/\/fashionuniversum.com\/#organization\",\"name\":\"Fashion Universum\",\"url\":\"https:\/\/fashionuniversum.com\/\",\"logo\":{\"@type\":\"ImageObject\",\"inLanguage\":\"hu\",\"@id\":\"https:\/\/fashionuniversum.com\/#\/schema\/logo\/image\/\",\"url\":\"https:\/\/fashionuniversum.com\/wp-content\/uploads\/2026\/02\/cropped-cropped-imaaage.jpg\",\"contentUrl\":\"https:\/\/fashionuniversum.com\/wp-content\/uploads\/2026\/02\/cropped-cropped-imaaage.jpg\",\"width\":1389,\"height\":285,\"caption\":\"Fashion Universum\"},\"image\":{\"@id\":\"https:\/\/fashionuniversum.com\/#\/schema\/logo\/image\/\"}}]}<\/script>\n<!-- \/ Yoast SEO plugin. -->","yoast_head_json":{"title":"OLAVOGA FITZY leggings - Fashion Universum","description":"OLAVOGA FITZY leggings. Magas derek\u00fa, testhez simul\u00f3 leggings. Rugalmas, sima tapint\u00e1s\u00fa anyagb\u00f3l, amely j\u00f3l tart \u00e9s k\u00f6veti a mozg\u00e1st.","robots":{"index":"index","follow":"follow","max-snippet":"max-snippet:-1","max-image-preview":"max-image-preview:large","max-video-preview":"max-video-preview:-1"},"canonical":"https:\/\/fashionuniversum.com\/?product=olavoga-fitzy-leggings","og_locale":"hu_HU","og_type":"article","og_title":"OLAVOGA FITZY leggings - Fashion Universum","og_description":"OLAVOGA FITZY leggings. Magas derek\u00fa, testhez simul\u00f3 leggings. Rugalmas, sima tapint\u00e1s\u00fa anyagb\u00f3l, amely j\u00f3l tart \u00e9s k\u00f6veti a mozg\u00e1st.","og_url":"https:\/\/fashionuniversum.com\/?product=olavoga-fitzy-leggings","og_site_name":"Fashion Universum","article_modified_time":"2026-03-13T20:49:48+00:00","og_image":[{"width":1920,"height":2560,"url":"https:\/\/fashionuniversum.com\/wp-content\/uploads\/2026\/01\/legginsy-FITZY-039-masolata-masolata-scaled-1.jpg","type":"image\/jpeg"}],"twitter_card":"summary_large_image","twitter_misc":{"Becs\u00fclt olvas\u00e1si id\u0151":"1 perc"},"schema":{"@context":"https:\/\/schema.org","@graph":[{"@type":"WebPage","@id":"https:\/\/fashionuniversum.com\/?product=olavoga-fitzy-leggings","url":"https:\/\/fashionuniversum.com\/?product=olavoga-fitzy-leggings","name":"OLAVOGA FITZY leggings - Fashion Universum","isPartOf":{"@id":"https:\/\/fashionuniversum.com\/#website"},"primaryImageOfPage":{"@id":"https:\/\/fashionuniversum.com\/?product=olavoga-fitzy-leggings#primaryimage"},"image":{"@id":"https:\/\/fashionuniversum.com\/?product=olavoga-fitzy-leggings#primaryimage"},"thumbnailUrl":"https:\/\/fashionuniversum.com\/wp-content\/uploads\/2026\/01\/legginsy-FITZY-039-masolata-masolata-scaled-1.jpg","datePublished":"2026-01-22T14:11:14+00:00","dateModified":"2026-03-13T20:49:48+00:00","description":"OLAVOGA FITZY leggings. Magas derek\u00fa, testhez simul\u00f3 leggings. Rugalmas, sima tapint\u00e1s\u00fa anyagb\u00f3l, amely j\u00f3l tart \u00e9s k\u00f6veti a mozg\u00e1st.","breadcrumb":{"@id":"https:\/\/fashionuniversum.com\/?product=olavoga-fitzy-leggings#breadcrumb"},"inLanguage":"hu","potentialAction":[{"@type":"ReadAction","target":["https:\/\/fashionuniversum.com\/?product=olavoga-fitzy-leggings"]}]},{"@type":"ImageObject","inLanguage":"hu","@id":"https:\/\/fashionuniversum.com\/?product=olavoga-fitzy-leggings#primaryimage","url":"https:\/\/fashionuniversum.com\/wp-content\/uploads\/2026\/01\/legginsy-FITZY-039-masolata-masolata-scaled-1.jpg","contentUrl":"https:\/\/fashionuniversum.com\/wp-content\/uploads\/2026\/01\/legginsy-FITZY-039-masolata-masolata-scaled-1.jpg","width":1920,"height":2560,"caption":"OLAVOGA FITZY leggings"},{"@type":"BreadcrumbList","@id":"https:\/\/fashionuniversum.com\/?product=olavoga-fitzy-leggings#breadcrumb","itemListElement":[{"@type":"ListItem","position":1,"name":"Kezd\u0151lap","item":"https:\/\/fashionuniversum.com\/"},{"@type":"ListItem","position":2,"name":"Kezd\u0151lap","item":"https:\/\/fashionuniversum.com\/"},{"@type":"ListItem","position":3,"name":"OLAVOGA FITZY leggings"}]},{"@type":"WebSite","@id":"https:\/\/fashionuniversum.com\/#website","url":"https:\/\/fashionuniversum.com\/","name":"Fashion Universum","description":"","publisher":{"@id":"https:\/\/fashionuniversum.com\/#organization"},"potentialAction":[{"@type":"SearchAction","target":{"@type":"EntryPoint","urlTemplate":"https:\/\/fashionuniversum.com\/?s={search_term_string}"},"query-input":{"@type":"PropertyValueSpecification","valueRequired":true,"valueName":"search_term_string"}}],"inLanguage":"hu"},{"@type":"Organization","@id":"https:\/\/fashionuniversum.com\/#organization","name":"Fashion Universum","url":"https:\/\/fashionuniversum.com\/","logo":{"@type":"ImageObject","inLanguage":"hu","@id":"https:\/\/fashionuniversum.com\/#\/schema\/logo\/image\/","url":"https:\/\/fashionuniversum.com\/wp-content\/uploads\/2026\/02\/cropped-cropped-imaaage.jpg","contentUrl":"https:\/\/fashionuniversum.com\/wp-content\/uploads\/2026\/02\/cropped-cropped-imaaage.jpg","width":1389,"height":285,"caption":"Fashion Universum"},"image":{"@id":"https:\/\/fashionuniversum.com\/#\/schema\/logo\/image\/"}}]}},"_links":{"self":[{"href":"https:\/\/fashionuniversum.com\/index.php?rest_route=\/wp\/v2\/product\/2139","targetHints":{"allow":["GET"]}}],"collection":[{"href":"https:\/\/fashionuniversum.com\/index.php?rest_route=\/wp\/v2\/product"}],"about":[{"href":"https:\/\/fashionuniversum.com\/index.php?rest_route=\/wp\/v2\/types\/product"}],"wp:featuredmedia":[{"embeddable":true,"href":"https:\/\/fashionuniversum.com\/index.php?rest_route=\/wp\/v2\/media\/2179"}],"wp:attachment":[{"href":"https:\/\/fashionuniversum.com\/index.php?rest_route=%2Fwp%2Fv2%2Fmedia&parent=2139"}],"wp:term":[{"taxonomy":"product_brand","embeddable":true,"href":"https:\/\/fashionuniversum.com\/index.php?rest_route=%2Fwp%2Fv2%2Fproduct_brand&post=2139"},{"taxonomy":"product_cat","embeddable":true,"href":"https:\/\/fashionuniversum.com\/index.php?rest_route=%2Fwp%2Fv2%2Fproduct_cat&post=2139"},{"taxonomy":"product_tag","embeddable":true,"href":"https:\/\/fashionuniversum.com\/index.php?rest_route=%2Fwp%2Fv2%2Fproduct_tag&post=2139"}],"curies":[{"name":"wp","href":"https:\/\/api.w.org\/{rel}","templated":true}]}}