{"id":2119,"date":"2026-01-22T14:10:53","date_gmt":"2026-01-22T14:10:53","guid":{"rendered":"https:\/\/fashionuniversum.com\/?post_type=product&#038;p=2119"},"modified":"2026-03-05T18:50:48","modified_gmt":"2026-03-05T18:50:48","slug":"olavoga-tileses-felso","status":"publish","type":"product","link":"https:\/\/fashionuniversum.com\/?product=olavoga-tileses-felso","title":{"rendered":"OLAVOGA TILESES fels\u0151"},"content":{"rendered":"<p>OLAVOGA TILESES fels\u0151<\/p>\n<p>Enyh\u00e9n oversize, r\u00f6videbb fazon\u00fa kapucnis pul\u00f3ver. Puha dzs\u00f6rz\u00e9b\u0151l k\u00e9sz\u00fclt, cipz\u00e1ras z\u00e1r\u00f3d\u00e1ssal. El\u00f6l finom log\u00f3 r\u00e9szlettel.<\/p>\n<p>\u00d6sszet\u00e9tel: 80% pamut, 20% poli\u00e9szter<\/p>\n<p>El\u00e9rhet\u0151 m\u00e9retek: S, M, L<br \/>\nM\u00e9rett\u00e1bl\u00e1zat (cm):<\/p>\n<p>S: mellb\u0151s\u00e9g 108 cm, teljes hossz 55 cm, bels\u0151 ujjhossz 70 cm, k\u00fcls\u0151 ujjhossz 75 cm<br \/>\nM: mellb\u0151s\u00e9g 110 cm, teljes hossz 56 cm, bels\u0151 ujjhossz 71 cm, k\u00fcls\u0151 ujjhossz 76 cm<\/p>\n","protected":false},"excerpt":{"rendered":"<p>OLAVOGA TILESES fels\u0151 Enyh\u00e9n oversize, r\u00f6videbb fazon\u00fa kapucnis pul\u00f3ver. Puha dzs\u00f6rz\u00e9b\u0151l k\u00e9sz\u00fclt, cipz\u00e1ras z\u00e1r\u00f3d\u00e1ssal. El\u00f6l finom log\u00f3 r\u00e9szlettel. \u00d6sszet\u00e9tel: 80% pamut, 20% poli\u00e9szter El\u00e9rhet\u0151 m\u00e9retek: &hellip; <\/p>\n","protected":false},"featured_media":2162,"template":"","meta":[],"product_brand":[78],"product_cat":[16,19,28,25,40],"product_tag":[],"class_list":{"0":"post-2119","1":"product","2":"type-product","3":"status-publish","4":"has-post-thumbnail","6":"product_brand-olavoga","7":"product_cat-akcios-termekek","8":"product_cat-markak","9":"product_cat-olavoga","10":"product_cat-noi-ruhazat-hu","11":"product_cat-felsok-body-k","13":"first","14":"instock","15":"sale","16":"shipping-taxable","17":"purchasable","18":"product-type-variable"},"yoast_head":"<!-- This site is optimized with the Yoast SEO plugin v26.7 - https:\/\/yoast.com\/wordpress\/plugins\/seo\/ -->\n<title>OLAVOGA TILESES fels\u0151 - Fashion Universum<\/title>\n<meta name=\"description\" content=\"OLAVOGA TILESES fels\u0151. Enyh\u00e9n oversize, r\u00f6videbb fazon\u00fa kapucnis pul\u00f3ver. Puha dzs\u00f6rz\u00e9b\u0151l k\u00e9sz\u00fclt, cipz\u00e1ras z\u00e1r\u00f3d\u00e1ssal. El\u00f6l finom log\u00f3 r\u00e9szlettel.\" \/>\n<meta name=\"robots\" content=\"index, follow, max-snippet:-1, max-image-preview:large, max-video-preview:-1\" \/>\n<link rel=\"canonical\" href=\"https:\/\/fashionuniversum.com\/?product=olavoga-tileses-felso\" \/>\n<meta property=\"og:locale\" content=\"hu_HU\" \/>\n<meta property=\"og:type\" content=\"article\" \/>\n<meta property=\"og:title\" content=\"OLAVOGA TILESES fels\u0151 - Fashion Universum\" \/>\n<meta property=\"og:description\" content=\"OLAVOGA TILESES fels\u0151. Enyh\u00e9n oversize, r\u00f6videbb fazon\u00fa kapucnis pul\u00f3ver. Puha dzs\u00f6rz\u00e9b\u0151l k\u00e9sz\u00fclt, cipz\u00e1ras z\u00e1r\u00f3d\u00e1ssal. El\u00f6l finom log\u00f3 r\u00e9szlettel.\" \/>\n<meta property=\"og:url\" content=\"https:\/\/fashionuniversum.com\/?product=olavoga-tileses-felso\" \/>\n<meta property=\"og:site_name\" content=\"Fashion Universum\" \/>\n<meta property=\"article:modified_time\" content=\"2026-03-05T18:50:48+00:00\" \/>\n<meta property=\"og:image\" content=\"https:\/\/fashionuniversum.com\/wp-content\/uploads\/2026\/01\/bluzka-TILESES-437-scaled-1.jpg\" \/>\n\t<meta property=\"og:image:width\" content=\"1920\" \/>\n\t<meta property=\"og:image:height\" content=\"2560\" \/>\n\t<meta property=\"og:image:type\" content=\"image\/jpeg\" \/>\n<meta name=\"twitter:card\" content=\"summary_large_image\" \/>\n<meta name=\"twitter:label1\" content=\"Becs\u00fclt olvas\u00e1si id\u0151\" \/>\n\t<meta name=\"twitter:data1\" content=\"1 perc\" \/>\n<script type=\"application\/ld+json\" class=\"yoast-schema-graph\">{\"@context\":\"https:\/\/schema.org\",\"@graph\":[{\"@type\":\"WebPage\",\"@id\":\"https:\/\/fashionuniversum.com\/?product=olavoga-tileses-felso\",\"url\":\"https:\/\/fashionuniversum.com\/?product=olavoga-tileses-felso\",\"name\":\"OLAVOGA TILESES fels\u0151 - Fashion Universum\",\"isPartOf\":{\"@id\":\"https:\/\/fashionuniversum.com\/#website\"},\"primaryImageOfPage\":{\"@id\":\"https:\/\/fashionuniversum.com\/?product=olavoga-tileses-felso#primaryimage\"},\"image\":{\"@id\":\"https:\/\/fashionuniversum.com\/?product=olavoga-tileses-felso#primaryimage\"},\"thumbnailUrl\":\"https:\/\/fashionuniversum.com\/wp-content\/uploads\/2026\/01\/bluzka-TILESES-437-scaled-1.jpg\",\"datePublished\":\"2026-01-22T14:10:53+00:00\",\"dateModified\":\"2026-03-05T18:50:48+00:00\",\"description\":\"OLAVOGA TILESES fels\u0151. Enyh\u00e9n oversize, r\u00f6videbb fazon\u00fa kapucnis pul\u00f3ver. Puha dzs\u00f6rz\u00e9b\u0151l k\u00e9sz\u00fclt, cipz\u00e1ras z\u00e1r\u00f3d\u00e1ssal. El\u00f6l finom log\u00f3 r\u00e9szlettel.\",\"breadcrumb\":{\"@id\":\"https:\/\/fashionuniversum.com\/?product=olavoga-tileses-felso#breadcrumb\"},\"inLanguage\":\"hu\",\"potentialAction\":[{\"@type\":\"ReadAction\",\"target\":[\"https:\/\/fashionuniversum.com\/?product=olavoga-tileses-felso\"]}]},{\"@type\":\"ImageObject\",\"inLanguage\":\"hu\",\"@id\":\"https:\/\/fashionuniversum.com\/?product=olavoga-tileses-felso#primaryimage\",\"url\":\"https:\/\/fashionuniversum.com\/wp-content\/uploads\/2026\/01\/bluzka-TILESES-437-scaled-1.jpg\",\"contentUrl\":\"https:\/\/fashionuniversum.com\/wp-content\/uploads\/2026\/01\/bluzka-TILESES-437-scaled-1.jpg\",\"width\":1920,\"height\":2560,\"caption\":\"OLAVOGA TILESES fels\u0151\"},{\"@type\":\"BreadcrumbList\",\"@id\":\"https:\/\/fashionuniversum.com\/?product=olavoga-tileses-felso#breadcrumb\",\"itemListElement\":[{\"@type\":\"ListItem\",\"position\":1,\"name\":\"Kezd\u0151lap\",\"item\":\"https:\/\/fashionuniversum.com\/\"},{\"@type\":\"ListItem\",\"position\":2,\"name\":\"Kezd\u0151lap\",\"item\":\"https:\/\/fashionuniversum.com\/\"},{\"@type\":\"ListItem\",\"position\":3,\"name\":\"OLAVOGA TILESES fels\u0151\"}]},{\"@type\":\"WebSite\",\"@id\":\"https:\/\/fashionuniversum.com\/#website\",\"url\":\"https:\/\/fashionuniversum.com\/\",\"name\":\"Fashion Universum\",\"description\":\"\",\"publisher\":{\"@id\":\"https:\/\/fashionuniversum.com\/#organization\"},\"potentialAction\":[{\"@type\":\"SearchAction\",\"target\":{\"@type\":\"EntryPoint\",\"urlTemplate\":\"https:\/\/fashionuniversum.com\/?s={search_term_string}\"},\"query-input\":{\"@type\":\"PropertyValueSpecification\",\"valueRequired\":true,\"valueName\":\"search_term_string\"}}],\"inLanguage\":\"hu\"},{\"@type\":\"Organization\",\"@id\":\"https:\/\/fashionuniversum.com\/#organization\",\"name\":\"Fashion Universum\",\"url\":\"https:\/\/fashionuniversum.com\/\",\"logo\":{\"@type\":\"ImageObject\",\"inLanguage\":\"hu\",\"@id\":\"https:\/\/fashionuniversum.com\/#\/schema\/logo\/image\/\",\"url\":\"https:\/\/fashionuniversum.com\/wp-content\/uploads\/2026\/02\/cropped-cropped-imaaage.jpg\",\"contentUrl\":\"https:\/\/fashionuniversum.com\/wp-content\/uploads\/2026\/02\/cropped-cropped-imaaage.jpg\",\"width\":1389,\"height\":285,\"caption\":\"Fashion Universum\"},\"image\":{\"@id\":\"https:\/\/fashionuniversum.com\/#\/schema\/logo\/image\/\"}}]}<\/script>\n<!-- \/ Yoast SEO plugin. -->","yoast_head_json":{"title":"OLAVOGA TILESES fels\u0151 - Fashion Universum","description":"OLAVOGA TILESES fels\u0151. Enyh\u00e9n oversize, r\u00f6videbb fazon\u00fa kapucnis pul\u00f3ver. Puha dzs\u00f6rz\u00e9b\u0151l k\u00e9sz\u00fclt, cipz\u00e1ras z\u00e1r\u00f3d\u00e1ssal. El\u00f6l finom log\u00f3 r\u00e9szlettel.","robots":{"index":"index","follow":"follow","max-snippet":"max-snippet:-1","max-image-preview":"max-image-preview:large","max-video-preview":"max-video-preview:-1"},"canonical":"https:\/\/fashionuniversum.com\/?product=olavoga-tileses-felso","og_locale":"hu_HU","og_type":"article","og_title":"OLAVOGA TILESES fels\u0151 - Fashion Universum","og_description":"OLAVOGA TILESES fels\u0151. Enyh\u00e9n oversize, r\u00f6videbb fazon\u00fa kapucnis pul\u00f3ver. Puha dzs\u00f6rz\u00e9b\u0151l k\u00e9sz\u00fclt, cipz\u00e1ras z\u00e1r\u00f3d\u00e1ssal. El\u00f6l finom log\u00f3 r\u00e9szlettel.","og_url":"https:\/\/fashionuniversum.com\/?product=olavoga-tileses-felso","og_site_name":"Fashion Universum","article_modified_time":"2026-03-05T18:50:48+00:00","og_image":[{"width":1920,"height":2560,"url":"https:\/\/fashionuniversum.com\/wp-content\/uploads\/2026\/01\/bluzka-TILESES-437-scaled-1.jpg","type":"image\/jpeg"}],"twitter_card":"summary_large_image","twitter_misc":{"Becs\u00fclt olvas\u00e1si id\u0151":"1 perc"},"schema":{"@context":"https:\/\/schema.org","@graph":[{"@type":"WebPage","@id":"https:\/\/fashionuniversum.com\/?product=olavoga-tileses-felso","url":"https:\/\/fashionuniversum.com\/?product=olavoga-tileses-felso","name":"OLAVOGA TILESES fels\u0151 - Fashion Universum","isPartOf":{"@id":"https:\/\/fashionuniversum.com\/#website"},"primaryImageOfPage":{"@id":"https:\/\/fashionuniversum.com\/?product=olavoga-tileses-felso#primaryimage"},"image":{"@id":"https:\/\/fashionuniversum.com\/?product=olavoga-tileses-felso#primaryimage"},"thumbnailUrl":"https:\/\/fashionuniversum.com\/wp-content\/uploads\/2026\/01\/bluzka-TILESES-437-scaled-1.jpg","datePublished":"2026-01-22T14:10:53+00:00","dateModified":"2026-03-05T18:50:48+00:00","description":"OLAVOGA TILESES fels\u0151. Enyh\u00e9n oversize, r\u00f6videbb fazon\u00fa kapucnis pul\u00f3ver. Puha dzs\u00f6rz\u00e9b\u0151l k\u00e9sz\u00fclt, cipz\u00e1ras z\u00e1r\u00f3d\u00e1ssal. El\u00f6l finom log\u00f3 r\u00e9szlettel.","breadcrumb":{"@id":"https:\/\/fashionuniversum.com\/?product=olavoga-tileses-felso#breadcrumb"},"inLanguage":"hu","potentialAction":[{"@type":"ReadAction","target":["https:\/\/fashionuniversum.com\/?product=olavoga-tileses-felso"]}]},{"@type":"ImageObject","inLanguage":"hu","@id":"https:\/\/fashionuniversum.com\/?product=olavoga-tileses-felso#primaryimage","url":"https:\/\/fashionuniversum.com\/wp-content\/uploads\/2026\/01\/bluzka-TILESES-437-scaled-1.jpg","contentUrl":"https:\/\/fashionuniversum.com\/wp-content\/uploads\/2026\/01\/bluzka-TILESES-437-scaled-1.jpg","width":1920,"height":2560,"caption":"OLAVOGA TILESES fels\u0151"},{"@type":"BreadcrumbList","@id":"https:\/\/fashionuniversum.com\/?product=olavoga-tileses-felso#breadcrumb","itemListElement":[{"@type":"ListItem","position":1,"name":"Kezd\u0151lap","item":"https:\/\/fashionuniversum.com\/"},{"@type":"ListItem","position":2,"name":"Kezd\u0151lap","item":"https:\/\/fashionuniversum.com\/"},{"@type":"ListItem","position":3,"name":"OLAVOGA TILESES fels\u0151"}]},{"@type":"WebSite","@id":"https:\/\/fashionuniversum.com\/#website","url":"https:\/\/fashionuniversum.com\/","name":"Fashion Universum","description":"","publisher":{"@id":"https:\/\/fashionuniversum.com\/#organization"},"potentialAction":[{"@type":"SearchAction","target":{"@type":"EntryPoint","urlTemplate":"https:\/\/fashionuniversum.com\/?s={search_term_string}"},"query-input":{"@type":"PropertyValueSpecification","valueRequired":true,"valueName":"search_term_string"}}],"inLanguage":"hu"},{"@type":"Organization","@id":"https:\/\/fashionuniversum.com\/#organization","name":"Fashion Universum","url":"https:\/\/fashionuniversum.com\/","logo":{"@type":"ImageObject","inLanguage":"hu","@id":"https:\/\/fashionuniversum.com\/#\/schema\/logo\/image\/","url":"https:\/\/fashionuniversum.com\/wp-content\/uploads\/2026\/02\/cropped-cropped-imaaage.jpg","contentUrl":"https:\/\/fashionuniversum.com\/wp-content\/uploads\/2026\/02\/cropped-cropped-imaaage.jpg","width":1389,"height":285,"caption":"Fashion Universum"},"image":{"@id":"https:\/\/fashionuniversum.com\/#\/schema\/logo\/image\/"}}]}},"_links":{"self":[{"href":"https:\/\/fashionuniversum.com\/index.php?rest_route=\/wp\/v2\/product\/2119","targetHints":{"allow":["GET"]}}],"collection":[{"href":"https:\/\/fashionuniversum.com\/index.php?rest_route=\/wp\/v2\/product"}],"about":[{"href":"https:\/\/fashionuniversum.com\/index.php?rest_route=\/wp\/v2\/types\/product"}],"wp:featuredmedia":[{"embeddable":true,"href":"https:\/\/fashionuniversum.com\/index.php?rest_route=\/wp\/v2\/media\/2162"}],"wp:attachment":[{"href":"https:\/\/fashionuniversum.com\/index.php?rest_route=%2Fwp%2Fv2%2Fmedia&parent=2119"}],"wp:term":[{"taxonomy":"product_brand","embeddable":true,"href":"https:\/\/fashionuniversum.com\/index.php?rest_route=%2Fwp%2Fv2%2Fproduct_brand&post=2119"},{"taxonomy":"product_cat","embeddable":true,"href":"https:\/\/fashionuniversum.com\/index.php?rest_route=%2Fwp%2Fv2%2Fproduct_cat&post=2119"},{"taxonomy":"product_tag","embeddable":true,"href":"https:\/\/fashionuniversum.com\/index.php?rest_route=%2Fwp%2Fv2%2Fproduct_tag&post=2119"}],"curies":[{"name":"wp","href":"https:\/\/api.w.org\/{rel}","templated":true}]}}