{"id":2116,"date":"2026-01-22T14:10:53","date_gmt":"2026-01-22T14:10:53","guid":{"rendered":"https:\/\/fashionuniversum.com\/?post_type=product&#038;p=2116"},"modified":"2026-01-24T12:02:39","modified_gmt":"2026-01-24T12:02:39","slug":"olavoga-autumn-tale-pulover","status":"publish","type":"product","link":"https:\/\/fashionuniversum.com\/?product=olavoga-autumn-tale-pulover","title":{"rendered":"OlaVoga Autumn Tale pul\u00f3ver"},"content":{"rendered":"<p>Enyh\u00e9n oversize, r\u00f6videbb fazon\u00fa kapucnis pul\u00f3ver. Puha dzs\u00f6rz\u00e9b\u0151l k\u00e9sz\u00fclt, cipz\u00e1ras z\u00e1r\u00f3d\u00e1ssal. El\u00f6l finom log\u00f3 r\u00e9szlettel.<\/p>\n<p>&nbsp;<\/p>\n<p>\u00d6sszet\u00e9tel: 80% pamut, 20% poli\u00e9szter<\/p>\n<p>&nbsp;<\/p>\n<p>El\u00e9rhet\u0151 m\u00e9retek: S, M<\/p>\n<h2>M\u00e9rett\u00e1bl\u00e1zat (cm):<\/h2>\n<ul>\n<li>S: mellb\u0151s\u00e9g 108 cm, teljes hossz 55 cm, bels\u0151 ujjhossz 70 cm, k\u00fcls\u0151 ujjhossz 75 cm<\/li>\n<li>M: mellb\u0151s\u00e9g 110 cm, teljes hossz 56 cm, bels\u0151 ujjhossz 71 cm, k\u00fcls\u0151 ujjhossz 76 cm<\/li>\n<\/ul>\n","protected":false},"excerpt":{"rendered":"<p>Enyh\u00e9n oversize, r\u00f6videbb fazon\u00fa kapucnis pul\u00f3ver. Puha dzs\u00f6rz\u00e9b\u0151l k\u00e9sz\u00fclt, cipz\u00e1ras z\u00e1r\u00f3d\u00e1ssal. El\u00f6l finom log\u00f3 r\u00e9szlettel. &nbsp; \u00d6sszet\u00e9tel: 80% pamut, 20% poli\u00e9szter &nbsp; El\u00e9rhet\u0151 m\u00e9retek: S, &hellip; <\/p>\n","protected":false},"featured_media":2157,"template":"","meta":[],"product_brand":[],"product_cat":[19,25,41],"product_tag":[],"class_list":{"0":"post-2116","1":"product","2":"type-product","3":"status-publish","4":"has-post-thumbnail","6":"product_cat-markak","7":"product_cat-noi-ruhazat-hu","8":"product_cat-puloverek","10":"first","11":"instock","12":"shipping-taxable","13":"purchasable","14":"product-type-variable"},"yoast_head":"<!-- This site is optimized with the Yoast SEO plugin v26.7 - https:\/\/yoast.com\/wordpress\/plugins\/seo\/ -->\n<title>OlaVoga Autumn Tale pul\u00f3ver - Fashion Universum<\/title>\n<meta name=\"robots\" content=\"index, follow, max-snippet:-1, max-image-preview:large, max-video-preview:-1\" \/>\n<link rel=\"canonical\" href=\"https:\/\/fashionuniversum.com\/?product=olavoga-autumn-tale-pulover\" \/>\n<meta property=\"og:locale\" content=\"hu_HU\" \/>\n<meta property=\"og:type\" content=\"article\" \/>\n<meta property=\"og:title\" content=\"OlaVoga Autumn Tale pul\u00f3ver - Fashion Universum\" \/>\n<meta property=\"og:description\" content=\"Enyh\u00e9n oversize, r\u00f6videbb fazon\u00fa kapucnis pul\u00f3ver. Puha dzs\u00f6rz\u00e9b\u0151l k\u00e9sz\u00fclt, cipz\u00e1ras z\u00e1r\u00f3d\u00e1ssal. El\u00f6l finom log\u00f3 r\u00e9szlettel. &nbsp; \u00d6sszet\u00e9tel: 80% pamut, 20% poli\u00e9szter &nbsp; El\u00e9rhet\u0151 m\u00e9retek: S, &hellip;\" \/>\n<meta property=\"og:url\" content=\"https:\/\/fashionuniversum.com\/?product=olavoga-autumn-tale-pulover\" \/>\n<meta property=\"og:site_name\" content=\"Fashion Universum\" \/>\n<meta property=\"article:modified_time\" content=\"2026-01-24T12:02:39+00:00\" \/>\n<meta property=\"og:image\" content=\"https:\/\/fashionuniversum.com\/wp-content\/uploads\/2026\/01\/bluza-AUTUMN-TALE-542-scaled-1.jpg\" \/>\n\t<meta property=\"og:image:width\" content=\"1921\" \/>\n\t<meta property=\"og:image:height\" content=\"2560\" \/>\n\t<meta property=\"og:image:type\" content=\"image\/jpeg\" \/>\n<meta name=\"twitter:card\" content=\"summary_large_image\" \/>\n<meta name=\"twitter:label1\" content=\"Becs\u00fclt olvas\u00e1si id\u0151\" \/>\n\t<meta name=\"twitter:data1\" content=\"1 perc\" \/>\n<script type=\"application\/ld+json\" class=\"yoast-schema-graph\">{\"@context\":\"https:\/\/schema.org\",\"@graph\":[{\"@type\":\"WebPage\",\"@id\":\"https:\/\/fashionuniversum.com\/?product=olavoga-autumn-tale-pulover\",\"url\":\"https:\/\/fashionuniversum.com\/?product=olavoga-autumn-tale-pulover\",\"name\":\"OlaVoga Autumn Tale pul\u00f3ver - Fashion Universum\",\"isPartOf\":{\"@id\":\"https:\/\/fashionuniversum.com\/#website\"},\"primaryImageOfPage\":{\"@id\":\"https:\/\/fashionuniversum.com\/?product=olavoga-autumn-tale-pulover#primaryimage\"},\"image\":{\"@id\":\"https:\/\/fashionuniversum.com\/?product=olavoga-autumn-tale-pulover#primaryimage\"},\"thumbnailUrl\":\"https:\/\/fashionuniversum.com\/wp-content\/uploads\/2026\/01\/bluza-AUTUMN-TALE-542-scaled-1.jpg\",\"datePublished\":\"2026-01-22T14:10:53+00:00\",\"dateModified\":\"2026-01-24T12:02:39+00:00\",\"breadcrumb\":{\"@id\":\"https:\/\/fashionuniversum.com\/?product=olavoga-autumn-tale-pulover#breadcrumb\"},\"inLanguage\":\"hu\",\"potentialAction\":[{\"@type\":\"ReadAction\",\"target\":[\"https:\/\/fashionuniversum.com\/?product=olavoga-autumn-tale-pulover\"]}]},{\"@type\":\"ImageObject\",\"inLanguage\":\"hu\",\"@id\":\"https:\/\/fashionuniversum.com\/?product=olavoga-autumn-tale-pulover#primaryimage\",\"url\":\"https:\/\/fashionuniversum.com\/wp-content\/uploads\/2026\/01\/bluza-AUTUMN-TALE-542-scaled-1.jpg\",\"contentUrl\":\"https:\/\/fashionuniversum.com\/wp-content\/uploads\/2026\/01\/bluza-AUTUMN-TALE-542-scaled-1.jpg\",\"width\":1921,\"height\":2560},{\"@type\":\"BreadcrumbList\",\"@id\":\"https:\/\/fashionuniversum.com\/?product=olavoga-autumn-tale-pulover#breadcrumb\",\"itemListElement\":[{\"@type\":\"ListItem\",\"position\":1,\"name\":\"Kezd\u0151lap\",\"item\":\"https:\/\/fashionuniversum.com\/\"},{\"@type\":\"ListItem\",\"position\":2,\"name\":\"Kezd\u0151lap\",\"item\":\"https:\/\/fashionuniversum.com\/\"},{\"@type\":\"ListItem\",\"position\":3,\"name\":\"OlaVoga Autumn Tale pul\u00f3ver\"}]},{\"@type\":\"WebSite\",\"@id\":\"https:\/\/fashionuniversum.com\/#website\",\"url\":\"https:\/\/fashionuniversum.com\/\",\"name\":\"Fashion Universum\",\"description\":\"\",\"publisher\":{\"@id\":\"https:\/\/fashionuniversum.com\/#organization\"},\"potentialAction\":[{\"@type\":\"SearchAction\",\"target\":{\"@type\":\"EntryPoint\",\"urlTemplate\":\"https:\/\/fashionuniversum.com\/?s={search_term_string}\"},\"query-input\":{\"@type\":\"PropertyValueSpecification\",\"valueRequired\":true,\"valueName\":\"search_term_string\"}}],\"inLanguage\":\"hu\"},{\"@type\":\"Organization\",\"@id\":\"https:\/\/fashionuniversum.com\/#organization\",\"name\":\"Fashion Universum\",\"url\":\"https:\/\/fashionuniversum.com\/\",\"logo\":{\"@type\":\"ImageObject\",\"inLanguage\":\"hu\",\"@id\":\"https:\/\/fashionuniversum.com\/#\/schema\/logo\/image\/\",\"url\":\"https:\/\/fashionuniversum.com\/wp-content\/uploads\/2026\/02\/cropped-cropped-imaaage.jpg\",\"contentUrl\":\"https:\/\/fashionuniversum.com\/wp-content\/uploads\/2026\/02\/cropped-cropped-imaaage.jpg\",\"width\":1389,\"height\":285,\"caption\":\"Fashion Universum\"},\"image\":{\"@id\":\"https:\/\/fashionuniversum.com\/#\/schema\/logo\/image\/\"}}]}<\/script>\n<!-- \/ Yoast SEO plugin. -->","yoast_head_json":{"title":"OlaVoga Autumn Tale pul\u00f3ver - Fashion Universum","robots":{"index":"index","follow":"follow","max-snippet":"max-snippet:-1","max-image-preview":"max-image-preview:large","max-video-preview":"max-video-preview:-1"},"canonical":"https:\/\/fashionuniversum.com\/?product=olavoga-autumn-tale-pulover","og_locale":"hu_HU","og_type":"article","og_title":"OlaVoga Autumn Tale pul\u00f3ver - Fashion Universum","og_description":"Enyh\u00e9n oversize, r\u00f6videbb fazon\u00fa kapucnis pul\u00f3ver. Puha dzs\u00f6rz\u00e9b\u0151l k\u00e9sz\u00fclt, cipz\u00e1ras z\u00e1r\u00f3d\u00e1ssal. El\u00f6l finom log\u00f3 r\u00e9szlettel. &nbsp; \u00d6sszet\u00e9tel: 80% pamut, 20% poli\u00e9szter &nbsp; El\u00e9rhet\u0151 m\u00e9retek: S, &hellip;","og_url":"https:\/\/fashionuniversum.com\/?product=olavoga-autumn-tale-pulover","og_site_name":"Fashion Universum","article_modified_time":"2026-01-24T12:02:39+00:00","og_image":[{"width":1921,"height":2560,"url":"https:\/\/fashionuniversum.com\/wp-content\/uploads\/2026\/01\/bluza-AUTUMN-TALE-542-scaled-1.jpg","type":"image\/jpeg"}],"twitter_card":"summary_large_image","twitter_misc":{"Becs\u00fclt olvas\u00e1si id\u0151":"1 perc"},"schema":{"@context":"https:\/\/schema.org","@graph":[{"@type":"WebPage","@id":"https:\/\/fashionuniversum.com\/?product=olavoga-autumn-tale-pulover","url":"https:\/\/fashionuniversum.com\/?product=olavoga-autumn-tale-pulover","name":"OlaVoga Autumn Tale pul\u00f3ver - Fashion Universum","isPartOf":{"@id":"https:\/\/fashionuniversum.com\/#website"},"primaryImageOfPage":{"@id":"https:\/\/fashionuniversum.com\/?product=olavoga-autumn-tale-pulover#primaryimage"},"image":{"@id":"https:\/\/fashionuniversum.com\/?product=olavoga-autumn-tale-pulover#primaryimage"},"thumbnailUrl":"https:\/\/fashionuniversum.com\/wp-content\/uploads\/2026\/01\/bluza-AUTUMN-TALE-542-scaled-1.jpg","datePublished":"2026-01-22T14:10:53+00:00","dateModified":"2026-01-24T12:02:39+00:00","breadcrumb":{"@id":"https:\/\/fashionuniversum.com\/?product=olavoga-autumn-tale-pulover#breadcrumb"},"inLanguage":"hu","potentialAction":[{"@type":"ReadAction","target":["https:\/\/fashionuniversum.com\/?product=olavoga-autumn-tale-pulover"]}]},{"@type":"ImageObject","inLanguage":"hu","@id":"https:\/\/fashionuniversum.com\/?product=olavoga-autumn-tale-pulover#primaryimage","url":"https:\/\/fashionuniversum.com\/wp-content\/uploads\/2026\/01\/bluza-AUTUMN-TALE-542-scaled-1.jpg","contentUrl":"https:\/\/fashionuniversum.com\/wp-content\/uploads\/2026\/01\/bluza-AUTUMN-TALE-542-scaled-1.jpg","width":1921,"height":2560},{"@type":"BreadcrumbList","@id":"https:\/\/fashionuniversum.com\/?product=olavoga-autumn-tale-pulover#breadcrumb","itemListElement":[{"@type":"ListItem","position":1,"name":"Kezd\u0151lap","item":"https:\/\/fashionuniversum.com\/"},{"@type":"ListItem","position":2,"name":"Kezd\u0151lap","item":"https:\/\/fashionuniversum.com\/"},{"@type":"ListItem","position":3,"name":"OlaVoga Autumn Tale pul\u00f3ver"}]},{"@type":"WebSite","@id":"https:\/\/fashionuniversum.com\/#website","url":"https:\/\/fashionuniversum.com\/","name":"Fashion Universum","description":"","publisher":{"@id":"https:\/\/fashionuniversum.com\/#organization"},"potentialAction":[{"@type":"SearchAction","target":{"@type":"EntryPoint","urlTemplate":"https:\/\/fashionuniversum.com\/?s={search_term_string}"},"query-input":{"@type":"PropertyValueSpecification","valueRequired":true,"valueName":"search_term_string"}}],"inLanguage":"hu"},{"@type":"Organization","@id":"https:\/\/fashionuniversum.com\/#organization","name":"Fashion Universum","url":"https:\/\/fashionuniversum.com\/","logo":{"@type":"ImageObject","inLanguage":"hu","@id":"https:\/\/fashionuniversum.com\/#\/schema\/logo\/image\/","url":"https:\/\/fashionuniversum.com\/wp-content\/uploads\/2026\/02\/cropped-cropped-imaaage.jpg","contentUrl":"https:\/\/fashionuniversum.com\/wp-content\/uploads\/2026\/02\/cropped-cropped-imaaage.jpg","width":1389,"height":285,"caption":"Fashion Universum"},"image":{"@id":"https:\/\/fashionuniversum.com\/#\/schema\/logo\/image\/"}}]}},"_links":{"self":[{"href":"https:\/\/fashionuniversum.com\/index.php?rest_route=\/wp\/v2\/product\/2116","targetHints":{"allow":["GET"]}}],"collection":[{"href":"https:\/\/fashionuniversum.com\/index.php?rest_route=\/wp\/v2\/product"}],"about":[{"href":"https:\/\/fashionuniversum.com\/index.php?rest_route=\/wp\/v2\/types\/product"}],"wp:featuredmedia":[{"embeddable":true,"href":"https:\/\/fashionuniversum.com\/index.php?rest_route=\/wp\/v2\/media\/2157"}],"wp:attachment":[{"href":"https:\/\/fashionuniversum.com\/index.php?rest_route=%2Fwp%2Fv2%2Fmedia&parent=2116"}],"wp:term":[{"taxonomy":"product_brand","embeddable":true,"href":"https:\/\/fashionuniversum.com\/index.php?rest_route=%2Fwp%2Fv2%2Fproduct_brand&post=2116"},{"taxonomy":"product_cat","embeddable":true,"href":"https:\/\/fashionuniversum.com\/index.php?rest_route=%2Fwp%2Fv2%2Fproduct_cat&post=2116"},{"taxonomy":"product_tag","embeddable":true,"href":"https:\/\/fashionuniversum.com\/index.php?rest_route=%2Fwp%2Fv2%2Fproduct_tag&post=2116"}],"curies":[{"name":"wp","href":"https:\/\/api.w.org\/{rel}","templated":true}]}}