{"id":2108,"date":"2026-01-22T14:10:53","date_gmt":"2026-01-22T14:10:53","guid":{"rendered":"https:\/\/fashionuniversum.com\/?post_type=product&#038;p=2108"},"modified":"2026-03-02T13:05:49","modified_gmt":"2026-03-02T13:05:49","slug":"olavoga-reflection-leggings","status":"publish","type":"product","link":"https:\/\/fashionuniversum.com\/?product=olavoga-reflection-leggings","title":{"rendered":"OLAVOGA REFLECTION leggings"},"content":{"rendered":"<p>OLAVOGA REFLECTION leggings<\/p>\n<p>Rugalmas, testhez\u00e1ll\u00f3 leggings magas der\u00e9kkal. K\u00e9nyelmes, puha anyagb\u00f3l k\u00e9sz\u00fclt, amely mozg\u00e1s k\u00f6zben is j\u00f3l tart. Oldalt log\u00f3val d\u00edsz\u00edtve.<\/p>\n<p>&nbsp;<\/p>\n<p>\u00d6sszet\u00e9tel: 97% pamut, 3% elaszt\u00e1n<\/p>\n<p>&nbsp;<\/p>\n<p>El\u00e9rhet\u0151 m\u00e9retek: S, M, L<\/p>\n<h2>M\u00e9rett\u00e1bl\u00e1zat (cm):<\/h2>\n<ul>\n<li>S: cs\u00edp\u0151b\u0151s\u00e9g 76 cm, teljes hossz 99 cm, bels\u0151 sz\u00e1rhossz 72 cm, k\u00fcls\u0151 sz\u00e1rhossz 91 cm, \u00fcl\u00e9smagass\u00e1g 30 cm<\/li>\n<li>M: cs\u00edp\u0151b\u0151s\u00e9g 78 cm, teljes hossz 100 cm, bels\u0151 sz\u00e1rhossz 73 cm, k\u00fcls\u0151 sz\u00e1rhossz 92 cm, \u00fcl\u00e9smagass\u00e1g 31 cm<\/li>\n<li>L: cs\u00edp\u0151b\u0151s\u00e9g 80 cm, teljes hossz 101 cm, bels\u0151 sz\u00e1rhossz 74 cm, k\u00fcls\u0151 sz\u00e1rhossz 93 cm, \u00fcl\u00e9smagass\u00e1g 32 cm<\/li>\n<\/ul>\n","protected":false},"excerpt":{"rendered":"<p>OLAVOGA REFLECTION leggings Rugalmas, testhez\u00e1ll\u00f3 leggings magas der\u00e9kkal. K\u00e9nyelmes, puha anyagb\u00f3l k\u00e9sz\u00fclt, amely mozg\u00e1s k\u00f6zben is j\u00f3l tart. Oldalt log\u00f3val d\u00edsz\u00edtve. &nbsp; \u00d6sszet\u00e9tel: 97% pamut, &hellip; <\/p>\n","protected":false},"featured_media":2136,"template":"","meta":[],"product_brand":[78],"product_cat":[19,25,43],"product_tag":[],"class_list":{"0":"post-2108","1":"product","2":"type-product","3":"status-publish","4":"has-post-thumbnail","6":"product_brand-olavoga","7":"product_cat-markak","8":"product_cat-noi-ruhazat-hu","9":"product_cat-leggingsek-nadragok","11":"first","12":"instock","13":"shipping-taxable","14":"purchasable","15":"product-type-variable"},"yoast_head":"<!-- This site is optimized with the Yoast SEO plugin v26.7 - https:\/\/yoast.com\/wordpress\/plugins\/seo\/ -->\n<title>OLAVOGA REFLECTION leggings - Fashion Universum<\/title>\n<meta name=\"description\" content=\"OLAVOGA REFLECTION leggings. Rugalmas, testhez\u00e1ll\u00f3 leggings magas der\u00e9kkal. K\u00e9nyelmes, puha anyagb\u00f3l k\u00e9sz\u00fclt, amely mozg\u00e1s k\u00f6zben is j\u00f3l tart.\" \/>\n<meta name=\"robots\" content=\"index, follow, max-snippet:-1, max-image-preview:large, max-video-preview:-1\" \/>\n<link rel=\"canonical\" href=\"https:\/\/fashionuniversum.com\/?product=olavoga-reflection-leggings\" \/>\n<meta property=\"og:locale\" content=\"hu_HU\" \/>\n<meta property=\"og:type\" content=\"article\" \/>\n<meta property=\"og:title\" content=\"OLAVOGA REFLECTION leggings - Fashion Universum\" \/>\n<meta property=\"og:description\" content=\"OLAVOGA REFLECTION leggings. Rugalmas, testhez\u00e1ll\u00f3 leggings magas der\u00e9kkal. K\u00e9nyelmes, puha anyagb\u00f3l k\u00e9sz\u00fclt, amely mozg\u00e1s k\u00f6zben is j\u00f3l tart.\" \/>\n<meta property=\"og:url\" content=\"https:\/\/fashionuniversum.com\/?product=olavoga-reflection-leggings\" \/>\n<meta property=\"og:site_name\" content=\"Fashion Universum\" \/>\n<meta property=\"article:modified_time\" content=\"2026-03-02T13:05:49+00:00\" \/>\n<meta property=\"og:image\" content=\"https:\/\/fashionuniversum.com\/wp-content\/uploads\/2026\/01\/legginsy-REFLECTION-253-1-scaled-1.jpg\" \/>\n\t<meta property=\"og:image:width\" content=\"1920\" \/>\n\t<meta property=\"og:image:height\" content=\"2560\" \/>\n\t<meta property=\"og:image:type\" content=\"image\/jpeg\" \/>\n<meta name=\"twitter:card\" content=\"summary_large_image\" \/>\n<meta name=\"twitter:label1\" content=\"Becs\u00fclt olvas\u00e1si id\u0151\" \/>\n\t<meta name=\"twitter:data1\" content=\"1 perc\" \/>\n<script type=\"application\/ld+json\" class=\"yoast-schema-graph\">{\"@context\":\"https:\/\/schema.org\",\"@graph\":[{\"@type\":\"WebPage\",\"@id\":\"https:\/\/fashionuniversum.com\/?product=olavoga-reflection-leggings\",\"url\":\"https:\/\/fashionuniversum.com\/?product=olavoga-reflection-leggings\",\"name\":\"OLAVOGA REFLECTION leggings - Fashion Universum\",\"isPartOf\":{\"@id\":\"https:\/\/fashionuniversum.com\/#website\"},\"primaryImageOfPage\":{\"@id\":\"https:\/\/fashionuniversum.com\/?product=olavoga-reflection-leggings#primaryimage\"},\"image\":{\"@id\":\"https:\/\/fashionuniversum.com\/?product=olavoga-reflection-leggings#primaryimage\"},\"thumbnailUrl\":\"https:\/\/fashionuniversum.com\/wp-content\/uploads\/2026\/01\/legginsy-REFLECTION-253-1-scaled-1.jpg\",\"datePublished\":\"2026-01-22T14:10:53+00:00\",\"dateModified\":\"2026-03-02T13:05:49+00:00\",\"description\":\"OLAVOGA REFLECTION leggings. Rugalmas, testhez\u00e1ll\u00f3 leggings magas der\u00e9kkal. K\u00e9nyelmes, puha anyagb\u00f3l k\u00e9sz\u00fclt, amely mozg\u00e1s k\u00f6zben is j\u00f3l tart.\",\"breadcrumb\":{\"@id\":\"https:\/\/fashionuniversum.com\/?product=olavoga-reflection-leggings#breadcrumb\"},\"inLanguage\":\"hu\",\"potentialAction\":[{\"@type\":\"ReadAction\",\"target\":[\"https:\/\/fashionuniversum.com\/?product=olavoga-reflection-leggings\"]}]},{\"@type\":\"ImageObject\",\"inLanguage\":\"hu\",\"@id\":\"https:\/\/fashionuniversum.com\/?product=olavoga-reflection-leggings#primaryimage\",\"url\":\"https:\/\/fashionuniversum.com\/wp-content\/uploads\/2026\/01\/legginsy-REFLECTION-253-1-scaled-1.jpg\",\"contentUrl\":\"https:\/\/fashionuniversum.com\/wp-content\/uploads\/2026\/01\/legginsy-REFLECTION-253-1-scaled-1.jpg\",\"width\":1920,\"height\":2560,\"caption\":\"OLAVOGA REFLECTION leggings\"},{\"@type\":\"BreadcrumbList\",\"@id\":\"https:\/\/fashionuniversum.com\/?product=olavoga-reflection-leggings#breadcrumb\",\"itemListElement\":[{\"@type\":\"ListItem\",\"position\":1,\"name\":\"Kezd\u0151lap\",\"item\":\"https:\/\/fashionuniversum.com\/\"},{\"@type\":\"ListItem\",\"position\":2,\"name\":\"Kezd\u0151lap\",\"item\":\"https:\/\/fashionuniversum.com\/\"},{\"@type\":\"ListItem\",\"position\":3,\"name\":\"OLAVOGA REFLECTION leggings\"}]},{\"@type\":\"WebSite\",\"@id\":\"https:\/\/fashionuniversum.com\/#website\",\"url\":\"https:\/\/fashionuniversum.com\/\",\"name\":\"Fashion Universum\",\"description\":\"\",\"publisher\":{\"@id\":\"https:\/\/fashionuniversum.com\/#organization\"},\"potentialAction\":[{\"@type\":\"SearchAction\",\"target\":{\"@type\":\"EntryPoint\",\"urlTemplate\":\"https:\/\/fashionuniversum.com\/?s={search_term_string}\"},\"query-input\":{\"@type\":\"PropertyValueSpecification\",\"valueRequired\":true,\"valueName\":\"search_term_string\"}}],\"inLanguage\":\"hu\"},{\"@type\":\"Organization\",\"@id\":\"https:\/\/fashionuniversum.com\/#organization\",\"name\":\"Fashion Universum\",\"url\":\"https:\/\/fashionuniversum.com\/\",\"logo\":{\"@type\":\"ImageObject\",\"inLanguage\":\"hu\",\"@id\":\"https:\/\/fashionuniversum.com\/#\/schema\/logo\/image\/\",\"url\":\"https:\/\/fashionuniversum.com\/wp-content\/uploads\/2026\/02\/cropped-cropped-imaaage.jpg\",\"contentUrl\":\"https:\/\/fashionuniversum.com\/wp-content\/uploads\/2026\/02\/cropped-cropped-imaaage.jpg\",\"width\":1389,\"height\":285,\"caption\":\"Fashion Universum\"},\"image\":{\"@id\":\"https:\/\/fashionuniversum.com\/#\/schema\/logo\/image\/\"}}]}<\/script>\n<!-- \/ Yoast SEO plugin. -->","yoast_head_json":{"title":"OLAVOGA REFLECTION leggings - Fashion Universum","description":"OLAVOGA REFLECTION leggings. Rugalmas, testhez\u00e1ll\u00f3 leggings magas der\u00e9kkal. K\u00e9nyelmes, puha anyagb\u00f3l k\u00e9sz\u00fclt, amely mozg\u00e1s k\u00f6zben is j\u00f3l tart.","robots":{"index":"index","follow":"follow","max-snippet":"max-snippet:-1","max-image-preview":"max-image-preview:large","max-video-preview":"max-video-preview:-1"},"canonical":"https:\/\/fashionuniversum.com\/?product=olavoga-reflection-leggings","og_locale":"hu_HU","og_type":"article","og_title":"OLAVOGA REFLECTION leggings - Fashion Universum","og_description":"OLAVOGA REFLECTION leggings. Rugalmas, testhez\u00e1ll\u00f3 leggings magas der\u00e9kkal. K\u00e9nyelmes, puha anyagb\u00f3l k\u00e9sz\u00fclt, amely mozg\u00e1s k\u00f6zben is j\u00f3l tart.","og_url":"https:\/\/fashionuniversum.com\/?product=olavoga-reflection-leggings","og_site_name":"Fashion Universum","article_modified_time":"2026-03-02T13:05:49+00:00","og_image":[{"width":1920,"height":2560,"url":"https:\/\/fashionuniversum.com\/wp-content\/uploads\/2026\/01\/legginsy-REFLECTION-253-1-scaled-1.jpg","type":"image\/jpeg"}],"twitter_card":"summary_large_image","twitter_misc":{"Becs\u00fclt olvas\u00e1si id\u0151":"1 perc"},"schema":{"@context":"https:\/\/schema.org","@graph":[{"@type":"WebPage","@id":"https:\/\/fashionuniversum.com\/?product=olavoga-reflection-leggings","url":"https:\/\/fashionuniversum.com\/?product=olavoga-reflection-leggings","name":"OLAVOGA REFLECTION leggings - Fashion Universum","isPartOf":{"@id":"https:\/\/fashionuniversum.com\/#website"},"primaryImageOfPage":{"@id":"https:\/\/fashionuniversum.com\/?product=olavoga-reflection-leggings#primaryimage"},"image":{"@id":"https:\/\/fashionuniversum.com\/?product=olavoga-reflection-leggings#primaryimage"},"thumbnailUrl":"https:\/\/fashionuniversum.com\/wp-content\/uploads\/2026\/01\/legginsy-REFLECTION-253-1-scaled-1.jpg","datePublished":"2026-01-22T14:10:53+00:00","dateModified":"2026-03-02T13:05:49+00:00","description":"OLAVOGA REFLECTION leggings. Rugalmas, testhez\u00e1ll\u00f3 leggings magas der\u00e9kkal. K\u00e9nyelmes, puha anyagb\u00f3l k\u00e9sz\u00fclt, amely mozg\u00e1s k\u00f6zben is j\u00f3l tart.","breadcrumb":{"@id":"https:\/\/fashionuniversum.com\/?product=olavoga-reflection-leggings#breadcrumb"},"inLanguage":"hu","potentialAction":[{"@type":"ReadAction","target":["https:\/\/fashionuniversum.com\/?product=olavoga-reflection-leggings"]}]},{"@type":"ImageObject","inLanguage":"hu","@id":"https:\/\/fashionuniversum.com\/?product=olavoga-reflection-leggings#primaryimage","url":"https:\/\/fashionuniversum.com\/wp-content\/uploads\/2026\/01\/legginsy-REFLECTION-253-1-scaled-1.jpg","contentUrl":"https:\/\/fashionuniversum.com\/wp-content\/uploads\/2026\/01\/legginsy-REFLECTION-253-1-scaled-1.jpg","width":1920,"height":2560,"caption":"OLAVOGA REFLECTION leggings"},{"@type":"BreadcrumbList","@id":"https:\/\/fashionuniversum.com\/?product=olavoga-reflection-leggings#breadcrumb","itemListElement":[{"@type":"ListItem","position":1,"name":"Kezd\u0151lap","item":"https:\/\/fashionuniversum.com\/"},{"@type":"ListItem","position":2,"name":"Kezd\u0151lap","item":"https:\/\/fashionuniversum.com\/"},{"@type":"ListItem","position":3,"name":"OLAVOGA REFLECTION leggings"}]},{"@type":"WebSite","@id":"https:\/\/fashionuniversum.com\/#website","url":"https:\/\/fashionuniversum.com\/","name":"Fashion Universum","description":"","publisher":{"@id":"https:\/\/fashionuniversum.com\/#organization"},"potentialAction":[{"@type":"SearchAction","target":{"@type":"EntryPoint","urlTemplate":"https:\/\/fashionuniversum.com\/?s={search_term_string}"},"query-input":{"@type":"PropertyValueSpecification","valueRequired":true,"valueName":"search_term_string"}}],"inLanguage":"hu"},{"@type":"Organization","@id":"https:\/\/fashionuniversum.com\/#organization","name":"Fashion Universum","url":"https:\/\/fashionuniversum.com\/","logo":{"@type":"ImageObject","inLanguage":"hu","@id":"https:\/\/fashionuniversum.com\/#\/schema\/logo\/image\/","url":"https:\/\/fashionuniversum.com\/wp-content\/uploads\/2026\/02\/cropped-cropped-imaaage.jpg","contentUrl":"https:\/\/fashionuniversum.com\/wp-content\/uploads\/2026\/02\/cropped-cropped-imaaage.jpg","width":1389,"height":285,"caption":"Fashion Universum"},"image":{"@id":"https:\/\/fashionuniversum.com\/#\/schema\/logo\/image\/"}}]}},"_links":{"self":[{"href":"https:\/\/fashionuniversum.com\/index.php?rest_route=\/wp\/v2\/product\/2108","targetHints":{"allow":["GET"]}}],"collection":[{"href":"https:\/\/fashionuniversum.com\/index.php?rest_route=\/wp\/v2\/product"}],"about":[{"href":"https:\/\/fashionuniversum.com\/index.php?rest_route=\/wp\/v2\/types\/product"}],"wp:featuredmedia":[{"embeddable":true,"href":"https:\/\/fashionuniversum.com\/index.php?rest_route=\/wp\/v2\/media\/2136"}],"wp:attachment":[{"href":"https:\/\/fashionuniversum.com\/index.php?rest_route=%2Fwp%2Fv2%2Fmedia&parent=2108"}],"wp:term":[{"taxonomy":"product_brand","embeddable":true,"href":"https:\/\/fashionuniversum.com\/index.php?rest_route=%2Fwp%2Fv2%2Fproduct_brand&post=2108"},{"taxonomy":"product_cat","embeddable":true,"href":"https:\/\/fashionuniversum.com\/index.php?rest_route=%2Fwp%2Fv2%2Fproduct_cat&post=2108"},{"taxonomy":"product_tag","embeddable":true,"href":"https:\/\/fashionuniversum.com\/index.php?rest_route=%2Fwp%2Fv2%2Fproduct_tag&post=2108"}],"curies":[{"name":"wp","href":"https:\/\/api.w.org\/{rel}","templated":true}]}}