{"id":2095,"date":"2026-01-22T14:10:52","date_gmt":"2026-01-22T14:10:52","guid":{"rendered":"https:\/\/fashionuniversum.com\/?post_type=product&#038;p=2095"},"modified":"2026-03-02T13:25:08","modified_gmt":"2026-03-02T13:25:08","slug":"olavoga-delia-pulover-3","status":"publish","type":"product","link":"https:\/\/fashionuniversum.com\/?product=olavoga-delia-pulover-3","title":{"rendered":"OLAVOGA DELIA pul\u00f3ver"},"content":{"rendered":"<p>OLAVOGA DELIA pul\u00f3ver<\/p>\n<p>Laza, enyh\u00e9n oversize pul\u00f3ver, amely klasszikus szab\u00e1s\u00e1val \u00e9s V-nyakkiv\u00e1g\u00e1s\u00e1val minden alkaton j\u00f3l mutat. Puha k\u00f6t\u00f6tt anyagb\u00f3l k\u00e9sz\u00fclt, el\u00f6l h\u00edmzett log\u00f3val. T\u00f6k\u00e9letes a h\u00e9tk\u00f6znapi eleganci\u00e1hoz.<\/p>\n<p>\u00d6sszet\u00e9tel: 91% nejlon, 6% r\u00f6vidsz\u00e1las viszk\u00f3z, 3% poli\u00e9szter<\/p>\n<p>El\u00e9rhet\u0151 m\u00e9retek: S, M<br \/>\nM\u00e9rett\u00e1bl\u00e1zat (cm):<\/p>\n<p>S: mellkasb\u0151s\u00e9g 120 cm, teljes hossz 51 cm, bels\u0151 ujjhossz 43 cm, k\u00fcls\u0151 ujjhossz 46 cm<br \/>\nM: mellkasb\u0151s\u00e9g 122 cm, teljes hossz 52 cm, bels\u0151 ujjhossz 44 cm, k\u00fcls\u0151 ujjhossz 47 cm<\/p>\n","protected":false},"excerpt":{"rendered":"<p>OLAVOGA DELIA pul\u00f3ver Laza, enyh\u00e9n oversize pul\u00f3ver, amely klasszikus szab\u00e1s\u00e1val \u00e9s V-nyakkiv\u00e1g\u00e1s\u00e1val minden alkaton j\u00f3l mutat. Puha k\u00f6t\u00f6tt anyagb\u00f3l k\u00e9sz\u00fclt, el\u00f6l h\u00edmzett log\u00f3val. T\u00f6k\u00e9letes a &hellip; <\/p>\n","protected":false},"featured_media":2123,"template":"","meta":[],"product_brand":[78],"product_cat":[19,28,25,41],"product_tag":[],"class_list":{"0":"post-2095","1":"product","2":"type-product","3":"status-publish","4":"has-post-thumbnail","6":"product_brand-olavoga","7":"product_cat-markak","8":"product_cat-olavoga","9":"product_cat-noi-ruhazat-hu","10":"product_cat-puloverek","12":"first","13":"instock","14":"shipping-taxable","15":"purchasable","16":"product-type-variable"},"yoast_head":"<!-- This site is optimized with the Yoast SEO plugin v26.7 - https:\/\/yoast.com\/wordpress\/plugins\/seo\/ -->\n<title>OLAVOGA DELIA pul\u00f3ver - Fashion Universum<\/title>\n<meta name=\"description\" content=\"OLAVOGA DELIA pul\u00f3ver. Laza, enyh\u00e9n oversize pul\u00f3ver, amely klasszikus szab\u00e1s\u00e1val \u00e9s V-nyakkiv\u00e1g\u00e1s\u00e1val minden alkaton j\u00f3l mutat.\" \/>\n<meta name=\"robots\" content=\"index, follow, max-snippet:-1, max-image-preview:large, max-video-preview:-1\" \/>\n<link rel=\"canonical\" href=\"https:\/\/fashionuniversum.com\/?product=olavoga-delia-pulover-3\" \/>\n<meta property=\"og:locale\" content=\"hu_HU\" \/>\n<meta property=\"og:type\" content=\"article\" \/>\n<meta property=\"og:title\" content=\"OLAVOGA DELIA pul\u00f3ver - Fashion Universum\" \/>\n<meta property=\"og:description\" content=\"OLAVOGA DELIA pul\u00f3ver. Laza, enyh\u00e9n oversize pul\u00f3ver, amely klasszikus szab\u00e1s\u00e1val \u00e9s V-nyakkiv\u00e1g\u00e1s\u00e1val minden alkaton j\u00f3l mutat.\" \/>\n<meta property=\"og:url\" content=\"https:\/\/fashionuniversum.com\/?product=olavoga-delia-pulover-3\" \/>\n<meta property=\"og:site_name\" content=\"Fashion Universum\" \/>\n<meta property=\"article:modified_time\" content=\"2026-03-02T13:25:08+00:00\" \/>\n<meta property=\"og:image\" content=\"https:\/\/fashionuniversum.com\/wp-content\/uploads\/2026\/01\/olavoga-delia-pulover-ZV4857101_d87ab09d-4743-489e-be1d-353468bdc8cd.jpg\" \/>\n\t<meta property=\"og:image:width\" content=\"1000\" \/>\n\t<meta property=\"og:image:height\" content=\"1500\" \/>\n\t<meta property=\"og:image:type\" content=\"image\/jpeg\" \/>\n<meta name=\"twitter:card\" content=\"summary_large_image\" \/>\n<meta name=\"twitter:label1\" content=\"Becs\u00fclt olvas\u00e1si id\u0151\" \/>\n\t<meta name=\"twitter:data1\" content=\"1 perc\" \/>\n<script type=\"application\/ld+json\" class=\"yoast-schema-graph\">{\"@context\":\"https:\/\/schema.org\",\"@graph\":[{\"@type\":\"WebPage\",\"@id\":\"https:\/\/fashionuniversum.com\/?product=olavoga-delia-pulover-3\",\"url\":\"https:\/\/fashionuniversum.com\/?product=olavoga-delia-pulover-3\",\"name\":\"OLAVOGA DELIA pul\u00f3ver - Fashion Universum\",\"isPartOf\":{\"@id\":\"https:\/\/fashionuniversum.com\/#website\"},\"primaryImageOfPage\":{\"@id\":\"https:\/\/fashionuniversum.com\/?product=olavoga-delia-pulover-3#primaryimage\"},\"image\":{\"@id\":\"https:\/\/fashionuniversum.com\/?product=olavoga-delia-pulover-3#primaryimage\"},\"thumbnailUrl\":\"https:\/\/fashionuniversum.com\/wp-content\/uploads\/2026\/01\/olavoga-delia-pulover-ZV4857101_d87ab09d-4743-489e-be1d-353468bdc8cd.jpg\",\"datePublished\":\"2026-01-22T14:10:52+00:00\",\"dateModified\":\"2026-03-02T13:25:08+00:00\",\"description\":\"OLAVOGA DELIA pul\u00f3ver. Laza, enyh\u00e9n oversize pul\u00f3ver, amely klasszikus szab\u00e1s\u00e1val \u00e9s V-nyakkiv\u00e1g\u00e1s\u00e1val minden alkaton j\u00f3l mutat.\",\"breadcrumb\":{\"@id\":\"https:\/\/fashionuniversum.com\/?product=olavoga-delia-pulover-3#breadcrumb\"},\"inLanguage\":\"hu\",\"potentialAction\":[{\"@type\":\"ReadAction\",\"target\":[\"https:\/\/fashionuniversum.com\/?product=olavoga-delia-pulover-3\"]}]},{\"@type\":\"ImageObject\",\"inLanguage\":\"hu\",\"@id\":\"https:\/\/fashionuniversum.com\/?product=olavoga-delia-pulover-3#primaryimage\",\"url\":\"https:\/\/fashionuniversum.com\/wp-content\/uploads\/2026\/01\/olavoga-delia-pulover-ZV4857101_d87ab09d-4743-489e-be1d-353468bdc8cd.jpg\",\"contentUrl\":\"https:\/\/fashionuniversum.com\/wp-content\/uploads\/2026\/01\/olavoga-delia-pulover-ZV4857101_d87ab09d-4743-489e-be1d-353468bdc8cd.jpg\",\"width\":1000,\"height\":1500,\"caption\":\"OLAVOGA DELIA pul\u00f3ver\"},{\"@type\":\"BreadcrumbList\",\"@id\":\"https:\/\/fashionuniversum.com\/?product=olavoga-delia-pulover-3#breadcrumb\",\"itemListElement\":[{\"@type\":\"ListItem\",\"position\":1,\"name\":\"Kezd\u0151lap\",\"item\":\"https:\/\/fashionuniversum.com\/\"},{\"@type\":\"ListItem\",\"position\":2,\"name\":\"Kezd\u0151lap\",\"item\":\"https:\/\/fashionuniversum.com\/\"},{\"@type\":\"ListItem\",\"position\":3,\"name\":\"OLAVOGA DELIA pul\u00f3ver\"}]},{\"@type\":\"WebSite\",\"@id\":\"https:\/\/fashionuniversum.com\/#website\",\"url\":\"https:\/\/fashionuniversum.com\/\",\"name\":\"Fashion Universum\",\"description\":\"\",\"publisher\":{\"@id\":\"https:\/\/fashionuniversum.com\/#organization\"},\"potentialAction\":[{\"@type\":\"SearchAction\",\"target\":{\"@type\":\"EntryPoint\",\"urlTemplate\":\"https:\/\/fashionuniversum.com\/?s={search_term_string}\"},\"query-input\":{\"@type\":\"PropertyValueSpecification\",\"valueRequired\":true,\"valueName\":\"search_term_string\"}}],\"inLanguage\":\"hu\"},{\"@type\":\"Organization\",\"@id\":\"https:\/\/fashionuniversum.com\/#organization\",\"name\":\"Fashion Universum\",\"url\":\"https:\/\/fashionuniversum.com\/\",\"logo\":{\"@type\":\"ImageObject\",\"inLanguage\":\"hu\",\"@id\":\"https:\/\/fashionuniversum.com\/#\/schema\/logo\/image\/\",\"url\":\"https:\/\/fashionuniversum.com\/wp-content\/uploads\/2026\/02\/cropped-cropped-imaaage.jpg\",\"contentUrl\":\"https:\/\/fashionuniversum.com\/wp-content\/uploads\/2026\/02\/cropped-cropped-imaaage.jpg\",\"width\":1389,\"height\":285,\"caption\":\"Fashion Universum\"},\"image\":{\"@id\":\"https:\/\/fashionuniversum.com\/#\/schema\/logo\/image\/\"}}]}<\/script>\n<!-- \/ Yoast SEO plugin. -->","yoast_head_json":{"title":"OLAVOGA DELIA pul\u00f3ver - Fashion Universum","description":"OLAVOGA DELIA pul\u00f3ver. Laza, enyh\u00e9n oversize pul\u00f3ver, amely klasszikus szab\u00e1s\u00e1val \u00e9s V-nyakkiv\u00e1g\u00e1s\u00e1val minden alkaton j\u00f3l mutat.","robots":{"index":"index","follow":"follow","max-snippet":"max-snippet:-1","max-image-preview":"max-image-preview:large","max-video-preview":"max-video-preview:-1"},"canonical":"https:\/\/fashionuniversum.com\/?product=olavoga-delia-pulover-3","og_locale":"hu_HU","og_type":"article","og_title":"OLAVOGA DELIA pul\u00f3ver - Fashion Universum","og_description":"OLAVOGA DELIA pul\u00f3ver. Laza, enyh\u00e9n oversize pul\u00f3ver, amely klasszikus szab\u00e1s\u00e1val \u00e9s V-nyakkiv\u00e1g\u00e1s\u00e1val minden alkaton j\u00f3l mutat.","og_url":"https:\/\/fashionuniversum.com\/?product=olavoga-delia-pulover-3","og_site_name":"Fashion Universum","article_modified_time":"2026-03-02T13:25:08+00:00","og_image":[{"width":1000,"height":1500,"url":"https:\/\/fashionuniversum.com\/wp-content\/uploads\/2026\/01\/olavoga-delia-pulover-ZV4857101_d87ab09d-4743-489e-be1d-353468bdc8cd.jpg","type":"image\/jpeg"}],"twitter_card":"summary_large_image","twitter_misc":{"Becs\u00fclt olvas\u00e1si id\u0151":"1 perc"},"schema":{"@context":"https:\/\/schema.org","@graph":[{"@type":"WebPage","@id":"https:\/\/fashionuniversum.com\/?product=olavoga-delia-pulover-3","url":"https:\/\/fashionuniversum.com\/?product=olavoga-delia-pulover-3","name":"OLAVOGA DELIA pul\u00f3ver - Fashion Universum","isPartOf":{"@id":"https:\/\/fashionuniversum.com\/#website"},"primaryImageOfPage":{"@id":"https:\/\/fashionuniversum.com\/?product=olavoga-delia-pulover-3#primaryimage"},"image":{"@id":"https:\/\/fashionuniversum.com\/?product=olavoga-delia-pulover-3#primaryimage"},"thumbnailUrl":"https:\/\/fashionuniversum.com\/wp-content\/uploads\/2026\/01\/olavoga-delia-pulover-ZV4857101_d87ab09d-4743-489e-be1d-353468bdc8cd.jpg","datePublished":"2026-01-22T14:10:52+00:00","dateModified":"2026-03-02T13:25:08+00:00","description":"OLAVOGA DELIA pul\u00f3ver. Laza, enyh\u00e9n oversize pul\u00f3ver, amely klasszikus szab\u00e1s\u00e1val \u00e9s V-nyakkiv\u00e1g\u00e1s\u00e1val minden alkaton j\u00f3l mutat.","breadcrumb":{"@id":"https:\/\/fashionuniversum.com\/?product=olavoga-delia-pulover-3#breadcrumb"},"inLanguage":"hu","potentialAction":[{"@type":"ReadAction","target":["https:\/\/fashionuniversum.com\/?product=olavoga-delia-pulover-3"]}]},{"@type":"ImageObject","inLanguage":"hu","@id":"https:\/\/fashionuniversum.com\/?product=olavoga-delia-pulover-3#primaryimage","url":"https:\/\/fashionuniversum.com\/wp-content\/uploads\/2026\/01\/olavoga-delia-pulover-ZV4857101_d87ab09d-4743-489e-be1d-353468bdc8cd.jpg","contentUrl":"https:\/\/fashionuniversum.com\/wp-content\/uploads\/2026\/01\/olavoga-delia-pulover-ZV4857101_d87ab09d-4743-489e-be1d-353468bdc8cd.jpg","width":1000,"height":1500,"caption":"OLAVOGA DELIA pul\u00f3ver"},{"@type":"BreadcrumbList","@id":"https:\/\/fashionuniversum.com\/?product=olavoga-delia-pulover-3#breadcrumb","itemListElement":[{"@type":"ListItem","position":1,"name":"Kezd\u0151lap","item":"https:\/\/fashionuniversum.com\/"},{"@type":"ListItem","position":2,"name":"Kezd\u0151lap","item":"https:\/\/fashionuniversum.com\/"},{"@type":"ListItem","position":3,"name":"OLAVOGA DELIA pul\u00f3ver"}]},{"@type":"WebSite","@id":"https:\/\/fashionuniversum.com\/#website","url":"https:\/\/fashionuniversum.com\/","name":"Fashion Universum","description":"","publisher":{"@id":"https:\/\/fashionuniversum.com\/#organization"},"potentialAction":[{"@type":"SearchAction","target":{"@type":"EntryPoint","urlTemplate":"https:\/\/fashionuniversum.com\/?s={search_term_string}"},"query-input":{"@type":"PropertyValueSpecification","valueRequired":true,"valueName":"search_term_string"}}],"inLanguage":"hu"},{"@type":"Organization","@id":"https:\/\/fashionuniversum.com\/#organization","name":"Fashion Universum","url":"https:\/\/fashionuniversum.com\/","logo":{"@type":"ImageObject","inLanguage":"hu","@id":"https:\/\/fashionuniversum.com\/#\/schema\/logo\/image\/","url":"https:\/\/fashionuniversum.com\/wp-content\/uploads\/2026\/02\/cropped-cropped-imaaage.jpg","contentUrl":"https:\/\/fashionuniversum.com\/wp-content\/uploads\/2026\/02\/cropped-cropped-imaaage.jpg","width":1389,"height":285,"caption":"Fashion Universum"},"image":{"@id":"https:\/\/fashionuniversum.com\/#\/schema\/logo\/image\/"}}]}},"_links":{"self":[{"href":"https:\/\/fashionuniversum.com\/index.php?rest_route=\/wp\/v2\/product\/2095","targetHints":{"allow":["GET"]}}],"collection":[{"href":"https:\/\/fashionuniversum.com\/index.php?rest_route=\/wp\/v2\/product"}],"about":[{"href":"https:\/\/fashionuniversum.com\/index.php?rest_route=\/wp\/v2\/types\/product"}],"wp:featuredmedia":[{"embeddable":true,"href":"https:\/\/fashionuniversum.com\/index.php?rest_route=\/wp\/v2\/media\/2123"}],"wp:attachment":[{"href":"https:\/\/fashionuniversum.com\/index.php?rest_route=%2Fwp%2Fv2%2Fmedia&parent=2095"}],"wp:term":[{"taxonomy":"product_brand","embeddable":true,"href":"https:\/\/fashionuniversum.com\/index.php?rest_route=%2Fwp%2Fv2%2Fproduct_brand&post=2095"},{"taxonomy":"product_cat","embeddable":true,"href":"https:\/\/fashionuniversum.com\/index.php?rest_route=%2Fwp%2Fv2%2Fproduct_cat&post=2095"},{"taxonomy":"product_tag","embeddable":true,"href":"https:\/\/fashionuniversum.com\/index.php?rest_route=%2Fwp%2Fv2%2Fproduct_tag&post=2095"}],"curies":[{"name":"wp","href":"https:\/\/api.w.org\/{rel}","templated":true}]}}