{"id":2061,"date":"2026-01-22T14:10:32","date_gmt":"2026-01-22T14:10:32","guid":{"rendered":"https:\/\/fashionuniversum.com\/?post_type=product&#038;p=2061"},"modified":"2026-03-03T12:07:54","modified_gmt":"2026-03-03T12:07:54","slug":"olavoga-olvette-taska-2","status":"publish","type":"product","link":"https:\/\/fashionuniversum.com\/?product=olavoga-olvette-taska-2","title":{"rendered":"OLAVOGA OLVETTE t\u00e1ska"},"content":{"rendered":"<p>OLAVOGA OLVETTE t\u00e1ska<\/p>\n<p>Minimalista shopper t\u00e1ska. Magas min\u0151s\u00e9g\u0171 anyagb\u00f3l k\u00e9sz\u00fclt.<br \/>\nEgy nagy cipz\u00e1ras rekesszel. Hossz\u00fa v\u00e1llp\u00e1ntokkal. El\u00f6l visszafogott log\u00f3val.<\/p>\n","protected":false},"excerpt":{"rendered":"<p>OLAVOGA OLVETTE t\u00e1ska Minimalista shopper t\u00e1ska. Magas min\u0151s\u00e9g\u0171 anyagb\u00f3l k\u00e9sz\u00fclt. Egy nagy cipz\u00e1ras rekesszel. Hossz\u00fa v\u00e1llp\u00e1ntokkal. El\u00f6l visszafogott log\u00f3val.<\/p>\n","protected":false},"featured_media":1555,"template":"","meta":[],"product_brand":[78],"product_cat":[19,28,25,52],"product_tag":[],"class_list":{"0":"post-2061","1":"product","2":"type-product","3":"status-publish","4":"has-post-thumbnail","6":"product_brand-olavoga","7":"product_cat-markak","8":"product_cat-olavoga","9":"product_cat-noi-ruhazat-hu","10":"product_cat-taskak-noi-ruhazat-hu","12":"first","13":"instock","14":"shipping-taxable","15":"purchasable","16":"product-type-variable"},"yoast_head":"<!-- This site is optimized with the Yoast SEO plugin v26.7 - https:\/\/yoast.com\/wordpress\/plugins\/seo\/ -->\n<title>OLAVOGA OLVETTE t\u00e1ska - Fashion Universum<\/title>\n<meta name=\"description\" content=\"OLAVOGA OLVETTE t\u00e1ska. Egy nagy cipz\u00e1ras rekesszel. Hossz\u00fa v\u00e1llp\u00e1ntokkal. El\u00f6l visszafogott log\u00f3val. Minimalista shopper t\u00e1ska.\" \/>\n<meta name=\"robots\" content=\"index, follow, max-snippet:-1, max-image-preview:large, max-video-preview:-1\" \/>\n<link rel=\"canonical\" href=\"https:\/\/fashionuniversum.com\/?product=olavoga-olvette-taska-2\" \/>\n<meta property=\"og:locale\" content=\"hu_HU\" \/>\n<meta property=\"og:type\" content=\"article\" \/>\n<meta property=\"og:title\" content=\"OLAVOGA OLVETTE t\u00e1ska - Fashion Universum\" \/>\n<meta property=\"og:description\" content=\"OLAVOGA OLVETTE t\u00e1ska. Egy nagy cipz\u00e1ras rekesszel. Hossz\u00fa v\u00e1llp\u00e1ntokkal. El\u00f6l visszafogott log\u00f3val. Minimalista shopper t\u00e1ska.\" \/>\n<meta property=\"og:url\" content=\"https:\/\/fashionuniversum.com\/?product=olavoga-olvette-taska-2\" \/>\n<meta property=\"og:site_name\" content=\"Fashion Universum\" \/>\n<meta property=\"article:modified_time\" content=\"2026-03-03T12:07:54+00:00\" \/>\n<meta property=\"og:image\" content=\"https:\/\/fashionuniversum.com\/wp-content\/uploads\/2026\/01\/torba-OLVETTE887-scaled-1.jpg\" \/>\n\t<meta property=\"og:image:width\" content=\"1920\" \/>\n\t<meta property=\"og:image:height\" content=\"2560\" \/>\n\t<meta property=\"og:image:type\" content=\"image\/jpeg\" \/>\n<meta name=\"twitter:card\" content=\"summary_large_image\" \/>\n<meta name=\"twitter:label1\" content=\"Becs\u00fclt olvas\u00e1si id\u0151\" \/>\n\t<meta name=\"twitter:data1\" content=\"1 perc\" \/>\n<script type=\"application\/ld+json\" class=\"yoast-schema-graph\">{\"@context\":\"https:\/\/schema.org\",\"@graph\":[{\"@type\":\"WebPage\",\"@id\":\"https:\/\/fashionuniversum.com\/?product=olavoga-olvette-taska-2\",\"url\":\"https:\/\/fashionuniversum.com\/?product=olavoga-olvette-taska-2\",\"name\":\"OLAVOGA OLVETTE t\u00e1ska - Fashion Universum\",\"isPartOf\":{\"@id\":\"https:\/\/fashionuniversum.com\/#website\"},\"primaryImageOfPage\":{\"@id\":\"https:\/\/fashionuniversum.com\/?product=olavoga-olvette-taska-2#primaryimage\"},\"image\":{\"@id\":\"https:\/\/fashionuniversum.com\/?product=olavoga-olvette-taska-2#primaryimage\"},\"thumbnailUrl\":\"https:\/\/fashionuniversum.com\/wp-content\/uploads\/2026\/01\/torba-OLVETTE887-scaled-1.jpg\",\"datePublished\":\"2026-01-22T14:10:32+00:00\",\"dateModified\":\"2026-03-03T12:07:54+00:00\",\"description\":\"OLAVOGA OLVETTE t\u00e1ska. Egy nagy cipz\u00e1ras rekesszel. Hossz\u00fa v\u00e1llp\u00e1ntokkal. El\u00f6l visszafogott log\u00f3val. Minimalista shopper t\u00e1ska.\",\"breadcrumb\":{\"@id\":\"https:\/\/fashionuniversum.com\/?product=olavoga-olvette-taska-2#breadcrumb\"},\"inLanguage\":\"hu\",\"potentialAction\":[{\"@type\":\"ReadAction\",\"target\":[\"https:\/\/fashionuniversum.com\/?product=olavoga-olvette-taska-2\"]}]},{\"@type\":\"ImageObject\",\"inLanguage\":\"hu\",\"@id\":\"https:\/\/fashionuniversum.com\/?product=olavoga-olvette-taska-2#primaryimage\",\"url\":\"https:\/\/fashionuniversum.com\/wp-content\/uploads\/2026\/01\/torba-OLVETTE887-scaled-1.jpg\",\"contentUrl\":\"https:\/\/fashionuniversum.com\/wp-content\/uploads\/2026\/01\/torba-OLVETTE887-scaled-1.jpg\",\"width\":1920,\"height\":2560,\"caption\":\"OLAVOGA OLVETTE t\u00e1ska\"},{\"@type\":\"BreadcrumbList\",\"@id\":\"https:\/\/fashionuniversum.com\/?product=olavoga-olvette-taska-2#breadcrumb\",\"itemListElement\":[{\"@type\":\"ListItem\",\"position\":1,\"name\":\"Kezd\u0151lap\",\"item\":\"https:\/\/fashionuniversum.com\/\"},{\"@type\":\"ListItem\",\"position\":2,\"name\":\"Kezd\u0151lap\",\"item\":\"https:\/\/fashionuniversum.com\/\"},{\"@type\":\"ListItem\",\"position\":3,\"name\":\"OLAVOGA OLVETTE t\u00e1ska\"}]},{\"@type\":\"WebSite\",\"@id\":\"https:\/\/fashionuniversum.com\/#website\",\"url\":\"https:\/\/fashionuniversum.com\/\",\"name\":\"Fashion Universum\",\"description\":\"\",\"publisher\":{\"@id\":\"https:\/\/fashionuniversum.com\/#organization\"},\"potentialAction\":[{\"@type\":\"SearchAction\",\"target\":{\"@type\":\"EntryPoint\",\"urlTemplate\":\"https:\/\/fashionuniversum.com\/?s={search_term_string}\"},\"query-input\":{\"@type\":\"PropertyValueSpecification\",\"valueRequired\":true,\"valueName\":\"search_term_string\"}}],\"inLanguage\":\"hu\"},{\"@type\":\"Organization\",\"@id\":\"https:\/\/fashionuniversum.com\/#organization\",\"name\":\"Fashion Universum\",\"url\":\"https:\/\/fashionuniversum.com\/\",\"logo\":{\"@type\":\"ImageObject\",\"inLanguage\":\"hu\",\"@id\":\"https:\/\/fashionuniversum.com\/#\/schema\/logo\/image\/\",\"url\":\"https:\/\/fashionuniversum.com\/wp-content\/uploads\/2026\/02\/cropped-cropped-imaaage.jpg\",\"contentUrl\":\"https:\/\/fashionuniversum.com\/wp-content\/uploads\/2026\/02\/cropped-cropped-imaaage.jpg\",\"width\":1389,\"height\":285,\"caption\":\"Fashion Universum\"},\"image\":{\"@id\":\"https:\/\/fashionuniversum.com\/#\/schema\/logo\/image\/\"}}]}<\/script>\n<!-- \/ Yoast SEO plugin. -->","yoast_head_json":{"title":"OLAVOGA OLVETTE t\u00e1ska - Fashion Universum","description":"OLAVOGA OLVETTE t\u00e1ska. Egy nagy cipz\u00e1ras rekesszel. Hossz\u00fa v\u00e1llp\u00e1ntokkal. El\u00f6l visszafogott log\u00f3val. Minimalista shopper t\u00e1ska.","robots":{"index":"index","follow":"follow","max-snippet":"max-snippet:-1","max-image-preview":"max-image-preview:large","max-video-preview":"max-video-preview:-1"},"canonical":"https:\/\/fashionuniversum.com\/?product=olavoga-olvette-taska-2","og_locale":"hu_HU","og_type":"article","og_title":"OLAVOGA OLVETTE t\u00e1ska - Fashion Universum","og_description":"OLAVOGA OLVETTE t\u00e1ska. Egy nagy cipz\u00e1ras rekesszel. Hossz\u00fa v\u00e1llp\u00e1ntokkal. El\u00f6l visszafogott log\u00f3val. Minimalista shopper t\u00e1ska.","og_url":"https:\/\/fashionuniversum.com\/?product=olavoga-olvette-taska-2","og_site_name":"Fashion Universum","article_modified_time":"2026-03-03T12:07:54+00:00","og_image":[{"width":1920,"height":2560,"url":"https:\/\/fashionuniversum.com\/wp-content\/uploads\/2026\/01\/torba-OLVETTE887-scaled-1.jpg","type":"image\/jpeg"}],"twitter_card":"summary_large_image","twitter_misc":{"Becs\u00fclt olvas\u00e1si id\u0151":"1 perc"},"schema":{"@context":"https:\/\/schema.org","@graph":[{"@type":"WebPage","@id":"https:\/\/fashionuniversum.com\/?product=olavoga-olvette-taska-2","url":"https:\/\/fashionuniversum.com\/?product=olavoga-olvette-taska-2","name":"OLAVOGA OLVETTE t\u00e1ska - Fashion Universum","isPartOf":{"@id":"https:\/\/fashionuniversum.com\/#website"},"primaryImageOfPage":{"@id":"https:\/\/fashionuniversum.com\/?product=olavoga-olvette-taska-2#primaryimage"},"image":{"@id":"https:\/\/fashionuniversum.com\/?product=olavoga-olvette-taska-2#primaryimage"},"thumbnailUrl":"https:\/\/fashionuniversum.com\/wp-content\/uploads\/2026\/01\/torba-OLVETTE887-scaled-1.jpg","datePublished":"2026-01-22T14:10:32+00:00","dateModified":"2026-03-03T12:07:54+00:00","description":"OLAVOGA OLVETTE t\u00e1ska. Egy nagy cipz\u00e1ras rekesszel. Hossz\u00fa v\u00e1llp\u00e1ntokkal. El\u00f6l visszafogott log\u00f3val. Minimalista shopper t\u00e1ska.","breadcrumb":{"@id":"https:\/\/fashionuniversum.com\/?product=olavoga-olvette-taska-2#breadcrumb"},"inLanguage":"hu","potentialAction":[{"@type":"ReadAction","target":["https:\/\/fashionuniversum.com\/?product=olavoga-olvette-taska-2"]}]},{"@type":"ImageObject","inLanguage":"hu","@id":"https:\/\/fashionuniversum.com\/?product=olavoga-olvette-taska-2#primaryimage","url":"https:\/\/fashionuniversum.com\/wp-content\/uploads\/2026\/01\/torba-OLVETTE887-scaled-1.jpg","contentUrl":"https:\/\/fashionuniversum.com\/wp-content\/uploads\/2026\/01\/torba-OLVETTE887-scaled-1.jpg","width":1920,"height":2560,"caption":"OLAVOGA OLVETTE t\u00e1ska"},{"@type":"BreadcrumbList","@id":"https:\/\/fashionuniversum.com\/?product=olavoga-olvette-taska-2#breadcrumb","itemListElement":[{"@type":"ListItem","position":1,"name":"Kezd\u0151lap","item":"https:\/\/fashionuniversum.com\/"},{"@type":"ListItem","position":2,"name":"Kezd\u0151lap","item":"https:\/\/fashionuniversum.com\/"},{"@type":"ListItem","position":3,"name":"OLAVOGA OLVETTE t\u00e1ska"}]},{"@type":"WebSite","@id":"https:\/\/fashionuniversum.com\/#website","url":"https:\/\/fashionuniversum.com\/","name":"Fashion Universum","description":"","publisher":{"@id":"https:\/\/fashionuniversum.com\/#organization"},"potentialAction":[{"@type":"SearchAction","target":{"@type":"EntryPoint","urlTemplate":"https:\/\/fashionuniversum.com\/?s={search_term_string}"},"query-input":{"@type":"PropertyValueSpecification","valueRequired":true,"valueName":"search_term_string"}}],"inLanguage":"hu"},{"@type":"Organization","@id":"https:\/\/fashionuniversum.com\/#organization","name":"Fashion Universum","url":"https:\/\/fashionuniversum.com\/","logo":{"@type":"ImageObject","inLanguage":"hu","@id":"https:\/\/fashionuniversum.com\/#\/schema\/logo\/image\/","url":"https:\/\/fashionuniversum.com\/wp-content\/uploads\/2026\/02\/cropped-cropped-imaaage.jpg","contentUrl":"https:\/\/fashionuniversum.com\/wp-content\/uploads\/2026\/02\/cropped-cropped-imaaage.jpg","width":1389,"height":285,"caption":"Fashion Universum"},"image":{"@id":"https:\/\/fashionuniversum.com\/#\/schema\/logo\/image\/"}}]}},"_links":{"self":[{"href":"https:\/\/fashionuniversum.com\/index.php?rest_route=\/wp\/v2\/product\/2061","targetHints":{"allow":["GET"]}}],"collection":[{"href":"https:\/\/fashionuniversum.com\/index.php?rest_route=\/wp\/v2\/product"}],"about":[{"href":"https:\/\/fashionuniversum.com\/index.php?rest_route=\/wp\/v2\/types\/product"}],"wp:featuredmedia":[{"embeddable":true,"href":"https:\/\/fashionuniversum.com\/index.php?rest_route=\/wp\/v2\/media\/1555"}],"wp:attachment":[{"href":"https:\/\/fashionuniversum.com\/index.php?rest_route=%2Fwp%2Fv2%2Fmedia&parent=2061"}],"wp:term":[{"taxonomy":"product_brand","embeddable":true,"href":"https:\/\/fashionuniversum.com\/index.php?rest_route=%2Fwp%2Fv2%2Fproduct_brand&post=2061"},{"taxonomy":"product_cat","embeddable":true,"href":"https:\/\/fashionuniversum.com\/index.php?rest_route=%2Fwp%2Fv2%2Fproduct_cat&post=2061"},{"taxonomy":"product_tag","embeddable":true,"href":"https:\/\/fashionuniversum.com\/index.php?rest_route=%2Fwp%2Fv2%2Fproduct_tag&post=2061"}],"curies":[{"name":"wp","href":"https:\/\/api.w.org\/{rel}","templated":true}]}}