{"id":2031,"date":"2026-01-22T14:10:30","date_gmt":"2026-01-22T14:10:30","guid":{"rendered":"https:\/\/fashionuniversum.com\/?post_type=product&#038;p=2031"},"modified":"2026-03-04T13:33:13","modified_gmt":"2026-03-04T13:33:13","slug":"olavoga-tundra-leggings","status":"publish","type":"product","link":"https:\/\/fashionuniversum.com\/?product=olavoga-tundra-leggings","title":{"rendered":"OLAVOGA TUNDRA leggings"},"content":{"rendered":"<div class=\"Y3BBE\" data-sfc-cp=\"\" data-sfc-cb=\"\" data-hveid=\"CAEIAhAA\" data-complete=\"true\" data-processed=\"true\">\n<div data-subtree=\"aimfl\" data-sfc-cb=\"\" data-complete=\"true\" data-processed=\"true\">Az <strong class=\"Yjhzub\" data-sfc-cb=\"\" data-complete=\"true\" data-processed=\"true\">OLAVOGA TUNDRA leggings<\/strong> egy pr\u00e9mium min\u0151s\u00e9g\u0171, alakform\u00e1l\u00f3 hat\u00e1s\u00fa ruhadarab, amely k\u00fcl\u00f6nleges technikai megold\u00e1saival t\u0171nik ki a k\u00edn\u00e1latb\u00f3l.<\/div>\n<\/div>\n<div class=\"Fsg96\" data-sfc-cp=\"\" data-sfc-cb=\"\" data-complete=\"true\" data-processed=\"true\"><\/div>\n<div class=\"otQkpb\" role=\"heading\" aria-level=\"3\" data-animation-nesting=\"\" data-sfc-cp=\"\" data-sfc-cb=\"\" data-complete=\"true\" data-processed=\"true\" data-sae=\"\">Term\u00e9kle\u00edr\u00e1s<\/div>\n<div class=\"Y3BBE\" data-sfc-cp=\"\" data-sfc-cb=\"\" data-hveid=\"CAEIAxAA\" data-complete=\"true\" data-processed=\"true\">Az <strong class=\"Yjhzub\" data-sfc-cb=\"\" data-complete=\"true\" data-processed=\"true\">OLAVOGA TUNDRA leggings<\/strong> a modern n\u0151i ruhat\u00e1r alapk\u00f6ve, amely egyes\u00edti a sportos k\u00e9nyelmet \u00e9s az eleg\u00e1ns megjelen\u00e9st. A modell legf\u0151bb jellemz\u0151je a <strong class=\"Yjhzub\" data-sfc-cb=\"\" data-complete=\"true\" data-processed=\"true\">magas\u00edtott der\u00e9kr\u00e9sz<\/strong>, amely optim\u00e1lis tart\u00e1st \u00e9s alakform\u00e1l\u00f3 hat\u00e1st biztos\u00edt. A nadr\u00e1gsz\u00e1rak v\u00e9g\u00e9n tal\u00e1lhat\u00f3 <strong class=\"Yjhzub\" data-sfc-cb=\"\" data-complete=\"true\" data-processed=\"true\">sarok al\u00e1 b\u00fajtathat\u00f3 p\u00e1nt<\/strong> (kenguru fazon) garant\u00e1lja, hogy a nadr\u00e1g mozg\u00e1s k\u00f6zben is a hely\u00e9n maradjon, \u00e9s ne cs\u00fasszon fel.<\/div>\n<ul class=\"KsbFXc U6u95\" data-sfc-cb=\"\" data-complete=\"true\" data-processed=\"true\">\n<li class=\"dF3vjf\" data-sfc-cb=\"\" data-hveid=\"CAEIBBAA\" data-complete=\"true\" data-sae=\"\"><span class=\"T286Pc\" data-sfc-cp=\"\" data-sfc-cb=\"\" data-complete=\"true\"><strong class=\"Yjhzub\" data-sfc-cb=\"\" data-complete=\"true\">Design:<\/strong> Az oldals\u00f3 r\u00e9szen h\u00edmzett, visszafogott <strong class=\"Yjhzub\" data-sfc-cb=\"\" data-complete=\"true\">OLAVOGA log\u00f3<\/strong> teszi teljess\u00e9 a m\u00e1rk\u00e1ra jellemz\u0151 minimalista, m\u00e9gis exkluz\u00edv st\u00edlust.<\/span><\/li>\n<li class=\"dF3vjf\" data-sfc-cb=\"\" data-hveid=\"CAEIBBAB\" data-complete=\"true\" data-sae=\"\"><span class=\"T286Pc\" data-sfc-cp=\"\" data-sfc-cb=\"\" data-complete=\"true\"><strong class=\"Yjhzub\" data-sfc-cb=\"\" data-complete=\"true\">Anyag\u00f6sszet\u00e9tel:<\/strong> A <span data-sfc-cp=\"\" data-wiz-uids=\"PIeHl_s\" data-sfc-cb=\"\" data-complete=\"true\"><a class=\"H23r4e\" href=\"https:\/\/paparazzishop.hu\/produkt\/olavoga-tundra-leginy\/\" target=\"_blank\" rel=\"noopener\" data-hveid=\"CAEIBBAC\" data-sb=\"\/url?sa=i&amp;source=web&amp;rct=j&amp;url=https:\/\/paparazzishop.hu\/produkt\/olavoga-tundra-leginy\/&amp;ved=2ahUKEwiO6drBrIaTAxXzhf0HHYUTAXoQy_kOegYIAQgEEAI&amp;opi=89978449&amp;cd&amp;psig=AOvVaw31oN219k7EtZ6ORv5zO05C&amp;ust=1772717251415000\">Paparazzi Magyarorsz\u00e1g<\/a><\/span> \u00e9s a Lifestyle &amp; Fashion adatai alapj\u00e1n az anyag <strong class=\"Yjhzub\" data-sfc-cb=\"\" data-complete=\"true\">86% nylon \u00e9s 14% elaszt\u00e1n<\/strong> kever\u00e9ke, ami kiv\u00e1l\u00f3 rugalmass\u00e1got \u00e9s tart\u00f3ss\u00e1got biztos\u00edt.<\/span><\/li>\n<li class=\"dF3vjf\" data-sfc-cb=\"\" data-hveid=\"CAEIBBAD\" data-complete=\"true\" data-sae=\"\"><span class=\"T286Pc\" data-sfc-cp=\"\" data-sfc-cb=\"\" data-complete=\"true\"><strong class=\"Yjhzub\" data-sfc-cb=\"\" data-complete=\"true\">M\u00e9retez\u00e9s:<\/strong> Jellemz\u0151en XS, S \u00e9s M m\u00e9retekben \u00e9rhet\u0151 el.<\/span><\/li>\n<li class=\"dF3vjf\" data-sfc-cb=\"\" data-hveid=\"CAEIBBAE\" data-complete=\"true\" data-sae=\"\"><span class=\"T286Pc\" data-sfc-cp=\"\" data-sfc-cb=\"\" data-complete=\"true\" aria-owns=\"action-menu-parent-container\"><strong class=\"Yjhzub\" data-sfc-cb=\"\" data-complete=\"true\">Tiszt\u00edt\u00e1s:<\/strong> A hossz\u00fa \u00e9lettartam meg\u0151rz\u00e9se \u00e9rdek\u00e9ben 30\u00b0C-on, k\u00edm\u00e9l\u0151 programon moshat\u00f3.<\/span><\/li>\n<\/ul>\n<p><strong>M\u00e9retek (fektetve m\u00e9rve):<\/strong><\/p>\n<figure class=\"table\">\n<table>\n<thead>\n<tr>\n<th><strong>M\u00e9ret<\/strong><\/th>\n<th><strong>XS<\/strong><\/th>\n<th><strong>S<\/strong><\/th>\n<th><strong>M<\/strong><\/th>\n<\/tr>\n<\/thead>\n<tbody>\n<tr>\n<td>Teljes hossz<\/td>\n<td>91 cm<\/td>\n<td>93 cm<\/td>\n<td>95 cm<\/td>\n<\/tr>\n<tr>\n<td>Sz\u00e1rhossz (k\u00fcls\u0151)<\/td>\n<td>83 cm<\/td>\n<td>85 cm<\/td>\n<td>87 cm<\/td>\n<\/tr>\n<tr>\n<td>Sz\u00e1rhossz (bels\u0151)<\/td>\n<td>64 cm<\/td>\n<td>66 cm<\/td>\n<td>68 cm<\/td>\n<\/tr>\n<tr>\n<td>\u00dclepmagass\u00e1g<\/td>\n<td>23 cm<\/td>\n<td>25 cm<\/td>\n<td>27 cm<\/td>\n<\/tr>\n<tr>\n<td>Der\u00e9kb\u0151s\u00e9g<\/td>\n<td>55 cm<\/td>\n<td>57 cm<\/td>\n<td>59 cm<\/td>\n<\/tr>\n<tr>\n<td>Cs\u00edp\u0151b\u0151s\u00e9g<\/td>\n<td>61 cm<\/td>\n<td>63 cm<\/td>\n<td>65 cm<\/td>\n<\/tr>\n<\/tbody>\n<\/table>\n<\/figure>\n<p><i>A ruhadarabokat fektetve m\u00e9rik, ez\u00e9rt az egyes m\u00e9retek elt\u00e9rhetnek +\/- 2 cm-rel.<\/i><\/p>\n","protected":false},"excerpt":{"rendered":"<p>Az OLAVOGA TUNDRA leggings egy pr\u00e9mium min\u0151s\u00e9g\u0171, alakform\u00e1l\u00f3 hat\u00e1s\u00fa ruhadarab, amely k\u00fcl\u00f6nleges technikai megold\u00e1saival t\u0171nik ki a k\u00edn\u00e1latb\u00f3l. Term\u00e9kle\u00edr\u00e1s Az OLAVOGA TUNDRA leggings a modern &hellip; <\/p>\n","protected":false},"featured_media":1491,"template":"","meta":[],"product_brand":[78],"product_cat":[19,28,25,43],"product_tag":[],"class_list":{"0":"post-2031","1":"product","2":"type-product","3":"status-publish","4":"has-post-thumbnail","6":"product_brand-olavoga","7":"product_cat-markak","8":"product_cat-olavoga","9":"product_cat-noi-ruhazat-hu","10":"product_cat-leggingsek-nadragok","12":"first","13":"instock","14":"shipping-taxable","15":"purchasable","16":"product-type-variable"},"yoast_head":"<!-- This site is optimized with the Yoast SEO plugin v26.7 - https:\/\/yoast.com\/wordpress\/plugins\/seo\/ -->\n<title>OLAVOGA TUNDRA leggings - Fashion Universum<\/title>\n<meta name=\"description\" content=\"OLAVOGA TUNDRA leggings a Fashion Universum k\u00edn\u00e1lat\u00e1ban! Alakform\u00e1l\u00f3, magas derek\u00fa fazon sarokp\u00e1nttal a t\u00f6k\u00e9letes tart\u00e1s\u00e9rt. Pr\u00e9mium min\u0151s\u00e9g\u0171 darab.\" \/>\n<meta name=\"robots\" content=\"index, follow, max-snippet:-1, max-image-preview:large, max-video-preview:-1\" \/>\n<link rel=\"canonical\" href=\"https:\/\/fashionuniversum.com\/?product=olavoga-tundra-leggings\" \/>\n<meta property=\"og:locale\" content=\"hu_HU\" \/>\n<meta property=\"og:type\" content=\"article\" \/>\n<meta property=\"og:title\" content=\"OLAVOGA TUNDRA leggings - Fashion Universum\" \/>\n<meta property=\"og:description\" content=\"OLAVOGA TUNDRA leggings a Fashion Universum k\u00edn\u00e1lat\u00e1ban! Alakform\u00e1l\u00f3, magas derek\u00fa fazon sarokp\u00e1nttal a t\u00f6k\u00e9letes tart\u00e1s\u00e9rt. Pr\u00e9mium min\u0151s\u00e9g\u0171 darab.\" \/>\n<meta property=\"og:url\" content=\"https:\/\/fashionuniversum.com\/?product=olavoga-tundra-leggings\" \/>\n<meta property=\"og:site_name\" content=\"Fashion Universum\" \/>\n<meta property=\"article:modified_time\" content=\"2026-03-04T13:33:13+00:00\" \/>\n<meta property=\"og:image\" content=\"https:\/\/fashionuniversum.com\/wp-content\/uploads\/2026\/01\/legginsy-TUNDRA-393-scaled-1.jpg\" \/>\n\t<meta property=\"og:image:width\" content=\"1920\" \/>\n\t<meta property=\"og:image:height\" content=\"2560\" \/>\n\t<meta property=\"og:image:type\" content=\"image\/jpeg\" \/>\n<meta name=\"twitter:card\" content=\"summary_large_image\" \/>\n<meta name=\"twitter:label1\" content=\"Becs\u00fclt olvas\u00e1si id\u0151\" \/>\n\t<meta name=\"twitter:data1\" content=\"2 perc\" \/>\n<script type=\"application\/ld+json\" class=\"yoast-schema-graph\">{\"@context\":\"https:\/\/schema.org\",\"@graph\":[{\"@type\":\"WebPage\",\"@id\":\"https:\/\/fashionuniversum.com\/?product=olavoga-tundra-leggings\",\"url\":\"https:\/\/fashionuniversum.com\/?product=olavoga-tundra-leggings\",\"name\":\"OLAVOGA TUNDRA leggings - Fashion Universum\",\"isPartOf\":{\"@id\":\"https:\/\/fashionuniversum.com\/#website\"},\"primaryImageOfPage\":{\"@id\":\"https:\/\/fashionuniversum.com\/?product=olavoga-tundra-leggings#primaryimage\"},\"image\":{\"@id\":\"https:\/\/fashionuniversum.com\/?product=olavoga-tundra-leggings#primaryimage\"},\"thumbnailUrl\":\"https:\/\/fashionuniversum.com\/wp-content\/uploads\/2026\/01\/legginsy-TUNDRA-393-scaled-1.jpg\",\"datePublished\":\"2026-01-22T14:10:30+00:00\",\"dateModified\":\"2026-03-04T13:33:13+00:00\",\"description\":\"OLAVOGA TUNDRA leggings a Fashion Universum k\u00edn\u00e1lat\u00e1ban! Alakform\u00e1l\u00f3, magas derek\u00fa fazon sarokp\u00e1nttal a t\u00f6k\u00e9letes tart\u00e1s\u00e9rt. Pr\u00e9mium min\u0151s\u00e9g\u0171 darab.\",\"breadcrumb\":{\"@id\":\"https:\/\/fashionuniversum.com\/?product=olavoga-tundra-leggings#breadcrumb\"},\"inLanguage\":\"hu\",\"potentialAction\":[{\"@type\":\"ReadAction\",\"target\":[\"https:\/\/fashionuniversum.com\/?product=olavoga-tundra-leggings\"]}]},{\"@type\":\"ImageObject\",\"inLanguage\":\"hu\",\"@id\":\"https:\/\/fashionuniversum.com\/?product=olavoga-tundra-leggings#primaryimage\",\"url\":\"https:\/\/fashionuniversum.com\/wp-content\/uploads\/2026\/01\/legginsy-TUNDRA-393-scaled-1.jpg\",\"contentUrl\":\"https:\/\/fashionuniversum.com\/wp-content\/uploads\/2026\/01\/legginsy-TUNDRA-393-scaled-1.jpg\",\"width\":1920,\"height\":2560,\"caption\":\"OLAVOGA TUNDRA leggings\"},{\"@type\":\"BreadcrumbList\",\"@id\":\"https:\/\/fashionuniversum.com\/?product=olavoga-tundra-leggings#breadcrumb\",\"itemListElement\":[{\"@type\":\"ListItem\",\"position\":1,\"name\":\"Kezd\u0151lap\",\"item\":\"https:\/\/fashionuniversum.com\/\"},{\"@type\":\"ListItem\",\"position\":2,\"name\":\"Kezd\u0151lap\",\"item\":\"https:\/\/fashionuniversum.com\/\"},{\"@type\":\"ListItem\",\"position\":3,\"name\":\"OLAVOGA TUNDRA leggings\"}]},{\"@type\":\"WebSite\",\"@id\":\"https:\/\/fashionuniversum.com\/#website\",\"url\":\"https:\/\/fashionuniversum.com\/\",\"name\":\"Fashion Universum\",\"description\":\"\",\"publisher\":{\"@id\":\"https:\/\/fashionuniversum.com\/#organization\"},\"potentialAction\":[{\"@type\":\"SearchAction\",\"target\":{\"@type\":\"EntryPoint\",\"urlTemplate\":\"https:\/\/fashionuniversum.com\/?s={search_term_string}\"},\"query-input\":{\"@type\":\"PropertyValueSpecification\",\"valueRequired\":true,\"valueName\":\"search_term_string\"}}],\"inLanguage\":\"hu\"},{\"@type\":\"Organization\",\"@id\":\"https:\/\/fashionuniversum.com\/#organization\",\"name\":\"Fashion Universum\",\"url\":\"https:\/\/fashionuniversum.com\/\",\"logo\":{\"@type\":\"ImageObject\",\"inLanguage\":\"hu\",\"@id\":\"https:\/\/fashionuniversum.com\/#\/schema\/logo\/image\/\",\"url\":\"https:\/\/fashionuniversum.com\/wp-content\/uploads\/2026\/02\/cropped-cropped-imaaage.jpg\",\"contentUrl\":\"https:\/\/fashionuniversum.com\/wp-content\/uploads\/2026\/02\/cropped-cropped-imaaage.jpg\",\"width\":1389,\"height\":285,\"caption\":\"Fashion Universum\"},\"image\":{\"@id\":\"https:\/\/fashionuniversum.com\/#\/schema\/logo\/image\/\"}}]}<\/script>\n<!-- \/ Yoast SEO plugin. -->","yoast_head_json":{"title":"OLAVOGA TUNDRA leggings - Fashion Universum","description":"OLAVOGA TUNDRA leggings a Fashion Universum k\u00edn\u00e1lat\u00e1ban! Alakform\u00e1l\u00f3, magas derek\u00fa fazon sarokp\u00e1nttal a t\u00f6k\u00e9letes tart\u00e1s\u00e9rt. Pr\u00e9mium min\u0151s\u00e9g\u0171 darab.","robots":{"index":"index","follow":"follow","max-snippet":"max-snippet:-1","max-image-preview":"max-image-preview:large","max-video-preview":"max-video-preview:-1"},"canonical":"https:\/\/fashionuniversum.com\/?product=olavoga-tundra-leggings","og_locale":"hu_HU","og_type":"article","og_title":"OLAVOGA TUNDRA leggings - Fashion Universum","og_description":"OLAVOGA TUNDRA leggings a Fashion Universum k\u00edn\u00e1lat\u00e1ban! Alakform\u00e1l\u00f3, magas derek\u00fa fazon sarokp\u00e1nttal a t\u00f6k\u00e9letes tart\u00e1s\u00e9rt. Pr\u00e9mium min\u0151s\u00e9g\u0171 darab.","og_url":"https:\/\/fashionuniversum.com\/?product=olavoga-tundra-leggings","og_site_name":"Fashion Universum","article_modified_time":"2026-03-04T13:33:13+00:00","og_image":[{"width":1920,"height":2560,"url":"https:\/\/fashionuniversum.com\/wp-content\/uploads\/2026\/01\/legginsy-TUNDRA-393-scaled-1.jpg","type":"image\/jpeg"}],"twitter_card":"summary_large_image","twitter_misc":{"Becs\u00fclt olvas\u00e1si id\u0151":"2 perc"},"schema":{"@context":"https:\/\/schema.org","@graph":[{"@type":"WebPage","@id":"https:\/\/fashionuniversum.com\/?product=olavoga-tundra-leggings","url":"https:\/\/fashionuniversum.com\/?product=olavoga-tundra-leggings","name":"OLAVOGA TUNDRA leggings - Fashion Universum","isPartOf":{"@id":"https:\/\/fashionuniversum.com\/#website"},"primaryImageOfPage":{"@id":"https:\/\/fashionuniversum.com\/?product=olavoga-tundra-leggings#primaryimage"},"image":{"@id":"https:\/\/fashionuniversum.com\/?product=olavoga-tundra-leggings#primaryimage"},"thumbnailUrl":"https:\/\/fashionuniversum.com\/wp-content\/uploads\/2026\/01\/legginsy-TUNDRA-393-scaled-1.jpg","datePublished":"2026-01-22T14:10:30+00:00","dateModified":"2026-03-04T13:33:13+00:00","description":"OLAVOGA TUNDRA leggings a Fashion Universum k\u00edn\u00e1lat\u00e1ban! Alakform\u00e1l\u00f3, magas derek\u00fa fazon sarokp\u00e1nttal a t\u00f6k\u00e9letes tart\u00e1s\u00e9rt. Pr\u00e9mium min\u0151s\u00e9g\u0171 darab.","breadcrumb":{"@id":"https:\/\/fashionuniversum.com\/?product=olavoga-tundra-leggings#breadcrumb"},"inLanguage":"hu","potentialAction":[{"@type":"ReadAction","target":["https:\/\/fashionuniversum.com\/?product=olavoga-tundra-leggings"]}]},{"@type":"ImageObject","inLanguage":"hu","@id":"https:\/\/fashionuniversum.com\/?product=olavoga-tundra-leggings#primaryimage","url":"https:\/\/fashionuniversum.com\/wp-content\/uploads\/2026\/01\/legginsy-TUNDRA-393-scaled-1.jpg","contentUrl":"https:\/\/fashionuniversum.com\/wp-content\/uploads\/2026\/01\/legginsy-TUNDRA-393-scaled-1.jpg","width":1920,"height":2560,"caption":"OLAVOGA TUNDRA leggings"},{"@type":"BreadcrumbList","@id":"https:\/\/fashionuniversum.com\/?product=olavoga-tundra-leggings#breadcrumb","itemListElement":[{"@type":"ListItem","position":1,"name":"Kezd\u0151lap","item":"https:\/\/fashionuniversum.com\/"},{"@type":"ListItem","position":2,"name":"Kezd\u0151lap","item":"https:\/\/fashionuniversum.com\/"},{"@type":"ListItem","position":3,"name":"OLAVOGA TUNDRA leggings"}]},{"@type":"WebSite","@id":"https:\/\/fashionuniversum.com\/#website","url":"https:\/\/fashionuniversum.com\/","name":"Fashion Universum","description":"","publisher":{"@id":"https:\/\/fashionuniversum.com\/#organization"},"potentialAction":[{"@type":"SearchAction","target":{"@type":"EntryPoint","urlTemplate":"https:\/\/fashionuniversum.com\/?s={search_term_string}"},"query-input":{"@type":"PropertyValueSpecification","valueRequired":true,"valueName":"search_term_string"}}],"inLanguage":"hu"},{"@type":"Organization","@id":"https:\/\/fashionuniversum.com\/#organization","name":"Fashion Universum","url":"https:\/\/fashionuniversum.com\/","logo":{"@type":"ImageObject","inLanguage":"hu","@id":"https:\/\/fashionuniversum.com\/#\/schema\/logo\/image\/","url":"https:\/\/fashionuniversum.com\/wp-content\/uploads\/2026\/02\/cropped-cropped-imaaage.jpg","contentUrl":"https:\/\/fashionuniversum.com\/wp-content\/uploads\/2026\/02\/cropped-cropped-imaaage.jpg","width":1389,"height":285,"caption":"Fashion Universum"},"image":{"@id":"https:\/\/fashionuniversum.com\/#\/schema\/logo\/image\/"}}]}},"_links":{"self":[{"href":"https:\/\/fashionuniversum.com\/index.php?rest_route=\/wp\/v2\/product\/2031","targetHints":{"allow":["GET"]}}],"collection":[{"href":"https:\/\/fashionuniversum.com\/index.php?rest_route=\/wp\/v2\/product"}],"about":[{"href":"https:\/\/fashionuniversum.com\/index.php?rest_route=\/wp\/v2\/types\/product"}],"wp:featuredmedia":[{"embeddable":true,"href":"https:\/\/fashionuniversum.com\/index.php?rest_route=\/wp\/v2\/media\/1491"}],"wp:attachment":[{"href":"https:\/\/fashionuniversum.com\/index.php?rest_route=%2Fwp%2Fv2%2Fmedia&parent=2031"}],"wp:term":[{"taxonomy":"product_brand","embeddable":true,"href":"https:\/\/fashionuniversum.com\/index.php?rest_route=%2Fwp%2Fv2%2Fproduct_brand&post=2031"},{"taxonomy":"product_cat","embeddable":true,"href":"https:\/\/fashionuniversum.com\/index.php?rest_route=%2Fwp%2Fv2%2Fproduct_cat&post=2031"},{"taxonomy":"product_tag","embeddable":true,"href":"https:\/\/fashionuniversum.com\/index.php?rest_route=%2Fwp%2Fv2%2Fproduct_tag&post=2031"}],"curies":[{"name":"wp","href":"https:\/\/api.w.org\/{rel}","templated":true}]}}