{"id":2019,"date":"2026-01-22T14:10:28","date_gmt":"2026-01-22T14:10:28","guid":{"rendered":"https:\/\/fashionuniversum.com\/?post_type=product&#038;p=2019"},"modified":"2026-03-09T14:14:14","modified_gmt":"2026-03-09T14:14:14","slug":"olavoga-perdita-felso-2","status":"publish","type":"product","link":"https:\/\/fashionuniversum.com\/?product=olavoga-perdita-felso-2","title":{"rendered":"OLAVOGA PERDITA fels\u0151"},"content":{"rendered":"<p>&nbsp;<\/p>\n<p><strong>OLAVOGA PERDITA fels\u0151A modell 165 cm, \u00e9s S-es m\u00e9retet visel.<\/strong><\/p>\n<p>Testhez\u00e1ll\u00f3, ujjatlan top, amely kiv\u00e1l\u00f3 min\u0151s\u00e9g\u0171, rugalmas, bord\u00e1zott viszk\u00f3z anyagb\u00f3l k\u00e9sz\u00fclt. Az elej\u00e9t kontrasztos, nagym\u00e9ret\u0171 OLAVOGA m\u00e1rkalog\u00f3 d\u00edsz\u00edti, amely karaktert ad az egyszer\u0171 szab\u00e1snak.<\/p>\n<p><strong>\u00d6sszet\u00e9tel:<\/strong> 65% viszk\u00f3z, 35% nylon<\/p>\n<p>&nbsp;<\/p>\n<p><strong>M\u00e9retek (fektetve m\u00e9rve):<\/strong><\/p>\n<figure class=\"table\">\n<table>\n<thead>\n<tr>\n<th><strong>M\u00e9ret<\/strong><\/th>\n<th><strong>XS<\/strong><\/th>\n<th><strong>S<\/strong><\/th>\n<th><strong>M<\/strong><\/th>\n<\/tr>\n<\/thead>\n<tbody>\n<tr>\n<td>Teljes hossz<\/td>\n<td>47 cm<\/td>\n<td>49 cm<\/td>\n<td>51 cm<\/td>\n<\/tr>\n<tr>\n<td>Mellb\u0151s\u00e9g*<\/td>\n<td>64 cm<\/td>\n<td>66 cm<\/td>\n<td>68 cm<\/td>\n<\/tr>\n<\/tbody>\n<\/table>\n<\/figure>\n<p>* Az anyag mellb\u0151s\u00e9gben ak\u00e1r 30 cm-t is ny\u00falik<\/p>\n<p><i>A ruhadarabokat fektetve m\u00e9rik, ez\u00e9rt az egyes m\u00e9retek elt\u00e9rhetnek +\/- 2 cm-rel.<\/i><\/p>\n","protected":false},"excerpt":{"rendered":"<p>&nbsp; OLAVOGA PERDITA fels\u0151A modell 165 cm, \u00e9s S-es m\u00e9retet visel. Testhez\u00e1ll\u00f3, ujjatlan top, amely kiv\u00e1l\u00f3 min\u0151s\u00e9g\u0171, rugalmas, bord\u00e1zott viszk\u00f3z anyagb\u00f3l k\u00e9sz\u00fclt. Az elej\u00e9t kontrasztos, &hellip; <\/p>\n","protected":false},"featured_media":1483,"template":"","meta":[],"product_brand":[78],"product_cat":[19,28,25,40],"product_tag":[],"class_list":{"0":"post-2019","1":"product","2":"type-product","3":"status-publish","4":"has-post-thumbnail","6":"product_brand-olavoga","7":"product_cat-markak","8":"product_cat-olavoga","9":"product_cat-noi-ruhazat-hu","10":"product_cat-felsok-body-k","12":"first","13":"instock","14":"shipping-taxable","15":"purchasable","16":"product-type-variable"},"yoast_head":"<!-- This site is optimized with the Yoast SEO plugin v26.7 - https:\/\/yoast.com\/wordpress\/plugins\/seo\/ -->\n<title>OLAVOGA PERDITA fels\u0151 - Fashion Universum<\/title>\n<meta name=\"description\" content=\"Testhez\u00e1ll\u00f3, ujjatlan top, amely kiv\u00e1l\u00f3 min\u0151s\u00e9g\u0171, rugalmas, bord\u00e1zott viszk\u00f3z anyagb\u00f3l k\u00e9sz\u00fclt. OLAVOGA PERDITA fels\u0151 -t fedezd fel n\u00e1lunk!\" \/>\n<meta name=\"robots\" content=\"index, follow, max-snippet:-1, max-image-preview:large, max-video-preview:-1\" \/>\n<link rel=\"canonical\" href=\"https:\/\/fashionuniversum.com\/?product=olavoga-perdita-felso-2\" \/>\n<meta property=\"og:locale\" content=\"hu_HU\" \/>\n<meta property=\"og:type\" content=\"article\" \/>\n<meta property=\"og:title\" content=\"OLAVOGA PERDITA fels\u0151 - Fashion Universum\" \/>\n<meta property=\"og:description\" content=\"Testhez\u00e1ll\u00f3, ujjatlan top, amely kiv\u00e1l\u00f3 min\u0151s\u00e9g\u0171, rugalmas, bord\u00e1zott viszk\u00f3z anyagb\u00f3l k\u00e9sz\u00fclt. OLAVOGA PERDITA fels\u0151 -t fedezd fel n\u00e1lunk!\" \/>\n<meta property=\"og:url\" content=\"https:\/\/fashionuniversum.com\/?product=olavoga-perdita-felso-2\" \/>\n<meta property=\"og:site_name\" content=\"Fashion Universum\" \/>\n<meta property=\"article:modified_time\" content=\"2026-03-09T14:14:14+00:00\" \/>\n<meta property=\"og:image\" content=\"https:\/\/fashionuniversum.com\/wp-content\/uploads\/2026\/01\/top-PERDITA-068-scaled-1.jpg\" \/>\n\t<meta property=\"og:image:width\" content=\"1920\" \/>\n\t<meta property=\"og:image:height\" content=\"2560\" \/>\n\t<meta property=\"og:image:type\" content=\"image\/jpeg\" \/>\n<meta name=\"twitter:card\" content=\"summary_large_image\" \/>\n<meta name=\"twitter:label1\" content=\"Becs\u00fclt olvas\u00e1si id\u0151\" \/>\n\t<meta name=\"twitter:data1\" content=\"1 perc\" \/>\n<script type=\"application\/ld+json\" class=\"yoast-schema-graph\">{\"@context\":\"https:\/\/schema.org\",\"@graph\":[{\"@type\":\"WebPage\",\"@id\":\"https:\/\/fashionuniversum.com\/?product=olavoga-perdita-felso-2\",\"url\":\"https:\/\/fashionuniversum.com\/?product=olavoga-perdita-felso-2\",\"name\":\"OLAVOGA PERDITA fels\u0151 - Fashion Universum\",\"isPartOf\":{\"@id\":\"https:\/\/fashionuniversum.com\/#website\"},\"primaryImageOfPage\":{\"@id\":\"https:\/\/fashionuniversum.com\/?product=olavoga-perdita-felso-2#primaryimage\"},\"image\":{\"@id\":\"https:\/\/fashionuniversum.com\/?product=olavoga-perdita-felso-2#primaryimage\"},\"thumbnailUrl\":\"https:\/\/fashionuniversum.com\/wp-content\/uploads\/2026\/01\/top-PERDITA-068-scaled-1.jpg\",\"datePublished\":\"2026-01-22T14:10:28+00:00\",\"dateModified\":\"2026-03-09T14:14:14+00:00\",\"description\":\"Testhez\u00e1ll\u00f3, ujjatlan top, amely kiv\u00e1l\u00f3 min\u0151s\u00e9g\u0171, rugalmas, bord\u00e1zott viszk\u00f3z anyagb\u00f3l k\u00e9sz\u00fclt. OLAVOGA PERDITA fels\u0151 -t fedezd fel n\u00e1lunk!\",\"breadcrumb\":{\"@id\":\"https:\/\/fashionuniversum.com\/?product=olavoga-perdita-felso-2#breadcrumb\"},\"inLanguage\":\"hu\",\"potentialAction\":[{\"@type\":\"ReadAction\",\"target\":[\"https:\/\/fashionuniversum.com\/?product=olavoga-perdita-felso-2\"]}]},{\"@type\":\"ImageObject\",\"inLanguage\":\"hu\",\"@id\":\"https:\/\/fashionuniversum.com\/?product=olavoga-perdita-felso-2#primaryimage\",\"url\":\"https:\/\/fashionuniversum.com\/wp-content\/uploads\/2026\/01\/top-PERDITA-068-scaled-1.jpg\",\"contentUrl\":\"https:\/\/fashionuniversum.com\/wp-content\/uploads\/2026\/01\/top-PERDITA-068-scaled-1.jpg\",\"width\":1920,\"height\":2560,\"caption\":\"OLAVOGA PERDITA fels\u0151\"},{\"@type\":\"BreadcrumbList\",\"@id\":\"https:\/\/fashionuniversum.com\/?product=olavoga-perdita-felso-2#breadcrumb\",\"itemListElement\":[{\"@type\":\"ListItem\",\"position\":1,\"name\":\"Kezd\u0151lap\",\"item\":\"https:\/\/fashionuniversum.com\/\"},{\"@type\":\"ListItem\",\"position\":2,\"name\":\"Kezd\u0151lap\",\"item\":\"https:\/\/fashionuniversum.com\/\"},{\"@type\":\"ListItem\",\"position\":3,\"name\":\"OLAVOGA PERDITA fels\u0151\"}]},{\"@type\":\"WebSite\",\"@id\":\"https:\/\/fashionuniversum.com\/#website\",\"url\":\"https:\/\/fashionuniversum.com\/\",\"name\":\"Fashion Universum\",\"description\":\"\",\"publisher\":{\"@id\":\"https:\/\/fashionuniversum.com\/#organization\"},\"potentialAction\":[{\"@type\":\"SearchAction\",\"target\":{\"@type\":\"EntryPoint\",\"urlTemplate\":\"https:\/\/fashionuniversum.com\/?s={search_term_string}\"},\"query-input\":{\"@type\":\"PropertyValueSpecification\",\"valueRequired\":true,\"valueName\":\"search_term_string\"}}],\"inLanguage\":\"hu\"},{\"@type\":\"Organization\",\"@id\":\"https:\/\/fashionuniversum.com\/#organization\",\"name\":\"Fashion Universum\",\"url\":\"https:\/\/fashionuniversum.com\/\",\"logo\":{\"@type\":\"ImageObject\",\"inLanguage\":\"hu\",\"@id\":\"https:\/\/fashionuniversum.com\/#\/schema\/logo\/image\/\",\"url\":\"https:\/\/fashionuniversum.com\/wp-content\/uploads\/2026\/02\/cropped-cropped-imaaage.jpg\",\"contentUrl\":\"https:\/\/fashionuniversum.com\/wp-content\/uploads\/2026\/02\/cropped-cropped-imaaage.jpg\",\"width\":1389,\"height\":285,\"caption\":\"Fashion Universum\"},\"image\":{\"@id\":\"https:\/\/fashionuniversum.com\/#\/schema\/logo\/image\/\"}}]}<\/script>\n<!-- \/ Yoast SEO plugin. -->","yoast_head_json":{"title":"OLAVOGA PERDITA fels\u0151 - Fashion Universum","description":"Testhez\u00e1ll\u00f3, ujjatlan top, amely kiv\u00e1l\u00f3 min\u0151s\u00e9g\u0171, rugalmas, bord\u00e1zott viszk\u00f3z anyagb\u00f3l k\u00e9sz\u00fclt. OLAVOGA PERDITA fels\u0151 -t fedezd fel n\u00e1lunk!","robots":{"index":"index","follow":"follow","max-snippet":"max-snippet:-1","max-image-preview":"max-image-preview:large","max-video-preview":"max-video-preview:-1"},"canonical":"https:\/\/fashionuniversum.com\/?product=olavoga-perdita-felso-2","og_locale":"hu_HU","og_type":"article","og_title":"OLAVOGA PERDITA fels\u0151 - Fashion Universum","og_description":"Testhez\u00e1ll\u00f3, ujjatlan top, amely kiv\u00e1l\u00f3 min\u0151s\u00e9g\u0171, rugalmas, bord\u00e1zott viszk\u00f3z anyagb\u00f3l k\u00e9sz\u00fclt. OLAVOGA PERDITA fels\u0151 -t fedezd fel n\u00e1lunk!","og_url":"https:\/\/fashionuniversum.com\/?product=olavoga-perdita-felso-2","og_site_name":"Fashion Universum","article_modified_time":"2026-03-09T14:14:14+00:00","og_image":[{"width":1920,"height":2560,"url":"https:\/\/fashionuniversum.com\/wp-content\/uploads\/2026\/01\/top-PERDITA-068-scaled-1.jpg","type":"image\/jpeg"}],"twitter_card":"summary_large_image","twitter_misc":{"Becs\u00fclt olvas\u00e1si id\u0151":"1 perc"},"schema":{"@context":"https:\/\/schema.org","@graph":[{"@type":"WebPage","@id":"https:\/\/fashionuniversum.com\/?product=olavoga-perdita-felso-2","url":"https:\/\/fashionuniversum.com\/?product=olavoga-perdita-felso-2","name":"OLAVOGA PERDITA fels\u0151 - Fashion Universum","isPartOf":{"@id":"https:\/\/fashionuniversum.com\/#website"},"primaryImageOfPage":{"@id":"https:\/\/fashionuniversum.com\/?product=olavoga-perdita-felso-2#primaryimage"},"image":{"@id":"https:\/\/fashionuniversum.com\/?product=olavoga-perdita-felso-2#primaryimage"},"thumbnailUrl":"https:\/\/fashionuniversum.com\/wp-content\/uploads\/2026\/01\/top-PERDITA-068-scaled-1.jpg","datePublished":"2026-01-22T14:10:28+00:00","dateModified":"2026-03-09T14:14:14+00:00","description":"Testhez\u00e1ll\u00f3, ujjatlan top, amely kiv\u00e1l\u00f3 min\u0151s\u00e9g\u0171, rugalmas, bord\u00e1zott viszk\u00f3z anyagb\u00f3l k\u00e9sz\u00fclt. OLAVOGA PERDITA fels\u0151 -t fedezd fel n\u00e1lunk!","breadcrumb":{"@id":"https:\/\/fashionuniversum.com\/?product=olavoga-perdita-felso-2#breadcrumb"},"inLanguage":"hu","potentialAction":[{"@type":"ReadAction","target":["https:\/\/fashionuniversum.com\/?product=olavoga-perdita-felso-2"]}]},{"@type":"ImageObject","inLanguage":"hu","@id":"https:\/\/fashionuniversum.com\/?product=olavoga-perdita-felso-2#primaryimage","url":"https:\/\/fashionuniversum.com\/wp-content\/uploads\/2026\/01\/top-PERDITA-068-scaled-1.jpg","contentUrl":"https:\/\/fashionuniversum.com\/wp-content\/uploads\/2026\/01\/top-PERDITA-068-scaled-1.jpg","width":1920,"height":2560,"caption":"OLAVOGA PERDITA fels\u0151"},{"@type":"BreadcrumbList","@id":"https:\/\/fashionuniversum.com\/?product=olavoga-perdita-felso-2#breadcrumb","itemListElement":[{"@type":"ListItem","position":1,"name":"Kezd\u0151lap","item":"https:\/\/fashionuniversum.com\/"},{"@type":"ListItem","position":2,"name":"Kezd\u0151lap","item":"https:\/\/fashionuniversum.com\/"},{"@type":"ListItem","position":3,"name":"OLAVOGA PERDITA fels\u0151"}]},{"@type":"WebSite","@id":"https:\/\/fashionuniversum.com\/#website","url":"https:\/\/fashionuniversum.com\/","name":"Fashion Universum","description":"","publisher":{"@id":"https:\/\/fashionuniversum.com\/#organization"},"potentialAction":[{"@type":"SearchAction","target":{"@type":"EntryPoint","urlTemplate":"https:\/\/fashionuniversum.com\/?s={search_term_string}"},"query-input":{"@type":"PropertyValueSpecification","valueRequired":true,"valueName":"search_term_string"}}],"inLanguage":"hu"},{"@type":"Organization","@id":"https:\/\/fashionuniversum.com\/#organization","name":"Fashion Universum","url":"https:\/\/fashionuniversum.com\/","logo":{"@type":"ImageObject","inLanguage":"hu","@id":"https:\/\/fashionuniversum.com\/#\/schema\/logo\/image\/","url":"https:\/\/fashionuniversum.com\/wp-content\/uploads\/2026\/02\/cropped-cropped-imaaage.jpg","contentUrl":"https:\/\/fashionuniversum.com\/wp-content\/uploads\/2026\/02\/cropped-cropped-imaaage.jpg","width":1389,"height":285,"caption":"Fashion Universum"},"image":{"@id":"https:\/\/fashionuniversum.com\/#\/schema\/logo\/image\/"}}]}},"_links":{"self":[{"href":"https:\/\/fashionuniversum.com\/index.php?rest_route=\/wp\/v2\/product\/2019","targetHints":{"allow":["GET"]}}],"collection":[{"href":"https:\/\/fashionuniversum.com\/index.php?rest_route=\/wp\/v2\/product"}],"about":[{"href":"https:\/\/fashionuniversum.com\/index.php?rest_route=\/wp\/v2\/types\/product"}],"wp:featuredmedia":[{"embeddable":true,"href":"https:\/\/fashionuniversum.com\/index.php?rest_route=\/wp\/v2\/media\/1483"}],"wp:attachment":[{"href":"https:\/\/fashionuniversum.com\/index.php?rest_route=%2Fwp%2Fv2%2Fmedia&parent=2019"}],"wp:term":[{"taxonomy":"product_brand","embeddable":true,"href":"https:\/\/fashionuniversum.com\/index.php?rest_route=%2Fwp%2Fv2%2Fproduct_brand&post=2019"},{"taxonomy":"product_cat","embeddable":true,"href":"https:\/\/fashionuniversum.com\/index.php?rest_route=%2Fwp%2Fv2%2Fproduct_cat&post=2019"},{"taxonomy":"product_tag","embeddable":true,"href":"https:\/\/fashionuniversum.com\/index.php?rest_route=%2Fwp%2Fv2%2Fproduct_tag&post=2019"}],"curies":[{"name":"wp","href":"https:\/\/api.w.org\/{rel}","templated":true}]}}