{"id":2013,"date":"2026-01-22T14:10:28","date_gmt":"2026-01-22T14:10:28","guid":{"rendered":"https:\/\/fashionuniversum.com\/?post_type=product&#038;p=2013"},"modified":"2026-03-05T09:43:29","modified_gmt":"2026-03-05T09:43:29","slug":"olavoga-urban-maple-szett","status":"publish","type":"product","link":"https:\/\/fashionuniversum.com\/?product=olavoga-urban-maple-szett","title":{"rendered":"OLAVOGA URBAN MAPLE szett"},"content":{"rendered":"<p>OLAVOGA URBAN MAPLE szett<\/p>\n<p><strong>A modell 165 cm, \u00e9s S-es m\u00e9retet visel.<\/strong><\/p>\n<p>Laza, m\u00e9gis n\u0151ies szett kiv\u00e1l\u00f3 min\u0151s\u00e9g\u0171, rugalmas \u00e9s l\u00e9g\u00e1tereszt\u0151 anyagb\u00f3l.<br \/>\nA fels\u0151r\u00e9sz egy r\u00f6vid fazon\u00fa, ujjatlan top, v\u00e1llr\u00e9szen v\u00e1llt\u00f6m\u00e9sekkel, amelyek eleganci\u00e1t k\u00f6lcs\u00f6n\u00f6znek a sportos megjelen\u00e9shez. Az elej\u00e9n letisztult \u201eOLV\u201d felirat tal\u00e1lhat\u00f3.<br \/>\nAz als\u00f3 r\u00e9sz t\u00f6k\u00e9letesen testhez simul\u00f3, magas derek\u00fa leggings, lefel\u00e9 enyh\u00e9n b\u0151v\u00fcl\u0151 sz\u00e1rakkal. A der\u00e9kr\u00e9szen gum\u00edroz\u00e1s, az elej\u00e9n szint\u00e9n \u201eOLV\u201d felirattal.<\/p>\n<p><strong>\u00d6sszet\u00e9tel (fels\u0151 \u00e9s als\u00f3):<\/strong> 50% poli\u00e9szter, 44% mod\u00e1l, 6% spandex<\/p>\n<p>&nbsp;<\/p>\n<p><strong>Fels\u0151r\u00e9sz \u2013 M\u00e9retek (fektetve m\u00e9rve):<\/strong><\/p>\n<figure class=\"table\">\n<table>\n<thead>\n<tr>\n<th><strong>M\u00e9ret<\/strong><\/th>\n<th><strong>S<\/strong><\/th>\n<th><strong>M<\/strong><\/th>\n<\/tr>\n<\/thead>\n<tbody>\n<tr>\n<td>Teljes hossz<\/td>\n<td>41 cm<\/td>\n<td>43 cm<\/td>\n<\/tr>\n<tr>\n<td>Mellb\u0151s\u00e9g*<\/td>\n<td>37 cm<\/td>\n<td>39 cm<\/td>\n<\/tr>\n<\/tbody>\n<\/table>\n<\/figure>\n<p>* Az anyag mellb\u0151s\u00e9gben ak\u00e1r 24 cm-t is ny\u00falik<\/p>\n<p>&nbsp;<\/p>\n<p><strong>Als\u00f3r\u00e9sz \u2013 M\u00e9retek (fektetve m\u00e9rve):<\/strong><\/p>\n<figure class=\"table\">\n<table>\n<thead>\n<tr>\n<th><strong>M\u00e9ret<\/strong><\/th>\n<th><strong>S<\/strong><\/th>\n<th><strong>M<\/strong><\/th>\n<\/tr>\n<\/thead>\n<tbody>\n<tr>\n<td>Teljes hossz<\/td>\n<td>119 cm<\/td>\n<td>121 cm<\/td>\n<\/tr>\n<tr>\n<td>Sz\u00e1rhossz (k\u00fcls\u0151)<\/td>\n<td>114 cm<\/td>\n<td>116 cm<\/td>\n<\/tr>\n<tr>\n<td>Sz\u00e1rhossz (bels\u0151)<\/td>\n<td>90 cm<\/td>\n<td>92 cm<\/td>\n<\/tr>\n<tr>\n<td>\u00dclepmagass\u00e1g<\/td>\n<td>28 cm<\/td>\n<td>30 cm<\/td>\n<\/tr>\n<tr>\n<td>Der\u00e9kb\u0151s\u00e9g*<\/td>\n<td>62 cm<\/td>\n<td>64 cm<\/td>\n<\/tr>\n<tr>\n<td>Cs\u00edp\u0151b\u0151s\u00e9g*<\/td>\n<td>80 cm<\/td>\n<td>82 cm<\/td>\n<\/tr>\n<\/tbody>\n<\/table>\n<\/figure>\n<p>* Az anyag der\u00e9kban ak\u00e1r 3 cm-t, cs\u00edp\u0151ben ak\u00e1r 18 cm-t is ny\u00falik<\/p>\n<p><i>A ruhadarabokat fektetve m\u00e9rik, ez\u00e9rt az egyes m\u00e9retek elt\u00e9rhetnek +\/- 2 cm-rel.<\/i><\/p>\n","protected":false},"excerpt":{"rendered":"<p>OLAVOGA URBAN MAPLE szett A modell 165 cm, \u00e9s S-es m\u00e9retet visel. Laza, m\u00e9gis n\u0151ies szett kiv\u00e1l\u00f3 min\u0151s\u00e9g\u0171, rugalmas \u00e9s l\u00e9g\u00e1tereszt\u0151 anyagb\u00f3l. A fels\u0151r\u00e9sz egy &hellip; <\/p>\n","protected":false},"featured_media":1480,"template":"","meta":[],"product_brand":[78],"product_cat":[16,19,28,25,26],"product_tag":[],"class_list":{"0":"post-2013","1":"product","2":"type-product","3":"status-publish","4":"has-post-thumbnail","6":"product_brand-olavoga","7":"product_cat-akcios-termekek","8":"product_cat-markak","9":"product_cat-olavoga","10":"product_cat-noi-ruhazat-hu","11":"product_cat-szettek","13":"first","14":"instock","15":"sale","16":"shipping-taxable","17":"purchasable","18":"product-type-variable"},"yoast_head":"<!-- This site is optimized with the Yoast SEO plugin v26.7 - https:\/\/yoast.com\/wordpress\/plugins\/seo\/ -->\n<title>OLAVOGA URBAN MAPLE szett - Fashion Universum<\/title>\n<meta name=\"description\" content=\"OLAVOGA URBAN MAPLE szett. Laza, m\u00e9gis n\u0151ies szett kiv\u00e1l\u00f3 min\u0151s\u00e9g\u0171, rugalmas \u00e9s l\u00e9g\u00e1tereszt\u0151 anyagb\u00f3l.A fels\u0151r\u00e9sz egy r\u00f6vid fazon\u00fa, ujjatlan top.\" \/>\n<meta name=\"robots\" content=\"index, follow, max-snippet:-1, max-image-preview:large, max-video-preview:-1\" \/>\n<link rel=\"canonical\" href=\"https:\/\/fashionuniversum.com\/?product=olavoga-urban-maple-szett\" \/>\n<meta property=\"og:locale\" content=\"hu_HU\" \/>\n<meta property=\"og:type\" content=\"article\" \/>\n<meta property=\"og:title\" content=\"OLAVOGA URBAN MAPLE szett - Fashion Universum\" \/>\n<meta property=\"og:description\" content=\"OLAVOGA URBAN MAPLE szett. Laza, m\u00e9gis n\u0151ies szett kiv\u00e1l\u00f3 min\u0151s\u00e9g\u0171, rugalmas \u00e9s l\u00e9g\u00e1tereszt\u0151 anyagb\u00f3l.A fels\u0151r\u00e9sz egy r\u00f6vid fazon\u00fa, ujjatlan top.\" \/>\n<meta property=\"og:url\" content=\"https:\/\/fashionuniversum.com\/?product=olavoga-urban-maple-szett\" \/>\n<meta property=\"og:site_name\" content=\"Fashion Universum\" \/>\n<meta property=\"article:modified_time\" content=\"2026-03-05T09:43:29+00:00\" \/>\n<meta property=\"og:image\" content=\"https:\/\/fashionuniversum.com\/wp-content\/uploads\/2026\/01\/komplet-URBAN-MAPLE-075-scaled-1.jpg\" \/>\n\t<meta property=\"og:image:width\" content=\"1920\" \/>\n\t<meta property=\"og:image:height\" content=\"2560\" \/>\n\t<meta property=\"og:image:type\" content=\"image\/jpeg\" \/>\n<meta name=\"twitter:card\" content=\"summary_large_image\" \/>\n<meta name=\"twitter:label1\" content=\"Becs\u00fclt olvas\u00e1si id\u0151\" \/>\n\t<meta name=\"twitter:data1\" content=\"2 perc\" \/>\n<script type=\"application\/ld+json\" class=\"yoast-schema-graph\">{\"@context\":\"https:\/\/schema.org\",\"@graph\":[{\"@type\":\"WebPage\",\"@id\":\"https:\/\/fashionuniversum.com\/?product=olavoga-urban-maple-szett\",\"url\":\"https:\/\/fashionuniversum.com\/?product=olavoga-urban-maple-szett\",\"name\":\"OLAVOGA URBAN MAPLE szett - Fashion Universum\",\"isPartOf\":{\"@id\":\"https:\/\/fashionuniversum.com\/#website\"},\"primaryImageOfPage\":{\"@id\":\"https:\/\/fashionuniversum.com\/?product=olavoga-urban-maple-szett#primaryimage\"},\"image\":{\"@id\":\"https:\/\/fashionuniversum.com\/?product=olavoga-urban-maple-szett#primaryimage\"},\"thumbnailUrl\":\"https:\/\/fashionuniversum.com\/wp-content\/uploads\/2026\/01\/komplet-URBAN-MAPLE-075-scaled-1.jpg\",\"datePublished\":\"2026-01-22T14:10:28+00:00\",\"dateModified\":\"2026-03-05T09:43:29+00:00\",\"description\":\"OLAVOGA URBAN MAPLE szett. Laza, m\u00e9gis n\u0151ies szett kiv\u00e1l\u00f3 min\u0151s\u00e9g\u0171, rugalmas \u00e9s l\u00e9g\u00e1tereszt\u0151 anyagb\u00f3l.A fels\u0151r\u00e9sz egy r\u00f6vid fazon\u00fa, ujjatlan top.\",\"breadcrumb\":{\"@id\":\"https:\/\/fashionuniversum.com\/?product=olavoga-urban-maple-szett#breadcrumb\"},\"inLanguage\":\"hu\",\"potentialAction\":[{\"@type\":\"ReadAction\",\"target\":[\"https:\/\/fashionuniversum.com\/?product=olavoga-urban-maple-szett\"]}]},{\"@type\":\"ImageObject\",\"inLanguage\":\"hu\",\"@id\":\"https:\/\/fashionuniversum.com\/?product=olavoga-urban-maple-szett#primaryimage\",\"url\":\"https:\/\/fashionuniversum.com\/wp-content\/uploads\/2026\/01\/komplet-URBAN-MAPLE-075-scaled-1.jpg\",\"contentUrl\":\"https:\/\/fashionuniversum.com\/wp-content\/uploads\/2026\/01\/komplet-URBAN-MAPLE-075-scaled-1.jpg\",\"width\":1920,\"height\":2560,\"caption\":\"OLAVOGA URBAN MAPLE szett\"},{\"@type\":\"BreadcrumbList\",\"@id\":\"https:\/\/fashionuniversum.com\/?product=olavoga-urban-maple-szett#breadcrumb\",\"itemListElement\":[{\"@type\":\"ListItem\",\"position\":1,\"name\":\"Kezd\u0151lap\",\"item\":\"https:\/\/fashionuniversum.com\/\"},{\"@type\":\"ListItem\",\"position\":2,\"name\":\"Kezd\u0151lap\",\"item\":\"https:\/\/fashionuniversum.com\/\"},{\"@type\":\"ListItem\",\"position\":3,\"name\":\"OLAVOGA URBAN MAPLE szett\"}]},{\"@type\":\"WebSite\",\"@id\":\"https:\/\/fashionuniversum.com\/#website\",\"url\":\"https:\/\/fashionuniversum.com\/\",\"name\":\"Fashion Universum\",\"description\":\"\",\"publisher\":{\"@id\":\"https:\/\/fashionuniversum.com\/#organization\"},\"potentialAction\":[{\"@type\":\"SearchAction\",\"target\":{\"@type\":\"EntryPoint\",\"urlTemplate\":\"https:\/\/fashionuniversum.com\/?s={search_term_string}\"},\"query-input\":{\"@type\":\"PropertyValueSpecification\",\"valueRequired\":true,\"valueName\":\"search_term_string\"}}],\"inLanguage\":\"hu\"},{\"@type\":\"Organization\",\"@id\":\"https:\/\/fashionuniversum.com\/#organization\",\"name\":\"Fashion Universum\",\"url\":\"https:\/\/fashionuniversum.com\/\",\"logo\":{\"@type\":\"ImageObject\",\"inLanguage\":\"hu\",\"@id\":\"https:\/\/fashionuniversum.com\/#\/schema\/logo\/image\/\",\"url\":\"https:\/\/fashionuniversum.com\/wp-content\/uploads\/2026\/02\/cropped-cropped-imaaage.jpg\",\"contentUrl\":\"https:\/\/fashionuniversum.com\/wp-content\/uploads\/2026\/02\/cropped-cropped-imaaage.jpg\",\"width\":1389,\"height\":285,\"caption\":\"Fashion Universum\"},\"image\":{\"@id\":\"https:\/\/fashionuniversum.com\/#\/schema\/logo\/image\/\"}}]}<\/script>\n<!-- \/ Yoast SEO plugin. -->","yoast_head_json":{"title":"OLAVOGA URBAN MAPLE szett - Fashion Universum","description":"OLAVOGA URBAN MAPLE szett. Laza, m\u00e9gis n\u0151ies szett kiv\u00e1l\u00f3 min\u0151s\u00e9g\u0171, rugalmas \u00e9s l\u00e9g\u00e1tereszt\u0151 anyagb\u00f3l.A fels\u0151r\u00e9sz egy r\u00f6vid fazon\u00fa, ujjatlan top.","robots":{"index":"index","follow":"follow","max-snippet":"max-snippet:-1","max-image-preview":"max-image-preview:large","max-video-preview":"max-video-preview:-1"},"canonical":"https:\/\/fashionuniversum.com\/?product=olavoga-urban-maple-szett","og_locale":"hu_HU","og_type":"article","og_title":"OLAVOGA URBAN MAPLE szett - Fashion Universum","og_description":"OLAVOGA URBAN MAPLE szett. Laza, m\u00e9gis n\u0151ies szett kiv\u00e1l\u00f3 min\u0151s\u00e9g\u0171, rugalmas \u00e9s l\u00e9g\u00e1tereszt\u0151 anyagb\u00f3l.A fels\u0151r\u00e9sz egy r\u00f6vid fazon\u00fa, ujjatlan top.","og_url":"https:\/\/fashionuniversum.com\/?product=olavoga-urban-maple-szett","og_site_name":"Fashion Universum","article_modified_time":"2026-03-05T09:43:29+00:00","og_image":[{"width":1920,"height":2560,"url":"https:\/\/fashionuniversum.com\/wp-content\/uploads\/2026\/01\/komplet-URBAN-MAPLE-075-scaled-1.jpg","type":"image\/jpeg"}],"twitter_card":"summary_large_image","twitter_misc":{"Becs\u00fclt olvas\u00e1si id\u0151":"2 perc"},"schema":{"@context":"https:\/\/schema.org","@graph":[{"@type":"WebPage","@id":"https:\/\/fashionuniversum.com\/?product=olavoga-urban-maple-szett","url":"https:\/\/fashionuniversum.com\/?product=olavoga-urban-maple-szett","name":"OLAVOGA URBAN MAPLE szett - Fashion Universum","isPartOf":{"@id":"https:\/\/fashionuniversum.com\/#website"},"primaryImageOfPage":{"@id":"https:\/\/fashionuniversum.com\/?product=olavoga-urban-maple-szett#primaryimage"},"image":{"@id":"https:\/\/fashionuniversum.com\/?product=olavoga-urban-maple-szett#primaryimage"},"thumbnailUrl":"https:\/\/fashionuniversum.com\/wp-content\/uploads\/2026\/01\/komplet-URBAN-MAPLE-075-scaled-1.jpg","datePublished":"2026-01-22T14:10:28+00:00","dateModified":"2026-03-05T09:43:29+00:00","description":"OLAVOGA URBAN MAPLE szett. Laza, m\u00e9gis n\u0151ies szett kiv\u00e1l\u00f3 min\u0151s\u00e9g\u0171, rugalmas \u00e9s l\u00e9g\u00e1tereszt\u0151 anyagb\u00f3l.A fels\u0151r\u00e9sz egy r\u00f6vid fazon\u00fa, ujjatlan top.","breadcrumb":{"@id":"https:\/\/fashionuniversum.com\/?product=olavoga-urban-maple-szett#breadcrumb"},"inLanguage":"hu","potentialAction":[{"@type":"ReadAction","target":["https:\/\/fashionuniversum.com\/?product=olavoga-urban-maple-szett"]}]},{"@type":"ImageObject","inLanguage":"hu","@id":"https:\/\/fashionuniversum.com\/?product=olavoga-urban-maple-szett#primaryimage","url":"https:\/\/fashionuniversum.com\/wp-content\/uploads\/2026\/01\/komplet-URBAN-MAPLE-075-scaled-1.jpg","contentUrl":"https:\/\/fashionuniversum.com\/wp-content\/uploads\/2026\/01\/komplet-URBAN-MAPLE-075-scaled-1.jpg","width":1920,"height":2560,"caption":"OLAVOGA URBAN MAPLE szett"},{"@type":"BreadcrumbList","@id":"https:\/\/fashionuniversum.com\/?product=olavoga-urban-maple-szett#breadcrumb","itemListElement":[{"@type":"ListItem","position":1,"name":"Kezd\u0151lap","item":"https:\/\/fashionuniversum.com\/"},{"@type":"ListItem","position":2,"name":"Kezd\u0151lap","item":"https:\/\/fashionuniversum.com\/"},{"@type":"ListItem","position":3,"name":"OLAVOGA URBAN MAPLE szett"}]},{"@type":"WebSite","@id":"https:\/\/fashionuniversum.com\/#website","url":"https:\/\/fashionuniversum.com\/","name":"Fashion Universum","description":"","publisher":{"@id":"https:\/\/fashionuniversum.com\/#organization"},"potentialAction":[{"@type":"SearchAction","target":{"@type":"EntryPoint","urlTemplate":"https:\/\/fashionuniversum.com\/?s={search_term_string}"},"query-input":{"@type":"PropertyValueSpecification","valueRequired":true,"valueName":"search_term_string"}}],"inLanguage":"hu"},{"@type":"Organization","@id":"https:\/\/fashionuniversum.com\/#organization","name":"Fashion Universum","url":"https:\/\/fashionuniversum.com\/","logo":{"@type":"ImageObject","inLanguage":"hu","@id":"https:\/\/fashionuniversum.com\/#\/schema\/logo\/image\/","url":"https:\/\/fashionuniversum.com\/wp-content\/uploads\/2026\/02\/cropped-cropped-imaaage.jpg","contentUrl":"https:\/\/fashionuniversum.com\/wp-content\/uploads\/2026\/02\/cropped-cropped-imaaage.jpg","width":1389,"height":285,"caption":"Fashion Universum"},"image":{"@id":"https:\/\/fashionuniversum.com\/#\/schema\/logo\/image\/"}}]}},"_links":{"self":[{"href":"https:\/\/fashionuniversum.com\/index.php?rest_route=\/wp\/v2\/product\/2013","targetHints":{"allow":["GET"]}}],"collection":[{"href":"https:\/\/fashionuniversum.com\/index.php?rest_route=\/wp\/v2\/product"}],"about":[{"href":"https:\/\/fashionuniversum.com\/index.php?rest_route=\/wp\/v2\/types\/product"}],"wp:featuredmedia":[{"embeddable":true,"href":"https:\/\/fashionuniversum.com\/index.php?rest_route=\/wp\/v2\/media\/1480"}],"wp:attachment":[{"href":"https:\/\/fashionuniversum.com\/index.php?rest_route=%2Fwp%2Fv2%2Fmedia&parent=2013"}],"wp:term":[{"taxonomy":"product_brand","embeddable":true,"href":"https:\/\/fashionuniversum.com\/index.php?rest_route=%2Fwp%2Fv2%2Fproduct_brand&post=2013"},{"taxonomy":"product_cat","embeddable":true,"href":"https:\/\/fashionuniversum.com\/index.php?rest_route=%2Fwp%2Fv2%2Fproduct_cat&post=2013"},{"taxonomy":"product_tag","embeddable":true,"href":"https:\/\/fashionuniversum.com\/index.php?rest_route=%2Fwp%2Fv2%2Fproduct_tag&post=2013"}],"curies":[{"name":"wp","href":"https:\/\/api.w.org\/{rel}","templated":true}]}}