{"id":2010,"date":"2026-01-22T14:10:28","date_gmt":"2026-01-22T14:10:28","guid":{"rendered":"https:\/\/fashionuniversum.com\/?post_type=product&#038;p=2010"},"modified":"2026-03-05T09:51:14","modified_gmt":"2026-03-05T09:51:14","slug":"olavoga-dew-szett-2","status":"publish","type":"product","link":"https:\/\/fashionuniversum.com\/?product=olavoga-dew-szett-2","title":{"rendered":"OLAVOGA DEW szett"},"content":{"rendered":"<p>OLAVOGA DEW szett<\/p>\n<p>A modell 165 cm, \u00e9s S-es m\u00e9retet visel.<\/p>\n<p>N\u0151i szett kiv\u00e1l\u00f3 min\u0151s\u00e9g\u0171 pamutalap\u00fa anyagb\u00f3l, sportos \u00e9s k\u00e9nyelmes kialak\u00edt\u00e1ssal.<br \/>\nA fels\u0151r\u00e9sz egy r\u00f6videbb fazon\u00fa top \u00e1ll\u00edthat\u00f3 p\u00e1ntokkal \u00e9s el\u00f6l megk\u00f6t\u0151s megold\u00e1ssal, amely n\u0151ies megjelen\u00e9st biztos\u00edt.<br \/>\nAz als\u00f3r\u00e9sz magas derek\u00fa sportnadr\u00e1g, der\u00e9kban \u00e9s a sz\u00e1rv\u00e9geken \u00e1ll\u00edthat\u00f3. Az oldal\u00e1n zsebek, valamint log\u00f3zott, minimalista felvarr\u00f3 d\u00edsz\u00edti.<\/p>\n<p>\u00d6sszet\u00e9tel: 80% pamut, 20% poli\u00e9szter<\/p>\n<p>Fels\u0151r\u00e9sz \u2013 M\u00e9retek (fektetve m\u00e9rve):<\/p>\n<p>M\u00e9ret<\/p>\n<p>S<\/p>\n<p>M<br \/>\nTeljes hossz 24 cm 26 cm<br \/>\nMellb\u0151s\u00e9g* 82 cm 84 cm<\/p>\n<p>* Az anyag mellb\u0151s\u00e9gben ak\u00e1r 24 cm-t is ny\u00falik<\/p>\n<p>Als\u00f3r\u00e9sz \u2013 M\u00e9retek (fektetve m\u00e9rve):<\/p>\n<p>M\u00e9ret<\/p>\n<p>S<\/p>\n<p>M<br \/>\nTeljes hossz 111 cm 113 cm<br \/>\nSz\u00e1rhossz (k\u00fcls\u0151) 106 cm 108 cm<br \/>\nSz\u00e1rhossz (bels\u0151) 83 cm 85 cm<br \/>\n\u00dclepmagass\u00e1g 29 cm 31 cm<br \/>\nDer\u00e9kb\u0151s\u00e9g* 66 cm 68 cm<br \/>\nCs\u00edp\u0151b\u0151s\u00e9g* 104 cm 106 cm<\/p>\n<p>* Az anyag der\u00e9kban ak\u00e1r 20 cm-t, cs\u00edp\u0151ben ak\u00e1r 17 cm-t is ny\u00falik<\/p>\n<p>A ruhadarabokat fektetve m\u00e9rik, ez\u00e9rt az egyes m\u00e9retek elt\u00e9rhetnek +\/- 2 cm-rel.<\/p>\n","protected":false},"excerpt":{"rendered":"<p>OLAVOGA DEW szett A modell 165 cm, \u00e9s S-es m\u00e9retet visel. N\u0151i szett kiv\u00e1l\u00f3 min\u0151s\u00e9g\u0171 pamutalap\u00fa anyagb\u00f3l, sportos \u00e9s k\u00e9nyelmes kialak\u00edt\u00e1ssal. A fels\u0151r\u00e9sz egy r\u00f6videbb &hellip; <\/p>\n","protected":false},"featured_media":1464,"template":"","meta":[],"product_brand":[78],"product_cat":[19,28,25,26],"product_tag":[],"class_list":{"0":"post-2010","1":"product","2":"type-product","3":"status-publish","4":"has-post-thumbnail","6":"product_brand-olavoga","7":"product_cat-markak","8":"product_cat-olavoga","9":"product_cat-noi-ruhazat-hu","10":"product_cat-szettek","12":"first","13":"instock","14":"shipping-taxable","15":"purchasable","16":"product-type-variable"},"yoast_head":"<!-- This site is optimized with the Yoast SEO plugin v26.7 - https:\/\/yoast.com\/wordpress\/plugins\/seo\/ -->\n<title>OLAVOGA DEW szett - Fashion Universum<\/title>\n<meta name=\"description\" content=\"OLAVOGA DEW szett a Fashion Universum k\u00edn\u00e1lat\u00e1ban! Kiv\u00e1l\u00f3 min\u0151s\u00e9g\u0171, k\u00e9nyelmes \u00e9s sportos n\u0151i szett \u00e1ll\u00edthat\u00f3 p\u00e1ntos toppal \u00e9s magas derek\u00fa nadr\u00e1ggal.\" \/>\n<meta name=\"robots\" content=\"index, follow, max-snippet:-1, max-image-preview:large, max-video-preview:-1\" \/>\n<link rel=\"canonical\" href=\"https:\/\/fashionuniversum.com\/?product=olavoga-dew-szett-2\" \/>\n<meta property=\"og:locale\" content=\"hu_HU\" \/>\n<meta property=\"og:type\" content=\"article\" \/>\n<meta property=\"og:title\" content=\"OLAVOGA DEW szett - Fashion Universum\" \/>\n<meta property=\"og:description\" content=\"OLAVOGA DEW szett a Fashion Universum k\u00edn\u00e1lat\u00e1ban! Kiv\u00e1l\u00f3 min\u0151s\u00e9g\u0171, k\u00e9nyelmes \u00e9s sportos n\u0151i szett \u00e1ll\u00edthat\u00f3 p\u00e1ntos toppal \u00e9s magas derek\u00fa nadr\u00e1ggal.\" \/>\n<meta property=\"og:url\" content=\"https:\/\/fashionuniversum.com\/?product=olavoga-dew-szett-2\" \/>\n<meta property=\"og:site_name\" content=\"Fashion Universum\" \/>\n<meta property=\"article:modified_time\" content=\"2026-03-05T09:51:14+00:00\" \/>\n<meta property=\"og:image\" content=\"https:\/\/fashionuniversum.com\/wp-content\/uploads\/2026\/01\/komplet-DEW-297-scaled-1.jpg\" \/>\n\t<meta property=\"og:image:width\" content=\"1920\" \/>\n\t<meta property=\"og:image:height\" content=\"2560\" \/>\n\t<meta property=\"og:image:type\" content=\"image\/jpeg\" \/>\n<meta name=\"twitter:card\" content=\"summary_large_image\" \/>\n<meta name=\"twitter:label1\" content=\"Becs\u00fclt olvas\u00e1si id\u0151\" \/>\n\t<meta name=\"twitter:data1\" content=\"2 perc\" \/>\n<script type=\"application\/ld+json\" class=\"yoast-schema-graph\">{\"@context\":\"https:\/\/schema.org\",\"@graph\":[{\"@type\":\"WebPage\",\"@id\":\"https:\/\/fashionuniversum.com\/?product=olavoga-dew-szett-2\",\"url\":\"https:\/\/fashionuniversum.com\/?product=olavoga-dew-szett-2\",\"name\":\"OLAVOGA DEW szett - Fashion Universum\",\"isPartOf\":{\"@id\":\"https:\/\/fashionuniversum.com\/#website\"},\"primaryImageOfPage\":{\"@id\":\"https:\/\/fashionuniversum.com\/?product=olavoga-dew-szett-2#primaryimage\"},\"image\":{\"@id\":\"https:\/\/fashionuniversum.com\/?product=olavoga-dew-szett-2#primaryimage\"},\"thumbnailUrl\":\"https:\/\/fashionuniversum.com\/wp-content\/uploads\/2026\/01\/komplet-DEW-297-scaled-1.jpg\",\"datePublished\":\"2026-01-22T14:10:28+00:00\",\"dateModified\":\"2026-03-05T09:51:14+00:00\",\"description\":\"OLAVOGA DEW szett a Fashion Universum k\u00edn\u00e1lat\u00e1ban! Kiv\u00e1l\u00f3 min\u0151s\u00e9g\u0171, k\u00e9nyelmes \u00e9s sportos n\u0151i szett \u00e1ll\u00edthat\u00f3 p\u00e1ntos toppal \u00e9s magas derek\u00fa nadr\u00e1ggal.\",\"breadcrumb\":{\"@id\":\"https:\/\/fashionuniversum.com\/?product=olavoga-dew-szett-2#breadcrumb\"},\"inLanguage\":\"hu\",\"potentialAction\":[{\"@type\":\"ReadAction\",\"target\":[\"https:\/\/fashionuniversum.com\/?product=olavoga-dew-szett-2\"]}]},{\"@type\":\"ImageObject\",\"inLanguage\":\"hu\",\"@id\":\"https:\/\/fashionuniversum.com\/?product=olavoga-dew-szett-2#primaryimage\",\"url\":\"https:\/\/fashionuniversum.com\/wp-content\/uploads\/2026\/01\/komplet-DEW-297-scaled-1.jpg\",\"contentUrl\":\"https:\/\/fashionuniversum.com\/wp-content\/uploads\/2026\/01\/komplet-DEW-297-scaled-1.jpg\",\"width\":1920,\"height\":2560,\"caption\":\"OLAVOGA DEW szett\"},{\"@type\":\"BreadcrumbList\",\"@id\":\"https:\/\/fashionuniversum.com\/?product=olavoga-dew-szett-2#breadcrumb\",\"itemListElement\":[{\"@type\":\"ListItem\",\"position\":1,\"name\":\"Kezd\u0151lap\",\"item\":\"https:\/\/fashionuniversum.com\/\"},{\"@type\":\"ListItem\",\"position\":2,\"name\":\"Kezd\u0151lap\",\"item\":\"https:\/\/fashionuniversum.com\/\"},{\"@type\":\"ListItem\",\"position\":3,\"name\":\"OLAVOGA DEW szett\"}]},{\"@type\":\"WebSite\",\"@id\":\"https:\/\/fashionuniversum.com\/#website\",\"url\":\"https:\/\/fashionuniversum.com\/\",\"name\":\"Fashion Universum\",\"description\":\"\",\"publisher\":{\"@id\":\"https:\/\/fashionuniversum.com\/#organization\"},\"potentialAction\":[{\"@type\":\"SearchAction\",\"target\":{\"@type\":\"EntryPoint\",\"urlTemplate\":\"https:\/\/fashionuniversum.com\/?s={search_term_string}\"},\"query-input\":{\"@type\":\"PropertyValueSpecification\",\"valueRequired\":true,\"valueName\":\"search_term_string\"}}],\"inLanguage\":\"hu\"},{\"@type\":\"Organization\",\"@id\":\"https:\/\/fashionuniversum.com\/#organization\",\"name\":\"Fashion Universum\",\"url\":\"https:\/\/fashionuniversum.com\/\",\"logo\":{\"@type\":\"ImageObject\",\"inLanguage\":\"hu\",\"@id\":\"https:\/\/fashionuniversum.com\/#\/schema\/logo\/image\/\",\"url\":\"https:\/\/fashionuniversum.com\/wp-content\/uploads\/2026\/02\/cropped-cropped-imaaage.jpg\",\"contentUrl\":\"https:\/\/fashionuniversum.com\/wp-content\/uploads\/2026\/02\/cropped-cropped-imaaage.jpg\",\"width\":1389,\"height\":285,\"caption\":\"Fashion Universum\"},\"image\":{\"@id\":\"https:\/\/fashionuniversum.com\/#\/schema\/logo\/image\/\"}}]}<\/script>\n<!-- \/ Yoast SEO plugin. -->","yoast_head_json":{"title":"OLAVOGA DEW szett - Fashion Universum","description":"OLAVOGA DEW szett a Fashion Universum k\u00edn\u00e1lat\u00e1ban! Kiv\u00e1l\u00f3 min\u0151s\u00e9g\u0171, k\u00e9nyelmes \u00e9s sportos n\u0151i szett \u00e1ll\u00edthat\u00f3 p\u00e1ntos toppal \u00e9s magas derek\u00fa nadr\u00e1ggal.","robots":{"index":"index","follow":"follow","max-snippet":"max-snippet:-1","max-image-preview":"max-image-preview:large","max-video-preview":"max-video-preview:-1"},"canonical":"https:\/\/fashionuniversum.com\/?product=olavoga-dew-szett-2","og_locale":"hu_HU","og_type":"article","og_title":"OLAVOGA DEW szett - Fashion Universum","og_description":"OLAVOGA DEW szett a Fashion Universum k\u00edn\u00e1lat\u00e1ban! Kiv\u00e1l\u00f3 min\u0151s\u00e9g\u0171, k\u00e9nyelmes \u00e9s sportos n\u0151i szett \u00e1ll\u00edthat\u00f3 p\u00e1ntos toppal \u00e9s magas derek\u00fa nadr\u00e1ggal.","og_url":"https:\/\/fashionuniversum.com\/?product=olavoga-dew-szett-2","og_site_name":"Fashion Universum","article_modified_time":"2026-03-05T09:51:14+00:00","og_image":[{"width":1920,"height":2560,"url":"https:\/\/fashionuniversum.com\/wp-content\/uploads\/2026\/01\/komplet-DEW-297-scaled-1.jpg","type":"image\/jpeg"}],"twitter_card":"summary_large_image","twitter_misc":{"Becs\u00fclt olvas\u00e1si id\u0151":"2 perc"},"schema":{"@context":"https:\/\/schema.org","@graph":[{"@type":"WebPage","@id":"https:\/\/fashionuniversum.com\/?product=olavoga-dew-szett-2","url":"https:\/\/fashionuniversum.com\/?product=olavoga-dew-szett-2","name":"OLAVOGA DEW szett - Fashion Universum","isPartOf":{"@id":"https:\/\/fashionuniversum.com\/#website"},"primaryImageOfPage":{"@id":"https:\/\/fashionuniversum.com\/?product=olavoga-dew-szett-2#primaryimage"},"image":{"@id":"https:\/\/fashionuniversum.com\/?product=olavoga-dew-szett-2#primaryimage"},"thumbnailUrl":"https:\/\/fashionuniversum.com\/wp-content\/uploads\/2026\/01\/komplet-DEW-297-scaled-1.jpg","datePublished":"2026-01-22T14:10:28+00:00","dateModified":"2026-03-05T09:51:14+00:00","description":"OLAVOGA DEW szett a Fashion Universum k\u00edn\u00e1lat\u00e1ban! Kiv\u00e1l\u00f3 min\u0151s\u00e9g\u0171, k\u00e9nyelmes \u00e9s sportos n\u0151i szett \u00e1ll\u00edthat\u00f3 p\u00e1ntos toppal \u00e9s magas derek\u00fa nadr\u00e1ggal.","breadcrumb":{"@id":"https:\/\/fashionuniversum.com\/?product=olavoga-dew-szett-2#breadcrumb"},"inLanguage":"hu","potentialAction":[{"@type":"ReadAction","target":["https:\/\/fashionuniversum.com\/?product=olavoga-dew-szett-2"]}]},{"@type":"ImageObject","inLanguage":"hu","@id":"https:\/\/fashionuniversum.com\/?product=olavoga-dew-szett-2#primaryimage","url":"https:\/\/fashionuniversum.com\/wp-content\/uploads\/2026\/01\/komplet-DEW-297-scaled-1.jpg","contentUrl":"https:\/\/fashionuniversum.com\/wp-content\/uploads\/2026\/01\/komplet-DEW-297-scaled-1.jpg","width":1920,"height":2560,"caption":"OLAVOGA DEW szett"},{"@type":"BreadcrumbList","@id":"https:\/\/fashionuniversum.com\/?product=olavoga-dew-szett-2#breadcrumb","itemListElement":[{"@type":"ListItem","position":1,"name":"Kezd\u0151lap","item":"https:\/\/fashionuniversum.com\/"},{"@type":"ListItem","position":2,"name":"Kezd\u0151lap","item":"https:\/\/fashionuniversum.com\/"},{"@type":"ListItem","position":3,"name":"OLAVOGA DEW szett"}]},{"@type":"WebSite","@id":"https:\/\/fashionuniversum.com\/#website","url":"https:\/\/fashionuniversum.com\/","name":"Fashion Universum","description":"","publisher":{"@id":"https:\/\/fashionuniversum.com\/#organization"},"potentialAction":[{"@type":"SearchAction","target":{"@type":"EntryPoint","urlTemplate":"https:\/\/fashionuniversum.com\/?s={search_term_string}"},"query-input":{"@type":"PropertyValueSpecification","valueRequired":true,"valueName":"search_term_string"}}],"inLanguage":"hu"},{"@type":"Organization","@id":"https:\/\/fashionuniversum.com\/#organization","name":"Fashion Universum","url":"https:\/\/fashionuniversum.com\/","logo":{"@type":"ImageObject","inLanguage":"hu","@id":"https:\/\/fashionuniversum.com\/#\/schema\/logo\/image\/","url":"https:\/\/fashionuniversum.com\/wp-content\/uploads\/2026\/02\/cropped-cropped-imaaage.jpg","contentUrl":"https:\/\/fashionuniversum.com\/wp-content\/uploads\/2026\/02\/cropped-cropped-imaaage.jpg","width":1389,"height":285,"caption":"Fashion Universum"},"image":{"@id":"https:\/\/fashionuniversum.com\/#\/schema\/logo\/image\/"}}]}},"_links":{"self":[{"href":"https:\/\/fashionuniversum.com\/index.php?rest_route=\/wp\/v2\/product\/2010","targetHints":{"allow":["GET"]}}],"collection":[{"href":"https:\/\/fashionuniversum.com\/index.php?rest_route=\/wp\/v2\/product"}],"about":[{"href":"https:\/\/fashionuniversum.com\/index.php?rest_route=\/wp\/v2\/types\/product"}],"wp:featuredmedia":[{"embeddable":true,"href":"https:\/\/fashionuniversum.com\/index.php?rest_route=\/wp\/v2\/media\/1464"}],"wp:attachment":[{"href":"https:\/\/fashionuniversum.com\/index.php?rest_route=%2Fwp%2Fv2%2Fmedia&parent=2010"}],"wp:term":[{"taxonomy":"product_brand","embeddable":true,"href":"https:\/\/fashionuniversum.com\/index.php?rest_route=%2Fwp%2Fv2%2Fproduct_brand&post=2010"},{"taxonomy":"product_cat","embeddable":true,"href":"https:\/\/fashionuniversum.com\/index.php?rest_route=%2Fwp%2Fv2%2Fproduct_cat&post=2010"},{"taxonomy":"product_tag","embeddable":true,"href":"https:\/\/fashionuniversum.com\/index.php?rest_route=%2Fwp%2Fv2%2Fproduct_tag&post=2010"}],"curies":[{"name":"wp","href":"https:\/\/api.w.org\/{rel}","templated":true}]}}