{"id":2007,"date":"2026-01-22T14:10:28","date_gmt":"2026-01-22T14:10:28","guid":{"rendered":"https:\/\/fashionuniversum.com\/?post_type=product&#038;p=2007"},"modified":"2026-03-04T14:30:32","modified_gmt":"2026-03-04T14:30:32","slug":"olavoga-dew-szett","status":"publish","type":"product","link":"https:\/\/fashionuniversum.com\/?product=olavoga-dew-szett","title":{"rendered":"OLAVOGA DEW szett"},"content":{"rendered":"<div class=\"Y3BBE\" data-sfc-cp=\"\" data-sfc-cb=\"\" data-hveid=\"CAEIAhAA\" data-processed=\"true\" data-complete=\"true\">\n<div data-subtree=\"aimfl\" data-sfc-cb=\"\" data-complete=\"true\" data-processed=\"true\">Az<\/div>\n<p><strong class=\"Yjhzub\" data-sfc-cb=\"\" data-complete=\"true\" data-processed=\"true\">O&#8217;la Voga Dew szett<\/strong> egy pr\u00e9mium min\u0151s\u00e9g\u0171, pamut alap\u00fa n\u0151i egy\u00fcttes, amely a sportos k\u00e9nyelmet \u00f6tv\u00f6zi a n\u0151ies, v\u00e1rosi st\u00edlussal. A szett egy r\u00f6videbb fazon\u00fa fels\u0151b\u0151l \u00e9s egy k\u00e9nyelmes, magas derek\u00fa nadr\u00e1gb\u00f3l \u00e1ll.<span class=\"uJ19be notranslate\" data-wiz-uids=\"A5FYEb_e,A5FYEb_f\" data-sfc-cb=\"\" data-complete=\"true\" data-processed=\"true\"><span class=\"vKEkVd\" data-animation-atomic=\"\" data-wiz-attrbind=\"class=A5FYEb_d\/TKHnVd\" data-sae=\"\"><span aria-hidden=\"true\">\u00a0<\/span><\/span><\/span><\/div>\n<div class=\"Fsg96\" data-sfc-cp=\"\" data-sfc-cb=\"\" data-complete=\"true\" data-processed=\"true\"><\/div>\n<div class=\"otQkpb\" role=\"heading\" aria-level=\"3\" data-animation-nesting=\"\" data-sfc-cp=\"\" data-sfc-cb=\"\" data-processed=\"true\" data-sae=\"\" data-complete=\"true\">F\u0151bb jellemz\u0151k<button class=\"rBl3me\" tabindex=\"0\" data-amic=\"true\" data-icl-uuid=\"1504970f-16ea-4b67-8f1e-508d8f99728b\" aria-label=\"Kapcsol\u00f3d\u00f3 linkek megjelen\u00edt\u00e9se\" data-wiz-attrbind=\"disabled=A5FYEb_n\/C5gNJc;aria-label=A5FYEb_n\/bOjMyf;class=A5FYEb_n\/UpSNec\" data-ved=\"2ahUKEwi74vLDuYaTAxV30gIHHfibFgcQye0OegYIAQgDEAA\" data-hveid=\"CAEIAxAA\"><\/button><\/div>\n<div class=\"Y3BBE\" data-sfc-cp=\"\" data-sfc-cb=\"\" data-hveid=\"CAEIBBAA\" data-complete=\"true\" data-processed=\"true\">A term\u00e9k kialak\u00edt\u00e1sa sor\u00e1n a hangs\u00faly a tart\u00f3ss\u00e1gon \u00e9s a l\u00e9g\u00e1tereszt\u0151 k\u00e9pess\u00e9gen volt, \u00edgy mindennapi viseletre \u00e9s akt\u00edv szabadid\u0151s programokhoz is alkalmas.<span class=\"uJ19be notranslate\" data-wiz-uids=\"A5FYEb_s,A5FYEb_t\" data-sfc-cb=\"\" data-complete=\"true\" data-processed=\"true\"><span class=\"vKEkVd\" data-animation-atomic=\"\" data-wiz-attrbind=\"class=A5FYEb_r\/TKHnVd\" data-sae=\"\"><span aria-hidden=\"true\">\u00a0<\/span><\/span><\/span><\/div>\n<ul class=\"KsbFXc U6u95\" data-sfc-cb=\"\" data-complete=\"true\" data-processed=\"true\">\n<li class=\"dF3vjf\" data-sfc-cb=\"\" data-hveid=\"CAEIBRAA\" data-complete=\"true\" data-sae=\"\"><span class=\"T286Pc\" data-sfc-cp=\"\" data-sfc-cb=\"\" data-complete=\"true\"><strong class=\"Yjhzub\" data-sfc-cb=\"\" data-complete=\"true\">Anyag\u00f6sszet\u00e9tel<\/strong>: \u00c1ltal\u00e1ban <strong class=\"Yjhzub\" data-sfc-cb=\"\" data-complete=\"true\">80% pamut \u00e9s 20% poli\u00e9szter<\/strong>. A kiv\u00e1l\u00f3 min\u0151s\u00e9g\u0171 anyag puha tapint\u00e1s\u00fa \u00e9s k\u00e9nyelmes viseletet biztos\u00edt.<\/span><\/li>\n<li class=\"dF3vjf\" data-sfc-cb=\"\" data-hveid=\"CAEIBRAB\" data-complete=\"true\" data-sae=\"\"><span class=\"T286Pc\" data-sfc-cp=\"\" data-sfc-cb=\"\" data-complete=\"true\"><strong class=\"Yjhzub\" data-sfc-cb=\"\" data-complete=\"true\">Fels\u0151r\u00e9sz<\/strong>: R\u00f6vid\u00edtett (<strong class=\"Yjhzub\" data-sfc-cb=\"\" data-complete=\"true\">crop<\/strong>) fazon\u00fa top, amely \u00e1ll\u00edthat\u00f3 p\u00e1ntokkal \u00e9s el\u00f6l megk\u00f6t\u0151s megold\u00e1ssal rendelkezik a t\u00f6k\u00e9letes illeszked\u00e9s \u00e9rdek\u00e9ben.<\/span><\/li>\n<li class=\"dF3vjf\" data-sfc-cb=\"\" data-hveid=\"CAEIBRAC\" data-complete=\"true\" data-sae=\"\"><span class=\"T286Pc\" data-sfc-cp=\"\" data-sfc-cb=\"\" data-complete=\"true\"><strong class=\"Yjhzub\" data-sfc-cb=\"\" data-complete=\"true\">Als\u00f3r\u00e9sz<\/strong>: Magas derek\u00fa sportnadr\u00e1g, amely kiemeli a derekat. A nadr\u00e1g oldals\u00f3 zsebekkel \u00e9s minimalista, m\u00e1rkajelz\u00e9ssel ell\u00e1tott felvarr\u00f3val van felszerelve.<\/span><\/li>\n<li class=\"dF3vjf\" data-sfc-cb=\"\" data-hveid=\"CAEIBRAD\" data-complete=\"true\" data-sae=\"\"><span class=\"T286Pc\" data-sfc-cp=\"\" data-sfc-cb=\"\" data-complete=\"true\"><strong class=\"Yjhzub\" data-sfc-cb=\"\" data-complete=\"true\">Rugalmass\u00e1g<\/strong>: Az anyag mellb\u0151s\u00e9gben jelent\u0151sen, ak\u00e1r 24 cm-t is k\u00e9pes ny\u00falni.<\/span><span class=\"uJ19be notranslate\" data-wiz-uids=\"A5FYEb_1d,A5FYEb_1e\" data-sfc-cb=\"\" data-complete=\"true\"><span class=\"vKEkVd\" data-animation-atomic=\"\" data-wiz-attrbind=\"class=A5FYEb_1c\/TKHnVd\" data-sae=\"\"><span aria-hidden=\"true\">\u00a0<\/span><button class=\"rBl3me\" tabindex=\"0\" data-amic=\"true\" data-icl-uuid=\"a506e8d9-a75a-4f9c-a2ec-bfd68a0e50f2\" aria-label=\"Kapcsol\u00f3d\u00f3 linkek megjelen\u00edt\u00e9se\" data-wiz-attrbind=\"disabled=A5FYEb_1c\/C5gNJc;aria-label=A5FYEb_1c\/bOjMyf;class=A5FYEb_1c\/UpSNec\" data-ved=\"2ahUKEwi74vLDuYaTAxV30gIHHfibFgcQye0OegYIAQgFEAQ\" data-hveid=\"CAEIBRAE\"><\/button><\/span><\/span><\/li>\n<\/ul>\n<div class=\"Fsg96\" data-sfc-cp=\"\" data-sfc-cb=\"\" data-complete=\"true\" data-processed=\"true\"><\/div>\n<div class=\"otQkpb\" role=\"heading\" aria-level=\"3\" data-animation-nesting=\"\" data-sfc-cp=\"\" data-sfc-cb=\"\" data-complete=\"true\" data-processed=\"true\" data-sae=\"\">M\u00e9retez\u00e9s \u00e9s sz\u00ednek<\/div>\n<div class=\"Y3BBE\" data-sfc-cp=\"\" data-sfc-cb=\"\" data-hveid=\"CAEIBxAA\" data-complete=\"true\" data-processed=\"true\">A term\u00e9k jellemz\u0151en <strong class=\"Yjhzub\" data-sfc-cb=\"\" data-complete=\"true\" data-processed=\"true\">S \u00e9s M<\/strong> m\u00e9retekben \u00e9rhet\u0151 el. A gy\u00e1rt\u00f3 m\u00e9r\u00e9sei alapj\u00e1n az S-es m\u00e9ret\u0171 fels\u0151 hossza kb. 24 cm, m\u00edg az M-es\u00e9 26 cm.<span class=\"uJ19be notranslate\" data-wiz-uids=\"A5FYEb_1u,A5FYEb_1v\" data-sfc-cb=\"\" data-complete=\"true\" data-processed=\"true\"><span class=\"vKEkVd\" data-animation-atomic=\"\" data-wiz-attrbind=\"class=A5FYEb_1t\/TKHnVd\" data-sae=\"\"><span aria-hidden=\"true\">\u00a0<\/span><\/span><\/span><\/div>\n<ul class=\"KsbFXc U6u95\" data-sfc-cb=\"\" data-complete=\"true\" data-processed=\"true\">\n<li class=\"dF3vjf\" data-sfc-cb=\"\" data-hveid=\"CAEICBAA\" data-complete=\"true\" data-sae=\"\"><span class=\"T286Pc\" data-sfc-cp=\"\" data-sfc-cb=\"\" data-complete=\"true\"><strong class=\"Yjhzub\" data-sfc-cb=\"\" data-complete=\"true\">El\u00e9rhet\u0151 sz\u00ednek<\/strong>: Leggyakrabban <strong class=\"Yjhzub\" data-sfc-cb=\"\" data-complete=\"true\">fekete<\/strong>, <strong class=\"Yjhzub\" data-sfc-cb=\"\" data-complete=\"true\">barna<\/strong> \u00e9s <strong class=\"Yjhzub\" data-sfc-cb=\"\" data-complete=\"true\">sz\u00fcrke<\/strong> sz\u00ednekben tal\u00e1lhat\u00f3 meg a hazai webshopokban.<\/span><\/li>\n<li class=\"dF3vjf\" data-sfc-cb=\"\" data-hveid=\"CAEICBAB\" data-complete=\"true\" data-sae=\"\"><span class=\"T286Pc\" data-sfc-cp=\"\" data-sfc-cb=\"\" data-complete=\"true\"><strong class=\"Yjhzub\" data-sfc-cb=\"\" data-complete=\"true\">Modell inf\u00f3<\/strong>: A term\u00e9kfot\u00f3kon szerepl\u0151 modellek \u00e1ltal\u00e1ban 165 cm magasak \u00e9s S-es m\u00e9retet viselnek.<\/span><\/li>\n<\/ul>\n<p><strong>Fels\u0151r\u00e9sz \u2013 M\u00e9retek (fektetve m\u00e9rve):<\/strong><\/p>\n<figure class=\"table\">\n<table>\n<thead>\n<tr>\n<th><strong>M\u00e9ret<\/strong><\/th>\n<th><strong>S<\/strong><\/th>\n<th><strong>M<\/strong><\/th>\n<\/tr>\n<\/thead>\n<tbody>\n<tr>\n<td>Teljes hossz<\/td>\n<td>24 cm<\/td>\n<td>26 cm<\/td>\n<\/tr>\n<tr>\n<td>Mellb\u0151s\u00e9g*<\/td>\n<td>82 cm<\/td>\n<td>84 cm<\/td>\n<\/tr>\n<\/tbody>\n<\/table>\n<\/figure>\n<p>* Az anyag mellb\u0151s\u00e9gben ak\u00e1r 24 cm-t is ny\u00falik<br \/>\n<strong>Als\u00f3r\u00e9sz \u2013 M\u00e9retek (fektetve m\u00e9rve):<\/strong><\/p>\n<figure class=\"table\">\n<table>\n<thead>\n<tr>\n<th><strong>M\u00e9ret<\/strong><\/th>\n<th><strong>S<\/strong><\/th>\n<th><strong>M<\/strong><\/th>\n<\/tr>\n<\/thead>\n<tbody>\n<tr>\n<td>Teljes hossz<\/td>\n<td>111 cm<\/td>\n<td>113 cm<\/td>\n<\/tr>\n<tr>\n<td>Sz\u00e1rhossz (k\u00fcls\u0151)<\/td>\n<td>106 cm<\/td>\n<td>108 cm<\/td>\n<\/tr>\n<tr>\n<td>Sz\u00e1rhossz (bels\u0151)<\/td>\n<td>83 cm<\/td>\n<td>85 cm<\/td>\n<\/tr>\n<tr>\n<td>\u00dclepmagass\u00e1g<\/td>\n<td>29 cm<\/td>\n<td>31 cm<\/td>\n<\/tr>\n<tr>\n<td>Der\u00e9kb\u0151s\u00e9g*<\/td>\n<td>66 cm<\/td>\n<td>68 cm<\/td>\n<\/tr>\n<tr>\n<td>Cs\u00edp\u0151b\u0151s\u00e9g*<\/td>\n<td>104 cm<\/td>\n<td>106 cm<\/td>\n<\/tr>\n<\/tbody>\n<\/table>\n<\/figure>\n<p>* Az anyag der\u00e9kban ak\u00e1r 20 cm-t, cs\u00edp\u0151ben ak\u00e1r 17 cm-t is ny\u00falik<br \/>\n<i>A ruhadarabokat fektetve m\u00e9rik, ez\u00e9rt az egyes m\u00e9retek elt\u00e9rhetnek +\/- 2 cm-rel.<\/i><\/p>\n","protected":false},"excerpt":{"rendered":"<p>Az O&#8217;la Voga Dew szett egy pr\u00e9mium min\u0151s\u00e9g\u0171, pamut alap\u00fa n\u0151i egy\u00fcttes, amely a sportos k\u00e9nyelmet \u00f6tv\u00f6zi a n\u0151ies, v\u00e1rosi st\u00edlussal. A szett egy r\u00f6videbb &hellip; <\/p>\n","protected":false},"featured_media":1459,"template":"","meta":[],"product_brand":[78],"product_cat":[19,28,25,26],"product_tag":[],"class_list":{"0":"post-2007","1":"product","2":"type-product","3":"status-publish","4":"has-post-thumbnail","6":"product_brand-olavoga","7":"product_cat-markak","8":"product_cat-olavoga","9":"product_cat-noi-ruhazat-hu","10":"product_cat-szettek","12":"first","13":"instock","14":"shipping-taxable","15":"purchasable","16":"product-type-variable"},"yoast_head":"<!-- This site is optimized with the Yoast SEO plugin v26.7 - https:\/\/yoast.com\/wordpress\/plugins\/seo\/ -->\n<title>OLAVOGA DEW szett - Fashion Universum<\/title>\n<meta name=\"description\" content=\"O&#039;la Voga Dew szett: pr\u00e9mium pamut egy\u00fcttes a Fashion Universum k\u00edn\u00e1lat\u00e1ban. Crop top \u00e9s magas derek\u00fa nadr\u00e1g a t\u00f6k\u00e9letes k\u00e9nyelem\u00e9rt. Rendeld meg most!\" \/>\n<meta name=\"robots\" content=\"index, follow, max-snippet:-1, max-image-preview:large, max-video-preview:-1\" \/>\n<link rel=\"canonical\" href=\"https:\/\/fashionuniversum.com\/?product=olavoga-dew-szett\" \/>\n<meta property=\"og:locale\" content=\"hu_HU\" \/>\n<meta property=\"og:type\" content=\"article\" \/>\n<meta property=\"og:title\" content=\"OLAVOGA DEW szett - Fashion Universum\" \/>\n<meta property=\"og:description\" content=\"O&#039;la Voga Dew szett: pr\u00e9mium pamut egy\u00fcttes a Fashion Universum k\u00edn\u00e1lat\u00e1ban. Crop top \u00e9s magas derek\u00fa nadr\u00e1g a t\u00f6k\u00e9letes k\u00e9nyelem\u00e9rt. Rendeld meg most!\" \/>\n<meta property=\"og:url\" content=\"https:\/\/fashionuniversum.com\/?product=olavoga-dew-szett\" \/>\n<meta property=\"og:site_name\" content=\"Fashion Universum\" \/>\n<meta property=\"article:modified_time\" content=\"2026-03-04T14:30:32+00:00\" \/>\n<meta property=\"og:image\" content=\"https:\/\/fashionuniversum.com\/wp-content\/uploads\/2026\/01\/komplet-DEW-304-scaled-1.jpg\" \/>\n\t<meta property=\"og:image:width\" content=\"1920\" \/>\n\t<meta property=\"og:image:height\" content=\"2560\" \/>\n\t<meta property=\"og:image:type\" content=\"image\/jpeg\" \/>\n<meta name=\"twitter:card\" content=\"summary_large_image\" \/>\n<meta name=\"twitter:label1\" content=\"Becs\u00fclt olvas\u00e1si id\u0151\" \/>\n\t<meta name=\"twitter:data1\" content=\"2 perc\" \/>\n<script type=\"application\/ld+json\" class=\"yoast-schema-graph\">{\"@context\":\"https:\/\/schema.org\",\"@graph\":[{\"@type\":\"WebPage\",\"@id\":\"https:\/\/fashionuniversum.com\/?product=olavoga-dew-szett\",\"url\":\"https:\/\/fashionuniversum.com\/?product=olavoga-dew-szett\",\"name\":\"OLAVOGA DEW szett - Fashion Universum\",\"isPartOf\":{\"@id\":\"https:\/\/fashionuniversum.com\/#website\"},\"primaryImageOfPage\":{\"@id\":\"https:\/\/fashionuniversum.com\/?product=olavoga-dew-szett#primaryimage\"},\"image\":{\"@id\":\"https:\/\/fashionuniversum.com\/?product=olavoga-dew-szett#primaryimage\"},\"thumbnailUrl\":\"https:\/\/fashionuniversum.com\/wp-content\/uploads\/2026\/01\/komplet-DEW-304-scaled-1.jpg\",\"datePublished\":\"2026-01-22T14:10:28+00:00\",\"dateModified\":\"2026-03-04T14:30:32+00:00\",\"description\":\"O'la Voga Dew szett: pr\u00e9mium pamut egy\u00fcttes a Fashion Universum k\u00edn\u00e1lat\u00e1ban. Crop top \u00e9s magas derek\u00fa nadr\u00e1g a t\u00f6k\u00e9letes k\u00e9nyelem\u00e9rt. Rendeld meg most!\",\"breadcrumb\":{\"@id\":\"https:\/\/fashionuniversum.com\/?product=olavoga-dew-szett#breadcrumb\"},\"inLanguage\":\"hu\",\"potentialAction\":[{\"@type\":\"ReadAction\",\"target\":[\"https:\/\/fashionuniversum.com\/?product=olavoga-dew-szett\"]}]},{\"@type\":\"ImageObject\",\"inLanguage\":\"hu\",\"@id\":\"https:\/\/fashionuniversum.com\/?product=olavoga-dew-szett#primaryimage\",\"url\":\"https:\/\/fashionuniversum.com\/wp-content\/uploads\/2026\/01\/komplet-DEW-304-scaled-1.jpg\",\"contentUrl\":\"https:\/\/fashionuniversum.com\/wp-content\/uploads\/2026\/01\/komplet-DEW-304-scaled-1.jpg\",\"width\":1920,\"height\":2560,\"caption\":\"OLAVOGA DEW szett\"},{\"@type\":\"BreadcrumbList\",\"@id\":\"https:\/\/fashionuniversum.com\/?product=olavoga-dew-szett#breadcrumb\",\"itemListElement\":[{\"@type\":\"ListItem\",\"position\":1,\"name\":\"Kezd\u0151lap\",\"item\":\"https:\/\/fashionuniversum.com\/\"},{\"@type\":\"ListItem\",\"position\":2,\"name\":\"Kezd\u0151lap\",\"item\":\"https:\/\/fashionuniversum.com\/\"},{\"@type\":\"ListItem\",\"position\":3,\"name\":\"OLAVOGA DEW szett\"}]},{\"@type\":\"WebSite\",\"@id\":\"https:\/\/fashionuniversum.com\/#website\",\"url\":\"https:\/\/fashionuniversum.com\/\",\"name\":\"Fashion Universum\",\"description\":\"\",\"publisher\":{\"@id\":\"https:\/\/fashionuniversum.com\/#organization\"},\"potentialAction\":[{\"@type\":\"SearchAction\",\"target\":{\"@type\":\"EntryPoint\",\"urlTemplate\":\"https:\/\/fashionuniversum.com\/?s={search_term_string}\"},\"query-input\":{\"@type\":\"PropertyValueSpecification\",\"valueRequired\":true,\"valueName\":\"search_term_string\"}}],\"inLanguage\":\"hu\"},{\"@type\":\"Organization\",\"@id\":\"https:\/\/fashionuniversum.com\/#organization\",\"name\":\"Fashion Universum\",\"url\":\"https:\/\/fashionuniversum.com\/\",\"logo\":{\"@type\":\"ImageObject\",\"inLanguage\":\"hu\",\"@id\":\"https:\/\/fashionuniversum.com\/#\/schema\/logo\/image\/\",\"url\":\"https:\/\/fashionuniversum.com\/wp-content\/uploads\/2026\/02\/cropped-cropped-imaaage.jpg\",\"contentUrl\":\"https:\/\/fashionuniversum.com\/wp-content\/uploads\/2026\/02\/cropped-cropped-imaaage.jpg\",\"width\":1389,\"height\":285,\"caption\":\"Fashion Universum\"},\"image\":{\"@id\":\"https:\/\/fashionuniversum.com\/#\/schema\/logo\/image\/\"}}]}<\/script>\n<!-- \/ Yoast SEO plugin. -->","yoast_head_json":{"title":"OLAVOGA DEW szett - Fashion Universum","description":"O'la Voga Dew szett: pr\u00e9mium pamut egy\u00fcttes a Fashion Universum k\u00edn\u00e1lat\u00e1ban. Crop top \u00e9s magas derek\u00fa nadr\u00e1g a t\u00f6k\u00e9letes k\u00e9nyelem\u00e9rt. Rendeld meg most!","robots":{"index":"index","follow":"follow","max-snippet":"max-snippet:-1","max-image-preview":"max-image-preview:large","max-video-preview":"max-video-preview:-1"},"canonical":"https:\/\/fashionuniversum.com\/?product=olavoga-dew-szett","og_locale":"hu_HU","og_type":"article","og_title":"OLAVOGA DEW szett - Fashion Universum","og_description":"O'la Voga Dew szett: pr\u00e9mium pamut egy\u00fcttes a Fashion Universum k\u00edn\u00e1lat\u00e1ban. Crop top \u00e9s magas derek\u00fa nadr\u00e1g a t\u00f6k\u00e9letes k\u00e9nyelem\u00e9rt. Rendeld meg most!","og_url":"https:\/\/fashionuniversum.com\/?product=olavoga-dew-szett","og_site_name":"Fashion Universum","article_modified_time":"2026-03-04T14:30:32+00:00","og_image":[{"width":1920,"height":2560,"url":"https:\/\/fashionuniversum.com\/wp-content\/uploads\/2026\/01\/komplet-DEW-304-scaled-1.jpg","type":"image\/jpeg"}],"twitter_card":"summary_large_image","twitter_misc":{"Becs\u00fclt olvas\u00e1si id\u0151":"2 perc"},"schema":{"@context":"https:\/\/schema.org","@graph":[{"@type":"WebPage","@id":"https:\/\/fashionuniversum.com\/?product=olavoga-dew-szett","url":"https:\/\/fashionuniversum.com\/?product=olavoga-dew-szett","name":"OLAVOGA DEW szett - Fashion Universum","isPartOf":{"@id":"https:\/\/fashionuniversum.com\/#website"},"primaryImageOfPage":{"@id":"https:\/\/fashionuniversum.com\/?product=olavoga-dew-szett#primaryimage"},"image":{"@id":"https:\/\/fashionuniversum.com\/?product=olavoga-dew-szett#primaryimage"},"thumbnailUrl":"https:\/\/fashionuniversum.com\/wp-content\/uploads\/2026\/01\/komplet-DEW-304-scaled-1.jpg","datePublished":"2026-01-22T14:10:28+00:00","dateModified":"2026-03-04T14:30:32+00:00","description":"O'la Voga Dew szett: pr\u00e9mium pamut egy\u00fcttes a Fashion Universum k\u00edn\u00e1lat\u00e1ban. Crop top \u00e9s magas derek\u00fa nadr\u00e1g a t\u00f6k\u00e9letes k\u00e9nyelem\u00e9rt. Rendeld meg most!","breadcrumb":{"@id":"https:\/\/fashionuniversum.com\/?product=olavoga-dew-szett#breadcrumb"},"inLanguage":"hu","potentialAction":[{"@type":"ReadAction","target":["https:\/\/fashionuniversum.com\/?product=olavoga-dew-szett"]}]},{"@type":"ImageObject","inLanguage":"hu","@id":"https:\/\/fashionuniversum.com\/?product=olavoga-dew-szett#primaryimage","url":"https:\/\/fashionuniversum.com\/wp-content\/uploads\/2026\/01\/komplet-DEW-304-scaled-1.jpg","contentUrl":"https:\/\/fashionuniversum.com\/wp-content\/uploads\/2026\/01\/komplet-DEW-304-scaled-1.jpg","width":1920,"height":2560,"caption":"OLAVOGA DEW szett"},{"@type":"BreadcrumbList","@id":"https:\/\/fashionuniversum.com\/?product=olavoga-dew-szett#breadcrumb","itemListElement":[{"@type":"ListItem","position":1,"name":"Kezd\u0151lap","item":"https:\/\/fashionuniversum.com\/"},{"@type":"ListItem","position":2,"name":"Kezd\u0151lap","item":"https:\/\/fashionuniversum.com\/"},{"@type":"ListItem","position":3,"name":"OLAVOGA DEW szett"}]},{"@type":"WebSite","@id":"https:\/\/fashionuniversum.com\/#website","url":"https:\/\/fashionuniversum.com\/","name":"Fashion Universum","description":"","publisher":{"@id":"https:\/\/fashionuniversum.com\/#organization"},"potentialAction":[{"@type":"SearchAction","target":{"@type":"EntryPoint","urlTemplate":"https:\/\/fashionuniversum.com\/?s={search_term_string}"},"query-input":{"@type":"PropertyValueSpecification","valueRequired":true,"valueName":"search_term_string"}}],"inLanguage":"hu"},{"@type":"Organization","@id":"https:\/\/fashionuniversum.com\/#organization","name":"Fashion Universum","url":"https:\/\/fashionuniversum.com\/","logo":{"@type":"ImageObject","inLanguage":"hu","@id":"https:\/\/fashionuniversum.com\/#\/schema\/logo\/image\/","url":"https:\/\/fashionuniversum.com\/wp-content\/uploads\/2026\/02\/cropped-cropped-imaaage.jpg","contentUrl":"https:\/\/fashionuniversum.com\/wp-content\/uploads\/2026\/02\/cropped-cropped-imaaage.jpg","width":1389,"height":285,"caption":"Fashion Universum"},"image":{"@id":"https:\/\/fashionuniversum.com\/#\/schema\/logo\/image\/"}}]}},"_links":{"self":[{"href":"https:\/\/fashionuniversum.com\/index.php?rest_route=\/wp\/v2\/product\/2007","targetHints":{"allow":["GET"]}}],"collection":[{"href":"https:\/\/fashionuniversum.com\/index.php?rest_route=\/wp\/v2\/product"}],"about":[{"href":"https:\/\/fashionuniversum.com\/index.php?rest_route=\/wp\/v2\/types\/product"}],"wp:featuredmedia":[{"embeddable":true,"href":"https:\/\/fashionuniversum.com\/index.php?rest_route=\/wp\/v2\/media\/1459"}],"wp:attachment":[{"href":"https:\/\/fashionuniversum.com\/index.php?rest_route=%2Fwp%2Fv2%2Fmedia&parent=2007"}],"wp:term":[{"taxonomy":"product_brand","embeddable":true,"href":"https:\/\/fashionuniversum.com\/index.php?rest_route=%2Fwp%2Fv2%2Fproduct_brand&post=2007"},{"taxonomy":"product_cat","embeddable":true,"href":"https:\/\/fashionuniversum.com\/index.php?rest_route=%2Fwp%2Fv2%2Fproduct_cat&post=2007"},{"taxonomy":"product_tag","embeddable":true,"href":"https:\/\/fashionuniversum.com\/index.php?rest_route=%2Fwp%2Fv2%2Fproduct_tag&post=2007"}],"curies":[{"name":"wp","href":"https:\/\/api.w.org\/{rel}","templated":true}]}}