{"id":2004,"date":"2026-01-22T14:10:28","date_gmt":"2026-01-22T14:10:28","guid":{"rendered":"https:\/\/fashionuniversum.com\/?post_type=product&#038;p=2004"},"modified":"2026-03-04T14:11:45","modified_gmt":"2026-03-04T14:11:45","slug":"olavoga-fireside-overal","status":"publish","type":"product","link":"https:\/\/fashionuniversum.com\/?product=olavoga-fireside-overal","title":{"rendered":"OLAVOGA FIRESIDE over\u00e1l"},"content":{"rendered":"<p><strong>Az OLAVOGA FIRESIDE over\u00e1l t\u00f6k\u00e9letesen illeszked\u0151, <\/strong>v\u00e9kony v\u00e1llp\u00e1ntokkal \u00e9s <strong>nyitott h\u00e1tmegold\u00e1ssal<\/strong>. A modell <strong>magas min\u0151s\u00e9g\u0171, rugalmas anyagb\u00f3l<\/strong> k\u00e9sz\u00fclt, amely viszk\u00f3zt is tartalmaz, \u00edgy k\u00e9nyelmes viseletet \u00e9s eleg\u00e1ns megjelen\u00e9st biztos\u00edt. El\u00f6l <strong>m\u00e9ly dekolt\u00e1zs<\/strong>, h\u00e1tul <strong>minimalista OLV log\u00f3<\/strong>.<\/p>\n<p><strong>Anyag\u00f6sszet\u00e9tel:<\/strong><br \/>\n70% poli\u00e9szter, 26% viszk\u00f3z, 4% elaszt\u00e1n<\/p>\n<p><strong>M\u00e9rett\u00e1bl\u00e1zat (fektetve m\u00e9rve):<\/strong><\/p>\n<figure class=\"table\">\n<table>\n<thead>\n<tr>\n<th><strong>M\u00e9ret<\/strong><\/th>\n<th><strong>Teljes hossz (A)<\/strong><\/th>\n<th><strong>Mellb\u0151s\u00e9g (B) <\/strong><i><strong>(ny\u00falik +22 cm-ig)<\/strong><\/i><\/th>\n<th><strong>Der\u00e9kb\u0151s\u00e9g (C) <\/strong><i><strong>(ny\u00falik +15 cm-ig)<\/strong><\/i><\/th>\n<th><strong>Cs\u00edp\u0151b\u0151s\u00e9g (D) <\/strong><i><strong>(ny\u00falik +18 cm-ig)<\/strong><\/i><\/th>\n<th><strong>Bels\u0151 sz\u00e1rhossz (G)<\/strong><\/th>\n<\/tr>\n<\/thead>\n<tbody>\n<tr>\n<td>XS<\/td>\n<td>135 cm<\/td>\n<td>63 cm<\/td>\n<td>55 cm<\/td>\n<td>67 cm<\/td>\n<td>75 cm<\/td>\n<\/tr>\n<tr>\n<td>S<\/td>\n<td>137 cm<\/td>\n<td>65 cm<\/td>\n<td>57 cm<\/td>\n<td>69 cm<\/td>\n<td>77 cm<\/td>\n<\/tr>\n<tr>\n<td>M<\/td>\n<td>139 cm<\/td>\n<td>67 cm<\/td>\n<td>59 cm<\/td>\n<td>71 cm<\/td>\n<td>79 cm<\/td>\n<\/tr>\n<\/tbody>\n<\/table>\n<\/figure>\n<p>&nbsp;<\/p>\n<p><strong>Megjegyz\u00e9s:<\/strong> A ruhadarabokat fektetve m\u00e9rik, a m\u00e9retek \u00b12 cm-rel elt\u00e9rhetnek.<\/p>\n","protected":false},"excerpt":{"rendered":"<p>Az OLAVOGA FIRESIDE over\u00e1l t\u00f6k\u00e9letesen illeszked\u0151, v\u00e9kony v\u00e1llp\u00e1ntokkal \u00e9s nyitott h\u00e1tmegold\u00e1ssal. A modell magas min\u0151s\u00e9g\u0171, rugalmas anyagb\u00f3l k\u00e9sz\u00fclt, amely viszk\u00f3zt is tartalmaz, \u00edgy k\u00e9nyelmes viseletet &hellip; <\/p>\n","protected":false},"featured_media":1456,"template":"","meta":[],"product_brand":[78],"product_cat":[19,28,25,54],"product_tag":[],"class_list":{"0":"post-2004","1":"product","2":"type-product","3":"status-publish","4":"has-post-thumbnail","6":"product_brand-olavoga","7":"product_cat-markak","8":"product_cat-olavoga","9":"product_cat-noi-ruhazat-hu","10":"product_cat-overalok","12":"first","13":"instock","14":"shipping-taxable","15":"purchasable","16":"product-type-variable"},"yoast_head":"<!-- This site is optimized with the Yoast SEO plugin v26.7 - https:\/\/yoast.com\/wordpress\/plugins\/seo\/ -->\n<title>OLAVOGA FIRESIDE over\u00e1l - Fashion Universum<\/title>\n<meta name=\"description\" content=\"OLAVOGA FIRESIDE over\u00e1l a Fashion Universumt\u00f3l! Karcs\u00fas\u00edtott fazon, puha anyag \u00e9s eleg\u00e1ns h\u00edmzett log\u00f3. A t\u00f6k\u00e9letes st\u00edlus \u00e9s k\u00e9nyelem egyben. Rendeld meg!\" \/>\n<meta name=\"robots\" content=\"index, follow, max-snippet:-1, max-image-preview:large, max-video-preview:-1\" \/>\n<link rel=\"canonical\" href=\"https:\/\/fashionuniversum.com\/?product=olavoga-fireside-overal\" \/>\n<meta property=\"og:locale\" content=\"hu_HU\" \/>\n<meta property=\"og:type\" content=\"article\" \/>\n<meta property=\"og:title\" content=\"OLAVOGA FIRESIDE over\u00e1l - Fashion Universum\" \/>\n<meta property=\"og:description\" content=\"OLAVOGA FIRESIDE over\u00e1l a Fashion Universumt\u00f3l! Karcs\u00fas\u00edtott fazon, puha anyag \u00e9s eleg\u00e1ns h\u00edmzett log\u00f3. A t\u00f6k\u00e9letes st\u00edlus \u00e9s k\u00e9nyelem egyben. Rendeld meg!\" \/>\n<meta property=\"og:url\" content=\"https:\/\/fashionuniversum.com\/?product=olavoga-fireside-overal\" \/>\n<meta property=\"og:site_name\" content=\"Fashion Universum\" \/>\n<meta property=\"article:modified_time\" content=\"2026-03-04T14:11:45+00:00\" \/>\n<meta property=\"og:image\" content=\"https:\/\/fashionuniversum.com\/wp-content\/uploads\/2026\/01\/kombinezon-FIRESIDE-539-scaled-1.jpg\" \/>\n\t<meta property=\"og:image:width\" content=\"1920\" \/>\n\t<meta property=\"og:image:height\" content=\"2560\" \/>\n\t<meta property=\"og:image:type\" content=\"image\/jpeg\" \/>\n<meta name=\"twitter:card\" content=\"summary_large_image\" \/>\n<meta name=\"twitter:label1\" content=\"Becs\u00fclt olvas\u00e1si id\u0151\" \/>\n\t<meta name=\"twitter:data1\" content=\"1 perc\" \/>\n<script type=\"application\/ld+json\" class=\"yoast-schema-graph\">{\"@context\":\"https:\/\/schema.org\",\"@graph\":[{\"@type\":\"WebPage\",\"@id\":\"https:\/\/fashionuniversum.com\/?product=olavoga-fireside-overal\",\"url\":\"https:\/\/fashionuniversum.com\/?product=olavoga-fireside-overal\",\"name\":\"OLAVOGA FIRESIDE over\u00e1l - Fashion Universum\",\"isPartOf\":{\"@id\":\"https:\/\/fashionuniversum.com\/#website\"},\"primaryImageOfPage\":{\"@id\":\"https:\/\/fashionuniversum.com\/?product=olavoga-fireside-overal#primaryimage\"},\"image\":{\"@id\":\"https:\/\/fashionuniversum.com\/?product=olavoga-fireside-overal#primaryimage\"},\"thumbnailUrl\":\"https:\/\/fashionuniversum.com\/wp-content\/uploads\/2026\/01\/kombinezon-FIRESIDE-539-scaled-1.jpg\",\"datePublished\":\"2026-01-22T14:10:28+00:00\",\"dateModified\":\"2026-03-04T14:11:45+00:00\",\"description\":\"OLAVOGA FIRESIDE over\u00e1l a Fashion Universumt\u00f3l! Karcs\u00fas\u00edtott fazon, puha anyag \u00e9s eleg\u00e1ns h\u00edmzett log\u00f3. A t\u00f6k\u00e9letes st\u00edlus \u00e9s k\u00e9nyelem egyben. Rendeld meg!\",\"breadcrumb\":{\"@id\":\"https:\/\/fashionuniversum.com\/?product=olavoga-fireside-overal#breadcrumb\"},\"inLanguage\":\"hu\",\"potentialAction\":[{\"@type\":\"ReadAction\",\"target\":[\"https:\/\/fashionuniversum.com\/?product=olavoga-fireside-overal\"]}]},{\"@type\":\"ImageObject\",\"inLanguage\":\"hu\",\"@id\":\"https:\/\/fashionuniversum.com\/?product=olavoga-fireside-overal#primaryimage\",\"url\":\"https:\/\/fashionuniversum.com\/wp-content\/uploads\/2026\/01\/kombinezon-FIRESIDE-539-scaled-1.jpg\",\"contentUrl\":\"https:\/\/fashionuniversum.com\/wp-content\/uploads\/2026\/01\/kombinezon-FIRESIDE-539-scaled-1.jpg\",\"width\":1920,\"height\":2560,\"caption\":\"OLAVOGA FIRESIDE over\u00e1l\"},{\"@type\":\"BreadcrumbList\",\"@id\":\"https:\/\/fashionuniversum.com\/?product=olavoga-fireside-overal#breadcrumb\",\"itemListElement\":[{\"@type\":\"ListItem\",\"position\":1,\"name\":\"Kezd\u0151lap\",\"item\":\"https:\/\/fashionuniversum.com\/\"},{\"@type\":\"ListItem\",\"position\":2,\"name\":\"Kezd\u0151lap\",\"item\":\"https:\/\/fashionuniversum.com\/\"},{\"@type\":\"ListItem\",\"position\":3,\"name\":\"OLAVOGA FIRESIDE over\u00e1l\"}]},{\"@type\":\"WebSite\",\"@id\":\"https:\/\/fashionuniversum.com\/#website\",\"url\":\"https:\/\/fashionuniversum.com\/\",\"name\":\"Fashion Universum\",\"description\":\"\",\"publisher\":{\"@id\":\"https:\/\/fashionuniversum.com\/#organization\"},\"potentialAction\":[{\"@type\":\"SearchAction\",\"target\":{\"@type\":\"EntryPoint\",\"urlTemplate\":\"https:\/\/fashionuniversum.com\/?s={search_term_string}\"},\"query-input\":{\"@type\":\"PropertyValueSpecification\",\"valueRequired\":true,\"valueName\":\"search_term_string\"}}],\"inLanguage\":\"hu\"},{\"@type\":\"Organization\",\"@id\":\"https:\/\/fashionuniversum.com\/#organization\",\"name\":\"Fashion Universum\",\"url\":\"https:\/\/fashionuniversum.com\/\",\"logo\":{\"@type\":\"ImageObject\",\"inLanguage\":\"hu\",\"@id\":\"https:\/\/fashionuniversum.com\/#\/schema\/logo\/image\/\",\"url\":\"https:\/\/fashionuniversum.com\/wp-content\/uploads\/2026\/02\/cropped-cropped-imaaage.jpg\",\"contentUrl\":\"https:\/\/fashionuniversum.com\/wp-content\/uploads\/2026\/02\/cropped-cropped-imaaage.jpg\",\"width\":1389,\"height\":285,\"caption\":\"Fashion Universum\"},\"image\":{\"@id\":\"https:\/\/fashionuniversum.com\/#\/schema\/logo\/image\/\"}}]}<\/script>\n<!-- \/ Yoast SEO plugin. -->","yoast_head_json":{"title":"OLAVOGA FIRESIDE over\u00e1l - Fashion Universum","description":"OLAVOGA FIRESIDE over\u00e1l a Fashion Universumt\u00f3l! Karcs\u00fas\u00edtott fazon, puha anyag \u00e9s eleg\u00e1ns h\u00edmzett log\u00f3. A t\u00f6k\u00e9letes st\u00edlus \u00e9s k\u00e9nyelem egyben. Rendeld meg!","robots":{"index":"index","follow":"follow","max-snippet":"max-snippet:-1","max-image-preview":"max-image-preview:large","max-video-preview":"max-video-preview:-1"},"canonical":"https:\/\/fashionuniversum.com\/?product=olavoga-fireside-overal","og_locale":"hu_HU","og_type":"article","og_title":"OLAVOGA FIRESIDE over\u00e1l - Fashion Universum","og_description":"OLAVOGA FIRESIDE over\u00e1l a Fashion Universumt\u00f3l! Karcs\u00fas\u00edtott fazon, puha anyag \u00e9s eleg\u00e1ns h\u00edmzett log\u00f3. A t\u00f6k\u00e9letes st\u00edlus \u00e9s k\u00e9nyelem egyben. Rendeld meg!","og_url":"https:\/\/fashionuniversum.com\/?product=olavoga-fireside-overal","og_site_name":"Fashion Universum","article_modified_time":"2026-03-04T14:11:45+00:00","og_image":[{"width":1920,"height":2560,"url":"https:\/\/fashionuniversum.com\/wp-content\/uploads\/2026\/01\/kombinezon-FIRESIDE-539-scaled-1.jpg","type":"image\/jpeg"}],"twitter_card":"summary_large_image","twitter_misc":{"Becs\u00fclt olvas\u00e1si id\u0151":"1 perc"},"schema":{"@context":"https:\/\/schema.org","@graph":[{"@type":"WebPage","@id":"https:\/\/fashionuniversum.com\/?product=olavoga-fireside-overal","url":"https:\/\/fashionuniversum.com\/?product=olavoga-fireside-overal","name":"OLAVOGA FIRESIDE over\u00e1l - Fashion Universum","isPartOf":{"@id":"https:\/\/fashionuniversum.com\/#website"},"primaryImageOfPage":{"@id":"https:\/\/fashionuniversum.com\/?product=olavoga-fireside-overal#primaryimage"},"image":{"@id":"https:\/\/fashionuniversum.com\/?product=olavoga-fireside-overal#primaryimage"},"thumbnailUrl":"https:\/\/fashionuniversum.com\/wp-content\/uploads\/2026\/01\/kombinezon-FIRESIDE-539-scaled-1.jpg","datePublished":"2026-01-22T14:10:28+00:00","dateModified":"2026-03-04T14:11:45+00:00","description":"OLAVOGA FIRESIDE over\u00e1l a Fashion Universumt\u00f3l! Karcs\u00fas\u00edtott fazon, puha anyag \u00e9s eleg\u00e1ns h\u00edmzett log\u00f3. A t\u00f6k\u00e9letes st\u00edlus \u00e9s k\u00e9nyelem egyben. Rendeld meg!","breadcrumb":{"@id":"https:\/\/fashionuniversum.com\/?product=olavoga-fireside-overal#breadcrumb"},"inLanguage":"hu","potentialAction":[{"@type":"ReadAction","target":["https:\/\/fashionuniversum.com\/?product=olavoga-fireside-overal"]}]},{"@type":"ImageObject","inLanguage":"hu","@id":"https:\/\/fashionuniversum.com\/?product=olavoga-fireside-overal#primaryimage","url":"https:\/\/fashionuniversum.com\/wp-content\/uploads\/2026\/01\/kombinezon-FIRESIDE-539-scaled-1.jpg","contentUrl":"https:\/\/fashionuniversum.com\/wp-content\/uploads\/2026\/01\/kombinezon-FIRESIDE-539-scaled-1.jpg","width":1920,"height":2560,"caption":"OLAVOGA FIRESIDE over\u00e1l"},{"@type":"BreadcrumbList","@id":"https:\/\/fashionuniversum.com\/?product=olavoga-fireside-overal#breadcrumb","itemListElement":[{"@type":"ListItem","position":1,"name":"Kezd\u0151lap","item":"https:\/\/fashionuniversum.com\/"},{"@type":"ListItem","position":2,"name":"Kezd\u0151lap","item":"https:\/\/fashionuniversum.com\/"},{"@type":"ListItem","position":3,"name":"OLAVOGA FIRESIDE over\u00e1l"}]},{"@type":"WebSite","@id":"https:\/\/fashionuniversum.com\/#website","url":"https:\/\/fashionuniversum.com\/","name":"Fashion Universum","description":"","publisher":{"@id":"https:\/\/fashionuniversum.com\/#organization"},"potentialAction":[{"@type":"SearchAction","target":{"@type":"EntryPoint","urlTemplate":"https:\/\/fashionuniversum.com\/?s={search_term_string}"},"query-input":{"@type":"PropertyValueSpecification","valueRequired":true,"valueName":"search_term_string"}}],"inLanguage":"hu"},{"@type":"Organization","@id":"https:\/\/fashionuniversum.com\/#organization","name":"Fashion Universum","url":"https:\/\/fashionuniversum.com\/","logo":{"@type":"ImageObject","inLanguage":"hu","@id":"https:\/\/fashionuniversum.com\/#\/schema\/logo\/image\/","url":"https:\/\/fashionuniversum.com\/wp-content\/uploads\/2026\/02\/cropped-cropped-imaaage.jpg","contentUrl":"https:\/\/fashionuniversum.com\/wp-content\/uploads\/2026\/02\/cropped-cropped-imaaage.jpg","width":1389,"height":285,"caption":"Fashion Universum"},"image":{"@id":"https:\/\/fashionuniversum.com\/#\/schema\/logo\/image\/"}}]}},"_links":{"self":[{"href":"https:\/\/fashionuniversum.com\/index.php?rest_route=\/wp\/v2\/product\/2004","targetHints":{"allow":["GET"]}}],"collection":[{"href":"https:\/\/fashionuniversum.com\/index.php?rest_route=\/wp\/v2\/product"}],"about":[{"href":"https:\/\/fashionuniversum.com\/index.php?rest_route=\/wp\/v2\/types\/product"}],"wp:featuredmedia":[{"embeddable":true,"href":"https:\/\/fashionuniversum.com\/index.php?rest_route=\/wp\/v2\/media\/1456"}],"wp:attachment":[{"href":"https:\/\/fashionuniversum.com\/index.php?rest_route=%2Fwp%2Fv2%2Fmedia&parent=2004"}],"wp:term":[{"taxonomy":"product_brand","embeddable":true,"href":"https:\/\/fashionuniversum.com\/index.php?rest_route=%2Fwp%2Fv2%2Fproduct_brand&post=2004"},{"taxonomy":"product_cat","embeddable":true,"href":"https:\/\/fashionuniversum.com\/index.php?rest_route=%2Fwp%2Fv2%2Fproduct_cat&post=2004"},{"taxonomy":"product_tag","embeddable":true,"href":"https:\/\/fashionuniversum.com\/index.php?rest_route=%2Fwp%2Fv2%2Fproduct_tag&post=2004"}],"curies":[{"name":"wp","href":"https:\/\/api.w.org\/{rel}","templated":true}]}}