{"id":1970,"date":"2026-01-22T14:10:25","date_gmt":"2026-01-22T14:10:25","guid":{"rendered":"https:\/\/fashionuniversum.com\/?post_type=product&#038;p=1970"},"modified":"2026-03-09T14:12:53","modified_gmt":"2026-03-09T14:12:53","slug":"olavoga-vex-ruha","status":"publish","type":"product","link":"https:\/\/fashionuniversum.com\/?product=olavoga-vex-ruha","title":{"rendered":"OLAVOGA VEX ruha"},"content":{"rendered":"<p>OLAVOGA VEX ruha<\/p>\n<p>T\u00f6k\u00e9letesen testhez\u00e1ll\u00f3, ujjatlan maxi ruha, kiv\u00e1l\u00f3 min\u0151s\u00e9g\u0171, rugalmas, bord\u00e1zott pamutb\u00f3l. Az oldal\u00e1n l\u00e1tv\u00e1nyos felv\u00e1g\u00e1s tal\u00e1lhat\u00f3, amely n\u0151ies megjelen\u00e9st k\u00f6lcs\u00f6n\u00f6z. Az el\u00fcls\u0151 r\u00e9szt a ruha sz\u00ednvil\u00e1g\u00e1hoz ill\u0151, minimalista OLAVOGA log\u00f3h\u00edmz\u00e9s d\u00edsz\u00edti.<br \/>\n\u00d6sszet\u00e9tel: 92% pamut, 8% elaszt\u00e1n<br \/>\nM\u00e9rett\u00e1bl\u00e1zat (fektetve m\u00e9rve):<br \/>\nM\u00e9ret<br \/>\nMellb\u0151s\u00e9g (anyag ny\u00falhat +35 cm)<br \/>\nDer\u00e9kb\u0151s\u00e9g (anyag ny\u00falhat +27 cm)<br \/>\nCs\u00edp\u0151b\u0151s\u00e9g (anyag ny\u00falhat +30 cm)<br \/>\nTeljes hossz<br \/>\nS 60 cm 56 cm 60 cm 145 cm<br \/>\nM 62 cm 58 cm 62 cm 146 cm<br \/>\nA ruhadarabokat fektetve m\u00e9rik, ez\u00e9rt az egyes m\u00e9retek elt\u00e9rhetnek +\/- 2 cm-rel.<\/p>\n","protected":false},"excerpt":{"rendered":"<p>OLAVOGA VEX ruha T\u00f6k\u00e9letesen testhez\u00e1ll\u00f3, ujjatlan maxi ruha, kiv\u00e1l\u00f3 min\u0151s\u00e9g\u0171, rugalmas, bord\u00e1zott pamutb\u00f3l. Az oldal\u00e1n l\u00e1tv\u00e1nyos felv\u00e1g\u00e1s tal\u00e1lhat\u00f3, amely n\u0151ies megjelen\u00e9st k\u00f6lcs\u00f6n\u00f6z. Az el\u00fcls\u0151 r\u00e9szt &hellip; <\/p>\n","protected":false},"featured_media":3347,"template":"","meta":[],"product_brand":[78],"product_cat":[16,19,28,25,57],"product_tag":[],"class_list":{"0":"post-1970","1":"product","2":"type-product","3":"status-publish","4":"has-post-thumbnail","6":"product_brand-olavoga","7":"product_cat-akcios-termekek","8":"product_cat-markak","9":"product_cat-olavoga","10":"product_cat-noi-ruhazat-hu","11":"product_cat-ruhak-tunikak","13":"first","14":"instock","15":"sale","16":"shipping-taxable","17":"purchasable","18":"product-type-variable"},"yoast_head":"<!-- This site is optimized with the Yoast SEO plugin v26.7 - https:\/\/yoast.com\/wordpress\/plugins\/seo\/ -->\n<title>OLAVOGA VEX ruha - Fashion Universum<\/title>\n<meta name=\"description\" content=\"Olavoga Vex ruha. T\u00f6k\u00e9letesen testhez\u00e1ll\u00f3, ujjatlan maxi ruha, kiv\u00e1l\u00f3 min\u0151s\u00e9g\u0171, rugalmas, bord\u00e1zott pamutb\u00f3l. Az oldal\u00e1n l\u00e1tv\u00e1nyos felv\u00e1g\u00e1s tal\u00e1lhat\u00f3.\" \/>\n<meta name=\"robots\" content=\"index, follow, max-snippet:-1, max-image-preview:large, max-video-preview:-1\" \/>\n<link rel=\"canonical\" href=\"https:\/\/fashionuniversum.com\/?product=olavoga-vex-ruha\" \/>\n<meta property=\"og:locale\" content=\"hu_HU\" \/>\n<meta property=\"og:type\" content=\"article\" \/>\n<meta property=\"og:title\" content=\"OLAVOGA VEX ruha - Fashion Universum\" \/>\n<meta property=\"og:description\" content=\"Olavoga Vex ruha. T\u00f6k\u00e9letesen testhez\u00e1ll\u00f3, ujjatlan maxi ruha, kiv\u00e1l\u00f3 min\u0151s\u00e9g\u0171, rugalmas, bord\u00e1zott pamutb\u00f3l. Az oldal\u00e1n l\u00e1tv\u00e1nyos felv\u00e1g\u00e1s tal\u00e1lhat\u00f3.\" \/>\n<meta property=\"og:url\" content=\"https:\/\/fashionuniversum.com\/?product=olavoga-vex-ruha\" \/>\n<meta property=\"og:site_name\" content=\"Fashion Universum\" \/>\n<meta property=\"article:modified_time\" content=\"2026-03-09T14:12:53+00:00\" \/>\n<meta property=\"og:image\" content=\"https:\/\/fashionuniversum.com\/wp-content\/uploads\/2026\/01\/sukienka-VEX-197-scaled-1-1.jpg\" \/>\n\t<meta property=\"og:image:width\" content=\"1920\" \/>\n\t<meta property=\"og:image:height\" content=\"2560\" \/>\n\t<meta property=\"og:image:type\" content=\"image\/jpeg\" \/>\n<meta name=\"twitter:card\" content=\"summary_large_image\" \/>\n<meta name=\"twitter:label1\" content=\"Becs\u00fclt olvas\u00e1si id\u0151\" \/>\n\t<meta name=\"twitter:data1\" content=\"1 perc\" \/>\n<script type=\"application\/ld+json\" class=\"yoast-schema-graph\">{\"@context\":\"https:\/\/schema.org\",\"@graph\":[{\"@type\":\"WebPage\",\"@id\":\"https:\/\/fashionuniversum.com\/?product=olavoga-vex-ruha\",\"url\":\"https:\/\/fashionuniversum.com\/?product=olavoga-vex-ruha\",\"name\":\"OLAVOGA VEX ruha - Fashion Universum\",\"isPartOf\":{\"@id\":\"https:\/\/fashionuniversum.com\/#website\"},\"primaryImageOfPage\":{\"@id\":\"https:\/\/fashionuniversum.com\/?product=olavoga-vex-ruha#primaryimage\"},\"image\":{\"@id\":\"https:\/\/fashionuniversum.com\/?product=olavoga-vex-ruha#primaryimage\"},\"thumbnailUrl\":\"https:\/\/fashionuniversum.com\/wp-content\/uploads\/2026\/01\/sukienka-VEX-197-scaled-1-1.jpg\",\"datePublished\":\"2026-01-22T14:10:25+00:00\",\"dateModified\":\"2026-03-09T14:12:53+00:00\",\"description\":\"Olavoga Vex ruha. T\u00f6k\u00e9letesen testhez\u00e1ll\u00f3, ujjatlan maxi ruha, kiv\u00e1l\u00f3 min\u0151s\u00e9g\u0171, rugalmas, bord\u00e1zott pamutb\u00f3l. Az oldal\u00e1n l\u00e1tv\u00e1nyos felv\u00e1g\u00e1s tal\u00e1lhat\u00f3.\",\"breadcrumb\":{\"@id\":\"https:\/\/fashionuniversum.com\/?product=olavoga-vex-ruha#breadcrumb\"},\"inLanguage\":\"hu\",\"potentialAction\":[{\"@type\":\"ReadAction\",\"target\":[\"https:\/\/fashionuniversum.com\/?product=olavoga-vex-ruha\"]}]},{\"@type\":\"ImageObject\",\"inLanguage\":\"hu\",\"@id\":\"https:\/\/fashionuniversum.com\/?product=olavoga-vex-ruha#primaryimage\",\"url\":\"https:\/\/fashionuniversum.com\/wp-content\/uploads\/2026\/01\/sukienka-VEX-197-scaled-1-1.jpg\",\"contentUrl\":\"https:\/\/fashionuniversum.com\/wp-content\/uploads\/2026\/01\/sukienka-VEX-197-scaled-1-1.jpg\",\"width\":1920,\"height\":2560,\"caption\":\"OLAVOGA VEX ruha\"},{\"@type\":\"BreadcrumbList\",\"@id\":\"https:\/\/fashionuniversum.com\/?product=olavoga-vex-ruha#breadcrumb\",\"itemListElement\":[{\"@type\":\"ListItem\",\"position\":1,\"name\":\"Kezd\u0151lap\",\"item\":\"https:\/\/fashionuniversum.com\/\"},{\"@type\":\"ListItem\",\"position\":2,\"name\":\"Kezd\u0151lap\",\"item\":\"https:\/\/fashionuniversum.com\/\"},{\"@type\":\"ListItem\",\"position\":3,\"name\":\"OLAVOGA VEX ruha\"}]},{\"@type\":\"WebSite\",\"@id\":\"https:\/\/fashionuniversum.com\/#website\",\"url\":\"https:\/\/fashionuniversum.com\/\",\"name\":\"Fashion Universum\",\"description\":\"\",\"publisher\":{\"@id\":\"https:\/\/fashionuniversum.com\/#organization\"},\"potentialAction\":[{\"@type\":\"SearchAction\",\"target\":{\"@type\":\"EntryPoint\",\"urlTemplate\":\"https:\/\/fashionuniversum.com\/?s={search_term_string}\"},\"query-input\":{\"@type\":\"PropertyValueSpecification\",\"valueRequired\":true,\"valueName\":\"search_term_string\"}}],\"inLanguage\":\"hu\"},{\"@type\":\"Organization\",\"@id\":\"https:\/\/fashionuniversum.com\/#organization\",\"name\":\"Fashion Universum\",\"url\":\"https:\/\/fashionuniversum.com\/\",\"logo\":{\"@type\":\"ImageObject\",\"inLanguage\":\"hu\",\"@id\":\"https:\/\/fashionuniversum.com\/#\/schema\/logo\/image\/\",\"url\":\"https:\/\/fashionuniversum.com\/wp-content\/uploads\/2026\/02\/cropped-cropped-imaaage.jpg\",\"contentUrl\":\"https:\/\/fashionuniversum.com\/wp-content\/uploads\/2026\/02\/cropped-cropped-imaaage.jpg\",\"width\":1389,\"height\":285,\"caption\":\"Fashion Universum\"},\"image\":{\"@id\":\"https:\/\/fashionuniversum.com\/#\/schema\/logo\/image\/\"}}]}<\/script>\n<!-- \/ Yoast SEO plugin. -->","yoast_head_json":{"title":"OLAVOGA VEX ruha - Fashion Universum","description":"Olavoga Vex ruha. T\u00f6k\u00e9letesen testhez\u00e1ll\u00f3, ujjatlan maxi ruha, kiv\u00e1l\u00f3 min\u0151s\u00e9g\u0171, rugalmas, bord\u00e1zott pamutb\u00f3l. Az oldal\u00e1n l\u00e1tv\u00e1nyos felv\u00e1g\u00e1s tal\u00e1lhat\u00f3.","robots":{"index":"index","follow":"follow","max-snippet":"max-snippet:-1","max-image-preview":"max-image-preview:large","max-video-preview":"max-video-preview:-1"},"canonical":"https:\/\/fashionuniversum.com\/?product=olavoga-vex-ruha","og_locale":"hu_HU","og_type":"article","og_title":"OLAVOGA VEX ruha - Fashion Universum","og_description":"Olavoga Vex ruha. T\u00f6k\u00e9letesen testhez\u00e1ll\u00f3, ujjatlan maxi ruha, kiv\u00e1l\u00f3 min\u0151s\u00e9g\u0171, rugalmas, bord\u00e1zott pamutb\u00f3l. Az oldal\u00e1n l\u00e1tv\u00e1nyos felv\u00e1g\u00e1s tal\u00e1lhat\u00f3.","og_url":"https:\/\/fashionuniversum.com\/?product=olavoga-vex-ruha","og_site_name":"Fashion Universum","article_modified_time":"2026-03-09T14:12:53+00:00","og_image":[{"width":1920,"height":2560,"url":"https:\/\/fashionuniversum.com\/wp-content\/uploads\/2026\/01\/sukienka-VEX-197-scaled-1-1.jpg","type":"image\/jpeg"}],"twitter_card":"summary_large_image","twitter_misc":{"Becs\u00fclt olvas\u00e1si id\u0151":"1 perc"},"schema":{"@context":"https:\/\/schema.org","@graph":[{"@type":"WebPage","@id":"https:\/\/fashionuniversum.com\/?product=olavoga-vex-ruha","url":"https:\/\/fashionuniversum.com\/?product=olavoga-vex-ruha","name":"OLAVOGA VEX ruha - Fashion Universum","isPartOf":{"@id":"https:\/\/fashionuniversum.com\/#website"},"primaryImageOfPage":{"@id":"https:\/\/fashionuniversum.com\/?product=olavoga-vex-ruha#primaryimage"},"image":{"@id":"https:\/\/fashionuniversum.com\/?product=olavoga-vex-ruha#primaryimage"},"thumbnailUrl":"https:\/\/fashionuniversum.com\/wp-content\/uploads\/2026\/01\/sukienka-VEX-197-scaled-1-1.jpg","datePublished":"2026-01-22T14:10:25+00:00","dateModified":"2026-03-09T14:12:53+00:00","description":"Olavoga Vex ruha. T\u00f6k\u00e9letesen testhez\u00e1ll\u00f3, ujjatlan maxi ruha, kiv\u00e1l\u00f3 min\u0151s\u00e9g\u0171, rugalmas, bord\u00e1zott pamutb\u00f3l. Az oldal\u00e1n l\u00e1tv\u00e1nyos felv\u00e1g\u00e1s tal\u00e1lhat\u00f3.","breadcrumb":{"@id":"https:\/\/fashionuniversum.com\/?product=olavoga-vex-ruha#breadcrumb"},"inLanguage":"hu","potentialAction":[{"@type":"ReadAction","target":["https:\/\/fashionuniversum.com\/?product=olavoga-vex-ruha"]}]},{"@type":"ImageObject","inLanguage":"hu","@id":"https:\/\/fashionuniversum.com\/?product=olavoga-vex-ruha#primaryimage","url":"https:\/\/fashionuniversum.com\/wp-content\/uploads\/2026\/01\/sukienka-VEX-197-scaled-1-1.jpg","contentUrl":"https:\/\/fashionuniversum.com\/wp-content\/uploads\/2026\/01\/sukienka-VEX-197-scaled-1-1.jpg","width":1920,"height":2560,"caption":"OLAVOGA VEX ruha"},{"@type":"BreadcrumbList","@id":"https:\/\/fashionuniversum.com\/?product=olavoga-vex-ruha#breadcrumb","itemListElement":[{"@type":"ListItem","position":1,"name":"Kezd\u0151lap","item":"https:\/\/fashionuniversum.com\/"},{"@type":"ListItem","position":2,"name":"Kezd\u0151lap","item":"https:\/\/fashionuniversum.com\/"},{"@type":"ListItem","position":3,"name":"OLAVOGA VEX ruha"}]},{"@type":"WebSite","@id":"https:\/\/fashionuniversum.com\/#website","url":"https:\/\/fashionuniversum.com\/","name":"Fashion Universum","description":"","publisher":{"@id":"https:\/\/fashionuniversum.com\/#organization"},"potentialAction":[{"@type":"SearchAction","target":{"@type":"EntryPoint","urlTemplate":"https:\/\/fashionuniversum.com\/?s={search_term_string}"},"query-input":{"@type":"PropertyValueSpecification","valueRequired":true,"valueName":"search_term_string"}}],"inLanguage":"hu"},{"@type":"Organization","@id":"https:\/\/fashionuniversum.com\/#organization","name":"Fashion Universum","url":"https:\/\/fashionuniversum.com\/","logo":{"@type":"ImageObject","inLanguage":"hu","@id":"https:\/\/fashionuniversum.com\/#\/schema\/logo\/image\/","url":"https:\/\/fashionuniversum.com\/wp-content\/uploads\/2026\/02\/cropped-cropped-imaaage.jpg","contentUrl":"https:\/\/fashionuniversum.com\/wp-content\/uploads\/2026\/02\/cropped-cropped-imaaage.jpg","width":1389,"height":285,"caption":"Fashion Universum"},"image":{"@id":"https:\/\/fashionuniversum.com\/#\/schema\/logo\/image\/"}}]}},"_links":{"self":[{"href":"https:\/\/fashionuniversum.com\/index.php?rest_route=\/wp\/v2\/product\/1970","targetHints":{"allow":["GET"]}}],"collection":[{"href":"https:\/\/fashionuniversum.com\/index.php?rest_route=\/wp\/v2\/product"}],"about":[{"href":"https:\/\/fashionuniversum.com\/index.php?rest_route=\/wp\/v2\/types\/product"}],"wp:featuredmedia":[{"embeddable":true,"href":"https:\/\/fashionuniversum.com\/index.php?rest_route=\/wp\/v2\/media\/3347"}],"wp:attachment":[{"href":"https:\/\/fashionuniversum.com\/index.php?rest_route=%2Fwp%2Fv2%2Fmedia&parent=1970"}],"wp:term":[{"taxonomy":"product_brand","embeddable":true,"href":"https:\/\/fashionuniversum.com\/index.php?rest_route=%2Fwp%2Fv2%2Fproduct_brand&post=1970"},{"taxonomy":"product_cat","embeddable":true,"href":"https:\/\/fashionuniversum.com\/index.php?rest_route=%2Fwp%2Fv2%2Fproduct_cat&post=1970"},{"taxonomy":"product_tag","embeddable":true,"href":"https:\/\/fashionuniversum.com\/index.php?rest_route=%2Fwp%2Fv2%2Fproduct_tag&post=1970"}],"curies":[{"name":"wp","href":"https:\/\/api.w.org\/{rel}","templated":true}]}}