{"id":1961,"date":"2026-01-22T14:10:23","date_gmt":"2026-01-22T14:10:23","guid":{"rendered":"https:\/\/fashionuniversum.com\/?post_type=product&#038;p=1961"},"modified":"2026-03-05T17:18:39","modified_gmt":"2026-03-05T17:18:39","slug":"olavoga-keki-szett","status":"publish","type":"product","link":"https:\/\/fashionuniversum.com\/?product=olavoga-keki-szett","title":{"rendered":"OLAVOGA KEKI szett"},"content":{"rendered":"<p>A modell 165 cm, \u00e9s S-es m\u00e9retet visel.<\/p>\n<p>Az OLAVOGA KEKI szett egy sportos n\u0151i szett, kiv\u00e1l\u00f3 min\u0151s\u00e9g\u0171, rugalmas pamutanyagb\u00f3l.<br \/>\nA fels\u0151r\u00e9sz egy r\u00f6vid ujj\u00fa fels\u0151, kontrasztos varr\u00e1sokkal, elej\u00e9n OLAVOGA log\u00f3val ell\u00e1tott felvarr\u00f3val.<br \/>\nAz als\u00f3r\u00e9sz magas derek\u00fa r\u00f6vidnadr\u00e1g, der\u00e9kban gum\u00edrozott, az oldalakon bord\u00e1zott szeg\u00e9lyekkel. Az elej\u00e9n &#8222;15&#8221; feliratos felvarr\u00f3 d\u00edsz\u00edti.<\/p>\n<p>&nbsp;<\/p>\n<p><strong>Fels\u0151r\u00e9sz \u2013 Bl\u00faza<\/strong><\/p>\n<p><strong>\u00d6sszet\u00e9tel:<\/strong> 80% pamut, 20% poli\u00e9szter<br \/>\n<strong>M\u00e9rett\u00e1bl\u00e1zat (fektetve m\u00e9rve):<\/strong><\/p>\n<figure class=\"table\">\n<table>\n<thead>\n<tr>\n<th><strong>M\u00e9ret<\/strong><\/th>\n<th><strong>Mellb\u0151s\u00e9g (anyag ny\u00falhat +16 cm)<\/strong><\/th>\n<th><strong>K\u00fcls\u0151 ujjhossz<\/strong><\/th>\n<th><strong>Bels\u0151 ujjhossz<\/strong><\/th>\n<th><strong>Teljes hossz<\/strong><\/th>\n<\/tr>\n<\/thead>\n<tbody>\n<tr>\n<td>S<\/td>\n<td>100 cm<\/td>\n<td>19 cm<\/td>\n<td>6 cm<\/td>\n<td>44 cm<\/td>\n<\/tr>\n<tr>\n<td>M<\/td>\n<td>102 cm<\/td>\n<td>20 cm<\/td>\n<td>7 cm<\/td>\n<td>45 cm<\/td>\n<\/tr>\n<\/tbody>\n<\/table>\n<\/figure>\n<p>&nbsp;<\/p>\n<p><strong>Als\u00f3r\u00e9sz \u2013 R\u00f6vidnadr\u00e1g<\/strong><\/p>\n<p><strong>\u00d6sszet\u00e9tel:<\/strong> 80% pamut, 20% poli\u00e9szter<br \/>\n<strong>M\u00e9rett\u00e1bl\u00e1zat (fektetve m\u00e9rve):<\/strong><\/p>\n<figure class=\"table\">\n<table>\n<thead>\n<tr>\n<th><strong>M\u00e9ret<\/strong><\/th>\n<th><strong>Der\u00e9kb\u0151s\u00e9g (anyag ny\u00falhat +20 cm)<\/strong><\/th>\n<th><strong>Cs\u00edp\u0151b\u0151s\u00e9g (anyag ny\u00falhat +16 cm)<\/strong><\/th>\n<th><strong>K\u00fcls\u0151 sz\u00e1rhossz<\/strong><\/th>\n<th><strong>Bels\u0151 sz\u00e1rhossz<\/strong><\/th>\n<th><strong>\u00dclep hossza<\/strong><\/th>\n<th><strong>Teljes hossz<\/strong><\/th>\n<\/tr>\n<\/thead>\n<tbody>\n<tr>\n<td>S<\/td>\n<td>60 cm<\/td>\n<td>100 cm<\/td>\n<td>25 cm<\/td>\n<td>6 cm<\/td>\n<td>30 cm<\/td>\n<td>30 cm<\/td>\n<\/tr>\n<tr>\n<td>M<\/td>\n<td>62 cm<\/td>\n<td>102 cm<\/td>\n<td>26 cm<\/td>\n<td>7 cm<\/td>\n<td>31 cm<\/td>\n<td>31 cm<\/td>\n<\/tr>\n<\/tbody>\n<\/table>\n<\/figure>\n<p>A ruhadarabokat fektetve m\u00e9rik, ez\u00e9rt az egyes m\u00e9retek elt\u00e9rhetnek +\/- 2 cm-rel.<\/p>\n","protected":false},"excerpt":{"rendered":"<p>A modell 165 cm, \u00e9s S-es m\u00e9retet visel. Az OLAVOGA KEKI szett egy sportos n\u0151i szett, kiv\u00e1l\u00f3 min\u0151s\u00e9g\u0171, rugalmas pamutanyagb\u00f3l. A fels\u0151r\u00e9sz egy r\u00f6vid ujj\u00fa &hellip; <\/p>\n","protected":false},"featured_media":1347,"template":"","meta":[],"product_brand":[78],"product_cat":[16,19,28,25,26],"product_tag":[],"class_list":{"0":"post-1961","1":"product","2":"type-product","3":"status-publish","4":"has-post-thumbnail","6":"product_brand-olavoga","7":"product_cat-akcios-termekek","8":"product_cat-markak","9":"product_cat-olavoga","10":"product_cat-noi-ruhazat-hu","11":"product_cat-szettek","13":"first","14":"instock","15":"sale","16":"shipping-taxable","17":"purchasable","18":"product-type-variable"},"yoast_head":"<!-- This site is optimized with the Yoast SEO plugin v26.7 - https:\/\/yoast.com\/wordpress\/plugins\/seo\/ -->\n<title>OLAVOGA KEKI szett \u2013 Fashion Universum \u2013 A legjobb \u00e1r!<\/title>\n<meta name=\"description\" content=\"OLAVOGA KEKI szett a legjobb \u00e1ron! Pr\u00e9mium min\u0151s\u00e9g \u00e9s extra k\u00e9nyelem a Fashion Universum k\u00edn\u00e1lat\u00e1ban. Rendeld meg most orsz\u00e1gosan a legolcs\u00f3bban!\" \/>\n<meta name=\"robots\" content=\"index, follow, max-snippet:-1, max-image-preview:large, max-video-preview:-1\" \/>\n<link rel=\"canonical\" href=\"https:\/\/fashionuniversum.com\/?product=olavoga-keki-szett\" \/>\n<meta property=\"og:locale\" content=\"hu_HU\" \/>\n<meta property=\"og:type\" content=\"article\" \/>\n<meta property=\"og:title\" content=\"OLAVOGA KEKI szett \u2013 Fashion Universum \u2013 A legjobb \u00e1r!\" \/>\n<meta property=\"og:description\" content=\"OLAVOGA KEKI szett a legjobb \u00e1ron! Pr\u00e9mium min\u0151s\u00e9g \u00e9s extra k\u00e9nyelem a Fashion Universum k\u00edn\u00e1lat\u00e1ban. Rendeld meg most orsz\u00e1gosan a legolcs\u00f3bban!\" \/>\n<meta property=\"og:url\" content=\"https:\/\/fashionuniversum.com\/?product=olavoga-keki-szett\" \/>\n<meta property=\"og:site_name\" content=\"Fashion Universum\" \/>\n<meta property=\"article:modified_time\" content=\"2026-03-05T17:18:39+00:00\" \/>\n<meta property=\"og:image\" content=\"https:\/\/fashionuniversum.com\/wp-content\/uploads\/2026\/01\/komplet-KEKI-234-scaled-1.jpg\" \/>\n\t<meta property=\"og:image:width\" content=\"1920\" \/>\n\t<meta property=\"og:image:height\" content=\"2560\" \/>\n\t<meta property=\"og:image:type\" content=\"image\/jpeg\" \/>\n<meta name=\"twitter:card\" content=\"summary_large_image\" \/>\n<meta name=\"twitter:label1\" content=\"Becs\u00fclt olvas\u00e1si id\u0151\" \/>\n\t<meta name=\"twitter:data1\" content=\"2 perc\" \/>\n<script type=\"application\/ld+json\" class=\"yoast-schema-graph\">{\"@context\":\"https:\/\/schema.org\",\"@graph\":[{\"@type\":\"WebPage\",\"@id\":\"https:\/\/fashionuniversum.com\/?product=olavoga-keki-szett\",\"url\":\"https:\/\/fashionuniversum.com\/?product=olavoga-keki-szett\",\"name\":\"OLAVOGA KEKI szett \u2013 Fashion Universum \u2013 A legjobb \u00e1r!\",\"isPartOf\":{\"@id\":\"https:\/\/fashionuniversum.com\/#website\"},\"primaryImageOfPage\":{\"@id\":\"https:\/\/fashionuniversum.com\/?product=olavoga-keki-szett#primaryimage\"},\"image\":{\"@id\":\"https:\/\/fashionuniversum.com\/?product=olavoga-keki-szett#primaryimage\"},\"thumbnailUrl\":\"https:\/\/fashionuniversum.com\/wp-content\/uploads\/2026\/01\/komplet-KEKI-234-scaled-1.jpg\",\"datePublished\":\"2026-01-22T14:10:23+00:00\",\"dateModified\":\"2026-03-05T17:18:39+00:00\",\"description\":\"OLAVOGA KEKI szett a legjobb \u00e1ron! Pr\u00e9mium min\u0151s\u00e9g \u00e9s extra k\u00e9nyelem a Fashion Universum k\u00edn\u00e1lat\u00e1ban. Rendeld meg most orsz\u00e1gosan a legolcs\u00f3bban!\",\"breadcrumb\":{\"@id\":\"https:\/\/fashionuniversum.com\/?product=olavoga-keki-szett#breadcrumb\"},\"inLanguage\":\"hu\",\"potentialAction\":[{\"@type\":\"ReadAction\",\"target\":[\"https:\/\/fashionuniversum.com\/?product=olavoga-keki-szett\"]}]},{\"@type\":\"ImageObject\",\"inLanguage\":\"hu\",\"@id\":\"https:\/\/fashionuniversum.com\/?product=olavoga-keki-szett#primaryimage\",\"url\":\"https:\/\/fashionuniversum.com\/wp-content\/uploads\/2026\/01\/komplet-KEKI-234-scaled-1.jpg\",\"contentUrl\":\"https:\/\/fashionuniversum.com\/wp-content\/uploads\/2026\/01\/komplet-KEKI-234-scaled-1.jpg\",\"width\":1920,\"height\":2560,\"caption\":\"OLAVOGA KEKI szett\"},{\"@type\":\"BreadcrumbList\",\"@id\":\"https:\/\/fashionuniversum.com\/?product=olavoga-keki-szett#breadcrumb\",\"itemListElement\":[{\"@type\":\"ListItem\",\"position\":1,\"name\":\"Kezd\u0151lap\",\"item\":\"https:\/\/fashionuniversum.com\/\"},{\"@type\":\"ListItem\",\"position\":2,\"name\":\"Kezd\u0151lap\",\"item\":\"https:\/\/fashionuniversum.com\/\"},{\"@type\":\"ListItem\",\"position\":3,\"name\":\"OLAVOGA KEKI szett\"}]},{\"@type\":\"WebSite\",\"@id\":\"https:\/\/fashionuniversum.com\/#website\",\"url\":\"https:\/\/fashionuniversum.com\/\",\"name\":\"Fashion Universum\",\"description\":\"\",\"publisher\":{\"@id\":\"https:\/\/fashionuniversum.com\/#organization\"},\"potentialAction\":[{\"@type\":\"SearchAction\",\"target\":{\"@type\":\"EntryPoint\",\"urlTemplate\":\"https:\/\/fashionuniversum.com\/?s={search_term_string}\"},\"query-input\":{\"@type\":\"PropertyValueSpecification\",\"valueRequired\":true,\"valueName\":\"search_term_string\"}}],\"inLanguage\":\"hu\"},{\"@type\":\"Organization\",\"@id\":\"https:\/\/fashionuniversum.com\/#organization\",\"name\":\"Fashion Universum\",\"url\":\"https:\/\/fashionuniversum.com\/\",\"logo\":{\"@type\":\"ImageObject\",\"inLanguage\":\"hu\",\"@id\":\"https:\/\/fashionuniversum.com\/#\/schema\/logo\/image\/\",\"url\":\"https:\/\/fashionuniversum.com\/wp-content\/uploads\/2026\/02\/cropped-cropped-imaaage.jpg\",\"contentUrl\":\"https:\/\/fashionuniversum.com\/wp-content\/uploads\/2026\/02\/cropped-cropped-imaaage.jpg\",\"width\":1389,\"height\":285,\"caption\":\"Fashion Universum\"},\"image\":{\"@id\":\"https:\/\/fashionuniversum.com\/#\/schema\/logo\/image\/\"}}]}<\/script>\n<!-- \/ Yoast SEO plugin. -->","yoast_head_json":{"title":"OLAVOGA KEKI szett \u2013 Fashion Universum \u2013 A legjobb \u00e1r!","description":"OLAVOGA KEKI szett a legjobb \u00e1ron! Pr\u00e9mium min\u0151s\u00e9g \u00e9s extra k\u00e9nyelem a Fashion Universum k\u00edn\u00e1lat\u00e1ban. Rendeld meg most orsz\u00e1gosan a legolcs\u00f3bban!","robots":{"index":"index","follow":"follow","max-snippet":"max-snippet:-1","max-image-preview":"max-image-preview:large","max-video-preview":"max-video-preview:-1"},"canonical":"https:\/\/fashionuniversum.com\/?product=olavoga-keki-szett","og_locale":"hu_HU","og_type":"article","og_title":"OLAVOGA KEKI szett \u2013 Fashion Universum \u2013 A legjobb \u00e1r!","og_description":"OLAVOGA KEKI szett a legjobb \u00e1ron! Pr\u00e9mium min\u0151s\u00e9g \u00e9s extra k\u00e9nyelem a Fashion Universum k\u00edn\u00e1lat\u00e1ban. Rendeld meg most orsz\u00e1gosan a legolcs\u00f3bban!","og_url":"https:\/\/fashionuniversum.com\/?product=olavoga-keki-szett","og_site_name":"Fashion Universum","article_modified_time":"2026-03-05T17:18:39+00:00","og_image":[{"width":1920,"height":2560,"url":"https:\/\/fashionuniversum.com\/wp-content\/uploads\/2026\/01\/komplet-KEKI-234-scaled-1.jpg","type":"image\/jpeg"}],"twitter_card":"summary_large_image","twitter_misc":{"Becs\u00fclt olvas\u00e1si id\u0151":"2 perc"},"schema":{"@context":"https:\/\/schema.org","@graph":[{"@type":"WebPage","@id":"https:\/\/fashionuniversum.com\/?product=olavoga-keki-szett","url":"https:\/\/fashionuniversum.com\/?product=olavoga-keki-szett","name":"OLAVOGA KEKI szett \u2013 Fashion Universum \u2013 A legjobb \u00e1r!","isPartOf":{"@id":"https:\/\/fashionuniversum.com\/#website"},"primaryImageOfPage":{"@id":"https:\/\/fashionuniversum.com\/?product=olavoga-keki-szett#primaryimage"},"image":{"@id":"https:\/\/fashionuniversum.com\/?product=olavoga-keki-szett#primaryimage"},"thumbnailUrl":"https:\/\/fashionuniversum.com\/wp-content\/uploads\/2026\/01\/komplet-KEKI-234-scaled-1.jpg","datePublished":"2026-01-22T14:10:23+00:00","dateModified":"2026-03-05T17:18:39+00:00","description":"OLAVOGA KEKI szett a legjobb \u00e1ron! Pr\u00e9mium min\u0151s\u00e9g \u00e9s extra k\u00e9nyelem a Fashion Universum k\u00edn\u00e1lat\u00e1ban. Rendeld meg most orsz\u00e1gosan a legolcs\u00f3bban!","breadcrumb":{"@id":"https:\/\/fashionuniversum.com\/?product=olavoga-keki-szett#breadcrumb"},"inLanguage":"hu","potentialAction":[{"@type":"ReadAction","target":["https:\/\/fashionuniversum.com\/?product=olavoga-keki-szett"]}]},{"@type":"ImageObject","inLanguage":"hu","@id":"https:\/\/fashionuniversum.com\/?product=olavoga-keki-szett#primaryimage","url":"https:\/\/fashionuniversum.com\/wp-content\/uploads\/2026\/01\/komplet-KEKI-234-scaled-1.jpg","contentUrl":"https:\/\/fashionuniversum.com\/wp-content\/uploads\/2026\/01\/komplet-KEKI-234-scaled-1.jpg","width":1920,"height":2560,"caption":"OLAVOGA KEKI szett"},{"@type":"BreadcrumbList","@id":"https:\/\/fashionuniversum.com\/?product=olavoga-keki-szett#breadcrumb","itemListElement":[{"@type":"ListItem","position":1,"name":"Kezd\u0151lap","item":"https:\/\/fashionuniversum.com\/"},{"@type":"ListItem","position":2,"name":"Kezd\u0151lap","item":"https:\/\/fashionuniversum.com\/"},{"@type":"ListItem","position":3,"name":"OLAVOGA KEKI szett"}]},{"@type":"WebSite","@id":"https:\/\/fashionuniversum.com\/#website","url":"https:\/\/fashionuniversum.com\/","name":"Fashion Universum","description":"","publisher":{"@id":"https:\/\/fashionuniversum.com\/#organization"},"potentialAction":[{"@type":"SearchAction","target":{"@type":"EntryPoint","urlTemplate":"https:\/\/fashionuniversum.com\/?s={search_term_string}"},"query-input":{"@type":"PropertyValueSpecification","valueRequired":true,"valueName":"search_term_string"}}],"inLanguage":"hu"},{"@type":"Organization","@id":"https:\/\/fashionuniversum.com\/#organization","name":"Fashion Universum","url":"https:\/\/fashionuniversum.com\/","logo":{"@type":"ImageObject","inLanguage":"hu","@id":"https:\/\/fashionuniversum.com\/#\/schema\/logo\/image\/","url":"https:\/\/fashionuniversum.com\/wp-content\/uploads\/2026\/02\/cropped-cropped-imaaage.jpg","contentUrl":"https:\/\/fashionuniversum.com\/wp-content\/uploads\/2026\/02\/cropped-cropped-imaaage.jpg","width":1389,"height":285,"caption":"Fashion Universum"},"image":{"@id":"https:\/\/fashionuniversum.com\/#\/schema\/logo\/image\/"}}]}},"_links":{"self":[{"href":"https:\/\/fashionuniversum.com\/index.php?rest_route=\/wp\/v2\/product\/1961","targetHints":{"allow":["GET"]}}],"collection":[{"href":"https:\/\/fashionuniversum.com\/index.php?rest_route=\/wp\/v2\/product"}],"about":[{"href":"https:\/\/fashionuniversum.com\/index.php?rest_route=\/wp\/v2\/types\/product"}],"wp:featuredmedia":[{"embeddable":true,"href":"https:\/\/fashionuniversum.com\/index.php?rest_route=\/wp\/v2\/media\/1347"}],"wp:attachment":[{"href":"https:\/\/fashionuniversum.com\/index.php?rest_route=%2Fwp%2Fv2%2Fmedia&parent=1961"}],"wp:term":[{"taxonomy":"product_brand","embeddable":true,"href":"https:\/\/fashionuniversum.com\/index.php?rest_route=%2Fwp%2Fv2%2Fproduct_brand&post=1961"},{"taxonomy":"product_cat","embeddable":true,"href":"https:\/\/fashionuniversum.com\/index.php?rest_route=%2Fwp%2Fv2%2Fproduct_cat&post=1961"},{"taxonomy":"product_tag","embeddable":true,"href":"https:\/\/fashionuniversum.com\/index.php?rest_route=%2Fwp%2Fv2%2Fproduct_tag&post=1961"}],"curies":[{"name":"wp","href":"https:\/\/api.w.org\/{rel}","templated":true}]}}