{"id":1916,"date":"2026-01-22T14:10:21","date_gmt":"2026-01-22T14:10:21","guid":{"rendered":"https:\/\/fashionuniversum.com\/?post_type=product&#038;p=1916"},"modified":"2026-03-10T07:56:26","modified_gmt":"2026-03-10T07:56:26","slug":"olavoga-cozy-szett","status":"publish","type":"product","link":"https:\/\/fashionuniversum.com\/?product=olavoga-cozy-szett","title":{"rendered":"OLAVOGA COZY szett"},"content":{"rendered":"<div class=\"otQkpb\" role=\"heading\" aria-level=\"3\" data-animation-nesting=\"\" data-sfc-cp=\"\" data-sfc-cb=\"\" data-complete=\"true\" data-processed=\"true\" data-sae=\"\"><strong class=\"Yjhzub\" data-sfc-cb=\"\" data-complete=\"true\">\u2728 OlaVoga COZY Szett \u2013 A k\u00e9nyelem \u00e9s st\u00edlus tal\u00e1lkoz\u00e1sa \u2728<\/strong><\/div>\n<div class=\"Y3BBE\" data-sfc-cp=\"\" data-sfc-cb=\"\" data-hveid=\"CAEIAxAA\" data-complete=\"true\" data-processed=\"true\">Keresed a t\u00f6k\u00e9letes egyens\u00falyt a maxim\u00e1lis komfort \u00e9s a trendi megjelen\u00e9s k\u00f6z\u00f6tt? Az <strong class=\"Yjhzub\" data-sfc-cb=\"\" data-complete=\"true\" data-processed=\"true\">OlaVoga COZY<\/strong> szett pontosan az, amire sz\u00fcks\u00e9ged van a h\u0171v\u00f6sebb h\u00e9tk\u00f6znapokon! \u2601\ufe0f\ud83d\udc57<\/div>\n<div class=\"Y3BBE\" data-sfc-cp=\"\" data-sfc-cb=\"\" data-hveid=\"CAEIBBAA\" data-complete=\"true\" data-processed=\"true\"><strong class=\"Yjhzub\" data-sfc-cb=\"\" data-complete=\"true\" data-processed=\"true\">Mi\u00e9rt fogod im\u00e1dni?<\/strong><\/div>\n<ul class=\"KsbFXc U6u95\" data-sfc-cb=\"\" data-processed=\"true\" data-complete=\"true\">\n<li class=\"dF3vjf\" data-sfc-cb=\"\" data-hveid=\"CAEIBRAA\" data-complete=\"true\" data-sae=\"\"><span class=\"T286Pc\" data-sfc-cp=\"\" data-sfc-cb=\"\" data-complete=\"true\"><strong class=\"Yjhzub\" data-sfc-cb=\"\" data-complete=\"true\">Pr\u00e9mium anyaghaszn\u00e1lat:<\/strong> Extra puha, bord\u00e1zott k\u00f6t\u00f6tt anyagb\u00f3l k\u00e9sz\u00fclt, ami gyeng\u00e9den simul a testedhez, mik\u00f6zben melegen tart. \ud83d\udd25<\/span><\/li>\n<li class=\"dF3vjf\" data-sfc-cb=\"\" data-hveid=\"CAEIBRAB\" data-sae=\"\" data-complete=\"true\"><span class=\"T286Pc\" data-sfc-cp=\"\" data-sfc-cb=\"\" data-complete=\"true\"><strong class=\"Yjhzub\" data-sfc-cb=\"\" data-complete=\"true\">Alakform\u00e1l\u00f3 szab\u00e1s:<\/strong> A magas\u00edtott derek\u00fa nadr\u00e1g \u00e9s a testhez\u00e1ll\u00f3 fels\u0151r\u00e9sz gy\u00f6ny\u00f6r\u0171en kiemeli az idomaidat, m\u00e9gis szabad mozg\u00e1st biztos\u00edt. \ud83c\udf51\u2728<\/span><\/li>\n<li class=\"dF3vjf\" data-sfc-cb=\"\" data-hveid=\"CAEIBRAC\" data-complete=\"true\" data-processed=\"true\" data-sae=\"\"><span class=\"T286Pc\" data-sfc-cp=\"\" data-sfc-cb=\"\" data-complete=\"true\"><strong class=\"Yjhzub\" data-sfc-cb=\"\" data-complete=\"true\">Minimalista luxus:<\/strong> Az ikonikus, h\u00edmzett OlaVoga log\u00f3 diszkr\u00e9t, m\u00e9gis azonnal felismerhet\u0151v\u00e9 teszi a m\u00e1rk\u00e1t, pr\u00e9mium \u00e9let\u00e9rz\u00e9st k\u00f6lcs\u00f6n\u00f6zve a szettnek. \ud83d\udc51<\/span><\/li>\n<li class=\"dF3vjf\" data-sfc-cb=\"\" data-hveid=\"CAEIBRAD\" data-complete=\"true\" data-processed=\"true\" data-sae=\"\"><span class=\"T286Pc\" data-sfc-cp=\"\" data-sfc-cb=\"\" data-complete=\"true\"><strong class=\"Yjhzub\" data-sfc-cb=\"\" data-complete=\"true\">Sokoldal\u00fa st\u00edlus:<\/strong> Viseld otthon a kanap\u00e9n bekuck\u00f3zva, vagy dobj r\u00e1 egy hossz\u00fa kab\u00e1tot \u00e9s egy chunky bakancsot a st\u00edlusos &#8222;streetwear&#8221; look-hoz! \u2615walk<\/span><\/li>\n<\/ul>\n<div class=\"Y3BBE\" data-sfc-cp=\"\" data-sfc-cb=\"\" data-hveid=\"CAEIBhAA\" data-complete=\"true\" data-processed=\"true\"><strong class=\"Yjhzub\" data-sfc-cb=\"\" data-complete=\"true\" data-processed=\"true\">Term\u00e9kinform\u00e1ci\u00f3k:<\/strong><\/div>\n<ul class=\"KsbFXc U6u95\" data-sfc-cb=\"\" data-complete=\"true\" data-processed=\"true\">\n<li class=\"dF3vjf\" data-sfc-cb=\"\" data-hveid=\"CAEIBxAA\" data-complete=\"true\" data-sae=\"\"><span class=\"T286Pc\" data-sfc-cp=\"\" data-sfc-cb=\"\" data-complete=\"true\">\ud83e\uddf5 <strong class=\"Yjhzub\" data-sfc-cb=\"\" data-complete=\"true\">\u00d6sszet\u00e9tel:<\/strong> Kiv\u00e1l\u00f3 min\u0151s\u00e9g\u0171, rugalmas pamut kever\u00e9k.<\/span><\/li>\n<li class=\"dF3vjf\" data-sfc-cb=\"\" data-hveid=\"CAEIBxAB\" data-complete=\"true\" data-sae=\"\"><span class=\"T286Pc\" data-sfc-cp=\"\" data-sfc-cb=\"\" data-complete=\"true\">\ud83e\uddfa <strong class=\"Yjhzub\" data-sfc-cb=\"\" data-complete=\"true\">Kezel\u00e9s:<\/strong> 30 fokon moshat\u00f3, formatart\u00f3 anyag.<\/span><\/li>\n<li class=\"dF3vjf\" data-sfc-cb=\"\" data-hveid=\"CAEIBxAC\" data-complete=\"true\" data-sae=\"\"><span class=\"T286Pc\" data-sfc-cp=\"\" data-sfc-cb=\"\" data-complete=\"true\">\ud83d\udcd0 <strong class=\"Yjhzub\" data-sfc-cb=\"\" data-complete=\"true\">M\u00e9retez\u00e9s:<\/strong> S, M m\u00e9retekben el\u00e9rhet\u0151 (a modell S-es m\u00e9retet visel).<\/span><\/li>\n<\/ul>\n<div class=\"Y3BBE\" data-sfc-cp=\"\" data-sfc-cb=\"\" data-hveid=\"CAEICBAA\" data-complete=\"true\" data-processed=\"true\"><strong class=\"Yjhzub\" data-sfc-cb=\"\" data-complete=\"true\" data-processed=\"true\">Ne maradj le r\u00f3la!<\/strong> Az OlaVoga szettek limit\u00e1lt darabsz\u00e1mban k\u00e9sz\u00fclnek, \u00edgy \u00e9rdemes gyorsan lecsapnod r\u00e1, hogy Te lehess a legst\u00edlusosabb a szezonban! \ud83d\udecd\ufe0f\ud83d\udca8<\/div>\n<div class=\"Y3BBE\" data-sfc-cp=\"\" data-sfc-cb=\"\" data-hveid=\"CAEICRAA\" data-complete=\"true\" data-processed=\"true\">\ud83d\uded2 <strong class=\"Yjhzub\" data-sfc-cb=\"\" data-complete=\"true\" data-processed=\"true\" aria-owns=\"action-menu-parent-container\">Tedd a kosaradba most, \u00e9s \u00e9lvezd a pr\u00e9mium puhas\u00e1got!<\/strong><\/div>\n<p><strong>Anyag\u00f6sszet\u00e9tel:<\/strong><\/p>\n<ul>\n<li>Fels\u0151: 45% viszk\u00f3z, 49% poli\u00e9szter, 6% spandex<\/li>\n<li>Als\u00f3: 45% viszk\u00f3z, 49% poli\u00e9szter, 6% spandex<\/li>\n<\/ul>\n<p><strong>M\u00e9rett\u00e1bl\u00e1zat (fektetve m\u00e9rve):<\/strong><\/p>\n<p><strong>Fels\u0151:<\/strong><\/p>\n<figure class=\"table\">\n<table>\n<thead>\n<tr>\n<th><strong>M\u00e9ret<\/strong><\/th>\n<th><strong>S<\/strong><\/th>\n<th><strong>M<\/strong><\/th>\n<\/tr>\n<\/thead>\n<tbody>\n<tr>\n<td>Mellb\u0151s\u00e9g*<\/td>\n<td>114 cm<\/td>\n<td>116 cm<\/td>\n<\/tr>\n<tr>\n<td>K\u00fcls\u0151 ujjhossz<\/td>\n<td>22 cm<\/td>\n<td>23 cm<\/td>\n<\/tr>\n<tr>\n<td>Bels\u0151 ujjhossz<\/td>\n<td>14 cm<\/td>\n<td>15 cm<\/td>\n<\/tr>\n<tr>\n<td>Teljes hossz<\/td>\n<td>70 cm<\/td>\n<td>71 cm<\/td>\n<\/tr>\n<\/tbody>\n<\/table>\n<\/figure>\n<p><strong>Als\u00f3 (r\u00f6vidnadr\u00e1g):<\/strong><\/p>\n<figure class=\"table\">\n<table>\n<thead>\n<tr>\n<th><strong>M\u00e9ret<\/strong><\/th>\n<th><strong>S<\/strong><\/th>\n<th><strong>M<\/strong><\/th>\n<\/tr>\n<\/thead>\n<tbody>\n<tr>\n<td>Der\u00e9kb\u0151s\u00e9g*<\/td>\n<td>64 cm<\/td>\n<td>66 cm<\/td>\n<\/tr>\n<tr>\n<td>Cs\u00edp\u0151b\u0151s\u00e9g*<\/td>\n<td>100 cm<\/td>\n<td>102 cm<\/td>\n<\/tr>\n<tr>\n<td>K\u00fcls\u0151 sz\u00e1rhossz<\/td>\n<td>29 cm<\/td>\n<td>30 cm<\/td>\n<\/tr>\n<tr>\n<td>Bels\u0151 sz\u00e1rhossz<\/td>\n<td>6 cm<\/td>\n<td>7 cm<\/td>\n<\/tr>\n<tr>\n<td>Teljes hossz<\/td>\n<td>33 cm<\/td>\n<td>34 cm<\/td>\n<\/tr>\n<tr>\n<td>\u00dclepmagass\u00e1g<\/td>\n<td>32 cm<\/td>\n<td>33 cm<\/td>\n<\/tr>\n<\/tbody>\n<\/table>\n<\/figure>\n<p>* Az anyag mellr\u00e9szn\u00e9l kb. 20 cm-ig, der\u00e9kban 14 cm-ig, cs\u00edp\u0151n\u00e9l 22 cm-ig rugalmas.<\/p>\n<p>A ruh\u00e1kat fektetve m\u00e9rik, ez\u00e9rt az egyes m\u00e9retek elt\u00e9rhetnek +\/- 2 cm-rel.<\/p>\n<p>&nbsp;<\/p>\n<p>&nbsp;<\/p>\n<p>&nbsp;<\/p>\n<p>&nbsp;<\/p>\n","protected":false},"excerpt":{"rendered":"<p>\u2728 OlaVoga COZY Szett \u2013 A k\u00e9nyelem \u00e9s st\u00edlus tal\u00e1lkoz\u00e1sa \u2728 Keresed a t\u00f6k\u00e9letes egyens\u00falyt a maxim\u00e1lis komfort \u00e9s a trendi megjelen\u00e9s k\u00f6z\u00f6tt? Az OlaVoga &hellip; <\/p>\n","protected":false},"featured_media":1230,"template":"","meta":[],"product_brand":[78],"product_cat":[16,19,28,25,26],"product_tag":[],"class_list":{"0":"post-1916","1":"product","2":"type-product","3":"status-publish","4":"has-post-thumbnail","6":"product_brand-olavoga","7":"product_cat-akcios-termekek","8":"product_cat-markak","9":"product_cat-olavoga","10":"product_cat-noi-ruhazat-hu","11":"product_cat-szettek","13":"first","14":"instock","15":"sale","16":"shipping-taxable","17":"purchasable","18":"product-type-variable"},"yoast_head":"<!-- This site is optimized with the Yoast SEO plugin v26.7 - https:\/\/yoast.com\/wordpress\/plugins\/seo\/ -->\n<title>OlaVoga Cozy Szett | Fashion Universum<\/title>\n<meta name=\"description\" content=\"OLAVOGA COZY szett: pr\u00e9mium k\u00e9nyelem \u00e9s st\u00edlus egyben. \u2728 Puha, alakkiemel\u0151 k\u00f6t\u00f6tt anyag, ikonikus log\u00f3val. V\u00e1s\u00e1rold meg a Fashion Universum k\u00edn\u00e1lat\u00e1ban! \ud83d\udecd\ufe0f\" \/>\n<meta name=\"robots\" content=\"index, follow, max-snippet:-1, max-image-preview:large, max-video-preview:-1\" \/>\n<link rel=\"canonical\" href=\"https:\/\/fashionuniversum.com\/?product=olavoga-cozy-szett\" \/>\n<meta property=\"og:locale\" content=\"hu_HU\" \/>\n<meta property=\"og:type\" content=\"article\" \/>\n<meta property=\"og:title\" content=\"OlaVoga Cozy Szett | Fashion Universum\" \/>\n<meta property=\"og:description\" content=\"OLAVOGA COZY szett: pr\u00e9mium k\u00e9nyelem \u00e9s st\u00edlus egyben. \u2728 Puha, alakkiemel\u0151 k\u00f6t\u00f6tt anyag, ikonikus log\u00f3val. V\u00e1s\u00e1rold meg a Fashion Universum k\u00edn\u00e1lat\u00e1ban! \ud83d\udecd\ufe0f\" \/>\n<meta property=\"og:url\" content=\"https:\/\/fashionuniversum.com\/?product=olavoga-cozy-szett\" \/>\n<meta property=\"og:site_name\" content=\"Fashion Universum\" \/>\n<meta property=\"article:modified_time\" content=\"2026-03-10T07:56:26+00:00\" \/>\n<meta property=\"og:image\" content=\"https:\/\/fashionuniversum.com\/wp-content\/uploads\/2026\/01\/komplet-COZY-730-scaled-1.jpg\" \/>\n\t<meta property=\"og:image:width\" content=\"1920\" \/>\n\t<meta property=\"og:image:height\" content=\"2560\" \/>\n\t<meta property=\"og:image:type\" content=\"image\/jpeg\" \/>\n<meta name=\"twitter:card\" content=\"summary_large_image\" \/>\n<meta name=\"twitter:label1\" content=\"Becs\u00fclt olvas\u00e1si id\u0151\" \/>\n\t<meta name=\"twitter:data1\" content=\"2 perc\" \/>\n<script type=\"application\/ld+json\" class=\"yoast-schema-graph\">{\"@context\":\"https:\/\/schema.org\",\"@graph\":[{\"@type\":\"WebPage\",\"@id\":\"https:\/\/fashionuniversum.com\/?product=olavoga-cozy-szett\",\"url\":\"https:\/\/fashionuniversum.com\/?product=olavoga-cozy-szett\",\"name\":\"OlaVoga Cozy Szett | Fashion Universum\",\"isPartOf\":{\"@id\":\"https:\/\/fashionuniversum.com\/#website\"},\"primaryImageOfPage\":{\"@id\":\"https:\/\/fashionuniversum.com\/?product=olavoga-cozy-szett#primaryimage\"},\"image\":{\"@id\":\"https:\/\/fashionuniversum.com\/?product=olavoga-cozy-szett#primaryimage\"},\"thumbnailUrl\":\"https:\/\/fashionuniversum.com\/wp-content\/uploads\/2026\/01\/komplet-COZY-730-scaled-1.jpg\",\"datePublished\":\"2026-01-22T14:10:21+00:00\",\"dateModified\":\"2026-03-10T07:56:26+00:00\",\"description\":\"OLAVOGA COZY szett: pr\u00e9mium k\u00e9nyelem \u00e9s st\u00edlus egyben. \u2728 Puha, alakkiemel\u0151 k\u00f6t\u00f6tt anyag, ikonikus log\u00f3val. V\u00e1s\u00e1rold meg a Fashion Universum k\u00edn\u00e1lat\u00e1ban! \ud83d\udecd\ufe0f\",\"breadcrumb\":{\"@id\":\"https:\/\/fashionuniversum.com\/?product=olavoga-cozy-szett#breadcrumb\"},\"inLanguage\":\"hu\",\"potentialAction\":[{\"@type\":\"ReadAction\",\"target\":[\"https:\/\/fashionuniversum.com\/?product=olavoga-cozy-szett\"]}]},{\"@type\":\"ImageObject\",\"inLanguage\":\"hu\",\"@id\":\"https:\/\/fashionuniversum.com\/?product=olavoga-cozy-szett#primaryimage\",\"url\":\"https:\/\/fashionuniversum.com\/wp-content\/uploads\/2026\/01\/komplet-COZY-730-scaled-1.jpg\",\"contentUrl\":\"https:\/\/fashionuniversum.com\/wp-content\/uploads\/2026\/01\/komplet-COZY-730-scaled-1.jpg\",\"width\":1920,\"height\":2560,\"caption\":\"OLAVOGA COZY szett\"},{\"@type\":\"BreadcrumbList\",\"@id\":\"https:\/\/fashionuniversum.com\/?product=olavoga-cozy-szett#breadcrumb\",\"itemListElement\":[{\"@type\":\"ListItem\",\"position\":1,\"name\":\"Kezd\u0151lap\",\"item\":\"https:\/\/fashionuniversum.com\/\"},{\"@type\":\"ListItem\",\"position\":2,\"name\":\"Kezd\u0151lap\",\"item\":\"https:\/\/fashionuniversum.com\/\"},{\"@type\":\"ListItem\",\"position\":3,\"name\":\"OLAVOGA COZY szett\"}]},{\"@type\":\"WebSite\",\"@id\":\"https:\/\/fashionuniversum.com\/#website\",\"url\":\"https:\/\/fashionuniversum.com\/\",\"name\":\"Fashion Universum\",\"description\":\"\",\"publisher\":{\"@id\":\"https:\/\/fashionuniversum.com\/#organization\"},\"potentialAction\":[{\"@type\":\"SearchAction\",\"target\":{\"@type\":\"EntryPoint\",\"urlTemplate\":\"https:\/\/fashionuniversum.com\/?s={search_term_string}\"},\"query-input\":{\"@type\":\"PropertyValueSpecification\",\"valueRequired\":true,\"valueName\":\"search_term_string\"}}],\"inLanguage\":\"hu\"},{\"@type\":\"Organization\",\"@id\":\"https:\/\/fashionuniversum.com\/#organization\",\"name\":\"Fashion Universum\",\"url\":\"https:\/\/fashionuniversum.com\/\",\"logo\":{\"@type\":\"ImageObject\",\"inLanguage\":\"hu\",\"@id\":\"https:\/\/fashionuniversum.com\/#\/schema\/logo\/image\/\",\"url\":\"https:\/\/fashionuniversum.com\/wp-content\/uploads\/2026\/02\/cropped-cropped-imaaage.jpg\",\"contentUrl\":\"https:\/\/fashionuniversum.com\/wp-content\/uploads\/2026\/02\/cropped-cropped-imaaage.jpg\",\"width\":1389,\"height\":285,\"caption\":\"Fashion Universum\"},\"image\":{\"@id\":\"https:\/\/fashionuniversum.com\/#\/schema\/logo\/image\/\"}}]}<\/script>\n<!-- \/ Yoast SEO plugin. -->","yoast_head_json":{"title":"OlaVoga Cozy Szett | Fashion Universum","description":"OLAVOGA COZY szett: pr\u00e9mium k\u00e9nyelem \u00e9s st\u00edlus egyben. \u2728 Puha, alakkiemel\u0151 k\u00f6t\u00f6tt anyag, ikonikus log\u00f3val. V\u00e1s\u00e1rold meg a Fashion Universum k\u00edn\u00e1lat\u00e1ban! \ud83d\udecd\ufe0f","robots":{"index":"index","follow":"follow","max-snippet":"max-snippet:-1","max-image-preview":"max-image-preview:large","max-video-preview":"max-video-preview:-1"},"canonical":"https:\/\/fashionuniversum.com\/?product=olavoga-cozy-szett","og_locale":"hu_HU","og_type":"article","og_title":"OlaVoga Cozy Szett | Fashion Universum","og_description":"OLAVOGA COZY szett: pr\u00e9mium k\u00e9nyelem \u00e9s st\u00edlus egyben. \u2728 Puha, alakkiemel\u0151 k\u00f6t\u00f6tt anyag, ikonikus log\u00f3val. V\u00e1s\u00e1rold meg a Fashion Universum k\u00edn\u00e1lat\u00e1ban! \ud83d\udecd\ufe0f","og_url":"https:\/\/fashionuniversum.com\/?product=olavoga-cozy-szett","og_site_name":"Fashion Universum","article_modified_time":"2026-03-10T07:56:26+00:00","og_image":[{"width":1920,"height":2560,"url":"https:\/\/fashionuniversum.com\/wp-content\/uploads\/2026\/01\/komplet-COZY-730-scaled-1.jpg","type":"image\/jpeg"}],"twitter_card":"summary_large_image","twitter_misc":{"Becs\u00fclt olvas\u00e1si id\u0151":"2 perc"},"schema":{"@context":"https:\/\/schema.org","@graph":[{"@type":"WebPage","@id":"https:\/\/fashionuniversum.com\/?product=olavoga-cozy-szett","url":"https:\/\/fashionuniversum.com\/?product=olavoga-cozy-szett","name":"OlaVoga Cozy Szett | Fashion Universum","isPartOf":{"@id":"https:\/\/fashionuniversum.com\/#website"},"primaryImageOfPage":{"@id":"https:\/\/fashionuniversum.com\/?product=olavoga-cozy-szett#primaryimage"},"image":{"@id":"https:\/\/fashionuniversum.com\/?product=olavoga-cozy-szett#primaryimage"},"thumbnailUrl":"https:\/\/fashionuniversum.com\/wp-content\/uploads\/2026\/01\/komplet-COZY-730-scaled-1.jpg","datePublished":"2026-01-22T14:10:21+00:00","dateModified":"2026-03-10T07:56:26+00:00","description":"OLAVOGA COZY szett: pr\u00e9mium k\u00e9nyelem \u00e9s st\u00edlus egyben. \u2728 Puha, alakkiemel\u0151 k\u00f6t\u00f6tt anyag, ikonikus log\u00f3val. V\u00e1s\u00e1rold meg a Fashion Universum k\u00edn\u00e1lat\u00e1ban! \ud83d\udecd\ufe0f","breadcrumb":{"@id":"https:\/\/fashionuniversum.com\/?product=olavoga-cozy-szett#breadcrumb"},"inLanguage":"hu","potentialAction":[{"@type":"ReadAction","target":["https:\/\/fashionuniversum.com\/?product=olavoga-cozy-szett"]}]},{"@type":"ImageObject","inLanguage":"hu","@id":"https:\/\/fashionuniversum.com\/?product=olavoga-cozy-szett#primaryimage","url":"https:\/\/fashionuniversum.com\/wp-content\/uploads\/2026\/01\/komplet-COZY-730-scaled-1.jpg","contentUrl":"https:\/\/fashionuniversum.com\/wp-content\/uploads\/2026\/01\/komplet-COZY-730-scaled-1.jpg","width":1920,"height":2560,"caption":"OLAVOGA COZY szett"},{"@type":"BreadcrumbList","@id":"https:\/\/fashionuniversum.com\/?product=olavoga-cozy-szett#breadcrumb","itemListElement":[{"@type":"ListItem","position":1,"name":"Kezd\u0151lap","item":"https:\/\/fashionuniversum.com\/"},{"@type":"ListItem","position":2,"name":"Kezd\u0151lap","item":"https:\/\/fashionuniversum.com\/"},{"@type":"ListItem","position":3,"name":"OLAVOGA COZY szett"}]},{"@type":"WebSite","@id":"https:\/\/fashionuniversum.com\/#website","url":"https:\/\/fashionuniversum.com\/","name":"Fashion Universum","description":"","publisher":{"@id":"https:\/\/fashionuniversum.com\/#organization"},"potentialAction":[{"@type":"SearchAction","target":{"@type":"EntryPoint","urlTemplate":"https:\/\/fashionuniversum.com\/?s={search_term_string}"},"query-input":{"@type":"PropertyValueSpecification","valueRequired":true,"valueName":"search_term_string"}}],"inLanguage":"hu"},{"@type":"Organization","@id":"https:\/\/fashionuniversum.com\/#organization","name":"Fashion Universum","url":"https:\/\/fashionuniversum.com\/","logo":{"@type":"ImageObject","inLanguage":"hu","@id":"https:\/\/fashionuniversum.com\/#\/schema\/logo\/image\/","url":"https:\/\/fashionuniversum.com\/wp-content\/uploads\/2026\/02\/cropped-cropped-imaaage.jpg","contentUrl":"https:\/\/fashionuniversum.com\/wp-content\/uploads\/2026\/02\/cropped-cropped-imaaage.jpg","width":1389,"height":285,"caption":"Fashion Universum"},"image":{"@id":"https:\/\/fashionuniversum.com\/#\/schema\/logo\/image\/"}}]}},"_links":{"self":[{"href":"https:\/\/fashionuniversum.com\/index.php?rest_route=\/wp\/v2\/product\/1916","targetHints":{"allow":["GET"]}}],"collection":[{"href":"https:\/\/fashionuniversum.com\/index.php?rest_route=\/wp\/v2\/product"}],"about":[{"href":"https:\/\/fashionuniversum.com\/index.php?rest_route=\/wp\/v2\/types\/product"}],"wp:featuredmedia":[{"embeddable":true,"href":"https:\/\/fashionuniversum.com\/index.php?rest_route=\/wp\/v2\/media\/1230"}],"wp:attachment":[{"href":"https:\/\/fashionuniversum.com\/index.php?rest_route=%2Fwp%2Fv2%2Fmedia&parent=1916"}],"wp:term":[{"taxonomy":"product_brand","embeddable":true,"href":"https:\/\/fashionuniversum.com\/index.php?rest_route=%2Fwp%2Fv2%2Fproduct_brand&post=1916"},{"taxonomy":"product_cat","embeddable":true,"href":"https:\/\/fashionuniversum.com\/index.php?rest_route=%2Fwp%2Fv2%2Fproduct_cat&post=1916"},{"taxonomy":"product_tag","embeddable":true,"href":"https:\/\/fashionuniversum.com\/index.php?rest_route=%2Fwp%2Fv2%2Fproduct_tag&post=1916"}],"curies":[{"name":"wp","href":"https:\/\/api.w.org\/{rel}","templated":true}]}}