{"id":1910,"date":"2026-01-22T14:10:20","date_gmt":"2026-01-22T14:10:20","guid":{"rendered":"https:\/\/fashionuniversum.com\/?post_type=product&#038;p=1910"},"modified":"2026-03-25T11:01:32","modified_gmt":"2026-03-25T11:01:32","slug":"olavoga-skywire-fehernemu-also","status":"publish","type":"product","link":"https:\/\/fashionuniversum.com\/?product=olavoga-skywire-fehernemu-also","title":{"rendered":"OLAVOGA SKYWIRE tanga (3db)"},"content":{"rendered":"<div class=\"otQkpb\" role=\"heading\" aria-level=\"3\" data-animation-nesting=\"\" data-sfc-cp=\"\" data-sfc-cb=\"\" data-complete=\"true\" data-processed=\"true\" data-sae=\"\"><strong class=\"Yjhzub\" data-sfc-cb=\"\" data-complete=\"true\">OLAVOGA SKYWIRE tanga (3db)\u00a0\u2013 Sportos luxus a mindennapokban \ud83e\udd0d\u2728<\/strong><\/div>\n<div class=\"Y3BBE\" data-sfc-cp=\"\" data-sfc-cb=\"\" data-hveid=\"CAEIBBAA\" data-complete=\"true\" data-processed=\"true\">Keresed a t\u00f6k\u00e9letes k\u00e9nyelmet, ami k\u00f6zben elk\u00e9peszt\u0151en st\u00edlusos is? Az <strong class=\"Yjhzub\" data-sfc-cb=\"\" data-complete=\"true\" data-processed=\"true\">OLAVOGA SKYWIRE<\/strong> bugyi a Fashion Universum k\u00edn\u00e1lat\u00e1ban pont az a darab, amiben minden pillanatban magabiztosnak \u00e9rezheted magad!<\/div>\n<div class=\"Y3BBE\" data-sfc-cp=\"\" data-sfc-cb=\"\" data-hveid=\"CAEIBRAA\" data-processed=\"true\" data-complete=\"true\"><strong class=\"Yjhzub\" data-sfc-cb=\"\" data-complete=\"true\" data-processed=\"true\">Mi\u00e9rt ez lesz a kedvenced?<\/strong><\/div>\n<ul class=\"KsbFXc U6u95\" data-sfc-cb=\"\" data-complete=\"true\" data-processed=\"true\">\n<li class=\"dF3vjf\" data-sfc-cb=\"\" data-hveid=\"CAEIBhAA\" data-complete=\"true\" data-sae=\"\"><span class=\"T286Pc\" data-sfc-cp=\"\" data-sfc-cb=\"\" data-complete=\"true\"><strong class=\"Yjhzub\" data-sfc-cb=\"\" data-complete=\"true\">Ikonikus gum\u00edrozott p\u00e1nt:<\/strong> A m\u00e1rka v\u00e9djegy\u00e9nek sz\u00e1m\u00edt\u00f3 SKYWIRE log\u00f3zott gum\u00edroz\u00e1s nemcsak d\u00f6g\u00f6s k\u00fcls\u0151t k\u00f6lcs\u00f6n\u00f6z, de t\u00f6k\u00e9letes tart\u00e1st is biztos\u00edt. \ud83c\udff7\ufe0f\ud83d\udd25<\/span><\/li>\n<li class=\"dF3vjf\" data-sfc-cb=\"\" data-hveid=\"CAEIBhAB\" data-complete=\"true\" data-sae=\"\"><span class=\"T286Pc\" data-sfc-cp=\"\" data-sfc-cb=\"\" data-complete=\"true\"><strong class=\"Yjhzub\" data-sfc-cb=\"\" data-complete=\"true\">Pr\u00e9mium k\u00e9nyelem:<\/strong> Magas min\u0151s\u00e9g\u0171, l\u00e9g\u00e1tereszt\u0151 anyagb\u00f3l k\u00e9sz\u00fclt, \u00edgy eg\u00e9sz napos viselet sor\u00e1n is puha marad a b\u0151r\u00f6d\u00f6n. \u2601\ufe0f<\/span><\/li>\n<li class=\"dF3vjf\" data-sfc-cb=\"\" data-hveid=\"CAEIBhAC\" data-complete=\"true\" data-sae=\"\"><span class=\"T286Pc\" data-sfc-cp=\"\" data-sfc-cb=\"\" data-complete=\"true\"><strong class=\"Yjhzub\" data-sfc-cb=\"\" data-complete=\"true\">Modern fazon:<\/strong> Kiemeli az alakot, \u00e9s a sportos-eleg\u00e1ns st\u00edlus\u00e1nak k\u00f6sz\u00f6nhet\u0151en t\u00f6k\u00e9letesen passzol b\u00e1rmilyen outfit al\u00e1.<\/span><\/li>\n<li class=\"dF3vjf\" data-sfc-cb=\"\" data-hveid=\"CAEIBhAD\" data-complete=\"true\" data-sae=\"\"><span class=\"T286Pc\" data-sfc-cp=\"\" data-sfc-cb=\"\" data-complete=\"true\"><strong class=\"Yjhzub\" data-sfc-cb=\"\" data-complete=\"true\">OLAVOGA min\u0151s\u00e9g:<\/strong> Tart\u00f3s anyaghaszn\u00e1lat, ami sokadik mos\u00e1s ut\u00e1n is meg\u0151rzi form\u00e1j\u00e1t \u00e9s a feliratok \u00e9ps\u00e9g\u00e9t.<\/span><\/li>\n<\/ul>\n<div class=\"Y3BBE\" data-sfc-cp=\"\" data-sfc-cb=\"\" data-hveid=\"CAEIBxAA\" data-complete=\"true\" data-processed=\"true\"><strong class=\"Yjhzub\" data-sfc-cb=\"\" data-complete=\"true\" data-processed=\"true\">R\u00e9szletek:<\/strong><\/div>\n<ul class=\"KsbFXc U6u95\" data-sfc-cb=\"\" data-complete=\"true\" data-processed=\"true\">\n<li class=\"dF3vjf\" data-sfc-cb=\"\" data-hveid=\"CAEICBAA\" data-complete=\"true\" data-sae=\"\"><span class=\"T286Pc\" data-sfc-cp=\"\" data-sfc-cb=\"\" data-complete=\"true\"><strong class=\"Yjhzub\" data-sfc-cb=\"\" data-complete=\"true\">T\u00edpus:<\/strong> Log\u00f3zott p\u00e1ntos n\u0151i als\u00f3<\/span><\/li>\n<li class=\"dF3vjf\" data-sfc-cb=\"\" data-hveid=\"CAEICBAB\" data-complete=\"true\" data-sae=\"\"><span class=\"T286Pc\" data-sfc-cp=\"\" data-sfc-cb=\"\" data-complete=\"true\"><strong class=\"Yjhzub\" data-sfc-cb=\"\" data-complete=\"true\">St\u00edlus:<\/strong> Sportosan szexi<\/span><\/li>\n<li class=\"dF3vjf\" data-sfc-cb=\"\" data-hveid=\"CAEICBAC\" data-complete=\"true\" data-sae=\"\"><span class=\"T286Pc\" data-sfc-cp=\"\" data-sfc-cb=\"\" data-complete=\"true\"><strong class=\"Yjhzub\" data-sfc-cb=\"\" data-complete=\"true\">El\u00e9rhet\u0151 sz\u00ednek:<\/strong> H\u00f3feh\u00e9r (vagy a k\u00e9szlet szerint)<\/span><\/li>\n<\/ul>\n<div class=\"Y3BBE\" data-sfc-cp=\"\" data-sfc-cb=\"\" data-hveid=\"CAEICRAA\" data-complete=\"true\" data-processed=\"true\"><strong class=\"Yjhzub\" data-sfc-cb=\"\" data-complete=\"true\" data-processed=\"true\">Tedd k\u00fcl\u00f6nlegess\u00e9 a feh\u00e9rnem\u0171s fi\u00f3kod az OLAVOGA st\u00edlus\u00e1val! \ud83d\udecd\ufe0f\u2728<\/strong><\/div>\n<p><!--wood-1-->A modell 165 cm, \u00e9s S-es m\u00e9retet visel.<br \/>\nKlasszikus fazon\u00fa, string t\u00edpus\u00fa n\u0151i feh\u00e9rnem\u0171. Kiv\u00e1l\u00f3 min\u0151s\u00e9g\u0171, rugalmas pamutb\u00f3l k\u00e9sz\u00fclt, el\u00f6l log\u00f3zott felvarr\u00f3val d\u00edsz\u00edtve.<br \/>\nA term\u00e9k h\u00e1romdarabos kiszerel\u00e9sben kaphat\u00f3!<\/p>\n<p>Anyag\u00f6sszet\u00e9tel: 55% pamut, 37% poli\u00e9szter, 8% elaszt\u00e1n<br \/>\nM\u00e9rett\u00e1bl\u00e1zat (fektetve m\u00e9rve):<br \/>\nM\u00e9ret XS S M L<br \/>\nDer\u00e9kb\u0151s\u00e9g* 58 cm 60 cm 62 cm 64 cm<br \/>\nTeljes hossz 17 cm 18 cm 19 cm 20 cm<\/p>\n<p>* Az anyag kb. 30 cm-ig rugalmas.<\/p>\n<p>A ruh\u00e1kat fektetve m\u00e9rik, ez\u00e9rt az egyes m\u00e9retek elt\u00e9rhetnek +\/- 2 cm-rel.<\/p>\n","protected":false},"excerpt":{"rendered":"<p>OLAVOGA SKYWIRE tanga (3db)\u00a0\u2013 Sportos luxus a mindennapokban \ud83e\udd0d\u2728 Keresed a t\u00f6k\u00e9letes k\u00e9nyelmet, ami k\u00f6zben elk\u00e9peszt\u0151en st\u00edlusos is? Az OLAVOGA SKYWIRE bugyi a Fashion Universum &hellip; <\/p>\n","protected":false},"featured_media":1211,"template":"","meta":[],"product_brand":[78],"product_cat":[19,28,25,44],"product_tag":[],"class_list":{"0":"post-1910","1":"product","2":"type-product","3":"status-publish","4":"has-post-thumbnail","6":"product_brand-olavoga","7":"product_cat-markak","8":"product_cat-olavoga","9":"product_cat-noi-ruhazat-hu","10":"product_cat-kiegeszitok","12":"first","13":"instock","14":"shipping-taxable","15":"purchasable","16":"product-type-variable"},"yoast_head":"<!-- This site is optimized with the Yoast SEO plugin v26.7 - https:\/\/yoast.com\/wordpress\/plugins\/seo\/ -->\n<title>OLAVOGA SKYWIRE tanga 3db - legjobb \u00e1ron |FashionUniversum<\/title>\n<meta name=\"description\" content=\"OLAVOGA SKYWIRE tanga (3db) a Fashion Universum k\u00edn\u00e1lat\u00e1ban! \ud83e\udd0d Sportos luxus, log\u00f3zott p\u00e1nt \u00e9s pr\u00e9mium k\u00e9nyelem. Csapj le r\u00e1 a legjobb \u00e1ron! \u2728\ud83d\udecd\ufe0f\" \/>\n<meta name=\"robots\" content=\"index, follow, max-snippet:-1, max-image-preview:large, max-video-preview:-1\" \/>\n<link rel=\"canonical\" href=\"https:\/\/fashionuniversum.com\/?product=olavoga-skywire-fehernemu-also\" \/>\n<meta property=\"og:locale\" content=\"hu_HU\" \/>\n<meta property=\"og:type\" content=\"article\" \/>\n<meta property=\"og:title\" content=\"OLAVOGA SKYWIRE tanga 3db - legjobb \u00e1ron |FashionUniversum\" \/>\n<meta property=\"og:description\" content=\"OLAVOGA SKYWIRE tanga (3db) a Fashion Universum k\u00edn\u00e1lat\u00e1ban! \ud83e\udd0d Sportos luxus, log\u00f3zott p\u00e1nt \u00e9s pr\u00e9mium k\u00e9nyelem. Csapj le r\u00e1 a legjobb \u00e1ron! \u2728\ud83d\udecd\ufe0f\" \/>\n<meta property=\"og:url\" content=\"https:\/\/fashionuniversum.com\/?product=olavoga-skywire-fehernemu-also\" \/>\n<meta property=\"og:site_name\" content=\"Fashion Universum\" \/>\n<meta property=\"article:modified_time\" content=\"2026-03-25T11:01:32+00:00\" \/>\n<meta property=\"og:image\" content=\"https:\/\/fashionuniversum.com\/wp-content\/uploads\/2026\/01\/bielizna-SKYWIRE-093-scaled-1.jpg\" \/>\n\t<meta property=\"og:image:width\" content=\"1920\" \/>\n\t<meta property=\"og:image:height\" content=\"2560\" \/>\n\t<meta property=\"og:image:type\" content=\"image\/jpeg\" \/>\n<meta name=\"twitter:card\" content=\"summary_large_image\" \/>\n<meta name=\"twitter:label1\" content=\"Becs\u00fclt olvas\u00e1si id\u0151\" \/>\n\t<meta name=\"twitter:data1\" content=\"2 perc\" \/>\n<script type=\"application\/ld+json\" class=\"yoast-schema-graph\">{\"@context\":\"https:\/\/schema.org\",\"@graph\":[{\"@type\":\"WebPage\",\"@id\":\"https:\/\/fashionuniversum.com\/?product=olavoga-skywire-fehernemu-also\",\"url\":\"https:\/\/fashionuniversum.com\/?product=olavoga-skywire-fehernemu-also\",\"name\":\"OLAVOGA SKYWIRE tanga 3db - legjobb \u00e1ron |FashionUniversum\",\"isPartOf\":{\"@id\":\"https:\/\/fashionuniversum.com\/#website\"},\"primaryImageOfPage\":{\"@id\":\"https:\/\/fashionuniversum.com\/?product=olavoga-skywire-fehernemu-also#primaryimage\"},\"image\":{\"@id\":\"https:\/\/fashionuniversum.com\/?product=olavoga-skywire-fehernemu-also#primaryimage\"},\"thumbnailUrl\":\"https:\/\/fashionuniversum.com\/wp-content\/uploads\/2026\/01\/bielizna-SKYWIRE-093-scaled-1.jpg\",\"datePublished\":\"2026-01-22T14:10:20+00:00\",\"dateModified\":\"2026-03-25T11:01:32+00:00\",\"description\":\"OLAVOGA SKYWIRE tanga (3db) a Fashion Universum k\u00edn\u00e1lat\u00e1ban! \ud83e\udd0d Sportos luxus, log\u00f3zott p\u00e1nt \u00e9s pr\u00e9mium k\u00e9nyelem. Csapj le r\u00e1 a legjobb \u00e1ron! \u2728\ud83d\udecd\ufe0f\",\"breadcrumb\":{\"@id\":\"https:\/\/fashionuniversum.com\/?product=olavoga-skywire-fehernemu-also#breadcrumb\"},\"inLanguage\":\"hu\",\"potentialAction\":[{\"@type\":\"ReadAction\",\"target\":[\"https:\/\/fashionuniversum.com\/?product=olavoga-skywire-fehernemu-also\"]}]},{\"@type\":\"ImageObject\",\"inLanguage\":\"hu\",\"@id\":\"https:\/\/fashionuniversum.com\/?product=olavoga-skywire-fehernemu-also#primaryimage\",\"url\":\"https:\/\/fashionuniversum.com\/wp-content\/uploads\/2026\/01\/bielizna-SKYWIRE-093-scaled-1.jpg\",\"contentUrl\":\"https:\/\/fashionuniversum.com\/wp-content\/uploads\/2026\/01\/bielizna-SKYWIRE-093-scaled-1.jpg\",\"width\":1920,\"height\":2560,\"caption\":\"OLAVOGA SKYWIRE tanga (3db)\"},{\"@type\":\"BreadcrumbList\",\"@id\":\"https:\/\/fashionuniversum.com\/?product=olavoga-skywire-fehernemu-also#breadcrumb\",\"itemListElement\":[{\"@type\":\"ListItem\",\"position\":1,\"name\":\"Kezd\u0151lap\",\"item\":\"https:\/\/fashionuniversum.com\/\"},{\"@type\":\"ListItem\",\"position\":2,\"name\":\"Kezd\u0151lap\",\"item\":\"https:\/\/fashionuniversum.com\/\"},{\"@type\":\"ListItem\",\"position\":3,\"name\":\"OLAVOGA SKYWIRE tanga (3db)\"}]},{\"@type\":\"WebSite\",\"@id\":\"https:\/\/fashionuniversum.com\/#website\",\"url\":\"https:\/\/fashionuniversum.com\/\",\"name\":\"Fashion Universum\",\"description\":\"\",\"publisher\":{\"@id\":\"https:\/\/fashionuniversum.com\/#organization\"},\"potentialAction\":[{\"@type\":\"SearchAction\",\"target\":{\"@type\":\"EntryPoint\",\"urlTemplate\":\"https:\/\/fashionuniversum.com\/?s={search_term_string}\"},\"query-input\":{\"@type\":\"PropertyValueSpecification\",\"valueRequired\":true,\"valueName\":\"search_term_string\"}}],\"inLanguage\":\"hu\"},{\"@type\":\"Organization\",\"@id\":\"https:\/\/fashionuniversum.com\/#organization\",\"name\":\"Fashion Universum\",\"url\":\"https:\/\/fashionuniversum.com\/\",\"logo\":{\"@type\":\"ImageObject\",\"inLanguage\":\"hu\",\"@id\":\"https:\/\/fashionuniversum.com\/#\/schema\/logo\/image\/\",\"url\":\"https:\/\/fashionuniversum.com\/wp-content\/uploads\/2026\/02\/cropped-cropped-imaaage.jpg\",\"contentUrl\":\"https:\/\/fashionuniversum.com\/wp-content\/uploads\/2026\/02\/cropped-cropped-imaaage.jpg\",\"width\":1389,\"height\":285,\"caption\":\"Fashion Universum\"},\"image\":{\"@id\":\"https:\/\/fashionuniversum.com\/#\/schema\/logo\/image\/\"}}]}<\/script>\n<!-- \/ Yoast SEO plugin. -->","yoast_head_json":{"title":"OLAVOGA SKYWIRE tanga 3db - legjobb \u00e1ron |FashionUniversum","description":"OLAVOGA SKYWIRE tanga (3db) a Fashion Universum k\u00edn\u00e1lat\u00e1ban! \ud83e\udd0d Sportos luxus, log\u00f3zott p\u00e1nt \u00e9s pr\u00e9mium k\u00e9nyelem. Csapj le r\u00e1 a legjobb \u00e1ron! \u2728\ud83d\udecd\ufe0f","robots":{"index":"index","follow":"follow","max-snippet":"max-snippet:-1","max-image-preview":"max-image-preview:large","max-video-preview":"max-video-preview:-1"},"canonical":"https:\/\/fashionuniversum.com\/?product=olavoga-skywire-fehernemu-also","og_locale":"hu_HU","og_type":"article","og_title":"OLAVOGA SKYWIRE tanga 3db - legjobb \u00e1ron |FashionUniversum","og_description":"OLAVOGA SKYWIRE tanga (3db) a Fashion Universum k\u00edn\u00e1lat\u00e1ban! \ud83e\udd0d Sportos luxus, log\u00f3zott p\u00e1nt \u00e9s pr\u00e9mium k\u00e9nyelem. Csapj le r\u00e1 a legjobb \u00e1ron! \u2728\ud83d\udecd\ufe0f","og_url":"https:\/\/fashionuniversum.com\/?product=olavoga-skywire-fehernemu-also","og_site_name":"Fashion Universum","article_modified_time":"2026-03-25T11:01:32+00:00","og_image":[{"width":1920,"height":2560,"url":"https:\/\/fashionuniversum.com\/wp-content\/uploads\/2026\/01\/bielizna-SKYWIRE-093-scaled-1.jpg","type":"image\/jpeg"}],"twitter_card":"summary_large_image","twitter_misc":{"Becs\u00fclt olvas\u00e1si id\u0151":"2 perc"},"schema":{"@context":"https:\/\/schema.org","@graph":[{"@type":"WebPage","@id":"https:\/\/fashionuniversum.com\/?product=olavoga-skywire-fehernemu-also","url":"https:\/\/fashionuniversum.com\/?product=olavoga-skywire-fehernemu-also","name":"OLAVOGA SKYWIRE tanga 3db - legjobb \u00e1ron |FashionUniversum","isPartOf":{"@id":"https:\/\/fashionuniversum.com\/#website"},"primaryImageOfPage":{"@id":"https:\/\/fashionuniversum.com\/?product=olavoga-skywire-fehernemu-also#primaryimage"},"image":{"@id":"https:\/\/fashionuniversum.com\/?product=olavoga-skywire-fehernemu-also#primaryimage"},"thumbnailUrl":"https:\/\/fashionuniversum.com\/wp-content\/uploads\/2026\/01\/bielizna-SKYWIRE-093-scaled-1.jpg","datePublished":"2026-01-22T14:10:20+00:00","dateModified":"2026-03-25T11:01:32+00:00","description":"OLAVOGA SKYWIRE tanga (3db) a Fashion Universum k\u00edn\u00e1lat\u00e1ban! \ud83e\udd0d Sportos luxus, log\u00f3zott p\u00e1nt \u00e9s pr\u00e9mium k\u00e9nyelem. Csapj le r\u00e1 a legjobb \u00e1ron! \u2728\ud83d\udecd\ufe0f","breadcrumb":{"@id":"https:\/\/fashionuniversum.com\/?product=olavoga-skywire-fehernemu-also#breadcrumb"},"inLanguage":"hu","potentialAction":[{"@type":"ReadAction","target":["https:\/\/fashionuniversum.com\/?product=olavoga-skywire-fehernemu-also"]}]},{"@type":"ImageObject","inLanguage":"hu","@id":"https:\/\/fashionuniversum.com\/?product=olavoga-skywire-fehernemu-also#primaryimage","url":"https:\/\/fashionuniversum.com\/wp-content\/uploads\/2026\/01\/bielizna-SKYWIRE-093-scaled-1.jpg","contentUrl":"https:\/\/fashionuniversum.com\/wp-content\/uploads\/2026\/01\/bielizna-SKYWIRE-093-scaled-1.jpg","width":1920,"height":2560,"caption":"OLAVOGA SKYWIRE tanga (3db)"},{"@type":"BreadcrumbList","@id":"https:\/\/fashionuniversum.com\/?product=olavoga-skywire-fehernemu-also#breadcrumb","itemListElement":[{"@type":"ListItem","position":1,"name":"Kezd\u0151lap","item":"https:\/\/fashionuniversum.com\/"},{"@type":"ListItem","position":2,"name":"Kezd\u0151lap","item":"https:\/\/fashionuniversum.com\/"},{"@type":"ListItem","position":3,"name":"OLAVOGA SKYWIRE tanga (3db)"}]},{"@type":"WebSite","@id":"https:\/\/fashionuniversum.com\/#website","url":"https:\/\/fashionuniversum.com\/","name":"Fashion Universum","description":"","publisher":{"@id":"https:\/\/fashionuniversum.com\/#organization"},"potentialAction":[{"@type":"SearchAction","target":{"@type":"EntryPoint","urlTemplate":"https:\/\/fashionuniversum.com\/?s={search_term_string}"},"query-input":{"@type":"PropertyValueSpecification","valueRequired":true,"valueName":"search_term_string"}}],"inLanguage":"hu"},{"@type":"Organization","@id":"https:\/\/fashionuniversum.com\/#organization","name":"Fashion Universum","url":"https:\/\/fashionuniversum.com\/","logo":{"@type":"ImageObject","inLanguage":"hu","@id":"https:\/\/fashionuniversum.com\/#\/schema\/logo\/image\/","url":"https:\/\/fashionuniversum.com\/wp-content\/uploads\/2026\/02\/cropped-cropped-imaaage.jpg","contentUrl":"https:\/\/fashionuniversum.com\/wp-content\/uploads\/2026\/02\/cropped-cropped-imaaage.jpg","width":1389,"height":285,"caption":"Fashion Universum"},"image":{"@id":"https:\/\/fashionuniversum.com\/#\/schema\/logo\/image\/"}}]}},"_links":{"self":[{"href":"https:\/\/fashionuniversum.com\/index.php?rest_route=\/wp\/v2\/product\/1910","targetHints":{"allow":["GET"]}}],"collection":[{"href":"https:\/\/fashionuniversum.com\/index.php?rest_route=\/wp\/v2\/product"}],"about":[{"href":"https:\/\/fashionuniversum.com\/index.php?rest_route=\/wp\/v2\/types\/product"}],"wp:featuredmedia":[{"embeddable":true,"href":"https:\/\/fashionuniversum.com\/index.php?rest_route=\/wp\/v2\/media\/1211"}],"wp:attachment":[{"href":"https:\/\/fashionuniversum.com\/index.php?rest_route=%2Fwp%2Fv2%2Fmedia&parent=1910"}],"wp:term":[{"taxonomy":"product_brand","embeddable":true,"href":"https:\/\/fashionuniversum.com\/index.php?rest_route=%2Fwp%2Fv2%2Fproduct_brand&post=1910"},{"taxonomy":"product_cat","embeddable":true,"href":"https:\/\/fashionuniversum.com\/index.php?rest_route=%2Fwp%2Fv2%2Fproduct_cat&post=1910"},{"taxonomy":"product_tag","embeddable":true,"href":"https:\/\/fashionuniversum.com\/index.php?rest_route=%2Fwp%2Fv2%2Fproduct_tag&post=1910"}],"curies":[{"name":"wp","href":"https:\/\/api.w.org\/{rel}","templated":true}]}}