{"id":1903,"date":"2026-01-22T14:10:20","date_gmt":"2026-01-22T14:10:20","guid":{"rendered":"https:\/\/fashionuniversum.com\/?post_type=product&#038;p=1903"},"modified":"2026-03-04T09:53:59","modified_gmt":"2026-03-04T09:53:59","slug":"olavoga-cuba-libre-szett","status":"publish","type":"product","link":"https:\/\/fashionuniversum.com\/?product=olavoga-cuba-libre-szett","title":{"rendered":"OLAVOGA CUBA LIBRE szett"},"content":{"rendered":"<p>OLAVOGA CUBA LIBRE szett<\/p>\n<p><!--wood-1-->A modell 165 cm, \u00e9s S-es m\u00e9retet visel.<\/p>\n<p>Ny\u00e1ri, casual st\u00edlus\u00fa szett, amely kiv\u00e1l\u00f3 min\u0151s\u00e9g\u0171, l\u00e9g\u00e1tereszt\u0151 \u00e9s rugalmas anyagb\u00f3l k\u00e9sz\u00fclt.<br \/>\nFels\u0151: hossz\u00fa ujj\u00fa bl\u00faz, amelynek ujjai lefel\u00e9 b\u0151v\u00fclnek. Sz\u00e9les kiv\u00e1g\u00e1ssal \u00e9s el\u00f6l elhelyezett, minimalista log\u00f3zott felvarr\u00f3val.<br \/>\nAls\u00f3: klasszikus r\u00f6vidnadr\u00e1g, der\u00e9kban h\u00faz\u00f3zsin\u00f3rral \u00e1ll\u00edthat\u00f3. Az el\u00fcls\u0151 r\u00e9szen szint\u00e9n log\u00f3zott felvarr\u00f3 d\u00edsz\u00edti.<\/p>\n<p>Anyag\u00f6sszet\u00e9tel \u2013 fels\u0151: 50% rayon, 28% poli\u00e9szter, 22% nejlon<\/p>\n<p>Fels\u0151 \u2013 M\u00e9rett\u00e1bl\u00e1zat (fektetve m\u00e9rve):<br \/>\nM\u00e9ret S M<br \/>\nMellb\u0151s\u00e9g* 100 cm 102 cm<br \/>\nK\u00fcls\u0151 ujjhossz 41 cm 42 cm<br \/>\nBels\u0151 ujjhossz 35 cm 36 cm<br \/>\nTeljes hossz 40 cm 41 cm<\/p>\n<p>Anyag\u00f6sszet\u00e9tel \u2013 als\u00f3: 50% rayon, 28% poli\u00e9szter, 22% nejlon<\/p>\n<p>Als\u00f3 \u2013 M\u00e9rett\u00e1bl\u00e1zat (fektetve m\u00e9rve):<br \/>\nM\u00e9ret S M<br \/>\nDer\u00e9kb\u0151s\u00e9g* 102 cm 104 cm<br \/>\nCs\u00edp\u0151b\u0151s\u00e9g* 104 cm 106 cm<br \/>\nK\u00fcls\u0151 sz\u00e1rhossz 30 cm 31 cm<br \/>\nBels\u0151 sz\u00e1rhossz 5 cm 6 cm<br \/>\nTeljes hossz 32 cm 33 cm<br \/>\n\u00dclepmagass\u00e1g 30 cm 31 cm<\/p>\n<p>* Az anyag mellr\u00e9szn\u00e9l kb. 50 cm-ig, der\u00e9kban kb. 25 cm-ig, cs\u00edp\u0151ben kb. 40 cm-ig rugalmas.<\/p>\n<p>A ruh\u00e1kat fektetve m\u00e9rik, ez\u00e9rt az egyes m\u00e9retek elt\u00e9rhetnek +\/- 2 cm-rel<\/p>\n","protected":false},"excerpt":{"rendered":"<p>OLAVOGA CUBA LIBRE szett A modell 165 cm, \u00e9s S-es m\u00e9retet visel. Ny\u00e1ri, casual st\u00edlus\u00fa szett, amely kiv\u00e1l\u00f3 min\u0151s\u00e9g\u0171, l\u00e9g\u00e1tereszt\u0151 \u00e9s rugalmas anyagb\u00f3l k\u00e9sz\u00fclt. Fels\u0151: &hellip; <\/p>\n","protected":false},"featured_media":1181,"template":"","meta":[],"product_brand":[78],"product_cat":[16,19,28,25,26],"product_tag":[],"class_list":{"0":"post-1903","1":"product","2":"type-product","3":"status-publish","4":"has-post-thumbnail","6":"product_brand-olavoga","7":"product_cat-akcios-termekek","8":"product_cat-markak","9":"product_cat-olavoga","10":"product_cat-noi-ruhazat-hu","11":"product_cat-szettek","13":"first","14":"instock","15":"sale","16":"shipping-taxable","17":"purchasable","18":"product-type-variable"},"yoast_head":"<!-- This site is optimized with the Yoast SEO plugin v26.7 - https:\/\/yoast.com\/wordpress\/plugins\/seo\/ -->\n<title>OLAVOGA CUBA LIBRE szett - Fashion Universum<\/title>\n<meta name=\"description\" content=\"Az OLAVOGA CUBA LIBRE szett ny\u00e1ri, casual st\u00edlus\u00fa szett, amely kiv\u00e1l\u00f3 min\u0151s\u00e9g\u0171, l\u00e9g\u00e1tereszt\u0151 \u00e9s rugalmas anyagb\u00f3l k\u00e9sz\u00fclt.\" \/>\n<meta name=\"robots\" content=\"index, follow, max-snippet:-1, max-image-preview:large, max-video-preview:-1\" \/>\n<link rel=\"canonical\" href=\"https:\/\/fashionuniversum.com\/?product=olavoga-cuba-libre-szett\" \/>\n<meta property=\"og:locale\" content=\"hu_HU\" \/>\n<meta property=\"og:type\" content=\"article\" \/>\n<meta property=\"og:title\" content=\"OLAVOGA CUBA LIBRE szett - Fashion Universum\" \/>\n<meta property=\"og:description\" content=\"Az OLAVOGA CUBA LIBRE szett ny\u00e1ri, casual st\u00edlus\u00fa szett, amely kiv\u00e1l\u00f3 min\u0151s\u00e9g\u0171, l\u00e9g\u00e1tereszt\u0151 \u00e9s rugalmas anyagb\u00f3l k\u00e9sz\u00fclt.\" \/>\n<meta property=\"og:url\" content=\"https:\/\/fashionuniversum.com\/?product=olavoga-cuba-libre-szett\" \/>\n<meta property=\"og:site_name\" content=\"Fashion Universum\" \/>\n<meta property=\"article:modified_time\" content=\"2026-03-04T09:53:59+00:00\" \/>\n<meta property=\"og:image\" content=\"https:\/\/fashionuniversum.com\/wp-content\/uploads\/2026\/01\/komplet-CUBA-LIBRE-020-scaled-1.jpg\" \/>\n\t<meta property=\"og:image:width\" content=\"1920\" \/>\n\t<meta property=\"og:image:height\" content=\"2560\" \/>\n\t<meta property=\"og:image:type\" content=\"image\/jpeg\" \/>\n<meta name=\"twitter:card\" content=\"summary_large_image\" \/>\n<meta name=\"twitter:label1\" content=\"Becs\u00fclt olvas\u00e1si id\u0151\" \/>\n\t<meta name=\"twitter:data1\" content=\"2 perc\" \/>\n<script type=\"application\/ld+json\" class=\"yoast-schema-graph\">{\"@context\":\"https:\/\/schema.org\",\"@graph\":[{\"@type\":\"WebPage\",\"@id\":\"https:\/\/fashionuniversum.com\/?product=olavoga-cuba-libre-szett\",\"url\":\"https:\/\/fashionuniversum.com\/?product=olavoga-cuba-libre-szett\",\"name\":\"OLAVOGA CUBA LIBRE szett - Fashion Universum\",\"isPartOf\":{\"@id\":\"https:\/\/fashionuniversum.com\/#website\"},\"primaryImageOfPage\":{\"@id\":\"https:\/\/fashionuniversum.com\/?product=olavoga-cuba-libre-szett#primaryimage\"},\"image\":{\"@id\":\"https:\/\/fashionuniversum.com\/?product=olavoga-cuba-libre-szett#primaryimage\"},\"thumbnailUrl\":\"https:\/\/fashionuniversum.com\/wp-content\/uploads\/2026\/01\/komplet-CUBA-LIBRE-020-scaled-1.jpg\",\"datePublished\":\"2026-01-22T14:10:20+00:00\",\"dateModified\":\"2026-03-04T09:53:59+00:00\",\"description\":\"Az OLAVOGA CUBA LIBRE szett ny\u00e1ri, casual st\u00edlus\u00fa szett, amely kiv\u00e1l\u00f3 min\u0151s\u00e9g\u0171, l\u00e9g\u00e1tereszt\u0151 \u00e9s rugalmas anyagb\u00f3l k\u00e9sz\u00fclt.\",\"breadcrumb\":{\"@id\":\"https:\/\/fashionuniversum.com\/?product=olavoga-cuba-libre-szett#breadcrumb\"},\"inLanguage\":\"hu\",\"potentialAction\":[{\"@type\":\"ReadAction\",\"target\":[\"https:\/\/fashionuniversum.com\/?product=olavoga-cuba-libre-szett\"]}]},{\"@type\":\"ImageObject\",\"inLanguage\":\"hu\",\"@id\":\"https:\/\/fashionuniversum.com\/?product=olavoga-cuba-libre-szett#primaryimage\",\"url\":\"https:\/\/fashionuniversum.com\/wp-content\/uploads\/2026\/01\/komplet-CUBA-LIBRE-020-scaled-1.jpg\",\"contentUrl\":\"https:\/\/fashionuniversum.com\/wp-content\/uploads\/2026\/01\/komplet-CUBA-LIBRE-020-scaled-1.jpg\",\"width\":1920,\"height\":2560,\"caption\":\"OLAVOGA CUBA LIBRE szett\"},{\"@type\":\"BreadcrumbList\",\"@id\":\"https:\/\/fashionuniversum.com\/?product=olavoga-cuba-libre-szett#breadcrumb\",\"itemListElement\":[{\"@type\":\"ListItem\",\"position\":1,\"name\":\"Kezd\u0151lap\",\"item\":\"https:\/\/fashionuniversum.com\/\"},{\"@type\":\"ListItem\",\"position\":2,\"name\":\"Kezd\u0151lap\",\"item\":\"https:\/\/fashionuniversum.com\/\"},{\"@type\":\"ListItem\",\"position\":3,\"name\":\"OLAVOGA CUBA LIBRE szett\"}]},{\"@type\":\"WebSite\",\"@id\":\"https:\/\/fashionuniversum.com\/#website\",\"url\":\"https:\/\/fashionuniversum.com\/\",\"name\":\"Fashion Universum\",\"description\":\"\",\"publisher\":{\"@id\":\"https:\/\/fashionuniversum.com\/#organization\"},\"potentialAction\":[{\"@type\":\"SearchAction\",\"target\":{\"@type\":\"EntryPoint\",\"urlTemplate\":\"https:\/\/fashionuniversum.com\/?s={search_term_string}\"},\"query-input\":{\"@type\":\"PropertyValueSpecification\",\"valueRequired\":true,\"valueName\":\"search_term_string\"}}],\"inLanguage\":\"hu\"},{\"@type\":\"Organization\",\"@id\":\"https:\/\/fashionuniversum.com\/#organization\",\"name\":\"Fashion Universum\",\"url\":\"https:\/\/fashionuniversum.com\/\",\"logo\":{\"@type\":\"ImageObject\",\"inLanguage\":\"hu\",\"@id\":\"https:\/\/fashionuniversum.com\/#\/schema\/logo\/image\/\",\"url\":\"https:\/\/fashionuniversum.com\/wp-content\/uploads\/2026\/02\/cropped-cropped-imaaage.jpg\",\"contentUrl\":\"https:\/\/fashionuniversum.com\/wp-content\/uploads\/2026\/02\/cropped-cropped-imaaage.jpg\",\"width\":1389,\"height\":285,\"caption\":\"Fashion Universum\"},\"image\":{\"@id\":\"https:\/\/fashionuniversum.com\/#\/schema\/logo\/image\/\"}}]}<\/script>\n<!-- \/ Yoast SEO plugin. -->","yoast_head_json":{"title":"OLAVOGA CUBA LIBRE szett - Fashion Universum","description":"Az OLAVOGA CUBA LIBRE szett ny\u00e1ri, casual st\u00edlus\u00fa szett, amely kiv\u00e1l\u00f3 min\u0151s\u00e9g\u0171, l\u00e9g\u00e1tereszt\u0151 \u00e9s rugalmas anyagb\u00f3l k\u00e9sz\u00fclt.","robots":{"index":"index","follow":"follow","max-snippet":"max-snippet:-1","max-image-preview":"max-image-preview:large","max-video-preview":"max-video-preview:-1"},"canonical":"https:\/\/fashionuniversum.com\/?product=olavoga-cuba-libre-szett","og_locale":"hu_HU","og_type":"article","og_title":"OLAVOGA CUBA LIBRE szett - Fashion Universum","og_description":"Az OLAVOGA CUBA LIBRE szett ny\u00e1ri, casual st\u00edlus\u00fa szett, amely kiv\u00e1l\u00f3 min\u0151s\u00e9g\u0171, l\u00e9g\u00e1tereszt\u0151 \u00e9s rugalmas anyagb\u00f3l k\u00e9sz\u00fclt.","og_url":"https:\/\/fashionuniversum.com\/?product=olavoga-cuba-libre-szett","og_site_name":"Fashion Universum","article_modified_time":"2026-03-04T09:53:59+00:00","og_image":[{"width":1920,"height":2560,"url":"https:\/\/fashionuniversum.com\/wp-content\/uploads\/2026\/01\/komplet-CUBA-LIBRE-020-scaled-1.jpg","type":"image\/jpeg"}],"twitter_card":"summary_large_image","twitter_misc":{"Becs\u00fclt olvas\u00e1si id\u0151":"2 perc"},"schema":{"@context":"https:\/\/schema.org","@graph":[{"@type":"WebPage","@id":"https:\/\/fashionuniversum.com\/?product=olavoga-cuba-libre-szett","url":"https:\/\/fashionuniversum.com\/?product=olavoga-cuba-libre-szett","name":"OLAVOGA CUBA LIBRE szett - Fashion Universum","isPartOf":{"@id":"https:\/\/fashionuniversum.com\/#website"},"primaryImageOfPage":{"@id":"https:\/\/fashionuniversum.com\/?product=olavoga-cuba-libre-szett#primaryimage"},"image":{"@id":"https:\/\/fashionuniversum.com\/?product=olavoga-cuba-libre-szett#primaryimage"},"thumbnailUrl":"https:\/\/fashionuniversum.com\/wp-content\/uploads\/2026\/01\/komplet-CUBA-LIBRE-020-scaled-1.jpg","datePublished":"2026-01-22T14:10:20+00:00","dateModified":"2026-03-04T09:53:59+00:00","description":"Az OLAVOGA CUBA LIBRE szett ny\u00e1ri, casual st\u00edlus\u00fa szett, amely kiv\u00e1l\u00f3 min\u0151s\u00e9g\u0171, l\u00e9g\u00e1tereszt\u0151 \u00e9s rugalmas anyagb\u00f3l k\u00e9sz\u00fclt.","breadcrumb":{"@id":"https:\/\/fashionuniversum.com\/?product=olavoga-cuba-libre-szett#breadcrumb"},"inLanguage":"hu","potentialAction":[{"@type":"ReadAction","target":["https:\/\/fashionuniversum.com\/?product=olavoga-cuba-libre-szett"]}]},{"@type":"ImageObject","inLanguage":"hu","@id":"https:\/\/fashionuniversum.com\/?product=olavoga-cuba-libre-szett#primaryimage","url":"https:\/\/fashionuniversum.com\/wp-content\/uploads\/2026\/01\/komplet-CUBA-LIBRE-020-scaled-1.jpg","contentUrl":"https:\/\/fashionuniversum.com\/wp-content\/uploads\/2026\/01\/komplet-CUBA-LIBRE-020-scaled-1.jpg","width":1920,"height":2560,"caption":"OLAVOGA CUBA LIBRE szett"},{"@type":"BreadcrumbList","@id":"https:\/\/fashionuniversum.com\/?product=olavoga-cuba-libre-szett#breadcrumb","itemListElement":[{"@type":"ListItem","position":1,"name":"Kezd\u0151lap","item":"https:\/\/fashionuniversum.com\/"},{"@type":"ListItem","position":2,"name":"Kezd\u0151lap","item":"https:\/\/fashionuniversum.com\/"},{"@type":"ListItem","position":3,"name":"OLAVOGA CUBA LIBRE szett"}]},{"@type":"WebSite","@id":"https:\/\/fashionuniversum.com\/#website","url":"https:\/\/fashionuniversum.com\/","name":"Fashion Universum","description":"","publisher":{"@id":"https:\/\/fashionuniversum.com\/#organization"},"potentialAction":[{"@type":"SearchAction","target":{"@type":"EntryPoint","urlTemplate":"https:\/\/fashionuniversum.com\/?s={search_term_string}"},"query-input":{"@type":"PropertyValueSpecification","valueRequired":true,"valueName":"search_term_string"}}],"inLanguage":"hu"},{"@type":"Organization","@id":"https:\/\/fashionuniversum.com\/#organization","name":"Fashion Universum","url":"https:\/\/fashionuniversum.com\/","logo":{"@type":"ImageObject","inLanguage":"hu","@id":"https:\/\/fashionuniversum.com\/#\/schema\/logo\/image\/","url":"https:\/\/fashionuniversum.com\/wp-content\/uploads\/2026\/02\/cropped-cropped-imaaage.jpg","contentUrl":"https:\/\/fashionuniversum.com\/wp-content\/uploads\/2026\/02\/cropped-cropped-imaaage.jpg","width":1389,"height":285,"caption":"Fashion Universum"},"image":{"@id":"https:\/\/fashionuniversum.com\/#\/schema\/logo\/image\/"}}]}},"_links":{"self":[{"href":"https:\/\/fashionuniversum.com\/index.php?rest_route=\/wp\/v2\/product\/1903","targetHints":{"allow":["GET"]}}],"collection":[{"href":"https:\/\/fashionuniversum.com\/index.php?rest_route=\/wp\/v2\/product"}],"about":[{"href":"https:\/\/fashionuniversum.com\/index.php?rest_route=\/wp\/v2\/types\/product"}],"wp:featuredmedia":[{"embeddable":true,"href":"https:\/\/fashionuniversum.com\/index.php?rest_route=\/wp\/v2\/media\/1181"}],"wp:attachment":[{"href":"https:\/\/fashionuniversum.com\/index.php?rest_route=%2Fwp%2Fv2%2Fmedia&parent=1903"}],"wp:term":[{"taxonomy":"product_brand","embeddable":true,"href":"https:\/\/fashionuniversum.com\/index.php?rest_route=%2Fwp%2Fv2%2Fproduct_brand&post=1903"},{"taxonomy":"product_cat","embeddable":true,"href":"https:\/\/fashionuniversum.com\/index.php?rest_route=%2Fwp%2Fv2%2Fproduct_cat&post=1903"},{"taxonomy":"product_tag","embeddable":true,"href":"https:\/\/fashionuniversum.com\/index.php?rest_route=%2Fwp%2Fv2%2Fproduct_tag&post=1903"}],"curies":[{"name":"wp","href":"https:\/\/api.w.org\/{rel}","templated":true}]}}