{"id":1884,"date":"2026-01-22T14:10:18","date_gmt":"2026-01-22T14:10:18","guid":{"rendered":"https:\/\/fashionuniversum.com\/?post_type=product&#038;p=1884"},"modified":"2026-04-17T09:00:32","modified_gmt":"2026-04-17T09:00:32","slug":"olavoga-reef-felso","status":"publish","type":"product","link":"https:\/\/fashionuniversum.com\/?product=olavoga-reef-felso","title":{"rendered":"OLAVOGA REEF fels\u0151"},"content":{"rendered":"<p>OLAVOGA REEF fels\u0151<\/p>\n<p><!--wood-1--><strong>A modell 165 cm, \u00e9s S-es m\u00e9retet visel.<\/strong><\/p>\n<p>Eleg\u00e1ns \u00e9s k\u00e9nyelmes <strong>ujjatlan top<\/strong>, amely <strong>magas min\u0151s\u00e9g\u0171, rugalmas anyagb\u00f3l<\/strong> k\u00e9sz\u00fclt, biztos\u00edtva a t\u00f6k\u00e9letes illeszked\u00e9st \u00e9s k\u00e9nyelmet.<\/p>\n<ul>\n<li><strong>L\u00e9g\u00e1tereszt\u0151, kellemes tapint\u00e1s\u00fa anyag<\/strong> viszk\u00f3z tartalommal, amely eg\u00e9sz napos komfortot ny\u00fajt.<\/li>\n<li><strong>Der\u00e9kr\u00e9szen log\u00f3zott gumip\u00e1nt<\/strong>, amely kiemeli a n\u0151ies sziluettet.<\/li>\n<li><strong>Letisztult, minimalista diz\u00e1jn<\/strong>, amely t\u00f6k\u00e9letesen kombin\u00e1lhat\u00f3 sportos \u00e9s eleg\u00e1ns szettekkel is.<\/li>\n<\/ul>\n<p><strong>\u00d6sszet\u00e9tel:<\/strong> 70% poli\u00e9szter, 26% viszk\u00f3z, 4% elaszt\u00e1n<\/p>\n<p><strong>M\u00e9ret:<\/strong> XS, S, M<\/p>\n<ul>\n<li><strong>Mellb\u0151s\u00e9g:<\/strong> XS &#8211; 64 cm (az anyag ak\u00e1r 20 cm-rel ny\u00falik), S &#8211; 66 cm (az anyag ak\u00e1r 20 cm-rel ny\u00falik), M &#8211; 68 cm (az anyag ak\u00e1r 20 cm-rel ny\u00falik)<\/li>\n<li><strong>Der\u00e9kb\u0151s\u00e9g:<\/strong> XS &#8211; 62 cm (az anyag ak\u00e1r 13 cm-rel ny\u00falik), S &#8211; 64 cm (az anyag ak\u00e1r 13 cm-rel ny\u00falik), M &#8211; 66 cm (az anyag ak\u00e1r 13 cm-rel ny\u00falik)<\/li>\n<li><strong>Teljes hossz:<\/strong> XS &#8211; 36 cm, S &#8211; 37 cm, M &#8211; 38 cm<\/li>\n<\/ul>\n<p>A ruhadarabokat <strong>fektetve m\u00e9rik<\/strong>, ez\u00e9rt az egyes m\u00e9retek elt\u00e9rhetnek \u00b12 cm-rel.<\/p>\n","protected":false},"excerpt":{"rendered":"<p>OLAVOGA REEF fels\u0151 A modell 165 cm, \u00e9s S-es m\u00e9retet visel. Eleg\u00e1ns \u00e9s k\u00e9nyelmes ujjatlan top, amely magas min\u0151s\u00e9g\u0171, rugalmas anyagb\u00f3l k\u00e9sz\u00fclt, biztos\u00edtva a t\u00f6k\u00e9letes &hellip; <\/p>\n","protected":false},"featured_media":1152,"template":"","meta":[],"product_brand":[78],"product_cat":[16,19,28,25,40],"product_tag":[],"class_list":{"0":"post-1884","1":"product","2":"type-product","3":"status-publish","4":"has-post-thumbnail","6":"product_brand-olavoga","7":"product_cat-akcios-termekek","8":"product_cat-markak","9":"product_cat-olavoga","10":"product_cat-noi-ruhazat-hu","11":"product_cat-felsok-body-k","13":"first","14":"outofstock","15":"sale","16":"shipping-taxable","17":"purchasable","18":"product-type-variable"},"yoast_head":"<!-- This site is optimized with the Yoast SEO plugin v26.7 - https:\/\/yoast.com\/wordpress\/plugins\/seo\/ -->\n<title>OLAVOGA REEF fels\u0151 - Fashion Universum<\/title>\n<meta name=\"description\" content=\"OLAVOGA REEF fels\u0151. Eleg\u00e1ns \u00e9s k\u00e9nyelmes ujjatlan top, amely magas min\u0151s\u00e9g\u0171, rugalmas anyagb\u00f3l k\u00e9sz\u00fclt, biztos\u00edtva a t\u00f6k\u00e9letes illeszked\u00e9st \u00e9s k\u00e9nyelmet.\" \/>\n<meta name=\"robots\" content=\"index, follow, max-snippet:-1, max-image-preview:large, max-video-preview:-1\" \/>\n<link rel=\"canonical\" href=\"https:\/\/fashionuniversum.com\/?product=olavoga-reef-felso\" \/>\n<meta property=\"og:locale\" content=\"hu_HU\" \/>\n<meta property=\"og:type\" content=\"article\" \/>\n<meta property=\"og:title\" content=\"OLAVOGA REEF fels\u0151 - Fashion Universum\" \/>\n<meta property=\"og:description\" content=\"OLAVOGA REEF fels\u0151. Eleg\u00e1ns \u00e9s k\u00e9nyelmes ujjatlan top, amely magas min\u0151s\u00e9g\u0171, rugalmas anyagb\u00f3l k\u00e9sz\u00fclt, biztos\u00edtva a t\u00f6k\u00e9letes illeszked\u00e9st \u00e9s k\u00e9nyelmet.\" \/>\n<meta property=\"og:url\" content=\"https:\/\/fashionuniversum.com\/?product=olavoga-reef-felso\" \/>\n<meta property=\"og:site_name\" content=\"Fashion Universum\" \/>\n<meta property=\"article:modified_time\" content=\"2026-04-17T09:00:32+00:00\" \/>\n<meta property=\"og:image\" content=\"https:\/\/fashionuniversum.com\/wp-content\/uploads\/2026\/01\/top-REEF-13-scaled-1.jpg\" \/>\n\t<meta property=\"og:image:width\" content=\"1920\" \/>\n\t<meta property=\"og:image:height\" content=\"2560\" \/>\n\t<meta property=\"og:image:type\" content=\"image\/jpeg\" \/>\n<meta name=\"twitter:card\" content=\"summary_large_image\" \/>\n<meta name=\"twitter:label1\" content=\"Becs\u00fclt olvas\u00e1si id\u0151\" \/>\n\t<meta name=\"twitter:data1\" content=\"2 perc\" \/>\n<script type=\"application\/ld+json\" class=\"yoast-schema-graph\">{\"@context\":\"https:\/\/schema.org\",\"@graph\":[{\"@type\":\"WebPage\",\"@id\":\"https:\/\/fashionuniversum.com\/?product=olavoga-reef-felso\",\"url\":\"https:\/\/fashionuniversum.com\/?product=olavoga-reef-felso\",\"name\":\"OLAVOGA REEF fels\u0151 - Fashion Universum\",\"isPartOf\":{\"@id\":\"https:\/\/fashionuniversum.com\/#website\"},\"primaryImageOfPage\":{\"@id\":\"https:\/\/fashionuniversum.com\/?product=olavoga-reef-felso#primaryimage\"},\"image\":{\"@id\":\"https:\/\/fashionuniversum.com\/?product=olavoga-reef-felso#primaryimage\"},\"thumbnailUrl\":\"https:\/\/fashionuniversum.com\/wp-content\/uploads\/2026\/01\/top-REEF-13-scaled-1.jpg\",\"datePublished\":\"2026-01-22T14:10:18+00:00\",\"dateModified\":\"2026-04-17T09:00:32+00:00\",\"description\":\"OLAVOGA REEF fels\u0151. Eleg\u00e1ns \u00e9s k\u00e9nyelmes ujjatlan top, amely magas min\u0151s\u00e9g\u0171, rugalmas anyagb\u00f3l k\u00e9sz\u00fclt, biztos\u00edtva a t\u00f6k\u00e9letes illeszked\u00e9st \u00e9s k\u00e9nyelmet.\",\"breadcrumb\":{\"@id\":\"https:\/\/fashionuniversum.com\/?product=olavoga-reef-felso#breadcrumb\"},\"inLanguage\":\"hu\",\"potentialAction\":[{\"@type\":\"ReadAction\",\"target\":[\"https:\/\/fashionuniversum.com\/?product=olavoga-reef-felso\"]}]},{\"@type\":\"ImageObject\",\"inLanguage\":\"hu\",\"@id\":\"https:\/\/fashionuniversum.com\/?product=olavoga-reef-felso#primaryimage\",\"url\":\"https:\/\/fashionuniversum.com\/wp-content\/uploads\/2026\/01\/top-REEF-13-scaled-1.jpg\",\"contentUrl\":\"https:\/\/fashionuniversum.com\/wp-content\/uploads\/2026\/01\/top-REEF-13-scaled-1.jpg\",\"width\":1920,\"height\":2560,\"caption\":\"OLAVOGA REEF fels\u0151\"},{\"@type\":\"BreadcrumbList\",\"@id\":\"https:\/\/fashionuniversum.com\/?product=olavoga-reef-felso#breadcrumb\",\"itemListElement\":[{\"@type\":\"ListItem\",\"position\":1,\"name\":\"Kezd\u0151lap\",\"item\":\"https:\/\/fashionuniversum.com\/\"},{\"@type\":\"ListItem\",\"position\":2,\"name\":\"Kezd\u0151lap\",\"item\":\"https:\/\/fashionuniversum.com\/\"},{\"@type\":\"ListItem\",\"position\":3,\"name\":\"OLAVOGA REEF fels\u0151\"}]},{\"@type\":\"WebSite\",\"@id\":\"https:\/\/fashionuniversum.com\/#website\",\"url\":\"https:\/\/fashionuniversum.com\/\",\"name\":\"Fashion Universum\",\"description\":\"\",\"publisher\":{\"@id\":\"https:\/\/fashionuniversum.com\/#organization\"},\"potentialAction\":[{\"@type\":\"SearchAction\",\"target\":{\"@type\":\"EntryPoint\",\"urlTemplate\":\"https:\/\/fashionuniversum.com\/?s={search_term_string}\"},\"query-input\":{\"@type\":\"PropertyValueSpecification\",\"valueRequired\":true,\"valueName\":\"search_term_string\"}}],\"inLanguage\":\"hu\"},{\"@type\":\"Organization\",\"@id\":\"https:\/\/fashionuniversum.com\/#organization\",\"name\":\"Fashion Universum\",\"url\":\"https:\/\/fashionuniversum.com\/\",\"logo\":{\"@type\":\"ImageObject\",\"inLanguage\":\"hu\",\"@id\":\"https:\/\/fashionuniversum.com\/#\/schema\/logo\/image\/\",\"url\":\"https:\/\/fashionuniversum.com\/wp-content\/uploads\/2026\/02\/cropped-cropped-imaaage.jpg\",\"contentUrl\":\"https:\/\/fashionuniversum.com\/wp-content\/uploads\/2026\/02\/cropped-cropped-imaaage.jpg\",\"width\":1389,\"height\":285,\"caption\":\"Fashion Universum\"},\"image\":{\"@id\":\"https:\/\/fashionuniversum.com\/#\/schema\/logo\/image\/\"}}]}<\/script>\n<!-- \/ Yoast SEO plugin. -->","yoast_head_json":{"title":"OLAVOGA REEF fels\u0151 - Fashion Universum","description":"OLAVOGA REEF fels\u0151. Eleg\u00e1ns \u00e9s k\u00e9nyelmes ujjatlan top, amely magas min\u0151s\u00e9g\u0171, rugalmas anyagb\u00f3l k\u00e9sz\u00fclt, biztos\u00edtva a t\u00f6k\u00e9letes illeszked\u00e9st \u00e9s k\u00e9nyelmet.","robots":{"index":"index","follow":"follow","max-snippet":"max-snippet:-1","max-image-preview":"max-image-preview:large","max-video-preview":"max-video-preview:-1"},"canonical":"https:\/\/fashionuniversum.com\/?product=olavoga-reef-felso","og_locale":"hu_HU","og_type":"article","og_title":"OLAVOGA REEF fels\u0151 - Fashion Universum","og_description":"OLAVOGA REEF fels\u0151. Eleg\u00e1ns \u00e9s k\u00e9nyelmes ujjatlan top, amely magas min\u0151s\u00e9g\u0171, rugalmas anyagb\u00f3l k\u00e9sz\u00fclt, biztos\u00edtva a t\u00f6k\u00e9letes illeszked\u00e9st \u00e9s k\u00e9nyelmet.","og_url":"https:\/\/fashionuniversum.com\/?product=olavoga-reef-felso","og_site_name":"Fashion Universum","article_modified_time":"2026-04-17T09:00:32+00:00","og_image":[{"width":1920,"height":2560,"url":"https:\/\/fashionuniversum.com\/wp-content\/uploads\/2026\/01\/top-REEF-13-scaled-1.jpg","type":"image\/jpeg"}],"twitter_card":"summary_large_image","twitter_misc":{"Becs\u00fclt olvas\u00e1si id\u0151":"2 perc"},"schema":{"@context":"https:\/\/schema.org","@graph":[{"@type":"WebPage","@id":"https:\/\/fashionuniversum.com\/?product=olavoga-reef-felso","url":"https:\/\/fashionuniversum.com\/?product=olavoga-reef-felso","name":"OLAVOGA REEF fels\u0151 - Fashion Universum","isPartOf":{"@id":"https:\/\/fashionuniversum.com\/#website"},"primaryImageOfPage":{"@id":"https:\/\/fashionuniversum.com\/?product=olavoga-reef-felso#primaryimage"},"image":{"@id":"https:\/\/fashionuniversum.com\/?product=olavoga-reef-felso#primaryimage"},"thumbnailUrl":"https:\/\/fashionuniversum.com\/wp-content\/uploads\/2026\/01\/top-REEF-13-scaled-1.jpg","datePublished":"2026-01-22T14:10:18+00:00","dateModified":"2026-04-17T09:00:32+00:00","description":"OLAVOGA REEF fels\u0151. Eleg\u00e1ns \u00e9s k\u00e9nyelmes ujjatlan top, amely magas min\u0151s\u00e9g\u0171, rugalmas anyagb\u00f3l k\u00e9sz\u00fclt, biztos\u00edtva a t\u00f6k\u00e9letes illeszked\u00e9st \u00e9s k\u00e9nyelmet.","breadcrumb":{"@id":"https:\/\/fashionuniversum.com\/?product=olavoga-reef-felso#breadcrumb"},"inLanguage":"hu","potentialAction":[{"@type":"ReadAction","target":["https:\/\/fashionuniversum.com\/?product=olavoga-reef-felso"]}]},{"@type":"ImageObject","inLanguage":"hu","@id":"https:\/\/fashionuniversum.com\/?product=olavoga-reef-felso#primaryimage","url":"https:\/\/fashionuniversum.com\/wp-content\/uploads\/2026\/01\/top-REEF-13-scaled-1.jpg","contentUrl":"https:\/\/fashionuniversum.com\/wp-content\/uploads\/2026\/01\/top-REEF-13-scaled-1.jpg","width":1920,"height":2560,"caption":"OLAVOGA REEF fels\u0151"},{"@type":"BreadcrumbList","@id":"https:\/\/fashionuniversum.com\/?product=olavoga-reef-felso#breadcrumb","itemListElement":[{"@type":"ListItem","position":1,"name":"Kezd\u0151lap","item":"https:\/\/fashionuniversum.com\/"},{"@type":"ListItem","position":2,"name":"Kezd\u0151lap","item":"https:\/\/fashionuniversum.com\/"},{"@type":"ListItem","position":3,"name":"OLAVOGA REEF fels\u0151"}]},{"@type":"WebSite","@id":"https:\/\/fashionuniversum.com\/#website","url":"https:\/\/fashionuniversum.com\/","name":"Fashion Universum","description":"","publisher":{"@id":"https:\/\/fashionuniversum.com\/#organization"},"potentialAction":[{"@type":"SearchAction","target":{"@type":"EntryPoint","urlTemplate":"https:\/\/fashionuniversum.com\/?s={search_term_string}"},"query-input":{"@type":"PropertyValueSpecification","valueRequired":true,"valueName":"search_term_string"}}],"inLanguage":"hu"},{"@type":"Organization","@id":"https:\/\/fashionuniversum.com\/#organization","name":"Fashion Universum","url":"https:\/\/fashionuniversum.com\/","logo":{"@type":"ImageObject","inLanguage":"hu","@id":"https:\/\/fashionuniversum.com\/#\/schema\/logo\/image\/","url":"https:\/\/fashionuniversum.com\/wp-content\/uploads\/2026\/02\/cropped-cropped-imaaage.jpg","contentUrl":"https:\/\/fashionuniversum.com\/wp-content\/uploads\/2026\/02\/cropped-cropped-imaaage.jpg","width":1389,"height":285,"caption":"Fashion Universum"},"image":{"@id":"https:\/\/fashionuniversum.com\/#\/schema\/logo\/image\/"}}]}},"_links":{"self":[{"href":"https:\/\/fashionuniversum.com\/index.php?rest_route=\/wp\/v2\/product\/1884","targetHints":{"allow":["GET"]}}],"collection":[{"href":"https:\/\/fashionuniversum.com\/index.php?rest_route=\/wp\/v2\/product"}],"about":[{"href":"https:\/\/fashionuniversum.com\/index.php?rest_route=\/wp\/v2\/types\/product"}],"wp:featuredmedia":[{"embeddable":true,"href":"https:\/\/fashionuniversum.com\/index.php?rest_route=\/wp\/v2\/media\/1152"}],"wp:attachment":[{"href":"https:\/\/fashionuniversum.com\/index.php?rest_route=%2Fwp%2Fv2%2Fmedia&parent=1884"}],"wp:term":[{"taxonomy":"product_brand","embeddable":true,"href":"https:\/\/fashionuniversum.com\/index.php?rest_route=%2Fwp%2Fv2%2Fproduct_brand&post=1884"},{"taxonomy":"product_cat","embeddable":true,"href":"https:\/\/fashionuniversum.com\/index.php?rest_route=%2Fwp%2Fv2%2Fproduct_cat&post=1884"},{"taxonomy":"product_tag","embeddable":true,"href":"https:\/\/fashionuniversum.com\/index.php?rest_route=%2Fwp%2Fv2%2Fproduct_tag&post=1884"}],"curies":[{"name":"wp","href":"https:\/\/api.w.org\/{rel}","templated":true}]}}