{"id":1881,"date":"2026-01-22T14:10:18","date_gmt":"2026-01-22T14:10:18","guid":{"rendered":"https:\/\/fashionuniversum.com\/?post_type=product&#038;p=1881"},"modified":"2026-03-14T18:59:36","modified_gmt":"2026-03-14T18:59:36","slug":"olavoga-sth-szett","status":"publish","type":"product","link":"https:\/\/fashionuniversum.com\/?product=olavoga-sth-szett","title":{"rendered":"OLAVOGA STH szett"},"content":{"rendered":"<div data-sn-op=\"2\" data-processed=\"true\">\n<div class=\"Y3BBE\" data-sfc-cp=\"\" data-sfc-cb=\"\" data-hveid=\"CAEIAxAA\" data-complete=\"true\" data-processed=\"true\">Az <strong class=\"Yjhzub\" data-sfc-cb=\"\" data-complete=\"true\" data-processed=\"true\">OLAVOGA STH szett<\/strong> a modern, nagyv\u00e1rosi n\u0151 alapdarabja, amely a sportos dinamizmust \u00f6tv\u00f6zi a luxus megjelen\u00e9ssel. Ez a k\u00e9tr\u00e9szes \u00f6ssze\u00e1ll\u00edt\u00e1s \u00fagy lett tervezve, hogy maxim\u00e1lis magabiztoss\u00e1got adjon a mindennapok sor\u00e1n, legyen sz\u00f3 \u00fcgyint\u00e9z\u00e9sr\u0151l vagy egy d\u00e9lut\u00e1ni k\u00e1v\u00e9z\u00e1sr\u00f3l.<\/div>\n<\/div>\n<div data-sn-op=\"2\" data-processed=\"true\">\n<div class=\"Y3BBE\" data-sfc-cp=\"\" data-sfc-cb=\"\" data-hveid=\"CAEIBBAA\" data-complete=\"true\" data-processed=\"true\"><strong class=\"Yjhzub\" data-sfc-cb=\"\" data-complete=\"true\" data-processed=\"true\">F\u0151bb jellemz\u0151k:<\/strong><\/div>\n<\/div>\n<div data-sn-op=\"2\" data-processed=\"true\">\n<ul class=\"KsbFXc U6u95\" data-sfc-cb=\"\" data-processed=\"true\" data-complete=\"true\">\n<li class=\"dF3vjf\" data-sfc-cb=\"\" data-hveid=\"CAEIBRAA\" data-complete=\"true\" data-sae=\"\"><span class=\"T286Pc\" data-sfc-cp=\"\" data-sfc-cb=\"\" data-complete=\"true\"><strong class=\"Yjhzub\" data-sfc-cb=\"\" data-complete=\"true\">Komplett megjelen\u00e9s:<\/strong> Az <strong class=\"Yjhzub\" data-sfc-cb=\"\" data-complete=\"true\">OLAVOGA STH szett<\/strong> egy t\u00f6k\u00e9letesen \u00f6sszehangolt fels\u0151b\u0151l \u00e9s nadr\u00e1gb\u00f3l \u00e1ll, \u00edgy nem kell a szettek p\u00e1ros\u00edt\u00e1s\u00e1val t\u00f6ltened az id\u0151t.<\/span><\/li>\n<li class=\"dF3vjf\" data-sfc-cb=\"\" data-hveid=\"CAEIBRAB\" data-sae=\"\" data-complete=\"true\"><span class=\"T286Pc\" data-sfc-cp=\"\" data-sfc-cb=\"\" data-complete=\"true\"><strong class=\"Yjhzub\" data-sfc-cb=\"\" data-complete=\"true\">Pr\u00e9mium anyagmin\u0151s\u00e9g:<\/strong> Extra puha, formatart\u00f3 pamutkever\u00e9k anyagb\u00f3l k\u00e9sz\u00fclt, amely finoman simul a testhez \u00e9s eg\u00e9sz napos k\u00e9nyelmet biztos\u00edt.<\/span><\/li>\n<li class=\"dF3vjf\" data-sfc-cb=\"\" data-hveid=\"CAEIBRAC\" data-complete=\"true\" data-processed=\"true\" data-sae=\"\"><span class=\"T286Pc\" data-sfc-cp=\"\" data-sfc-cb=\"\" data-complete=\"true\"><strong class=\"Yjhzub\" data-sfc-cb=\"\" data-complete=\"true\">Design &amp; R\u00e9szletek:<\/strong> A szettet az ikonikus, h\u00edmzett m\u00e1rkajelz\u00e9sek \u00e9s a prec\u00edz d\u00edsz\u00f6lt\u00e9sek teszik egyediv\u00e9, amelyek az Olavoga m\u00e1rk\u00e1ra jellemz\u0151 pr\u00e9mium sz\u00ednvonalat k\u00e9pviselik.<\/span><\/li>\n<li class=\"dF3vjf\" data-sfc-cb=\"\" data-hveid=\"CAEIBRAD\" data-complete=\"true\" data-processed=\"true\" data-sae=\"\"><span class=\"T286Pc\" data-sfc-cp=\"\" data-sfc-cb=\"\" data-complete=\"true\"><strong class=\"Yjhzub\" data-sfc-cb=\"\" data-complete=\"true\">Alakform\u00e1l\u00f3 szab\u00e1s:<\/strong> A nadr\u00e1g \u00e9s a fels\u0151 kialak\u00edt\u00e1sa is arra t\u00f6rekszik, hogy el\u0151ny\u00f6sen emelje ki az alakot, mik\u00f6zben szabad mozg\u00e1st enged.<\/span><\/li>\n<\/ul>\n<\/div>\n<div data-sn-op=\"2\" data-processed=\"true\">\n<div class=\"Y3BBE\" data-sfc-cp=\"\" data-sfc-cb=\"\" data-hveid=\"CAEIBhAA\" data-complete=\"true\" data-processed=\"true\">V\u00e1laszd az <strong class=\"Yjhzub\" data-sfc-cb=\"\" data-complete=\"true\" data-processed=\"true\">OLAVOGA STH szett<\/strong> k\u00e9nyelm\u00e9t \u00e9s l\u00e9gy st\u00edlusos er\u0151fesz\u00edt\u00e9s n\u00e9lk\u00fcl a <strong class=\"Yjhzub\" data-sfc-cb=\"\" data-complete=\"true\" data-processed=\"true\">Fashion Universum<\/strong> j\u00f3volt\u00e1b\u00f3l!<\/div>\n<\/div>\n<p><!--wood-1--><strong>A modell 165 cm, \u00e9s S-es m\u00e9retet visel.<\/strong><\/p>\n<p><strong>Casual szett<\/strong>, amely t\u00f6k\u00e9letes v\u00e1laszt\u00e1s <strong>k\u00e9nyelmes, sportosan eleg\u00e1ns megjelen\u00e9shez<\/strong>.<\/p>\n<ul>\n<li><strong>Fels\u0151<\/strong>: R\u00f6vid ujj\u00fa <strong>oversize pul\u00f3ver<\/strong>, amely <strong>holografikus hat\u00e1s\u00fa<\/strong> \u201eTHE ROYAL QUALITY 15\u201d felirattal \u00e9s <strong>OLAVOGA log\u00f3val<\/strong> van d\u00edsz\u00edtve az elej\u00e9n.<\/li>\n<li><strong>Als\u00f3<\/strong>: <strong>Magas derek\u00fa r\u00f6vidnadr\u00e1g<\/strong>, amely <strong>\u00e1ll\u00edthat\u00f3 der\u00e9kr\u00e9sszel<\/strong> \u00e9s praktikus <strong>oldalzsebekkel<\/strong> rendelkezik. Az elej\u00e9n <strong>minimalista m\u00e1rkajelz\u00e9s<\/strong> tal\u00e1lhat\u00f3.<\/li>\n<\/ul>\n<h4><strong>\u00d6sszet\u00e9tel<\/strong><\/h4>\n<p><strong>Fels\u0151:<\/strong> 80% pamut, 20% poli\u00e9szter<br \/>\n<strong>Als\u00f3:<\/strong> 80% pamut, 20% poli\u00e9szter<\/p>\n<h4><strong>M\u00e9ret:<\/strong> S, M<\/h4>\n<h4><strong>Fels\u0151 m\u00e9retek<\/strong><\/h4>\n<ul>\n<li><strong>Mellb\u0151s\u00e9g:<\/strong> S &#8211; 114 cm (az anyag ak\u00e1r 20 cm-rel ny\u00falik), M &#8211; 116 cm (az anyag ak\u00e1r 20 cm-rel ny\u00falik)<\/li>\n<li><strong>Ujjhossz (k\u00fcls\u0151):<\/strong> S &#8211; 19 cm, M &#8211; 20 cm<\/li>\n<li><strong>Ujjhossz (bels\u0151):<\/strong> S &#8211; 14 cm, M &#8211; 15 cm<\/li>\n<li><strong>Teljes hossz:<\/strong> S &#8211; 54 cm, M &#8211; 55 cm<\/li>\n<\/ul>\n<h4><strong>Als\u00f3 m\u00e9retek<\/strong><\/h4>\n<ul>\n<li><strong>Der\u00e9kb\u0151s\u00e9g:<\/strong> S &#8211; 64 cm (az anyag ak\u00e1r 16 cm-rel ny\u00falik), M &#8211; 65 cm (az anyag ak\u00e1r 16 cm-rel ny\u00falik)<\/li>\n<li><strong>Cs\u00edp\u0151b\u0151s\u00e9g:<\/strong> S &#8211; 110 cm (az anyag ak\u00e1r 17 cm-rel ny\u00falik), M &#8211; 112 cm (az anyag ak\u00e1r 17 cm-rel ny\u00falik)<\/li>\n<li><strong>K\u00fcls\u0151 sz\u00e1rhossz:<\/strong> S &#8211; 25 cm, M &#8211; 26 cm<\/li>\n<li><strong>Bels\u0151 sz\u00e1rhossz:<\/strong> S &#8211; 8 cm, M &#8211; 9 cm<\/li>\n<li><strong>Teljes hossz:<\/strong> S &#8211; 30 cm, M &#8211; 31 cm<\/li>\n<li><strong>\u00dclep hossza:<\/strong> S &#8211; 30 cm, M &#8211; 31 cm<\/li>\n<\/ul>\n<p>A ruhadarabot <strong>fektetve m\u00e9rik<\/strong>, ez\u00e9rt az egyes m\u00e9retek elt\u00e9rhetnek \u00b12 cm-rel.<\/p>\n","protected":false},"excerpt":{"rendered":"<p>Az OLAVOGA STH szett a modern, nagyv\u00e1rosi n\u0151 alapdarabja, amely a sportos dinamizmust \u00f6tv\u00f6zi a luxus megjelen\u00e9ssel. Ez a k\u00e9tr\u00e9szes \u00f6ssze\u00e1ll\u00edt\u00e1s \u00fagy lett tervezve, hogy &hellip; <\/p>\n","protected":false},"featured_media":1149,"template":"","meta":[],"product_brand":[78],"product_cat":[19,28,25,26],"product_tag":[],"class_list":{"0":"post-1881","1":"product","2":"type-product","3":"status-publish","4":"has-post-thumbnail","6":"product_brand-olavoga","7":"product_cat-markak","8":"product_cat-olavoga","9":"product_cat-noi-ruhazat-hu","10":"product_cat-szettek","12":"first","13":"instock","14":"sale","15":"shipping-taxable","16":"purchasable","17":"product-type-variable"},"yoast_head":"<!-- This site is optimized with the Yoast SEO plugin v26.7 - https:\/\/yoast.com\/wordpress\/plugins\/seo\/ -->\n<title>OLAVOGA STH szett \u2013 Fashion Universum divat<\/title>\n<meta name=\"description\" content=\"Rendeld meg az OLAVOGA STH szett modellt a Fashion Universum-n\u00e1l! \u2728 Pr\u00e9mium k\u00e9nyelem \u00e9s leny\u0171g\u00f6z\u0151 st\u00edlus egyetlen szettben. \ud83d\udecd\ufe0f\ud83d\udc96 Ne maradj le!\" \/>\n<meta name=\"robots\" content=\"index, follow, max-snippet:-1, max-image-preview:large, max-video-preview:-1\" \/>\n<link rel=\"canonical\" href=\"https:\/\/fashionuniversum.com\/?product=olavoga-sth-szett\" \/>\n<meta property=\"og:locale\" content=\"hu_HU\" \/>\n<meta property=\"og:type\" content=\"article\" \/>\n<meta property=\"og:title\" content=\"OLAVOGA STH szett \u2013 Fashion Universum divat\" \/>\n<meta property=\"og:description\" content=\"Rendeld meg az OLAVOGA STH szett modellt a Fashion Universum-n\u00e1l! \u2728 Pr\u00e9mium k\u00e9nyelem \u00e9s leny\u0171g\u00f6z\u0151 st\u00edlus egyetlen szettben. \ud83d\udecd\ufe0f\ud83d\udc96 Ne maradj le!\" \/>\n<meta property=\"og:url\" content=\"https:\/\/fashionuniversum.com\/?product=olavoga-sth-szett\" \/>\n<meta property=\"og:site_name\" content=\"Fashion Universum\" \/>\n<meta property=\"article:modified_time\" content=\"2026-03-14T18:59:36+00:00\" \/>\n<meta property=\"og:image\" content=\"https:\/\/fashionuniversum.com\/wp-content\/uploads\/2026\/01\/komplet-STH-705-scaled-1.jpg\" \/>\n\t<meta property=\"og:image:width\" content=\"1920\" \/>\n\t<meta property=\"og:image:height\" content=\"2560\" \/>\n\t<meta property=\"og:image:type\" content=\"image\/jpeg\" \/>\n<meta name=\"twitter:card\" content=\"summary_large_image\" \/>\n<meta name=\"twitter:label1\" content=\"Becs\u00fclt olvas\u00e1si id\u0151\" \/>\n\t<meta name=\"twitter:data1\" content=\"3 perc\" \/>\n<script type=\"application\/ld+json\" class=\"yoast-schema-graph\">{\"@context\":\"https:\/\/schema.org\",\"@graph\":[{\"@type\":\"WebPage\",\"@id\":\"https:\/\/fashionuniversum.com\/?product=olavoga-sth-szett\",\"url\":\"https:\/\/fashionuniversum.com\/?product=olavoga-sth-szett\",\"name\":\"OLAVOGA STH szett \u2013 Fashion Universum divat\",\"isPartOf\":{\"@id\":\"https:\/\/fashionuniversum.com\/#website\"},\"primaryImageOfPage\":{\"@id\":\"https:\/\/fashionuniversum.com\/?product=olavoga-sth-szett#primaryimage\"},\"image\":{\"@id\":\"https:\/\/fashionuniversum.com\/?product=olavoga-sth-szett#primaryimage\"},\"thumbnailUrl\":\"https:\/\/fashionuniversum.com\/wp-content\/uploads\/2026\/01\/komplet-STH-705-scaled-1.jpg\",\"datePublished\":\"2026-01-22T14:10:18+00:00\",\"dateModified\":\"2026-03-14T18:59:36+00:00\",\"description\":\"Rendeld meg az OLAVOGA STH szett modellt a Fashion Universum-n\u00e1l! \u2728 Pr\u00e9mium k\u00e9nyelem \u00e9s leny\u0171g\u00f6z\u0151 st\u00edlus egyetlen szettben. \ud83d\udecd\ufe0f\ud83d\udc96 Ne maradj le!\",\"breadcrumb\":{\"@id\":\"https:\/\/fashionuniversum.com\/?product=olavoga-sth-szett#breadcrumb\"},\"inLanguage\":\"hu\",\"potentialAction\":[{\"@type\":\"ReadAction\",\"target\":[\"https:\/\/fashionuniversum.com\/?product=olavoga-sth-szett\"]}]},{\"@type\":\"ImageObject\",\"inLanguage\":\"hu\",\"@id\":\"https:\/\/fashionuniversum.com\/?product=olavoga-sth-szett#primaryimage\",\"url\":\"https:\/\/fashionuniversum.com\/wp-content\/uploads\/2026\/01\/komplet-STH-705-scaled-1.jpg\",\"contentUrl\":\"https:\/\/fashionuniversum.com\/wp-content\/uploads\/2026\/01\/komplet-STH-705-scaled-1.jpg\",\"width\":1920,\"height\":2560,\"caption\":\"OLAVOGA STH szett\"},{\"@type\":\"BreadcrumbList\",\"@id\":\"https:\/\/fashionuniversum.com\/?product=olavoga-sth-szett#breadcrumb\",\"itemListElement\":[{\"@type\":\"ListItem\",\"position\":1,\"name\":\"Kezd\u0151lap\",\"item\":\"https:\/\/fashionuniversum.com\/\"},{\"@type\":\"ListItem\",\"position\":2,\"name\":\"Kezd\u0151lap\",\"item\":\"https:\/\/fashionuniversum.com\/\"},{\"@type\":\"ListItem\",\"position\":3,\"name\":\"OLAVOGA STH szett\"}]},{\"@type\":\"WebSite\",\"@id\":\"https:\/\/fashionuniversum.com\/#website\",\"url\":\"https:\/\/fashionuniversum.com\/\",\"name\":\"Fashion Universum\",\"description\":\"\",\"publisher\":{\"@id\":\"https:\/\/fashionuniversum.com\/#organization\"},\"potentialAction\":[{\"@type\":\"SearchAction\",\"target\":{\"@type\":\"EntryPoint\",\"urlTemplate\":\"https:\/\/fashionuniversum.com\/?s={search_term_string}\"},\"query-input\":{\"@type\":\"PropertyValueSpecification\",\"valueRequired\":true,\"valueName\":\"search_term_string\"}}],\"inLanguage\":\"hu\"},{\"@type\":\"Organization\",\"@id\":\"https:\/\/fashionuniversum.com\/#organization\",\"name\":\"Fashion Universum\",\"url\":\"https:\/\/fashionuniversum.com\/\",\"logo\":{\"@type\":\"ImageObject\",\"inLanguage\":\"hu\",\"@id\":\"https:\/\/fashionuniversum.com\/#\/schema\/logo\/image\/\",\"url\":\"https:\/\/fashionuniversum.com\/wp-content\/uploads\/2026\/02\/cropped-cropped-imaaage.jpg\",\"contentUrl\":\"https:\/\/fashionuniversum.com\/wp-content\/uploads\/2026\/02\/cropped-cropped-imaaage.jpg\",\"width\":1389,\"height\":285,\"caption\":\"Fashion Universum\"},\"image\":{\"@id\":\"https:\/\/fashionuniversum.com\/#\/schema\/logo\/image\/\"}}]}<\/script>\n<!-- \/ Yoast SEO plugin. -->","yoast_head_json":{"title":"OLAVOGA STH szett \u2013 Fashion Universum divat","description":"Rendeld meg az OLAVOGA STH szett modellt a Fashion Universum-n\u00e1l! \u2728 Pr\u00e9mium k\u00e9nyelem \u00e9s leny\u0171g\u00f6z\u0151 st\u00edlus egyetlen szettben. \ud83d\udecd\ufe0f\ud83d\udc96 Ne maradj le!","robots":{"index":"index","follow":"follow","max-snippet":"max-snippet:-1","max-image-preview":"max-image-preview:large","max-video-preview":"max-video-preview:-1"},"canonical":"https:\/\/fashionuniversum.com\/?product=olavoga-sth-szett","og_locale":"hu_HU","og_type":"article","og_title":"OLAVOGA STH szett \u2013 Fashion Universum divat","og_description":"Rendeld meg az OLAVOGA STH szett modellt a Fashion Universum-n\u00e1l! \u2728 Pr\u00e9mium k\u00e9nyelem \u00e9s leny\u0171g\u00f6z\u0151 st\u00edlus egyetlen szettben. \ud83d\udecd\ufe0f\ud83d\udc96 Ne maradj le!","og_url":"https:\/\/fashionuniversum.com\/?product=olavoga-sth-szett","og_site_name":"Fashion Universum","article_modified_time":"2026-03-14T18:59:36+00:00","og_image":[{"width":1920,"height":2560,"url":"https:\/\/fashionuniversum.com\/wp-content\/uploads\/2026\/01\/komplet-STH-705-scaled-1.jpg","type":"image\/jpeg"}],"twitter_card":"summary_large_image","twitter_misc":{"Becs\u00fclt olvas\u00e1si id\u0151":"3 perc"},"schema":{"@context":"https:\/\/schema.org","@graph":[{"@type":"WebPage","@id":"https:\/\/fashionuniversum.com\/?product=olavoga-sth-szett","url":"https:\/\/fashionuniversum.com\/?product=olavoga-sth-szett","name":"OLAVOGA STH szett \u2013 Fashion Universum divat","isPartOf":{"@id":"https:\/\/fashionuniversum.com\/#website"},"primaryImageOfPage":{"@id":"https:\/\/fashionuniversum.com\/?product=olavoga-sth-szett#primaryimage"},"image":{"@id":"https:\/\/fashionuniversum.com\/?product=olavoga-sth-szett#primaryimage"},"thumbnailUrl":"https:\/\/fashionuniversum.com\/wp-content\/uploads\/2026\/01\/komplet-STH-705-scaled-1.jpg","datePublished":"2026-01-22T14:10:18+00:00","dateModified":"2026-03-14T18:59:36+00:00","description":"Rendeld meg az OLAVOGA STH szett modellt a Fashion Universum-n\u00e1l! \u2728 Pr\u00e9mium k\u00e9nyelem \u00e9s leny\u0171g\u00f6z\u0151 st\u00edlus egyetlen szettben. \ud83d\udecd\ufe0f\ud83d\udc96 Ne maradj le!","breadcrumb":{"@id":"https:\/\/fashionuniversum.com\/?product=olavoga-sth-szett#breadcrumb"},"inLanguage":"hu","potentialAction":[{"@type":"ReadAction","target":["https:\/\/fashionuniversum.com\/?product=olavoga-sth-szett"]}]},{"@type":"ImageObject","inLanguage":"hu","@id":"https:\/\/fashionuniversum.com\/?product=olavoga-sth-szett#primaryimage","url":"https:\/\/fashionuniversum.com\/wp-content\/uploads\/2026\/01\/komplet-STH-705-scaled-1.jpg","contentUrl":"https:\/\/fashionuniversum.com\/wp-content\/uploads\/2026\/01\/komplet-STH-705-scaled-1.jpg","width":1920,"height":2560,"caption":"OLAVOGA STH szett"},{"@type":"BreadcrumbList","@id":"https:\/\/fashionuniversum.com\/?product=olavoga-sth-szett#breadcrumb","itemListElement":[{"@type":"ListItem","position":1,"name":"Kezd\u0151lap","item":"https:\/\/fashionuniversum.com\/"},{"@type":"ListItem","position":2,"name":"Kezd\u0151lap","item":"https:\/\/fashionuniversum.com\/"},{"@type":"ListItem","position":3,"name":"OLAVOGA STH szett"}]},{"@type":"WebSite","@id":"https:\/\/fashionuniversum.com\/#website","url":"https:\/\/fashionuniversum.com\/","name":"Fashion Universum","description":"","publisher":{"@id":"https:\/\/fashionuniversum.com\/#organization"},"potentialAction":[{"@type":"SearchAction","target":{"@type":"EntryPoint","urlTemplate":"https:\/\/fashionuniversum.com\/?s={search_term_string}"},"query-input":{"@type":"PropertyValueSpecification","valueRequired":true,"valueName":"search_term_string"}}],"inLanguage":"hu"},{"@type":"Organization","@id":"https:\/\/fashionuniversum.com\/#organization","name":"Fashion Universum","url":"https:\/\/fashionuniversum.com\/","logo":{"@type":"ImageObject","inLanguage":"hu","@id":"https:\/\/fashionuniversum.com\/#\/schema\/logo\/image\/","url":"https:\/\/fashionuniversum.com\/wp-content\/uploads\/2026\/02\/cropped-cropped-imaaage.jpg","contentUrl":"https:\/\/fashionuniversum.com\/wp-content\/uploads\/2026\/02\/cropped-cropped-imaaage.jpg","width":1389,"height":285,"caption":"Fashion Universum"},"image":{"@id":"https:\/\/fashionuniversum.com\/#\/schema\/logo\/image\/"}}]}},"_links":{"self":[{"href":"https:\/\/fashionuniversum.com\/index.php?rest_route=\/wp\/v2\/product\/1881","targetHints":{"allow":["GET"]}}],"collection":[{"href":"https:\/\/fashionuniversum.com\/index.php?rest_route=\/wp\/v2\/product"}],"about":[{"href":"https:\/\/fashionuniversum.com\/index.php?rest_route=\/wp\/v2\/types\/product"}],"wp:featuredmedia":[{"embeddable":true,"href":"https:\/\/fashionuniversum.com\/index.php?rest_route=\/wp\/v2\/media\/1149"}],"wp:attachment":[{"href":"https:\/\/fashionuniversum.com\/index.php?rest_route=%2Fwp%2Fv2%2Fmedia&parent=1881"}],"wp:term":[{"taxonomy":"product_brand","embeddable":true,"href":"https:\/\/fashionuniversum.com\/index.php?rest_route=%2Fwp%2Fv2%2Fproduct_brand&post=1881"},{"taxonomy":"product_cat","embeddable":true,"href":"https:\/\/fashionuniversum.com\/index.php?rest_route=%2Fwp%2Fv2%2Fproduct_cat&post=1881"},{"taxonomy":"product_tag","embeddable":true,"href":"https:\/\/fashionuniversum.com\/index.php?rest_route=%2Fwp%2Fv2%2Fproduct_tag&post=1881"}],"curies":[{"name":"wp","href":"https:\/\/api.w.org\/{rel}","templated":true}]}}