{"id":1794,"date":"2026-01-22T14:10:12","date_gmt":"2026-01-22T14:10:12","guid":{"rendered":"https:\/\/fashionuniversum.com\/?post_type=product&#038;p=1794"},"modified":"2026-03-17T10:54:10","modified_gmt":"2026-03-17T10:54:10","slug":"olavoga-sillos-leggings","status":"publish","type":"product","link":"https:\/\/fashionuniversum.com\/?product=olavoga-sillos-leggings","title":{"rendered":"OLAVOGA SILLOS leggings"},"content":{"rendered":"<div class=\"otQkpb\" role=\"heading\" aria-level=\"3\" data-animation-nesting=\"\" data-sfc-cp=\"\" data-sfc-cb=\"\" data-complete=\"true\" data-processed=\"true\" data-sae=\"\"><strong class=\"Yjhzub\" data-sfc-cb=\"\" data-complete=\"true\">OLAVOGA SILLOS N\u0151i Leggings \u2013 Alakform\u00e1l\u00f3 Luxus a H\u00e9tk\u00f6znapokban<\/strong><\/div>\n<div class=\"Y3BBE\" data-sfc-cp=\"\" data-sfc-cb=\"\" data-hveid=\"CAEIBBAA\" data-complete=\"true\" data-processed=\"true\">Keresed a t\u00f6k\u00e9letes nadr\u00e1got, ami nemcsak k\u00e9nyelmes, de elk\u00e9peszt\u0151en d\u00f6g\u00f6s is? Az <strong class=\"Yjhzub\" data-sfc-cb=\"\" data-complete=\"true\" data-processed=\"true\">OLAVOGA SILLOS<\/strong> leggings a m\u00e1rka egyik legn\u00e9pszer\u0171bb darabja, amely a magas min\u0151s\u00e9g\u0171 anyaghaszn\u00e1latot \u00f6tv\u00f6zi a modern, sportosan eleg\u00e1ns megjelen\u00e9ssel.<\/div>\n<div class=\"Y3BBE\" data-sfc-cp=\"\" data-sfc-cb=\"\" data-hveid=\"CAEIBRAA\" data-complete=\"true\" data-processed=\"true\"><strong class=\"Yjhzub\" data-sfc-cb=\"\" data-complete=\"true\" data-processed=\"true\">Mi\u00e9rt ez a kedvenc darabunk?<\/strong><\/div>\n<ul class=\"KsbFXc U6u95\" data-sfc-cb=\"\" data-complete=\"true\" data-processed=\"true\">\n<li class=\"dF3vjf\" data-sfc-cb=\"\" data-hveid=\"CAEIBhAA\" data-complete=\"true\" data-sae=\"\"><span class=\"T286Pc\" data-sfc-cp=\"\" data-sfc-cb=\"\" data-complete=\"true\"><strong class=\"Yjhzub\" data-sfc-cb=\"\" data-complete=\"true\">Alakform\u00e1l\u00f3 hat\u00e1s:<\/strong> A magas\u00edtott der\u00e9kr\u00e9sz \u00e9s a speci\u00e1lis, rugalmas anyag gy\u00f6ny\u00f6r\u0171en form\u00e1lja az alakot, laposabb hasat \u00e9s hangs\u00falyosabb vonalakat k\u00f6lcs\u00f6n\u00f6z.<\/span><\/li>\n<li class=\"dF3vjf\" data-sfc-cb=\"\" data-hveid=\"CAEIBhAB\" data-complete=\"true\" data-sae=\"\"><span class=\"T286Pc\" data-sfc-cp=\"\" data-sfc-cb=\"\" data-complete=\"true\"><strong class=\"Yjhzub\" data-sfc-cb=\"\" data-complete=\"true\">Ikonikus SILLOS design:<\/strong> A sz\u00e1r\u00e1n\u00a0 kontrasztos <strong class=\"Yjhzub\" data-sfc-cb=\"\" data-complete=\"true\">OLAVOGA<\/strong> felirat \u00e9s a prec\u00edz h\u00edmz\u00e9s azonnal pr\u00e9mium megjelen\u00e9st k\u00f6lcs\u00f6n\u00f6z, \u00edgy ez nem egy egyszer\u0171 &#8222;maci&#8221; nadr\u00e1g.<\/span><\/li>\n<li class=\"dF3vjf\" data-sfc-cb=\"\" data-hveid=\"CAEIBhAC\" data-complete=\"true\" data-sae=\"\"><span class=\"T286Pc\" data-sfc-cp=\"\" data-sfc-cb=\"\" data-complete=\"true\"><strong class=\"Yjhzub\" data-sfc-cb=\"\" data-complete=\"true\">M\u00e1sodik b\u0151r \u00e9rzet:<\/strong> A puha, m\u00e9gis tart\u00f3s pamutkever\u00e9k anyag maxim\u00e1lis mozg\u00e1sszabads\u00e1got biztos\u00edt, nem ereszt le \u00e9s nem ny\u00falik ki a t\u00e9rd\u00e9n\u00e9l.<\/span><\/li>\n<li class=\"dF3vjf\" data-sfc-cb=\"\" data-hveid=\"CAEIBhAD\" data-complete=\"true\" data-sae=\"\"><span class=\"T286Pc\" data-sfc-cp=\"\" data-sfc-cb=\"\" data-complete=\"true\"><strong class=\"Yjhzub\" data-sfc-cb=\"\" data-complete=\"true\">V\u00e9gtelen vari\u00e1lhat\u00f3s\u00e1g:<\/strong> T\u00f6k\u00e9letes v\u00e1laszt\u00e1s egy oversize p\u00f3l\u00f3val (p\u00e9ld\u00e1ul a Zelvora-val), de egy r\u00f6videbb body-val (mint az Akin) is brut\u00e1lisan j\u00f3l mutat.<\/span><\/li>\n<\/ul>\n<div class=\"Y3BBE\" data-sfc-cp=\"\" data-sfc-cb=\"\" data-hveid=\"CAEIBxAA\" data-processed=\"true\" data-complete=\"true\"><strong class=\"Yjhzub\" data-sfc-cb=\"\" data-complete=\"true\" data-processed=\"true\">Term\u00e9kspecifik\u00e1ci\u00f3k:<\/strong><\/div>\n<ul class=\"KsbFXc U6u95\" data-sfc-cb=\"\" data-complete=\"true\" data-processed=\"true\">\n<li class=\"dF3vjf\" data-sfc-cb=\"\" data-hveid=\"CAEICBAA\" data-complete=\"true\" data-sae=\"\"><span class=\"T286Pc\" data-sfc-cp=\"\" data-sfc-cb=\"\" data-complete=\"true\"><strong class=\"Yjhzub\" data-sfc-cb=\"\" data-complete=\"true\">M\u00e1rka:<\/strong> O&#8217;La Voga<\/span><\/li>\n<li class=\"dF3vjf\" data-sfc-cb=\"\" data-hveid=\"CAEICBAB\" data-complete=\"true\" data-sae=\"\"><span class=\"T286Pc\" data-sfc-cp=\"\" data-sfc-cb=\"\" data-complete=\"true\"><strong class=\"Yjhzub\" data-sfc-cb=\"\" data-complete=\"true\">T\u00edpus:<\/strong> Magas derek\u00fa, alakform\u00e1l\u00f3 leggings<\/span><\/li>\n<li class=\"dF3vjf\" data-sfc-cb=\"\" data-hveid=\"CAEICBAC\" data-complete=\"true\" data-sae=\"\"><span class=\"T286Pc\" data-sfc-cp=\"\" data-sfc-cb=\"\" data-complete=\"true\"><strong class=\"Yjhzub\" data-sfc-cb=\"\" data-complete=\"true\">Anyag\u00f6sszet\u00e9tel:<\/strong> 90% nylonsz\u00e1l, 10% spandex<\/span><\/li>\n<li class=\"dF3vjf\" data-sfc-cb=\"\" data-hveid=\"CAEICBAE\" data-complete=\"true\" data-sae=\"\"><span class=\"T286Pc\" data-sfc-cp=\"\" data-sfc-cb=\"\" data-complete=\"true\"><strong class=\"Yjhzub\" data-sfc-cb=\"\" data-complete=\"true\">St\u00edlus:<\/strong> Streetwear \/ Casual Luxury<\/span><\/li>\n<li data-sfc-cb=\"\" data-hveid=\"CAEICBAE\" data-complete=\"true\" data-sae=\"\"><strong>M\u00e9ret<\/strong>: XS, S, M<\/li>\n<\/ul>\n<div class=\"Y3BBE\" data-sfc-cp=\"\" data-sfc-cb=\"\" data-hveid=\"CAEICRAA\" data-complete=\"true\" data-processed=\"true\">\u2728 <strong class=\"Yjhzub\" data-sfc-cb=\"\" data-complete=\"true\" data-processed=\"true\">Szerezd be a gardr\u00f3bod legk\u00e9nyelmesebb darabj\u00e1t a legjobb \u00e1ron a Fashion Universum-n\u00e1l!<\/strong> \u2728<\/div>\n<p><strong>M\u00e9retek:<\/strong><\/p>\n<ul>\n<li><strong>Der\u00e9kb\u0151s\u00e9g<\/strong> (az anyag ny\u00falik 15 cm-t):<br \/>\nXS: 58 cm, S: 60 cm, M: 62 cm<\/li>\n<li><strong>Cs\u00edp\u0151b\u0151s\u00e9g<\/strong> (az anyag ny\u00falik 27 cm-t):<br \/>\nXS: 72 cm, S: 74 cm, M: 76 cm<\/li>\n<li><strong>K\u00fcls\u0151 nadr\u00e1ghossz<\/strong>:<br \/>\nXS: 88 cm, S: 89 cm, M: 90 cm<\/li>\n<li><strong>Bels\u0151 nadr\u00e1ghossz<\/strong>:<br \/>\nXS: 70 cm, S: 71 cm, M: 72 cm<\/li>\n<li><strong>Teljes hossz<\/strong>:<br \/>\nXS: 94 cm, S: 95 cm, M: 96 cm<\/li>\n<li><strong>Der\u00e9kmagass\u00e1g<\/strong>:<br \/>\nXS: 25 cm, S: 26 cm, M: 27 cm<\/li>\n<\/ul>\n","protected":false},"excerpt":{"rendered":"<p>OLAVOGA SILLOS N\u0151i Leggings \u2013 Alakform\u00e1l\u00f3 Luxus a H\u00e9tk\u00f6znapokban Keresed a t\u00f6k\u00e9letes nadr\u00e1got, ami nemcsak k\u00e9nyelmes, de elk\u00e9peszt\u0151en d\u00f6g\u00f6s is? Az OLAVOGA SILLOS leggings a &hellip; <\/p>\n","protected":false},"featured_media":865,"template":"","meta":[],"product_brand":[78],"product_cat":[16,19,28,25,43],"product_tag":[],"class_list":{"0":"post-1794","1":"product","2":"type-product","3":"status-publish","4":"has-post-thumbnail","6":"product_brand-olavoga","7":"product_cat-akcios-termekek","8":"product_cat-markak","9":"product_cat-olavoga","10":"product_cat-noi-ruhazat-hu","11":"product_cat-leggingsek-nadragok","13":"first","14":"instock","15":"sale","16":"shipping-taxable","17":"purchasable","18":"product-type-variable"},"yoast_head":"<!-- This site is optimized with the Yoast SEO plugin v26.7 - https:\/\/yoast.com\/wordpress\/plugins\/seo\/ -->\n<title>\u2728 OLAVOGA SILLOS Leggings | Fashion Universum \ud83d\udda4<\/title>\n<meta name=\"description\" content=\"OLAVOGA SILLOS leggings a Fashion Universum-n\u00e1l! Alakform\u00e1l\u00f3 fazon, pr\u00e9mium h\u00edmz\u00e9s \u00e9s k\u00e9nyelem. Csapj le az utols\u00f3 darabokra a legjobb \u00e1ron! \u2728\ud83d\udecd\ufe0f\" \/>\n<meta name=\"robots\" content=\"index, follow, max-snippet:-1, max-image-preview:large, max-video-preview:-1\" \/>\n<link rel=\"canonical\" href=\"https:\/\/fashionuniversum.com\/?product=olavoga-sillos-leggings\" \/>\n<meta property=\"og:locale\" content=\"hu_HU\" \/>\n<meta property=\"og:type\" content=\"article\" \/>\n<meta property=\"og:title\" content=\"\u2728 OLAVOGA SILLOS Leggings | Fashion Universum \ud83d\udda4\" \/>\n<meta property=\"og:description\" content=\"OLAVOGA SILLOS leggings a Fashion Universum-n\u00e1l! Alakform\u00e1l\u00f3 fazon, pr\u00e9mium h\u00edmz\u00e9s \u00e9s k\u00e9nyelem. Csapj le az utols\u00f3 darabokra a legjobb \u00e1ron! \u2728\ud83d\udecd\ufe0f\" \/>\n<meta property=\"og:url\" content=\"https:\/\/fashionuniversum.com\/?product=olavoga-sillos-leggings\" \/>\n<meta property=\"og:site_name\" content=\"Fashion Universum\" \/>\n<meta property=\"article:modified_time\" content=\"2026-03-17T10:54:10+00:00\" \/>\n<meta property=\"og:image\" content=\"https:\/\/fashionuniversum.com\/wp-content\/uploads\/2026\/01\/legginsy-SILLOS-331-scaled-1.jpg\" \/>\n\t<meta property=\"og:image:width\" content=\"1707\" \/>\n\t<meta property=\"og:image:height\" content=\"2560\" \/>\n\t<meta property=\"og:image:type\" content=\"image\/jpeg\" \/>\n<meta name=\"twitter:card\" content=\"summary_large_image\" \/>\n<meta name=\"twitter:label1\" content=\"Becs\u00fclt olvas\u00e1si id\u0151\" \/>\n\t<meta name=\"twitter:data1\" content=\"2 perc\" \/>\n<script type=\"application\/ld+json\" class=\"yoast-schema-graph\">{\"@context\":\"https:\/\/schema.org\",\"@graph\":[{\"@type\":\"WebPage\",\"@id\":\"https:\/\/fashionuniversum.com\/?product=olavoga-sillos-leggings\",\"url\":\"https:\/\/fashionuniversum.com\/?product=olavoga-sillos-leggings\",\"name\":\"\u2728 OLAVOGA SILLOS Leggings | Fashion Universum \ud83d\udda4\",\"isPartOf\":{\"@id\":\"https:\/\/fashionuniversum.com\/#website\"},\"primaryImageOfPage\":{\"@id\":\"https:\/\/fashionuniversum.com\/?product=olavoga-sillos-leggings#primaryimage\"},\"image\":{\"@id\":\"https:\/\/fashionuniversum.com\/?product=olavoga-sillos-leggings#primaryimage\"},\"thumbnailUrl\":\"https:\/\/fashionuniversum.com\/wp-content\/uploads\/2026\/01\/legginsy-SILLOS-331-scaled-1.jpg\",\"datePublished\":\"2026-01-22T14:10:12+00:00\",\"dateModified\":\"2026-03-17T10:54:10+00:00\",\"description\":\"OLAVOGA SILLOS leggings a Fashion Universum-n\u00e1l! Alakform\u00e1l\u00f3 fazon, pr\u00e9mium h\u00edmz\u00e9s \u00e9s k\u00e9nyelem. Csapj le az utols\u00f3 darabokra a legjobb \u00e1ron! \u2728\ud83d\udecd\ufe0f\",\"breadcrumb\":{\"@id\":\"https:\/\/fashionuniversum.com\/?product=olavoga-sillos-leggings#breadcrumb\"},\"inLanguage\":\"hu\",\"potentialAction\":[{\"@type\":\"ReadAction\",\"target\":[\"https:\/\/fashionuniversum.com\/?product=olavoga-sillos-leggings\"]}]},{\"@type\":\"ImageObject\",\"inLanguage\":\"hu\",\"@id\":\"https:\/\/fashionuniversum.com\/?product=olavoga-sillos-leggings#primaryimage\",\"url\":\"https:\/\/fashionuniversum.com\/wp-content\/uploads\/2026\/01\/legginsy-SILLOS-331-scaled-1.jpg\",\"contentUrl\":\"https:\/\/fashionuniversum.com\/wp-content\/uploads\/2026\/01\/legginsy-SILLOS-331-scaled-1.jpg\",\"width\":1707,\"height\":2560,\"caption\":\"OLAVOGA SILLOS leggings\"},{\"@type\":\"BreadcrumbList\",\"@id\":\"https:\/\/fashionuniversum.com\/?product=olavoga-sillos-leggings#breadcrumb\",\"itemListElement\":[{\"@type\":\"ListItem\",\"position\":1,\"name\":\"Kezd\u0151lap\",\"item\":\"https:\/\/fashionuniversum.com\/\"},{\"@type\":\"ListItem\",\"position\":2,\"name\":\"Kezd\u0151lap\",\"item\":\"https:\/\/fashionuniversum.com\/\"},{\"@type\":\"ListItem\",\"position\":3,\"name\":\"OLAVOGA SILLOS leggings\"}]},{\"@type\":\"WebSite\",\"@id\":\"https:\/\/fashionuniversum.com\/#website\",\"url\":\"https:\/\/fashionuniversum.com\/\",\"name\":\"Fashion Universum\",\"description\":\"\",\"publisher\":{\"@id\":\"https:\/\/fashionuniversum.com\/#organization\"},\"potentialAction\":[{\"@type\":\"SearchAction\",\"target\":{\"@type\":\"EntryPoint\",\"urlTemplate\":\"https:\/\/fashionuniversum.com\/?s={search_term_string}\"},\"query-input\":{\"@type\":\"PropertyValueSpecification\",\"valueRequired\":true,\"valueName\":\"search_term_string\"}}],\"inLanguage\":\"hu\"},{\"@type\":\"Organization\",\"@id\":\"https:\/\/fashionuniversum.com\/#organization\",\"name\":\"Fashion Universum\",\"url\":\"https:\/\/fashionuniversum.com\/\",\"logo\":{\"@type\":\"ImageObject\",\"inLanguage\":\"hu\",\"@id\":\"https:\/\/fashionuniversum.com\/#\/schema\/logo\/image\/\",\"url\":\"https:\/\/fashionuniversum.com\/wp-content\/uploads\/2026\/02\/cropped-cropped-imaaage.jpg\",\"contentUrl\":\"https:\/\/fashionuniversum.com\/wp-content\/uploads\/2026\/02\/cropped-cropped-imaaage.jpg\",\"width\":1389,\"height\":285,\"caption\":\"Fashion Universum\"},\"image\":{\"@id\":\"https:\/\/fashionuniversum.com\/#\/schema\/logo\/image\/\"}}]}<\/script>\n<!-- \/ Yoast SEO plugin. -->","yoast_head_json":{"title":"\u2728 OLAVOGA SILLOS Leggings | Fashion Universum \ud83d\udda4","description":"OLAVOGA SILLOS leggings a Fashion Universum-n\u00e1l! Alakform\u00e1l\u00f3 fazon, pr\u00e9mium h\u00edmz\u00e9s \u00e9s k\u00e9nyelem. Csapj le az utols\u00f3 darabokra a legjobb \u00e1ron! \u2728\ud83d\udecd\ufe0f","robots":{"index":"index","follow":"follow","max-snippet":"max-snippet:-1","max-image-preview":"max-image-preview:large","max-video-preview":"max-video-preview:-1"},"canonical":"https:\/\/fashionuniversum.com\/?product=olavoga-sillos-leggings","og_locale":"hu_HU","og_type":"article","og_title":"\u2728 OLAVOGA SILLOS Leggings | Fashion Universum \ud83d\udda4","og_description":"OLAVOGA SILLOS leggings a Fashion Universum-n\u00e1l! Alakform\u00e1l\u00f3 fazon, pr\u00e9mium h\u00edmz\u00e9s \u00e9s k\u00e9nyelem. Csapj le az utols\u00f3 darabokra a legjobb \u00e1ron! \u2728\ud83d\udecd\ufe0f","og_url":"https:\/\/fashionuniversum.com\/?product=olavoga-sillos-leggings","og_site_name":"Fashion Universum","article_modified_time":"2026-03-17T10:54:10+00:00","og_image":[{"width":1707,"height":2560,"url":"https:\/\/fashionuniversum.com\/wp-content\/uploads\/2026\/01\/legginsy-SILLOS-331-scaled-1.jpg","type":"image\/jpeg"}],"twitter_card":"summary_large_image","twitter_misc":{"Becs\u00fclt olvas\u00e1si id\u0151":"2 perc"},"schema":{"@context":"https:\/\/schema.org","@graph":[{"@type":"WebPage","@id":"https:\/\/fashionuniversum.com\/?product=olavoga-sillos-leggings","url":"https:\/\/fashionuniversum.com\/?product=olavoga-sillos-leggings","name":"\u2728 OLAVOGA SILLOS Leggings | Fashion Universum \ud83d\udda4","isPartOf":{"@id":"https:\/\/fashionuniversum.com\/#website"},"primaryImageOfPage":{"@id":"https:\/\/fashionuniversum.com\/?product=olavoga-sillos-leggings#primaryimage"},"image":{"@id":"https:\/\/fashionuniversum.com\/?product=olavoga-sillos-leggings#primaryimage"},"thumbnailUrl":"https:\/\/fashionuniversum.com\/wp-content\/uploads\/2026\/01\/legginsy-SILLOS-331-scaled-1.jpg","datePublished":"2026-01-22T14:10:12+00:00","dateModified":"2026-03-17T10:54:10+00:00","description":"OLAVOGA SILLOS leggings a Fashion Universum-n\u00e1l! Alakform\u00e1l\u00f3 fazon, pr\u00e9mium h\u00edmz\u00e9s \u00e9s k\u00e9nyelem. Csapj le az utols\u00f3 darabokra a legjobb \u00e1ron! \u2728\ud83d\udecd\ufe0f","breadcrumb":{"@id":"https:\/\/fashionuniversum.com\/?product=olavoga-sillos-leggings#breadcrumb"},"inLanguage":"hu","potentialAction":[{"@type":"ReadAction","target":["https:\/\/fashionuniversum.com\/?product=olavoga-sillos-leggings"]}]},{"@type":"ImageObject","inLanguage":"hu","@id":"https:\/\/fashionuniversum.com\/?product=olavoga-sillos-leggings#primaryimage","url":"https:\/\/fashionuniversum.com\/wp-content\/uploads\/2026\/01\/legginsy-SILLOS-331-scaled-1.jpg","contentUrl":"https:\/\/fashionuniversum.com\/wp-content\/uploads\/2026\/01\/legginsy-SILLOS-331-scaled-1.jpg","width":1707,"height":2560,"caption":"OLAVOGA SILLOS leggings"},{"@type":"BreadcrumbList","@id":"https:\/\/fashionuniversum.com\/?product=olavoga-sillos-leggings#breadcrumb","itemListElement":[{"@type":"ListItem","position":1,"name":"Kezd\u0151lap","item":"https:\/\/fashionuniversum.com\/"},{"@type":"ListItem","position":2,"name":"Kezd\u0151lap","item":"https:\/\/fashionuniversum.com\/"},{"@type":"ListItem","position":3,"name":"OLAVOGA SILLOS leggings"}]},{"@type":"WebSite","@id":"https:\/\/fashionuniversum.com\/#website","url":"https:\/\/fashionuniversum.com\/","name":"Fashion Universum","description":"","publisher":{"@id":"https:\/\/fashionuniversum.com\/#organization"},"potentialAction":[{"@type":"SearchAction","target":{"@type":"EntryPoint","urlTemplate":"https:\/\/fashionuniversum.com\/?s={search_term_string}"},"query-input":{"@type":"PropertyValueSpecification","valueRequired":true,"valueName":"search_term_string"}}],"inLanguage":"hu"},{"@type":"Organization","@id":"https:\/\/fashionuniversum.com\/#organization","name":"Fashion Universum","url":"https:\/\/fashionuniversum.com\/","logo":{"@type":"ImageObject","inLanguage":"hu","@id":"https:\/\/fashionuniversum.com\/#\/schema\/logo\/image\/","url":"https:\/\/fashionuniversum.com\/wp-content\/uploads\/2026\/02\/cropped-cropped-imaaage.jpg","contentUrl":"https:\/\/fashionuniversum.com\/wp-content\/uploads\/2026\/02\/cropped-cropped-imaaage.jpg","width":1389,"height":285,"caption":"Fashion Universum"},"image":{"@id":"https:\/\/fashionuniversum.com\/#\/schema\/logo\/image\/"}}]}},"_links":{"self":[{"href":"https:\/\/fashionuniversum.com\/index.php?rest_route=\/wp\/v2\/product\/1794","targetHints":{"allow":["GET"]}}],"collection":[{"href":"https:\/\/fashionuniversum.com\/index.php?rest_route=\/wp\/v2\/product"}],"about":[{"href":"https:\/\/fashionuniversum.com\/index.php?rest_route=\/wp\/v2\/types\/product"}],"wp:featuredmedia":[{"embeddable":true,"href":"https:\/\/fashionuniversum.com\/index.php?rest_route=\/wp\/v2\/media\/865"}],"wp:attachment":[{"href":"https:\/\/fashionuniversum.com\/index.php?rest_route=%2Fwp%2Fv2%2Fmedia&parent=1794"}],"wp:term":[{"taxonomy":"product_brand","embeddable":true,"href":"https:\/\/fashionuniversum.com\/index.php?rest_route=%2Fwp%2Fv2%2Fproduct_brand&post=1794"},{"taxonomy":"product_cat","embeddable":true,"href":"https:\/\/fashionuniversum.com\/index.php?rest_route=%2Fwp%2Fv2%2Fproduct_cat&post=1794"},{"taxonomy":"product_tag","embeddable":true,"href":"https:\/\/fashionuniversum.com\/index.php?rest_route=%2Fwp%2Fv2%2Fproduct_tag&post=1794"}],"curies":[{"name":"wp","href":"https:\/\/api.w.org\/{rel}","templated":true}]}}