{"id":1791,"date":"2026-01-22T14:10:12","date_gmt":"2026-01-22T14:10:12","guid":{"rendered":"https:\/\/fashionuniversum.com\/?post_type=product&#038;p=1791"},"modified":"2026-03-03T10:35:28","modified_gmt":"2026-03-03T10:35:28","slug":"olavoga-triko-leggings","status":"publish","type":"product","link":"https:\/\/fashionuniversum.com\/?product=olavoga-triko-leggings","title":{"rendered":"OLAVOGA TRIKO leggings"},"content":{"rendered":"<p>OLAVOGA TRIKO leggings<\/p>\n<p>Ez a n\u0151i leggings kiv\u00e1l\u00f3 min\u0151s\u00e9g\u0171, rugalmas anyagb\u00f3l k\u00e9sz\u00fclt, \u00e9s magas derek\u00fa kialak\u00edt\u00e1ssal rendelkezik. A der\u00e9k r\u00e9szen log\u00f3zott anyag \u00e1tfed\u00e9se tal\u00e1lhat\u00f3, ami egyedi st\u00edlust k\u00f6lcs\u00f6n\u00f6z neki. A nadr\u00e1g sz\u00e1rai a m\u00e1rka log\u00f3j\u00e1val vannak ell\u00e1tva, ami m\u00e9g ink\u00e1bb kiemeli a term\u00e9k diz\u00e1jnj\u00e1t.<\/p>\n<p><strong>Anyag\u00f6sszet\u00e9tel<\/strong>:<br \/>\n90% nylonsz\u00e1l, 10% spandex<\/p>\n<p><strong>M\u00e9ret<\/strong>: XS, S, M<\/p>\n<p><strong>M\u00e9retek:<\/strong><\/p>\n<ul>\n<li><strong>Der\u00e9kb\u0151s\u00e9g<\/strong> (az anyag ny\u00falik 20 cm-t):<br \/>\nXS: 50 cm, S: 52 cm, M: 54 cm<\/li>\n<li><strong>Cs\u00edp\u0151b\u0151s\u00e9g<\/strong> (az anyag ny\u00falik 20 cm-t):<br \/>\nXS: 60 cm, S: 62 cm, M: 64 cm<\/li>\n<li><strong>K\u00fcls\u0151 nadr\u00e1ghossz<\/strong>:<br \/>\nXS: 86 cm, S: 87 cm, M: 88 cm<\/li>\n<li><strong>Bels\u0151 nadr\u00e1ghossz<\/strong>:<br \/>\nXS: 75 cm, S: 76 cm, M: 77 cm<\/li>\n<li><strong>Teljes hossz<\/strong>:<br \/>\nXS: 97 cm, S: 98 cm, M: 99 cm<\/li>\n<li><strong>Der\u00e9kmagass\u00e1g<\/strong>:<br \/>\nXS: 20 cm, S: 21 cm, M: 22 cm<\/li>\n<\/ul>\n","protected":false},"excerpt":{"rendered":"<p>OLAVOGA TRIKO leggings Ez a n\u0151i leggings kiv\u00e1l\u00f3 min\u0151s\u00e9g\u0171, rugalmas anyagb\u00f3l k\u00e9sz\u00fclt, \u00e9s magas derek\u00fa kialak\u00edt\u00e1ssal rendelkezik. A der\u00e9k r\u00e9szen log\u00f3zott anyag \u00e1tfed\u00e9se tal\u00e1lhat\u00f3, ami &hellip; <\/p>\n","protected":false},"featured_media":840,"template":"","meta":[],"product_brand":[78],"product_cat":[16,19,28,25,43],"product_tag":[],"class_list":{"0":"post-1791","1":"product","2":"type-product","3":"status-publish","4":"has-post-thumbnail","6":"product_brand-olavoga","7":"product_cat-akcios-termekek","8":"product_cat-markak","9":"product_cat-olavoga","10":"product_cat-noi-ruhazat-hu","11":"product_cat-leggingsek-nadragok","13":"first","14":"instock","15":"sale","16":"shipping-taxable","17":"purchasable","18":"product-type-variable"},"yoast_head":"<!-- This site is optimized with the Yoast SEO plugin v26.7 - https:\/\/yoast.com\/wordpress\/plugins\/seo\/ -->\n<title>OLAVOGA TRIKO leggings - Fashion Universum<\/title>\n<meta name=\"description\" content=\"OLAVOGA TRIKO leggings. Ez a n\u0151i leggings kiv\u00e1l\u00f3 min\u0151s\u00e9g\u0171, rugalmas anyagb\u00f3l k\u00e9sz\u00fclt, \u00e9s magas derek\u00fa kialak\u00edt\u00e1ssal rendelkezik.\" \/>\n<meta name=\"robots\" content=\"index, follow, max-snippet:-1, max-image-preview:large, max-video-preview:-1\" \/>\n<link rel=\"canonical\" href=\"https:\/\/fashionuniversum.com\/?product=olavoga-triko-leggings\" \/>\n<meta property=\"og:locale\" content=\"hu_HU\" \/>\n<meta property=\"og:type\" content=\"article\" \/>\n<meta property=\"og:title\" content=\"OLAVOGA TRIKO leggings - Fashion Universum\" \/>\n<meta property=\"og:description\" content=\"OLAVOGA TRIKO leggings. Ez a n\u0151i leggings kiv\u00e1l\u00f3 min\u0151s\u00e9g\u0171, rugalmas anyagb\u00f3l k\u00e9sz\u00fclt, \u00e9s magas derek\u00fa kialak\u00edt\u00e1ssal rendelkezik.\" \/>\n<meta property=\"og:url\" content=\"https:\/\/fashionuniversum.com\/?product=olavoga-triko-leggings\" \/>\n<meta property=\"og:site_name\" content=\"Fashion Universum\" \/>\n<meta property=\"article:modified_time\" content=\"2026-03-03T10:35:28+00:00\" \/>\n<meta property=\"og:image\" content=\"https:\/\/fashionuniversum.com\/wp-content\/uploads\/2026\/01\/legginsy-TRIKO-330-scaled-1.jpeg\" \/>\n\t<meta property=\"og:image:width\" content=\"1707\" \/>\n\t<meta property=\"og:image:height\" content=\"2560\" \/>\n\t<meta property=\"og:image:type\" content=\"image\/jpeg\" \/>\n<meta name=\"twitter:card\" content=\"summary_large_image\" \/>\n<meta name=\"twitter:label1\" content=\"Becs\u00fclt olvas\u00e1si id\u0151\" \/>\n\t<meta name=\"twitter:data1\" content=\"1 perc\" \/>\n<script type=\"application\/ld+json\" class=\"yoast-schema-graph\">{\"@context\":\"https:\/\/schema.org\",\"@graph\":[{\"@type\":\"WebPage\",\"@id\":\"https:\/\/fashionuniversum.com\/?product=olavoga-triko-leggings\",\"url\":\"https:\/\/fashionuniversum.com\/?product=olavoga-triko-leggings\",\"name\":\"OLAVOGA TRIKO leggings - Fashion Universum\",\"isPartOf\":{\"@id\":\"https:\/\/fashionuniversum.com\/#website\"},\"primaryImageOfPage\":{\"@id\":\"https:\/\/fashionuniversum.com\/?product=olavoga-triko-leggings#primaryimage\"},\"image\":{\"@id\":\"https:\/\/fashionuniversum.com\/?product=olavoga-triko-leggings#primaryimage\"},\"thumbnailUrl\":\"https:\/\/fashionuniversum.com\/wp-content\/uploads\/2026\/01\/legginsy-TRIKO-330-scaled-1.jpeg\",\"datePublished\":\"2026-01-22T14:10:12+00:00\",\"dateModified\":\"2026-03-03T10:35:28+00:00\",\"description\":\"OLAVOGA TRIKO leggings. Ez a n\u0151i leggings kiv\u00e1l\u00f3 min\u0151s\u00e9g\u0171, rugalmas anyagb\u00f3l k\u00e9sz\u00fclt, \u00e9s magas derek\u00fa kialak\u00edt\u00e1ssal rendelkezik.\",\"breadcrumb\":{\"@id\":\"https:\/\/fashionuniversum.com\/?product=olavoga-triko-leggings#breadcrumb\"},\"inLanguage\":\"hu\",\"potentialAction\":[{\"@type\":\"ReadAction\",\"target\":[\"https:\/\/fashionuniversum.com\/?product=olavoga-triko-leggings\"]}]},{\"@type\":\"ImageObject\",\"inLanguage\":\"hu\",\"@id\":\"https:\/\/fashionuniversum.com\/?product=olavoga-triko-leggings#primaryimage\",\"url\":\"https:\/\/fashionuniversum.com\/wp-content\/uploads\/2026\/01\/legginsy-TRIKO-330-scaled-1.jpeg\",\"contentUrl\":\"https:\/\/fashionuniversum.com\/wp-content\/uploads\/2026\/01\/legginsy-TRIKO-330-scaled-1.jpeg\",\"width\":1707,\"height\":2560,\"caption\":\"OLAVOGA TRIKO leggings\"},{\"@type\":\"BreadcrumbList\",\"@id\":\"https:\/\/fashionuniversum.com\/?product=olavoga-triko-leggings#breadcrumb\",\"itemListElement\":[{\"@type\":\"ListItem\",\"position\":1,\"name\":\"Kezd\u0151lap\",\"item\":\"https:\/\/fashionuniversum.com\/\"},{\"@type\":\"ListItem\",\"position\":2,\"name\":\"Kezd\u0151lap\",\"item\":\"https:\/\/fashionuniversum.com\/\"},{\"@type\":\"ListItem\",\"position\":3,\"name\":\"OLAVOGA TRIKO leggings\"}]},{\"@type\":\"WebSite\",\"@id\":\"https:\/\/fashionuniversum.com\/#website\",\"url\":\"https:\/\/fashionuniversum.com\/\",\"name\":\"Fashion Universum\",\"description\":\"\",\"publisher\":{\"@id\":\"https:\/\/fashionuniversum.com\/#organization\"},\"potentialAction\":[{\"@type\":\"SearchAction\",\"target\":{\"@type\":\"EntryPoint\",\"urlTemplate\":\"https:\/\/fashionuniversum.com\/?s={search_term_string}\"},\"query-input\":{\"@type\":\"PropertyValueSpecification\",\"valueRequired\":true,\"valueName\":\"search_term_string\"}}],\"inLanguage\":\"hu\"},{\"@type\":\"Organization\",\"@id\":\"https:\/\/fashionuniversum.com\/#organization\",\"name\":\"Fashion Universum\",\"url\":\"https:\/\/fashionuniversum.com\/\",\"logo\":{\"@type\":\"ImageObject\",\"inLanguage\":\"hu\",\"@id\":\"https:\/\/fashionuniversum.com\/#\/schema\/logo\/image\/\",\"url\":\"https:\/\/fashionuniversum.com\/wp-content\/uploads\/2026\/02\/cropped-cropped-imaaage.jpg\",\"contentUrl\":\"https:\/\/fashionuniversum.com\/wp-content\/uploads\/2026\/02\/cropped-cropped-imaaage.jpg\",\"width\":1389,\"height\":285,\"caption\":\"Fashion Universum\"},\"image\":{\"@id\":\"https:\/\/fashionuniversum.com\/#\/schema\/logo\/image\/\"}}]}<\/script>\n<!-- \/ Yoast SEO plugin. -->","yoast_head_json":{"title":"OLAVOGA TRIKO leggings - Fashion Universum","description":"OLAVOGA TRIKO leggings. Ez a n\u0151i leggings kiv\u00e1l\u00f3 min\u0151s\u00e9g\u0171, rugalmas anyagb\u00f3l k\u00e9sz\u00fclt, \u00e9s magas derek\u00fa kialak\u00edt\u00e1ssal rendelkezik.","robots":{"index":"index","follow":"follow","max-snippet":"max-snippet:-1","max-image-preview":"max-image-preview:large","max-video-preview":"max-video-preview:-1"},"canonical":"https:\/\/fashionuniversum.com\/?product=olavoga-triko-leggings","og_locale":"hu_HU","og_type":"article","og_title":"OLAVOGA TRIKO leggings - Fashion Universum","og_description":"OLAVOGA TRIKO leggings. Ez a n\u0151i leggings kiv\u00e1l\u00f3 min\u0151s\u00e9g\u0171, rugalmas anyagb\u00f3l k\u00e9sz\u00fclt, \u00e9s magas derek\u00fa kialak\u00edt\u00e1ssal rendelkezik.","og_url":"https:\/\/fashionuniversum.com\/?product=olavoga-triko-leggings","og_site_name":"Fashion Universum","article_modified_time":"2026-03-03T10:35:28+00:00","og_image":[{"width":1707,"height":2560,"url":"https:\/\/fashionuniversum.com\/wp-content\/uploads\/2026\/01\/legginsy-TRIKO-330-scaled-1.jpeg","type":"image\/jpeg"}],"twitter_card":"summary_large_image","twitter_misc":{"Becs\u00fclt olvas\u00e1si id\u0151":"1 perc"},"schema":{"@context":"https:\/\/schema.org","@graph":[{"@type":"WebPage","@id":"https:\/\/fashionuniversum.com\/?product=olavoga-triko-leggings","url":"https:\/\/fashionuniversum.com\/?product=olavoga-triko-leggings","name":"OLAVOGA TRIKO leggings - Fashion Universum","isPartOf":{"@id":"https:\/\/fashionuniversum.com\/#website"},"primaryImageOfPage":{"@id":"https:\/\/fashionuniversum.com\/?product=olavoga-triko-leggings#primaryimage"},"image":{"@id":"https:\/\/fashionuniversum.com\/?product=olavoga-triko-leggings#primaryimage"},"thumbnailUrl":"https:\/\/fashionuniversum.com\/wp-content\/uploads\/2026\/01\/legginsy-TRIKO-330-scaled-1.jpeg","datePublished":"2026-01-22T14:10:12+00:00","dateModified":"2026-03-03T10:35:28+00:00","description":"OLAVOGA TRIKO leggings. Ez a n\u0151i leggings kiv\u00e1l\u00f3 min\u0151s\u00e9g\u0171, rugalmas anyagb\u00f3l k\u00e9sz\u00fclt, \u00e9s magas derek\u00fa kialak\u00edt\u00e1ssal rendelkezik.","breadcrumb":{"@id":"https:\/\/fashionuniversum.com\/?product=olavoga-triko-leggings#breadcrumb"},"inLanguage":"hu","potentialAction":[{"@type":"ReadAction","target":["https:\/\/fashionuniversum.com\/?product=olavoga-triko-leggings"]}]},{"@type":"ImageObject","inLanguage":"hu","@id":"https:\/\/fashionuniversum.com\/?product=olavoga-triko-leggings#primaryimage","url":"https:\/\/fashionuniversum.com\/wp-content\/uploads\/2026\/01\/legginsy-TRIKO-330-scaled-1.jpeg","contentUrl":"https:\/\/fashionuniversum.com\/wp-content\/uploads\/2026\/01\/legginsy-TRIKO-330-scaled-1.jpeg","width":1707,"height":2560,"caption":"OLAVOGA TRIKO leggings"},{"@type":"BreadcrumbList","@id":"https:\/\/fashionuniversum.com\/?product=olavoga-triko-leggings#breadcrumb","itemListElement":[{"@type":"ListItem","position":1,"name":"Kezd\u0151lap","item":"https:\/\/fashionuniversum.com\/"},{"@type":"ListItem","position":2,"name":"Kezd\u0151lap","item":"https:\/\/fashionuniversum.com\/"},{"@type":"ListItem","position":3,"name":"OLAVOGA TRIKO leggings"}]},{"@type":"WebSite","@id":"https:\/\/fashionuniversum.com\/#website","url":"https:\/\/fashionuniversum.com\/","name":"Fashion Universum","description":"","publisher":{"@id":"https:\/\/fashionuniversum.com\/#organization"},"potentialAction":[{"@type":"SearchAction","target":{"@type":"EntryPoint","urlTemplate":"https:\/\/fashionuniversum.com\/?s={search_term_string}"},"query-input":{"@type":"PropertyValueSpecification","valueRequired":true,"valueName":"search_term_string"}}],"inLanguage":"hu"},{"@type":"Organization","@id":"https:\/\/fashionuniversum.com\/#organization","name":"Fashion Universum","url":"https:\/\/fashionuniversum.com\/","logo":{"@type":"ImageObject","inLanguage":"hu","@id":"https:\/\/fashionuniversum.com\/#\/schema\/logo\/image\/","url":"https:\/\/fashionuniversum.com\/wp-content\/uploads\/2026\/02\/cropped-cropped-imaaage.jpg","contentUrl":"https:\/\/fashionuniversum.com\/wp-content\/uploads\/2026\/02\/cropped-cropped-imaaage.jpg","width":1389,"height":285,"caption":"Fashion Universum"},"image":{"@id":"https:\/\/fashionuniversum.com\/#\/schema\/logo\/image\/"}}]}},"_links":{"self":[{"href":"https:\/\/fashionuniversum.com\/index.php?rest_route=\/wp\/v2\/product\/1791","targetHints":{"allow":["GET"]}}],"collection":[{"href":"https:\/\/fashionuniversum.com\/index.php?rest_route=\/wp\/v2\/product"}],"about":[{"href":"https:\/\/fashionuniversum.com\/index.php?rest_route=\/wp\/v2\/types\/product"}],"wp:featuredmedia":[{"embeddable":true,"href":"https:\/\/fashionuniversum.com\/index.php?rest_route=\/wp\/v2\/media\/840"}],"wp:attachment":[{"href":"https:\/\/fashionuniversum.com\/index.php?rest_route=%2Fwp%2Fv2%2Fmedia&parent=1791"}],"wp:term":[{"taxonomy":"product_brand","embeddable":true,"href":"https:\/\/fashionuniversum.com\/index.php?rest_route=%2Fwp%2Fv2%2Fproduct_brand&post=1791"},{"taxonomy":"product_cat","embeddable":true,"href":"https:\/\/fashionuniversum.com\/index.php?rest_route=%2Fwp%2Fv2%2Fproduct_cat&post=1791"},{"taxonomy":"product_tag","embeddable":true,"href":"https:\/\/fashionuniversum.com\/index.php?rest_route=%2Fwp%2Fv2%2Fproduct_tag&post=1791"}],"curies":[{"name":"wp","href":"https:\/\/api.w.org\/{rel}","templated":true}]}}