{"id":1763,"date":"2026-01-22T14:10:09","date_gmt":"2026-01-22T14:10:09","guid":{"rendered":"https:\/\/fashionuniversum.com\/?post_type=product&#038;p=1763"},"modified":"2026-03-18T08:55:18","modified_gmt":"2026-03-18T08:55:18","slug":"olavoga-marigold-pulover","status":"publish","type":"product","link":"https:\/\/fashionuniversum.com\/?product=olavoga-marigold-pulover","title":{"rendered":"OLAVOGA MARIGOLD pul\u00f3ver"},"content":{"rendered":"<div class=\"otQkpb\" role=\"heading\" aria-level=\"3\" data-animation-nesting=\"\" data-sfc-cp=\"\" data-sfc-cb=\"\" data-complete=\"true\" data-processed=\"true\" data-sae=\"\"><strong class=\"Yjhzub\" data-sfc-cb=\"\" data-complete=\"true\">\ud83c\udf3c OLAVOGA MARIGOLD Pul\u00f3ver \u2013 Puha \u00d6lel\u00e9s, Luxus Kivitelben \ud83c\udf3c<\/strong><\/div>\n<div role=\"heading\" aria-level=\"3\" data-animation-nesting=\"\" data-sfc-cp=\"\" data-sfc-cb=\"\" data-complete=\"true\" data-processed=\"true\" data-sae=\"\"><\/div>\n<div class=\"Y3BBE\" data-sfc-cp=\"\" data-sfc-cb=\"\" data-hveid=\"CAEIBBAA\" data-complete=\"true\" data-processed=\"true\">V\u00e1gysz egy olyan darabra, ami egyszerre k\u00e9nyelmes \u00e9s elk\u00e9peszt\u0151en st\u00edlusos? Az <strong class=\"Yjhzub\" data-sfc-cb=\"\" data-complete=\"true\" data-processed=\"true\">OLAVOGA MARIGOLD<\/strong> pul\u00f3ver a t\u00f6k\u00e9letes v\u00e1laszt\u00e1s a h\u0171v\u00f6sebb napokra. Ez a modell a kifinomult r\u00e9szleteivel \u00e9s pr\u00e9mium anyag\u00e1val azonnal a ruhat\u00e1rad kedvence lesz! \u2728<\/div>\n<div class=\"Y3BBE\" data-sfc-cp=\"\" data-sfc-cb=\"\" data-hveid=\"CAEIBRAA\" data-complete=\"true\" data-processed=\"true\"><strong class=\"Yjhzub\" data-sfc-cb=\"\" data-complete=\"true\" data-processed=\"true\">Mi teszi k\u00fcl\u00f6nlegess\u00e9?<\/strong><\/div>\n<ul class=\"KsbFXc U6u95\" data-sfc-cb=\"\" data-complete=\"true\" data-processed=\"true\">\n<li class=\"dF3vjf\" data-sfc-cb=\"\" data-hveid=\"CAEIBhAA\" data-complete=\"true\" data-sae=\"\"><span class=\"T286Pc\" data-sfc-cp=\"\" data-sfc-cb=\"\" data-complete=\"true\"><strong class=\"Yjhzub\" data-sfc-cb=\"\" data-complete=\"true\">Extra puha tapint\u00e1s:<\/strong> Magas min\u0151s\u00e9g\u0171, bolyhos bels\u0151vel rendelkez\u0151 anyag, ami melegen tart \u00e9s k\u00e9nyezteti a b\u0151r\u00f6det. \ud83d\udd25\u2601\ufe0f<\/span><\/li>\n<li class=\"dF3vjf\" data-sfc-cb=\"\" data-hveid=\"CAEIBhAB\" data-complete=\"true\" data-sae=\"\"><span class=\"T286Pc\" data-sfc-cp=\"\" data-sfc-cb=\"\" data-complete=\"true\"><strong class=\"Yjhzub\" data-sfc-cb=\"\" data-complete=\"true\">H\u00edmzett elegancia:<\/strong> A mellkason tal\u00e1lhat\u00f3 nagym\u00e9ret\u0171, textur\u00e1lt <strong class=\"Yjhzub\" data-sfc-cb=\"\" data-complete=\"true\">OLAVOGA<\/strong> felirat \u00e9s a finom h\u00edmz\u00e9sek teszik igaz\u00e1n egyediv\u00e9. \ud83e\uddf5\ud83d\udc8e<\/span><\/li>\n<li class=\"dF3vjf\" data-sfc-cb=\"\" data-hveid=\"CAEIBhAC\" data-complete=\"true\" data-sae=\"\"><span class=\"T286Pc\" data-sfc-cp=\"\" data-sfc-cb=\"\" data-complete=\"true\"><strong class=\"Yjhzub\" data-sfc-cb=\"\" data-complete=\"true\">Trendi fazon:<\/strong> Kicsit b\u0151vebb, de m\u00e9gis n\u0151ies szab\u00e1s, ami minden testalkaton j\u00f3l mutat. \ud83d\udc57<\/span><\/li>\n<li class=\"dF3vjf\" data-sfc-cb=\"\" data-hveid=\"CAEIBhAD\" data-complete=\"true\" data-sae=\"\"><span class=\"T286Pc\" data-sfc-cp=\"\" data-sfc-cb=\"\" data-complete=\"true\"><strong class=\"Yjhzub\" data-sfc-cb=\"\" data-complete=\"true\">V\u00e1ltozatos sz\u00ednek:<\/strong> A MARIGOLD kollekci\u00f3 vibr\u00e1l\u00f3 \u00e9s pasztell sz\u00ednei seg\u00edtenek kifejezni az egy\u00e9nis\u00e9gedet. \ud83c\udfa8<\/span><\/li>\n<\/ul>\n<div class=\"Fsg96\" data-sfc-cp=\"\" data-sfc-cb=\"\" data-complete=\"true\" data-processed=\"true\"><\/div>\n<hr class=\"j3tEEe\" data-sfc-pl=\"|[]\" data-sfc-cb=\"\" data-complete=\"true\" data-processed=\"true\" data-sae=\"\" \/>\n<div class=\"Fsg96\" data-sfc-cp=\"\" data-sfc-cb=\"\" data-complete=\"true\" data-processed=\"true\"><\/div>\n<div class=\"otQkpb\" role=\"heading\" aria-level=\"3\" data-animation-nesting=\"\" data-sfc-cp=\"\" data-sfc-cb=\"\" data-complete=\"true\" data-processed=\"true\" data-sae=\"\"><strong class=\"Yjhzub\" data-sfc-cb=\"\" data-complete=\"true\">\ud83d\udc51 Fashion Universum St\u00edlustipp:<\/strong><\/div>\n<ol class=\"IaGLZe VimKh\" data-sfc-cb=\"\" data-complete=\"true\" data-processed=\"true\">\n<li class=\"dF3vjf\" data-sfc-cb=\"\" data-hveid=\"CAEICRAA\" data-complete=\"true\" data-sae=\"\"><span class=\"T286Pc\" data-sfc-cp=\"\" data-sfc-cb=\"\" data-complete=\"true\"><strong class=\"Yjhzub\" data-sfc-cb=\"\" data-complete=\"true\">Casual Lux:<\/strong> P\u00e1ros\u00edtsd a kor\u00e1bban bemutatott <strong class=\"Yjhzub\" data-sfc-cb=\"\" data-complete=\"true\">CATWALK leggings<\/strong>-szel \u00e9s egy vastag talp\u00fa sneakerrel a t\u00f6k\u00e9letes h\u00e9tk\u00f6znapi szetthez. \ud83d\udc5f\ud83d\udda4<\/span><\/li>\n<li class=\"dF3vjf\" data-sfc-cb=\"\" data-hveid=\"CAEICRAB\" data-complete=\"true\" data-sae=\"\"><span class=\"T286Pc\" data-sfc-cp=\"\" data-sfc-cb=\"\" data-complete=\"true\"><strong class=\"Yjhzub\" data-sfc-cb=\"\" data-complete=\"true\">Chic &amp; Cozy:<\/strong> Vedd fel egy farmerral \u00e9s egy eleg\u00e1ns sz\u00f6vetkab\u00e1ttal, ha a v\u00e1rosban van dolgod, de nem akarsz lemondani a k\u00e9nyelemr\u0151l sem. \ud83c\udfd9\ufe0f\ud83e\udde5<\/span><\/li>\n<li class=\"dF3vjf\" data-sfc-cb=\"\" data-hveid=\"CAEICRAC\" data-complete=\"true\" data-sae=\"\"><span class=\"T286Pc\" data-sfc-cp=\"\" data-sfc-cb=\"\" data-complete=\"true\"><strong class=\"Yjhzub\" data-sfc-cb=\"\" data-complete=\"true\">Home Office Diva:<\/strong> Otthon is lehetsz st\u00edlusos! Egy k\u00e9nyelmes biciklis nadr\u00e1ggal \u00e9s egy konttyal igazi &#8222;cool girl&#8221; hat\u00e1st keltesz. \ud83c\udfe0\u2615<\/span><\/li>\n<\/ol>\n<div class=\"Fsg96\" data-sfc-cp=\"\" data-sfc-cb=\"\" data-complete=\"true\" data-processed=\"true\"><\/div>\n<hr class=\"j3tEEe\" data-sfc-pl=\"|[]\" data-sfc-cb=\"\" data-complete=\"true\" data-processed=\"true\" data-sae=\"\" \/>\n<div class=\"Y3BBE\" data-sfc-cp=\"\" data-sfc-cb=\"\" data-hveid=\"CAEICxAA\" data-processed=\"true\" data-complete=\"true\" aria-owns=\"action-menu-parent-container\"><strong class=\"Yjhzub\" data-sfc-cb=\"\" data-complete=\"true\" data-processed=\"true\">Friss\u00edtsd fel a gardr\u00f3bod az OLAVOGA MARIGOLD pul\u00f3verrel a Fashion Universum-n\u00e1l!<\/strong> \ud83d\udecd\ufe0f\u2728<\/div>\n<p><strong>M\u00e9ret: UNI<\/strong><\/p>\n<ul>\n<li><strong>Mellb\u0151s\u00e9g<\/strong> (anyag 12 cm-ig ny\u00falik): 108 cm<\/li>\n<li><strong>Teljes hossz<\/strong>: 57 cm<\/li>\n<li><strong>K\u00fcls\u0151 ujjhossz<\/strong>: 51 cm<\/li>\n<li><strong>Bels\u0151 ujjhossz<\/strong>: 46 cm<\/li>\n<\/ul>\n<p>A ruh\u00e1kat fektetve m\u00e9rik, ez\u00e9rt az egyes m\u00e9retek elt\u00e9rhetnek +\/- 2 cm-t\u0151l.<\/p>\n","protected":false},"excerpt":{"rendered":"<p>\ud83c\udf3c OLAVOGA MARIGOLD Pul\u00f3ver \u2013 Puha \u00d6lel\u00e9s, Luxus Kivitelben \ud83c\udf3c V\u00e1gysz egy olyan darabra, ami egyszerre k\u00e9nyelmes \u00e9s elk\u00e9peszt\u0151en st\u00edlusos? Az OLAVOGA MARIGOLD pul\u00f3ver a &hellip; <\/p>\n","protected":false},"featured_media":634,"template":"","meta":[],"product_brand":[78],"product_cat":[16,19,28,25,41],"product_tag":[],"class_list":{"0":"post-1763","1":"product","2":"type-product","3":"status-publish","4":"has-post-thumbnail","6":"product_brand-olavoga","7":"product_cat-akcios-termekek","8":"product_cat-markak","9":"product_cat-olavoga","10":"product_cat-noi-ruhazat-hu","11":"product_cat-puloverek","13":"first","14":"instock","15":"sale","16":"shipping-taxable","17":"purchasable","18":"product-type-variable"},"yoast_head":"<!-- This site is optimized with the Yoast SEO plugin v26.7 - https:\/\/yoast.com\/wordpress\/plugins\/seo\/ -->\n<title>OLAVOGA MARIGOLD Pul\u00f3ver \ud83c\udf3c Fashion Universum<\/title>\n<meta name=\"description\" content=\"OLAVOGA MARIGOLD pul\u00f3ver \u2728 Puha, st\u00edlusos \u00e9s pr\u00e9mium min\u0151s\u00e9g a Fashion Universum-t\u00f3l! \ud83c\udf3c V\u00e1laszd a luxus k\u00e9nyelmet minden nap! \ud83d\uded2 Rendeld meg most! \ud83d\udc96\" \/>\n<meta name=\"robots\" content=\"index, follow, max-snippet:-1, max-image-preview:large, max-video-preview:-1\" \/>\n<link rel=\"canonical\" href=\"https:\/\/fashionuniversum.com\/?product=olavoga-marigold-pulover\" \/>\n<meta property=\"og:locale\" content=\"hu_HU\" \/>\n<meta property=\"og:type\" content=\"article\" \/>\n<meta property=\"og:title\" content=\"OLAVOGA MARIGOLD Pul\u00f3ver \ud83c\udf3c Fashion Universum\" \/>\n<meta property=\"og:description\" content=\"OLAVOGA MARIGOLD pul\u00f3ver \u2728 Puha, st\u00edlusos \u00e9s pr\u00e9mium min\u0151s\u00e9g a Fashion Universum-t\u00f3l! \ud83c\udf3c V\u00e1laszd a luxus k\u00e9nyelmet minden nap! \ud83d\uded2 Rendeld meg most! \ud83d\udc96\" \/>\n<meta property=\"og:url\" content=\"https:\/\/fashionuniversum.com\/?product=olavoga-marigold-pulover\" \/>\n<meta property=\"og:site_name\" content=\"Fashion Universum\" \/>\n<meta property=\"article:modified_time\" content=\"2026-03-18T08:55:18+00:00\" \/>\n<meta property=\"og:image\" content=\"https:\/\/fashionuniversum.com\/wp-content\/uploads\/2026\/01\/bluza-MARIGOLD-480-scaled-1.jpg\" \/>\n\t<meta property=\"og:image:width\" content=\"1920\" \/>\n\t<meta property=\"og:image:height\" content=\"2560\" \/>\n\t<meta property=\"og:image:type\" content=\"image\/jpeg\" \/>\n<meta name=\"twitter:card\" content=\"summary_large_image\" \/>\n<meta name=\"twitter:label1\" content=\"Becs\u00fclt olvas\u00e1si id\u0151\" \/>\n\t<meta name=\"twitter:data1\" content=\"2 perc\" \/>\n<script type=\"application\/ld+json\" class=\"yoast-schema-graph\">{\"@context\":\"https:\/\/schema.org\",\"@graph\":[{\"@type\":\"WebPage\",\"@id\":\"https:\/\/fashionuniversum.com\/?product=olavoga-marigold-pulover\",\"url\":\"https:\/\/fashionuniversum.com\/?product=olavoga-marigold-pulover\",\"name\":\"OLAVOGA MARIGOLD Pul\u00f3ver \ud83c\udf3c Fashion Universum\",\"isPartOf\":{\"@id\":\"https:\/\/fashionuniversum.com\/#website\"},\"primaryImageOfPage\":{\"@id\":\"https:\/\/fashionuniversum.com\/?product=olavoga-marigold-pulover#primaryimage\"},\"image\":{\"@id\":\"https:\/\/fashionuniversum.com\/?product=olavoga-marigold-pulover#primaryimage\"},\"thumbnailUrl\":\"https:\/\/fashionuniversum.com\/wp-content\/uploads\/2026\/01\/bluza-MARIGOLD-480-scaled-1.jpg\",\"datePublished\":\"2026-01-22T14:10:09+00:00\",\"dateModified\":\"2026-03-18T08:55:18+00:00\",\"description\":\"OLAVOGA MARIGOLD pul\u00f3ver \u2728 Puha, st\u00edlusos \u00e9s pr\u00e9mium min\u0151s\u00e9g a Fashion Universum-t\u00f3l! \ud83c\udf3c V\u00e1laszd a luxus k\u00e9nyelmet minden nap! \ud83d\uded2 Rendeld meg most! \ud83d\udc96\",\"breadcrumb\":{\"@id\":\"https:\/\/fashionuniversum.com\/?product=olavoga-marigold-pulover#breadcrumb\"},\"inLanguage\":\"hu\",\"potentialAction\":[{\"@type\":\"ReadAction\",\"target\":[\"https:\/\/fashionuniversum.com\/?product=olavoga-marigold-pulover\"]}]},{\"@type\":\"ImageObject\",\"inLanguage\":\"hu\",\"@id\":\"https:\/\/fashionuniversum.com\/?product=olavoga-marigold-pulover#primaryimage\",\"url\":\"https:\/\/fashionuniversum.com\/wp-content\/uploads\/2026\/01\/bluza-MARIGOLD-480-scaled-1.jpg\",\"contentUrl\":\"https:\/\/fashionuniversum.com\/wp-content\/uploads\/2026\/01\/bluza-MARIGOLD-480-scaled-1.jpg\",\"width\":1920,\"height\":2560,\"caption\":\"OLAVOGA MARIGOLD pul\u00f3ver\"},{\"@type\":\"BreadcrumbList\",\"@id\":\"https:\/\/fashionuniversum.com\/?product=olavoga-marigold-pulover#breadcrumb\",\"itemListElement\":[{\"@type\":\"ListItem\",\"position\":1,\"name\":\"Kezd\u0151lap\",\"item\":\"https:\/\/fashionuniversum.com\/\"},{\"@type\":\"ListItem\",\"position\":2,\"name\":\"Kezd\u0151lap\",\"item\":\"https:\/\/fashionuniversum.com\/\"},{\"@type\":\"ListItem\",\"position\":3,\"name\":\"OLAVOGA MARIGOLD pul\u00f3ver\"}]},{\"@type\":\"WebSite\",\"@id\":\"https:\/\/fashionuniversum.com\/#website\",\"url\":\"https:\/\/fashionuniversum.com\/\",\"name\":\"Fashion Universum\",\"description\":\"\",\"publisher\":{\"@id\":\"https:\/\/fashionuniversum.com\/#organization\"},\"potentialAction\":[{\"@type\":\"SearchAction\",\"target\":{\"@type\":\"EntryPoint\",\"urlTemplate\":\"https:\/\/fashionuniversum.com\/?s={search_term_string}\"},\"query-input\":{\"@type\":\"PropertyValueSpecification\",\"valueRequired\":true,\"valueName\":\"search_term_string\"}}],\"inLanguage\":\"hu\"},{\"@type\":\"Organization\",\"@id\":\"https:\/\/fashionuniversum.com\/#organization\",\"name\":\"Fashion Universum\",\"url\":\"https:\/\/fashionuniversum.com\/\",\"logo\":{\"@type\":\"ImageObject\",\"inLanguage\":\"hu\",\"@id\":\"https:\/\/fashionuniversum.com\/#\/schema\/logo\/image\/\",\"url\":\"https:\/\/fashionuniversum.com\/wp-content\/uploads\/2026\/02\/cropped-cropped-imaaage.jpg\",\"contentUrl\":\"https:\/\/fashionuniversum.com\/wp-content\/uploads\/2026\/02\/cropped-cropped-imaaage.jpg\",\"width\":1389,\"height\":285,\"caption\":\"Fashion Universum\"},\"image\":{\"@id\":\"https:\/\/fashionuniversum.com\/#\/schema\/logo\/image\/\"}}]}<\/script>\n<!-- \/ Yoast SEO plugin. -->","yoast_head_json":{"title":"OLAVOGA MARIGOLD Pul\u00f3ver \ud83c\udf3c Fashion Universum","description":"OLAVOGA MARIGOLD pul\u00f3ver \u2728 Puha, st\u00edlusos \u00e9s pr\u00e9mium min\u0151s\u00e9g a Fashion Universum-t\u00f3l! \ud83c\udf3c V\u00e1laszd a luxus k\u00e9nyelmet minden nap! \ud83d\uded2 Rendeld meg most! \ud83d\udc96","robots":{"index":"index","follow":"follow","max-snippet":"max-snippet:-1","max-image-preview":"max-image-preview:large","max-video-preview":"max-video-preview:-1"},"canonical":"https:\/\/fashionuniversum.com\/?product=olavoga-marigold-pulover","og_locale":"hu_HU","og_type":"article","og_title":"OLAVOGA MARIGOLD Pul\u00f3ver \ud83c\udf3c Fashion Universum","og_description":"OLAVOGA MARIGOLD pul\u00f3ver \u2728 Puha, st\u00edlusos \u00e9s pr\u00e9mium min\u0151s\u00e9g a Fashion Universum-t\u00f3l! \ud83c\udf3c V\u00e1laszd a luxus k\u00e9nyelmet minden nap! \ud83d\uded2 Rendeld meg most! \ud83d\udc96","og_url":"https:\/\/fashionuniversum.com\/?product=olavoga-marigold-pulover","og_site_name":"Fashion Universum","article_modified_time":"2026-03-18T08:55:18+00:00","og_image":[{"width":1920,"height":2560,"url":"https:\/\/fashionuniversum.com\/wp-content\/uploads\/2026\/01\/bluza-MARIGOLD-480-scaled-1.jpg","type":"image\/jpeg"}],"twitter_card":"summary_large_image","twitter_misc":{"Becs\u00fclt olvas\u00e1si id\u0151":"2 perc"},"schema":{"@context":"https:\/\/schema.org","@graph":[{"@type":"WebPage","@id":"https:\/\/fashionuniversum.com\/?product=olavoga-marigold-pulover","url":"https:\/\/fashionuniversum.com\/?product=olavoga-marigold-pulover","name":"OLAVOGA MARIGOLD Pul\u00f3ver \ud83c\udf3c Fashion Universum","isPartOf":{"@id":"https:\/\/fashionuniversum.com\/#website"},"primaryImageOfPage":{"@id":"https:\/\/fashionuniversum.com\/?product=olavoga-marigold-pulover#primaryimage"},"image":{"@id":"https:\/\/fashionuniversum.com\/?product=olavoga-marigold-pulover#primaryimage"},"thumbnailUrl":"https:\/\/fashionuniversum.com\/wp-content\/uploads\/2026\/01\/bluza-MARIGOLD-480-scaled-1.jpg","datePublished":"2026-01-22T14:10:09+00:00","dateModified":"2026-03-18T08:55:18+00:00","description":"OLAVOGA MARIGOLD pul\u00f3ver \u2728 Puha, st\u00edlusos \u00e9s pr\u00e9mium min\u0151s\u00e9g a Fashion Universum-t\u00f3l! \ud83c\udf3c V\u00e1laszd a luxus k\u00e9nyelmet minden nap! \ud83d\uded2 Rendeld meg most! \ud83d\udc96","breadcrumb":{"@id":"https:\/\/fashionuniversum.com\/?product=olavoga-marigold-pulover#breadcrumb"},"inLanguage":"hu","potentialAction":[{"@type":"ReadAction","target":["https:\/\/fashionuniversum.com\/?product=olavoga-marigold-pulover"]}]},{"@type":"ImageObject","inLanguage":"hu","@id":"https:\/\/fashionuniversum.com\/?product=olavoga-marigold-pulover#primaryimage","url":"https:\/\/fashionuniversum.com\/wp-content\/uploads\/2026\/01\/bluza-MARIGOLD-480-scaled-1.jpg","contentUrl":"https:\/\/fashionuniversum.com\/wp-content\/uploads\/2026\/01\/bluza-MARIGOLD-480-scaled-1.jpg","width":1920,"height":2560,"caption":"OLAVOGA MARIGOLD pul\u00f3ver"},{"@type":"BreadcrumbList","@id":"https:\/\/fashionuniversum.com\/?product=olavoga-marigold-pulover#breadcrumb","itemListElement":[{"@type":"ListItem","position":1,"name":"Kezd\u0151lap","item":"https:\/\/fashionuniversum.com\/"},{"@type":"ListItem","position":2,"name":"Kezd\u0151lap","item":"https:\/\/fashionuniversum.com\/"},{"@type":"ListItem","position":3,"name":"OLAVOGA MARIGOLD pul\u00f3ver"}]},{"@type":"WebSite","@id":"https:\/\/fashionuniversum.com\/#website","url":"https:\/\/fashionuniversum.com\/","name":"Fashion Universum","description":"","publisher":{"@id":"https:\/\/fashionuniversum.com\/#organization"},"potentialAction":[{"@type":"SearchAction","target":{"@type":"EntryPoint","urlTemplate":"https:\/\/fashionuniversum.com\/?s={search_term_string}"},"query-input":{"@type":"PropertyValueSpecification","valueRequired":true,"valueName":"search_term_string"}}],"inLanguage":"hu"},{"@type":"Organization","@id":"https:\/\/fashionuniversum.com\/#organization","name":"Fashion Universum","url":"https:\/\/fashionuniversum.com\/","logo":{"@type":"ImageObject","inLanguage":"hu","@id":"https:\/\/fashionuniversum.com\/#\/schema\/logo\/image\/","url":"https:\/\/fashionuniversum.com\/wp-content\/uploads\/2026\/02\/cropped-cropped-imaaage.jpg","contentUrl":"https:\/\/fashionuniversum.com\/wp-content\/uploads\/2026\/02\/cropped-cropped-imaaage.jpg","width":1389,"height":285,"caption":"Fashion Universum"},"image":{"@id":"https:\/\/fashionuniversum.com\/#\/schema\/logo\/image\/"}}]}},"_links":{"self":[{"href":"https:\/\/fashionuniversum.com\/index.php?rest_route=\/wp\/v2\/product\/1763","targetHints":{"allow":["GET"]}}],"collection":[{"href":"https:\/\/fashionuniversum.com\/index.php?rest_route=\/wp\/v2\/product"}],"about":[{"href":"https:\/\/fashionuniversum.com\/index.php?rest_route=\/wp\/v2\/types\/product"}],"wp:featuredmedia":[{"embeddable":true,"href":"https:\/\/fashionuniversum.com\/index.php?rest_route=\/wp\/v2\/media\/634"}],"wp:attachment":[{"href":"https:\/\/fashionuniversum.com\/index.php?rest_route=%2Fwp%2Fv2%2Fmedia&parent=1763"}],"wp:term":[{"taxonomy":"product_brand","embeddable":true,"href":"https:\/\/fashionuniversum.com\/index.php?rest_route=%2Fwp%2Fv2%2Fproduct_brand&post=1763"},{"taxonomy":"product_cat","embeddable":true,"href":"https:\/\/fashionuniversum.com\/index.php?rest_route=%2Fwp%2Fv2%2Fproduct_cat&post=1763"},{"taxonomy":"product_tag","embeddable":true,"href":"https:\/\/fashionuniversum.com\/index.php?rest_route=%2Fwp%2Fv2%2Fproduct_tag&post=1763"}],"curies":[{"name":"wp","href":"https:\/\/api.w.org\/{rel}","templated":true}]}}