{"id":1738,"date":"2026-01-22T14:10:07","date_gmt":"2026-01-22T14:10:07","guid":{"rendered":"https:\/\/fashionuniversum.com\/?post_type=product&#038;p=1738"},"modified":"2026-03-18T09:34:55","modified_gmt":"2026-03-18T09:34:55","slug":"lulucastagnette-taska-2","status":"publish","type":"product","link":"https:\/\/fashionuniversum.com\/?product=lulucastagnette-taska-2","title":{"rendered":"LULU CASTAGNETTE t\u00e1ska"},"content":{"rendered":"<div class=\"AdPoic\" role=\"heading\" aria-level=\"3\" data-animation-nesting=\"\" data-sfc-cp=\"\" data-sfc-cb=\"\" data-complete=\"true\" data-processed=\"true\" data-sae=\"\"><strong class=\"Yjhzub\" data-sfc-cb=\"\" data-complete=\"true\">\ud83e\uddf8 LULU CASTAGNETTE t\u00e1ska \u2013 V\u00e1laszd a st\u00edlusodhoz ill\u0151 sz\u00ednt! \ud83e\uddf8<\/strong><\/div>\n<div class=\"Y3BBE\" data-sfc-cp=\"\" data-sfc-cb=\"\" data-hveid=\"CAEIBhAA\" data-complete=\"true\" data-processed=\"true\">Ez a francia kedvenc most k\u00e9t alapdarab sz\u00ednben is el\u00e9rhet\u0151 a <strong class=\"Yjhzub\" data-sfc-cb=\"\" data-complete=\"true\" data-processed=\"true\">Fashion Universum<\/strong> k\u00edn\u00e1lat\u00e1ban! Ak\u00e1r a klasszikus eleganci\u00e1t, ak\u00e1r a l\u00e1gyabb t\u00f3nusokat kedveled, n\u00e1lunk megtal\u00e1lod a t\u00f6k\u00e9letes t\u00e1rsat a mindennapokhoz. \u2728<\/div>\n<div class=\"Y3BBE\" data-sfc-cp=\"\" data-sfc-cb=\"\" data-hveid=\"CAEIBxAA\" data-complete=\"true\" data-processed=\"true\"><strong class=\"Yjhzub\" data-sfc-cb=\"\" data-complete=\"true\" data-processed=\"true\">El\u00e9rhet\u0151 sz\u00ednek:<\/strong><\/div>\n<ul class=\"KsbFXc U6u95\" data-sfc-cb=\"\" data-complete=\"true\" data-processed=\"true\">\n<li class=\"dF3vjf\" data-sfc-cb=\"\" data-hveid=\"CAEICBAA\" data-complete=\"true\" data-sae=\"\"><span class=\"T286Pc\" data-sfc-cp=\"\" data-sfc-cb=\"\" data-complete=\"true\"><strong class=\"Yjhzub\" data-sfc-cb=\"\" data-complete=\"true\">Klasszikus Fekete:<\/strong> Az \u00f6r\u00f6k darab, ami mindenhez passzol. \ud83d\udda4<\/span><\/li>\n<li class=\"dF3vjf\" data-sfc-cb=\"\" data-hveid=\"CAEICBAB\" data-complete=\"true\" data-sae=\"\"><span class=\"T286Pc\" data-sfc-cp=\"\" data-sfc-cb=\"\" data-complete=\"true\"><strong class=\"Yjhzub\" data-sfc-cb=\"\" data-complete=\"true\">Eleg\u00e1ns B\u00e9zs:<\/strong> A t\u00f6k\u00e9letes &#8222;nude&#8221; \u00e1rnyalat, ami vil\u00e1gosabb szettekhez \u00e9s a tavaszi-ny\u00e1ri szezonhoz is im\u00e1dnival\u00f3. \ud83e\udde5\u2728<\/span><\/li>\n<\/ul>\n<div class=\"Y3BBE\" data-sfc-cp=\"\" data-sfc-cb=\"\" data-hveid=\"CAEICRAA\" data-complete=\"true\" data-processed=\"true\"><strong class=\"Yjhzub\" data-sfc-cb=\"\" data-complete=\"true\" data-processed=\"true\">Mi\u00e9rt lesz a kedvenc kieg\u00e9sz\u00edt\u0151d?<\/strong><\/div>\n<ul class=\"KsbFXc U6u95\" data-sfc-cb=\"\" data-complete=\"true\" data-processed=\"true\">\n<li class=\"dF3vjf\" data-sfc-cb=\"\" data-hveid=\"CAEIChAA\" data-complete=\"true\" data-sae=\"\"><span class=\"T286Pc\" data-sfc-cp=\"\" data-sfc-cb=\"\" data-complete=\"true\"><strong class=\"Yjhzub\" data-sfc-cb=\"\" data-complete=\"true\">H\u00e1romszoros rendszerez\u00e9s:<\/strong> 3 k\u00fcl\u00f6n\u00e1ll\u00f3 cipz\u00e1ras rekesz a telefonnak, k\u00e1rty\u00e1knak \u00e9s kulcsoknak. \ud83d\udcf1\ud83d\udd11\ud83d\udcb3<\/span><\/li>\n<li class=\"dF3vjf\" data-sfc-cb=\"\" data-hveid=\"CAEIChAB\" data-complete=\"true\" data-sae=\"\"><span class=\"T286Pc\" data-sfc-cp=\"\" data-sfc-cb=\"\" data-complete=\"true\"><strong class=\"Yjhzub\" data-sfc-cb=\"\" data-complete=\"true\">Pr\u00e9mium r\u00e9szletek:<\/strong> Textur\u00e1lt fel\u00fclet, arany sz\u00edn\u0171 cipz\u00e1rak \u00e9s az ikonikus Lulu mack\u00f3 embl\u00e9ma. \ud83e\uddf8\ud83d\udc9b<\/span><\/li>\n<li class=\"dF3vjf\" data-sfc-cb=\"\" data-hveid=\"CAEIChAC\" data-complete=\"true\" data-sae=\"\"><span class=\"T286Pc\" data-sfc-cp=\"\" data-sfc-cb=\"\" data-complete=\"true\"><strong class=\"Yjhzub\" data-sfc-cb=\"\" data-complete=\"true\">Kompakt m\u00e9ret:<\/strong> 11,5 cm x 18 cm x 6,5 cm \u2013 pont akkora, amekkor\u00e1ra sz\u00fcks\u00e9ged van!<\/span><\/li>\n<\/ul>\n<div class=\"Fsg96\" data-sfc-cp=\"\" data-sfc-cb=\"\" data-complete=\"true\" data-processed=\"true\"><\/div>\n<hr class=\"j3tEEe\" data-sfc-pl=\"|[]\" data-sfc-cb=\"\" data-complete=\"true\" data-processed=\"true\" data-sae=\"\" \/>\n<div class=\"Fsg96\" data-sfc-cp=\"\" data-sfc-cb=\"\" data-complete=\"true\" data-processed=\"true\"><\/div>\n<div class=\"AdPoic\" role=\"heading\" aria-level=\"3\" data-animation-nesting=\"\" data-sfc-cp=\"\" data-sfc-cb=\"\" data-complete=\"true\" data-processed=\"true\" data-sae=\"\"><strong class=\"Yjhzub\" data-sfc-cb=\"\" data-complete=\"true\">\ud83c\udf1f Fashion Universum St\u00edlustipp a LULU CASTAGNETTE t\u00e1ska b\u00e9zs vari\u00e1ci\u00f3hoz:<\/strong><\/div>\n<ol class=\"IaGLZe VimKh\" data-sfc-cb=\"\" data-complete=\"true\" data-processed=\"true\">\n<li class=\"dF3vjf\" data-sfc-cb=\"\" data-hveid=\"CAEIDRAA\" data-complete=\"true\" data-sae=\"\"><span class=\"T286Pc\" data-sfc-cp=\"\" data-sfc-cb=\"\" data-complete=\"true\"><strong class=\"Yjhzub\" data-sfc-cb=\"\" data-complete=\"true\">Beige Monokr\u00f3m:<\/strong> Viseld az <strong class=\"Yjhzub\" data-sfc-cb=\"\" data-complete=\"true\">OLAVOGA MARIGOLD<\/strong> pul\u00f3vered mell\u00e9 egy hasonl\u00f3 t\u00f3nus\u00fa nadr\u00e1ggal a tiszta, luxus hat\u00e1s\u00fa megjelen\u00e9s\u00e9rt. \ud83d\udd4a\ufe0f\u2728<\/span><\/li>\n<li class=\"dF3vjf\" data-sfc-cb=\"\" data-hveid=\"CAEIDRAB\" data-complete=\"true\" data-sae=\"\"><span class=\"T286Pc\" data-sfc-cp=\"\" data-sfc-cb=\"\" data-complete=\"true\"><strong class=\"Yjhzub\" data-sfc-cb=\"\" data-complete=\"true\">Spring Glow:<\/strong> Egy k\u00e9k farmerral \u00e9s feh\u00e9r inggel a b\u00e9zs t\u00e1ska azonnal finom\u00edtja \u00e9s n\u0151iess\u00e9 teszi az \u00f6sszk\u00e9pet. \ud83c\udf38\ud83d\udc56<\/span><\/li>\n<li class=\"dF3vjf\" data-sfc-cb=\"\" data-hveid=\"CAEIDRAC\" data-complete=\"true\" data-sae=\"\"><span class=\"T286Pc\" data-sfc-cp=\"\" data-sfc-cb=\"\" data-complete=\"true\"><strong class=\"Yjhzub\" data-sfc-cb=\"\" data-complete=\"true\">Ton-in-Ton:<\/strong> P\u00e1ros\u00edtsd barna vagy tevesz\u00edn\u0171 kab\u00e1ttal a r\u00e9teges, \u0151szi\/tavaszi st\u00edlushoz. \ud83c\udf42\ud83e\udde5<\/span><\/li>\n<\/ol>\n","protected":false},"excerpt":{"rendered":"<p>\ud83e\uddf8 LULU CASTAGNETTE t\u00e1ska \u2013 V\u00e1laszd a st\u00edlusodhoz ill\u0151 sz\u00ednt! \ud83e\uddf8 Ez a francia kedvenc most k\u00e9t alapdarab sz\u00ednben is el\u00e9rhet\u0151 a Fashion Universum k\u00edn\u00e1lat\u00e1ban! &hellip; <\/p>\n","protected":false},"featured_media":497,"template":"","meta":[],"product_brand":[],"product_cat":[20,74,25,44,52],"product_tag":[],"class_list":{"0":"post-1738","1":"product","2":"type-product","3":"status-publish","4":"has-post-thumbnail","6":"product_cat-markak-de","7":"product_cat-lulucastagnette-markak-de","8":"product_cat-noi-ruhazat-hu","9":"product_cat-kiegeszitok","10":"product_cat-taskak-noi-ruhazat-hu","12":"first","13":"instock","14":"shipping-taxable","15":"purchasable","16":"product-type-variable"},"yoast_head":"<!-- This site is optimized with the Yoast SEO plugin v26.7 - https:\/\/yoast.com\/wordpress\/plugins\/seo\/ -->\n<title>LULU CASTAGNETTE T\u00e1ska (B\u00e9zs) \ud83e\uddf8 Fashion Universum<\/title>\n<meta name=\"description\" content=\"LULU CASTAGNETTE t\u00e1ska fekete \u00e9s b\u00e9zs sz\u00ednben! \u2728 3 rekeszes praktikum a Fashion Universum-n\u00e1l! \ud83e\uddf8 V\u00e1laszd a francia st\u00edlust minden nap! \ud83d\uded2\" \/>\n<meta name=\"robots\" content=\"index, follow, max-snippet:-1, max-image-preview:large, max-video-preview:-1\" \/>\n<link rel=\"canonical\" href=\"https:\/\/fashionuniversum.com\/?product=lulucastagnette-taska-2\" \/>\n<meta property=\"og:locale\" content=\"hu_HU\" \/>\n<meta property=\"og:type\" content=\"article\" \/>\n<meta property=\"og:title\" content=\"LULU CASTAGNETTE T\u00e1ska (B\u00e9zs) \ud83e\uddf8 Fashion Universum\" \/>\n<meta property=\"og:description\" content=\"LULU CASTAGNETTE t\u00e1ska fekete \u00e9s b\u00e9zs sz\u00ednben! \u2728 3 rekeszes praktikum a Fashion Universum-n\u00e1l! \ud83e\uddf8 V\u00e1laszd a francia st\u00edlust minden nap! \ud83d\uded2\" \/>\n<meta property=\"og:url\" content=\"https:\/\/fashionuniversum.com\/?product=lulucastagnette-taska-2\" \/>\n<meta property=\"og:site_name\" content=\"Fashion Universum\" \/>\n<meta property=\"article:modified_time\" content=\"2026-03-18T09:34:55+00:00\" \/>\n<meta property=\"og:image\" content=\"https:\/\/fashionuniversum.com\/wp-content\/uploads\/2026\/01\/torebka_damska_a24012_taupe.jpg\" \/>\n\t<meta property=\"og:image:width\" content=\"800\" \/>\n\t<meta property=\"og:image:height\" content=\"700\" \/>\n\t<meta property=\"og:image:type\" content=\"image\/jpeg\" \/>\n<meta name=\"twitter:card\" content=\"summary_large_image\" \/>\n<meta name=\"twitter:label1\" content=\"Becs\u00fclt olvas\u00e1si id\u0151\" \/>\n\t<meta name=\"twitter:data1\" content=\"2 perc\" \/>\n<script type=\"application\/ld+json\" class=\"yoast-schema-graph\">{\"@context\":\"https:\/\/schema.org\",\"@graph\":[{\"@type\":\"WebPage\",\"@id\":\"https:\/\/fashionuniversum.com\/?product=lulucastagnette-taska-2\",\"url\":\"https:\/\/fashionuniversum.com\/?product=lulucastagnette-taska-2\",\"name\":\"LULU CASTAGNETTE T\u00e1ska (B\u00e9zs) \ud83e\uddf8 Fashion Universum\",\"isPartOf\":{\"@id\":\"https:\/\/fashionuniversum.com\/#website\"},\"primaryImageOfPage\":{\"@id\":\"https:\/\/fashionuniversum.com\/?product=lulucastagnette-taska-2#primaryimage\"},\"image\":{\"@id\":\"https:\/\/fashionuniversum.com\/?product=lulucastagnette-taska-2#primaryimage\"},\"thumbnailUrl\":\"https:\/\/fashionuniversum.com\/wp-content\/uploads\/2026\/01\/torebka_damska_a24012_taupe.jpg\",\"datePublished\":\"2026-01-22T14:10:07+00:00\",\"dateModified\":\"2026-03-18T09:34:55+00:00\",\"description\":\"LULU CASTAGNETTE t\u00e1ska fekete \u00e9s b\u00e9zs sz\u00ednben! \u2728 3 rekeszes praktikum a Fashion Universum-n\u00e1l! \ud83e\uddf8 V\u00e1laszd a francia st\u00edlust minden nap! \ud83d\uded2\",\"breadcrumb\":{\"@id\":\"https:\/\/fashionuniversum.com\/?product=lulucastagnette-taska-2#breadcrumb\"},\"inLanguage\":\"hu\",\"potentialAction\":[{\"@type\":\"ReadAction\",\"target\":[\"https:\/\/fashionuniversum.com\/?product=lulucastagnette-taska-2\"]}]},{\"@type\":\"ImageObject\",\"inLanguage\":\"hu\",\"@id\":\"https:\/\/fashionuniversum.com\/?product=lulucastagnette-taska-2#primaryimage\",\"url\":\"https:\/\/fashionuniversum.com\/wp-content\/uploads\/2026\/01\/torebka_damska_a24012_taupe.jpg\",\"contentUrl\":\"https:\/\/fashionuniversum.com\/wp-content\/uploads\/2026\/01\/torebka_damska_a24012_taupe.jpg\",\"width\":800,\"height\":700,\"caption\":\"LULU CASTAGNETTE t\u00e1ska\"},{\"@type\":\"BreadcrumbList\",\"@id\":\"https:\/\/fashionuniversum.com\/?product=lulucastagnette-taska-2#breadcrumb\",\"itemListElement\":[{\"@type\":\"ListItem\",\"position\":1,\"name\":\"Kezd\u0151lap\",\"item\":\"https:\/\/fashionuniversum.com\/\"},{\"@type\":\"ListItem\",\"position\":2,\"name\":\"Kezd\u0151lap\",\"item\":\"https:\/\/fashionuniversum.com\/\"},{\"@type\":\"ListItem\",\"position\":3,\"name\":\"LULU CASTAGNETTE t\u00e1ska\"}]},{\"@type\":\"WebSite\",\"@id\":\"https:\/\/fashionuniversum.com\/#website\",\"url\":\"https:\/\/fashionuniversum.com\/\",\"name\":\"Fashion Universum\",\"description\":\"\",\"publisher\":{\"@id\":\"https:\/\/fashionuniversum.com\/#organization\"},\"potentialAction\":[{\"@type\":\"SearchAction\",\"target\":{\"@type\":\"EntryPoint\",\"urlTemplate\":\"https:\/\/fashionuniversum.com\/?s={search_term_string}\"},\"query-input\":{\"@type\":\"PropertyValueSpecification\",\"valueRequired\":true,\"valueName\":\"search_term_string\"}}],\"inLanguage\":\"hu\"},{\"@type\":\"Organization\",\"@id\":\"https:\/\/fashionuniversum.com\/#organization\",\"name\":\"Fashion Universum\",\"url\":\"https:\/\/fashionuniversum.com\/\",\"logo\":{\"@type\":\"ImageObject\",\"inLanguage\":\"hu\",\"@id\":\"https:\/\/fashionuniversum.com\/#\/schema\/logo\/image\/\",\"url\":\"https:\/\/fashionuniversum.com\/wp-content\/uploads\/2026\/02\/cropped-cropped-imaaage.jpg\",\"contentUrl\":\"https:\/\/fashionuniversum.com\/wp-content\/uploads\/2026\/02\/cropped-cropped-imaaage.jpg\",\"width\":1389,\"height\":285,\"caption\":\"Fashion Universum\"},\"image\":{\"@id\":\"https:\/\/fashionuniversum.com\/#\/schema\/logo\/image\/\"}}]}<\/script>\n<!-- \/ Yoast SEO plugin. -->","yoast_head_json":{"title":"LULU CASTAGNETTE T\u00e1ska (B\u00e9zs) \ud83e\uddf8 Fashion Universum","description":"LULU CASTAGNETTE t\u00e1ska fekete \u00e9s b\u00e9zs sz\u00ednben! \u2728 3 rekeszes praktikum a Fashion Universum-n\u00e1l! \ud83e\uddf8 V\u00e1laszd a francia st\u00edlust minden nap! \ud83d\uded2","robots":{"index":"index","follow":"follow","max-snippet":"max-snippet:-1","max-image-preview":"max-image-preview:large","max-video-preview":"max-video-preview:-1"},"canonical":"https:\/\/fashionuniversum.com\/?product=lulucastagnette-taska-2","og_locale":"hu_HU","og_type":"article","og_title":"LULU CASTAGNETTE T\u00e1ska (B\u00e9zs) \ud83e\uddf8 Fashion Universum","og_description":"LULU CASTAGNETTE t\u00e1ska fekete \u00e9s b\u00e9zs sz\u00ednben! \u2728 3 rekeszes praktikum a Fashion Universum-n\u00e1l! \ud83e\uddf8 V\u00e1laszd a francia st\u00edlust minden nap! \ud83d\uded2","og_url":"https:\/\/fashionuniversum.com\/?product=lulucastagnette-taska-2","og_site_name":"Fashion Universum","article_modified_time":"2026-03-18T09:34:55+00:00","og_image":[{"width":800,"height":700,"url":"https:\/\/fashionuniversum.com\/wp-content\/uploads\/2026\/01\/torebka_damska_a24012_taupe.jpg","type":"image\/jpeg"}],"twitter_card":"summary_large_image","twitter_misc":{"Becs\u00fclt olvas\u00e1si id\u0151":"2 perc"},"schema":{"@context":"https:\/\/schema.org","@graph":[{"@type":"WebPage","@id":"https:\/\/fashionuniversum.com\/?product=lulucastagnette-taska-2","url":"https:\/\/fashionuniversum.com\/?product=lulucastagnette-taska-2","name":"LULU CASTAGNETTE T\u00e1ska (B\u00e9zs) \ud83e\uddf8 Fashion Universum","isPartOf":{"@id":"https:\/\/fashionuniversum.com\/#website"},"primaryImageOfPage":{"@id":"https:\/\/fashionuniversum.com\/?product=lulucastagnette-taska-2#primaryimage"},"image":{"@id":"https:\/\/fashionuniversum.com\/?product=lulucastagnette-taska-2#primaryimage"},"thumbnailUrl":"https:\/\/fashionuniversum.com\/wp-content\/uploads\/2026\/01\/torebka_damska_a24012_taupe.jpg","datePublished":"2026-01-22T14:10:07+00:00","dateModified":"2026-03-18T09:34:55+00:00","description":"LULU CASTAGNETTE t\u00e1ska fekete \u00e9s b\u00e9zs sz\u00ednben! \u2728 3 rekeszes praktikum a Fashion Universum-n\u00e1l! \ud83e\uddf8 V\u00e1laszd a francia st\u00edlust minden nap! \ud83d\uded2","breadcrumb":{"@id":"https:\/\/fashionuniversum.com\/?product=lulucastagnette-taska-2#breadcrumb"},"inLanguage":"hu","potentialAction":[{"@type":"ReadAction","target":["https:\/\/fashionuniversum.com\/?product=lulucastagnette-taska-2"]}]},{"@type":"ImageObject","inLanguage":"hu","@id":"https:\/\/fashionuniversum.com\/?product=lulucastagnette-taska-2#primaryimage","url":"https:\/\/fashionuniversum.com\/wp-content\/uploads\/2026\/01\/torebka_damska_a24012_taupe.jpg","contentUrl":"https:\/\/fashionuniversum.com\/wp-content\/uploads\/2026\/01\/torebka_damska_a24012_taupe.jpg","width":800,"height":700,"caption":"LULU CASTAGNETTE t\u00e1ska"},{"@type":"BreadcrumbList","@id":"https:\/\/fashionuniversum.com\/?product=lulucastagnette-taska-2#breadcrumb","itemListElement":[{"@type":"ListItem","position":1,"name":"Kezd\u0151lap","item":"https:\/\/fashionuniversum.com\/"},{"@type":"ListItem","position":2,"name":"Kezd\u0151lap","item":"https:\/\/fashionuniversum.com\/"},{"@type":"ListItem","position":3,"name":"LULU CASTAGNETTE t\u00e1ska"}]},{"@type":"WebSite","@id":"https:\/\/fashionuniversum.com\/#website","url":"https:\/\/fashionuniversum.com\/","name":"Fashion Universum","description":"","publisher":{"@id":"https:\/\/fashionuniversum.com\/#organization"},"potentialAction":[{"@type":"SearchAction","target":{"@type":"EntryPoint","urlTemplate":"https:\/\/fashionuniversum.com\/?s={search_term_string}"},"query-input":{"@type":"PropertyValueSpecification","valueRequired":true,"valueName":"search_term_string"}}],"inLanguage":"hu"},{"@type":"Organization","@id":"https:\/\/fashionuniversum.com\/#organization","name":"Fashion Universum","url":"https:\/\/fashionuniversum.com\/","logo":{"@type":"ImageObject","inLanguage":"hu","@id":"https:\/\/fashionuniversum.com\/#\/schema\/logo\/image\/","url":"https:\/\/fashionuniversum.com\/wp-content\/uploads\/2026\/02\/cropped-cropped-imaaage.jpg","contentUrl":"https:\/\/fashionuniversum.com\/wp-content\/uploads\/2026\/02\/cropped-cropped-imaaage.jpg","width":1389,"height":285,"caption":"Fashion Universum"},"image":{"@id":"https:\/\/fashionuniversum.com\/#\/schema\/logo\/image\/"}}]}},"_links":{"self":[{"href":"https:\/\/fashionuniversum.com\/index.php?rest_route=\/wp\/v2\/product\/1738","targetHints":{"allow":["GET"]}}],"collection":[{"href":"https:\/\/fashionuniversum.com\/index.php?rest_route=\/wp\/v2\/product"}],"about":[{"href":"https:\/\/fashionuniversum.com\/index.php?rest_route=\/wp\/v2\/types\/product"}],"wp:featuredmedia":[{"embeddable":true,"href":"https:\/\/fashionuniversum.com\/index.php?rest_route=\/wp\/v2\/media\/497"}],"wp:attachment":[{"href":"https:\/\/fashionuniversum.com\/index.php?rest_route=%2Fwp%2Fv2%2Fmedia&parent=1738"}],"wp:term":[{"taxonomy":"product_brand","embeddable":true,"href":"https:\/\/fashionuniversum.com\/index.php?rest_route=%2Fwp%2Fv2%2Fproduct_brand&post=1738"},{"taxonomy":"product_cat","embeddable":true,"href":"https:\/\/fashionuniversum.com\/index.php?rest_route=%2Fwp%2Fv2%2Fproduct_cat&post=1738"},{"taxonomy":"product_tag","embeddable":true,"href":"https:\/\/fashionuniversum.com\/index.php?rest_route=%2Fwp%2Fv2%2Fproduct_tag&post=1738"}],"curies":[{"name":"wp","href":"https:\/\/api.w.org\/{rel}","templated":true}]}}