{"id":1714,"date":"2026-01-22T14:10:05","date_gmt":"2026-01-22T14:10:05","guid":{"rendered":"https:\/\/fashionuniversum.com\/?post_type=product&#038;p=1714"},"modified":"2026-01-22T14:10:07","modified_gmt":"2026-01-22T14:10:07","slug":"lamu-noi-nadrag-3","status":"publish","type":"product","link":"https:\/\/fashionuniversum.com\/?product=lamu-noi-nadrag-3","title":{"rendered":"Lamu N\u0151i Nadr\u00e1g"},"content":{"rendered":"<p>Lamu Lengyel N\u0151i Nadr\u00e1g L m\u00e9retben<\/p>\n","protected":false},"excerpt":{"rendered":"<p>Lamu Lengyel N\u0151i Nadr\u00e1g L m\u00e9retben<\/p>\n","protected":false},"featured_media":398,"template":"","meta":[],"product_brand":[],"product_cat":[19,50,25,43],"product_tag":[],"class_list":{"0":"post-1714","1":"product","2":"type-product","3":"status-publish","4":"has-post-thumbnail","6":"product_cat-markak","7":"product_cat-lamu","8":"product_cat-noi-ruhazat-hu","9":"product_cat-leggingsek-nadragok","11":"first","12":"instock","13":"shipping-taxable","14":"purchasable","15":"product-type-variable"},"yoast_head":"<!-- This site is optimized with the Yoast SEO plugin v26.7 - https:\/\/yoast.com\/wordpress\/plugins\/seo\/ -->\n<title>Lamu N\u0151i Nadr\u00e1g - Fashion Universum<\/title>\n<meta name=\"robots\" content=\"index, follow, max-snippet:-1, max-image-preview:large, max-video-preview:-1\" \/>\n<link rel=\"canonical\" href=\"https:\/\/fashionuniversum.com\/?product=lamu-noi-nadrag-3\" \/>\n<meta property=\"og:locale\" content=\"hu_HU\" \/>\n<meta property=\"og:type\" content=\"article\" \/>\n<meta property=\"og:title\" content=\"Lamu N\u0151i Nadr\u00e1g - Fashion Universum\" \/>\n<meta property=\"og:description\" content=\"Lamu Lengyel N\u0151i Nadr\u00e1g L m\u00e9retben\" \/>\n<meta property=\"og:url\" content=\"https:\/\/fashionuniversum.com\/?product=lamu-noi-nadrag-3\" \/>\n<meta property=\"og:site_name\" content=\"Fashion Universum\" \/>\n<meta property=\"article:modified_time\" content=\"2026-01-22T14:10:07+00:00\" \/>\n<meta name=\"twitter:card\" content=\"summary_large_image\" \/>\n<script type=\"application\/ld+json\" class=\"yoast-schema-graph\">{\"@context\":\"https:\/\/schema.org\",\"@graph\":[{\"@type\":\"WebPage\",\"@id\":\"https:\/\/fashionuniversum.com\/?product=lamu-noi-nadrag-3\",\"url\":\"https:\/\/fashionuniversum.com\/?product=lamu-noi-nadrag-3\",\"name\":\"Lamu N\u0151i Nadr\u00e1g - Fashion Universum\",\"isPartOf\":{\"@id\":\"https:\/\/fashionuniversum.com\/#website\"},\"primaryImageOfPage\":{\"@id\":\"https:\/\/fashionuniversum.com\/?product=lamu-noi-nadrag-3#primaryimage\"},\"image\":{\"@id\":\"https:\/\/fashionuniversum.com\/?product=lamu-noi-nadrag-3#primaryimage\"},\"thumbnailUrl\":\"https:\/\/fashionuniversum.com\/wp-content\/uploads\/2026\/01\/417374819_24762361710045827_2949824634355787231_n.jpg\",\"datePublished\":\"2026-01-22T14:10:05+00:00\",\"dateModified\":\"2026-01-22T14:10:07+00:00\",\"breadcrumb\":{\"@id\":\"https:\/\/fashionuniversum.com\/?product=lamu-noi-nadrag-3#breadcrumb\"},\"inLanguage\":\"hu\",\"potentialAction\":[{\"@type\":\"ReadAction\",\"target\":[\"https:\/\/fashionuniversum.com\/?product=lamu-noi-nadrag-3\"]}]},{\"@type\":\"ImageObject\",\"inLanguage\":\"hu\",\"@id\":\"https:\/\/fashionuniversum.com\/?product=lamu-noi-nadrag-3#primaryimage\",\"url\":\"https:\/\/fashionuniversum.com\/wp-content\/uploads\/2026\/01\/417374819_24762361710045827_2949824634355787231_n.jpg\",\"contentUrl\":\"https:\/\/fashionuniversum.com\/wp-content\/uploads\/2026\/01\/417374819_24762361710045827_2949824634355787231_n.jpg\",\"width\":882,\"height\":1438},{\"@type\":\"BreadcrumbList\",\"@id\":\"https:\/\/fashionuniversum.com\/?product=lamu-noi-nadrag-3#breadcrumb\",\"itemListElement\":[{\"@type\":\"ListItem\",\"position\":1,\"name\":\"Kezd\u0151lap\",\"item\":\"https:\/\/fashionuniversum.com\/\"},{\"@type\":\"ListItem\",\"position\":2,\"name\":\"Kezd\u0151lap\",\"item\":\"https:\/\/fashionuniversum.com\/\"},{\"@type\":\"ListItem\",\"position\":3,\"name\":\"Lamu N\u0151i Nadr\u00e1g\"}]},{\"@type\":\"WebSite\",\"@id\":\"https:\/\/fashionuniversum.com\/#website\",\"url\":\"https:\/\/fashionuniversum.com\/\",\"name\":\"Fashion Universum\",\"description\":\"\",\"publisher\":{\"@id\":\"https:\/\/fashionuniversum.com\/#organization\"},\"potentialAction\":[{\"@type\":\"SearchAction\",\"target\":{\"@type\":\"EntryPoint\",\"urlTemplate\":\"https:\/\/fashionuniversum.com\/?s={search_term_string}\"},\"query-input\":{\"@type\":\"PropertyValueSpecification\",\"valueRequired\":true,\"valueName\":\"search_term_string\"}}],\"inLanguage\":\"hu\"},{\"@type\":\"Organization\",\"@id\":\"https:\/\/fashionuniversum.com\/#organization\",\"name\":\"Fashion Universum\",\"url\":\"https:\/\/fashionuniversum.com\/\",\"logo\":{\"@type\":\"ImageObject\",\"inLanguage\":\"hu\",\"@id\":\"https:\/\/fashionuniversum.com\/#\/schema\/logo\/image\/\",\"url\":\"https:\/\/fashionuniversum.com\/wp-content\/uploads\/2026\/02\/cropped-cropped-imaaage.jpg\",\"contentUrl\":\"https:\/\/fashionuniversum.com\/wp-content\/uploads\/2026\/02\/cropped-cropped-imaaage.jpg\",\"width\":1389,\"height\":285,\"caption\":\"Fashion Universum\"},\"image\":{\"@id\":\"https:\/\/fashionuniversum.com\/#\/schema\/logo\/image\/\"}}]}<\/script>\n<!-- \/ Yoast SEO plugin. -->","yoast_head_json":{"title":"Lamu N\u0151i Nadr\u00e1g - Fashion Universum","robots":{"index":"index","follow":"follow","max-snippet":"max-snippet:-1","max-image-preview":"max-image-preview:large","max-video-preview":"max-video-preview:-1"},"canonical":"https:\/\/fashionuniversum.com\/?product=lamu-noi-nadrag-3","og_locale":"hu_HU","og_type":"article","og_title":"Lamu N\u0151i Nadr\u00e1g - Fashion Universum","og_description":"Lamu Lengyel N\u0151i Nadr\u00e1g L m\u00e9retben","og_url":"https:\/\/fashionuniversum.com\/?product=lamu-noi-nadrag-3","og_site_name":"Fashion Universum","article_modified_time":"2026-01-22T14:10:07+00:00","twitter_card":"summary_large_image","schema":{"@context":"https:\/\/schema.org","@graph":[{"@type":"WebPage","@id":"https:\/\/fashionuniversum.com\/?product=lamu-noi-nadrag-3","url":"https:\/\/fashionuniversum.com\/?product=lamu-noi-nadrag-3","name":"Lamu N\u0151i Nadr\u00e1g - Fashion Universum","isPartOf":{"@id":"https:\/\/fashionuniversum.com\/#website"},"primaryImageOfPage":{"@id":"https:\/\/fashionuniversum.com\/?product=lamu-noi-nadrag-3#primaryimage"},"image":{"@id":"https:\/\/fashionuniversum.com\/?product=lamu-noi-nadrag-3#primaryimage"},"thumbnailUrl":"https:\/\/fashionuniversum.com\/wp-content\/uploads\/2026\/01\/417374819_24762361710045827_2949824634355787231_n.jpg","datePublished":"2026-01-22T14:10:05+00:00","dateModified":"2026-01-22T14:10:07+00:00","breadcrumb":{"@id":"https:\/\/fashionuniversum.com\/?product=lamu-noi-nadrag-3#breadcrumb"},"inLanguage":"hu","potentialAction":[{"@type":"ReadAction","target":["https:\/\/fashionuniversum.com\/?product=lamu-noi-nadrag-3"]}]},{"@type":"ImageObject","inLanguage":"hu","@id":"https:\/\/fashionuniversum.com\/?product=lamu-noi-nadrag-3#primaryimage","url":"https:\/\/fashionuniversum.com\/wp-content\/uploads\/2026\/01\/417374819_24762361710045827_2949824634355787231_n.jpg","contentUrl":"https:\/\/fashionuniversum.com\/wp-content\/uploads\/2026\/01\/417374819_24762361710045827_2949824634355787231_n.jpg","width":882,"height":1438},{"@type":"BreadcrumbList","@id":"https:\/\/fashionuniversum.com\/?product=lamu-noi-nadrag-3#breadcrumb","itemListElement":[{"@type":"ListItem","position":1,"name":"Kezd\u0151lap","item":"https:\/\/fashionuniversum.com\/"},{"@type":"ListItem","position":2,"name":"Kezd\u0151lap","item":"https:\/\/fashionuniversum.com\/"},{"@type":"ListItem","position":3,"name":"Lamu N\u0151i Nadr\u00e1g"}]},{"@type":"WebSite","@id":"https:\/\/fashionuniversum.com\/#website","url":"https:\/\/fashionuniversum.com\/","name":"Fashion Universum","description":"","publisher":{"@id":"https:\/\/fashionuniversum.com\/#organization"},"potentialAction":[{"@type":"SearchAction","target":{"@type":"EntryPoint","urlTemplate":"https:\/\/fashionuniversum.com\/?s={search_term_string}"},"query-input":{"@type":"PropertyValueSpecification","valueRequired":true,"valueName":"search_term_string"}}],"inLanguage":"hu"},{"@type":"Organization","@id":"https:\/\/fashionuniversum.com\/#organization","name":"Fashion Universum","url":"https:\/\/fashionuniversum.com\/","logo":{"@type":"ImageObject","inLanguage":"hu","@id":"https:\/\/fashionuniversum.com\/#\/schema\/logo\/image\/","url":"https:\/\/fashionuniversum.com\/wp-content\/uploads\/2026\/02\/cropped-cropped-imaaage.jpg","contentUrl":"https:\/\/fashionuniversum.com\/wp-content\/uploads\/2026\/02\/cropped-cropped-imaaage.jpg","width":1389,"height":285,"caption":"Fashion Universum"},"image":{"@id":"https:\/\/fashionuniversum.com\/#\/schema\/logo\/image\/"}}]}},"_links":{"self":[{"href":"https:\/\/fashionuniversum.com\/index.php?rest_route=\/wp\/v2\/product\/1714","targetHints":{"allow":["GET"]}}],"collection":[{"href":"https:\/\/fashionuniversum.com\/index.php?rest_route=\/wp\/v2\/product"}],"about":[{"href":"https:\/\/fashionuniversum.com\/index.php?rest_route=\/wp\/v2\/types\/product"}],"wp:featuredmedia":[{"embeddable":true,"href":"https:\/\/fashionuniversum.com\/index.php?rest_route=\/wp\/v2\/media\/398"}],"wp:attachment":[{"href":"https:\/\/fashionuniversum.com\/index.php?rest_route=%2Fwp%2Fv2%2Fmedia&parent=1714"}],"wp:term":[{"taxonomy":"product_brand","embeddable":true,"href":"https:\/\/fashionuniversum.com\/index.php?rest_route=%2Fwp%2Fv2%2Fproduct_brand&post=1714"},{"taxonomy":"product_cat","embeddable":true,"href":"https:\/\/fashionuniversum.com\/index.php?rest_route=%2Fwp%2Fv2%2Fproduct_cat&post=1714"},{"taxonomy":"product_tag","embeddable":true,"href":"https:\/\/fashionuniversum.com\/index.php?rest_route=%2Fwp%2Fv2%2Fproduct_tag&post=1714"}],"curies":[{"name":"wp","href":"https:\/\/api.w.org\/{rel}","templated":true}]}}