{"id":1624,"date":"2026-01-22T14:09:58","date_gmt":"2026-01-22T14:09:58","guid":{"rendered":"https:\/\/fashionuniversum.com\/?post_type=product&#038;p=1624"},"modified":"2026-03-10T13:35:20","modified_gmt":"2026-03-10T13:35:20","slug":"laura-biaggi-patrizia-penztarca","status":"publish","type":"product","link":"https:\/\/fashionuniversum.com\/?product=laura-biaggi-patrizia-penztarca","title":{"rendered":"PATRIZIA p\u00e9nzt\u00e1rca"},"content":{"rendered":"<div class=\"AdPoic\" role=\"heading\" aria-level=\"3\" data-animation-nesting=\"\" data-sfc-cp=\"\" data-sfc-cb=\"\" data-complete=\"true\" data-processed=\"true\" data-sae=\"\"><strong class=\"Yjhzub\" data-sfc-cb=\"\" data-complete=\"true\" data-processed=\"true\">Vigyen luxust a mindennapjaiba ezzel a pr\u00e9mium Patrizia Made in Italy n\u0151i p\u00e9nzt\u00e1rc\u00e1val!<\/strong><\/div>\n<div class=\"Y3BBE\" data-sfc-cp=\"\" data-sfc-cb=\"\" data-hveid=\"CAEICxAA\" data-complete=\"true\" data-processed=\"true\">Ez a gy\u00f6ny\u00f6r\u0171, t\u00f3p\/drapp \u00e1rnyalat\u00fa kieg\u00e9sz\u00edt\u0151 a legmagasabb min\u0151s\u00e9g\u0171, val\u00f3di lakkozott b\u0151rb\u0151l k\u00e9sz\u00fclt. A t\u00e1ska fel\u00fclet\u00e9n fut\u00f3 finom tollpihe mint\u00e1zat \u00e9s a selymes f\u00e9ny\u0171 lakk bor\u00edt\u00e1s egyedi, \u00e9kszerszer\u0171 megjelen\u00e9st k\u00f6lcs\u00f6n\u00f6z neki. Nemcsak st\u00edlusos, de a be\u00e9p\u00edtett <strong class=\"Yjhzub\" data-sfc-cb=\"\" data-complete=\"true\" data-processed=\"true\">RFID blokkol\u00f3nak<\/strong> k\u00f6sz\u00f6nhet\u0151en biztons\u00e1gos is: megv\u00e9di bankk\u00e1rty\u00e1it az illet\u00e9ktelen digit\u00e1lis adathal\u00e1szatt\u00f3l.<\/div>\n<div class=\"Y3BBE\" data-sfc-cp=\"\" data-sfc-cb=\"\" data-hveid=\"CAEIDBAA\" data-complete=\"true\" data-processed=\"true\"><strong class=\"Yjhzub\" data-sfc-cb=\"\" data-complete=\"true\" data-processed=\"true\">Mi\u00e9rt ez a t\u00f6k\u00e9letes v\u00e1laszt\u00e1s?<\/strong><\/div>\n<ul class=\"KsbFXc U6u95\" data-sfc-cb=\"\" data-complete=\"true\" data-processed=\"true\">\n<li class=\"dF3vjf\" data-sfc-cb=\"\" data-hveid=\"CAEIDRAA\" data-complete=\"true\" data-sae=\"\"><span class=\"T286Pc\" data-sfc-cp=\"\" data-sfc-cb=\"\" data-complete=\"true\"><strong class=\"Yjhzub\" data-sfc-cb=\"\" data-complete=\"true\">Kiemelked\u0151 t\u00e1rol\u00f3kapacit\u00e1s:<\/strong> A harmonikaszer\u0171en ny\u00edl\u00f3 bels\u0151 r\u00e9szben rengeteg k\u00e1rtyahely, k\u00fcl\u00f6n irattart\u00f3 \u00e9s t\u00e1gas pap\u00edrp\u00e9nztart\u00f3 rekeszek tal\u00e1lhat\u00f3k.<\/span><\/li>\n<li class=\"dF3vjf\" data-sfc-cb=\"\" data-hveid=\"CAEIDRAB\" data-complete=\"true\" data-sae=\"\"><span class=\"T286Pc\" data-sfc-cp=\"\" data-sfc-cb=\"\" data-complete=\"true\"><strong class=\"Yjhzub\" data-sfc-cb=\"\" data-complete=\"true\">Min\u0151s\u00e9gi olasz diz\u00e1jn:<\/strong> Az ig\u00e9nyes kidolgoz\u00e1s \u00e9s az elej\u00e9n tal\u00e1lhat\u00f3 eleg\u00e1ns f\u00e9m m\u00e1rkajelz\u00e9s garant\u00e1lja a tart\u00f3ss\u00e1got.<\/span><\/li>\n<li class=\"dF3vjf\" data-sfc-cb=\"\" data-hveid=\"CAEIDRAC\" data-complete=\"true\" data-sae=\"\"><span class=\"T286Pc\" data-sfc-cp=\"\" data-sfc-cb=\"\" data-complete=\"true\"><strong class=\"Yjhzub\" data-sfc-cb=\"\" data-complete=\"true\">Praktikus elrendez\u00e9s:<\/strong> A dupla, cipz\u00e1ras apr\u00f3p\u00e9nztart\u00f3 \u00e9s a patentos z\u00e1r\u00f3d\u00e1s seg\u00edt, hogy minden \u00e9rt\u00e9ke rendszerezve \u00e9s biztons\u00e1gban legyen.<\/span><\/li>\n<\/ul>\n<div class=\"Fsg96\" data-sfc-cp=\"\" data-sfc-cb=\"\" data-complete=\"true\" data-processed=\"true\"><\/div>\n<div class=\"AdPoic\" role=\"heading\" aria-level=\"3\" data-animation-nesting=\"\" data-sfc-cp=\"\" data-sfc-cb=\"\" data-complete=\"true\" data-processed=\"true\" data-sae=\"\">Technikai adatok:<\/div>\n<ul class=\"KsbFXc U6u95\" data-sfc-cb=\"\" data-complete=\"true\" data-processed=\"true\">\n<li class=\"dF3vjf\" data-sfc-cb=\"\" data-hveid=\"CAEIDxAA\" data-complete=\"true\" data-sae=\"\"><span class=\"T286Pc\" data-sfc-cp=\"\" data-sfc-cb=\"\" data-complete=\"true\"><strong class=\"Yjhzub\" data-sfc-cb=\"\" data-complete=\"true\">M\u00e1rka:<\/strong> Patrizia (FF122 modell)<\/span><\/li>\n<li class=\"dF3vjf\" data-sfc-cb=\"\" data-hveid=\"CAEIDxAB\" data-complete=\"true\" data-sae=\"\"><span class=\"T286Pc\" data-sfc-cp=\"\" data-sfc-cb=\"\" data-complete=\"true\"><strong class=\"Yjhzub\" data-sfc-cb=\"\" data-complete=\"true\">Anyaga:<\/strong> Val\u00f3di lakkozott marhab\u0151r<\/span><\/li>\n<li class=\"dF3vjf\" data-sfc-cb=\"\" data-hveid=\"CAEIDxAC\" data-complete=\"true\" data-sae=\"\"><span class=\"T286Pc\" data-sfc-cp=\"\" data-sfc-cb=\"\" data-complete=\"true\"><strong class=\"Yjhzub\" data-sfc-cb=\"\" data-complete=\"true\">Sz\u00edn:<\/strong> T\u00f3p \/ Drapp (ez\u00fcst sz\u00edn\u0171 f\u00e9mkieg\u00e9sz\u00edt\u0151kkel)<\/span><\/li>\n<li class=\"dF3vjf\" data-sfc-cb=\"\" data-hveid=\"CAEIDxAD\" data-complete=\"true\" data-sae=\"\"><span class=\"T286Pc\" data-sfc-cp=\"\" data-sfc-cb=\"\" data-complete=\"true\"><strong class=\"Yjhzub\" data-sfc-cb=\"\" data-complete=\"true\">M\u00e9retek:<\/strong> kb. 19,5 cm (sz\u00e9less\u00e9g) x 10 cm (magass\u00e1g) x 3,5 cm (m\u00e9lys\u00e9g)<\/span><\/li>\n<li class=\"dF3vjf\" data-sfc-cb=\"\" data-hveid=\"CAEIDxAE\" data-complete=\"true\" data-sae=\"\"><span class=\"T286Pc\" data-sfc-cp=\"\" data-sfc-cb=\"\" data-complete=\"true\"><strong class=\"Yjhzub\" data-sfc-cb=\"\" data-complete=\"true\">Extr\u00e1k:<\/strong> RFID v\u00e9delem, 20+ k\u00e1rtyatart\u00f3 hely.<\/span><\/li>\n<\/ul>\n","protected":false},"excerpt":{"rendered":"<p>Vigyen luxust a mindennapjaiba ezzel a pr\u00e9mium Patrizia Made in Italy n\u0151i p\u00e9nzt\u00e1rc\u00e1val! Ez a gy\u00f6ny\u00f6r\u0171, t\u00f3p\/drapp \u00e1rnyalat\u00fa kieg\u00e9sz\u00edt\u0151 a legmagasabb min\u0151s\u00e9g\u0171, val\u00f3di lakkozott b\u0151rb\u0151l &hellip; <\/p>\n","protected":false},"featured_media":188,"template":"","meta":[],"product_brand":[86],"product_cat":[87,19,25,44],"product_tag":[],"class_list":{"0":"post-1624","1":"product","2":"type-product","3":"status-publish","4":"has-post-thumbnail","6":"product_brand-patrizia","7":"product_cat-patrizia","8":"product_cat-markak","9":"product_cat-noi-ruhazat-hu","10":"product_cat-kiegeszitok","12":"first","13":"instock","14":"shipping-taxable","15":"purchasable","16":"product-type-variable"},"yoast_head":"<!-- This site is optimized with the Yoast SEO plugin v26.7 - https:\/\/yoast.com\/wordpress\/plugins\/seo\/ -->\n<title>Patrizia n\u0151i b\u0151r p\u00e9nzt\u00e1rca \u2013 Toll mint\u00e1s lakk t\u00e1rca RFID v\u00e9delemmel<\/title>\n<meta name=\"description\" content=\"Eleg\u00e1ns Patrizia p\u00e9nzt\u00e1rca tollmint\u00e1s lakkb\u0151rb\u0151l. \ud83e\udd9a RFID v\u00e9delem, t\u00e1gas bels\u0151 (19,5x10 cm) \u00e9s sok k\u00e1rtyatart\u00f3. \u2728 Rendelje meg d\u00edszdobozban m\u00e9g ma! \ud83d\udc5b\" \/>\n<meta name=\"robots\" content=\"index, follow, max-snippet:-1, max-image-preview:large, max-video-preview:-1\" \/>\n<link rel=\"canonical\" href=\"https:\/\/fashionuniversum.com\/?product=laura-biaggi-patrizia-penztarca\" \/>\n<meta property=\"og:locale\" content=\"hu_HU\" \/>\n<meta property=\"og:type\" content=\"article\" \/>\n<meta property=\"og:title\" content=\"Patrizia n\u0151i b\u0151r p\u00e9nzt\u00e1rca \u2013 Toll mint\u00e1s lakk t\u00e1rca RFID v\u00e9delemmel\" \/>\n<meta property=\"og:description\" content=\"Eleg\u00e1ns Patrizia p\u00e9nzt\u00e1rca tollmint\u00e1s lakkb\u0151rb\u0151l. \ud83e\udd9a RFID v\u00e9delem, t\u00e1gas bels\u0151 (19,5x10 cm) \u00e9s sok k\u00e1rtyatart\u00f3. \u2728 Rendelje meg d\u00edszdobozban m\u00e9g ma! \ud83d\udc5b\" \/>\n<meta property=\"og:url\" content=\"https:\/\/fashionuniversum.com\/?product=laura-biaggi-patrizia-penztarca\" \/>\n<meta property=\"og:site_name\" content=\"Fashion Universum\" \/>\n<meta property=\"article:modified_time\" content=\"2026-03-10T13:35:20+00:00\" \/>\n<meta property=\"og:image\" content=\"https:\/\/fashionuniversum.com\/wp-content\/uploads\/2026\/01\/bezs-1.jpg\" \/>\n\t<meta property=\"og:image:width\" content=\"800\" \/>\n\t<meta property=\"og:image:height\" content=\"700\" \/>\n\t<meta property=\"og:image:type\" content=\"image\/jpeg\" \/>\n<meta name=\"twitter:card\" content=\"summary_large_image\" \/>\n<meta name=\"twitter:label1\" content=\"Becs\u00fclt olvas\u00e1si id\u0151\" \/>\n\t<meta name=\"twitter:data1\" content=\"2 perc\" \/>\n<script type=\"application\/ld+json\" class=\"yoast-schema-graph\">{\"@context\":\"https:\/\/schema.org\",\"@graph\":[{\"@type\":\"WebPage\",\"@id\":\"https:\/\/fashionuniversum.com\/?product=laura-biaggi-patrizia-penztarca\",\"url\":\"https:\/\/fashionuniversum.com\/?product=laura-biaggi-patrizia-penztarca\",\"name\":\"Patrizia n\u0151i b\u0151r p\u00e9nzt\u00e1rca \u2013 Toll mint\u00e1s lakk t\u00e1rca RFID v\u00e9delemmel\",\"isPartOf\":{\"@id\":\"https:\/\/fashionuniversum.com\/#website\"},\"primaryImageOfPage\":{\"@id\":\"https:\/\/fashionuniversum.com\/?product=laura-biaggi-patrizia-penztarca#primaryimage\"},\"image\":{\"@id\":\"https:\/\/fashionuniversum.com\/?product=laura-biaggi-patrizia-penztarca#primaryimage\"},\"thumbnailUrl\":\"https:\/\/fashionuniversum.com\/wp-content\/uploads\/2026\/01\/bezs-1.jpg\",\"datePublished\":\"2026-01-22T14:09:58+00:00\",\"dateModified\":\"2026-03-10T13:35:20+00:00\",\"description\":\"Eleg\u00e1ns Patrizia p\u00e9nzt\u00e1rca tollmint\u00e1s lakkb\u0151rb\u0151l. \ud83e\udd9a RFID v\u00e9delem, t\u00e1gas bels\u0151 (19,5x10 cm) \u00e9s sok k\u00e1rtyatart\u00f3. \u2728 Rendelje meg d\u00edszdobozban m\u00e9g ma! \ud83d\udc5b\",\"breadcrumb\":{\"@id\":\"https:\/\/fashionuniversum.com\/?product=laura-biaggi-patrizia-penztarca#breadcrumb\"},\"inLanguage\":\"hu\",\"potentialAction\":[{\"@type\":\"ReadAction\",\"target\":[\"https:\/\/fashionuniversum.com\/?product=laura-biaggi-patrizia-penztarca\"]}]},{\"@type\":\"ImageObject\",\"inLanguage\":\"hu\",\"@id\":\"https:\/\/fashionuniversum.com\/?product=laura-biaggi-patrizia-penztarca#primaryimage\",\"url\":\"https:\/\/fashionuniversum.com\/wp-content\/uploads\/2026\/01\/bezs-1.jpg\",\"contentUrl\":\"https:\/\/fashionuniversum.com\/wp-content\/uploads\/2026\/01\/bezs-1.jpg\",\"width\":800,\"height\":700,\"caption\":\"PATRIZIA p\u00e9nzt\u00e1rca\"},{\"@type\":\"BreadcrumbList\",\"@id\":\"https:\/\/fashionuniversum.com\/?product=laura-biaggi-patrizia-penztarca#breadcrumb\",\"itemListElement\":[{\"@type\":\"ListItem\",\"position\":1,\"name\":\"Kezd\u0151lap\",\"item\":\"https:\/\/fashionuniversum.com\/\"},{\"@type\":\"ListItem\",\"position\":2,\"name\":\"Kezd\u0151lap\",\"item\":\"https:\/\/fashionuniversum.com\/\"},{\"@type\":\"ListItem\",\"position\":3,\"name\":\"PATRIZIA p\u00e9nzt\u00e1rca\"}]},{\"@type\":\"WebSite\",\"@id\":\"https:\/\/fashionuniversum.com\/#website\",\"url\":\"https:\/\/fashionuniversum.com\/\",\"name\":\"Fashion Universum\",\"description\":\"\",\"publisher\":{\"@id\":\"https:\/\/fashionuniversum.com\/#organization\"},\"potentialAction\":[{\"@type\":\"SearchAction\",\"target\":{\"@type\":\"EntryPoint\",\"urlTemplate\":\"https:\/\/fashionuniversum.com\/?s={search_term_string}\"},\"query-input\":{\"@type\":\"PropertyValueSpecification\",\"valueRequired\":true,\"valueName\":\"search_term_string\"}}],\"inLanguage\":\"hu\"},{\"@type\":\"Organization\",\"@id\":\"https:\/\/fashionuniversum.com\/#organization\",\"name\":\"Fashion Universum\",\"url\":\"https:\/\/fashionuniversum.com\/\",\"logo\":{\"@type\":\"ImageObject\",\"inLanguage\":\"hu\",\"@id\":\"https:\/\/fashionuniversum.com\/#\/schema\/logo\/image\/\",\"url\":\"https:\/\/fashionuniversum.com\/wp-content\/uploads\/2026\/02\/cropped-cropped-imaaage.jpg\",\"contentUrl\":\"https:\/\/fashionuniversum.com\/wp-content\/uploads\/2026\/02\/cropped-cropped-imaaage.jpg\",\"width\":1389,\"height\":285,\"caption\":\"Fashion Universum\"},\"image\":{\"@id\":\"https:\/\/fashionuniversum.com\/#\/schema\/logo\/image\/\"}}]}<\/script>\n<!-- \/ Yoast SEO plugin. -->","yoast_head_json":{"title":"Patrizia n\u0151i b\u0151r p\u00e9nzt\u00e1rca \u2013 Toll mint\u00e1s lakk t\u00e1rca RFID v\u00e9delemmel","description":"Eleg\u00e1ns Patrizia p\u00e9nzt\u00e1rca tollmint\u00e1s lakkb\u0151rb\u0151l. \ud83e\udd9a RFID v\u00e9delem, t\u00e1gas bels\u0151 (19,5x10 cm) \u00e9s sok k\u00e1rtyatart\u00f3. \u2728 Rendelje meg d\u00edszdobozban m\u00e9g ma! \ud83d\udc5b","robots":{"index":"index","follow":"follow","max-snippet":"max-snippet:-1","max-image-preview":"max-image-preview:large","max-video-preview":"max-video-preview:-1"},"canonical":"https:\/\/fashionuniversum.com\/?product=laura-biaggi-patrizia-penztarca","og_locale":"hu_HU","og_type":"article","og_title":"Patrizia n\u0151i b\u0151r p\u00e9nzt\u00e1rca \u2013 Toll mint\u00e1s lakk t\u00e1rca RFID v\u00e9delemmel","og_description":"Eleg\u00e1ns Patrizia p\u00e9nzt\u00e1rca tollmint\u00e1s lakkb\u0151rb\u0151l. \ud83e\udd9a RFID v\u00e9delem, t\u00e1gas bels\u0151 (19,5x10 cm) \u00e9s sok k\u00e1rtyatart\u00f3. \u2728 Rendelje meg d\u00edszdobozban m\u00e9g ma! \ud83d\udc5b","og_url":"https:\/\/fashionuniversum.com\/?product=laura-biaggi-patrizia-penztarca","og_site_name":"Fashion Universum","article_modified_time":"2026-03-10T13:35:20+00:00","og_image":[{"width":800,"height":700,"url":"https:\/\/fashionuniversum.com\/wp-content\/uploads\/2026\/01\/bezs-1.jpg","type":"image\/jpeg"}],"twitter_card":"summary_large_image","twitter_misc":{"Becs\u00fclt olvas\u00e1si id\u0151":"2 perc"},"schema":{"@context":"https:\/\/schema.org","@graph":[{"@type":"WebPage","@id":"https:\/\/fashionuniversum.com\/?product=laura-biaggi-patrizia-penztarca","url":"https:\/\/fashionuniversum.com\/?product=laura-biaggi-patrizia-penztarca","name":"Patrizia n\u0151i b\u0151r p\u00e9nzt\u00e1rca \u2013 Toll mint\u00e1s lakk t\u00e1rca RFID v\u00e9delemmel","isPartOf":{"@id":"https:\/\/fashionuniversum.com\/#website"},"primaryImageOfPage":{"@id":"https:\/\/fashionuniversum.com\/?product=laura-biaggi-patrizia-penztarca#primaryimage"},"image":{"@id":"https:\/\/fashionuniversum.com\/?product=laura-biaggi-patrizia-penztarca#primaryimage"},"thumbnailUrl":"https:\/\/fashionuniversum.com\/wp-content\/uploads\/2026\/01\/bezs-1.jpg","datePublished":"2026-01-22T14:09:58+00:00","dateModified":"2026-03-10T13:35:20+00:00","description":"Eleg\u00e1ns Patrizia p\u00e9nzt\u00e1rca tollmint\u00e1s lakkb\u0151rb\u0151l. \ud83e\udd9a RFID v\u00e9delem, t\u00e1gas bels\u0151 (19,5x10 cm) \u00e9s sok k\u00e1rtyatart\u00f3. \u2728 Rendelje meg d\u00edszdobozban m\u00e9g ma! \ud83d\udc5b","breadcrumb":{"@id":"https:\/\/fashionuniversum.com\/?product=laura-biaggi-patrizia-penztarca#breadcrumb"},"inLanguage":"hu","potentialAction":[{"@type":"ReadAction","target":["https:\/\/fashionuniversum.com\/?product=laura-biaggi-patrizia-penztarca"]}]},{"@type":"ImageObject","inLanguage":"hu","@id":"https:\/\/fashionuniversum.com\/?product=laura-biaggi-patrizia-penztarca#primaryimage","url":"https:\/\/fashionuniversum.com\/wp-content\/uploads\/2026\/01\/bezs-1.jpg","contentUrl":"https:\/\/fashionuniversum.com\/wp-content\/uploads\/2026\/01\/bezs-1.jpg","width":800,"height":700,"caption":"PATRIZIA p\u00e9nzt\u00e1rca"},{"@type":"BreadcrumbList","@id":"https:\/\/fashionuniversum.com\/?product=laura-biaggi-patrizia-penztarca#breadcrumb","itemListElement":[{"@type":"ListItem","position":1,"name":"Kezd\u0151lap","item":"https:\/\/fashionuniversum.com\/"},{"@type":"ListItem","position":2,"name":"Kezd\u0151lap","item":"https:\/\/fashionuniversum.com\/"},{"@type":"ListItem","position":3,"name":"PATRIZIA p\u00e9nzt\u00e1rca"}]},{"@type":"WebSite","@id":"https:\/\/fashionuniversum.com\/#website","url":"https:\/\/fashionuniversum.com\/","name":"Fashion Universum","description":"","publisher":{"@id":"https:\/\/fashionuniversum.com\/#organization"},"potentialAction":[{"@type":"SearchAction","target":{"@type":"EntryPoint","urlTemplate":"https:\/\/fashionuniversum.com\/?s={search_term_string}"},"query-input":{"@type":"PropertyValueSpecification","valueRequired":true,"valueName":"search_term_string"}}],"inLanguage":"hu"},{"@type":"Organization","@id":"https:\/\/fashionuniversum.com\/#organization","name":"Fashion Universum","url":"https:\/\/fashionuniversum.com\/","logo":{"@type":"ImageObject","inLanguage":"hu","@id":"https:\/\/fashionuniversum.com\/#\/schema\/logo\/image\/","url":"https:\/\/fashionuniversum.com\/wp-content\/uploads\/2026\/02\/cropped-cropped-imaaage.jpg","contentUrl":"https:\/\/fashionuniversum.com\/wp-content\/uploads\/2026\/02\/cropped-cropped-imaaage.jpg","width":1389,"height":285,"caption":"Fashion Universum"},"image":{"@id":"https:\/\/fashionuniversum.com\/#\/schema\/logo\/image\/"}}]}},"_links":{"self":[{"href":"https:\/\/fashionuniversum.com\/index.php?rest_route=\/wp\/v2\/product\/1624","targetHints":{"allow":["GET"]}}],"collection":[{"href":"https:\/\/fashionuniversum.com\/index.php?rest_route=\/wp\/v2\/product"}],"about":[{"href":"https:\/\/fashionuniversum.com\/index.php?rest_route=\/wp\/v2\/types\/product"}],"wp:featuredmedia":[{"embeddable":true,"href":"https:\/\/fashionuniversum.com\/index.php?rest_route=\/wp\/v2\/media\/188"}],"wp:attachment":[{"href":"https:\/\/fashionuniversum.com\/index.php?rest_route=%2Fwp%2Fv2%2Fmedia&parent=1624"}],"wp:term":[{"taxonomy":"product_brand","embeddable":true,"href":"https:\/\/fashionuniversum.com\/index.php?rest_route=%2Fwp%2Fv2%2Fproduct_brand&post=1624"},{"taxonomy":"product_cat","embeddable":true,"href":"https:\/\/fashionuniversum.com\/index.php?rest_route=%2Fwp%2Fv2%2Fproduct_cat&post=1624"},{"taxonomy":"product_tag","embeddable":true,"href":"https:\/\/fashionuniversum.com\/index.php?rest_route=%2Fwp%2Fv2%2Fproduct_tag&post=1624"}],"curies":[{"name":"wp","href":"https:\/\/api.w.org\/{rel}","templated":true}]}}